{"id":2545,"date":"2025-02-27T08:36:34","date_gmt":"2025-02-27T08:36:34","guid":{"rendered":"https:\/\/kem-europe.eu\/?post_type=product&#038;p=2545"},"modified":"2025-03-05T09:51:15","modified_gmt":"2025-03-05T09:51:15","slug":"bycon-pcd-diamanttopfscheibe-250mm-20-segmente","status":"publish","type":"product","link":"https:\/\/kem-europe.eu\/de\/product\/bycon-pkd-diamant-komschijf-250mm-20-segmenten\/","title":{"rendered":"Bycon PKD Diamant Sch\u00fcssel Scheibe 250mm 20 Segmente"},"content":{"rendered":"<p><strong>Eigenschaften Bycon PKD Diamond Bowl Disc 250mm 20 Segmente<\/strong><\/p>\n<ul>\n<li>Effizient - dank 20 Schleifsegmenten<\/li>\n<li>Einfache Montage - intuitive Befestigung am Aufroller<\/li>\n<li>Flexibel - zum Entfernen von dicken Beschichtungen, Farbschichten und Kleb- und Dichtstoffen wie Epoxid, Polyurethan oder Acryl<\/li>\n<li>Langlebig - dank eines Geh\u00e4uses aus robustem Stahl und diamantbeschichteten Segmenten<\/li>\n<li>Professionell - die Anordnung der Diamantsegmente erm\u00f6glicht ein einfaches Entfernen von Schleifr\u00fcckst\u00e4nden und Splittern<\/li>\n<li>Wird oft in Kombination mit dem\u00a0<strong>BYCON DFG-250E Bodenschleifmaschine 250mm<\/strong><\/li>\n<\/ul>\n<p><strong>Technische Daten<\/strong><\/p>\n<div class=\"table--row\">\n<ul>\n<li class=\"table--cell\">Grutten - PCD (polykristalliner Diamant)<\/li>\n<li class=\"table--cell\">Durchmesser - 250 mm<\/li>\n<li class=\"table--cell\">Material - Stahl, Diamant<\/li>\n<li class=\"table--cell\">Segmente\n<ul>\n<li class=\"table--cell\">15x 1\/4 PKD<\/li>\n<li>5x 40 x 10 mm<\/li>\n<\/ul>\n<\/li>\n<li class=\"table--cell\">Anzahl der Segmente - 20<\/li>\n<li class=\"table--cell\">Abmessungen (LxBxH) - 25 x 25 x 1,5 cm<\/li>\n<li class=\"table--cell\">Gewicht - 3,5 kg<\/li>\n<li class=\"table--cell\">Abmessungen der Verpackung (LxBxH) - 29 x 29 x 3,5 cm<\/li>\n<li class=\"table--cell\">Versandgewicht - 3,75 kg<\/li>\n<\/ul>\n<p><strong>Umfang der Lieferung<\/strong><\/p>\n<ul>\n<li>Bycon PKD Diamant-Sch\u00fcsselscheibe 250mm 20 Segmente - 250x20x1\/4PCD<\/li>\n<\/ul>\n<\/div>","protected":false},"excerpt":{"rendered":"<p>Kenmerken Bycon PKD Diamant Komschijf 250mm 20 segmenten Effici\u00ebnt \u2013 dankzij 20 slijpsegmenten Eenvoudige montage \u2013 intu\u00eftieve bevestiging aan de molen Flexibel \u2013 voor het verwijderen van dikke coatings, verflagen en lijmen en kitten zoals epoxy, polyurethaan of acryl Duurzaam \u2013 dankzij een behuizing van robuust staal en diamant gecoate segmenten Professioneel \u2013 door de [&hellip;]<\/p>\n","protected":false},"featured_media":2547,"comment_status":"closed","ping_status":"closed","template":"","meta":[],"product_brand":[627],"product_cat":[275,20],"product_tag":[],"class_list":{"0":"post-2545","1":"product","2":"type-product","3":"status-publish","4":"has-post-thumbnail","6":"product_brand-bycon","7":"product_cat-diamant-komschijf","8":"product_cat-verbruiksartikelen-diamant","10":"first","11":"instock","12":"shipping-taxable","13":"product-type-simple"},"ct_brands":[{"id":627,"name":"BYCON","slug":"bycon"}],"yoast_head":"<!-- This site is optimized with the Yoast SEO plugin v27.3 - https:\/\/yoast.com\/product\/yoast-seo-wordpress\/ -->\n<title>Bycon PKD Diamant Komschijf 250mm 20 segmenten - KEM Europe<\/title>\n<meta name=\"robots\" content=\"index, follow, max-snippet:-1, max-image-preview:large, max-video-preview:-1\" \/>\n<link rel=\"canonical\" href=\"https:\/\/kem-europe.eu\/de\/produkt\/bycon-pcd-diamanttopfscheibe-250mm-20-segmente\/\" \/>\n<meta property=\"og:locale\" content=\"de_DE\" \/>\n<meta property=\"og:type\" content=\"article\" \/>\n<meta property=\"og:title\" content=\"Bycon PKD Diamant Komschijf 250mm 20 segmenten - KEM Europe\" \/>\n<meta property=\"og:description\" content=\"Kenmerken Bycon PKD Diamant Komschijf 250mm 20 segmenten Effici\u00ebnt \u2013 dankzij 20 slijpsegmenten Eenvoudige montage \u2013 intu\u00eftieve bevestiging aan de molen Flexibel \u2013 voor het verwijderen van dikke coatings, verflagen en lijmen en kitten zoals epoxy, polyurethaan of acryl Duurzaam \u2013 dankzij een behuizing van robuust staal en diamant gecoate segmenten Professioneel \u2013 door de [&hellip;]\" \/>\n<meta property=\"og:url\" content=\"https:\/\/kem-europe.eu\/de\/produkt\/bycon-pcd-diamanttopfscheibe-250mm-20-segmente\/\" \/>\n<meta property=\"og:site_name\" content=\"KEM Europe\" \/>\n<meta property=\"article:modified_time\" content=\"2025-03-05T09:51:15+00:00\" \/>\n<meta property=\"og:image\" content=\"https:\/\/kem-europe.eu\/wp-content\/uploads\/2025\/02\/PKD-blad.webp\" \/>\n\t<meta property=\"og:image:width\" content=\"700\" \/>\n\t<meta property=\"og:image:height\" content=\"700\" \/>\n\t<meta property=\"og:image:type\" content=\"image\/webp\" \/>\n<meta name=\"twitter:card\" content=\"summary_large_image\" \/>\n<meta name=\"twitter:label1\" content=\"Gesch\u00e4tzte Lesezeit\" \/>\n\t<meta name=\"twitter:data1\" content=\"1\u00a0Minute\" \/>\n<script type=\"application\/ld+json\" class=\"yoast-schema-graph\">{\"@context\":\"https:\\\/\\\/schema.org\",\"@graph\":[{\"@type\":\"WebPage\",\"@id\":\"https:\\\/\\\/kem-europe.eu\\\/product\\\/bycon-pkd-diamant-komschijf-250mm-20-segmenten\\\/\",\"url\":\"https:\\\/\\\/kem-europe.eu\\\/product\\\/bycon-pkd-diamant-komschijf-250mm-20-segmenten\\\/\",\"name\":\"Bycon PKD Diamant Komschijf 250mm 20 segmenten - KEM Europe\",\"isPartOf\":{\"@id\":\"https:\\\/\\\/kem-europe.eu\\\/#website\"},\"primaryImageOfPage\":{\"@id\":\"https:\\\/\\\/kem-europe.eu\\\/product\\\/bycon-pkd-diamant-komschijf-250mm-20-segmenten\\\/#primaryimage\"},\"image\":{\"@id\":\"https:\\\/\\\/kem-europe.eu\\\/product\\\/bycon-pkd-diamant-komschijf-250mm-20-segmenten\\\/#primaryimage\"},\"thumbnailUrl\":\"https:\\\/\\\/kem-europe.eu\\\/wp-content\\\/uploads\\\/2025\\\/02\\\/PKD-blad.webp\",\"datePublished\":\"2025-02-27T08:36:34+00:00\",\"dateModified\":\"2025-03-05T09:51:15+00:00\",\"breadcrumb\":{\"@id\":\"https:\\\/\\\/kem-europe.eu\\\/product\\\/bycon-pkd-diamant-komschijf-250mm-20-segmenten\\\/#breadcrumb\"},\"inLanguage\":\"de\",\"potentialAction\":[{\"@type\":\"ReadAction\",\"target\":[\"https:\\\/\\\/kem-europe.eu\\\/product\\\/bycon-pkd-diamant-komschijf-250mm-20-segmenten\\\/\"]}]},{\"@type\":\"ImageObject\",\"inLanguage\":\"de\",\"@id\":\"https:\\\/\\\/kem-europe.eu\\\/product\\\/bycon-pkd-diamant-komschijf-250mm-20-segmenten\\\/#primaryimage\",\"url\":\"https:\\\/\\\/kem-europe.eu\\\/wp-content\\\/uploads\\\/2025\\\/02\\\/PKD-blad.webp\",\"contentUrl\":\"https:\\\/\\\/kem-europe.eu\\\/wp-content\\\/uploads\\\/2025\\\/02\\\/PKD-blad.webp\",\"width\":700,\"height\":700},{\"@type\":\"BreadcrumbList\",\"@id\":\"https:\\\/\\\/kem-europe.eu\\\/product\\\/bycon-pkd-diamant-komschijf-250mm-20-segmenten\\\/#breadcrumb\",\"itemListElement\":[{\"@type\":\"ListItem\",\"position\":1,\"name\":\"Home\",\"item\":\"https:\\\/\\\/kem-europe.eu\\\/\"},{\"@type\":\"ListItem\",\"position\":2,\"name\":\"Winkel\",\"item\":\"https:\\\/\\\/kem-europe.eu\\\/winkel\\\/\"},{\"@type\":\"ListItem\",\"position\":3,\"name\":\"Bycon PKD Diamant Komschijf 250mm 20 segmenten\"}]},{\"@type\":\"WebSite\",\"@id\":\"https:\\\/\\\/kem-europe.eu\\\/#website\",\"url\":\"https:\\\/\\\/kem-europe.eu\\\/\",\"name\":\"KEM Europe\",\"description\":\"\",\"publisher\":{\"@id\":\"https:\\\/\\\/kem-europe.eu\\\/#organization\"},\"potentialAction\":[{\"@type\":\"SearchAction\",\"target\":{\"@type\":\"EntryPoint\",\"urlTemplate\":\"https:\\\/\\\/kem-europe.eu\\\/?s={search_term_string}\"},\"query-input\":{\"@type\":\"PropertyValueSpecification\",\"valueRequired\":true,\"valueName\":\"search_term_string\"}}],\"inLanguage\":\"de\"},{\"@type\":\"Organization\",\"@id\":\"https:\\\/\\\/kem-europe.eu\\\/#organization\",\"name\":\"KEM Europe\",\"url\":\"https:\\\/\\\/kem-europe.eu\\\/\",\"logo\":{\"@type\":\"ImageObject\",\"inLanguage\":\"de\",\"@id\":\"https:\\\/\\\/kem-europe.eu\\\/#\\\/schema\\\/logo\\\/image\\\/\",\"url\":\"https:\\\/\\\/kem-europe.eu\\\/wp-content\\\/uploads\\\/2025\\\/02\\\/KEM2019-BLACK-1500W.png\",\"contentUrl\":\"https:\\\/\\\/kem-europe.eu\\\/wp-content\\\/uploads\\\/2025\\\/02\\\/KEM2019-BLACK-1500W.png\",\"width\":1500,\"height\":626,\"caption\":\"KEM Europe\"},\"image\":{\"@id\":\"https:\\\/\\\/kem-europe.eu\\\/#\\\/schema\\\/logo\\\/image\\\/\"}}]}<\/script>\n<!-- \/ Yoast SEO plugin. -->","yoast_head_json":{"title":"Bycon PKD Diamantsch\u00fcsselscheibe 250mm 20 Segmente - KEM Europe","robots":{"index":"index","follow":"follow","max-snippet":"max-snippet:-1","max-image-preview":"max-image-preview:large","max-video-preview":"max-video-preview:-1"},"canonical":"https:\/\/kem-europe.eu\/de\/produkt\/bycon-pcd-diamanttopfscheibe-250mm-20-segmente\/","og_locale":"de_DE","og_type":"article","og_title":"Bycon PKD Diamant Komschijf 250mm 20 segmenten - KEM Europe","og_description":"Kenmerken Bycon PKD Diamant Komschijf 250mm 20 segmenten Effici\u00ebnt \u2013 dankzij 20 slijpsegmenten Eenvoudige montage \u2013 intu\u00eftieve bevestiging aan de molen Flexibel \u2013 voor het verwijderen van dikke coatings, verflagen en lijmen en kitten zoals epoxy, polyurethaan of acryl Duurzaam \u2013 dankzij een behuizing van robuust staal en diamant gecoate segmenten Professioneel \u2013 door de [&hellip;]","og_url":"https:\/\/kem-europe.eu\/de\/produkt\/bycon-pcd-diamanttopfscheibe-250mm-20-segmente\/","og_site_name":"KEM Europe","article_modified_time":"2025-03-05T09:51:15+00:00","og_image":[{"width":700,"height":700,"url":"https:\/\/kem-europe.eu\/wp-content\/uploads\/2025\/02\/PKD-blad.webp","type":"image\/webp"}],"twitter_card":"summary_large_image","twitter_misc":{"Gesch\u00e4tzte Lesezeit":"1\u00a0Minute"},"schema":{"@context":"https:\/\/schema.org","@graph":[{"@type":"WebPage","@id":"https:\/\/kem-europe.eu\/product\/bycon-pkd-diamant-komschijf-250mm-20-segmenten\/","url":"https:\/\/kem-europe.eu\/product\/bycon-pkd-diamant-komschijf-250mm-20-segmenten\/","name":"Bycon PKD Diamantsch\u00fcsselscheibe 250mm 20 Segmente - KEM Europe","isPartOf":{"@id":"https:\/\/kem-europe.eu\/#website"},"primaryImageOfPage":{"@id":"https:\/\/kem-europe.eu\/product\/bycon-pkd-diamant-komschijf-250mm-20-segmenten\/#primaryimage"},"image":{"@id":"https:\/\/kem-europe.eu\/product\/bycon-pkd-diamant-komschijf-250mm-20-segmenten\/#primaryimage"},"thumbnailUrl":"https:\/\/kem-europe.eu\/wp-content\/uploads\/2025\/02\/PKD-blad.webp","datePublished":"2025-02-27T08:36:34+00:00","dateModified":"2025-03-05T09:51:15+00:00","breadcrumb":{"@id":"https:\/\/kem-europe.eu\/product\/bycon-pkd-diamant-komschijf-250mm-20-segmenten\/#breadcrumb"},"inLanguage":"de","potentialAction":[{"@type":"ReadAction","target":["https:\/\/kem-europe.eu\/product\/bycon-pkd-diamant-komschijf-250mm-20-segmenten\/"]}]},{"@type":"ImageObject","inLanguage":"de","@id":"https:\/\/kem-europe.eu\/product\/bycon-pkd-diamant-komschijf-250mm-20-segmenten\/#primaryimage","url":"https:\/\/kem-europe.eu\/wp-content\/uploads\/2025\/02\/PKD-blad.webp","contentUrl":"https:\/\/kem-europe.eu\/wp-content\/uploads\/2025\/02\/PKD-blad.webp","width":700,"height":700},{"@type":"BreadcrumbList","@id":"https:\/\/kem-europe.eu\/product\/bycon-pkd-diamant-komschijf-250mm-20-segmenten\/#breadcrumb","itemListElement":[{"@type":"ListItem","position":1,"name":"Home","item":"https:\/\/kem-europe.eu\/"},{"@type":"ListItem","position":2,"name":"Winkel","item":"https:\/\/kem-europe.eu\/winkel\/"},{"@type":"ListItem","position":3,"name":"Bycon PKD Diamant Komschijf 250mm 20 segmenten"}]},{"@type":"WebSite","@id":"https:\/\/kem-europe.eu\/#website","url":"https:\/\/kem-europe.eu\/","name":"KEM Europe","description":"","publisher":{"@id":"https:\/\/kem-europe.eu\/#organization"},"potentialAction":[{"@type":"SearchAction","target":{"@type":"EntryPoint","urlTemplate":"https:\/\/kem-europe.eu\/?s={search_term_string}"},"query-input":{"@type":"PropertyValueSpecification","valueRequired":true,"valueName":"search_term_string"}}],"inLanguage":"de"},{"@type":"Organization","@id":"https:\/\/kem-europe.eu\/#organization","name":"KEM Europe","url":"https:\/\/kem-europe.eu\/","logo":{"@type":"ImageObject","inLanguage":"de","@id":"https:\/\/kem-europe.eu\/#\/schema\/logo\/image\/","url":"https:\/\/kem-europe.eu\/wp-content\/uploads\/2025\/02\/KEM2019-BLACK-1500W.png","contentUrl":"https:\/\/kem-europe.eu\/wp-content\/uploads\/2025\/02\/KEM2019-BLACK-1500W.png","width":1500,"height":626,"caption":"KEM Europe"},"image":{"@id":"https:\/\/kem-europe.eu\/#\/schema\/logo\/image\/"}}]}},"_links":{"self":[{"href":"https:\/\/kem-europe.eu\/de\/wp-json\/wp\/v2\/product\/2545","targetHints":{"allow":["GET"]}}],"collection":[{"href":"https:\/\/kem-europe.eu\/de\/wp-json\/wp\/v2\/product"}],"about":[{"href":"https:\/\/kem-europe.eu\/de\/wp-json\/wp\/v2\/types\/product"}],"replies":[{"embeddable":true,"href":"https:\/\/kem-europe.eu\/de\/wp-json\/wp\/v2\/comments?post=2545"}],"wp:featuredmedia":[{"embeddable":true,"href":"https:\/\/kem-europe.eu\/de\/wp-json\/wp\/v2\/media\/2547"}],"wp:attachment":[{"href":"https:\/\/kem-europe.eu\/de\/wp-json\/wp\/v2\/media?parent=2545"}],"wp:term":[{"taxonomy":"product_brand","embeddable":true,"href":"https:\/\/kem-europe.eu\/de\/wp-json\/wp\/v2\/product_brand?post=2545"},{"taxonomy":"product_cat","embeddable":true,"href":"https:\/\/kem-europe.eu\/de\/wp-json\/wp\/v2\/product_cat?post=2545"},{"taxonomy":"product_tag","embeddable":true,"href":"https:\/\/kem-europe.eu\/de\/wp-json\/wp\/v2\/product_tag?post=2545"}],"curies":[{"name":"wp","href":"https:\/\/api.w.org\/{rel}","templated":true}]}}