{"id":2550,"date":"2025-02-27T08:36:46","date_gmt":"2025-02-27T08:36:46","guid":{"rendered":"https:\/\/kem-europe.eu\/?post_type=product&#038;p=2550"},"modified":"2025-03-05T09:51:01","modified_gmt":"2025-03-05T09:51:01","slug":"bycon-diamanttopfscheibe-250mm-k30-20-segmente-mittlere-bindung","status":"publish","type":"product","link":"https:\/\/kem-europe.eu\/de\/product\/bycon-diamant-komschijf-250mm-k30-20-segmenten-medium-binding\/","title":{"rendered":"Bycon Diamond Bowl Disc 250mm K30 - 20 Segmente - Mittlere Bindung"},"content":{"rendered":"<p><strong>Eigenschaften Bycon Diamond Bowl Disc 250mm K30 - 20 Segmente - Medium Bindung<br \/>\n<\/strong><\/p>\n<p>Die BYCON Diamond Bowl Disc von 250mm und einer K30# gilt als mittelstark gebundene Scheibe. Nach unserer Erfahrung ist die BYCON Diamantschleifscheibe mit mittlerer Bindung und K\u00f6rnung 30\u00a0<strong>die meisten Schleifarbeiten an<\/strong>.<\/p>\n<ul>\n<li>Effizient - dank 20 Schleifsegmenten von 10 x 10 x 40 mm<\/li>\n<li>Einfache Montage - intuitive Befestigung am Aufroller<\/li>\n<li>Flexibel - mit einer K\u00f6rnung von 30 f\u00fcr die meisten Betonsorten geeignet<\/li>\n<li>Langlebig - dank eines Geh\u00e4uses aus robustem Stahl und diamantbeschichteten Segmenten<\/li>\n<li>Professionell - die Anordnung der Diamantsegmente erm\u00f6glicht eine einfache Entfernung von Splittern und Staub<\/li>\n<li>Wird oft in Kombination mit dem\u00a0<strong>BYCON DFG-250E Bodenschleifmaschine 250mm<\/strong><\/li>\n<\/ul>\n<p><em>Sie wollen eine grobe K\u00f6rnung f\u00fcr einen schnellen und aggressiven Materialabtrag?<\/em>\u00a0Dann w\u00e4hlen Sie die BYCON Diamant-Sch\u00fcsselscheibe mit der K\u00f6rnung 20\/25#<\/p>\n<p><strong>Technische Daten<\/strong><\/p>\n<div class=\"table--row\">\n<ul>\n<li class=\"table--cell\">Grutten - 30<\/li>\n<li class=\"table--cell\">Segmentgr\u00f6\u00dfe - 10 x 10 x 40 mm<\/li>\n<li class=\"table--cell\">Durchmesser - 250 mm<\/li>\n<li class=\"table--cell\">Material - Stahl, Diamant<\/li>\n<li class=\"table--cell\">Anzahl der Segmente - 20<\/li>\n<li>K\u00f6rnung - Mittlere K\u00f6rnung #30<\/li>\n<li class=\"table--cell\">Abmessungen (LxBxH) - 250 x 250 x 20 cm<\/li>\n<li class=\"table--cell\">Gewicht - 2,95 kg<\/li>\n<li class=\"table--cell\">Abmessungen der Verpackung (LxBxH) - 290 x 290 x 35 mm<\/li>\n<li class=\"table--cell\">Versandgewicht - 3,3 kg<\/li>\n<\/ul>\n<p><strong>Umfang der Lieferung<\/strong><\/p>\n<ul>\n<li>Bycon Diamond Bowl Disc 250mm K30 - 20 Segmente - Mittlere Bindung<\/li>\n<\/ul>\n<\/div>","protected":false},"excerpt":{"rendered":"<p>Kenmerken Bycon Diamant Komschijf 250mm K30 \u2013 20 segmenten \u2013 Medium binding De BYCON Diamant Komschijf van 250mm en een K30# wordt beschouwd als een schijf met een medium korrel. Naar onze ervaring kan de BYCON diamantschuurschijf met medium binding en Korrel 30\u00a0het meeste slijpwerk aan. Effici\u00ebnt \u2013 dankzij 20 slijpsegmenten met een afmeting van [&hellip;]<\/p>\n","protected":false},"featured_media":2556,"comment_status":"closed","ping_status":"closed","template":"","meta":[],"product_brand":[627],"product_cat":[275,20],"product_tag":[],"class_list":{"0":"post-2550","1":"product","2":"type-product","3":"status-publish","4":"has-post-thumbnail","6":"product_brand-bycon","7":"product_cat-diamant-komschijf","8":"product_cat-verbruiksartikelen-diamant","10":"first","11":"instock","12":"shipping-taxable","13":"product-type-simple"},"ct_brands":[{"id":627,"name":"BYCON","slug":"bycon"}],"yoast_head":"<!-- This site is optimized with the Yoast SEO plugin v27.3 - https:\/\/yoast.com\/product\/yoast-seo-wordpress\/ -->\n<title>Bycon Diamant Komschijf 250mm K30 \u2013 20 segmenten \u2013 Medium binding - KEM Europe<\/title>\n<meta name=\"robots\" content=\"index, follow, max-snippet:-1, max-image-preview:large, max-video-preview:-1\" \/>\n<link rel=\"canonical\" href=\"https:\/\/kem-europe.eu\/de\/produkt\/bycon-diamanttopfscheibe-250mm-k30-20-segmente-mittlere-bindung\/\" \/>\n<meta property=\"og:locale\" content=\"de_DE\" \/>\n<meta property=\"og:type\" content=\"article\" \/>\n<meta property=\"og:title\" content=\"Bycon Diamant Komschijf 250mm K30 \u2013 20 segmenten \u2013 Medium binding - KEM Europe\" \/>\n<meta property=\"og:description\" content=\"Kenmerken Bycon Diamant Komschijf 250mm K30 \u2013 20 segmenten \u2013 Medium binding De BYCON Diamant Komschijf van 250mm en een K30# wordt beschouwd als een schijf met een medium korrel. Naar onze ervaring kan de BYCON diamantschuurschijf met medium binding en Korrel 30\u00a0het meeste slijpwerk aan. Effici\u00ebnt \u2013 dankzij 20 slijpsegmenten met een afmeting van [&hellip;]\" \/>\n<meta property=\"og:url\" content=\"https:\/\/kem-europe.eu\/de\/produkt\/bycon-diamanttopfscheibe-250mm-k30-20-segmente-mittlere-bindung\/\" \/>\n<meta property=\"og:site_name\" content=\"KEM Europe\" \/>\n<meta property=\"article:modified_time\" content=\"2025-03-05T09:51:01+00:00\" \/>\n<meta property=\"og:image\" content=\"https:\/\/kem-europe.eu\/wp-content\/uploads\/2025\/02\/BYCON-Diamantschijf-250mm-3-2.webp\" \/>\n\t<meta property=\"og:image:width\" content=\"700\" \/>\n\t<meta property=\"og:image:height\" content=\"700\" \/>\n\t<meta property=\"og:image:type\" content=\"image\/webp\" \/>\n<meta name=\"twitter:card\" content=\"summary_large_image\" \/>\n<meta name=\"twitter:label1\" content=\"Gesch\u00e4tzte Lesezeit\" \/>\n\t<meta name=\"twitter:data1\" content=\"2\u00a0Minuten\" \/>\n<script type=\"application\/ld+json\" class=\"yoast-schema-graph\">{\"@context\":\"https:\\\/\\\/schema.org\",\"@graph\":[{\"@type\":\"WebPage\",\"@id\":\"https:\\\/\\\/kem-europe.eu\\\/product\\\/bycon-diamant-komschijf-250mm-k30-20-segmenten-medium-binding\\\/\",\"url\":\"https:\\\/\\\/kem-europe.eu\\\/product\\\/bycon-diamant-komschijf-250mm-k30-20-segmenten-medium-binding\\\/\",\"name\":\"Bycon Diamant Komschijf 250mm K30 \u2013 20 segmenten \u2013 Medium binding - KEM Europe\",\"isPartOf\":{\"@id\":\"https:\\\/\\\/kem-europe.eu\\\/#website\"},\"primaryImageOfPage\":{\"@id\":\"https:\\\/\\\/kem-europe.eu\\\/product\\\/bycon-diamant-komschijf-250mm-k30-20-segmenten-medium-binding\\\/#primaryimage\"},\"image\":{\"@id\":\"https:\\\/\\\/kem-europe.eu\\\/product\\\/bycon-diamant-komschijf-250mm-k30-20-segmenten-medium-binding\\\/#primaryimage\"},\"thumbnailUrl\":\"https:\\\/\\\/kem-europe.eu\\\/wp-content\\\/uploads\\\/2025\\\/02\\\/BYCON-Diamantschijf-250mm-3-2.webp\",\"datePublished\":\"2025-02-27T08:36:46+00:00\",\"dateModified\":\"2025-03-05T09:51:01+00:00\",\"breadcrumb\":{\"@id\":\"https:\\\/\\\/kem-europe.eu\\\/product\\\/bycon-diamant-komschijf-250mm-k30-20-segmenten-medium-binding\\\/#breadcrumb\"},\"inLanguage\":\"de\",\"potentialAction\":[{\"@type\":\"ReadAction\",\"target\":[\"https:\\\/\\\/kem-europe.eu\\\/product\\\/bycon-diamant-komschijf-250mm-k30-20-segmenten-medium-binding\\\/\"]}]},{\"@type\":\"ImageObject\",\"inLanguage\":\"de\",\"@id\":\"https:\\\/\\\/kem-europe.eu\\\/product\\\/bycon-diamant-komschijf-250mm-k30-20-segmenten-medium-binding\\\/#primaryimage\",\"url\":\"https:\\\/\\\/kem-europe.eu\\\/wp-content\\\/uploads\\\/2025\\\/02\\\/BYCON-Diamantschijf-250mm-3-2.webp\",\"contentUrl\":\"https:\\\/\\\/kem-europe.eu\\\/wp-content\\\/uploads\\\/2025\\\/02\\\/BYCON-Diamantschijf-250mm-3-2.webp\",\"width\":700,\"height\":700},{\"@type\":\"BreadcrumbList\",\"@id\":\"https:\\\/\\\/kem-europe.eu\\\/product\\\/bycon-diamant-komschijf-250mm-k30-20-segmenten-medium-binding\\\/#breadcrumb\",\"itemListElement\":[{\"@type\":\"ListItem\",\"position\":1,\"name\":\"Home\",\"item\":\"https:\\\/\\\/kem-europe.eu\\\/\"},{\"@type\":\"ListItem\",\"position\":2,\"name\":\"Winkel\",\"item\":\"https:\\\/\\\/kem-europe.eu\\\/winkel\\\/\"},{\"@type\":\"ListItem\",\"position\":3,\"name\":\"Bycon Diamant Komschijf 250mm K30 \u2013 20 segmenten \u2013 Medium binding\"}]},{\"@type\":\"WebSite\",\"@id\":\"https:\\\/\\\/kem-europe.eu\\\/#website\",\"url\":\"https:\\\/\\\/kem-europe.eu\\\/\",\"name\":\"KEM Europe\",\"description\":\"\",\"publisher\":{\"@id\":\"https:\\\/\\\/kem-europe.eu\\\/#organization\"},\"potentialAction\":[{\"@type\":\"SearchAction\",\"target\":{\"@type\":\"EntryPoint\",\"urlTemplate\":\"https:\\\/\\\/kem-europe.eu\\\/?s={search_term_string}\"},\"query-input\":{\"@type\":\"PropertyValueSpecification\",\"valueRequired\":true,\"valueName\":\"search_term_string\"}}],\"inLanguage\":\"de\"},{\"@type\":\"Organization\",\"@id\":\"https:\\\/\\\/kem-europe.eu\\\/#organization\",\"name\":\"KEM Europe\",\"url\":\"https:\\\/\\\/kem-europe.eu\\\/\",\"logo\":{\"@type\":\"ImageObject\",\"inLanguage\":\"de\",\"@id\":\"https:\\\/\\\/kem-europe.eu\\\/#\\\/schema\\\/logo\\\/image\\\/\",\"url\":\"https:\\\/\\\/kem-europe.eu\\\/wp-content\\\/uploads\\\/2025\\\/02\\\/KEM2019-BLACK-1500W.png\",\"contentUrl\":\"https:\\\/\\\/kem-europe.eu\\\/wp-content\\\/uploads\\\/2025\\\/02\\\/KEM2019-BLACK-1500W.png\",\"width\":1500,\"height\":626,\"caption\":\"KEM Europe\"},\"image\":{\"@id\":\"https:\\\/\\\/kem-europe.eu\\\/#\\\/schema\\\/logo\\\/image\\\/\"}}]}<\/script>\n<!-- \/ Yoast SEO plugin. -->","yoast_head_json":{"title":"Bycon Diamond Bowl Disc 250mm K30 - 20 Segmente - Mittlere Bindung - KEM Europe","robots":{"index":"index","follow":"follow","max-snippet":"max-snippet:-1","max-image-preview":"max-image-preview:large","max-video-preview":"max-video-preview:-1"},"canonical":"https:\/\/kem-europe.eu\/de\/produkt\/bycon-diamanttopfscheibe-250mm-k30-20-segmente-mittlere-bindung\/","og_locale":"de_DE","og_type":"article","og_title":"Bycon Diamant Komschijf 250mm K30 \u2013 20 segmenten \u2013 Medium binding - KEM Europe","og_description":"Kenmerken Bycon Diamant Komschijf 250mm K30 \u2013 20 segmenten \u2013 Medium binding De BYCON Diamant Komschijf van 250mm en een K30# wordt beschouwd als een schijf met een medium korrel. Naar onze ervaring kan de BYCON diamantschuurschijf met medium binding en Korrel 30\u00a0het meeste slijpwerk aan. Effici\u00ebnt \u2013 dankzij 20 slijpsegmenten met een afmeting van [&hellip;]","og_url":"https:\/\/kem-europe.eu\/de\/produkt\/bycon-diamanttopfscheibe-250mm-k30-20-segmente-mittlere-bindung\/","og_site_name":"KEM Europe","article_modified_time":"2025-03-05T09:51:01+00:00","og_image":[{"width":700,"height":700,"url":"https:\/\/kem-europe.eu\/wp-content\/uploads\/2025\/02\/BYCON-Diamantschijf-250mm-3-2.webp","type":"image\/webp"}],"twitter_card":"summary_large_image","twitter_misc":{"Gesch\u00e4tzte Lesezeit":"2\u00a0Minuten"},"schema":{"@context":"https:\/\/schema.org","@graph":[{"@type":"WebPage","@id":"https:\/\/kem-europe.eu\/product\/bycon-diamant-komschijf-250mm-k30-20-segmenten-medium-binding\/","url":"https:\/\/kem-europe.eu\/product\/bycon-diamant-komschijf-250mm-k30-20-segmenten-medium-binding\/","name":"Bycon Diamond Bowl Disc 250mm K30 - 20 Segmente - Mittlere Bindung - KEM Europe","isPartOf":{"@id":"https:\/\/kem-europe.eu\/#website"},"primaryImageOfPage":{"@id":"https:\/\/kem-europe.eu\/product\/bycon-diamant-komschijf-250mm-k30-20-segmenten-medium-binding\/#primaryimage"},"image":{"@id":"https:\/\/kem-europe.eu\/product\/bycon-diamant-komschijf-250mm-k30-20-segmenten-medium-binding\/#primaryimage"},"thumbnailUrl":"https:\/\/kem-europe.eu\/wp-content\/uploads\/2025\/02\/BYCON-Diamantschijf-250mm-3-2.webp","datePublished":"2025-02-27T08:36:46+00:00","dateModified":"2025-03-05T09:51:01+00:00","breadcrumb":{"@id":"https:\/\/kem-europe.eu\/product\/bycon-diamant-komschijf-250mm-k30-20-segmenten-medium-binding\/#breadcrumb"},"inLanguage":"de","potentialAction":[{"@type":"ReadAction","target":["https:\/\/kem-europe.eu\/product\/bycon-diamant-komschijf-250mm-k30-20-segmenten-medium-binding\/"]}]},{"@type":"ImageObject","inLanguage":"de","@id":"https:\/\/kem-europe.eu\/product\/bycon-diamant-komschijf-250mm-k30-20-segmenten-medium-binding\/#primaryimage","url":"https:\/\/kem-europe.eu\/wp-content\/uploads\/2025\/02\/BYCON-Diamantschijf-250mm-3-2.webp","contentUrl":"https:\/\/kem-europe.eu\/wp-content\/uploads\/2025\/02\/BYCON-Diamantschijf-250mm-3-2.webp","width":700,"height":700},{"@type":"BreadcrumbList","@id":"https:\/\/kem-europe.eu\/product\/bycon-diamant-komschijf-250mm-k30-20-segmenten-medium-binding\/#breadcrumb","itemListElement":[{"@type":"ListItem","position":1,"name":"Home","item":"https:\/\/kem-europe.eu\/"},{"@type":"ListItem","position":2,"name":"Winkel","item":"https:\/\/kem-europe.eu\/winkel\/"},{"@type":"ListItem","position":3,"name":"Bycon Diamant Komschijf 250mm K30 \u2013 20 segmenten \u2013 Medium binding"}]},{"@type":"WebSite","@id":"https:\/\/kem-europe.eu\/#website","url":"https:\/\/kem-europe.eu\/","name":"KEM Europe","description":"","publisher":{"@id":"https:\/\/kem-europe.eu\/#organization"},"potentialAction":[{"@type":"SearchAction","target":{"@type":"EntryPoint","urlTemplate":"https:\/\/kem-europe.eu\/?s={search_term_string}"},"query-input":{"@type":"PropertyValueSpecification","valueRequired":true,"valueName":"search_term_string"}}],"inLanguage":"de"},{"@type":"Organization","@id":"https:\/\/kem-europe.eu\/#organization","name":"KEM Europe","url":"https:\/\/kem-europe.eu\/","logo":{"@type":"ImageObject","inLanguage":"de","@id":"https:\/\/kem-europe.eu\/#\/schema\/logo\/image\/","url":"https:\/\/kem-europe.eu\/wp-content\/uploads\/2025\/02\/KEM2019-BLACK-1500W.png","contentUrl":"https:\/\/kem-europe.eu\/wp-content\/uploads\/2025\/02\/KEM2019-BLACK-1500W.png","width":1500,"height":626,"caption":"KEM Europe"},"image":{"@id":"https:\/\/kem-europe.eu\/#\/schema\/logo\/image\/"}}]}},"_links":{"self":[{"href":"https:\/\/kem-europe.eu\/de\/wp-json\/wp\/v2\/product\/2550","targetHints":{"allow":["GET"]}}],"collection":[{"href":"https:\/\/kem-europe.eu\/de\/wp-json\/wp\/v2\/product"}],"about":[{"href":"https:\/\/kem-europe.eu\/de\/wp-json\/wp\/v2\/types\/product"}],"replies":[{"embeddable":true,"href":"https:\/\/kem-europe.eu\/de\/wp-json\/wp\/v2\/comments?post=2550"}],"wp:featuredmedia":[{"embeddable":true,"href":"https:\/\/kem-europe.eu\/de\/wp-json\/wp\/v2\/media\/2556"}],"wp:attachment":[{"href":"https:\/\/kem-europe.eu\/de\/wp-json\/wp\/v2\/media?parent=2550"}],"wp:term":[{"taxonomy":"product_brand","embeddable":true,"href":"https:\/\/kem-europe.eu\/de\/wp-json\/wp\/v2\/product_brand?post=2550"},{"taxonomy":"product_cat","embeddable":true,"href":"https:\/\/kem-europe.eu\/de\/wp-json\/wp\/v2\/product_cat?post=2550"},{"taxonomy":"product_tag","embeddable":true,"href":"https:\/\/kem-europe.eu\/de\/wp-json\/wp\/v2\/product_tag?post=2550"}],"curies":[{"name":"wp","href":"https:\/\/api.w.org\/{rel}","templated":true}]}}