{"id":2583,"date":"2025-02-27T08:37:25","date_gmt":"2025-02-27T08:37:25","guid":{"rendered":"https:\/\/kem-europe.eu\/?post_type=product&#038;p=2583"},"modified":"2025-07-02T11:41:31","modified_gmt":"2025-07-02T11:41:31","slug":"bycon-dpd-120-benzin-pfostentreiber-4-takt-120mm-zaunpfahl","status":"publish","type":"product","link":"https:\/\/kem-europe.eu\/de\/product\/bycon-dpd-120-benzine-palendrijver-4-takt-120-mm-omheiningspaal\/","title":{"rendered":"Bycon DPD-120 Benzin-Pfahltreiber 4-Takt 120 mm - Zaunpfahl"},"content":{"rendered":"<h2 data-start=\"1001\" data-end=\"1062\">BYCON Petrol Post Driver - Petrol Pfostenstampfer \u00d8 120 mm Satz<\/h2>\n<p data-start=\"1086\" data-end=\"1793\">Der BYCON Petrol Post Driver wurde f\u00fcr Profis entwickelt, die Schnelligkeit, Mobilit\u00e4t und Langlebigkeit verlangen. Er kombiniert einen leistungsstarken 38ccm 4-Takt-Motor mit einem ausgekl\u00fcgelten Schlagwerk. Der Motor wird manuell mit einem zuverl\u00e4ssigen Seilzugstarter gestartet und treibt \u00fcber f\u00fcnf mitgelieferte Adapter eine Schlagfrequenz von 900-1 350 bpm an, geeignet f\u00fcr Pfostendurchmesser bis 120 mm. Dank des Aluminiumgussgetriebes ist die Maschine leicht genug, um von einer Person bedient zu werden, aber stark genug, um lange Tage auf der Baustelle zu \u00fcberstehen. Vierfache Sto\u00dfd\u00e4mpfung und ergonomische Gummigriffe sorgen f\u00fcr geringe Erm\u00fcdung, w\u00e4hrend der Kraftstoffverbrauch unter 0,48 l\/Stunde bleibt - ein gro\u00dfes Plus auf abgelegenen Baustellen.<\/p>\n<hr data-start=\"1795\" data-end=\"1798\" \/>\n<p data-start=\"1800\" data-end=\"1825\"><strong>Hauptmerkmale<\/strong><\/p>\n<ul>\n<li data-start=\"1828\" data-end=\"1886\"><strong data-start=\"1828\" data-end=\"1838\">Motor:<\/strong> 38 cc, 4-Takt, luftgek\u00fchlt (Euro 98 Benzin)<\/li>\n<li data-start=\"1828\" data-end=\"1886\"><strong data-start=\"1889\" data-end=\"1905\">Schlaganfall-Energie:<\/strong> 25 - 55 J - <strong data-start=\"1918\" data-end=\"1937\">Schlaganfallrate:<\/strong> 900 - 1 350 bpm<\/li>\n<li data-start=\"1828\" data-end=\"1886\"><strong data-start=\"1958\" data-end=\"1976\">Kraftstofftank:<\/strong> 0,65 L - <strong data-start=\"1986\" data-end=\"2004\">\u00d6lreservoir:<\/strong> 0,12 L (10W40)<\/li>\n<li data-start=\"1828\" data-end=\"1886\"><strong data-start=\"2024\" data-end=\"2041\">Durchmesser der Pole:<\/strong> max. \u00d8 120 mm mit 5 Adaptern<\/li>\n<li data-start=\"1828\" data-end=\"1886\"><strong data-start=\"2075\" data-end=\"2104\">Gewicht (mit Adaptern):<\/strong> ca. 22,7 kg - mit mobilem Koffer<\/li>\n<li data-start=\"1828\" data-end=\"1886\"><strong data-start=\"2146\" data-end=\"2164\">Ger\u00e4uschpegel:<\/strong> \u2264 104 dB(A) - Geh\u00f6rschutz empfohlen<\/li>\n<\/ul>\n<hr data-start=\"2211\" data-end=\"2214\" \/>\n<p data-start=\"2216\" data-end=\"2235\"><strong>Spezifikationen<\/strong><\/p>\n<ul>\n<li data-start=\"2238\" data-end=\"2264\"><strong data-start=\"2238\" data-end=\"2256\">Motorleistung:<\/strong> 870 W<\/li>\n<li data-start=\"2238\" data-end=\"2264\"><strong data-start=\"2267\" data-end=\"2283\">Maximales Drehmoment:<\/strong> 1,65 Nm<\/li>\n<li data-start=\"2238\" data-end=\"2264\"><strong data-start=\"2296\" data-end=\"2319\">Durchschnittlicher Verbrauch:<\/strong> &lt; 0,48 L\/h<\/li>\n<li data-start=\"2238\" data-end=\"2264\"><strong data-start=\"2335\" data-end=\"2351\">Vergaser:<\/strong> Diaphragma H129-1C7<\/li>\n<li data-start=\"2238\" data-end=\"2264\"><strong data-start=\"2375\" data-end=\"2386\">Z\u00fcndkerze:<\/strong> CMR5H Taschenlampe<\/li>\n<li data-start=\"2238\" data-end=\"2264\"><strong data-start=\"2403\" data-end=\"2420\">Startmethode:<\/strong> Handstart mit Zugschnur<\/li>\n<li data-start=\"2238\" data-end=\"2264\"><strong data-start=\"2449\" data-end=\"2476\">Abmessungen (L \u00d7 B \u00d7 H):<\/strong> 290 \u00d7 320 \u00d7 825 mm<\/li>\n<\/ul>\n<hr data-start=\"2499\" data-end=\"2502\" \/>\n<p data-start=\"2504\" data-end=\"2525\"><strong>Umfang der Lieferung<\/strong><\/p>\n<ul>\n<li data-start=\"2528\" data-end=\"2554\">Benzinstampfer 38 cc<\/li>\n<li data-start=\"2528\" data-end=\"2554\">5 Adapter (\u00d8 &lt; 120 mm)<\/li>\n<li data-start=\"2528\" data-end=\"2554\">BMC Handytasche mit Innenschaum<\/li>\n<li data-start=\"2528\" data-end=\"2554\">Handbuch<\/li>\n<\/ul>\n<hr data-start=\"2659\" data-end=\"2662\" \/>\n<p data-start=\"2664\" data-end=\"2684\"><strong>Tipps zur Wartung<\/strong><\/p>\n<ul>\n<li data-start=\"2687\" data-end=\"2745\"><strong data-start=\"2687\" data-end=\"2711\">Vor dem ersten Gebrauch:<\/strong> Motor\u00f6l bis zum F\u00fcllstand auff\u00fcllen (10W40).<\/li>\n<li data-start=\"2687\" data-end=\"2745\"><strong data-start=\"2748\" data-end=\"2762\">Nach 50 Stunden:<\/strong> Wechseln Sie das Hydraulik\u00f6l mit HM46\/H46, um die Lebensdauer des Hubmechanismus zu verl\u00e4ngern.<\/li>\n<\/ul>","protected":false},"excerpt":{"rendered":"<p data-start=\"409\" data-end=\"994\">Der BYCON Benzin-Pfostentreiber ist ein leistungsstarker 4-Takt-Pfostenstampfer, mit dem Sie Holz- oder Stahlpfosten bis zu \u00d8120 mm schnell in den Boden treiben k\u00f6nnen. Der kraftstoffsparende 38-cm\u00b3-Motor liefert bis zu 55 J Schlagenergie bei 900-1 350 H\u00fcben pro Minute, w\u00e4hrend die vierfach gepolsterten Griffe und der Gummibelag Vibrationen stark reduzieren. Dank des robusten Aluminium-Getriebegeh\u00e4uses wiegt das Ger\u00e4t nur 22,7 kg und wird in einem BMC-Rollkoffer zum einfachen Transport geliefert. Ideal f\u00fcr Z\u00e4une, Umz\u00e4unungen und Fassadenverkleidungen an Orten ohne Stromanschluss.<\/p>","protected":false},"featured_media":7658,"comment_status":"closed","ping_status":"closed","template":"","meta":[],"product_brand":[627],"product_cat":[17,491],"product_tag":[],"class_list":{"0":"post-2583","1":"product","2":"type-product","3":"status-publish","4":"has-post-thumbnail","6":"product_brand-bycon","7":"product_cat-machines","8":"product_cat-palendrijver","10":"first","11":"instock","12":"shipping-taxable","13":"product-type-simple"},"ct_brands":[{"id":627,"name":"BYCON","slug":"bycon"}],"yoast_head":"<!-- This site is optimized with the Yoast SEO plugin v27.3 - https:\/\/yoast.com\/product\/yoast-seo-wordpress\/ -->\n<title>BYCON Paalrammer benzine 38 cc | \u00d8120 mm Palen - KEM Europe<\/title>\n<meta name=\"description\" content=\"4-takt 38 cc paalrammer slaat houten &amp; stalen palen \u00d8 120 mm moeiteloos. 25-55 J slagenergie, lage vibratie, verrijdbare koffer \u2013 direct klaar voor de bouw.\" \/>\n<meta name=\"robots\" content=\"index, follow, max-snippet:-1, max-image-preview:large, max-video-preview:-1\" \/>\n<link rel=\"canonical\" href=\"https:\/\/kem-europe.eu\/de\/produkt\/bycon-dpd-120-benzin-pfostentreiber-4-takt-120mm-zaunpfahl\/\" \/>\n<meta property=\"og:locale\" content=\"de_DE\" \/>\n<meta property=\"og:type\" content=\"article\" \/>\n<meta property=\"og:title\" content=\"BYCON Paalrammer benzine 38 cc | \u00d8120 mm Palen - KEM Europe\" \/>\n<meta property=\"og:description\" content=\"4-takt 38 cc paalrammer slaat houten &amp; stalen palen \u00d8 120 mm moeiteloos. 25-55 J slagenergie, lage vibratie, verrijdbare koffer \u2013 direct klaar voor de bouw.\" \/>\n<meta property=\"og:url\" content=\"https:\/\/kem-europe.eu\/de\/produkt\/bycon-dpd-120-benzin-pfostentreiber-4-takt-120mm-zaunpfahl\/\" \/>\n<meta property=\"og:site_name\" content=\"KEM Europe\" \/>\n<meta property=\"article:modified_time\" content=\"2025-07-02T11:41:31+00:00\" \/>\n<meta property=\"og:image\" content=\"https:\/\/kem-europe.eu\/wp-content\/uploads\/2025\/02\/DPD-120SET.webp\" \/>\n\t<meta property=\"og:image:width\" content=\"700\" \/>\n\t<meta property=\"og:image:height\" content=\"700\" \/>\n\t<meta property=\"og:image:type\" content=\"image\/webp\" \/>\n<meta name=\"twitter:card\" content=\"summary_large_image\" \/>\n<meta name=\"twitter:label1\" content=\"Gesch\u00e4tzte Lesezeit\" \/>\n\t<meta name=\"twitter:data1\" content=\"2\u00a0Minuten\" \/>\n<script type=\"application\/ld+json\" class=\"yoast-schema-graph\">{\"@context\":\"https:\\\/\\\/schema.org\",\"@graph\":[{\"@type\":\"WebPage\",\"@id\":\"https:\\\/\\\/kem-europe.eu\\\/product\\\/bycon-dpd-120-benzine-palendrijver-4-takt-120-mm-omheiningspaal\\\/\",\"url\":\"https:\\\/\\\/kem-europe.eu\\\/product\\\/bycon-dpd-120-benzine-palendrijver-4-takt-120-mm-omheiningspaal\\\/\",\"name\":\"BYCON Paalrammer benzine 38 cc | \u00d8120 mm Palen - KEM Europe\",\"isPartOf\":{\"@id\":\"https:\\\/\\\/kem-europe.eu\\\/#website\"},\"primaryImageOfPage\":{\"@id\":\"https:\\\/\\\/kem-europe.eu\\\/product\\\/bycon-dpd-120-benzine-palendrijver-4-takt-120-mm-omheiningspaal\\\/#primaryimage\"},\"image\":{\"@id\":\"https:\\\/\\\/kem-europe.eu\\\/product\\\/bycon-dpd-120-benzine-palendrijver-4-takt-120-mm-omheiningspaal\\\/#primaryimage\"},\"thumbnailUrl\":\"https:\\\/\\\/kem-europe.eu\\\/wp-content\\\/uploads\\\/2025\\\/02\\\/DPD-120SET.webp\",\"datePublished\":\"2025-02-27T08:37:25+00:00\",\"dateModified\":\"2025-07-02T11:41:31+00:00\",\"description\":\"4-takt 38 cc paalrammer slaat houten & stalen palen \u00d8 120 mm moeiteloos. 25-55 J slagenergie, lage vibratie, verrijdbare koffer \u2013 direct klaar voor de bouw.\",\"breadcrumb\":{\"@id\":\"https:\\\/\\\/kem-europe.eu\\\/product\\\/bycon-dpd-120-benzine-palendrijver-4-takt-120-mm-omheiningspaal\\\/#breadcrumb\"},\"inLanguage\":\"de\",\"potentialAction\":[{\"@type\":\"ReadAction\",\"target\":[\"https:\\\/\\\/kem-europe.eu\\\/product\\\/bycon-dpd-120-benzine-palendrijver-4-takt-120-mm-omheiningspaal\\\/\"]}]},{\"@type\":\"ImageObject\",\"inLanguage\":\"de\",\"@id\":\"https:\\\/\\\/kem-europe.eu\\\/product\\\/bycon-dpd-120-benzine-palendrijver-4-takt-120-mm-omheiningspaal\\\/#primaryimage\",\"url\":\"https:\\\/\\\/kem-europe.eu\\\/wp-content\\\/uploads\\\/2025\\\/02\\\/DPD-120SET.webp\",\"contentUrl\":\"https:\\\/\\\/kem-europe.eu\\\/wp-content\\\/uploads\\\/2025\\\/02\\\/DPD-120SET.webp\",\"width\":700,\"height\":700,\"caption\":\"BYCON Petrol Post Driver \u2013 Benzine Paalrammer \u00d8 120 mm set\"},{\"@type\":\"BreadcrumbList\",\"@id\":\"https:\\\/\\\/kem-europe.eu\\\/product\\\/bycon-dpd-120-benzine-palendrijver-4-takt-120-mm-omheiningspaal\\\/#breadcrumb\",\"itemListElement\":[{\"@type\":\"ListItem\",\"position\":1,\"name\":\"Home\",\"item\":\"https:\\\/\\\/kem-europe.eu\\\/\"},{\"@type\":\"ListItem\",\"position\":2,\"name\":\"Winkel\",\"item\":\"https:\\\/\\\/kem-europe.eu\\\/winkel\\\/\"},{\"@type\":\"ListItem\",\"position\":3,\"name\":\"Bycon DPD-120 Benzine Palendrijver 4-takt 120 mm &#8211; Omheiningspaal\"}]},{\"@type\":\"WebSite\",\"@id\":\"https:\\\/\\\/kem-europe.eu\\\/#website\",\"url\":\"https:\\\/\\\/kem-europe.eu\\\/\",\"name\":\"KEM Europe\",\"description\":\"\",\"publisher\":{\"@id\":\"https:\\\/\\\/kem-europe.eu\\\/#organization\"},\"potentialAction\":[{\"@type\":\"SearchAction\",\"target\":{\"@type\":\"EntryPoint\",\"urlTemplate\":\"https:\\\/\\\/kem-europe.eu\\\/?s={search_term_string}\"},\"query-input\":{\"@type\":\"PropertyValueSpecification\",\"valueRequired\":true,\"valueName\":\"search_term_string\"}}],\"inLanguage\":\"de\"},{\"@type\":\"Organization\",\"@id\":\"https:\\\/\\\/kem-europe.eu\\\/#organization\",\"name\":\"KEM Europe\",\"url\":\"https:\\\/\\\/kem-europe.eu\\\/\",\"logo\":{\"@type\":\"ImageObject\",\"inLanguage\":\"de\",\"@id\":\"https:\\\/\\\/kem-europe.eu\\\/#\\\/schema\\\/logo\\\/image\\\/\",\"url\":\"https:\\\/\\\/kem-europe.eu\\\/wp-content\\\/uploads\\\/2025\\\/02\\\/KEM2019-BLACK-1500W.png\",\"contentUrl\":\"https:\\\/\\\/kem-europe.eu\\\/wp-content\\\/uploads\\\/2025\\\/02\\\/KEM2019-BLACK-1500W.png\",\"width\":1500,\"height\":626,\"caption\":\"KEM Europe\"},\"image\":{\"@id\":\"https:\\\/\\\/kem-europe.eu\\\/#\\\/schema\\\/logo\\\/image\\\/\"}}]}<\/script>\n<!-- \/ Yoast SEO plugin. -->","yoast_head_json":{"title":"BYCON Pfahlstampfer Benzin 38 cc | \u00d8120 mm Pf\u00e4hle - KEM Europe","description":"4-Takt-Stabstampfer mit 38 cm\u00b3 schl\u00e4gt m\u00fchelos Holz- und Stahlpf\u00e4hle \u00d8 120 mm. 25-55 J Schlagenergie, geringe Vibration, mobiler Koffer - sofort einsatzbereit.","robots":{"index":"index","follow":"follow","max-snippet":"max-snippet:-1","max-image-preview":"max-image-preview:large","max-video-preview":"max-video-preview:-1"},"canonical":"https:\/\/kem-europe.eu\/de\/produkt\/bycon-dpd-120-benzin-pfostentreiber-4-takt-120mm-zaunpfahl\/","og_locale":"de_DE","og_type":"article","og_title":"BYCON Paalrammer benzine 38 cc | \u00d8120 mm Palen - KEM Europe","og_description":"4-takt 38 cc paalrammer slaat houten & stalen palen \u00d8 120 mm moeiteloos. 25-55 J slagenergie, lage vibratie, verrijdbare koffer \u2013 direct klaar voor de bouw.","og_url":"https:\/\/kem-europe.eu\/de\/produkt\/bycon-dpd-120-benzin-pfostentreiber-4-takt-120mm-zaunpfahl\/","og_site_name":"KEM Europe","article_modified_time":"2025-07-02T11:41:31+00:00","og_image":[{"width":700,"height":700,"url":"https:\/\/kem-europe.eu\/wp-content\/uploads\/2025\/02\/DPD-120SET.webp","type":"image\/webp"}],"twitter_card":"summary_large_image","twitter_misc":{"Gesch\u00e4tzte Lesezeit":"2\u00a0Minuten"},"schema":{"@context":"https:\/\/schema.org","@graph":[{"@type":"WebPage","@id":"https:\/\/kem-europe.eu\/product\/bycon-dpd-120-benzine-palendrijver-4-takt-120-mm-omheiningspaal\/","url":"https:\/\/kem-europe.eu\/product\/bycon-dpd-120-benzine-palendrijver-4-takt-120-mm-omheiningspaal\/","name":"BYCON Pfahlstampfer Benzin 38 cc | \u00d8120 mm Pf\u00e4hle - KEM Europe","isPartOf":{"@id":"https:\/\/kem-europe.eu\/#website"},"primaryImageOfPage":{"@id":"https:\/\/kem-europe.eu\/product\/bycon-dpd-120-benzine-palendrijver-4-takt-120-mm-omheiningspaal\/#primaryimage"},"image":{"@id":"https:\/\/kem-europe.eu\/product\/bycon-dpd-120-benzine-palendrijver-4-takt-120-mm-omheiningspaal\/#primaryimage"},"thumbnailUrl":"https:\/\/kem-europe.eu\/wp-content\/uploads\/2025\/02\/DPD-120SET.webp","datePublished":"2025-02-27T08:37:25+00:00","dateModified":"2025-07-02T11:41:31+00:00","description":"4-Takt-Stabstampfer mit 38 cm\u00b3 schl\u00e4gt m\u00fchelos Holz- und Stahlpf\u00e4hle \u00d8 120 mm. 25-55 J Schlagenergie, geringe Vibration, mobiler Koffer - sofort einsatzbereit.","breadcrumb":{"@id":"https:\/\/kem-europe.eu\/product\/bycon-dpd-120-benzine-palendrijver-4-takt-120-mm-omheiningspaal\/#breadcrumb"},"inLanguage":"de","potentialAction":[{"@type":"ReadAction","target":["https:\/\/kem-europe.eu\/product\/bycon-dpd-120-benzine-palendrijver-4-takt-120-mm-omheiningspaal\/"]}]},{"@type":"ImageObject","inLanguage":"de","@id":"https:\/\/kem-europe.eu\/product\/bycon-dpd-120-benzine-palendrijver-4-takt-120-mm-omheiningspaal\/#primaryimage","url":"https:\/\/kem-europe.eu\/wp-content\/uploads\/2025\/02\/DPD-120SET.webp","contentUrl":"https:\/\/kem-europe.eu\/wp-content\/uploads\/2025\/02\/DPD-120SET.webp","width":700,"height":700,"caption":"BYCON Petrol Post Driver \u2013 Benzine Paalrammer \u00d8 120 mm set"},{"@type":"BreadcrumbList","@id":"https:\/\/kem-europe.eu\/product\/bycon-dpd-120-benzine-palendrijver-4-takt-120-mm-omheiningspaal\/#breadcrumb","itemListElement":[{"@type":"ListItem","position":1,"name":"Home","item":"https:\/\/kem-europe.eu\/"},{"@type":"ListItem","position":2,"name":"Winkel","item":"https:\/\/kem-europe.eu\/winkel\/"},{"@type":"ListItem","position":3,"name":"Bycon DPD-120 Benzine Palendrijver 4-takt 120 mm &#8211; Omheiningspaal"}]},{"@type":"WebSite","@id":"https:\/\/kem-europe.eu\/#website","url":"https:\/\/kem-europe.eu\/","name":"KEM Europe","description":"","publisher":{"@id":"https:\/\/kem-europe.eu\/#organization"},"potentialAction":[{"@type":"SearchAction","target":{"@type":"EntryPoint","urlTemplate":"https:\/\/kem-europe.eu\/?s={search_term_string}"},"query-input":{"@type":"PropertyValueSpecification","valueRequired":true,"valueName":"search_term_string"}}],"inLanguage":"de"},{"@type":"Organization","@id":"https:\/\/kem-europe.eu\/#organization","name":"KEM Europe","url":"https:\/\/kem-europe.eu\/","logo":{"@type":"ImageObject","inLanguage":"de","@id":"https:\/\/kem-europe.eu\/#\/schema\/logo\/image\/","url":"https:\/\/kem-europe.eu\/wp-content\/uploads\/2025\/02\/KEM2019-BLACK-1500W.png","contentUrl":"https:\/\/kem-europe.eu\/wp-content\/uploads\/2025\/02\/KEM2019-BLACK-1500W.png","width":1500,"height":626,"caption":"KEM Europe"},"image":{"@id":"https:\/\/kem-europe.eu\/#\/schema\/logo\/image\/"}}]}},"_links":{"self":[{"href":"https:\/\/kem-europe.eu\/de\/wp-json\/wp\/v2\/product\/2583","targetHints":{"allow":["GET"]}}],"collection":[{"href":"https:\/\/kem-europe.eu\/de\/wp-json\/wp\/v2\/product"}],"about":[{"href":"https:\/\/kem-europe.eu\/de\/wp-json\/wp\/v2\/types\/product"}],"replies":[{"embeddable":true,"href":"https:\/\/kem-europe.eu\/de\/wp-json\/wp\/v2\/comments?post=2583"}],"wp:featuredmedia":[{"embeddable":true,"href":"https:\/\/kem-europe.eu\/de\/wp-json\/wp\/v2\/media\/7658"}],"wp:attachment":[{"href":"https:\/\/kem-europe.eu\/de\/wp-json\/wp\/v2\/media?parent=2583"}],"wp:term":[{"taxonomy":"product_brand","embeddable":true,"href":"https:\/\/kem-europe.eu\/de\/wp-json\/wp\/v2\/product_brand?post=2583"},{"taxonomy":"product_cat","embeddable":true,"href":"https:\/\/kem-europe.eu\/de\/wp-json\/wp\/v2\/product_cat?post=2583"},{"taxonomy":"product_tag","embeddable":true,"href":"https:\/\/kem-europe.eu\/de\/wp-json\/wp\/v2\/product_tag?post=2583"}],"curies":[{"name":"wp","href":"https:\/\/api.w.org\/{rel}","templated":true}]}}