{"id":2624,"date":"2025-02-27T08:38:23","date_gmt":"2025-02-27T08:38:23","guid":{"rendered":"https:\/\/kem-europe.eu\/?post_type=product&#038;p=2624"},"modified":"2025-06-06T07:38:02","modified_gmt":"2025-06-06T07:38:02","slug":"keyang-rs1300-reziprosaege-mit-pendelhub-1300w","status":"publish","type":"product","link":"https:\/\/kem-europe.eu\/de\/product\/keyang-rs1300-reciprozaag-incl-pendelstand-1300w\/","title":{"rendered":"Keyang RS1300 Recipro-S\u00e4ge inkl. Pendelst\u00e4nder - 1300W"},"content":{"rendered":"<p><strong>Warum Keyang w\u00e4hlen?<\/strong><\/p>\n<p>Die koreanische Marke stellt seit \u00fcber 40 Jahren hochwertige Bau- und Industriemaschinen her. Seit mehr als 25 Jahren produziert sie auch f\u00fcr mehrere A-Marken auf dem europ\u00e4ischen Markt (u.a. Kress &amp; Spit). Keyang \u00fcbertrumpft seine Konkurrenten, indem es hervorragende Qualit\u00e4t zu einem fairen Preis liefert. Von seiner Position als Marktf\u00fchrer auf dem koreanischen Markt hat das Unternehmen nun begonnen, sich auch auf den europ\u00e4ischen Markt zu konzentrieren. In relativ kurzer Zeit hat sich die koreanische Marke zu einer vertrauensw\u00fcrdigen Marke auf der Baustelle entwickelt. Das hat nichts mit ausgekl\u00fcgeltem Marketing zu tun, sondern vor allem mit\u00a0<em>Wahrnehmung.<\/em><\/p>\n<p><em>Warum der Keyang RS1300?<\/em><\/p>\n<p>In puncto Qualit\u00e4t und Handhabung ist die RS1300 absolut vergleichbar mit den S\u00e4bels\u00e4gen der anderen A-Marken auf dem Markt. Wir w\u00fcrden es sogar wagen zu behaupten, dass die Keyang RS1300 in vielen F\u00e4llen von h\u00f6herer Qualit\u00e4t ist. Dank ihrer ausgekl\u00fcgelten Konstruktion ist diese Maschine sehr robust und eine lange Lebensdauer ist garantiert.<\/p>\n<p><strong>Eigenschaften Keyang RS1300 Recipro-S\u00e4ge inkl. Pendelst\u00e4nder - 1300W<br \/>\n<\/strong><\/p>\n<ul>\n<li>Stufenlose Bestimmung der Schnittgeschwindigkeit<\/li>\n<li>S\u00e4geblatt-Schnellwechselsystem<\/li>\n<li>Einstellbare Pendelposition<\/li>\n<li>Ergonomische Gestaltung<\/li>\n<li>Leichtgewicht<\/li>\n<li>Griffigkeit<\/li>\n<\/ul>\n<p><strong>Technische Daten<\/strong><\/p>\n<ul>\n<li>Leistung - 1300 W<\/li>\n<li>Leerlaufdrehzahl - 0 - 3000\/min<\/li>\n<li>Holzkapazit\u00e4t - 255 mm<\/li>\n<li>Kapazit\u00e4t Stahl - 20 mm<\/li>\n<li>Rohrdurchmesser - 130 mm<\/li>\n<li>Hubl\u00e4nge - 30 mm<\/li>\n<li>Gewicht - 3,6 kg<\/li>\n<\/ul>\n<p><strong>Umfang der Lieferung<\/strong><\/p>\n<ul>\n<li>Keyang RS1300 Recipro-S\u00e4ge inkl. Pendelst\u00e4nder - 1300W<\/li>\n<li>Geliefert im Koffer<\/li>\n<li>Die RS1300 wird standardm\u00e4\u00dfig ohne S\u00e4bels\u00e4geblatt geliefert<\/li>\n<\/ul>","protected":false},"excerpt":{"rendered":"<table>\n<tbody>\n<tr>\n<td class=\"echotable\">Dubbele isolatie<\/td>\n<td class=\"echotable\">Toerental regeling<\/td>\n<\/tr>\n<\/tbody>\n<\/table>\n<p>&nbsp;<\/p>\n[embed]https:\/\/www.youtube.com\/watch?v=JMXWbycIoDE[\/embed]\n<p>&nbsp;<\/p>\n<p><strong>Leveringsomvang<\/strong><\/p>\n<ul>\n<li>Keyang RS1300 Reciprozaag incl. pendelstand &#8211; 1300W<\/li>\n<li>Geleverd in koffer<\/li>\n<li>De RS1300 wordt standaard geleverd exclusief reciprozaagblad<\/li>\n<\/ul>\n","protected":false},"featured_media":2651,"comment_status":"closed","ping_status":"closed","template":"","meta":[],"product_brand":[624],"product_cat":[17,506],"product_tag":[],"class_list":{"0":"post-2624","1":"product","2":"type-product","3":"status-publish","4":"has-post-thumbnail","6":"product_brand-keyang","7":"product_cat-machines","8":"product_cat-reciprozaag","10":"first","11":"instock","12":"product-type-simple"},"ct_brands":[{"id":624,"name":"KEYANG","slug":"keyang"}],"yoast_head":"<!-- This site is optimized with the Yoast SEO plugin v27.3 - https:\/\/yoast.com\/product\/yoast-seo-wordpress\/ -->\n<title>Keyang RS1300 Reciprozaag incl. pendelstand - 1300W - KEM Europe<\/title>\n<meta name=\"robots\" content=\"index, follow, max-snippet:-1, max-image-preview:large, max-video-preview:-1\" \/>\n<link rel=\"canonical\" href=\"https:\/\/kem-europe.eu\/de\/produkt\/keyang-rs1300-reziprosaege-mit-pendelhub-1300w\/\" \/>\n<meta property=\"og:locale\" content=\"de_DE\" \/>\n<meta property=\"og:type\" content=\"article\" \/>\n<meta property=\"og:title\" content=\"Keyang RS1300 Reciprozaag incl. pendelstand - 1300W - KEM Europe\" \/>\n<meta property=\"og:description\" content=\"Dubbele isolatie Toerental regeling    &nbsp;    &nbsp;  Leveringsomvang   Keyang RS1300 Reciprozaag incl. pendelstand - 1300W  Geleverd in koffer  De RS1300 wordt standaard geleverd exclusief reciprozaagblad\" \/>\n<meta property=\"og:url\" content=\"https:\/\/kem-europe.eu\/de\/produkt\/keyang-rs1300-reziprosaege-mit-pendelhub-1300w\/\" \/>\n<meta property=\"og:site_name\" content=\"KEM Europe\" \/>\n<meta property=\"article:modified_time\" content=\"2025-06-06T07:38:02+00:00\" \/>\n<meta property=\"og:image\" content=\"https:\/\/kem-europe.eu\/wp-content\/uploads\/2025\/02\/rs1300-1.png\" \/>\n\t<meta property=\"og:image:width\" content=\"700\" \/>\n\t<meta property=\"og:image:height\" content=\"700\" \/>\n\t<meta property=\"og:image:type\" content=\"image\/png\" \/>\n<meta name=\"twitter:card\" content=\"summary_large_image\" \/>\n<meta name=\"twitter:label1\" content=\"Gesch\u00e4tzte Lesezeit\" \/>\n\t<meta name=\"twitter:data1\" content=\"2\u00a0Minuten\" \/>\n<script type=\"application\/ld+json\" class=\"yoast-schema-graph\">{\"@context\":\"https:\\\/\\\/schema.org\",\"@graph\":[{\"@type\":\"WebPage\",\"@id\":\"https:\\\/\\\/kem-europe.eu\\\/product\\\/keyang-rs1300-reciprozaag-incl-pendelstand-1300w\\\/\",\"url\":\"https:\\\/\\\/kem-europe.eu\\\/product\\\/keyang-rs1300-reciprozaag-incl-pendelstand-1300w\\\/\",\"name\":\"Keyang RS1300 Reciprozaag incl. pendelstand - 1300W - KEM Europe\",\"isPartOf\":{\"@id\":\"https:\\\/\\\/kem-europe.eu\\\/#website\"},\"primaryImageOfPage\":{\"@id\":\"https:\\\/\\\/kem-europe.eu\\\/product\\\/keyang-rs1300-reciprozaag-incl-pendelstand-1300w\\\/#primaryimage\"},\"image\":{\"@id\":\"https:\\\/\\\/kem-europe.eu\\\/product\\\/keyang-rs1300-reciprozaag-incl-pendelstand-1300w\\\/#primaryimage\"},\"thumbnailUrl\":\"https:\\\/\\\/kem-europe.eu\\\/wp-content\\\/uploads\\\/2025\\\/02\\\/rs1300-1.png\",\"datePublished\":\"2025-02-27T08:38:23+00:00\",\"dateModified\":\"2025-06-06T07:38:02+00:00\",\"breadcrumb\":{\"@id\":\"https:\\\/\\\/kem-europe.eu\\\/product\\\/keyang-rs1300-reciprozaag-incl-pendelstand-1300w\\\/#breadcrumb\"},\"inLanguage\":\"de\",\"potentialAction\":[{\"@type\":\"ReadAction\",\"target\":[\"https:\\\/\\\/kem-europe.eu\\\/product\\\/keyang-rs1300-reciprozaag-incl-pendelstand-1300w\\\/\"]}]},{\"@type\":\"ImageObject\",\"inLanguage\":\"de\",\"@id\":\"https:\\\/\\\/kem-europe.eu\\\/product\\\/keyang-rs1300-reciprozaag-incl-pendelstand-1300w\\\/#primaryimage\",\"url\":\"https:\\\/\\\/kem-europe.eu\\\/wp-content\\\/uploads\\\/2025\\\/02\\\/rs1300-1.png\",\"contentUrl\":\"https:\\\/\\\/kem-europe.eu\\\/wp-content\\\/uploads\\\/2025\\\/02\\\/rs1300-1.png\",\"width\":700,\"height\":700},{\"@type\":\"BreadcrumbList\",\"@id\":\"https:\\\/\\\/kem-europe.eu\\\/product\\\/keyang-rs1300-reciprozaag-incl-pendelstand-1300w\\\/#breadcrumb\",\"itemListElement\":[{\"@type\":\"ListItem\",\"position\":1,\"name\":\"Home\",\"item\":\"https:\\\/\\\/kem-europe.eu\\\/\"},{\"@type\":\"ListItem\",\"position\":2,\"name\":\"Winkel\",\"item\":\"https:\\\/\\\/kem-europe.eu\\\/winkel\\\/\"},{\"@type\":\"ListItem\",\"position\":3,\"name\":\"Keyang RS1300 Reciprozaag incl. pendelstand &#8211; 1300W\"}]},{\"@type\":\"WebSite\",\"@id\":\"https:\\\/\\\/kem-europe.eu\\\/#website\",\"url\":\"https:\\\/\\\/kem-europe.eu\\\/\",\"name\":\"KEM Europe\",\"description\":\"\",\"publisher\":{\"@id\":\"https:\\\/\\\/kem-europe.eu\\\/#organization\"},\"potentialAction\":[{\"@type\":\"SearchAction\",\"target\":{\"@type\":\"EntryPoint\",\"urlTemplate\":\"https:\\\/\\\/kem-europe.eu\\\/?s={search_term_string}\"},\"query-input\":{\"@type\":\"PropertyValueSpecification\",\"valueRequired\":true,\"valueName\":\"search_term_string\"}}],\"inLanguage\":\"de\"},{\"@type\":\"Organization\",\"@id\":\"https:\\\/\\\/kem-europe.eu\\\/#organization\",\"name\":\"KEM Europe\",\"url\":\"https:\\\/\\\/kem-europe.eu\\\/\",\"logo\":{\"@type\":\"ImageObject\",\"inLanguage\":\"de\",\"@id\":\"https:\\\/\\\/kem-europe.eu\\\/#\\\/schema\\\/logo\\\/image\\\/\",\"url\":\"https:\\\/\\\/kem-europe.eu\\\/wp-content\\\/uploads\\\/2025\\\/02\\\/KEM2019-BLACK-1500W.png\",\"contentUrl\":\"https:\\\/\\\/kem-europe.eu\\\/wp-content\\\/uploads\\\/2025\\\/02\\\/KEM2019-BLACK-1500W.png\",\"width\":1500,\"height\":626,\"caption\":\"KEM Europe\"},\"image\":{\"@id\":\"https:\\\/\\\/kem-europe.eu\\\/#\\\/schema\\\/logo\\\/image\\\/\"}}]}<\/script>\n<!-- \/ Yoast SEO plugin. -->","yoast_head_json":{"title":"Keyang RS1300 Stichs\u00e4ge inkl. Pendelst\u00e4nder - 1300W - KEM Europe","robots":{"index":"index","follow":"follow","max-snippet":"max-snippet:-1","max-image-preview":"max-image-preview:large","max-video-preview":"max-video-preview:-1"},"canonical":"https:\/\/kem-europe.eu\/de\/produkt\/keyang-rs1300-reziprosaege-mit-pendelhub-1300w\/","og_locale":"de_DE","og_type":"article","og_title":"Keyang RS1300 Reciprozaag incl. pendelstand - 1300W - KEM Europe","og_description":"Dubbele isolatie Toerental regeling    &nbsp;    &nbsp;  Leveringsomvang   Keyang RS1300 Reciprozaag incl. pendelstand - 1300W  Geleverd in koffer  De RS1300 wordt standaard geleverd exclusief reciprozaagblad","og_url":"https:\/\/kem-europe.eu\/de\/produkt\/keyang-rs1300-reziprosaege-mit-pendelhub-1300w\/","og_site_name":"KEM Europe","article_modified_time":"2025-06-06T07:38:02+00:00","og_image":[{"width":700,"height":700,"url":"https:\/\/kem-europe.eu\/wp-content\/uploads\/2025\/02\/rs1300-1.png","type":"image\/png"}],"twitter_card":"summary_large_image","twitter_misc":{"Gesch\u00e4tzte Lesezeit":"2\u00a0Minuten"},"schema":{"@context":"https:\/\/schema.org","@graph":[{"@type":"WebPage","@id":"https:\/\/kem-europe.eu\/product\/keyang-rs1300-reciprozaag-incl-pendelstand-1300w\/","url":"https:\/\/kem-europe.eu\/product\/keyang-rs1300-reciprozaag-incl-pendelstand-1300w\/","name":"Keyang RS1300 Stichs\u00e4ge inkl. Pendelst\u00e4nder - 1300W - KEM Europe","isPartOf":{"@id":"https:\/\/kem-europe.eu\/#website"},"primaryImageOfPage":{"@id":"https:\/\/kem-europe.eu\/product\/keyang-rs1300-reciprozaag-incl-pendelstand-1300w\/#primaryimage"},"image":{"@id":"https:\/\/kem-europe.eu\/product\/keyang-rs1300-reciprozaag-incl-pendelstand-1300w\/#primaryimage"},"thumbnailUrl":"https:\/\/kem-europe.eu\/wp-content\/uploads\/2025\/02\/rs1300-1.png","datePublished":"2025-02-27T08:38:23+00:00","dateModified":"2025-06-06T07:38:02+00:00","breadcrumb":{"@id":"https:\/\/kem-europe.eu\/product\/keyang-rs1300-reciprozaag-incl-pendelstand-1300w\/#breadcrumb"},"inLanguage":"de","potentialAction":[{"@type":"ReadAction","target":["https:\/\/kem-europe.eu\/product\/keyang-rs1300-reciprozaag-incl-pendelstand-1300w\/"]}]},{"@type":"ImageObject","inLanguage":"de","@id":"https:\/\/kem-europe.eu\/product\/keyang-rs1300-reciprozaag-incl-pendelstand-1300w\/#primaryimage","url":"https:\/\/kem-europe.eu\/wp-content\/uploads\/2025\/02\/rs1300-1.png","contentUrl":"https:\/\/kem-europe.eu\/wp-content\/uploads\/2025\/02\/rs1300-1.png","width":700,"height":700},{"@type":"BreadcrumbList","@id":"https:\/\/kem-europe.eu\/product\/keyang-rs1300-reciprozaag-incl-pendelstand-1300w\/#breadcrumb","itemListElement":[{"@type":"ListItem","position":1,"name":"Home","item":"https:\/\/kem-europe.eu\/"},{"@type":"ListItem","position":2,"name":"Winkel","item":"https:\/\/kem-europe.eu\/winkel\/"},{"@type":"ListItem","position":3,"name":"Keyang RS1300 Reciprozaag incl. pendelstand &#8211; 1300W"}]},{"@type":"WebSite","@id":"https:\/\/kem-europe.eu\/#website","url":"https:\/\/kem-europe.eu\/","name":"KEM Europe","description":"","publisher":{"@id":"https:\/\/kem-europe.eu\/#organization"},"potentialAction":[{"@type":"SearchAction","target":{"@type":"EntryPoint","urlTemplate":"https:\/\/kem-europe.eu\/?s={search_term_string}"},"query-input":{"@type":"PropertyValueSpecification","valueRequired":true,"valueName":"search_term_string"}}],"inLanguage":"de"},{"@type":"Organization","@id":"https:\/\/kem-europe.eu\/#organization","name":"KEM Europe","url":"https:\/\/kem-europe.eu\/","logo":{"@type":"ImageObject","inLanguage":"de","@id":"https:\/\/kem-europe.eu\/#\/schema\/logo\/image\/","url":"https:\/\/kem-europe.eu\/wp-content\/uploads\/2025\/02\/KEM2019-BLACK-1500W.png","contentUrl":"https:\/\/kem-europe.eu\/wp-content\/uploads\/2025\/02\/KEM2019-BLACK-1500W.png","width":1500,"height":626,"caption":"KEM Europe"},"image":{"@id":"https:\/\/kem-europe.eu\/#\/schema\/logo\/image\/"}}]}},"_links":{"self":[{"href":"https:\/\/kem-europe.eu\/de\/wp-json\/wp\/v2\/product\/2624","targetHints":{"allow":["GET"]}}],"collection":[{"href":"https:\/\/kem-europe.eu\/de\/wp-json\/wp\/v2\/product"}],"about":[{"href":"https:\/\/kem-europe.eu\/de\/wp-json\/wp\/v2\/types\/product"}],"replies":[{"embeddable":true,"href":"https:\/\/kem-europe.eu\/de\/wp-json\/wp\/v2\/comments?post=2624"}],"wp:featuredmedia":[{"embeddable":true,"href":"https:\/\/kem-europe.eu\/de\/wp-json\/wp\/v2\/media\/2651"}],"wp:attachment":[{"href":"https:\/\/kem-europe.eu\/de\/wp-json\/wp\/v2\/media?parent=2624"}],"wp:term":[{"taxonomy":"product_brand","embeddable":true,"href":"https:\/\/kem-europe.eu\/de\/wp-json\/wp\/v2\/product_brand?post=2624"},{"taxonomy":"product_cat","embeddable":true,"href":"https:\/\/kem-europe.eu\/de\/wp-json\/wp\/v2\/product_cat?post=2624"},{"taxonomy":"product_tag","embeddable":true,"href":"https:\/\/kem-europe.eu\/de\/wp-json\/wp\/v2\/product_tag?post=2624"}],"curies":[{"name":"wp","href":"https:\/\/api.w.org\/{rel}","templated":true}]}}