{"id":2640,"date":"2025-02-27T08:38:25","date_gmt":"2025-02-27T08:38:25","guid":{"rendered":"https:\/\/kem-europe.eu\/?post_type=product&#038;p=2640"},"modified":"2025-02-27T13:06:04","modified_gmt":"2025-02-27T13:06:04","slug":"lenox-bi-metall-reziprosaegeblatt-10-14-tpi-110r","status":"publish","type":"product","link":"https:\/\/kem-europe.eu\/de\/product\/lenox-bi-metalen-reciprozaagblad-10-14-tpi-110r\/","title":{"rendered":"Lenox Bi-Metall-S\u00e4bels\u00e4geblatt - 10\/14 TPI - 110R"},"content":{"rendered":"<p><strong>Merkmale: Lenox Bi-Metall Stichs\u00e4geblatt - 10\/14 TPI - 110R<\/strong><\/p>\n<p>St\u00e4rker gebaut. L\u00e4nger haltbar.<\/p>\n<ul>\n<li><strong>Power Blast Technology verl\u00e4ngert die Lebensdauer der Klinge<\/strong><em><br \/>\n<\/em>Die Power Blast Technology entlang der Schneidkanten macht die Klingen st\u00e4rker, verringert das Bruchrisiko und erh\u00f6ht die Haltbarkeit.<\/li>\n<li><strong>L\u00e4ngere Lebensdauer der Klinge und gr\u00f6\u00dfere Vielseitigkeit<\/strong><em><br \/>\n<\/em>Die patentierte T2-Technologie reduziert die Schnittkr\u00e4fte an jedem Zahn und optimiert die Spanabfuhr, um ein effektives Schneiden in einer Vielzahl von Materialien zu erm\u00f6glichen.<\/li>\n<li><strong>T2-Technologie<\/strong><em><br \/>\n<\/em>\u00a0Dieses Zahndesign h\u00e4lt bis zu 2x l\u00e4nger als das Vorg\u00e4ngermodell von Lenox.<\/li>\n<li><strong>Optimierte Blattform<\/strong><em><br \/>\n<\/em>Jedes S\u00e4geblatt hat eine einzigartige Konstruktion mit einem aggressiven Aufnahmewinkel und einer sich verj\u00fcngenden Blattform, die das Schneiden in engen R\u00e4umen erm\u00f6glicht.<\/li>\n<li><strong>Konzipiert f\u00fcr Leistung<\/strong><em><br \/>\n<\/em>Die spezielle Konstruktion minimiert die Reibung und W\u00e4rmeentwicklung beim Schneiden einer Vielzahl von Metallen.<\/li>\n<\/ul>\n<p><strong>Technische Daten<\/strong><\/p>\n<ul>\n<li>Abmessungen - 305 x 19 x 1,3 mm<\/li>\n<li>TPI - 10\/14<\/li>\n<li>Anwendung - Bi-Metalle<\/li>\n<\/ul>\n<p><strong>Umfang der Lieferung<\/strong><\/p>\n<ul>\n<li>Lenox Bi-Metall-S\u00e4bels\u00e4geblatt - 10\/14 TPI - 110R<\/li>\n<\/ul>\n<p>&nbsp;<\/p>\n<p>&nbsp;<\/p>\n<p>&nbsp;<\/p>\n<p>&nbsp;<\/p>","protected":false},"excerpt":{"rendered":"<p>St\u00e4rker gebaut. L\u00e4nger haltbar.<\/p>","protected":false},"featured_media":2666,"comment_status":"closed","ping_status":"closed","template":"","meta":[],"product_brand":[621],"product_cat":[510,269,283],"product_tag":[],"class_list":{"0":"post-2640","1":"product","2":"type-product","3":"status-publish","4":"has-post-thumbnail","6":"product_brand-lenox","7":"product_cat-reciprozaagbladen","8":"product_cat-verbruiksartikelen-2","9":"product_cat-zagen-2","11":"first","12":"instock","13":"purchasable","14":"product-type-simple"},"ct_brands":[{"id":621,"name":"LENOX","slug":"lenox"}],"yoast_head":"<!-- This site is optimized with the Yoast SEO plugin v27.3 - https:\/\/yoast.com\/product\/yoast-seo-wordpress\/ -->\n<title>Lenox Bi-metalen Reciprozaagblad - 10\/14 TPI - 110R - KEM Europe<\/title>\n<meta name=\"robots\" content=\"index, follow, max-snippet:-1, max-image-preview:large, max-video-preview:-1\" \/>\n<link rel=\"canonical\" href=\"https:\/\/kem-europe.eu\/de\/produkt\/lenox-bi-metall-reziprosaegeblatt-10-14-tpi-110r\/\" \/>\n<meta property=\"og:locale\" content=\"de_DE\" \/>\n<meta property=\"og:type\" content=\"article\" \/>\n<meta property=\"og:title\" content=\"Lenox Bi-metalen Reciprozaagblad - 10\/14 TPI - 110R - KEM Europe\" \/>\n<meta property=\"og:description\" content=\"Sterker gebouwd. Gaan langer mee.\" \/>\n<meta property=\"og:url\" content=\"https:\/\/kem-europe.eu\/de\/produkt\/lenox-bi-metall-reziprosaegeblatt-10-14-tpi-110r\/\" \/>\n<meta property=\"og:site_name\" content=\"KEM Europe\" \/>\n<meta property=\"article:modified_time\" content=\"2025-02-27T13:06:04+00:00\" \/>\n<meta property=\"og:image\" content=\"https:\/\/kem-europe.eu\/wp-content\/uploads\/2025\/02\/Lenox-110R.jpg\" \/>\n\t<meta property=\"og:image:width\" content=\"700\" \/>\n\t<meta property=\"og:image:height\" content=\"700\" \/>\n\t<meta property=\"og:image:type\" content=\"image\/jpeg\" \/>\n<meta name=\"twitter:card\" content=\"summary_large_image\" \/>\n<meta name=\"twitter:label1\" content=\"Gesch\u00e4tzte Lesezeit\" \/>\n\t<meta name=\"twitter:data1\" content=\"1\u00a0Minute\" \/>\n<script type=\"application\/ld+json\" class=\"yoast-schema-graph\">{\"@context\":\"https:\\\/\\\/schema.org\",\"@graph\":[{\"@type\":\"WebPage\",\"@id\":\"https:\\\/\\\/kem-europe.eu\\\/product\\\/lenox-bi-metalen-reciprozaagblad-10-14-tpi-110r\\\/\",\"url\":\"https:\\\/\\\/kem-europe.eu\\\/product\\\/lenox-bi-metalen-reciprozaagblad-10-14-tpi-110r\\\/\",\"name\":\"Lenox Bi-metalen Reciprozaagblad - 10\\\/14 TPI - 110R - KEM Europe\",\"isPartOf\":{\"@id\":\"https:\\\/\\\/kem-europe.eu\\\/#website\"},\"primaryImageOfPage\":{\"@id\":\"https:\\\/\\\/kem-europe.eu\\\/product\\\/lenox-bi-metalen-reciprozaagblad-10-14-tpi-110r\\\/#primaryimage\"},\"image\":{\"@id\":\"https:\\\/\\\/kem-europe.eu\\\/product\\\/lenox-bi-metalen-reciprozaagblad-10-14-tpi-110r\\\/#primaryimage\"},\"thumbnailUrl\":\"https:\\\/\\\/kem-europe.eu\\\/wp-content\\\/uploads\\\/2025\\\/02\\\/Lenox-110R.jpg\",\"datePublished\":\"2025-02-27T08:38:25+00:00\",\"dateModified\":\"2025-02-27T13:06:04+00:00\",\"breadcrumb\":{\"@id\":\"https:\\\/\\\/kem-europe.eu\\\/product\\\/lenox-bi-metalen-reciprozaagblad-10-14-tpi-110r\\\/#breadcrumb\"},\"inLanguage\":\"de\",\"potentialAction\":[{\"@type\":\"ReadAction\",\"target\":[\"https:\\\/\\\/kem-europe.eu\\\/product\\\/lenox-bi-metalen-reciprozaagblad-10-14-tpi-110r\\\/\"]}]},{\"@type\":\"ImageObject\",\"inLanguage\":\"de\",\"@id\":\"https:\\\/\\\/kem-europe.eu\\\/product\\\/lenox-bi-metalen-reciprozaagblad-10-14-tpi-110r\\\/#primaryimage\",\"url\":\"https:\\\/\\\/kem-europe.eu\\\/wp-content\\\/uploads\\\/2025\\\/02\\\/Lenox-110R.jpg\",\"contentUrl\":\"https:\\\/\\\/kem-europe.eu\\\/wp-content\\\/uploads\\\/2025\\\/02\\\/Lenox-110R.jpg\",\"width\":700,\"height\":700},{\"@type\":\"BreadcrumbList\",\"@id\":\"https:\\\/\\\/kem-europe.eu\\\/product\\\/lenox-bi-metalen-reciprozaagblad-10-14-tpi-110r\\\/#breadcrumb\",\"itemListElement\":[{\"@type\":\"ListItem\",\"position\":1,\"name\":\"Home\",\"item\":\"https:\\\/\\\/kem-europe.eu\\\/\"},{\"@type\":\"ListItem\",\"position\":2,\"name\":\"Winkel\",\"item\":\"https:\\\/\\\/kem-europe.eu\\\/winkel\\\/\"},{\"@type\":\"ListItem\",\"position\":3,\"name\":\"Lenox Bi-metalen Reciprozaagblad &#8211; 10\\\/14 TPI &#8211; 110R\"}]},{\"@type\":\"WebSite\",\"@id\":\"https:\\\/\\\/kem-europe.eu\\\/#website\",\"url\":\"https:\\\/\\\/kem-europe.eu\\\/\",\"name\":\"KEM Europe\",\"description\":\"\",\"publisher\":{\"@id\":\"https:\\\/\\\/kem-europe.eu\\\/#organization\"},\"potentialAction\":[{\"@type\":\"SearchAction\",\"target\":{\"@type\":\"EntryPoint\",\"urlTemplate\":\"https:\\\/\\\/kem-europe.eu\\\/?s={search_term_string}\"},\"query-input\":{\"@type\":\"PropertyValueSpecification\",\"valueRequired\":true,\"valueName\":\"search_term_string\"}}],\"inLanguage\":\"de\"},{\"@type\":\"Organization\",\"@id\":\"https:\\\/\\\/kem-europe.eu\\\/#organization\",\"name\":\"KEM Europe\",\"url\":\"https:\\\/\\\/kem-europe.eu\\\/\",\"logo\":{\"@type\":\"ImageObject\",\"inLanguage\":\"de\",\"@id\":\"https:\\\/\\\/kem-europe.eu\\\/#\\\/schema\\\/logo\\\/image\\\/\",\"url\":\"https:\\\/\\\/kem-europe.eu\\\/wp-content\\\/uploads\\\/2025\\\/02\\\/KEM2019-BLACK-1500W.png\",\"contentUrl\":\"https:\\\/\\\/kem-europe.eu\\\/wp-content\\\/uploads\\\/2025\\\/02\\\/KEM2019-BLACK-1500W.png\",\"width\":1500,\"height\":626,\"caption\":\"KEM Europe\"},\"image\":{\"@id\":\"https:\\\/\\\/kem-europe.eu\\\/#\\\/schema\\\/logo\\\/image\\\/\"}}]}<\/script>\n<!-- \/ Yoast SEO plugin. -->","yoast_head_json":{"title":"Lenox Bi-Metall Stichs\u00e4geblatt - 10\/14 TPI - 110R - KEM Europe","robots":{"index":"index","follow":"follow","max-snippet":"max-snippet:-1","max-image-preview":"max-image-preview:large","max-video-preview":"max-video-preview:-1"},"canonical":"https:\/\/kem-europe.eu\/de\/produkt\/lenox-bi-metall-reziprosaegeblatt-10-14-tpi-110r\/","og_locale":"de_DE","og_type":"article","og_title":"Lenox Bi-metalen Reciprozaagblad - 10\/14 TPI - 110R - KEM Europe","og_description":"Sterker gebouwd. Gaan langer mee.","og_url":"https:\/\/kem-europe.eu\/de\/produkt\/lenox-bi-metall-reziprosaegeblatt-10-14-tpi-110r\/","og_site_name":"KEM Europe","article_modified_time":"2025-02-27T13:06:04+00:00","og_image":[{"width":700,"height":700,"url":"https:\/\/kem-europe.eu\/wp-content\/uploads\/2025\/02\/Lenox-110R.jpg","type":"image\/jpeg"}],"twitter_card":"summary_large_image","twitter_misc":{"Gesch\u00e4tzte Lesezeit":"1\u00a0Minute"},"schema":{"@context":"https:\/\/schema.org","@graph":[{"@type":"WebPage","@id":"https:\/\/kem-europe.eu\/product\/lenox-bi-metalen-reciprozaagblad-10-14-tpi-110r\/","url":"https:\/\/kem-europe.eu\/product\/lenox-bi-metalen-reciprozaagblad-10-14-tpi-110r\/","name":"Lenox Bi-Metall Stichs\u00e4geblatt - 10\/14 TPI - 110R - KEM Europe","isPartOf":{"@id":"https:\/\/kem-europe.eu\/#website"},"primaryImageOfPage":{"@id":"https:\/\/kem-europe.eu\/product\/lenox-bi-metalen-reciprozaagblad-10-14-tpi-110r\/#primaryimage"},"image":{"@id":"https:\/\/kem-europe.eu\/product\/lenox-bi-metalen-reciprozaagblad-10-14-tpi-110r\/#primaryimage"},"thumbnailUrl":"https:\/\/kem-europe.eu\/wp-content\/uploads\/2025\/02\/Lenox-110R.jpg","datePublished":"2025-02-27T08:38:25+00:00","dateModified":"2025-02-27T13:06:04+00:00","breadcrumb":{"@id":"https:\/\/kem-europe.eu\/product\/lenox-bi-metalen-reciprozaagblad-10-14-tpi-110r\/#breadcrumb"},"inLanguage":"de","potentialAction":[{"@type":"ReadAction","target":["https:\/\/kem-europe.eu\/product\/lenox-bi-metalen-reciprozaagblad-10-14-tpi-110r\/"]}]},{"@type":"ImageObject","inLanguage":"de","@id":"https:\/\/kem-europe.eu\/product\/lenox-bi-metalen-reciprozaagblad-10-14-tpi-110r\/#primaryimage","url":"https:\/\/kem-europe.eu\/wp-content\/uploads\/2025\/02\/Lenox-110R.jpg","contentUrl":"https:\/\/kem-europe.eu\/wp-content\/uploads\/2025\/02\/Lenox-110R.jpg","width":700,"height":700},{"@type":"BreadcrumbList","@id":"https:\/\/kem-europe.eu\/product\/lenox-bi-metalen-reciprozaagblad-10-14-tpi-110r\/#breadcrumb","itemListElement":[{"@type":"ListItem","position":1,"name":"Home","item":"https:\/\/kem-europe.eu\/"},{"@type":"ListItem","position":2,"name":"Winkel","item":"https:\/\/kem-europe.eu\/winkel\/"},{"@type":"ListItem","position":3,"name":"Lenox Bi-metalen Reciprozaagblad &#8211; 10\/14 TPI &#8211; 110R"}]},{"@type":"WebSite","@id":"https:\/\/kem-europe.eu\/#website","url":"https:\/\/kem-europe.eu\/","name":"KEM Europe","description":"","publisher":{"@id":"https:\/\/kem-europe.eu\/#organization"},"potentialAction":[{"@type":"SearchAction","target":{"@type":"EntryPoint","urlTemplate":"https:\/\/kem-europe.eu\/?s={search_term_string}"},"query-input":{"@type":"PropertyValueSpecification","valueRequired":true,"valueName":"search_term_string"}}],"inLanguage":"de"},{"@type":"Organization","@id":"https:\/\/kem-europe.eu\/#organization","name":"KEM Europe","url":"https:\/\/kem-europe.eu\/","logo":{"@type":"ImageObject","inLanguage":"de","@id":"https:\/\/kem-europe.eu\/#\/schema\/logo\/image\/","url":"https:\/\/kem-europe.eu\/wp-content\/uploads\/2025\/02\/KEM2019-BLACK-1500W.png","contentUrl":"https:\/\/kem-europe.eu\/wp-content\/uploads\/2025\/02\/KEM2019-BLACK-1500W.png","width":1500,"height":626,"caption":"KEM Europe"},"image":{"@id":"https:\/\/kem-europe.eu\/#\/schema\/logo\/image\/"}}]}},"_links":{"self":[{"href":"https:\/\/kem-europe.eu\/de\/wp-json\/wp\/v2\/product\/2640","targetHints":{"allow":["GET"]}}],"collection":[{"href":"https:\/\/kem-europe.eu\/de\/wp-json\/wp\/v2\/product"}],"about":[{"href":"https:\/\/kem-europe.eu\/de\/wp-json\/wp\/v2\/types\/product"}],"replies":[{"embeddable":true,"href":"https:\/\/kem-europe.eu\/de\/wp-json\/wp\/v2\/comments?post=2640"}],"wp:featuredmedia":[{"embeddable":true,"href":"https:\/\/kem-europe.eu\/de\/wp-json\/wp\/v2\/media\/2666"}],"wp:attachment":[{"href":"https:\/\/kem-europe.eu\/de\/wp-json\/wp\/v2\/media?parent=2640"}],"wp:term":[{"taxonomy":"product_brand","embeddable":true,"href":"https:\/\/kem-europe.eu\/de\/wp-json\/wp\/v2\/product_brand?post=2640"},{"taxonomy":"product_cat","embeddable":true,"href":"https:\/\/kem-europe.eu\/de\/wp-json\/wp\/v2\/product_cat?post=2640"},{"taxonomy":"product_tag","embeddable":true,"href":"https:\/\/kem-europe.eu\/de\/wp-json\/wp\/v2\/product_tag?post=2640"}],"curies":[{"name":"wp","href":"https:\/\/api.w.org\/{rel}","templated":true}]}}