{"id":2645,"date":"2025-02-27T08:38:26","date_gmt":"2025-02-27T08:38:26","guid":{"rendered":"https:\/\/kem-europe.eu\/?post_type=product&#038;p=2645"},"modified":"2025-02-27T13:00:16","modified_gmt":"2025-02-27T13:00:16","slug":"lenox-diamant-reziprosaegeblatt-800dtdg","status":"publish","type":"product","link":"https:\/\/kem-europe.eu\/de\/product\/lenox-diamond-reciprozaagblad-800dtdg\/","title":{"rendered":"Lenox Diamant-S\u00e4bels\u00e4geblatt - 800DTDG"},"content":{"rendered":"<p><strong>Merkmale: Lenox Diamant-Recipro-S\u00e4geblatt - 800DTDG<\/strong><\/p>\n<ul>\n<li><strong>L\u00e4ngere Lebenserwartung<\/strong><br \/>\nIn eine Nickellegierung eingebettete Diamantpartikel garantieren Sch\u00e4rfe, um auch dort zu schneiden, wo klassische Hartmetallkugeln versagen w\u00fcrden.<\/li>\n<li><strong>Schneidet 3x schneller<\/strong><br \/>\nEin schmaler Schnitt erm\u00f6glicht d\u00fcnnere und schnellere Schnitte.<\/li>\n<li><strong>Gerade, glatte Schnitte<\/strong><br \/>\nIm Gegensatz zu gro\u00dfen Rohrschneidern, die Rohre quetschen und schlampige, ungleichm\u00e4\u00dfige Schnitte erzeugen, liefert der Lenox Diamond glatte Schnitte. Langlebige Stahlverst\u00e4rkung mit Chromlegierung sorgt f\u00fcr zus\u00e4tzliche Stabilit\u00e4t.<\/li>\n<\/ul>\n<p><strong>Technische Daten<\/strong><\/p>\n<ul>\n<li>Abmessungen - 225 x 19 x 1 mm Diamantkorn<\/li>\n<li>Aufnahme - Doppelaufnahme<\/li>\n<\/ul>\n<p><strong>Umfang der Lieferung<\/strong><\/p>\n<ul>\n<li>Lenox Diamant-S\u00e4bels\u00e4geblatt - 800DTDG<\/li>\n<\/ul>\n<p>&nbsp;<\/p>","protected":false},"excerpt":{"rendered":"<p>Kenmerken:\u00a0Lenox Diamond Reciprozaagblad &#8211; 800DTDG Langere levensduur Diamantdeeltjes ingebed in een nikkellegering garanderen de scherpte om te kunnen blijven snijden waar klassieke carbidekorrel het zouden begeven. Zaagt 3x sneller Een smalle zaagsnede maakt dunnere en snellere snedes mogelijk. Rechte, gladde snedes Anders dan grote buizenknippers die buizen pletten en slordige, ongelijke snedes opleveren, levert de [&hellip;]<\/p>\n","protected":false},"featured_media":2671,"comment_status":"closed","ping_status":"closed","template":"","meta":[],"product_brand":[621],"product_cat":[510,269,283],"product_tag":[],"class_list":{"0":"post-2645","1":"product","2":"type-product","3":"status-publish","4":"has-post-thumbnail","6":"product_brand-lenox","7":"product_cat-reciprozaagbladen","8":"product_cat-verbruiksartikelen-2","9":"product_cat-zagen-2","11":"first","12":"instock","13":"purchasable","14":"product-type-simple"},"ct_brands":[{"id":621,"name":"LENOX","slug":"lenox"}],"yoast_head":"<!-- This site is optimized with the Yoast SEO plugin v27.3 - https:\/\/yoast.com\/product\/yoast-seo-wordpress\/ -->\n<title>Lenox Diamond Reciprozaagblad - 800DTDG - KEM Europe<\/title>\n<meta name=\"robots\" content=\"index, follow, max-snippet:-1, max-image-preview:large, max-video-preview:-1\" \/>\n<link rel=\"canonical\" href=\"https:\/\/kem-europe.eu\/de\/produkt\/lenox-diamant-reziprosaegeblatt-800dtdg\/\" \/>\n<meta property=\"og:locale\" content=\"de_DE\" \/>\n<meta property=\"og:type\" content=\"article\" \/>\n<meta property=\"og:title\" content=\"Lenox Diamond Reciprozaagblad - 800DTDG - KEM Europe\" \/>\n<meta property=\"og:description\" content=\"Kenmerken:\u00a0Lenox Diamond Reciprozaagblad &#8211; 800DTDG Langere levensduur Diamantdeeltjes ingebed in een nikkellegering garanderen de scherpte om te kunnen blijven snijden waar klassieke carbidekorrel het zouden begeven. Zaagt 3x sneller Een smalle zaagsnede maakt dunnere en snellere snedes mogelijk. Rechte, gladde snedes Anders dan grote buizenknippers die buizen pletten en slordige, ongelijke snedes opleveren, levert de [&hellip;]\" \/>\n<meta property=\"og:url\" content=\"https:\/\/kem-europe.eu\/de\/produkt\/lenox-diamant-reziprosaegeblatt-800dtdg\/\" \/>\n<meta property=\"og:site_name\" content=\"KEM Europe\" \/>\n<meta property=\"article:modified_time\" content=\"2025-02-27T13:00:16+00:00\" \/>\n<meta property=\"og:image\" content=\"https:\/\/kem-europe.eu\/wp-content\/uploads\/2025\/02\/Lenox-800DTDG.jpg\" \/>\n\t<meta property=\"og:image:width\" content=\"700\" \/>\n\t<meta property=\"og:image:height\" content=\"700\" \/>\n\t<meta property=\"og:image:type\" content=\"image\/jpeg\" \/>\n<meta name=\"twitter:card\" content=\"summary_large_image\" \/>\n<script type=\"application\/ld+json\" class=\"yoast-schema-graph\">{\"@context\":\"https:\\\/\\\/schema.org\",\"@graph\":[{\"@type\":\"WebPage\",\"@id\":\"https:\\\/\\\/kem-europe.eu\\\/product\\\/lenox-diamond-reciprozaagblad-800dtdg\\\/\",\"url\":\"https:\\\/\\\/kem-europe.eu\\\/product\\\/lenox-diamond-reciprozaagblad-800dtdg\\\/\",\"name\":\"Lenox Diamond Reciprozaagblad - 800DTDG - KEM Europe\",\"isPartOf\":{\"@id\":\"https:\\\/\\\/kem-europe.eu\\\/#website\"},\"primaryImageOfPage\":{\"@id\":\"https:\\\/\\\/kem-europe.eu\\\/product\\\/lenox-diamond-reciprozaagblad-800dtdg\\\/#primaryimage\"},\"image\":{\"@id\":\"https:\\\/\\\/kem-europe.eu\\\/product\\\/lenox-diamond-reciprozaagblad-800dtdg\\\/#primaryimage\"},\"thumbnailUrl\":\"https:\\\/\\\/kem-europe.eu\\\/wp-content\\\/uploads\\\/2025\\\/02\\\/Lenox-800DTDG.jpg\",\"datePublished\":\"2025-02-27T08:38:26+00:00\",\"dateModified\":\"2025-02-27T13:00:16+00:00\",\"breadcrumb\":{\"@id\":\"https:\\\/\\\/kem-europe.eu\\\/product\\\/lenox-diamond-reciprozaagblad-800dtdg\\\/#breadcrumb\"},\"inLanguage\":\"de\",\"potentialAction\":[{\"@type\":\"ReadAction\",\"target\":[\"https:\\\/\\\/kem-europe.eu\\\/product\\\/lenox-diamond-reciprozaagblad-800dtdg\\\/\"]}]},{\"@type\":\"ImageObject\",\"inLanguage\":\"de\",\"@id\":\"https:\\\/\\\/kem-europe.eu\\\/product\\\/lenox-diamond-reciprozaagblad-800dtdg\\\/#primaryimage\",\"url\":\"https:\\\/\\\/kem-europe.eu\\\/wp-content\\\/uploads\\\/2025\\\/02\\\/Lenox-800DTDG.jpg\",\"contentUrl\":\"https:\\\/\\\/kem-europe.eu\\\/wp-content\\\/uploads\\\/2025\\\/02\\\/Lenox-800DTDG.jpg\",\"width\":700,\"height\":700},{\"@type\":\"BreadcrumbList\",\"@id\":\"https:\\\/\\\/kem-europe.eu\\\/product\\\/lenox-diamond-reciprozaagblad-800dtdg\\\/#breadcrumb\",\"itemListElement\":[{\"@type\":\"ListItem\",\"position\":1,\"name\":\"Home\",\"item\":\"https:\\\/\\\/kem-europe.eu\\\/\"},{\"@type\":\"ListItem\",\"position\":2,\"name\":\"Winkel\",\"item\":\"https:\\\/\\\/kem-europe.eu\\\/winkel\\\/\"},{\"@type\":\"ListItem\",\"position\":3,\"name\":\"Lenox Diamond Reciprozaagblad &#8211; 800DTDG\"}]},{\"@type\":\"WebSite\",\"@id\":\"https:\\\/\\\/kem-europe.eu\\\/#website\",\"url\":\"https:\\\/\\\/kem-europe.eu\\\/\",\"name\":\"KEM Europe\",\"description\":\"\",\"publisher\":{\"@id\":\"https:\\\/\\\/kem-europe.eu\\\/#organization\"},\"potentialAction\":[{\"@type\":\"SearchAction\",\"target\":{\"@type\":\"EntryPoint\",\"urlTemplate\":\"https:\\\/\\\/kem-europe.eu\\\/?s={search_term_string}\"},\"query-input\":{\"@type\":\"PropertyValueSpecification\",\"valueRequired\":true,\"valueName\":\"search_term_string\"}}],\"inLanguage\":\"de\"},{\"@type\":\"Organization\",\"@id\":\"https:\\\/\\\/kem-europe.eu\\\/#organization\",\"name\":\"KEM Europe\",\"url\":\"https:\\\/\\\/kem-europe.eu\\\/\",\"logo\":{\"@type\":\"ImageObject\",\"inLanguage\":\"de\",\"@id\":\"https:\\\/\\\/kem-europe.eu\\\/#\\\/schema\\\/logo\\\/image\\\/\",\"url\":\"https:\\\/\\\/kem-europe.eu\\\/wp-content\\\/uploads\\\/2025\\\/02\\\/KEM2019-BLACK-1500W.png\",\"contentUrl\":\"https:\\\/\\\/kem-europe.eu\\\/wp-content\\\/uploads\\\/2025\\\/02\\\/KEM2019-BLACK-1500W.png\",\"width\":1500,\"height\":626,\"caption\":\"KEM Europe\"},\"image\":{\"@id\":\"https:\\\/\\\/kem-europe.eu\\\/#\\\/schema\\\/logo\\\/image\\\/\"}}]}<\/script>\n<!-- \/ Yoast SEO plugin. -->","yoast_head_json":{"title":"Lenox Diamant-S\u00e4bels\u00e4geblatt - 800DTDG - KEM Europe","robots":{"index":"index","follow":"follow","max-snippet":"max-snippet:-1","max-image-preview":"max-image-preview:large","max-video-preview":"max-video-preview:-1"},"canonical":"https:\/\/kem-europe.eu\/de\/produkt\/lenox-diamant-reziprosaegeblatt-800dtdg\/","og_locale":"de_DE","og_type":"article","og_title":"Lenox Diamond Reciprozaagblad - 800DTDG - KEM Europe","og_description":"Kenmerken:\u00a0Lenox Diamond Reciprozaagblad &#8211; 800DTDG Langere levensduur Diamantdeeltjes ingebed in een nikkellegering garanderen de scherpte om te kunnen blijven snijden waar klassieke carbidekorrel het zouden begeven. Zaagt 3x sneller Een smalle zaagsnede maakt dunnere en snellere snedes mogelijk. Rechte, gladde snedes Anders dan grote buizenknippers die buizen pletten en slordige, ongelijke snedes opleveren, levert de [&hellip;]","og_url":"https:\/\/kem-europe.eu\/de\/produkt\/lenox-diamant-reziprosaegeblatt-800dtdg\/","og_site_name":"KEM Europe","article_modified_time":"2025-02-27T13:00:16+00:00","og_image":[{"width":700,"height":700,"url":"https:\/\/kem-europe.eu\/wp-content\/uploads\/2025\/02\/Lenox-800DTDG.jpg","type":"image\/jpeg"}],"twitter_card":"summary_large_image","schema":{"@context":"https:\/\/schema.org","@graph":[{"@type":"WebPage","@id":"https:\/\/kem-europe.eu\/product\/lenox-diamond-reciprozaagblad-800dtdg\/","url":"https:\/\/kem-europe.eu\/product\/lenox-diamond-reciprozaagblad-800dtdg\/","name":"Lenox Diamant-S\u00e4bels\u00e4geblatt - 800DTDG - KEM Europe","isPartOf":{"@id":"https:\/\/kem-europe.eu\/#website"},"primaryImageOfPage":{"@id":"https:\/\/kem-europe.eu\/product\/lenox-diamond-reciprozaagblad-800dtdg\/#primaryimage"},"image":{"@id":"https:\/\/kem-europe.eu\/product\/lenox-diamond-reciprozaagblad-800dtdg\/#primaryimage"},"thumbnailUrl":"https:\/\/kem-europe.eu\/wp-content\/uploads\/2025\/02\/Lenox-800DTDG.jpg","datePublished":"2025-02-27T08:38:26+00:00","dateModified":"2025-02-27T13:00:16+00:00","breadcrumb":{"@id":"https:\/\/kem-europe.eu\/product\/lenox-diamond-reciprozaagblad-800dtdg\/#breadcrumb"},"inLanguage":"de","potentialAction":[{"@type":"ReadAction","target":["https:\/\/kem-europe.eu\/product\/lenox-diamond-reciprozaagblad-800dtdg\/"]}]},{"@type":"ImageObject","inLanguage":"de","@id":"https:\/\/kem-europe.eu\/product\/lenox-diamond-reciprozaagblad-800dtdg\/#primaryimage","url":"https:\/\/kem-europe.eu\/wp-content\/uploads\/2025\/02\/Lenox-800DTDG.jpg","contentUrl":"https:\/\/kem-europe.eu\/wp-content\/uploads\/2025\/02\/Lenox-800DTDG.jpg","width":700,"height":700},{"@type":"BreadcrumbList","@id":"https:\/\/kem-europe.eu\/product\/lenox-diamond-reciprozaagblad-800dtdg\/#breadcrumb","itemListElement":[{"@type":"ListItem","position":1,"name":"Home","item":"https:\/\/kem-europe.eu\/"},{"@type":"ListItem","position":2,"name":"Winkel","item":"https:\/\/kem-europe.eu\/winkel\/"},{"@type":"ListItem","position":3,"name":"Lenox Diamond Reciprozaagblad &#8211; 800DTDG"}]},{"@type":"WebSite","@id":"https:\/\/kem-europe.eu\/#website","url":"https:\/\/kem-europe.eu\/","name":"KEM Europe","description":"","publisher":{"@id":"https:\/\/kem-europe.eu\/#organization"},"potentialAction":[{"@type":"SearchAction","target":{"@type":"EntryPoint","urlTemplate":"https:\/\/kem-europe.eu\/?s={search_term_string}"},"query-input":{"@type":"PropertyValueSpecification","valueRequired":true,"valueName":"search_term_string"}}],"inLanguage":"de"},{"@type":"Organization","@id":"https:\/\/kem-europe.eu\/#organization","name":"KEM Europe","url":"https:\/\/kem-europe.eu\/","logo":{"@type":"ImageObject","inLanguage":"de","@id":"https:\/\/kem-europe.eu\/#\/schema\/logo\/image\/","url":"https:\/\/kem-europe.eu\/wp-content\/uploads\/2025\/02\/KEM2019-BLACK-1500W.png","contentUrl":"https:\/\/kem-europe.eu\/wp-content\/uploads\/2025\/02\/KEM2019-BLACK-1500W.png","width":1500,"height":626,"caption":"KEM Europe"},"image":{"@id":"https:\/\/kem-europe.eu\/#\/schema\/logo\/image\/"}}]}},"_links":{"self":[{"href":"https:\/\/kem-europe.eu\/de\/wp-json\/wp\/v2\/product\/2645","targetHints":{"allow":["GET"]}}],"collection":[{"href":"https:\/\/kem-europe.eu\/de\/wp-json\/wp\/v2\/product"}],"about":[{"href":"https:\/\/kem-europe.eu\/de\/wp-json\/wp\/v2\/types\/product"}],"replies":[{"embeddable":true,"href":"https:\/\/kem-europe.eu\/de\/wp-json\/wp\/v2\/comments?post=2645"}],"wp:featuredmedia":[{"embeddable":true,"href":"https:\/\/kem-europe.eu\/de\/wp-json\/wp\/v2\/media\/2671"}],"wp:attachment":[{"href":"https:\/\/kem-europe.eu\/de\/wp-json\/wp\/v2\/media?parent=2645"}],"wp:term":[{"taxonomy":"product_brand","embeddable":true,"href":"https:\/\/kem-europe.eu\/de\/wp-json\/wp\/v2\/product_brand?post=2645"},{"taxonomy":"product_cat","embeddable":true,"href":"https:\/\/kem-europe.eu\/de\/wp-json\/wp\/v2\/product_cat?post=2645"},{"taxonomy":"product_tag","embeddable":true,"href":"https:\/\/kem-europe.eu\/de\/wp-json\/wp\/v2\/product_tag?post=2645"}],"curies":[{"name":"wp","href":"https:\/\/api.w.org\/{rel}","templated":true}]}}