{"id":2648,"date":"2025-02-27T08:38:26","date_gmt":"2025-02-27T08:38:26","guid":{"rendered":"https:\/\/kem-europe.eu\/?post_type=product&#038;p=2648"},"modified":"2025-02-27T13:00:25","modified_gmt":"2025-02-27T13:00:25","slug":"lenox-reziprosaegeblatt-kit-13-teilig-metall","status":"publish","type":"product","link":"https:\/\/kem-europe.eu\/de\/product\/lenox-reciprozaagblad-kit-13-delige-metaalset\/","title":{"rendered":"Lenox Stichs\u00e4geblatt-Satz 13-teiliger Metall-Satz"},"content":{"rendered":"<p><strong>Merkmale: Lenox Recipro-S\u00e4geblatt-Kit 13-teiliger Metall-Satz<\/strong><\/p>\n<ul>\n<li><strong>Power Blast Technology\u2122 verl\u00e4ngert die Lebensdauer\u00a0<\/strong><br \/>\nDie Power Blast Technology entlang der Schneidkanten macht die Klingen st\u00e4rker, reduziert das Bruchrisiko und erh\u00f6ht die Haltbarkeit<\/li>\n<li><strong>Optimierte Blattform<\/strong><br \/>\nJedes S\u00e4geblatt hat eine einzigartige Konstruktion mit einem aggressiven Aufnahmewinkel und einer sich verj\u00fcngenden Blattform, die das Schneiden in engen R\u00e4umen erm\u00f6glicht<\/li>\n<\/ul>\n<ul class=\"fr-tag\">\n<li class=\"fr-tag\"><strong>Konzipiert f\u00fcr Leistung<\/strong><br \/>\nSpezielles Design minimiert Reibung und W\u00e4rmeentwicklung beim Schneiden in einer Vielzahl von Metallen<\/li>\n<\/ul>\n<p><strong>Technische Daten<\/strong><\/p>\n<ul>\n<li>Abmessungen - 3x 614R \/ 3x 618R \/ 2x 818G \/ 3x 818R \/ 2x 960R<\/li>\n<\/ul>\n<p><strong>Umfang der Lieferung<\/strong><\/p>\n<ul>\n<li>Lenox Stichs\u00e4geblatt-Satz 13-teiliger Metall-Satz<\/li>\n<\/ul>","protected":false},"excerpt":{"rendered":"<p>Kenmerken: Lenox Reciprozaagblad kit 13-delige metaalset Power Blast Technology\u2122 verlengt de levensduur\u00a0 Door de Power Blast Technology die wordt toegepast langs de snijkanten, worden de bladen sterker, wordt de kans op breuken kleiner en wordt de duurzaamheid verhoogd Geoptimaliseerde zaagbladvorm Elk zaagblad heeft een unieke opbouw met een agressieve opnamehoek en een tapse bladvorm om [&hellip;]<\/p>\n","protected":false},"featured_media":2673,"comment_status":"closed","ping_status":"closed","template":"","meta":[],"product_brand":[621],"product_cat":[510,269,283],"product_tag":[],"class_list":{"0":"post-2648","1":"product","2":"type-product","3":"status-publish","4":"has-post-thumbnail","6":"product_brand-lenox","7":"product_cat-reciprozaagbladen","8":"product_cat-verbruiksartikelen-2","9":"product_cat-zagen-2","11":"first","12":"instock","13":"purchasable","14":"product-type-simple"},"ct_brands":[{"id":621,"name":"LENOX","slug":"lenox"}],"yoast_head":"<!-- This site is optimized with the Yoast SEO plugin v27.3 - https:\/\/yoast.com\/product\/yoast-seo-wordpress\/ -->\n<title>Lenox Reciprozaagblad kit 13-delige metaalset - KEM Europe<\/title>\n<meta name=\"robots\" content=\"index, follow, max-snippet:-1, max-image-preview:large, max-video-preview:-1\" \/>\n<link rel=\"canonical\" href=\"https:\/\/kem-europe.eu\/de\/produkt\/lenox-reziprosaegeblatt-kit-13-teilig-metall\/\" \/>\n<meta property=\"og:locale\" content=\"de_DE\" \/>\n<meta property=\"og:type\" content=\"article\" \/>\n<meta property=\"og:title\" content=\"Lenox Reciprozaagblad kit 13-delige metaalset - KEM Europe\" \/>\n<meta property=\"og:description\" content=\"Kenmerken: Lenox Reciprozaagblad kit 13-delige metaalset Power Blast Technology\u2122 verlengt de levensduur\u00a0 Door de Power Blast Technology die wordt toegepast langs de snijkanten, worden de bladen sterker, wordt de kans op breuken kleiner en wordt de duurzaamheid verhoogd Geoptimaliseerde zaagbladvorm Elk zaagblad heeft een unieke opbouw met een agressieve opnamehoek en een tapse bladvorm om [&hellip;]\" \/>\n<meta property=\"og:url\" content=\"https:\/\/kem-europe.eu\/de\/produkt\/lenox-reziprosaegeblatt-kit-13-teilig-metall\/\" \/>\n<meta property=\"og:site_name\" content=\"KEM Europe\" \/>\n<meta property=\"article:modified_time\" content=\"2025-02-27T13:00:25+00:00\" \/>\n<meta property=\"og:image\" content=\"https:\/\/kem-europe.eu\/wp-content\/uploads\/2025\/02\/13-delige-metaal-set.jpg\" \/>\n\t<meta property=\"og:image:width\" content=\"700\" \/>\n\t<meta property=\"og:image:height\" content=\"700\" \/>\n\t<meta property=\"og:image:type\" content=\"image\/jpeg\" \/>\n<meta name=\"twitter:card\" content=\"summary_large_image\" \/>\n<meta name=\"twitter:label1\" content=\"Gesch\u00e4tzte Lesezeit\" \/>\n\t<meta name=\"twitter:data1\" content=\"1\u00a0Minute\" \/>\n<script type=\"application\/ld+json\" class=\"yoast-schema-graph\">{\"@context\":\"https:\\\/\\\/schema.org\",\"@graph\":[{\"@type\":\"WebPage\",\"@id\":\"https:\\\/\\\/kem-europe.eu\\\/product\\\/lenox-reciprozaagblad-kit-13-delige-metaalset\\\/\",\"url\":\"https:\\\/\\\/kem-europe.eu\\\/product\\\/lenox-reciprozaagblad-kit-13-delige-metaalset\\\/\",\"name\":\"Lenox Reciprozaagblad kit 13-delige metaalset - KEM Europe\",\"isPartOf\":{\"@id\":\"https:\\\/\\\/kem-europe.eu\\\/#website\"},\"primaryImageOfPage\":{\"@id\":\"https:\\\/\\\/kem-europe.eu\\\/product\\\/lenox-reciprozaagblad-kit-13-delige-metaalset\\\/#primaryimage\"},\"image\":{\"@id\":\"https:\\\/\\\/kem-europe.eu\\\/product\\\/lenox-reciprozaagblad-kit-13-delige-metaalset\\\/#primaryimage\"},\"thumbnailUrl\":\"https:\\\/\\\/kem-europe.eu\\\/wp-content\\\/uploads\\\/2025\\\/02\\\/13-delige-metaal-set.jpg\",\"datePublished\":\"2025-02-27T08:38:26+00:00\",\"dateModified\":\"2025-02-27T13:00:25+00:00\",\"breadcrumb\":{\"@id\":\"https:\\\/\\\/kem-europe.eu\\\/product\\\/lenox-reciprozaagblad-kit-13-delige-metaalset\\\/#breadcrumb\"},\"inLanguage\":\"de\",\"potentialAction\":[{\"@type\":\"ReadAction\",\"target\":[\"https:\\\/\\\/kem-europe.eu\\\/product\\\/lenox-reciprozaagblad-kit-13-delige-metaalset\\\/\"]}]},{\"@type\":\"ImageObject\",\"inLanguage\":\"de\",\"@id\":\"https:\\\/\\\/kem-europe.eu\\\/product\\\/lenox-reciprozaagblad-kit-13-delige-metaalset\\\/#primaryimage\",\"url\":\"https:\\\/\\\/kem-europe.eu\\\/wp-content\\\/uploads\\\/2025\\\/02\\\/13-delige-metaal-set.jpg\",\"contentUrl\":\"https:\\\/\\\/kem-europe.eu\\\/wp-content\\\/uploads\\\/2025\\\/02\\\/13-delige-metaal-set.jpg\",\"width\":700,\"height\":700},{\"@type\":\"BreadcrumbList\",\"@id\":\"https:\\\/\\\/kem-europe.eu\\\/product\\\/lenox-reciprozaagblad-kit-13-delige-metaalset\\\/#breadcrumb\",\"itemListElement\":[{\"@type\":\"ListItem\",\"position\":1,\"name\":\"Home\",\"item\":\"https:\\\/\\\/kem-europe.eu\\\/\"},{\"@type\":\"ListItem\",\"position\":2,\"name\":\"Winkel\",\"item\":\"https:\\\/\\\/kem-europe.eu\\\/winkel\\\/\"},{\"@type\":\"ListItem\",\"position\":3,\"name\":\"Lenox Reciprozaagblad kit 13-delige metaalset\"}]},{\"@type\":\"WebSite\",\"@id\":\"https:\\\/\\\/kem-europe.eu\\\/#website\",\"url\":\"https:\\\/\\\/kem-europe.eu\\\/\",\"name\":\"KEM Europe\",\"description\":\"\",\"publisher\":{\"@id\":\"https:\\\/\\\/kem-europe.eu\\\/#organization\"},\"potentialAction\":[{\"@type\":\"SearchAction\",\"target\":{\"@type\":\"EntryPoint\",\"urlTemplate\":\"https:\\\/\\\/kem-europe.eu\\\/?s={search_term_string}\"},\"query-input\":{\"@type\":\"PropertyValueSpecification\",\"valueRequired\":true,\"valueName\":\"search_term_string\"}}],\"inLanguage\":\"de\"},{\"@type\":\"Organization\",\"@id\":\"https:\\\/\\\/kem-europe.eu\\\/#organization\",\"name\":\"KEM Europe\",\"url\":\"https:\\\/\\\/kem-europe.eu\\\/\",\"logo\":{\"@type\":\"ImageObject\",\"inLanguage\":\"de\",\"@id\":\"https:\\\/\\\/kem-europe.eu\\\/#\\\/schema\\\/logo\\\/image\\\/\",\"url\":\"https:\\\/\\\/kem-europe.eu\\\/wp-content\\\/uploads\\\/2025\\\/02\\\/KEM2019-BLACK-1500W.png\",\"contentUrl\":\"https:\\\/\\\/kem-europe.eu\\\/wp-content\\\/uploads\\\/2025\\\/02\\\/KEM2019-BLACK-1500W.png\",\"width\":1500,\"height\":626,\"caption\":\"KEM Europe\"},\"image\":{\"@id\":\"https:\\\/\\\/kem-europe.eu\\\/#\\\/schema\\\/logo\\\/image\\\/\"}}]}<\/script>\n<!-- \/ Yoast SEO plugin. -->","yoast_head_json":{"title":"Lenox Stichs\u00e4geblatt-Satz 13-teiliger Metall-Satz - KEM Europe","robots":{"index":"index","follow":"follow","max-snippet":"max-snippet:-1","max-image-preview":"max-image-preview:large","max-video-preview":"max-video-preview:-1"},"canonical":"https:\/\/kem-europe.eu\/de\/produkt\/lenox-reziprosaegeblatt-kit-13-teilig-metall\/","og_locale":"de_DE","og_type":"article","og_title":"Lenox Reciprozaagblad kit 13-delige metaalset - KEM Europe","og_description":"Kenmerken: Lenox Reciprozaagblad kit 13-delige metaalset Power Blast Technology\u2122 verlengt de levensduur\u00a0 Door de Power Blast Technology die wordt toegepast langs de snijkanten, worden de bladen sterker, wordt de kans op breuken kleiner en wordt de duurzaamheid verhoogd Geoptimaliseerde zaagbladvorm Elk zaagblad heeft een unieke opbouw met een agressieve opnamehoek en een tapse bladvorm om [&hellip;]","og_url":"https:\/\/kem-europe.eu\/de\/produkt\/lenox-reziprosaegeblatt-kit-13-teilig-metall\/","og_site_name":"KEM Europe","article_modified_time":"2025-02-27T13:00:25+00:00","og_image":[{"width":700,"height":700,"url":"https:\/\/kem-europe.eu\/wp-content\/uploads\/2025\/02\/13-delige-metaal-set.jpg","type":"image\/jpeg"}],"twitter_card":"summary_large_image","twitter_misc":{"Gesch\u00e4tzte Lesezeit":"1\u00a0Minute"},"schema":{"@context":"https:\/\/schema.org","@graph":[{"@type":"WebPage","@id":"https:\/\/kem-europe.eu\/product\/lenox-reciprozaagblad-kit-13-delige-metaalset\/","url":"https:\/\/kem-europe.eu\/product\/lenox-reciprozaagblad-kit-13-delige-metaalset\/","name":"Lenox Stichs\u00e4geblatt-Satz 13-teiliger Metall-Satz - KEM Europe","isPartOf":{"@id":"https:\/\/kem-europe.eu\/#website"},"primaryImageOfPage":{"@id":"https:\/\/kem-europe.eu\/product\/lenox-reciprozaagblad-kit-13-delige-metaalset\/#primaryimage"},"image":{"@id":"https:\/\/kem-europe.eu\/product\/lenox-reciprozaagblad-kit-13-delige-metaalset\/#primaryimage"},"thumbnailUrl":"https:\/\/kem-europe.eu\/wp-content\/uploads\/2025\/02\/13-delige-metaal-set.jpg","datePublished":"2025-02-27T08:38:26+00:00","dateModified":"2025-02-27T13:00:25+00:00","breadcrumb":{"@id":"https:\/\/kem-europe.eu\/product\/lenox-reciprozaagblad-kit-13-delige-metaalset\/#breadcrumb"},"inLanguage":"de","potentialAction":[{"@type":"ReadAction","target":["https:\/\/kem-europe.eu\/product\/lenox-reciprozaagblad-kit-13-delige-metaalset\/"]}]},{"@type":"ImageObject","inLanguage":"de","@id":"https:\/\/kem-europe.eu\/product\/lenox-reciprozaagblad-kit-13-delige-metaalset\/#primaryimage","url":"https:\/\/kem-europe.eu\/wp-content\/uploads\/2025\/02\/13-delige-metaal-set.jpg","contentUrl":"https:\/\/kem-europe.eu\/wp-content\/uploads\/2025\/02\/13-delige-metaal-set.jpg","width":700,"height":700},{"@type":"BreadcrumbList","@id":"https:\/\/kem-europe.eu\/product\/lenox-reciprozaagblad-kit-13-delige-metaalset\/#breadcrumb","itemListElement":[{"@type":"ListItem","position":1,"name":"Home","item":"https:\/\/kem-europe.eu\/"},{"@type":"ListItem","position":2,"name":"Winkel","item":"https:\/\/kem-europe.eu\/winkel\/"},{"@type":"ListItem","position":3,"name":"Lenox Reciprozaagblad kit 13-delige metaalset"}]},{"@type":"WebSite","@id":"https:\/\/kem-europe.eu\/#website","url":"https:\/\/kem-europe.eu\/","name":"KEM Europe","description":"","publisher":{"@id":"https:\/\/kem-europe.eu\/#organization"},"potentialAction":[{"@type":"SearchAction","target":{"@type":"EntryPoint","urlTemplate":"https:\/\/kem-europe.eu\/?s={search_term_string}"},"query-input":{"@type":"PropertyValueSpecification","valueRequired":true,"valueName":"search_term_string"}}],"inLanguage":"de"},{"@type":"Organization","@id":"https:\/\/kem-europe.eu\/#organization","name":"KEM Europe","url":"https:\/\/kem-europe.eu\/","logo":{"@type":"ImageObject","inLanguage":"de","@id":"https:\/\/kem-europe.eu\/#\/schema\/logo\/image\/","url":"https:\/\/kem-europe.eu\/wp-content\/uploads\/2025\/02\/KEM2019-BLACK-1500W.png","contentUrl":"https:\/\/kem-europe.eu\/wp-content\/uploads\/2025\/02\/KEM2019-BLACK-1500W.png","width":1500,"height":626,"caption":"KEM Europe"},"image":{"@id":"https:\/\/kem-europe.eu\/#\/schema\/logo\/image\/"}}]}},"_links":{"self":[{"href":"https:\/\/kem-europe.eu\/de\/wp-json\/wp\/v2\/product\/2648","targetHints":{"allow":["GET"]}}],"collection":[{"href":"https:\/\/kem-europe.eu\/de\/wp-json\/wp\/v2\/product"}],"about":[{"href":"https:\/\/kem-europe.eu\/de\/wp-json\/wp\/v2\/types\/product"}],"replies":[{"embeddable":true,"href":"https:\/\/kem-europe.eu\/de\/wp-json\/wp\/v2\/comments?post=2648"}],"wp:featuredmedia":[{"embeddable":true,"href":"https:\/\/kem-europe.eu\/de\/wp-json\/wp\/v2\/media\/2673"}],"wp:attachment":[{"href":"https:\/\/kem-europe.eu\/de\/wp-json\/wp\/v2\/media?parent=2648"}],"wp:term":[{"taxonomy":"product_brand","embeddable":true,"href":"https:\/\/kem-europe.eu\/de\/wp-json\/wp\/v2\/product_brand?post=2648"},{"taxonomy":"product_cat","embeddable":true,"href":"https:\/\/kem-europe.eu\/de\/wp-json\/wp\/v2\/product_cat?post=2648"},{"taxonomy":"product_tag","embeddable":true,"href":"https:\/\/kem-europe.eu\/de\/wp-json\/wp\/v2\/product_tag?post=2648"}],"curies":[{"name":"wp","href":"https:\/\/api.w.org\/{rel}","templated":true}]}}