{"id":2650,"date":"2025-02-27T08:38:26","date_gmt":"2025-02-27T08:38:26","guid":{"rendered":"https:\/\/kem-europe.eu\/?post_type=product&#038;p=2650"},"modified":"2025-02-27T13:01:00","modified_gmt":"2025-02-27T13:01:00","slug":"lenox-reziprosaegeblatt-614r","status":"publish","type":"product","link":"https:\/\/kem-europe.eu\/de\/product\/lenox-reciprozaagblad-614r\/","title":{"rendered":"Lenox Stichs\u00e4geblatt 614R"},"content":{"rendered":"<p><strong>Eigenschaften:  Lenox Recipro-S\u00e4geblatt 618R<\/strong><\/p>\n<ul>\n<li><strong>Power Blast Technology\u2122 verl\u00e4ngert die Lebensdauer\u00a0<\/strong><br \/>\nDie Power Blast Technology entlang der Schneidkanten macht die Klingen st\u00e4rker, reduziert das Bruchrisiko und erh\u00f6ht die Haltbarkeit<\/li>\n<li><strong>Optimierte Blattform<\/strong><br \/>\nJedes S\u00e4geblatt hat eine einzigartige Konstruktion mit einem aggressiven Aufnahmewinkel und einer sich verj\u00fcngenden Blattform, die das Schneiden in engen R\u00e4umen erm\u00f6glicht<\/li>\n<li><strong>Konzipiert f\u00fcr Leistung<\/strong><br \/>\nSpezielles Design minimiert Reibung und W\u00e4rmeentwicklung beim Schneiden in einer Vielzahl von Metallen<\/li>\n<\/ul>\n<p><strong>Technische Daten<\/strong><\/p>\n<ul>\n<li>Abmessungen - 6 x 3\/4 x.035<\/li>\n<\/ul>\n<p><strong>Umfang der Lieferung<\/strong><\/p>\n<ul>\n<li>Lenox Stichs\u00e4geblatt 614R<\/li>\n<\/ul>\n<p>&nbsp;<\/p>","protected":false},"excerpt":{"rendered":"<p>Kenmerken:\u00a0 Lenox Reciprozaagblad 618R Power Blast Technology\u2122 verlengt de levensduur\u00a0 Door de Power Blast Technology die wordt toegepast langs de snijkanten, worden de bladen sterker, wordt de kans op breuken kleiner en wordt de duurzaamheid verhoogd Geoptimaliseerde zaagbladvorm Elk zaagblad heeft een unieke opbouw met een agressieve opnamehoek en een tapse bladvorm om het zagen [&hellip;]<\/p>\n","protected":false},"featured_media":0,"comment_status":"closed","ping_status":"closed","template":"","meta":[],"product_brand":[621],"product_cat":[510,269,283],"product_tag":[],"class_list":{"0":"post-2650","1":"product","2":"type-product","3":"status-publish","5":"product_brand-lenox","6":"product_cat-reciprozaagbladen","7":"product_cat-verbruiksartikelen-2","8":"product_cat-zagen-2","10":"first","11":"instock","12":"purchasable","13":"product-type-simple"},"ct_brands":[{"id":621,"name":"LENOX","slug":"lenox"}],"yoast_head":"<!-- This site is optimized with the Yoast SEO plugin v27.3 - https:\/\/yoast.com\/product\/yoast-seo-wordpress\/ -->\n<title>Lenox Reciprozaagblad 614R - KEM Europe<\/title>\n<meta name=\"robots\" content=\"index, follow, max-snippet:-1, max-image-preview:large, max-video-preview:-1\" \/>\n<link rel=\"canonical\" href=\"https:\/\/kem-europe.eu\/de\/produkt\/lenox-reziprosaegeblatt-614r\/\" \/>\n<meta property=\"og:locale\" content=\"de_DE\" \/>\n<meta property=\"og:type\" content=\"article\" \/>\n<meta property=\"og:title\" content=\"Lenox Reciprozaagblad 614R - KEM Europe\" \/>\n<meta property=\"og:description\" content=\"Kenmerken:\u00a0 Lenox Reciprozaagblad 618R Power Blast Technology\u2122 verlengt de levensduur\u00a0 Door de Power Blast Technology die wordt toegepast langs de snijkanten, worden de bladen sterker, wordt de kans op breuken kleiner en wordt de duurzaamheid verhoogd Geoptimaliseerde zaagbladvorm Elk zaagblad heeft een unieke opbouw met een agressieve opnamehoek en een tapse bladvorm om het zagen [&hellip;]\" \/>\n<meta property=\"og:url\" content=\"https:\/\/kem-europe.eu\/de\/produkt\/lenox-reziprosaegeblatt-614r\/\" \/>\n<meta property=\"og:site_name\" content=\"KEM Europe\" \/>\n<meta property=\"article:modified_time\" content=\"2025-02-27T13:01:00+00:00\" \/>\n<meta name=\"twitter:card\" content=\"summary_large_image\" \/>\n<script type=\"application\/ld+json\" class=\"yoast-schema-graph\">{\"@context\":\"https:\\\/\\\/schema.org\",\"@graph\":[{\"@type\":\"WebPage\",\"@id\":\"https:\\\/\\\/kem-europe.eu\\\/product\\\/lenox-reciprozaagblad-614r\\\/\",\"url\":\"https:\\\/\\\/kem-europe.eu\\\/product\\\/lenox-reciprozaagblad-614r\\\/\",\"name\":\"Lenox Reciprozaagblad 614R - KEM Europe\",\"isPartOf\":{\"@id\":\"https:\\\/\\\/kem-europe.eu\\\/#website\"},\"datePublished\":\"2025-02-27T08:38:26+00:00\",\"dateModified\":\"2025-02-27T13:01:00+00:00\",\"breadcrumb\":{\"@id\":\"https:\\\/\\\/kem-europe.eu\\\/product\\\/lenox-reciprozaagblad-614r\\\/#breadcrumb\"},\"inLanguage\":\"de\",\"potentialAction\":[{\"@type\":\"ReadAction\",\"target\":[\"https:\\\/\\\/kem-europe.eu\\\/product\\\/lenox-reciprozaagblad-614r\\\/\"]}]},{\"@type\":\"BreadcrumbList\",\"@id\":\"https:\\\/\\\/kem-europe.eu\\\/product\\\/lenox-reciprozaagblad-614r\\\/#breadcrumb\",\"itemListElement\":[{\"@type\":\"ListItem\",\"position\":1,\"name\":\"Home\",\"item\":\"https:\\\/\\\/kem-europe.eu\\\/\"},{\"@type\":\"ListItem\",\"position\":2,\"name\":\"Winkel\",\"item\":\"https:\\\/\\\/kem-europe.eu\\\/winkel\\\/\"},{\"@type\":\"ListItem\",\"position\":3,\"name\":\"Lenox Reciprozaagblad 614R\"}]},{\"@type\":\"WebSite\",\"@id\":\"https:\\\/\\\/kem-europe.eu\\\/#website\",\"url\":\"https:\\\/\\\/kem-europe.eu\\\/\",\"name\":\"KEM Europe\",\"description\":\"\",\"publisher\":{\"@id\":\"https:\\\/\\\/kem-europe.eu\\\/#organization\"},\"potentialAction\":[{\"@type\":\"SearchAction\",\"target\":{\"@type\":\"EntryPoint\",\"urlTemplate\":\"https:\\\/\\\/kem-europe.eu\\\/?s={search_term_string}\"},\"query-input\":{\"@type\":\"PropertyValueSpecification\",\"valueRequired\":true,\"valueName\":\"search_term_string\"}}],\"inLanguage\":\"de\"},{\"@type\":\"Organization\",\"@id\":\"https:\\\/\\\/kem-europe.eu\\\/#organization\",\"name\":\"KEM Europe\",\"url\":\"https:\\\/\\\/kem-europe.eu\\\/\",\"logo\":{\"@type\":\"ImageObject\",\"inLanguage\":\"de\",\"@id\":\"https:\\\/\\\/kem-europe.eu\\\/#\\\/schema\\\/logo\\\/image\\\/\",\"url\":\"https:\\\/\\\/kem-europe.eu\\\/wp-content\\\/uploads\\\/2025\\\/02\\\/KEM2019-BLACK-1500W.png\",\"contentUrl\":\"https:\\\/\\\/kem-europe.eu\\\/wp-content\\\/uploads\\\/2025\\\/02\\\/KEM2019-BLACK-1500W.png\",\"width\":1500,\"height\":626,\"caption\":\"KEM Europe\"},\"image\":{\"@id\":\"https:\\\/\\\/kem-europe.eu\\\/#\\\/schema\\\/logo\\\/image\\\/\"}}]}<\/script>\n<!-- \/ Yoast SEO plugin. -->","yoast_head_json":{"title":"Lenox Stichs\u00e4geblatt 614R - KEM Europe","robots":{"index":"index","follow":"follow","max-snippet":"max-snippet:-1","max-image-preview":"max-image-preview:large","max-video-preview":"max-video-preview:-1"},"canonical":"https:\/\/kem-europe.eu\/de\/produkt\/lenox-reziprosaegeblatt-614r\/","og_locale":"de_DE","og_type":"article","og_title":"Lenox Reciprozaagblad 614R - KEM Europe","og_description":"Kenmerken:\u00a0 Lenox Reciprozaagblad 618R Power Blast Technology\u2122 verlengt de levensduur\u00a0 Door de Power Blast Technology die wordt toegepast langs de snijkanten, worden de bladen sterker, wordt de kans op breuken kleiner en wordt de duurzaamheid verhoogd Geoptimaliseerde zaagbladvorm Elk zaagblad heeft een unieke opbouw met een agressieve opnamehoek en een tapse bladvorm om het zagen [&hellip;]","og_url":"https:\/\/kem-europe.eu\/de\/produkt\/lenox-reziprosaegeblatt-614r\/","og_site_name":"KEM Europe","article_modified_time":"2025-02-27T13:01:00+00:00","twitter_card":"summary_large_image","schema":{"@context":"https:\/\/schema.org","@graph":[{"@type":"WebPage","@id":"https:\/\/kem-europe.eu\/product\/lenox-reciprozaagblad-614r\/","url":"https:\/\/kem-europe.eu\/product\/lenox-reciprozaagblad-614r\/","name":"Lenox Stichs\u00e4geblatt 614R - KEM Europe","isPartOf":{"@id":"https:\/\/kem-europe.eu\/#website"},"datePublished":"2025-02-27T08:38:26+00:00","dateModified":"2025-02-27T13:01:00+00:00","breadcrumb":{"@id":"https:\/\/kem-europe.eu\/product\/lenox-reciprozaagblad-614r\/#breadcrumb"},"inLanguage":"de","potentialAction":[{"@type":"ReadAction","target":["https:\/\/kem-europe.eu\/product\/lenox-reciprozaagblad-614r\/"]}]},{"@type":"BreadcrumbList","@id":"https:\/\/kem-europe.eu\/product\/lenox-reciprozaagblad-614r\/#breadcrumb","itemListElement":[{"@type":"ListItem","position":1,"name":"Home","item":"https:\/\/kem-europe.eu\/"},{"@type":"ListItem","position":2,"name":"Winkel","item":"https:\/\/kem-europe.eu\/winkel\/"},{"@type":"ListItem","position":3,"name":"Lenox Reciprozaagblad 614R"}]},{"@type":"WebSite","@id":"https:\/\/kem-europe.eu\/#website","url":"https:\/\/kem-europe.eu\/","name":"KEM Europe","description":"","publisher":{"@id":"https:\/\/kem-europe.eu\/#organization"},"potentialAction":[{"@type":"SearchAction","target":{"@type":"EntryPoint","urlTemplate":"https:\/\/kem-europe.eu\/?s={search_term_string}"},"query-input":{"@type":"PropertyValueSpecification","valueRequired":true,"valueName":"search_term_string"}}],"inLanguage":"de"},{"@type":"Organization","@id":"https:\/\/kem-europe.eu\/#organization","name":"KEM Europe","url":"https:\/\/kem-europe.eu\/","logo":{"@type":"ImageObject","inLanguage":"de","@id":"https:\/\/kem-europe.eu\/#\/schema\/logo\/image\/","url":"https:\/\/kem-europe.eu\/wp-content\/uploads\/2025\/02\/KEM2019-BLACK-1500W.png","contentUrl":"https:\/\/kem-europe.eu\/wp-content\/uploads\/2025\/02\/KEM2019-BLACK-1500W.png","width":1500,"height":626,"caption":"KEM Europe"},"image":{"@id":"https:\/\/kem-europe.eu\/#\/schema\/logo\/image\/"}}]}},"_links":{"self":[{"href":"https:\/\/kem-europe.eu\/de\/wp-json\/wp\/v2\/product\/2650","targetHints":{"allow":["GET"]}}],"collection":[{"href":"https:\/\/kem-europe.eu\/de\/wp-json\/wp\/v2\/product"}],"about":[{"href":"https:\/\/kem-europe.eu\/de\/wp-json\/wp\/v2\/types\/product"}],"replies":[{"embeddable":true,"href":"https:\/\/kem-europe.eu\/de\/wp-json\/wp\/v2\/comments?post=2650"}],"wp:attachment":[{"href":"https:\/\/kem-europe.eu\/de\/wp-json\/wp\/v2\/media?parent=2650"}],"wp:term":[{"taxonomy":"product_brand","embeddable":true,"href":"https:\/\/kem-europe.eu\/de\/wp-json\/wp\/v2\/product_brand?post=2650"},{"taxonomy":"product_cat","embeddable":true,"href":"https:\/\/kem-europe.eu\/de\/wp-json\/wp\/v2\/product_cat?post=2650"},{"taxonomy":"product_tag","embeddable":true,"href":"https:\/\/kem-europe.eu\/de\/wp-json\/wp\/v2\/product_tag?post=2650"}],"curies":[{"name":"wp","href":"https:\/\/api.w.org\/{rel}","templated":true}]}}