{"id":2722,"date":"2025-02-27T08:40:03","date_gmt":"2025-02-27T08:40:03","guid":{"rendered":"https:\/\/kem-europe.eu\/?post_type=product&#038;p=2722"},"modified":"2025-02-27T12:59:09","modified_gmt":"2025-02-27T12:59:09","slug":"baier-bss-306l-staubsauger-1350w","status":"publish","type":"product","link":"https:\/\/kem-europe.eu\/de\/product\/baier-bss-306l-stofzuiger-1350w\/","title":{"rendered":"Baier - BSS 306L - Staubsauger - 1350W"},"content":{"rendered":"<p><strong>Eigenschaften Baier - BSS 306L - Staubsauger - 1350W<\/strong><\/p>\n<ul>\n<li>Staubfrei dank speziell beschichtetem Polyester-Faltenfilter<\/li>\n<li class=\"mylist\">Hohe Mobilit\u00e4t durch geringes Gewicht und kompakte Gr\u00f6\u00dfe<\/li>\n<li>Professioneller Staubsauger im Kompaktformat mit Polyesterfilter. Auch f\u00fcr den Nasseinsatz geeignet.<\/li>\n<li>Manuelle Filterreinigung<\/li>\n<li>Steckdose f\u00fcr Elektrowerkzeuge (automatische Einschaltung)<\/li>\n<li>Schlauchanschluss f\u00fcr Elektrowerkzeuge \u00d8 38 mm<\/li>\n<li>Integrierte Schlauch- und Kabelhalterung<\/li>\n<li>Geeignet f\u00fcr Trocken- und Nasssaugung<\/li>\n<\/ul>\n<p><strong>Technische Daten<\/strong><\/p>\n<ul>\n<li>Leistung - 1350W<\/li>\n<li>Staubklasse L<\/li>\n<li>\u00dcberdruck - 250mbar<\/li>\n<li>Luftstrom - 71L\/s<\/li>\n<li>Fassungsverm\u00f6gen des Absaugfasses - 22L<\/li>\n<li>L\u00e4nge des Saugschlauchs - 4m<\/li>\n<li>Kabell\u00e4nge - 6m<\/li>\n<li>Gewicht 7,5 kg<\/li>\n<\/ul>\n<p><strong>Umfang der Lieferung<\/strong><\/p>\n<ul>\n<li>4 Meter antistatischer Saugschlauch<\/li>\n<li>2x Chrom-Saugleitung (500 mm)<\/li>\n<li>Bodend\u00fcse<\/li>\n<li>Schmaler Abstreifer<\/li>\n<li>Filterbeutel<\/li>\n<\/ul>","protected":false},"excerpt":{"rendered":"<p>Kenmerken Baier &#8211; BSS 306L &#8211; Stofzuiger &#8211; 1350W Stofvrij door speciaal gecoat polyester vouwfilter Zeer mobiel dankzij het lage gewicht en de compacte afmeting Professionele compact formaat stofzuiger met polyester filter. Ook geschikt voor nat gebruik. Handmatige filterreiniging Contactdoos voor elektrisch gereedschap (automatisch inschakelen) Slangansluiting op elektrisch gereedschap \u00d8 38 mm Ge\u00efntegreerde slang en [&hellip;]<\/p>\n","protected":false},"featured_media":2736,"comment_status":"closed","ping_status":"closed","template":"","meta":[],"product_brand":[626],"product_cat":[17,526],"product_tag":[],"class_list":{"0":"post-2722","1":"product","2":"type-product","3":"status-publish","4":"has-post-thumbnail","6":"product_brand-baier","7":"product_cat-machines","8":"product_cat-stofzuiger","10":"first","11":"instock","12":"shipping-taxable","13":"purchasable","14":"product-type-simple"},"ct_brands":[{"id":626,"name":"BAIER","slug":"baier-info"}],"yoast_head":"<!-- This site is optimized with the Yoast SEO plugin v27.3 - https:\/\/yoast.com\/product\/yoast-seo-wordpress\/ -->\n<title>Baier - BSS 306L - Stofzuiger - 1350W - KEM Europe<\/title>\n<meta name=\"robots\" content=\"index, follow, max-snippet:-1, max-image-preview:large, max-video-preview:-1\" \/>\n<link rel=\"canonical\" href=\"https:\/\/kem-europe.eu\/de\/produkt\/baier-bss-306l-staubsauger-1350w\/\" \/>\n<meta property=\"og:locale\" content=\"de_DE\" \/>\n<meta property=\"og:type\" content=\"article\" \/>\n<meta property=\"og:title\" content=\"Baier - BSS 306L - Stofzuiger - 1350W - KEM Europe\" \/>\n<meta property=\"og:description\" content=\"Kenmerken Baier &#8211; BSS 306L &#8211; Stofzuiger &#8211; 1350W Stofvrij door speciaal gecoat polyester vouwfilter Zeer mobiel dankzij het lage gewicht en de compacte afmeting Professionele compact formaat stofzuiger met polyester filter. Ook geschikt voor nat gebruik. Handmatige filterreiniging Contactdoos voor elektrisch gereedschap (automatisch inschakelen) Slangansluiting op elektrisch gereedschap \u00d8 38 mm Ge\u00efntegreerde slang en [&hellip;]\" \/>\n<meta property=\"og:url\" content=\"https:\/\/kem-europe.eu\/de\/produkt\/baier-bss-306l-staubsauger-1350w\/\" \/>\n<meta property=\"og:site_name\" content=\"KEM Europe\" \/>\n<meta property=\"article:modified_time\" content=\"2025-02-27T12:59:09+00:00\" \/>\n<meta property=\"og:image\" content=\"https:\/\/kem-europe.eu\/wp-content\/uploads\/2025\/02\/Baier-BSS-306L-1.jpg\" \/>\n\t<meta property=\"og:image:width\" content=\"700\" \/>\n\t<meta property=\"og:image:height\" content=\"700\" \/>\n\t<meta property=\"og:image:type\" content=\"image\/jpeg\" \/>\n<meta name=\"twitter:card\" content=\"summary_large_image\" \/>\n<script type=\"application\/ld+json\" class=\"yoast-schema-graph\">{\"@context\":\"https:\\\/\\\/schema.org\",\"@graph\":[{\"@type\":\"WebPage\",\"@id\":\"https:\\\/\\\/kem-europe.eu\\\/product\\\/baier-bss-306l-stofzuiger-1350w\\\/\",\"url\":\"https:\\\/\\\/kem-europe.eu\\\/product\\\/baier-bss-306l-stofzuiger-1350w\\\/\",\"name\":\"Baier - BSS 306L - Stofzuiger - 1350W - KEM Europe\",\"isPartOf\":{\"@id\":\"https:\\\/\\\/kem-europe.eu\\\/#website\"},\"primaryImageOfPage\":{\"@id\":\"https:\\\/\\\/kem-europe.eu\\\/product\\\/baier-bss-306l-stofzuiger-1350w\\\/#primaryimage\"},\"image\":{\"@id\":\"https:\\\/\\\/kem-europe.eu\\\/product\\\/baier-bss-306l-stofzuiger-1350w\\\/#primaryimage\"},\"thumbnailUrl\":\"https:\\\/\\\/kem-europe.eu\\\/wp-content\\\/uploads\\\/2025\\\/02\\\/Baier-BSS-306L-1.jpg\",\"datePublished\":\"2025-02-27T08:40:03+00:00\",\"dateModified\":\"2025-02-27T12:59:09+00:00\",\"breadcrumb\":{\"@id\":\"https:\\\/\\\/kem-europe.eu\\\/product\\\/baier-bss-306l-stofzuiger-1350w\\\/#breadcrumb\"},\"inLanguage\":\"de\",\"potentialAction\":[{\"@type\":\"ReadAction\",\"target\":[\"https:\\\/\\\/kem-europe.eu\\\/product\\\/baier-bss-306l-stofzuiger-1350w\\\/\"]}]},{\"@type\":\"ImageObject\",\"inLanguage\":\"de\",\"@id\":\"https:\\\/\\\/kem-europe.eu\\\/product\\\/baier-bss-306l-stofzuiger-1350w\\\/#primaryimage\",\"url\":\"https:\\\/\\\/kem-europe.eu\\\/wp-content\\\/uploads\\\/2025\\\/02\\\/Baier-BSS-306L-1.jpg\",\"contentUrl\":\"https:\\\/\\\/kem-europe.eu\\\/wp-content\\\/uploads\\\/2025\\\/02\\\/Baier-BSS-306L-1.jpg\",\"width\":700,\"height\":700},{\"@type\":\"BreadcrumbList\",\"@id\":\"https:\\\/\\\/kem-europe.eu\\\/product\\\/baier-bss-306l-stofzuiger-1350w\\\/#breadcrumb\",\"itemListElement\":[{\"@type\":\"ListItem\",\"position\":1,\"name\":\"Home\",\"item\":\"https:\\\/\\\/kem-europe.eu\\\/\"},{\"@type\":\"ListItem\",\"position\":2,\"name\":\"Winkel\",\"item\":\"https:\\\/\\\/kem-europe.eu\\\/winkel\\\/\"},{\"@type\":\"ListItem\",\"position\":3,\"name\":\"Baier &#8211; BSS 306L &#8211; Stofzuiger &#8211; 1350W\"}]},{\"@type\":\"WebSite\",\"@id\":\"https:\\\/\\\/kem-europe.eu\\\/#website\",\"url\":\"https:\\\/\\\/kem-europe.eu\\\/\",\"name\":\"KEM Europe\",\"description\":\"\",\"publisher\":{\"@id\":\"https:\\\/\\\/kem-europe.eu\\\/#organization\"},\"potentialAction\":[{\"@type\":\"SearchAction\",\"target\":{\"@type\":\"EntryPoint\",\"urlTemplate\":\"https:\\\/\\\/kem-europe.eu\\\/?s={search_term_string}\"},\"query-input\":{\"@type\":\"PropertyValueSpecification\",\"valueRequired\":true,\"valueName\":\"search_term_string\"}}],\"inLanguage\":\"de\"},{\"@type\":\"Organization\",\"@id\":\"https:\\\/\\\/kem-europe.eu\\\/#organization\",\"name\":\"KEM Europe\",\"url\":\"https:\\\/\\\/kem-europe.eu\\\/\",\"logo\":{\"@type\":\"ImageObject\",\"inLanguage\":\"de\",\"@id\":\"https:\\\/\\\/kem-europe.eu\\\/#\\\/schema\\\/logo\\\/image\\\/\",\"url\":\"https:\\\/\\\/kem-europe.eu\\\/wp-content\\\/uploads\\\/2025\\\/02\\\/KEM2019-BLACK-1500W.png\",\"contentUrl\":\"https:\\\/\\\/kem-europe.eu\\\/wp-content\\\/uploads\\\/2025\\\/02\\\/KEM2019-BLACK-1500W.png\",\"width\":1500,\"height\":626,\"caption\":\"KEM Europe\"},\"image\":{\"@id\":\"https:\\\/\\\/kem-europe.eu\\\/#\\\/schema\\\/logo\\\/image\\\/\"}}]}<\/script>\n<!-- \/ Yoast SEO plugin. -->","yoast_head_json":{"title":"Baier - BSS 306L - Staubsauger - 1350W - KEM Europe","robots":{"index":"index","follow":"follow","max-snippet":"max-snippet:-1","max-image-preview":"max-image-preview:large","max-video-preview":"max-video-preview:-1"},"canonical":"https:\/\/kem-europe.eu\/de\/produkt\/baier-bss-306l-staubsauger-1350w\/","og_locale":"de_DE","og_type":"article","og_title":"Baier - BSS 306L - Stofzuiger - 1350W - KEM Europe","og_description":"Kenmerken Baier &#8211; BSS 306L &#8211; Stofzuiger &#8211; 1350W Stofvrij door speciaal gecoat polyester vouwfilter Zeer mobiel dankzij het lage gewicht en de compacte afmeting Professionele compact formaat stofzuiger met polyester filter. Ook geschikt voor nat gebruik. Handmatige filterreiniging Contactdoos voor elektrisch gereedschap (automatisch inschakelen) Slangansluiting op elektrisch gereedschap \u00d8 38 mm Ge\u00efntegreerde slang en [&hellip;]","og_url":"https:\/\/kem-europe.eu\/de\/produkt\/baier-bss-306l-staubsauger-1350w\/","og_site_name":"KEM Europe","article_modified_time":"2025-02-27T12:59:09+00:00","og_image":[{"width":700,"height":700,"url":"https:\/\/kem-europe.eu\/wp-content\/uploads\/2025\/02\/Baier-BSS-306L-1.jpg","type":"image\/jpeg"}],"twitter_card":"summary_large_image","schema":{"@context":"https:\/\/schema.org","@graph":[{"@type":"WebPage","@id":"https:\/\/kem-europe.eu\/product\/baier-bss-306l-stofzuiger-1350w\/","url":"https:\/\/kem-europe.eu\/product\/baier-bss-306l-stofzuiger-1350w\/","name":"Baier - BSS 306L - Staubsauger - 1350W - KEM Europe","isPartOf":{"@id":"https:\/\/kem-europe.eu\/#website"},"primaryImageOfPage":{"@id":"https:\/\/kem-europe.eu\/product\/baier-bss-306l-stofzuiger-1350w\/#primaryimage"},"image":{"@id":"https:\/\/kem-europe.eu\/product\/baier-bss-306l-stofzuiger-1350w\/#primaryimage"},"thumbnailUrl":"https:\/\/kem-europe.eu\/wp-content\/uploads\/2025\/02\/Baier-BSS-306L-1.jpg","datePublished":"2025-02-27T08:40:03+00:00","dateModified":"2025-02-27T12:59:09+00:00","breadcrumb":{"@id":"https:\/\/kem-europe.eu\/product\/baier-bss-306l-stofzuiger-1350w\/#breadcrumb"},"inLanguage":"de","potentialAction":[{"@type":"ReadAction","target":["https:\/\/kem-europe.eu\/product\/baier-bss-306l-stofzuiger-1350w\/"]}]},{"@type":"ImageObject","inLanguage":"de","@id":"https:\/\/kem-europe.eu\/product\/baier-bss-306l-stofzuiger-1350w\/#primaryimage","url":"https:\/\/kem-europe.eu\/wp-content\/uploads\/2025\/02\/Baier-BSS-306L-1.jpg","contentUrl":"https:\/\/kem-europe.eu\/wp-content\/uploads\/2025\/02\/Baier-BSS-306L-1.jpg","width":700,"height":700},{"@type":"BreadcrumbList","@id":"https:\/\/kem-europe.eu\/product\/baier-bss-306l-stofzuiger-1350w\/#breadcrumb","itemListElement":[{"@type":"ListItem","position":1,"name":"Home","item":"https:\/\/kem-europe.eu\/"},{"@type":"ListItem","position":2,"name":"Winkel","item":"https:\/\/kem-europe.eu\/winkel\/"},{"@type":"ListItem","position":3,"name":"Baier &#8211; BSS 306L &#8211; Stofzuiger &#8211; 1350W"}]},{"@type":"WebSite","@id":"https:\/\/kem-europe.eu\/#website","url":"https:\/\/kem-europe.eu\/","name":"KEM Europe","description":"","publisher":{"@id":"https:\/\/kem-europe.eu\/#organization"},"potentialAction":[{"@type":"SearchAction","target":{"@type":"EntryPoint","urlTemplate":"https:\/\/kem-europe.eu\/?s={search_term_string}"},"query-input":{"@type":"PropertyValueSpecification","valueRequired":true,"valueName":"search_term_string"}}],"inLanguage":"de"},{"@type":"Organization","@id":"https:\/\/kem-europe.eu\/#organization","name":"KEM Europe","url":"https:\/\/kem-europe.eu\/","logo":{"@type":"ImageObject","inLanguage":"de","@id":"https:\/\/kem-europe.eu\/#\/schema\/logo\/image\/","url":"https:\/\/kem-europe.eu\/wp-content\/uploads\/2025\/02\/KEM2019-BLACK-1500W.png","contentUrl":"https:\/\/kem-europe.eu\/wp-content\/uploads\/2025\/02\/KEM2019-BLACK-1500W.png","width":1500,"height":626,"caption":"KEM Europe"},"image":{"@id":"https:\/\/kem-europe.eu\/#\/schema\/logo\/image\/"}}]}},"_links":{"self":[{"href":"https:\/\/kem-europe.eu\/de\/wp-json\/wp\/v2\/product\/2722","targetHints":{"allow":["GET"]}}],"collection":[{"href":"https:\/\/kem-europe.eu\/de\/wp-json\/wp\/v2\/product"}],"about":[{"href":"https:\/\/kem-europe.eu\/de\/wp-json\/wp\/v2\/types\/product"}],"replies":[{"embeddable":true,"href":"https:\/\/kem-europe.eu\/de\/wp-json\/wp\/v2\/comments?post=2722"}],"wp:featuredmedia":[{"embeddable":true,"href":"https:\/\/kem-europe.eu\/de\/wp-json\/wp\/v2\/media\/2736"}],"wp:attachment":[{"href":"https:\/\/kem-europe.eu\/de\/wp-json\/wp\/v2\/media?parent=2722"}],"wp:term":[{"taxonomy":"product_brand","embeddable":true,"href":"https:\/\/kem-europe.eu\/de\/wp-json\/wp\/v2\/product_brand?post=2722"},{"taxonomy":"product_cat","embeddable":true,"href":"https:\/\/kem-europe.eu\/de\/wp-json\/wp\/v2\/product_cat?post=2722"},{"taxonomy":"product_tag","embeddable":true,"href":"https:\/\/kem-europe.eu\/de\/wp-json\/wp\/v2\/product_tag?post=2722"}],"curies":[{"name":"wp","href":"https:\/\/api.w.org\/{rel}","templated":true}]}}