{"id":2756,"date":"2025-02-27T08:40:23","date_gmt":"2025-02-27T08:40:23","guid":{"rendered":"https:\/\/kem-europe.eu\/?post_type=product&#038;p=2756"},"modified":"2025-02-27T12:57:48","modified_gmt":"2025-02-27T12:57:48","slug":"urko-421-g-schnellspannzwinge-mit-verriegelung","status":"publish","type":"product","link":"https:\/\/kem-europe.eu\/de\/product\/urko-421-g-snelspanlijmklem-met-vergrendeling\/","title":{"rendered":"Urko - 421-G - Schnellspannklemme mit Verriegelungsmechanismus"},"content":{"rendered":"<p><strong>Eigenschaften Urko - 421-G - Schnellspann-Leimzwinge mit Verriegelungsmechanismus<br \/>\n<\/strong><\/p>\n<ul>\n<li>Gusseisen-Leimzwinge mit gebogener Form f\u00fcr maximale Kraft<\/li>\n<li>Geh\u00e4rtetes Eisen im \"8\"-Profil mit rutschfester Bremse<\/li>\n<li>Zum schnellen Einspannen von Gegenst\u00e4nden<\/li>\n<li>Blockierschutz gegen St\u00f6\u00dfe und Vibrationen<\/li>\n<li>Die Abmessungen (a, b und c) sind in der technischen Zeichnung in den Abbildungen zu finden<\/li>\n<\/ul>","protected":false},"excerpt":{"rendered":"<p>Eigenschaften Urko - 421-G - Schnellspann-Leimzwinge mit Arretierung Leimzwinge aus Gusseisen mit gebogener Form f\u00fcr maximale Kraft Geh\u00e4rtetes Eisen im \"8\"-Profil mit rutschfester Bremse Zum schnellen Einspannen von Gegenst\u00e4nden Blockierschutz gegen St\u00f6\u00dfe und Vibrationen Die Gr\u00f6\u00dfen (a,b und c) sind in der technischen Zeichnung zu finden, die den Bildern beigef\u00fcgt ist<\/p>","protected":false},"featured_media":2769,"comment_status":"closed","ping_status":"closed","template":"","meta":[],"product_brand":[622],"product_cat":[307,531],"product_tag":[],"class_list":{"0":"post-2756","1":"product","2":"type-product","3":"status-publish","4":"has-post-thumbnail","6":"product_brand-urko","7":"product_cat-handgereedschap","8":"product_cat-snelspanklem","10":"first","11":"instock","12":"purchasable","13":"product-type-variable"},"ct_brands":[{"id":622,"name":"URKO","slug":"urko"}],"yoast_head":"<!-- This site is optimized with the Yoast SEO plugin v27.4 - https:\/\/yoast.com\/product\/yoast-seo-wordpress\/ -->\n<title>Urko - 421-G - Snelspanlijmklem met vergrendeling - KEM Europe<\/title>\n<meta name=\"robots\" content=\"index, follow, max-snippet:-1, max-image-preview:large, max-video-preview:-1\" \/>\n<link rel=\"canonical\" href=\"https:\/\/kem-europe.eu\/de\/produkt\/urko-421-g-schnellspannzwinge-mit-verriegelung\/\" \/>\n<meta property=\"og:locale\" content=\"de_DE\" \/>\n<meta property=\"og:type\" content=\"article\" \/>\n<meta property=\"og:title\" content=\"Urko - 421-G - Snelspanlijmklem met vergrendeling - KEM Europe\" \/>\n<meta property=\"og:description\" content=\"Kenmerken Urko &#8211; 421-G &#8211; Snelspanlijmklem met vergrendeling Gietijzeren lijmklem met een gebogen vorm voor maximale kracht Verhard ijzer in &#8220;8&#8221; profiel met antislip rem Voor het snel klemmen van objecten Blokkade beveiliging tegen schokken en trillingen Maten (a,b en c) te vinden in de technische tekening bij de afbeeldingen\" \/>\n<meta property=\"og:url\" content=\"https:\/\/kem-europe.eu\/de\/produkt\/urko-421-g-schnellspannzwinge-mit-verriegelung\/\" \/>\n<meta property=\"og:site_name\" content=\"KEM Europe\" \/>\n<meta property=\"article:modified_time\" content=\"2025-02-27T12:57:48+00:00\" \/>\n<meta property=\"og:image\" content=\"https:\/\/kem-europe.eu\/wp-content\/uploads\/2025\/02\/urko-421-g-snelspanlijmklem-met-vergrendeling.jpg\" \/>\n\t<meta property=\"og:image:width\" content=\"700\" \/>\n\t<meta property=\"og:image:height\" content=\"700\" \/>\n\t<meta property=\"og:image:type\" content=\"image\/jpeg\" \/>\n<meta name=\"twitter:card\" content=\"summary_large_image\" \/>\n<script type=\"application\/ld+json\" class=\"yoast-schema-graph\">{\"@context\":\"https:\\\/\\\/schema.org\",\"@graph\":[{\"@type\":\"WebPage\",\"@id\":\"https:\\\/\\\/kem-europe.eu\\\/product\\\/urko-421-g-snelspanlijmklem-met-vergrendeling\\\/\",\"url\":\"https:\\\/\\\/kem-europe.eu\\\/product\\\/urko-421-g-snelspanlijmklem-met-vergrendeling\\\/\",\"name\":\"Urko - 421-G - Snelspanlijmklem met vergrendeling - KEM Europe\",\"isPartOf\":{\"@id\":\"https:\\\/\\\/kem-europe.eu\\\/#website\"},\"primaryImageOfPage\":{\"@id\":\"https:\\\/\\\/kem-europe.eu\\\/product\\\/urko-421-g-snelspanlijmklem-met-vergrendeling\\\/#primaryimage\"},\"image\":{\"@id\":\"https:\\\/\\\/kem-europe.eu\\\/product\\\/urko-421-g-snelspanlijmklem-met-vergrendeling\\\/#primaryimage\"},\"thumbnailUrl\":\"https:\\\/\\\/kem-europe.eu\\\/wp-content\\\/uploads\\\/2025\\\/02\\\/urko-421-g-snelspanlijmklem-met-vergrendeling.jpg\",\"datePublished\":\"2025-02-27T08:40:23+00:00\",\"dateModified\":\"2025-02-27T12:57:48+00:00\",\"breadcrumb\":{\"@id\":\"https:\\\/\\\/kem-europe.eu\\\/product\\\/urko-421-g-snelspanlijmklem-met-vergrendeling\\\/#breadcrumb\"},\"inLanguage\":\"de\",\"potentialAction\":[{\"@type\":\"ReadAction\",\"target\":[\"https:\\\/\\\/kem-europe.eu\\\/product\\\/urko-421-g-snelspanlijmklem-met-vergrendeling\\\/\"]}]},{\"@type\":\"ImageObject\",\"inLanguage\":\"de\",\"@id\":\"https:\\\/\\\/kem-europe.eu\\\/product\\\/urko-421-g-snelspanlijmklem-met-vergrendeling\\\/#primaryimage\",\"url\":\"https:\\\/\\\/kem-europe.eu\\\/wp-content\\\/uploads\\\/2025\\\/02\\\/urko-421-g-snelspanlijmklem-met-vergrendeling.jpg\",\"contentUrl\":\"https:\\\/\\\/kem-europe.eu\\\/wp-content\\\/uploads\\\/2025\\\/02\\\/urko-421-g-snelspanlijmklem-met-vergrendeling.jpg\",\"width\":700,\"height\":700},{\"@type\":\"BreadcrumbList\",\"@id\":\"https:\\\/\\\/kem-europe.eu\\\/product\\\/urko-421-g-snelspanlijmklem-met-vergrendeling\\\/#breadcrumb\",\"itemListElement\":[{\"@type\":\"ListItem\",\"position\":1,\"name\":\"Home\",\"item\":\"https:\\\/\\\/kem-europe.eu\\\/\"},{\"@type\":\"ListItem\",\"position\":2,\"name\":\"Winkel\",\"item\":\"https:\\\/\\\/kem-europe.eu\\\/winkel\\\/\"},{\"@type\":\"ListItem\",\"position\":3,\"name\":\"Urko &#8211; 421-G &#8211; Snelspanlijmklem met vergrendeling\"}]},{\"@type\":\"WebSite\",\"@id\":\"https:\\\/\\\/kem-europe.eu\\\/#website\",\"url\":\"https:\\\/\\\/kem-europe.eu\\\/\",\"name\":\"KEM Europe\",\"description\":\"\",\"publisher\":{\"@id\":\"https:\\\/\\\/kem-europe.eu\\\/#organization\"},\"potentialAction\":[{\"@type\":\"SearchAction\",\"target\":{\"@type\":\"EntryPoint\",\"urlTemplate\":\"https:\\\/\\\/kem-europe.eu\\\/?s={search_term_string}\"},\"query-input\":{\"@type\":\"PropertyValueSpecification\",\"valueRequired\":true,\"valueName\":\"search_term_string\"}}],\"inLanguage\":\"de\"},{\"@type\":\"Organization\",\"@id\":\"https:\\\/\\\/kem-europe.eu\\\/#organization\",\"name\":\"KEM Europe\",\"url\":\"https:\\\/\\\/kem-europe.eu\\\/\",\"logo\":{\"@type\":\"ImageObject\",\"inLanguage\":\"de\",\"@id\":\"https:\\\/\\\/kem-europe.eu\\\/#\\\/schema\\\/logo\\\/image\\\/\",\"url\":\"https:\\\/\\\/kem-europe.eu\\\/wp-content\\\/uploads\\\/2025\\\/02\\\/KEM2019-BLACK-1500W.png\",\"contentUrl\":\"https:\\\/\\\/kem-europe.eu\\\/wp-content\\\/uploads\\\/2025\\\/02\\\/KEM2019-BLACK-1500W.png\",\"width\":1500,\"height\":626,\"caption\":\"KEM Europe\"},\"image\":{\"@id\":\"https:\\\/\\\/kem-europe.eu\\\/#\\\/schema\\\/logo\\\/image\\\/\"}}]}<\/script>\n<!-- \/ Yoast SEO plugin. -->","yoast_head_json":{"title":"Urko - 421-G - Befestigungsklammer mit Verriegelungsmechanismus - KEM Europe","robots":{"index":"index","follow":"follow","max-snippet":"max-snippet:-1","max-image-preview":"max-image-preview:large","max-video-preview":"max-video-preview:-1"},"canonical":"https:\/\/kem-europe.eu\/de\/produkt\/urko-421-g-schnellspannzwinge-mit-verriegelung\/","og_locale":"de_DE","og_type":"article","og_title":"Urko - 421-G - Snelspanlijmklem met vergrendeling - KEM Europe","og_description":"Kenmerken Urko &#8211; 421-G &#8211; Snelspanlijmklem met vergrendeling Gietijzeren lijmklem met een gebogen vorm voor maximale kracht Verhard ijzer in &#8220;8&#8221; profiel met antislip rem Voor het snel klemmen van objecten Blokkade beveiliging tegen schokken en trillingen Maten (a,b en c) te vinden in de technische tekening bij de afbeeldingen","og_url":"https:\/\/kem-europe.eu\/de\/produkt\/urko-421-g-schnellspannzwinge-mit-verriegelung\/","og_site_name":"KEM Europe","article_modified_time":"2025-02-27T12:57:48+00:00","og_image":[{"width":700,"height":700,"url":"https:\/\/kem-europe.eu\/wp-content\/uploads\/2025\/02\/urko-421-g-snelspanlijmklem-met-vergrendeling.jpg","type":"image\/jpeg"}],"twitter_card":"summary_large_image","schema":{"@context":"https:\/\/schema.org","@graph":[{"@type":"WebPage","@id":"https:\/\/kem-europe.eu\/product\/urko-421-g-snelspanlijmklem-met-vergrendeling\/","url":"https:\/\/kem-europe.eu\/product\/urko-421-g-snelspanlijmklem-met-vergrendeling\/","name":"Urko - 421-G - Befestigungsklammer mit Verriegelungsmechanismus - KEM Europe","isPartOf":{"@id":"https:\/\/kem-europe.eu\/#website"},"primaryImageOfPage":{"@id":"https:\/\/kem-europe.eu\/product\/urko-421-g-snelspanlijmklem-met-vergrendeling\/#primaryimage"},"image":{"@id":"https:\/\/kem-europe.eu\/product\/urko-421-g-snelspanlijmklem-met-vergrendeling\/#primaryimage"},"thumbnailUrl":"https:\/\/kem-europe.eu\/wp-content\/uploads\/2025\/02\/urko-421-g-snelspanlijmklem-met-vergrendeling.jpg","datePublished":"2025-02-27T08:40:23+00:00","dateModified":"2025-02-27T12:57:48+00:00","breadcrumb":{"@id":"https:\/\/kem-europe.eu\/product\/urko-421-g-snelspanlijmklem-met-vergrendeling\/#breadcrumb"},"inLanguage":"de","potentialAction":[{"@type":"ReadAction","target":["https:\/\/kem-europe.eu\/product\/urko-421-g-snelspanlijmklem-met-vergrendeling\/"]}]},{"@type":"ImageObject","inLanguage":"de","@id":"https:\/\/kem-europe.eu\/product\/urko-421-g-snelspanlijmklem-met-vergrendeling\/#primaryimage","url":"https:\/\/kem-europe.eu\/wp-content\/uploads\/2025\/02\/urko-421-g-snelspanlijmklem-met-vergrendeling.jpg","contentUrl":"https:\/\/kem-europe.eu\/wp-content\/uploads\/2025\/02\/urko-421-g-snelspanlijmklem-met-vergrendeling.jpg","width":700,"height":700},{"@type":"BreadcrumbList","@id":"https:\/\/kem-europe.eu\/product\/urko-421-g-snelspanlijmklem-met-vergrendeling\/#breadcrumb","itemListElement":[{"@type":"ListItem","position":1,"name":"Home","item":"https:\/\/kem-europe.eu\/"},{"@type":"ListItem","position":2,"name":"Winkel","item":"https:\/\/kem-europe.eu\/winkel\/"},{"@type":"ListItem","position":3,"name":"Urko &#8211; 421-G &#8211; Snelspanlijmklem met vergrendeling"}]},{"@type":"WebSite","@id":"https:\/\/kem-europe.eu\/#website","url":"https:\/\/kem-europe.eu\/","name":"KEM Europe","description":"","publisher":{"@id":"https:\/\/kem-europe.eu\/#organization"},"potentialAction":[{"@type":"SearchAction","target":{"@type":"EntryPoint","urlTemplate":"https:\/\/kem-europe.eu\/?s={search_term_string}"},"query-input":{"@type":"PropertyValueSpecification","valueRequired":true,"valueName":"search_term_string"}}],"inLanguage":"de"},{"@type":"Organization","@id":"https:\/\/kem-europe.eu\/#organization","name":"KEM Europe","url":"https:\/\/kem-europe.eu\/","logo":{"@type":"ImageObject","inLanguage":"de","@id":"https:\/\/kem-europe.eu\/#\/schema\/logo\/image\/","url":"https:\/\/kem-europe.eu\/wp-content\/uploads\/2025\/02\/KEM2019-BLACK-1500W.png","contentUrl":"https:\/\/kem-europe.eu\/wp-content\/uploads\/2025\/02\/KEM2019-BLACK-1500W.png","width":1500,"height":626,"caption":"KEM Europe"},"image":{"@id":"https:\/\/kem-europe.eu\/#\/schema\/logo\/image\/"}}]}},"_links":{"self":[{"href":"https:\/\/kem-europe.eu\/de\/wp-json\/wp\/v2\/product\/2756","targetHints":{"allow":["GET"]}}],"collection":[{"href":"https:\/\/kem-europe.eu\/de\/wp-json\/wp\/v2\/product"}],"about":[{"href":"https:\/\/kem-europe.eu\/de\/wp-json\/wp\/v2\/types\/product"}],"replies":[{"embeddable":true,"href":"https:\/\/kem-europe.eu\/de\/wp-json\/wp\/v2\/comments?post=2756"}],"wp:featuredmedia":[{"embeddable":true,"href":"https:\/\/kem-europe.eu\/de\/wp-json\/wp\/v2\/media\/2769"}],"wp:attachment":[{"href":"https:\/\/kem-europe.eu\/de\/wp-json\/wp\/v2\/media?parent=2756"}],"wp:term":[{"taxonomy":"product_brand","embeddable":true,"href":"https:\/\/kem-europe.eu\/de\/wp-json\/wp\/v2\/product_brand?post=2756"},{"taxonomy":"product_cat","embeddable":true,"href":"https:\/\/kem-europe.eu\/de\/wp-json\/wp\/v2\/product_cat?post=2756"},{"taxonomy":"product_tag","embeddable":true,"href":"https:\/\/kem-europe.eu\/de\/wp-json\/wp\/v2\/product_tag?post=2756"}],"curies":[{"name":"wp","href":"https:\/\/api.w.org\/{rel}","templated":true}]}}