{"id":2773,"date":"2025-02-27T08:40:32","date_gmt":"2025-02-27T08:40:32","guid":{"rendered":"https:\/\/kem-europe.eu\/?post_type=product&#038;p=2773"},"modified":"2025-02-27T12:57:38","modified_gmt":"2025-02-27T12:57:38","slug":"urko-extra-breiter-stempelfuss-60x200mm-2stueck","status":"publish","type":"product","link":"https:\/\/kem-europe.eu\/de\/product\/urko-extra-brede-stempelvoet-60x200mm-2-stuks\/","title":{"rendered":"Urko - Extra breite Stempelbasis - 60x200mm - 2 St\u00fcck"},"content":{"rendered":"<p><strong>Eigenschaften Urko - Extra breite Stempelbasis - 60x200mm - 2 St\u00fcck<br \/>\n<\/strong><\/p>\n<ul>\n<li>F\u00fcr 431 Modell 43129<\/li>\n<li>Abmessungen: 60\u00d7200 mm<\/li>\n<li>Satz von 2<\/li>\n<\/ul>","protected":false},"excerpt":{"rendered":"<p>Eigenschaften Urko - Extra breiter Stempelfu\u00df - 60x200mm - 2 St\u00fcck F\u00fcr 431 Modell 43129 Gr\u00f6\u00dfe: 60\u00d7200 mm Satz mit 2 St\u00fcck<\/p>","protected":false},"featured_media":2799,"comment_status":"closed","ping_status":"closed","template":"","meta":[],"product_brand":[622],"product_cat":[307,532],"product_tag":[],"class_list":{"0":"post-2773","1":"product","2":"type-product","3":"status-publish","4":"has-post-thumbnail","6":"product_brand-urko","7":"product_cat-handgereedschap","8":"product_cat-verstelbare-bouwstempel","10":"first","11":"instock","12":"purchasable","13":"product-type-simple"},"ct_brands":[{"id":622,"name":"URKO","slug":"urko"}],"yoast_head":"<!-- This site is optimized with the Yoast SEO plugin v27.3 - https:\/\/yoast.com\/product\/yoast-seo-wordpress\/ -->\n<title>Urko - Extra brede stempelvoet - 60x200mm - 2 stuks - KEM Europe<\/title>\n<meta name=\"robots\" content=\"index, follow, max-snippet:-1, max-image-preview:large, max-video-preview:-1\" \/>\n<link rel=\"canonical\" href=\"https:\/\/kem-europe.eu\/de\/produkt\/urko-extra-breiter-stempelfuss-60x200mm-2stueck\/\" \/>\n<meta property=\"og:locale\" content=\"de_DE\" \/>\n<meta property=\"og:type\" content=\"article\" \/>\n<meta property=\"og:title\" content=\"Urko - Extra brede stempelvoet - 60x200mm - 2 stuks - KEM Europe\" \/>\n<meta property=\"og:description\" content=\"Kenmerken Urko &#8211; Extra brede stempelvoet &#8211; 60x200mm &#8211; 2 stuks T.b.v. 431 model 43129 Afmeting: 60&#215;200 mm Set van 2 stuks\" \/>\n<meta property=\"og:url\" content=\"https:\/\/kem-europe.eu\/de\/produkt\/urko-extra-breiter-stempelfuss-60x200mm-2stueck\/\" \/>\n<meta property=\"og:site_name\" content=\"KEM Europe\" \/>\n<meta property=\"article:modified_time\" content=\"2025-02-27T12:57:38+00:00\" \/>\n<meta property=\"og:image\" content=\"https:\/\/kem-europe.eu\/wp-content\/uploads\/2025\/02\/Urko-stempelvoet.jpg\" \/>\n\t<meta property=\"og:image:width\" content=\"700\" \/>\n\t<meta property=\"og:image:height\" content=\"700\" \/>\n\t<meta property=\"og:image:type\" content=\"image\/jpeg\" \/>\n<meta name=\"twitter:card\" content=\"summary_large_image\" \/>\n<script type=\"application\/ld+json\" class=\"yoast-schema-graph\">{\"@context\":\"https:\\\/\\\/schema.org\",\"@graph\":[{\"@type\":\"WebPage\",\"@id\":\"https:\\\/\\\/kem-europe.eu\\\/product\\\/urko-extra-brede-stempelvoet-60x200mm-2-stuks\\\/\",\"url\":\"https:\\\/\\\/kem-europe.eu\\\/product\\\/urko-extra-brede-stempelvoet-60x200mm-2-stuks\\\/\",\"name\":\"Urko - Extra brede stempelvoet - 60x200mm - 2 stuks - KEM Europe\",\"isPartOf\":{\"@id\":\"https:\\\/\\\/kem-europe.eu\\\/#website\"},\"primaryImageOfPage\":{\"@id\":\"https:\\\/\\\/kem-europe.eu\\\/product\\\/urko-extra-brede-stempelvoet-60x200mm-2-stuks\\\/#primaryimage\"},\"image\":{\"@id\":\"https:\\\/\\\/kem-europe.eu\\\/product\\\/urko-extra-brede-stempelvoet-60x200mm-2-stuks\\\/#primaryimage\"},\"thumbnailUrl\":\"https:\\\/\\\/kem-europe.eu\\\/wp-content\\\/uploads\\\/2025\\\/02\\\/Urko-stempelvoet.jpg\",\"datePublished\":\"2025-02-27T08:40:32+00:00\",\"dateModified\":\"2025-02-27T12:57:38+00:00\",\"breadcrumb\":{\"@id\":\"https:\\\/\\\/kem-europe.eu\\\/product\\\/urko-extra-brede-stempelvoet-60x200mm-2-stuks\\\/#breadcrumb\"},\"inLanguage\":\"de\",\"potentialAction\":[{\"@type\":\"ReadAction\",\"target\":[\"https:\\\/\\\/kem-europe.eu\\\/product\\\/urko-extra-brede-stempelvoet-60x200mm-2-stuks\\\/\"]}]},{\"@type\":\"ImageObject\",\"inLanguage\":\"de\",\"@id\":\"https:\\\/\\\/kem-europe.eu\\\/product\\\/urko-extra-brede-stempelvoet-60x200mm-2-stuks\\\/#primaryimage\",\"url\":\"https:\\\/\\\/kem-europe.eu\\\/wp-content\\\/uploads\\\/2025\\\/02\\\/Urko-stempelvoet.jpg\",\"contentUrl\":\"https:\\\/\\\/kem-europe.eu\\\/wp-content\\\/uploads\\\/2025\\\/02\\\/Urko-stempelvoet.jpg\",\"width\":700,\"height\":700},{\"@type\":\"BreadcrumbList\",\"@id\":\"https:\\\/\\\/kem-europe.eu\\\/product\\\/urko-extra-brede-stempelvoet-60x200mm-2-stuks\\\/#breadcrumb\",\"itemListElement\":[{\"@type\":\"ListItem\",\"position\":1,\"name\":\"Home\",\"item\":\"https:\\\/\\\/kem-europe.eu\\\/\"},{\"@type\":\"ListItem\",\"position\":2,\"name\":\"Winkel\",\"item\":\"https:\\\/\\\/kem-europe.eu\\\/winkel\\\/\"},{\"@type\":\"ListItem\",\"position\":3,\"name\":\"Urko &#8211; Extra brede stempelvoet &#8211; 60x200mm &#8211; 2 stuks\"}]},{\"@type\":\"WebSite\",\"@id\":\"https:\\\/\\\/kem-europe.eu\\\/#website\",\"url\":\"https:\\\/\\\/kem-europe.eu\\\/\",\"name\":\"KEM Europe\",\"description\":\"\",\"publisher\":{\"@id\":\"https:\\\/\\\/kem-europe.eu\\\/#organization\"},\"potentialAction\":[{\"@type\":\"SearchAction\",\"target\":{\"@type\":\"EntryPoint\",\"urlTemplate\":\"https:\\\/\\\/kem-europe.eu\\\/?s={search_term_string}\"},\"query-input\":{\"@type\":\"PropertyValueSpecification\",\"valueRequired\":true,\"valueName\":\"search_term_string\"}}],\"inLanguage\":\"de\"},{\"@type\":\"Organization\",\"@id\":\"https:\\\/\\\/kem-europe.eu\\\/#organization\",\"name\":\"KEM Europe\",\"url\":\"https:\\\/\\\/kem-europe.eu\\\/\",\"logo\":{\"@type\":\"ImageObject\",\"inLanguage\":\"de\",\"@id\":\"https:\\\/\\\/kem-europe.eu\\\/#\\\/schema\\\/logo\\\/image\\\/\",\"url\":\"https:\\\/\\\/kem-europe.eu\\\/wp-content\\\/uploads\\\/2025\\\/02\\\/KEM2019-BLACK-1500W.png\",\"contentUrl\":\"https:\\\/\\\/kem-europe.eu\\\/wp-content\\\/uploads\\\/2025\\\/02\\\/KEM2019-BLACK-1500W.png\",\"width\":1500,\"height\":626,\"caption\":\"KEM Europe\"},\"image\":{\"@id\":\"https:\\\/\\\/kem-europe.eu\\\/#\\\/schema\\\/logo\\\/image\\\/\"}}]}<\/script>\n<!-- \/ Yoast SEO plugin. -->","yoast_head_json":{"title":"Urko - Extra breite Stempelbasis - 60x200mm - 2 St\u00fcck - KEM Europe","robots":{"index":"index","follow":"follow","max-snippet":"max-snippet:-1","max-image-preview":"max-image-preview:large","max-video-preview":"max-video-preview:-1"},"canonical":"https:\/\/kem-europe.eu\/de\/produkt\/urko-extra-breiter-stempelfuss-60x200mm-2stueck\/","og_locale":"de_DE","og_type":"article","og_title":"Urko - Extra brede stempelvoet - 60x200mm - 2 stuks - KEM Europe","og_description":"Kenmerken Urko &#8211; Extra brede stempelvoet &#8211; 60x200mm &#8211; 2 stuks T.b.v. 431 model 43129 Afmeting: 60&#215;200 mm Set van 2 stuks","og_url":"https:\/\/kem-europe.eu\/de\/produkt\/urko-extra-breiter-stempelfuss-60x200mm-2stueck\/","og_site_name":"KEM Europe","article_modified_time":"2025-02-27T12:57:38+00:00","og_image":[{"width":700,"height":700,"url":"https:\/\/kem-europe.eu\/wp-content\/uploads\/2025\/02\/Urko-stempelvoet.jpg","type":"image\/jpeg"}],"twitter_card":"summary_large_image","schema":{"@context":"https:\/\/schema.org","@graph":[{"@type":"WebPage","@id":"https:\/\/kem-europe.eu\/product\/urko-extra-brede-stempelvoet-60x200mm-2-stuks\/","url":"https:\/\/kem-europe.eu\/product\/urko-extra-brede-stempelvoet-60x200mm-2-stuks\/","name":"Urko - Extra breite Stempelbasis - 60x200mm - 2 St\u00fcck - KEM Europe","isPartOf":{"@id":"https:\/\/kem-europe.eu\/#website"},"primaryImageOfPage":{"@id":"https:\/\/kem-europe.eu\/product\/urko-extra-brede-stempelvoet-60x200mm-2-stuks\/#primaryimage"},"image":{"@id":"https:\/\/kem-europe.eu\/product\/urko-extra-brede-stempelvoet-60x200mm-2-stuks\/#primaryimage"},"thumbnailUrl":"https:\/\/kem-europe.eu\/wp-content\/uploads\/2025\/02\/Urko-stempelvoet.jpg","datePublished":"2025-02-27T08:40:32+00:00","dateModified":"2025-02-27T12:57:38+00:00","breadcrumb":{"@id":"https:\/\/kem-europe.eu\/product\/urko-extra-brede-stempelvoet-60x200mm-2-stuks\/#breadcrumb"},"inLanguage":"de","potentialAction":[{"@type":"ReadAction","target":["https:\/\/kem-europe.eu\/product\/urko-extra-brede-stempelvoet-60x200mm-2-stuks\/"]}]},{"@type":"ImageObject","inLanguage":"de","@id":"https:\/\/kem-europe.eu\/product\/urko-extra-brede-stempelvoet-60x200mm-2-stuks\/#primaryimage","url":"https:\/\/kem-europe.eu\/wp-content\/uploads\/2025\/02\/Urko-stempelvoet.jpg","contentUrl":"https:\/\/kem-europe.eu\/wp-content\/uploads\/2025\/02\/Urko-stempelvoet.jpg","width":700,"height":700},{"@type":"BreadcrumbList","@id":"https:\/\/kem-europe.eu\/product\/urko-extra-brede-stempelvoet-60x200mm-2-stuks\/#breadcrumb","itemListElement":[{"@type":"ListItem","position":1,"name":"Home","item":"https:\/\/kem-europe.eu\/"},{"@type":"ListItem","position":2,"name":"Winkel","item":"https:\/\/kem-europe.eu\/winkel\/"},{"@type":"ListItem","position":3,"name":"Urko &#8211; Extra brede stempelvoet &#8211; 60x200mm &#8211; 2 stuks"}]},{"@type":"WebSite","@id":"https:\/\/kem-europe.eu\/#website","url":"https:\/\/kem-europe.eu\/","name":"KEM Europe","description":"","publisher":{"@id":"https:\/\/kem-europe.eu\/#organization"},"potentialAction":[{"@type":"SearchAction","target":{"@type":"EntryPoint","urlTemplate":"https:\/\/kem-europe.eu\/?s={search_term_string}"},"query-input":{"@type":"PropertyValueSpecification","valueRequired":true,"valueName":"search_term_string"}}],"inLanguage":"de"},{"@type":"Organization","@id":"https:\/\/kem-europe.eu\/#organization","name":"KEM Europe","url":"https:\/\/kem-europe.eu\/","logo":{"@type":"ImageObject","inLanguage":"de","@id":"https:\/\/kem-europe.eu\/#\/schema\/logo\/image\/","url":"https:\/\/kem-europe.eu\/wp-content\/uploads\/2025\/02\/KEM2019-BLACK-1500W.png","contentUrl":"https:\/\/kem-europe.eu\/wp-content\/uploads\/2025\/02\/KEM2019-BLACK-1500W.png","width":1500,"height":626,"caption":"KEM Europe"},"image":{"@id":"https:\/\/kem-europe.eu\/#\/schema\/logo\/image\/"}}]}},"_links":{"self":[{"href":"https:\/\/kem-europe.eu\/de\/wp-json\/wp\/v2\/product\/2773","targetHints":{"allow":["GET"]}}],"collection":[{"href":"https:\/\/kem-europe.eu\/de\/wp-json\/wp\/v2\/product"}],"about":[{"href":"https:\/\/kem-europe.eu\/de\/wp-json\/wp\/v2\/types\/product"}],"replies":[{"embeddable":true,"href":"https:\/\/kem-europe.eu\/de\/wp-json\/wp\/v2\/comments?post=2773"}],"wp:featuredmedia":[{"embeddable":true,"href":"https:\/\/kem-europe.eu\/de\/wp-json\/wp\/v2\/media\/2799"}],"wp:attachment":[{"href":"https:\/\/kem-europe.eu\/de\/wp-json\/wp\/v2\/media?parent=2773"}],"wp:term":[{"taxonomy":"product_brand","embeddable":true,"href":"https:\/\/kem-europe.eu\/de\/wp-json\/wp\/v2\/product_brand?post=2773"},{"taxonomy":"product_cat","embeddable":true,"href":"https:\/\/kem-europe.eu\/de\/wp-json\/wp\/v2\/product_cat?post=2773"},{"taxonomy":"product_tag","embeddable":true,"href":"https:\/\/kem-europe.eu\/de\/wp-json\/wp\/v2\/product_tag?post=2773"}],"curies":[{"name":"wp","href":"https:\/\/api.w.org\/{rel}","templated":true}]}}