{"id":2774,"date":"2025-02-27T08:40:32","date_gmt":"2025-02-27T08:40:32","guid":{"rendered":"https:\/\/kem-europe.eu\/?post_type=product&#038;p=2774"},"modified":"2025-02-27T12:57:42","modified_gmt":"2025-02-27T12:57:42","slug":"baier-bss608h-staubsauger-1380w","status":"publish","type":"product","link":"https:\/\/kem-europe.eu\/de\/product\/baier-bss608h-stofzuiger-1380w\/","title":{"rendered":"Baier BSS608H Staubsauger 1380W"},"content":{"rendered":"<p>Bei der Renovierung von Altbauten wei\u00df man nie im Voraus, was man vorfindet. H\u00e4ufig werden dabei Asbest und andere gesundheitsgef\u00e4hrdende und krebserregende Stoffe freigesetzt, die sofort entfernt werden m\u00fcssen. Mit dem Baier BSS608H haben Sie den richtigen Staub-\/Wassersauger f\u00fcr diese Aufgabe. Das Ger\u00e4t ist sehr kompakt und mobil, wodurch es sich perfekt an alle \u00e4u\u00dferen Bedingungen anpassen l\u00e4sst. Der BSS608H ist au\u00dferdem f\u00fcr alle Staubarten der Klasse H zugelassen und genehmigt. Dank der innovativen neuen Doppelfiltration werden sch\u00e4dliche St\u00e4ube mit einem Sicherheitsfiltersack entfernt und zus\u00e4tzlich gro\u00dfe Mengen weniger sch\u00e4dlicher St\u00e4ube direkt in den 30-Liter-Beh\u00e4lter gesaugt. Daf\u00fcr sorgt das noch einmal verbesserte, hocheffiziente Filterreinigungssystem Tact. Damit erreicht das Ger\u00e4t einen garantierten Abscheidegrad von 99,995 Prozent.<\/p>\n<p><strong>Spezialstaubsauger Staubklasse H - f\u00fcr hochgef\u00e4hrliche St\u00e4ube<\/strong><\/p>\n<ul>\n<li>Staubklasse H geeignet zum Aufsaugen pathogener St\u00e4ube<\/li>\n<li>Maximale Durchl\u00e4ssigkeit &lt; 0,005%<\/li>\n<li>Staubfrei dank speziellem Doppelfiltersystem<\/li>\n<li>Sicher durch permanente Filterreinigung<\/li>\n<li>Wirtschaftlich durch dauerhaft hohe Saugleistung f\u00fcr gro\u00dfe Mengen an Feinstaub<\/li>\n<li>Integrierte Schlauch- und Kabelhalterung<\/li>\n<li>Geeignet und zugelassen f\u00fcr die Gewinnung von Asbest<\/li>\n<\/ul>\n<p><strong>Eigenschaften Baier BSS608H Staubsauger 1380W<\/strong><\/p>\n<ul>\n<li>Konstant hohe Saugleistung dank vollautomatischem TACT - Automatisches Filter-Reinigungssystem<\/li>\n<li>Gro\u00dfe Staubspeicherkapazit\u00e4t dank innovativem Filtersystem<\/li>\n<li>Automatischer Ein\/Aus-Schalter f\u00fcr Elektrowerkzeuge<\/li>\n<li>Drehzahlregler zur Einstellung der Saugleistung<\/li>\n<li>Anschluss f\u00fcr Elektrowerkzeug \u00d8 38 mm<\/li>\n<li>30-Liter-Beh\u00e4lter mit stabilen Metallr\u00e4dern<\/li>\n<li>Praktisches Klicksystem f\u00fcr schnellen Zubeh\u00f6rwechsel<\/li>\n<li>Einzigartiges Doppelfiltersystem (PES-Filter und Vliesfilter) mit Zertifizierung der Staubklasse H<\/li>\n<li>Geeignet f\u00fcr Trocken- und Nasssaugung<\/li>\n<\/ul>\n<p><strong>Technische Daten<\/strong><\/p>\n<ul>\n<li>Leistung - 1380W<\/li>\n<li>Staubklasse - H<\/li>\n<li>Manometerdruck - 237mbar<\/li>\n<li>Luftstrom - 74L\/s<\/li>\n<li>Fassungsverm\u00f6gen des Absaugfasses - 30L<\/li>\n<li>L\u00e4nge des Saugschlauchs - 4m<\/li>\n<li>Kabell\u00e4nge - 7,5 m<\/li>\n<li>Gewicht - 14,5 kg<\/li>\n<\/ul>\n<p><strong>Umfang der Lieferung<\/strong><\/p>\n<ul>\n<li>4 Meter antistatischer Saugschlauch<\/li>\n<li>2x Chrom-Saugleitung (500 mm)<\/li>\n<li>Verteiler<\/li>\n<li>Bodend\u00fcse<\/li>\n<li>Schlitzd\u00fcse<\/li>\n<li>Staubfilter<\/li>\n<\/ul>","protected":false},"excerpt":{"rendered":"<p><strong>Spezialstaubsauger Staubklasse H - f\u00fcr hochgef\u00e4hrliche St\u00e4ube<\/strong><\/p>","protected":false},"featured_media":2800,"comment_status":"closed","ping_status":"closed","template":"","meta":[],"product_brand":[626],"product_cat":[17,526],"product_tag":[],"class_list":{"0":"post-2774","1":"product","2":"type-product","3":"status-publish","4":"has-post-thumbnail","6":"product_brand-baier","7":"product_cat-machines","8":"product_cat-stofzuiger","10":"first","11":"instock","12":"shipping-taxable","13":"purchasable","14":"product-type-simple"},"ct_brands":[{"id":626,"name":"BAIER","slug":"baier-info"}],"yoast_head":"<!-- This site is optimized with the Yoast SEO plugin v27.3 - https:\/\/yoast.com\/product\/yoast-seo-wordpress\/ -->\n<title>Baier BSS608H Stofzuiger 1380W - KEM Europe<\/title>\n<meta name=\"robots\" content=\"index, follow, max-snippet:-1, max-image-preview:large, max-video-preview:-1\" \/>\n<link rel=\"canonical\" href=\"https:\/\/kem-europe.eu\/de\/produkt\/baier-bss608h-staubsauger-1380w\/\" \/>\n<meta property=\"og:locale\" content=\"de_DE\" \/>\n<meta property=\"og:type\" content=\"article\" \/>\n<meta property=\"og:title\" content=\"Baier BSS608H Stofzuiger 1380W - KEM Europe\" \/>\n<meta property=\"og:description\" content=\"Speciale stofzuiger stofklasse H \u2013 voor zeer gevaarlijk stof\" \/>\n<meta property=\"og:url\" content=\"https:\/\/kem-europe.eu\/de\/produkt\/baier-bss608h-staubsauger-1380w\/\" \/>\n<meta property=\"og:site_name\" content=\"KEM Europe\" \/>\n<meta property=\"article:modified_time\" content=\"2025-02-27T12:57:42+00:00\" \/>\n<meta property=\"og:image\" content=\"https:\/\/kem-europe.eu\/wp-content\/uploads\/2025\/02\/Baier-bss608h.jpg\" \/>\n\t<meta property=\"og:image:width\" content=\"700\" \/>\n\t<meta property=\"og:image:height\" content=\"700\" \/>\n\t<meta property=\"og:image:type\" content=\"image\/jpeg\" \/>\n<meta name=\"twitter:card\" content=\"summary_large_image\" \/>\n<meta name=\"twitter:label1\" content=\"Gesch\u00e4tzte Lesezeit\" \/>\n\t<meta name=\"twitter:data1\" content=\"1\u00a0Minute\" \/>\n<script type=\"application\/ld+json\" class=\"yoast-schema-graph\">{\"@context\":\"https:\\\/\\\/schema.org\",\"@graph\":[{\"@type\":\"WebPage\",\"@id\":\"https:\\\/\\\/kem-europe.eu\\\/product\\\/baier-bss608h-stofzuiger-1380w\\\/\",\"url\":\"https:\\\/\\\/kem-europe.eu\\\/product\\\/baier-bss608h-stofzuiger-1380w\\\/\",\"name\":\"Baier BSS608H Stofzuiger 1380W - KEM Europe\",\"isPartOf\":{\"@id\":\"https:\\\/\\\/kem-europe.eu\\\/#website\"},\"primaryImageOfPage\":{\"@id\":\"https:\\\/\\\/kem-europe.eu\\\/product\\\/baier-bss608h-stofzuiger-1380w\\\/#primaryimage\"},\"image\":{\"@id\":\"https:\\\/\\\/kem-europe.eu\\\/product\\\/baier-bss608h-stofzuiger-1380w\\\/#primaryimage\"},\"thumbnailUrl\":\"https:\\\/\\\/kem-europe.eu\\\/wp-content\\\/uploads\\\/2025\\\/02\\\/Baier-bss608h.jpg\",\"datePublished\":\"2025-02-27T08:40:32+00:00\",\"dateModified\":\"2025-02-27T12:57:42+00:00\",\"breadcrumb\":{\"@id\":\"https:\\\/\\\/kem-europe.eu\\\/product\\\/baier-bss608h-stofzuiger-1380w\\\/#breadcrumb\"},\"inLanguage\":\"de\",\"potentialAction\":[{\"@type\":\"ReadAction\",\"target\":[\"https:\\\/\\\/kem-europe.eu\\\/product\\\/baier-bss608h-stofzuiger-1380w\\\/\"]}]},{\"@type\":\"ImageObject\",\"inLanguage\":\"de\",\"@id\":\"https:\\\/\\\/kem-europe.eu\\\/product\\\/baier-bss608h-stofzuiger-1380w\\\/#primaryimage\",\"url\":\"https:\\\/\\\/kem-europe.eu\\\/wp-content\\\/uploads\\\/2025\\\/02\\\/Baier-bss608h.jpg\",\"contentUrl\":\"https:\\\/\\\/kem-europe.eu\\\/wp-content\\\/uploads\\\/2025\\\/02\\\/Baier-bss608h.jpg\",\"width\":700,\"height\":700},{\"@type\":\"BreadcrumbList\",\"@id\":\"https:\\\/\\\/kem-europe.eu\\\/product\\\/baier-bss608h-stofzuiger-1380w\\\/#breadcrumb\",\"itemListElement\":[{\"@type\":\"ListItem\",\"position\":1,\"name\":\"Home\",\"item\":\"https:\\\/\\\/kem-europe.eu\\\/\"},{\"@type\":\"ListItem\",\"position\":2,\"name\":\"Winkel\",\"item\":\"https:\\\/\\\/kem-europe.eu\\\/winkel\\\/\"},{\"@type\":\"ListItem\",\"position\":3,\"name\":\"Baier BSS608H Stofzuiger 1380W\"}]},{\"@type\":\"WebSite\",\"@id\":\"https:\\\/\\\/kem-europe.eu\\\/#website\",\"url\":\"https:\\\/\\\/kem-europe.eu\\\/\",\"name\":\"KEM Europe\",\"description\":\"\",\"publisher\":{\"@id\":\"https:\\\/\\\/kem-europe.eu\\\/#organization\"},\"potentialAction\":[{\"@type\":\"SearchAction\",\"target\":{\"@type\":\"EntryPoint\",\"urlTemplate\":\"https:\\\/\\\/kem-europe.eu\\\/?s={search_term_string}\"},\"query-input\":{\"@type\":\"PropertyValueSpecification\",\"valueRequired\":true,\"valueName\":\"search_term_string\"}}],\"inLanguage\":\"de\"},{\"@type\":\"Organization\",\"@id\":\"https:\\\/\\\/kem-europe.eu\\\/#organization\",\"name\":\"KEM Europe\",\"url\":\"https:\\\/\\\/kem-europe.eu\\\/\",\"logo\":{\"@type\":\"ImageObject\",\"inLanguage\":\"de\",\"@id\":\"https:\\\/\\\/kem-europe.eu\\\/#\\\/schema\\\/logo\\\/image\\\/\",\"url\":\"https:\\\/\\\/kem-europe.eu\\\/wp-content\\\/uploads\\\/2025\\\/02\\\/KEM2019-BLACK-1500W.png\",\"contentUrl\":\"https:\\\/\\\/kem-europe.eu\\\/wp-content\\\/uploads\\\/2025\\\/02\\\/KEM2019-BLACK-1500W.png\",\"width\":1500,\"height\":626,\"caption\":\"KEM Europe\"},\"image\":{\"@id\":\"https:\\\/\\\/kem-europe.eu\\\/#\\\/schema\\\/logo\\\/image\\\/\"}}]}<\/script>\n<!-- \/ Yoast SEO plugin. -->","yoast_head_json":{"title":"Baier BSS608H Staubsauger 1380W - KEM Europe","robots":{"index":"index","follow":"follow","max-snippet":"max-snippet:-1","max-image-preview":"max-image-preview:large","max-video-preview":"max-video-preview:-1"},"canonical":"https:\/\/kem-europe.eu\/de\/produkt\/baier-bss608h-staubsauger-1380w\/","og_locale":"de_DE","og_type":"article","og_title":"Baier BSS608H Stofzuiger 1380W - KEM Europe","og_description":"Speciale stofzuiger stofklasse H \u2013 voor zeer gevaarlijk stof","og_url":"https:\/\/kem-europe.eu\/de\/produkt\/baier-bss608h-staubsauger-1380w\/","og_site_name":"KEM Europe","article_modified_time":"2025-02-27T12:57:42+00:00","og_image":[{"width":700,"height":700,"url":"https:\/\/kem-europe.eu\/wp-content\/uploads\/2025\/02\/Baier-bss608h.jpg","type":"image\/jpeg"}],"twitter_card":"summary_large_image","twitter_misc":{"Gesch\u00e4tzte Lesezeit":"1\u00a0Minute"},"schema":{"@context":"https:\/\/schema.org","@graph":[{"@type":"WebPage","@id":"https:\/\/kem-europe.eu\/product\/baier-bss608h-stofzuiger-1380w\/","url":"https:\/\/kem-europe.eu\/product\/baier-bss608h-stofzuiger-1380w\/","name":"Baier BSS608H Staubsauger 1380W - KEM Europe","isPartOf":{"@id":"https:\/\/kem-europe.eu\/#website"},"primaryImageOfPage":{"@id":"https:\/\/kem-europe.eu\/product\/baier-bss608h-stofzuiger-1380w\/#primaryimage"},"image":{"@id":"https:\/\/kem-europe.eu\/product\/baier-bss608h-stofzuiger-1380w\/#primaryimage"},"thumbnailUrl":"https:\/\/kem-europe.eu\/wp-content\/uploads\/2025\/02\/Baier-bss608h.jpg","datePublished":"2025-02-27T08:40:32+00:00","dateModified":"2025-02-27T12:57:42+00:00","breadcrumb":{"@id":"https:\/\/kem-europe.eu\/product\/baier-bss608h-stofzuiger-1380w\/#breadcrumb"},"inLanguage":"de","potentialAction":[{"@type":"ReadAction","target":["https:\/\/kem-europe.eu\/product\/baier-bss608h-stofzuiger-1380w\/"]}]},{"@type":"ImageObject","inLanguage":"de","@id":"https:\/\/kem-europe.eu\/product\/baier-bss608h-stofzuiger-1380w\/#primaryimage","url":"https:\/\/kem-europe.eu\/wp-content\/uploads\/2025\/02\/Baier-bss608h.jpg","contentUrl":"https:\/\/kem-europe.eu\/wp-content\/uploads\/2025\/02\/Baier-bss608h.jpg","width":700,"height":700},{"@type":"BreadcrumbList","@id":"https:\/\/kem-europe.eu\/product\/baier-bss608h-stofzuiger-1380w\/#breadcrumb","itemListElement":[{"@type":"ListItem","position":1,"name":"Home","item":"https:\/\/kem-europe.eu\/"},{"@type":"ListItem","position":2,"name":"Winkel","item":"https:\/\/kem-europe.eu\/winkel\/"},{"@type":"ListItem","position":3,"name":"Baier BSS608H Stofzuiger 1380W"}]},{"@type":"WebSite","@id":"https:\/\/kem-europe.eu\/#website","url":"https:\/\/kem-europe.eu\/","name":"KEM Europe","description":"","publisher":{"@id":"https:\/\/kem-europe.eu\/#organization"},"potentialAction":[{"@type":"SearchAction","target":{"@type":"EntryPoint","urlTemplate":"https:\/\/kem-europe.eu\/?s={search_term_string}"},"query-input":{"@type":"PropertyValueSpecification","valueRequired":true,"valueName":"search_term_string"}}],"inLanguage":"de"},{"@type":"Organization","@id":"https:\/\/kem-europe.eu\/#organization","name":"KEM Europe","url":"https:\/\/kem-europe.eu\/","logo":{"@type":"ImageObject","inLanguage":"de","@id":"https:\/\/kem-europe.eu\/#\/schema\/logo\/image\/","url":"https:\/\/kem-europe.eu\/wp-content\/uploads\/2025\/02\/KEM2019-BLACK-1500W.png","contentUrl":"https:\/\/kem-europe.eu\/wp-content\/uploads\/2025\/02\/KEM2019-BLACK-1500W.png","width":1500,"height":626,"caption":"KEM Europe"},"image":{"@id":"https:\/\/kem-europe.eu\/#\/schema\/logo\/image\/"}}]}},"_links":{"self":[{"href":"https:\/\/kem-europe.eu\/de\/wp-json\/wp\/v2\/product\/2774","targetHints":{"allow":["GET"]}}],"collection":[{"href":"https:\/\/kem-europe.eu\/de\/wp-json\/wp\/v2\/product"}],"about":[{"href":"https:\/\/kem-europe.eu\/de\/wp-json\/wp\/v2\/types\/product"}],"replies":[{"embeddable":true,"href":"https:\/\/kem-europe.eu\/de\/wp-json\/wp\/v2\/comments?post=2774"}],"wp:featuredmedia":[{"embeddable":true,"href":"https:\/\/kem-europe.eu\/de\/wp-json\/wp\/v2\/media\/2800"}],"wp:attachment":[{"href":"https:\/\/kem-europe.eu\/de\/wp-json\/wp\/v2\/media?parent=2774"}],"wp:term":[{"taxonomy":"product_brand","embeddable":true,"href":"https:\/\/kem-europe.eu\/de\/wp-json\/wp\/v2\/product_brand?post=2774"},{"taxonomy":"product_cat","embeddable":true,"href":"https:\/\/kem-europe.eu\/de\/wp-json\/wp\/v2\/product_cat?post=2774"},{"taxonomy":"product_tag","embeddable":true,"href":"https:\/\/kem-europe.eu\/de\/wp-json\/wp\/v2\/product_tag?post=2774"}],"curies":[{"name":"wp","href":"https:\/\/api.w.org\/{rel}","templated":true}]}}