{"id":2778,"date":"2025-02-27T08:40:32","date_gmt":"2025-02-27T08:40:32","guid":{"rendered":"https:\/\/kem-europe.eu\/?post_type=product&#038;p=2778"},"modified":"2025-06-06T07:44:17","modified_gmt":"2025-06-06T07:44:17","slug":"keyang-sm7000v-satiniermaschine-1200w","status":"publish","type":"product","link":"https:\/\/kem-europe.eu\/de\/product\/keyang-sm7000v-satineermachine-1200w\/","title":{"rendered":"Keyang SM7000V Satinator - 1200W"},"content":{"rendered":"<p><strong>Warum Keyang w\u00e4hlen?<\/strong><\/p>\n<p>Die koreanische Marke stellt seit \u00fcber 40 Jahren hochwertige Bau- und Industriemaschinen her. Seit mehr als 25 Jahren produziert sie auch f\u00fcr mehrere A-Marken auf dem europ\u00e4ischen Markt (u.a. Kress &amp; Spit). Keyang \u00fcbertrumpft seine Konkurrenten, indem es hervorragende Qualit\u00e4t zu einem fairen Preis liefert. Von seiner Position als Marktf\u00fchrer auf dem koreanischen Markt hat das Unternehmen nun begonnen, sich auch auf den europ\u00e4ischen Markt zu konzentrieren. In relativ kurzer Zeit hat sich die koreanische Marke zu einer vertrauensw\u00fcrdigen Marke auf der Baustelle entwickelt. Das hat nichts mit ausgekl\u00fcgeltem Marketing zu tun, sondern vor allem mit\u00a0<em>erleben<\/em>.<\/p>\n<p><b>Eigenschaften Keyang SM7000V Satinator- 1200W<br \/>\n<\/b><\/p>\n<ul>\n<li>Rutschfester, weicher Griff<\/li>\n<li>Mit Anti-Vibrations-Griff<\/li>\n<li>Schalld\u00e4mmung<\/li>\n<li>Einstellbare Geschwindigkeit<\/li>\n<li>Anti-Vibrations-Griff<\/li>\n<li>\u00dcberlast- und Wiederanlaufschutz<\/li>\n<li>Selbstverschiebende Kohleb\u00fcrsten<\/li>\n<\/ul>\n<p><strong>Technische Daten<\/strong><\/p>\n<ul>\n<li>Rollenbreite - 100 mm<\/li>\n<li>Rollendurchmesser - 100 mm<\/li>\n<li>Leistung - 1200 W<\/li>\n<li>Leerlaufdrehzahl - 800-2400 U\/min<\/li>\n<li>Gewicht - 3,3 kg<\/li>\n<\/ul>\n<p><b>Umfang der Lieferung<\/b><\/p>\n<ul>\n<li>Keyang SM7000V Satinator - 1200W<\/li>\n<li>Geliefert in einer Tasche<\/li>\n<\/ul>","protected":false},"excerpt":{"rendered":"<table>\n<tbody>\n<tr>\n<td class=\"echotable\">Doppelte Isolierung<\/td>\n<td class=\"echotable\">Geschwindigkeitskontrolle<\/td>\n<\/tr>\n<tr>\n<td class=\"echotable\">Hohe Drehzahlen<\/td>\n<td class=\"echotable\">Niedrige Drehzahl<\/td>\n<\/tr>\n<\/tbody>\n<tbody>\n<tr>\n<td class=\"echotable\">Auto-Stopp-Kohleb\u00fcrsten<\/td>\n<\/tr>\n<\/tbody>\n<\/table>\n<p><b>Umfang der Lieferung<\/b><\/p>\n<ul>\n<li>Keyang SM7000V Satinator - 1200W<\/li>\n<li>Geliefert in einer Tasche<\/li>\n<\/ul>","protected":false},"featured_media":2804,"comment_status":"closed","ping_status":"closed","template":"","meta":[],"product_brand":[624],"product_cat":[17,548],"product_tag":[],"class_list":{"0":"post-2778","1":"product","2":"type-product","3":"status-publish","4":"has-post-thumbnail","6":"product_brand-keyang","7":"product_cat-machines","8":"product_cat-satineermachine","10":"first","11":"instock","12":"product-type-simple"},"ct_brands":[{"id":624,"name":"KEYANG","slug":"keyang"}],"yoast_head":"<!-- This site is optimized with the Yoast SEO plugin v27.3 - https:\/\/yoast.com\/product\/yoast-seo-wordpress\/ -->\n<title>Keyang SM7000V Satineermachine - 1200W - KEM Europe<\/title>\n<meta name=\"robots\" content=\"index, follow, max-snippet:-1, max-image-preview:large, max-video-preview:-1\" \/>\n<link rel=\"canonical\" href=\"https:\/\/kem-europe.eu\/de\/produkt\/keyang-sm7000v-satiniermaschine-1200w\/\" \/>\n<meta property=\"og:locale\" content=\"de_DE\" \/>\n<meta property=\"og:type\" content=\"article\" \/>\n<meta property=\"og:title\" content=\"Keyang SM7000V Satineermachine - 1200W - KEM Europe\" \/>\n<meta property=\"og:description\" content=\"Dubbele isolatie Toerentalregeling   Hoge RPM Lage RPM     Auto-stop koolborstels    Leveringsomvang   Keyang SM7000V Satineermachine - 1200W  Geleverd in tas\" \/>\n<meta property=\"og:url\" content=\"https:\/\/kem-europe.eu\/de\/produkt\/keyang-sm7000v-satiniermaschine-1200w\/\" \/>\n<meta property=\"og:site_name\" content=\"KEM Europe\" \/>\n<meta property=\"article:modified_time\" content=\"2025-06-06T07:44:17+00:00\" \/>\n<meta property=\"og:image\" content=\"https:\/\/kem-europe.eu\/wp-content\/uploads\/2025\/02\/SM7000V_01_72DPI_TR.png\" \/>\n\t<meta property=\"og:image:width\" content=\"700\" \/>\n\t<meta property=\"og:image:height\" content=\"700\" \/>\n\t<meta property=\"og:image:type\" content=\"image\/png\" \/>\n<meta name=\"twitter:card\" content=\"summary_large_image\" \/>\n<meta name=\"twitter:label1\" content=\"Gesch\u00e4tzte Lesezeit\" \/>\n\t<meta name=\"twitter:data1\" content=\"1\u00a0Minute\" \/>\n<script type=\"application\/ld+json\" class=\"yoast-schema-graph\">{\"@context\":\"https:\\\/\\\/schema.org\",\"@graph\":[{\"@type\":\"WebPage\",\"@id\":\"https:\\\/\\\/kem-europe.eu\\\/product\\\/keyang-sm7000v-satineermachine-1200w\\\/\",\"url\":\"https:\\\/\\\/kem-europe.eu\\\/product\\\/keyang-sm7000v-satineermachine-1200w\\\/\",\"name\":\"Keyang SM7000V Satineermachine - 1200W - KEM Europe\",\"isPartOf\":{\"@id\":\"https:\\\/\\\/kem-europe.eu\\\/#website\"},\"primaryImageOfPage\":{\"@id\":\"https:\\\/\\\/kem-europe.eu\\\/product\\\/keyang-sm7000v-satineermachine-1200w\\\/#primaryimage\"},\"image\":{\"@id\":\"https:\\\/\\\/kem-europe.eu\\\/product\\\/keyang-sm7000v-satineermachine-1200w\\\/#primaryimage\"},\"thumbnailUrl\":\"https:\\\/\\\/kem-europe.eu\\\/wp-content\\\/uploads\\\/2025\\\/02\\\/SM7000V_01_72DPI_TR.png\",\"datePublished\":\"2025-02-27T08:40:32+00:00\",\"dateModified\":\"2025-06-06T07:44:17+00:00\",\"breadcrumb\":{\"@id\":\"https:\\\/\\\/kem-europe.eu\\\/product\\\/keyang-sm7000v-satineermachine-1200w\\\/#breadcrumb\"},\"inLanguage\":\"de\",\"potentialAction\":[{\"@type\":\"ReadAction\",\"target\":[\"https:\\\/\\\/kem-europe.eu\\\/product\\\/keyang-sm7000v-satineermachine-1200w\\\/\"]}]},{\"@type\":\"ImageObject\",\"inLanguage\":\"de\",\"@id\":\"https:\\\/\\\/kem-europe.eu\\\/product\\\/keyang-sm7000v-satineermachine-1200w\\\/#primaryimage\",\"url\":\"https:\\\/\\\/kem-europe.eu\\\/wp-content\\\/uploads\\\/2025\\\/02\\\/SM7000V_01_72DPI_TR.png\",\"contentUrl\":\"https:\\\/\\\/kem-europe.eu\\\/wp-content\\\/uploads\\\/2025\\\/02\\\/SM7000V_01_72DPI_TR.png\",\"width\":700,\"height\":700},{\"@type\":\"BreadcrumbList\",\"@id\":\"https:\\\/\\\/kem-europe.eu\\\/product\\\/keyang-sm7000v-satineermachine-1200w\\\/#breadcrumb\",\"itemListElement\":[{\"@type\":\"ListItem\",\"position\":1,\"name\":\"Home\",\"item\":\"https:\\\/\\\/kem-europe.eu\\\/\"},{\"@type\":\"ListItem\",\"position\":2,\"name\":\"Winkel\",\"item\":\"https:\\\/\\\/kem-europe.eu\\\/winkel\\\/\"},{\"@type\":\"ListItem\",\"position\":3,\"name\":\"Keyang SM7000V Satineermachine &#8211; 1200W\"}]},{\"@type\":\"WebSite\",\"@id\":\"https:\\\/\\\/kem-europe.eu\\\/#website\",\"url\":\"https:\\\/\\\/kem-europe.eu\\\/\",\"name\":\"KEM Europe\",\"description\":\"\",\"publisher\":{\"@id\":\"https:\\\/\\\/kem-europe.eu\\\/#organization\"},\"potentialAction\":[{\"@type\":\"SearchAction\",\"target\":{\"@type\":\"EntryPoint\",\"urlTemplate\":\"https:\\\/\\\/kem-europe.eu\\\/?s={search_term_string}\"},\"query-input\":{\"@type\":\"PropertyValueSpecification\",\"valueRequired\":true,\"valueName\":\"search_term_string\"}}],\"inLanguage\":\"de\"},{\"@type\":\"Organization\",\"@id\":\"https:\\\/\\\/kem-europe.eu\\\/#organization\",\"name\":\"KEM Europe\",\"url\":\"https:\\\/\\\/kem-europe.eu\\\/\",\"logo\":{\"@type\":\"ImageObject\",\"inLanguage\":\"de\",\"@id\":\"https:\\\/\\\/kem-europe.eu\\\/#\\\/schema\\\/logo\\\/image\\\/\",\"url\":\"https:\\\/\\\/kem-europe.eu\\\/wp-content\\\/uploads\\\/2025\\\/02\\\/KEM2019-BLACK-1500W.png\",\"contentUrl\":\"https:\\\/\\\/kem-europe.eu\\\/wp-content\\\/uploads\\\/2025\\\/02\\\/KEM2019-BLACK-1500W.png\",\"width\":1500,\"height\":626,\"caption\":\"KEM Europe\"},\"image\":{\"@id\":\"https:\\\/\\\/kem-europe.eu\\\/#\\\/schema\\\/logo\\\/image\\\/\"}}]}<\/script>\n<!-- \/ Yoast SEO plugin. -->","yoast_head_json":{"title":"Keyang SM7000V Satinator - 1200W - KEM Europe","robots":{"index":"index","follow":"follow","max-snippet":"max-snippet:-1","max-image-preview":"max-image-preview:large","max-video-preview":"max-video-preview:-1"},"canonical":"https:\/\/kem-europe.eu\/de\/produkt\/keyang-sm7000v-satiniermaschine-1200w\/","og_locale":"de_DE","og_type":"article","og_title":"Keyang SM7000V Satineermachine - 1200W - KEM Europe","og_description":"Dubbele isolatie Toerentalregeling   Hoge RPM Lage RPM     Auto-stop koolborstels    Leveringsomvang   Keyang SM7000V Satineermachine - 1200W  Geleverd in tas","og_url":"https:\/\/kem-europe.eu\/de\/produkt\/keyang-sm7000v-satiniermaschine-1200w\/","og_site_name":"KEM Europe","article_modified_time":"2025-06-06T07:44:17+00:00","og_image":[{"width":700,"height":700,"url":"https:\/\/kem-europe.eu\/wp-content\/uploads\/2025\/02\/SM7000V_01_72DPI_TR.png","type":"image\/png"}],"twitter_card":"summary_large_image","twitter_misc":{"Gesch\u00e4tzte Lesezeit":"1\u00a0Minute"},"schema":{"@context":"https:\/\/schema.org","@graph":[{"@type":"WebPage","@id":"https:\/\/kem-europe.eu\/product\/keyang-sm7000v-satineermachine-1200w\/","url":"https:\/\/kem-europe.eu\/product\/keyang-sm7000v-satineermachine-1200w\/","name":"Keyang SM7000V Satinator - 1200W - KEM Europe","isPartOf":{"@id":"https:\/\/kem-europe.eu\/#website"},"primaryImageOfPage":{"@id":"https:\/\/kem-europe.eu\/product\/keyang-sm7000v-satineermachine-1200w\/#primaryimage"},"image":{"@id":"https:\/\/kem-europe.eu\/product\/keyang-sm7000v-satineermachine-1200w\/#primaryimage"},"thumbnailUrl":"https:\/\/kem-europe.eu\/wp-content\/uploads\/2025\/02\/SM7000V_01_72DPI_TR.png","datePublished":"2025-02-27T08:40:32+00:00","dateModified":"2025-06-06T07:44:17+00:00","breadcrumb":{"@id":"https:\/\/kem-europe.eu\/product\/keyang-sm7000v-satineermachine-1200w\/#breadcrumb"},"inLanguage":"de","potentialAction":[{"@type":"ReadAction","target":["https:\/\/kem-europe.eu\/product\/keyang-sm7000v-satineermachine-1200w\/"]}]},{"@type":"ImageObject","inLanguage":"de","@id":"https:\/\/kem-europe.eu\/product\/keyang-sm7000v-satineermachine-1200w\/#primaryimage","url":"https:\/\/kem-europe.eu\/wp-content\/uploads\/2025\/02\/SM7000V_01_72DPI_TR.png","contentUrl":"https:\/\/kem-europe.eu\/wp-content\/uploads\/2025\/02\/SM7000V_01_72DPI_TR.png","width":700,"height":700},{"@type":"BreadcrumbList","@id":"https:\/\/kem-europe.eu\/product\/keyang-sm7000v-satineermachine-1200w\/#breadcrumb","itemListElement":[{"@type":"ListItem","position":1,"name":"Home","item":"https:\/\/kem-europe.eu\/"},{"@type":"ListItem","position":2,"name":"Winkel","item":"https:\/\/kem-europe.eu\/winkel\/"},{"@type":"ListItem","position":3,"name":"Keyang SM7000V Satineermachine &#8211; 1200W"}]},{"@type":"WebSite","@id":"https:\/\/kem-europe.eu\/#website","url":"https:\/\/kem-europe.eu\/","name":"KEM Europe","description":"","publisher":{"@id":"https:\/\/kem-europe.eu\/#organization"},"potentialAction":[{"@type":"SearchAction","target":{"@type":"EntryPoint","urlTemplate":"https:\/\/kem-europe.eu\/?s={search_term_string}"},"query-input":{"@type":"PropertyValueSpecification","valueRequired":true,"valueName":"search_term_string"}}],"inLanguage":"de"},{"@type":"Organization","@id":"https:\/\/kem-europe.eu\/#organization","name":"KEM Europe","url":"https:\/\/kem-europe.eu\/","logo":{"@type":"ImageObject","inLanguage":"de","@id":"https:\/\/kem-europe.eu\/#\/schema\/logo\/image\/","url":"https:\/\/kem-europe.eu\/wp-content\/uploads\/2025\/02\/KEM2019-BLACK-1500W.png","contentUrl":"https:\/\/kem-europe.eu\/wp-content\/uploads\/2025\/02\/KEM2019-BLACK-1500W.png","width":1500,"height":626,"caption":"KEM Europe"},"image":{"@id":"https:\/\/kem-europe.eu\/#\/schema\/logo\/image\/"}}]}},"_links":{"self":[{"href":"https:\/\/kem-europe.eu\/de\/wp-json\/wp\/v2\/product\/2778","targetHints":{"allow":["GET"]}}],"collection":[{"href":"https:\/\/kem-europe.eu\/de\/wp-json\/wp\/v2\/product"}],"about":[{"href":"https:\/\/kem-europe.eu\/de\/wp-json\/wp\/v2\/types\/product"}],"replies":[{"embeddable":true,"href":"https:\/\/kem-europe.eu\/de\/wp-json\/wp\/v2\/comments?post=2778"}],"wp:featuredmedia":[{"embeddable":true,"href":"https:\/\/kem-europe.eu\/de\/wp-json\/wp\/v2\/media\/2804"}],"wp:attachment":[{"href":"https:\/\/kem-europe.eu\/de\/wp-json\/wp\/v2\/media?parent=2778"}],"wp:term":[{"taxonomy":"product_brand","embeddable":true,"href":"https:\/\/kem-europe.eu\/de\/wp-json\/wp\/v2\/product_brand?post=2778"},{"taxonomy":"product_cat","embeddable":true,"href":"https:\/\/kem-europe.eu\/de\/wp-json\/wp\/v2\/product_cat?post=2778"},{"taxonomy":"product_tag","embeddable":true,"href":"https:\/\/kem-europe.eu\/de\/wp-json\/wp\/v2\/product_tag?post=2778"}],"curies":[{"name":"wp","href":"https:\/\/api.w.org\/{rel}","templated":true}]}}