{"id":2779,"date":"2025-02-27T08:40:32","date_gmt":"2025-02-27T08:40:32","guid":{"rendered":"https:\/\/kem-europe.eu\/?post_type=product&#038;p=2779"},"modified":"2025-06-06T06:24:22","modified_gmt":"2025-06-06T06:24:22","slug":"keyang-dc20bl-8dw-akku-staubsauger-20v","status":"publish","type":"product","link":"https:\/\/kem-europe.eu\/de\/product\/keyang-dc20bl-8dw-accu-stofzuiger-20v\/","title":{"rendered":"Keyang DC20BL-8DW Schnurloser Staubsauger - 20V"},"content":{"rendered":"<p><img decoding=\"async\" class=\"aligncenter\" src=\"https:\/\/bjctools.nl\/wp-content\/uploads\/2022\/12\/DC20BL-8DW-NL-2.png\" alt=\"Schl\u00fcsselanh\u00e4nger DC20BL-8DW\" \/><\/p>","protected":false},"excerpt":{"rendered":"<p><strong>Warum Keyang w\u00e4hlen?<\/strong><\/p>\n<p>Die koreanische Marke stellt seit \u00fcber 40 Jahren hochwertige Bau- und Industriemaschinen her. Seit mehr als 25 Jahren produziert sie auch f\u00fcr mehrere A-Marken auf dem europ\u00e4ischen Markt (u.a. Kress &amp; Spit). Keyang \u00fcbertrumpft seine Konkurrenten, indem es hervorragende Qualit\u00e4t zu einem fairen Preis liefert. Von seiner Position als Marktf\u00fchrer auf dem koreanischen Markt hat das Unternehmen nun begonnen, sich auch auf den europ\u00e4ischen Markt zu konzentrieren. In relativ kurzer Zeit hat sich die koreanische Marke zu einer vertrauensw\u00fcrdigen Marke auf der Baustelle entwickelt. Das hat nichts mit ausgekl\u00fcgeltem Marketing zu tun, sondern vor allem mit <em>erleben<\/em>.<\/p>\n<p>&nbsp;<\/p>\n<p><strong>Umfang der Lieferung<\/strong><\/p>\n<ul>\n<li>Keyang DC20BL-8DW Schnurloser Staubsauger - 20V<\/li>\n<li>1 x Tasche<\/li>\n<li>1 x Langes flexibles Mundst\u00fcck<\/li>\n<li>1 x Tischb\u00fcrste<\/li>\n<li>1 x Wasserpinsel<\/li>\n<li>1 x Rundb\u00fcrste<\/li>\n<li>1 x Fugenb\u00fcrste<\/li>\n<li>1 x Verl\u00e4ngerungsschlauch<\/li>\n<\/ul>","protected":false},"featured_media":2805,"comment_status":"closed","ping_status":"closed","template":"","meta":[],"product_brand":[624],"product_cat":[54,526],"product_tag":[],"class_list":{"0":"post-2779","1":"product","2":"type-product","3":"status-publish","4":"has-post-thumbnail","6":"product_brand-keyang","7":"product_cat-accu-machines","8":"product_cat-stofzuiger","10":"first","11":"instock","12":"shipping-taxable","13":"product-type-simple"},"ct_brands":[{"id":624,"name":"KEYANG","slug":"keyang"}],"yoast_head":"<!-- This site is optimized with the Yoast SEO plugin v27.3 - https:\/\/yoast.com\/product\/yoast-seo-wordpress\/ -->\n<title>Keyang DC20BL-8DW Accu Stofzuiger 20V l KEM-EUROPE<\/title>\n<meta name=\"description\" content=\"Keyang DC20BL-8DW Accu Stofzuiger 20V - Vergroot de gebruiksmogelijkheden en vangt droge en natte stof op! Voorzien van HAPA-filter!\" \/>\n<meta name=\"robots\" content=\"index, follow, max-snippet:-1, max-image-preview:large, max-video-preview:-1\" \/>\n<link rel=\"canonical\" href=\"https:\/\/kem-europe.eu\/de\/produkt\/keyang-dc20bl-8dw-akku-staubsauger-20v\/\" \/>\n<meta property=\"og:locale\" content=\"de_DE\" \/>\n<meta property=\"og:type\" content=\"article\" \/>\n<meta property=\"og:title\" content=\"Keyang DC20BL-8DW Accu Stofzuiger 20V l KEM-EUROPE\" \/>\n<meta property=\"og:description\" content=\"Keyang DC20BL-8DW Accu Stofzuiger 20V - Vergroot de gebruiksmogelijkheden en vangt droge en natte stof op! Voorzien van HAPA-filter!\" \/>\n<meta property=\"og:url\" content=\"https:\/\/kem-europe.eu\/de\/produkt\/keyang-dc20bl-8dw-akku-staubsauger-20v\/\" \/>\n<meta property=\"og:site_name\" content=\"KEM Europe\" \/>\n<meta property=\"article:modified_time\" content=\"2025-06-06T06:24:22+00:00\" \/>\n<meta property=\"og:image\" content=\"https:\/\/kem-europe.eu\/wp-content\/uploads\/2025\/02\/DW20BLH315-01.png\" \/>\n\t<meta property=\"og:image:width\" content=\"700\" \/>\n\t<meta property=\"og:image:height\" content=\"700\" \/>\n\t<meta property=\"og:image:type\" content=\"image\/png\" \/>\n<meta name=\"twitter:card\" content=\"summary_large_image\" \/>\n<meta name=\"twitter:label1\" content=\"Gesch\u00e4tzte Lesezeit\" \/>\n\t<meta name=\"twitter:data1\" content=\"1\u00a0Minute\" \/>\n<script type=\"application\/ld+json\" class=\"yoast-schema-graph\">{\"@context\":\"https:\\\/\\\/schema.org\",\"@graph\":[{\"@type\":\"WebPage\",\"@id\":\"https:\\\/\\\/kem-europe.eu\\\/product\\\/keyang-dc20bl-8dw-accu-stofzuiger-20v\\\/\",\"url\":\"https:\\\/\\\/kem-europe.eu\\\/product\\\/keyang-dc20bl-8dw-accu-stofzuiger-20v\\\/\",\"name\":\"Keyang DC20BL-8DW Accu Stofzuiger 20V l KEM-EUROPE\",\"isPartOf\":{\"@id\":\"https:\\\/\\\/kem-europe.eu\\\/#website\"},\"primaryImageOfPage\":{\"@id\":\"https:\\\/\\\/kem-europe.eu\\\/product\\\/keyang-dc20bl-8dw-accu-stofzuiger-20v\\\/#primaryimage\"},\"image\":{\"@id\":\"https:\\\/\\\/kem-europe.eu\\\/product\\\/keyang-dc20bl-8dw-accu-stofzuiger-20v\\\/#primaryimage\"},\"thumbnailUrl\":\"https:\\\/\\\/kem-europe.eu\\\/wp-content\\\/uploads\\\/2025\\\/02\\\/DW20BLH315-01.png\",\"datePublished\":\"2025-02-27T08:40:32+00:00\",\"dateModified\":\"2025-06-06T06:24:22+00:00\",\"description\":\"Keyang DC20BL-8DW Accu Stofzuiger 20V - Vergroot de gebruiksmogelijkheden en vangt droge en natte stof op! Voorzien van HAPA-filter!\",\"breadcrumb\":{\"@id\":\"https:\\\/\\\/kem-europe.eu\\\/product\\\/keyang-dc20bl-8dw-accu-stofzuiger-20v\\\/#breadcrumb\"},\"inLanguage\":\"de\",\"potentialAction\":[{\"@type\":\"ReadAction\",\"target\":[\"https:\\\/\\\/kem-europe.eu\\\/product\\\/keyang-dc20bl-8dw-accu-stofzuiger-20v\\\/\"]}]},{\"@type\":\"ImageObject\",\"inLanguage\":\"de\",\"@id\":\"https:\\\/\\\/kem-europe.eu\\\/product\\\/keyang-dc20bl-8dw-accu-stofzuiger-20v\\\/#primaryimage\",\"url\":\"https:\\\/\\\/kem-europe.eu\\\/wp-content\\\/uploads\\\/2025\\\/02\\\/DW20BLH315-01.png\",\"contentUrl\":\"https:\\\/\\\/kem-europe.eu\\\/wp-content\\\/uploads\\\/2025\\\/02\\\/DW20BLH315-01.png\",\"width\":700,\"height\":700},{\"@type\":\"BreadcrumbList\",\"@id\":\"https:\\\/\\\/kem-europe.eu\\\/product\\\/keyang-dc20bl-8dw-accu-stofzuiger-20v\\\/#breadcrumb\",\"itemListElement\":[{\"@type\":\"ListItem\",\"position\":1,\"name\":\"Home\",\"item\":\"https:\\\/\\\/kem-europe.eu\\\/\"},{\"@type\":\"ListItem\",\"position\":2,\"name\":\"Winkel\",\"item\":\"https:\\\/\\\/kem-europe.eu\\\/winkel\\\/\"},{\"@type\":\"ListItem\",\"position\":3,\"name\":\"Keyang DC20BL-8DW Accu Stofzuiger &#8211; 20V\"}]},{\"@type\":\"WebSite\",\"@id\":\"https:\\\/\\\/kem-europe.eu\\\/#website\",\"url\":\"https:\\\/\\\/kem-europe.eu\\\/\",\"name\":\"KEM Europe\",\"description\":\"\",\"publisher\":{\"@id\":\"https:\\\/\\\/kem-europe.eu\\\/#organization\"},\"potentialAction\":[{\"@type\":\"SearchAction\",\"target\":{\"@type\":\"EntryPoint\",\"urlTemplate\":\"https:\\\/\\\/kem-europe.eu\\\/?s={search_term_string}\"},\"query-input\":{\"@type\":\"PropertyValueSpecification\",\"valueRequired\":true,\"valueName\":\"search_term_string\"}}],\"inLanguage\":\"de\"},{\"@type\":\"Organization\",\"@id\":\"https:\\\/\\\/kem-europe.eu\\\/#organization\",\"name\":\"KEM Europe\",\"url\":\"https:\\\/\\\/kem-europe.eu\\\/\",\"logo\":{\"@type\":\"ImageObject\",\"inLanguage\":\"de\",\"@id\":\"https:\\\/\\\/kem-europe.eu\\\/#\\\/schema\\\/logo\\\/image\\\/\",\"url\":\"https:\\\/\\\/kem-europe.eu\\\/wp-content\\\/uploads\\\/2025\\\/02\\\/KEM2019-BLACK-1500W.png\",\"contentUrl\":\"https:\\\/\\\/kem-europe.eu\\\/wp-content\\\/uploads\\\/2025\\\/02\\\/KEM2019-BLACK-1500W.png\",\"width\":1500,\"height\":626,\"caption\":\"KEM Europe\"},\"image\":{\"@id\":\"https:\\\/\\\/kem-europe.eu\\\/#\\\/schema\\\/logo\\\/image\\\/\"}}]}<\/script>\n<!-- \/ Yoast SEO plugin. -->","yoast_head_json":{"title":"Keyang DC20BL-8DW Kabelloser Staubsauger 20V l KEM-EUROPE","description":"Keyang DC20BL-8DW Schnurloser Staubsauger 20V - Erweitert den Einsatzbereich und nimmt trockenen und nassen Staub auf! Ausgestattet mit HAPA-Filter!","robots":{"index":"index","follow":"follow","max-snippet":"max-snippet:-1","max-image-preview":"max-image-preview:large","max-video-preview":"max-video-preview:-1"},"canonical":"https:\/\/kem-europe.eu\/de\/produkt\/keyang-dc20bl-8dw-akku-staubsauger-20v\/","og_locale":"de_DE","og_type":"article","og_title":"Keyang DC20BL-8DW Accu Stofzuiger 20V l KEM-EUROPE","og_description":"Keyang DC20BL-8DW Accu Stofzuiger 20V - Vergroot de gebruiksmogelijkheden en vangt droge en natte stof op! Voorzien van HAPA-filter!","og_url":"https:\/\/kem-europe.eu\/de\/produkt\/keyang-dc20bl-8dw-akku-staubsauger-20v\/","og_site_name":"KEM Europe","article_modified_time":"2025-06-06T06:24:22+00:00","og_image":[{"width":700,"height":700,"url":"https:\/\/kem-europe.eu\/wp-content\/uploads\/2025\/02\/DW20BLH315-01.png","type":"image\/png"}],"twitter_card":"summary_large_image","twitter_misc":{"Gesch\u00e4tzte Lesezeit":"1\u00a0Minute"},"schema":{"@context":"https:\/\/schema.org","@graph":[{"@type":"WebPage","@id":"https:\/\/kem-europe.eu\/product\/keyang-dc20bl-8dw-accu-stofzuiger-20v\/","url":"https:\/\/kem-europe.eu\/product\/keyang-dc20bl-8dw-accu-stofzuiger-20v\/","name":"Keyang DC20BL-8DW Kabelloser Staubsauger 20V l KEM-EUROPE","isPartOf":{"@id":"https:\/\/kem-europe.eu\/#website"},"primaryImageOfPage":{"@id":"https:\/\/kem-europe.eu\/product\/keyang-dc20bl-8dw-accu-stofzuiger-20v\/#primaryimage"},"image":{"@id":"https:\/\/kem-europe.eu\/product\/keyang-dc20bl-8dw-accu-stofzuiger-20v\/#primaryimage"},"thumbnailUrl":"https:\/\/kem-europe.eu\/wp-content\/uploads\/2025\/02\/DW20BLH315-01.png","datePublished":"2025-02-27T08:40:32+00:00","dateModified":"2025-06-06T06:24:22+00:00","description":"Keyang DC20BL-8DW Schnurloser Staubsauger 20V - Erweitert den Einsatzbereich und nimmt trockenen und nassen Staub auf! Ausgestattet mit HAPA-Filter!","breadcrumb":{"@id":"https:\/\/kem-europe.eu\/product\/keyang-dc20bl-8dw-accu-stofzuiger-20v\/#breadcrumb"},"inLanguage":"de","potentialAction":[{"@type":"ReadAction","target":["https:\/\/kem-europe.eu\/product\/keyang-dc20bl-8dw-accu-stofzuiger-20v\/"]}]},{"@type":"ImageObject","inLanguage":"de","@id":"https:\/\/kem-europe.eu\/product\/keyang-dc20bl-8dw-accu-stofzuiger-20v\/#primaryimage","url":"https:\/\/kem-europe.eu\/wp-content\/uploads\/2025\/02\/DW20BLH315-01.png","contentUrl":"https:\/\/kem-europe.eu\/wp-content\/uploads\/2025\/02\/DW20BLH315-01.png","width":700,"height":700},{"@type":"BreadcrumbList","@id":"https:\/\/kem-europe.eu\/product\/keyang-dc20bl-8dw-accu-stofzuiger-20v\/#breadcrumb","itemListElement":[{"@type":"ListItem","position":1,"name":"Home","item":"https:\/\/kem-europe.eu\/"},{"@type":"ListItem","position":2,"name":"Winkel","item":"https:\/\/kem-europe.eu\/winkel\/"},{"@type":"ListItem","position":3,"name":"Keyang DC20BL-8DW Accu Stofzuiger &#8211; 20V"}]},{"@type":"WebSite","@id":"https:\/\/kem-europe.eu\/#website","url":"https:\/\/kem-europe.eu\/","name":"KEM Europe","description":"","publisher":{"@id":"https:\/\/kem-europe.eu\/#organization"},"potentialAction":[{"@type":"SearchAction","target":{"@type":"EntryPoint","urlTemplate":"https:\/\/kem-europe.eu\/?s={search_term_string}"},"query-input":{"@type":"PropertyValueSpecification","valueRequired":true,"valueName":"search_term_string"}}],"inLanguage":"de"},{"@type":"Organization","@id":"https:\/\/kem-europe.eu\/#organization","name":"KEM Europe","url":"https:\/\/kem-europe.eu\/","logo":{"@type":"ImageObject","inLanguage":"de","@id":"https:\/\/kem-europe.eu\/#\/schema\/logo\/image\/","url":"https:\/\/kem-europe.eu\/wp-content\/uploads\/2025\/02\/KEM2019-BLACK-1500W.png","contentUrl":"https:\/\/kem-europe.eu\/wp-content\/uploads\/2025\/02\/KEM2019-BLACK-1500W.png","width":1500,"height":626,"caption":"KEM Europe"},"image":{"@id":"https:\/\/kem-europe.eu\/#\/schema\/logo\/image\/"}}]}},"_links":{"self":[{"href":"https:\/\/kem-europe.eu\/de\/wp-json\/wp\/v2\/product\/2779","targetHints":{"allow":["GET"]}}],"collection":[{"href":"https:\/\/kem-europe.eu\/de\/wp-json\/wp\/v2\/product"}],"about":[{"href":"https:\/\/kem-europe.eu\/de\/wp-json\/wp\/v2\/types\/product"}],"replies":[{"embeddable":true,"href":"https:\/\/kem-europe.eu\/de\/wp-json\/wp\/v2\/comments?post=2779"}],"wp:featuredmedia":[{"embeddable":true,"href":"https:\/\/kem-europe.eu\/de\/wp-json\/wp\/v2\/media\/2805"}],"wp:attachment":[{"href":"https:\/\/kem-europe.eu\/de\/wp-json\/wp\/v2\/media?parent=2779"}],"wp:term":[{"taxonomy":"product_brand","embeddable":true,"href":"https:\/\/kem-europe.eu\/de\/wp-json\/wp\/v2\/product_brand?post=2779"},{"taxonomy":"product_cat","embeddable":true,"href":"https:\/\/kem-europe.eu\/de\/wp-json\/wp\/v2\/product_cat?post=2779"},{"taxonomy":"product_tag","embeddable":true,"href":"https:\/\/kem-europe.eu\/de\/wp-json\/wp\/v2\/product_tag?post=2779"}],"curies":[{"name":"wp","href":"https:\/\/api.w.org\/{rel}","templated":true}]}}