{"id":2888,"date":"2025-02-27T08:42:58","date_gmt":"2025-02-27T08:42:58","guid":{"rendered":"https:\/\/kem-europe.eu\/?post_type=product&#038;p=2888"},"modified":"2025-03-11T09:21:19","modified_gmt":"2025-03-11T09:21:19","slug":"bycon-premium-diamantschleifsegmente-fuer-beton","status":"publish","type":"product","link":"https:\/\/kem-europe.eu\/de\/product\/bycon-diamantbetonslijpschoenen-van-hoge-kwaliteit\/","title":{"rendered":"Bycon Diamant-Schleifschuhe f\u00fcr Beton von hoher Qualit\u00e4t"},"content":{"rendered":"<p><strong>Eigenschaften Bycon hochwertige Diamant-Schleifschuhe f\u00fcr Beton<\/strong><\/p>\n<p>Sie sind f\u00fcr die Entfernung von d\u00fcnnen Mil-Beschichtungen, die Entfernung von Mastix und f\u00fcr die ersten Schritte des Polierens konzipiert. Bycon bietet eine sehr breite Palette von metallgebundenen Diamantwerkzeugen an, um eine maximale Leistung bei minimalen Kosten und f\u00fcr die meisten Bodenarten zu erreichen.<\/p>","protected":false},"excerpt":{"rendered":"<p>Merkmale Bycon Diamantschleifwerkzeuge f\u00fcr Beton von hoher Qualit\u00e4t Sie sind f\u00fcr das Entfernen von d\u00fcnnen Mil-Beschichtungen, das Entfernen von Mastix und f\u00fcr die ersten Schritte des Polierens konzipiert. Bycon bietet eine breite Palette von metallgebundenen Diamantwerkzeugen an, um maximale Leistung bei minimalen Kosten und f\u00fcr die meisten Arten von B\u00f6den zu erreichen.<\/p>","protected":false},"featured_media":2910,"comment_status":"closed","ping_status":"closed","template":"","meta":[],"product_brand":[627],"product_cat":[632,20],"product_tag":[],"class_list":{"0":"post-2888","1":"product","2":"type-product","3":"status-publish","4":"has-post-thumbnail","6":"product_brand-bycon","7":"product_cat-diamantbeton-sijpschoenen","8":"product_cat-verbruiksartikelen-diamant","10":"first","11":"instock","12":"sold-individually","13":"shipping-taxable","14":"product-type-simple"},"ct_brands":[{"id":627,"name":"BYCON","slug":"bycon"}],"yoast_head":"<!-- This site is optimized with the Yoast SEO plugin v27.4 - https:\/\/yoast.com\/product\/yoast-seo-wordpress\/ -->\n<title>Bycon Diamantbetonslijpschoenen van hoge kwaliteit - KEM Europe<\/title>\n<meta name=\"robots\" content=\"index, follow, max-snippet:-1, max-image-preview:large, max-video-preview:-1\" \/>\n<link rel=\"canonical\" href=\"https:\/\/kem-europe.eu\/de\/produkt\/bycon-premium-diamantschleifsegmente-fuer-beton\/\" \/>\n<meta property=\"og:locale\" content=\"de_DE\" \/>\n<meta property=\"og:type\" content=\"article\" \/>\n<meta property=\"og:title\" content=\"Bycon Diamantbetonslijpschoenen van hoge kwaliteit - KEM Europe\" \/>\n<meta property=\"og:description\" content=\"Kenmerken Bycon Diamantbetonslijpschoenen van hoge kwaliteit Ze zijn ontworpen voor het verwijderen van dunne mil-coatings, mastiekverwijdering en voor de eerste stappen in het polijsten. Bycon bied een zeer breed scala aan metaalgebonden diamantgereedschappen om een \u200b\u200bmaximale capaciteit te bereiken tegen minimale kosten en voor de meeste soorten vloeren.\" \/>\n<meta property=\"og:url\" content=\"https:\/\/kem-europe.eu\/de\/produkt\/bycon-premium-diamantschleifsegmente-fuer-beton\/\" \/>\n<meta property=\"og:site_name\" content=\"KEM Europe\" \/>\n<meta property=\"article:modified_time\" content=\"2025-03-11T09:21:19+00:00\" \/>\n<meta property=\"og:image\" content=\"https:\/\/kem-europe.eu\/wp-content\/uploads\/2025\/02\/Naamloos-1.jpg\" \/>\n\t<meta property=\"og:image:width\" content=\"700\" \/>\n\t<meta property=\"og:image:height\" content=\"700\" \/>\n\t<meta property=\"og:image:type\" content=\"image\/jpeg\" \/>\n<meta name=\"twitter:card\" content=\"summary_large_image\" \/>\n<meta name=\"twitter:label1\" content=\"Gesch\u00e4tzte Lesezeit\" \/>\n\t<meta name=\"twitter:data1\" content=\"1\u00a0Minute\" \/>\n<script type=\"application\/ld+json\" class=\"yoast-schema-graph\">{\"@context\":\"https:\\\/\\\/schema.org\",\"@graph\":[{\"@type\":\"WebPage\",\"@id\":\"https:\\\/\\\/kem-europe.eu\\\/product\\\/bycon-diamantbetonslijpschoenen-van-hoge-kwaliteit\\\/\",\"url\":\"https:\\\/\\\/kem-europe.eu\\\/product\\\/bycon-diamantbetonslijpschoenen-van-hoge-kwaliteit\\\/\",\"name\":\"Bycon Diamantbetonslijpschoenen van hoge kwaliteit - KEM Europe\",\"isPartOf\":{\"@id\":\"https:\\\/\\\/kem-europe.eu\\\/#website\"},\"primaryImageOfPage\":{\"@id\":\"https:\\\/\\\/kem-europe.eu\\\/product\\\/bycon-diamantbetonslijpschoenen-van-hoge-kwaliteit\\\/#primaryimage\"},\"image\":{\"@id\":\"https:\\\/\\\/kem-europe.eu\\\/product\\\/bycon-diamantbetonslijpschoenen-van-hoge-kwaliteit\\\/#primaryimage\"},\"thumbnailUrl\":\"https:\\\/\\\/kem-europe.eu\\\/wp-content\\\/uploads\\\/2025\\\/02\\\/Naamloos-1.jpg\",\"datePublished\":\"2025-02-27T08:42:58+00:00\",\"dateModified\":\"2025-03-11T09:21:19+00:00\",\"breadcrumb\":{\"@id\":\"https:\\\/\\\/kem-europe.eu\\\/product\\\/bycon-diamantbetonslijpschoenen-van-hoge-kwaliteit\\\/#breadcrumb\"},\"inLanguage\":\"de\",\"potentialAction\":[{\"@type\":\"ReadAction\",\"target\":[\"https:\\\/\\\/kem-europe.eu\\\/product\\\/bycon-diamantbetonslijpschoenen-van-hoge-kwaliteit\\\/\"]}]},{\"@type\":\"ImageObject\",\"inLanguage\":\"de\",\"@id\":\"https:\\\/\\\/kem-europe.eu\\\/product\\\/bycon-diamantbetonslijpschoenen-van-hoge-kwaliteit\\\/#primaryimage\",\"url\":\"https:\\\/\\\/kem-europe.eu\\\/wp-content\\\/uploads\\\/2025\\\/02\\\/Naamloos-1.jpg\",\"contentUrl\":\"https:\\\/\\\/kem-europe.eu\\\/wp-content\\\/uploads\\\/2025\\\/02\\\/Naamloos-1.jpg\",\"width\":700,\"height\":700},{\"@type\":\"BreadcrumbList\",\"@id\":\"https:\\\/\\\/kem-europe.eu\\\/product\\\/bycon-diamantbetonslijpschoenen-van-hoge-kwaliteit\\\/#breadcrumb\",\"itemListElement\":[{\"@type\":\"ListItem\",\"position\":1,\"name\":\"Home\",\"item\":\"https:\\\/\\\/kem-europe.eu\\\/\"},{\"@type\":\"ListItem\",\"position\":2,\"name\":\"Winkel\",\"item\":\"https:\\\/\\\/kem-europe.eu\\\/winkel\\\/\"},{\"@type\":\"ListItem\",\"position\":3,\"name\":\"Bycon Diamantbetonslijpschoenen van hoge kwaliteit\"}]},{\"@type\":\"WebSite\",\"@id\":\"https:\\\/\\\/kem-europe.eu\\\/#website\",\"url\":\"https:\\\/\\\/kem-europe.eu\\\/\",\"name\":\"KEM Europe\",\"description\":\"\",\"publisher\":{\"@id\":\"https:\\\/\\\/kem-europe.eu\\\/#organization\"},\"potentialAction\":[{\"@type\":\"SearchAction\",\"target\":{\"@type\":\"EntryPoint\",\"urlTemplate\":\"https:\\\/\\\/kem-europe.eu\\\/?s={search_term_string}\"},\"query-input\":{\"@type\":\"PropertyValueSpecification\",\"valueRequired\":true,\"valueName\":\"search_term_string\"}}],\"inLanguage\":\"de\"},{\"@type\":\"Organization\",\"@id\":\"https:\\\/\\\/kem-europe.eu\\\/#organization\",\"name\":\"KEM Europe\",\"url\":\"https:\\\/\\\/kem-europe.eu\\\/\",\"logo\":{\"@type\":\"ImageObject\",\"inLanguage\":\"de\",\"@id\":\"https:\\\/\\\/kem-europe.eu\\\/#\\\/schema\\\/logo\\\/image\\\/\",\"url\":\"https:\\\/\\\/kem-europe.eu\\\/wp-content\\\/uploads\\\/2025\\\/02\\\/KEM2019-BLACK-1500W.png\",\"contentUrl\":\"https:\\\/\\\/kem-europe.eu\\\/wp-content\\\/uploads\\\/2025\\\/02\\\/KEM2019-BLACK-1500W.png\",\"width\":1500,\"height\":626,\"caption\":\"KEM Europe\"},\"image\":{\"@id\":\"https:\\\/\\\/kem-europe.eu\\\/#\\\/schema\\\/logo\\\/image\\\/\"}}]}<\/script>\n<!-- \/ Yoast SEO plugin. -->","yoast_head_json":{"title":"Bycon Diamond Betonschleifschuhe von hoher Qualit\u00e4t - KEM Europe","robots":{"index":"index","follow":"follow","max-snippet":"max-snippet:-1","max-image-preview":"max-image-preview:large","max-video-preview":"max-video-preview:-1"},"canonical":"https:\/\/kem-europe.eu\/de\/produkt\/bycon-premium-diamantschleifsegmente-fuer-beton\/","og_locale":"de_DE","og_type":"article","og_title":"Bycon Diamantbetonslijpschoenen van hoge kwaliteit - KEM Europe","og_description":"Kenmerken Bycon Diamantbetonslijpschoenen van hoge kwaliteit Ze zijn ontworpen voor het verwijderen van dunne mil-coatings, mastiekverwijdering en voor de eerste stappen in het polijsten. Bycon bied een zeer breed scala aan metaalgebonden diamantgereedschappen om een \u200b\u200bmaximale capaciteit te bereiken tegen minimale kosten en voor de meeste soorten vloeren.","og_url":"https:\/\/kem-europe.eu\/de\/produkt\/bycon-premium-diamantschleifsegmente-fuer-beton\/","og_site_name":"KEM Europe","article_modified_time":"2025-03-11T09:21:19+00:00","og_image":[{"width":700,"height":700,"url":"https:\/\/kem-europe.eu\/wp-content\/uploads\/2025\/02\/Naamloos-1.jpg","type":"image\/jpeg"}],"twitter_card":"summary_large_image","twitter_misc":{"Gesch\u00e4tzte Lesezeit":"1\u00a0Minute"},"schema":{"@context":"https:\/\/schema.org","@graph":[{"@type":"WebPage","@id":"https:\/\/kem-europe.eu\/product\/bycon-diamantbetonslijpschoenen-van-hoge-kwaliteit\/","url":"https:\/\/kem-europe.eu\/product\/bycon-diamantbetonslijpschoenen-van-hoge-kwaliteit\/","name":"Bycon Diamond Betonschleifschuhe von hoher Qualit\u00e4t - KEM Europe","isPartOf":{"@id":"https:\/\/kem-europe.eu\/#website"},"primaryImageOfPage":{"@id":"https:\/\/kem-europe.eu\/product\/bycon-diamantbetonslijpschoenen-van-hoge-kwaliteit\/#primaryimage"},"image":{"@id":"https:\/\/kem-europe.eu\/product\/bycon-diamantbetonslijpschoenen-van-hoge-kwaliteit\/#primaryimage"},"thumbnailUrl":"https:\/\/kem-europe.eu\/wp-content\/uploads\/2025\/02\/Naamloos-1.jpg","datePublished":"2025-02-27T08:42:58+00:00","dateModified":"2025-03-11T09:21:19+00:00","breadcrumb":{"@id":"https:\/\/kem-europe.eu\/product\/bycon-diamantbetonslijpschoenen-van-hoge-kwaliteit\/#breadcrumb"},"inLanguage":"de","potentialAction":[{"@type":"ReadAction","target":["https:\/\/kem-europe.eu\/product\/bycon-diamantbetonslijpschoenen-van-hoge-kwaliteit\/"]}]},{"@type":"ImageObject","inLanguage":"de","@id":"https:\/\/kem-europe.eu\/product\/bycon-diamantbetonslijpschoenen-van-hoge-kwaliteit\/#primaryimage","url":"https:\/\/kem-europe.eu\/wp-content\/uploads\/2025\/02\/Naamloos-1.jpg","contentUrl":"https:\/\/kem-europe.eu\/wp-content\/uploads\/2025\/02\/Naamloos-1.jpg","width":700,"height":700},{"@type":"BreadcrumbList","@id":"https:\/\/kem-europe.eu\/product\/bycon-diamantbetonslijpschoenen-van-hoge-kwaliteit\/#breadcrumb","itemListElement":[{"@type":"ListItem","position":1,"name":"Home","item":"https:\/\/kem-europe.eu\/"},{"@type":"ListItem","position":2,"name":"Winkel","item":"https:\/\/kem-europe.eu\/winkel\/"},{"@type":"ListItem","position":3,"name":"Bycon Diamantbetonslijpschoenen van hoge kwaliteit"}]},{"@type":"WebSite","@id":"https:\/\/kem-europe.eu\/#website","url":"https:\/\/kem-europe.eu\/","name":"KEM Europe","description":"","publisher":{"@id":"https:\/\/kem-europe.eu\/#organization"},"potentialAction":[{"@type":"SearchAction","target":{"@type":"EntryPoint","urlTemplate":"https:\/\/kem-europe.eu\/?s={search_term_string}"},"query-input":{"@type":"PropertyValueSpecification","valueRequired":true,"valueName":"search_term_string"}}],"inLanguage":"de"},{"@type":"Organization","@id":"https:\/\/kem-europe.eu\/#organization","name":"KEM Europe","url":"https:\/\/kem-europe.eu\/","logo":{"@type":"ImageObject","inLanguage":"de","@id":"https:\/\/kem-europe.eu\/#\/schema\/logo\/image\/","url":"https:\/\/kem-europe.eu\/wp-content\/uploads\/2025\/02\/KEM2019-BLACK-1500W.png","contentUrl":"https:\/\/kem-europe.eu\/wp-content\/uploads\/2025\/02\/KEM2019-BLACK-1500W.png","width":1500,"height":626,"caption":"KEM Europe"},"image":{"@id":"https:\/\/kem-europe.eu\/#\/schema\/logo\/image\/"}}]}},"_links":{"self":[{"href":"https:\/\/kem-europe.eu\/de\/wp-json\/wp\/v2\/product\/2888","targetHints":{"allow":["GET"]}}],"collection":[{"href":"https:\/\/kem-europe.eu\/de\/wp-json\/wp\/v2\/product"}],"about":[{"href":"https:\/\/kem-europe.eu\/de\/wp-json\/wp\/v2\/types\/product"}],"replies":[{"embeddable":true,"href":"https:\/\/kem-europe.eu\/de\/wp-json\/wp\/v2\/comments?post=2888"}],"wp:featuredmedia":[{"embeddable":true,"href":"https:\/\/kem-europe.eu\/de\/wp-json\/wp\/v2\/media\/2910"}],"wp:attachment":[{"href":"https:\/\/kem-europe.eu\/de\/wp-json\/wp\/v2\/media?parent=2888"}],"wp:term":[{"taxonomy":"product_brand","embeddable":true,"href":"https:\/\/kem-europe.eu\/de\/wp-json\/wp\/v2\/product_brand?post=2888"},{"taxonomy":"product_cat","embeddable":true,"href":"https:\/\/kem-europe.eu\/de\/wp-json\/wp\/v2\/product_cat?post=2888"},{"taxonomy":"product_tag","embeddable":true,"href":"https:\/\/kem-europe.eu\/de\/wp-json\/wp\/v2\/product_tag?post=2888"}],"curies":[{"name":"wp","href":"https:\/\/api.w.org\/{rel}","templated":true}]}}