{"id":2892,"date":"2025-02-27T08:42:58","date_gmt":"2025-02-27T08:42:58","guid":{"rendered":"https:\/\/kem-europe.eu\/?post_type=product&#038;p=2892"},"modified":"2025-03-07T07:46:19","modified_gmt":"2025-03-07T07:46:19","slug":"kem-rs-tx-diamantbohrer-trocken-450mm-softschlagfunktion","status":"publish","type":"product","link":"https:\/\/kem-europe.eu\/de\/product\/kem-rs-tx-diamant-droogboor-450-mm-1-1-4-inch-softslag-percussie-functie-3\/","title":{"rendered":"KEM RS-TX Diamant-Trockenbohrmaschine 450 mm - Soft-Percussion\/Percussion-Funktion"},"content":{"rendered":"<p><strong>Eigenschaften KEM RS-TX Diamant-Trockenbohrer 450 mm 1 1\/4 Zoll - Soft Percussion\/Percussion-Funktion<\/strong><\/p>\n<p>Kernbohrungen in der Betonwand f\u00fcr Klima-, L\u00fcftungs- oder andere Kommunikationsleitungen ohne K\u00fchlmittel sind ein sehr schwieriger und zeitaufw\u00e4ndiger Prozess. Hersteller und Fachleute haben lange nach Methoden zur Verbesserung der Arbeitsgeschwindigkeit gesucht. Heutzutage ist die\u00a0<strong>Diamant-Trockenbohrkrone ADTnS RS-TX<\/strong>\u00a0das schnellste Bohrwerkzeug im Trockenlauf, das speziell f\u00fcr Mikroschlagbohrer entwickelt wurde. Betrachten Sie zum Beispiel die Baier\u00a0<a href=\"https:\/\/kem-europe.eu\/de\/produkt\/baier-bdb825-diamant-droogboormachine-1-2-1-1-4-1800w\/\"><strong>BDB825<\/strong><\/a>\u00a0Die Abwurfspiralen am Bohrer entfernen effektiv die Bohrsp\u00fclung aus der Bohrzone. Die mit dem Stahlkern lasergeschwei\u00dften Diamantsegmente haben eine hochfeste Turboform mit angeordneten Diamanten.<\/p>\n<ul>\n<li>Bohrgeschwindigkeit von 82 mm Loch in B35 Beton mit 20 cm Dicke in 2,5 Minuten ohne K\u00fchlmittel zu erreichen.<\/li>\n<li>Der Bohrer wird in Mikroschlagbohrern installiert.<\/li>\n<li>Der Bohrer wird in den folgenden Durchmessern hergestellt: 42, 52, 62, 72, 82, 92, 102, 112, 122, 132 mm<\/li>\n<\/ul>\n<p><strong>Technische Daten<\/strong><\/p>\n<ul>\n<li>Drehfrequenz - 1100-2100 U\/min<\/li>\n<li>Hubbreite - 0,25-0,5 mm<\/li>\n<li>Anzahl der Bits - 28000-45000 bpm<\/li>\n<li>Leistung - 1,8-3,0 kW<\/li>\n<li>L\u00e4nge - 450 mm<\/li>\n<li>Einlass - 1 1\/4\" UNC<\/li>\n<li>Was f\u00fcr - Ziegel \/ Beton \/ Stahlbeton<\/li>\n<li>Verschiedene Gr\u00f6\u00dfen - Durchmesser (mm) \/ L\u00e4nge (mm) \/ Segmente:\n<ul>\n<li>42 x 400 x 4<\/li>\n<li>52 x 400 x 4<\/li>\n<li>62 x 400 x 5<\/li>\n<li>72 x 400 x 5<\/li>\n<li>82 x 400 x 6<\/li>\n<li>92 x 400 x 6<\/li>\n<li>102 x 400 x 7<\/li>\n<li>112 x 400 x 8<\/li>\n<li>122 x 400 x 9<\/li>\n<li>132 x 400 x 10<\/li>\n<\/ul>\n<\/li>\n<\/ul>\n<p><strong>Umfang der Lieferung<\/strong><\/p>\n<ul>\n<li>KEM RS-TX Diamant-Trockenbohrkrone 450 mm 1 1\/4 Zoll<\/li>\n<\/ul>\n<p><iframe loading=\"lazy\" title=\"\u0410\u043b\u043c\u0430\u0437\u043d\u043e\u0435 \u0441\u0432\u0435\u0440\u043b\u043e ADTnS RS-TX | Diamantbohrer ADTnS RS-TX\" width=\"1390\" height=\"782\" src=\"https:\/\/www.youtube.com\/embed\/ztJp0kb0FN8?feature=oembed\" frameborder=\"0\" allow=\"accelerometer; autoplay; clipboard-write; encrypted-media; gyroscope; picture-in-picture; web-share\" referrerpolicy=\"strict-origin-when-cross-origin\" allowfullscreen><\/iframe><\/p>","protected":false},"excerpt":{"rendered":"<p><img loading=\"lazy\" decoding=\"async\" class=\"alignnone wp-image-421695\" src=\"https:\/\/bjctools.nl\/wp-content\/uploads\/2022\/11\/SPECS-DI-BLCK.png\" alt=\"\" width=\"3543\" height=\"1772\" \/><\/p>\n<p>Die Diamant-Trockenbohrmaschine, auch Soft-Percussion-Bohrmaschine genannt, von KEM mit einer L\u00e4nge von 450 mm hat eine <strong>sehr gutes Preis-Leistungs-Verh\u00e4ltnis<\/strong> auf Grund <strong>Geschwindigkeit<\/strong> und <strong>Leben<\/strong>. Aus diesem Grund ist dieser Bohrer auch der schnellste im Test beim Bohren von Beton!<\/p>\n<div class=\"description woocommerce-product-details__short-description\">\n<p><em>Schneller denn je<\/em><\/p>\n<\/div>","protected":false},"featured_media":5589,"comment_status":"closed","ping_status":"closed","template":"","meta":[],"product_brand":[629],"product_cat":[188,189,16,20],"product_tag":[],"class_list":{"0":"post-2892","1":"product","2":"type-product","3":"status-publish","4":"has-post-thumbnail","6":"product_brand-kem","7":"product_cat-diamantboor","8":"product_cat-diamantboor-droog","9":"product_cat-diamantgereedschap","10":"product_cat-verbruiksartikelen-diamant","12":"first","13":"instock","14":"shipping-taxable","15":"purchasable","16":"product-type-variable"},"ct_brands":[{"id":629,"name":"KEM","slug":"kem"}],"yoast_head":"<!-- This site is optimized with the Yoast SEO plugin v27.3 - https:\/\/yoast.com\/product\/yoast-seo-wordpress\/ -->\n<title>KEM RS-TX Diamant droogboor 450 mm \u2013 Softslag\/percussie functie - KEM Europe<\/title>\n<meta name=\"robots\" content=\"index, follow, max-snippet:-1, max-image-preview:large, max-video-preview:-1\" \/>\n<link rel=\"canonical\" href=\"https:\/\/kem-europe.eu\/de\/produkt\/kem-rs-tx-diamantbohrer-trocken-450mm-softschlagfunktion\/\" \/>\n<meta property=\"og:locale\" content=\"de_DE\" \/>\n<meta property=\"og:type\" content=\"article\" \/>\n<meta property=\"og:title\" content=\"KEM RS-TX Diamant droogboor 450 mm \u2013 Softslag\/percussie functie - KEM Europe\" \/>\n<meta property=\"og:description\" content=\"De diamant droogboor, ook wel soft-percussieboor genoemd, van KEM met een lengte van 450 mm heeft een zeer goede prijs-\/kwaliteitsverhouding gebaseerd op snelheid en levensduur. Om die reden komt deze boor ook als snelste\u00a0uit de test bij het boren van beton!   \u2018Faster than ever\u2019\" \/>\n<meta property=\"og:url\" content=\"https:\/\/kem-europe.eu\/de\/produkt\/kem-rs-tx-diamantbohrer-trocken-450mm-softschlagfunktion\/\" \/>\n<meta property=\"og:site_name\" content=\"KEM Europe\" \/>\n<meta property=\"article:modified_time\" content=\"2025-03-07T07:46:19+00:00\" \/>\n<meta property=\"og:image\" content=\"https:\/\/kem-europe.eu\/wp-content\/uploads\/2025\/02\/Baier-veerklem.webp\" \/>\n\t<meta property=\"og:image:width\" content=\"700\" \/>\n\t<meta property=\"og:image:height\" content=\"700\" \/>\n\t<meta property=\"og:image:type\" content=\"image\/webp\" \/>\n<meta name=\"twitter:card\" content=\"summary_large_image\" \/>\n<meta name=\"twitter:label1\" content=\"Gesch\u00e4tzte Lesezeit\" \/>\n\t<meta name=\"twitter:data1\" content=\"2\u00a0Minuten\" \/>\n<script type=\"application\/ld+json\" class=\"yoast-schema-graph\">{\"@context\":\"https:\\\/\\\/schema.org\",\"@graph\":[{\"@type\":\"WebPage\",\"@id\":\"https:\\\/\\\/kem-europe.eu\\\/product\\\/kem-rs-tx-diamant-droogboor-450-mm-1-1-4-inch-softslag-percussie-functie-3\\\/\",\"url\":\"https:\\\/\\\/kem-europe.eu\\\/product\\\/kem-rs-tx-diamant-droogboor-450-mm-1-1-4-inch-softslag-percussie-functie-3\\\/\",\"name\":\"KEM RS-TX Diamant droogboor 450 mm \u2013 Softslag\\\/percussie functie - KEM Europe\",\"isPartOf\":{\"@id\":\"https:\\\/\\\/kem-europe.eu\\\/#website\"},\"primaryImageOfPage\":{\"@id\":\"https:\\\/\\\/kem-europe.eu\\\/product\\\/kem-rs-tx-diamant-droogboor-450-mm-1-1-4-inch-softslag-percussie-functie-3\\\/#primaryimage\"},\"image\":{\"@id\":\"https:\\\/\\\/kem-europe.eu\\\/product\\\/kem-rs-tx-diamant-droogboor-450-mm-1-1-4-inch-softslag-percussie-functie-3\\\/#primaryimage\"},\"thumbnailUrl\":\"https:\\\/\\\/kem-europe.eu\\\/wp-content\\\/uploads\\\/2025\\\/02\\\/Baier-veerklem.webp\",\"datePublished\":\"2025-02-27T08:42:58+00:00\",\"dateModified\":\"2025-03-07T07:46:19+00:00\",\"breadcrumb\":{\"@id\":\"https:\\\/\\\/kem-europe.eu\\\/product\\\/kem-rs-tx-diamant-droogboor-450-mm-1-1-4-inch-softslag-percussie-functie-3\\\/#breadcrumb\"},\"inLanguage\":\"de\",\"potentialAction\":[{\"@type\":\"ReadAction\",\"target\":[\"https:\\\/\\\/kem-europe.eu\\\/product\\\/kem-rs-tx-diamant-droogboor-450-mm-1-1-4-inch-softslag-percussie-functie-3\\\/\"]}]},{\"@type\":\"ImageObject\",\"inLanguage\":\"de\",\"@id\":\"https:\\\/\\\/kem-europe.eu\\\/product\\\/kem-rs-tx-diamant-droogboor-450-mm-1-1-4-inch-softslag-percussie-functie-3\\\/#primaryimage\",\"url\":\"https:\\\/\\\/kem-europe.eu\\\/wp-content\\\/uploads\\\/2025\\\/02\\\/Baier-veerklem.webp\",\"contentUrl\":\"https:\\\/\\\/kem-europe.eu\\\/wp-content\\\/uploads\\\/2025\\\/02\\\/Baier-veerklem.webp\",\"width\":700,\"height\":700},{\"@type\":\"BreadcrumbList\",\"@id\":\"https:\\\/\\\/kem-europe.eu\\\/product\\\/kem-rs-tx-diamant-droogboor-450-mm-1-1-4-inch-softslag-percussie-functie-3\\\/#breadcrumb\",\"itemListElement\":[{\"@type\":\"ListItem\",\"position\":1,\"name\":\"Home\",\"item\":\"https:\\\/\\\/kem-europe.eu\\\/\"},{\"@type\":\"ListItem\",\"position\":2,\"name\":\"Winkel\",\"item\":\"https:\\\/\\\/kem-europe.eu\\\/winkel\\\/\"},{\"@type\":\"ListItem\",\"position\":3,\"name\":\"KEM RS-TX Diamant droogboor 450 mm \u2013 Softslag\\\/percussie functie\"}]},{\"@type\":\"WebSite\",\"@id\":\"https:\\\/\\\/kem-europe.eu\\\/#website\",\"url\":\"https:\\\/\\\/kem-europe.eu\\\/\",\"name\":\"KEM Europe\",\"description\":\"\",\"publisher\":{\"@id\":\"https:\\\/\\\/kem-europe.eu\\\/#organization\"},\"potentialAction\":[{\"@type\":\"SearchAction\",\"target\":{\"@type\":\"EntryPoint\",\"urlTemplate\":\"https:\\\/\\\/kem-europe.eu\\\/?s={search_term_string}\"},\"query-input\":{\"@type\":\"PropertyValueSpecification\",\"valueRequired\":true,\"valueName\":\"search_term_string\"}}],\"inLanguage\":\"de\"},{\"@type\":\"Organization\",\"@id\":\"https:\\\/\\\/kem-europe.eu\\\/#organization\",\"name\":\"KEM Europe\",\"url\":\"https:\\\/\\\/kem-europe.eu\\\/\",\"logo\":{\"@type\":\"ImageObject\",\"inLanguage\":\"de\",\"@id\":\"https:\\\/\\\/kem-europe.eu\\\/#\\\/schema\\\/logo\\\/image\\\/\",\"url\":\"https:\\\/\\\/kem-europe.eu\\\/wp-content\\\/uploads\\\/2025\\\/02\\\/KEM2019-BLACK-1500W.png\",\"contentUrl\":\"https:\\\/\\\/kem-europe.eu\\\/wp-content\\\/uploads\\\/2025\\\/02\\\/KEM2019-BLACK-1500W.png\",\"width\":1500,\"height\":626,\"caption\":\"KEM Europe\"},\"image\":{\"@id\":\"https:\\\/\\\/kem-europe.eu\\\/#\\\/schema\\\/logo\\\/image\\\/\"}}]}<\/script>\n<!-- \/ Yoast SEO plugin. -->","yoast_head_json":{"title":"KEM RS-TX Diamant-Trockenbohrmaschine 450 mm - Soft-Percussion\/Percussion-Funktion - KEM Europe","robots":{"index":"index","follow":"follow","max-snippet":"max-snippet:-1","max-image-preview":"max-image-preview:large","max-video-preview":"max-video-preview:-1"},"canonical":"https:\/\/kem-europe.eu\/de\/produkt\/kem-rs-tx-diamantbohrer-trocken-450mm-softschlagfunktion\/","og_locale":"de_DE","og_type":"article","og_title":"KEM RS-TX Diamant droogboor 450 mm \u2013 Softslag\/percussie functie - KEM Europe","og_description":"De diamant droogboor, ook wel soft-percussieboor genoemd, van KEM met een lengte van 450 mm heeft een zeer goede prijs-\/kwaliteitsverhouding gebaseerd op snelheid en levensduur. Om die reden komt deze boor ook als snelste\u00a0uit de test bij het boren van beton!   \u2018Faster than ever\u2019","og_url":"https:\/\/kem-europe.eu\/de\/produkt\/kem-rs-tx-diamantbohrer-trocken-450mm-softschlagfunktion\/","og_site_name":"KEM Europe","article_modified_time":"2025-03-07T07:46:19+00:00","og_image":[{"width":700,"height":700,"url":"https:\/\/kem-europe.eu\/wp-content\/uploads\/2025\/02\/Baier-veerklem.webp","type":"image\/webp"}],"twitter_card":"summary_large_image","twitter_misc":{"Gesch\u00e4tzte Lesezeit":"2\u00a0Minuten"},"schema":{"@context":"https:\/\/schema.org","@graph":[{"@type":"WebPage","@id":"https:\/\/kem-europe.eu\/product\/kem-rs-tx-diamant-droogboor-450-mm-1-1-4-inch-softslag-percussie-functie-3\/","url":"https:\/\/kem-europe.eu\/product\/kem-rs-tx-diamant-droogboor-450-mm-1-1-4-inch-softslag-percussie-functie-3\/","name":"KEM RS-TX Diamant-Trockenbohrmaschine 450 mm - Soft-Percussion\/Percussion-Funktion - KEM Europe","isPartOf":{"@id":"https:\/\/kem-europe.eu\/#website"},"primaryImageOfPage":{"@id":"https:\/\/kem-europe.eu\/product\/kem-rs-tx-diamant-droogboor-450-mm-1-1-4-inch-softslag-percussie-functie-3\/#primaryimage"},"image":{"@id":"https:\/\/kem-europe.eu\/product\/kem-rs-tx-diamant-droogboor-450-mm-1-1-4-inch-softslag-percussie-functie-3\/#primaryimage"},"thumbnailUrl":"https:\/\/kem-europe.eu\/wp-content\/uploads\/2025\/02\/Baier-veerklem.webp","datePublished":"2025-02-27T08:42:58+00:00","dateModified":"2025-03-07T07:46:19+00:00","breadcrumb":{"@id":"https:\/\/kem-europe.eu\/product\/kem-rs-tx-diamant-droogboor-450-mm-1-1-4-inch-softslag-percussie-functie-3\/#breadcrumb"},"inLanguage":"de","potentialAction":[{"@type":"ReadAction","target":["https:\/\/kem-europe.eu\/product\/kem-rs-tx-diamant-droogboor-450-mm-1-1-4-inch-softslag-percussie-functie-3\/"]}]},{"@type":"ImageObject","inLanguage":"de","@id":"https:\/\/kem-europe.eu\/product\/kem-rs-tx-diamant-droogboor-450-mm-1-1-4-inch-softslag-percussie-functie-3\/#primaryimage","url":"https:\/\/kem-europe.eu\/wp-content\/uploads\/2025\/02\/Baier-veerklem.webp","contentUrl":"https:\/\/kem-europe.eu\/wp-content\/uploads\/2025\/02\/Baier-veerklem.webp","width":700,"height":700},{"@type":"BreadcrumbList","@id":"https:\/\/kem-europe.eu\/product\/kem-rs-tx-diamant-droogboor-450-mm-1-1-4-inch-softslag-percussie-functie-3\/#breadcrumb","itemListElement":[{"@type":"ListItem","position":1,"name":"Home","item":"https:\/\/kem-europe.eu\/"},{"@type":"ListItem","position":2,"name":"Winkel","item":"https:\/\/kem-europe.eu\/winkel\/"},{"@type":"ListItem","position":3,"name":"KEM RS-TX Diamant droogboor 450 mm \u2013 Softslag\/percussie functie"}]},{"@type":"WebSite","@id":"https:\/\/kem-europe.eu\/#website","url":"https:\/\/kem-europe.eu\/","name":"KEM Europe","description":"","publisher":{"@id":"https:\/\/kem-europe.eu\/#organization"},"potentialAction":[{"@type":"SearchAction","target":{"@type":"EntryPoint","urlTemplate":"https:\/\/kem-europe.eu\/?s={search_term_string}"},"query-input":{"@type":"PropertyValueSpecification","valueRequired":true,"valueName":"search_term_string"}}],"inLanguage":"de"},{"@type":"Organization","@id":"https:\/\/kem-europe.eu\/#organization","name":"KEM Europe","url":"https:\/\/kem-europe.eu\/","logo":{"@type":"ImageObject","inLanguage":"de","@id":"https:\/\/kem-europe.eu\/#\/schema\/logo\/image\/","url":"https:\/\/kem-europe.eu\/wp-content\/uploads\/2025\/02\/KEM2019-BLACK-1500W.png","contentUrl":"https:\/\/kem-europe.eu\/wp-content\/uploads\/2025\/02\/KEM2019-BLACK-1500W.png","width":1500,"height":626,"caption":"KEM Europe"},"image":{"@id":"https:\/\/kem-europe.eu\/#\/schema\/logo\/image\/"}}]}},"_links":{"self":[{"href":"https:\/\/kem-europe.eu\/de\/wp-json\/wp\/v2\/product\/2892","targetHints":{"allow":["GET"]}}],"collection":[{"href":"https:\/\/kem-europe.eu\/de\/wp-json\/wp\/v2\/product"}],"about":[{"href":"https:\/\/kem-europe.eu\/de\/wp-json\/wp\/v2\/types\/product"}],"replies":[{"embeddable":true,"href":"https:\/\/kem-europe.eu\/de\/wp-json\/wp\/v2\/comments?post=2892"}],"wp:featuredmedia":[{"embeddable":true,"href":"https:\/\/kem-europe.eu\/de\/wp-json\/wp\/v2\/media\/5589"}],"wp:attachment":[{"href":"https:\/\/kem-europe.eu\/de\/wp-json\/wp\/v2\/media?parent=2892"}],"wp:term":[{"taxonomy":"product_brand","embeddable":true,"href":"https:\/\/kem-europe.eu\/de\/wp-json\/wp\/v2\/product_brand?post=2892"},{"taxonomy":"product_cat","embeddable":true,"href":"https:\/\/kem-europe.eu\/de\/wp-json\/wp\/v2\/product_cat?post=2892"},{"taxonomy":"product_tag","embeddable":true,"href":"https:\/\/kem-europe.eu\/de\/wp-json\/wp\/v2\/product_tag?post=2892"}],"curies":[{"name":"wp","href":"https:\/\/api.w.org\/{rel}","templated":true}]}}