{"id":2894,"date":"2025-02-27T08:42:58","date_gmt":"2025-02-27T08:42:58","guid":{"rendered":"https:\/\/kem-europe.eu\/?post_type=product&#038;p=2894"},"modified":"2025-02-27T12:55:27","modified_gmt":"2025-02-27T12:55:27","slug":"distar-ddr-b-diamantbohrer-nass-320-450mm-1-2-zoll","status":"publish","type":"product","link":"https:\/\/kem-europe.eu\/de\/product\/distar-ddr-b-diamant-natboor-320-450-mm-1-2-inch-3\/","title":{"rendered":"DiStar DDR-B Diamant-Nassbohrer 320\/450 mm - 1\/2 Zoll"},"content":{"rendered":"<p><strong>Eigenschaften DiStar DDR-B Diamant-Nassbohrer 320\/450 mm - 1\/2 Zoll<\/strong><\/p>\n<ul>\n<li>Diamant-Kronenbohrer mit optimalem Verh\u00e4ltnis von Drehzahl und Lebensdauer.<\/li>\n<li>Zum Bohren von Stahlbeton und Ziegeln.<\/li>\n<li>Wird bei Diamantbohrern verwendet.<\/li>\n<li>Vorgeschriebene Verwendung von Wasserk\u00fchlmitteln.<\/li>\n<li>Das gerillte Ringsegment ist durch Silberl\u00f6ten mit dem Stahlkern verbunden.<\/li>\n<li>Der Bohrer wird in einem Durchmesserbereich von 10 mm-35 mm mit einer L\u00e4nge von 320 oder 450 mm und einem 1\/2 GAS-Schaft hergestellt<\/li>\n<li>Es wird empfohlen, die Drehgeschwindigkeit des Bohrers beim Durchdringen der Bewehrung zu verlangsamen.<\/li>\n<li>Beachten Sie die Empfehlungen f\u00fcr die Intensit\u00e4t der K\u00fchlmittelzufuhr.<\/li>\n<li>Der Bohrer kann in spezialisierten Servicezentren nachgef\u00fcllt werden.<\/li>\n<\/ul>\n<p><strong>Technische Daten<\/strong><\/p>\n<ul>\n<li>Marke - DiStar<\/li>\n<li>L\u00e4nge - 320\/450 mm<\/li>\n<li>Anschluss - 1\/2 Zoll<\/li>\n<li>\n<div class=\"f-text\">Ziel - Stahlbeton<\/div>\n<\/li>\n<li>Bohrkronentyp - Diamant-Nassbohrkrone<\/li>\n<li>Durchmesser (mm) - 12, 14, 16, 18, 20, 22, 25, 28, 30, 32, 35<\/li>\n<\/ul>\n<p><strong>Umfang der Lieferung<\/strong><\/p>\n<ul>\n<li>DiStar DDR-B Diamant-Nassbohrer 320\/450 mm - 1\/2 Zoll<\/li>\n<\/ul>","protected":false},"excerpt":{"rendered":"<ul>\n<li>Diamant-Kronenbohrer mit optimalem Verh\u00e4ltnis von Drehzahl und Lebensdauer.<\/li>\n<li>Zum Bohren von Stahlbeton und Ziegeln.<\/li>\n<li>Wird bei Diamantbohrern verwendet.<\/li>\n<li>Vorgeschriebene Verwendung von Wasserk\u00fchlmitteln.<\/li>\n<li>Das gerillte Ringsegment ist durch Silberl\u00f6ten mit dem Stahlkern verbunden.<\/li>\n<\/ul>","protected":false},"featured_media":1733,"comment_status":"closed","ping_status":"closed","template":"","meta":[],"product_brand":[623],"product_cat":[188,273,16,20],"product_tag":[],"class_list":{"0":"post-2894","1":"product","2":"type-product","3":"status-publish","4":"has-post-thumbnail","6":"product_brand-distar","7":"product_cat-diamantboor","8":"product_cat-diamantboor-nat","9":"product_cat-diamantgereedschap","10":"product_cat-verbruiksartikelen-diamant","12":"first","13":"instock","14":"shipping-taxable","15":"product-type-simple"},"ct_brands":[{"id":623,"name":"DISTAR","slug":"distar"}],"yoast_head":"<!-- This site is optimized with the Yoast SEO plugin v27.3 - https:\/\/yoast.com\/product\/yoast-seo-wordpress\/ -->\n<title>DiStar DDR-B Diamant Natboor 320\/450 mm \u2013 1\/2 Inch - KEM Europe<\/title>\n<meta name=\"robots\" content=\"index, follow, max-snippet:-1, max-image-preview:large, max-video-preview:-1\" \/>\n<link rel=\"canonical\" href=\"https:\/\/kem-europe.eu\/de\/produkt\/distar-ddr-b-diamantbohrer-nass-320-450mm-1-2-zoll\/\" \/>\n<meta property=\"og:locale\" content=\"de_DE\" \/>\n<meta property=\"og:type\" content=\"article\" \/>\n<meta property=\"og:title\" content=\"DiStar DDR-B Diamant Natboor 320\/450 mm \u2013 1\/2 Inch - KEM Europe\" \/>\n<meta property=\"og:description\" content=\"Diamantkroonboor met een optimale snelheid en levensduurverhouding.  Voor het boren van gewapend beton en bakstenen.  Gebruikt op diamantboormachines.  Verplicht gebruik van waterkoelvloeistof.  Het ringsegment met groeven is door zilversolderen aan de stalen kern bevestigd.\" \/>\n<meta property=\"og:url\" content=\"https:\/\/kem-europe.eu\/de\/produkt\/distar-ddr-b-diamantbohrer-nass-320-450mm-1-2-zoll\/\" \/>\n<meta property=\"og:site_name\" content=\"KEM Europe\" \/>\n<meta property=\"article:modified_time\" content=\"2025-02-27T12:55:27+00:00\" \/>\n<meta property=\"og:image\" content=\"https:\/\/kem-europe.eu\/wp-content\/uploads\/2025\/02\/400.gif\" \/>\n\t<meta property=\"og:image:width\" content=\"700\" \/>\n\t<meta property=\"og:image:height\" content=\"700\" \/>\n\t<meta property=\"og:image:type\" content=\"image\/gif\" \/>\n<meta name=\"twitter:card\" content=\"summary_large_image\" \/>\n<meta name=\"twitter:label1\" content=\"Gesch\u00e4tzte Lesezeit\" \/>\n\t<meta name=\"twitter:data1\" content=\"1\u00a0Minute\" \/>\n<script type=\"application\/ld+json\" class=\"yoast-schema-graph\">{\"@context\":\"https:\\\/\\\/schema.org\",\"@graph\":[{\"@type\":\"WebPage\",\"@id\":\"https:\\\/\\\/kem-europe.eu\\\/product\\\/distar-ddr-b-diamant-natboor-320-450-mm-1-2-inch-3\\\/\",\"url\":\"https:\\\/\\\/kem-europe.eu\\\/product\\\/distar-ddr-b-diamant-natboor-320-450-mm-1-2-inch-3\\\/\",\"name\":\"DiStar DDR-B Diamant Natboor 320\\\/450 mm \u2013 1\\\/2 Inch - KEM Europe\",\"isPartOf\":{\"@id\":\"https:\\\/\\\/kem-europe.eu\\\/#website\"},\"primaryImageOfPage\":{\"@id\":\"https:\\\/\\\/kem-europe.eu\\\/product\\\/distar-ddr-b-diamant-natboor-320-450-mm-1-2-inch-3\\\/#primaryimage\"},\"image\":{\"@id\":\"https:\\\/\\\/kem-europe.eu\\\/product\\\/distar-ddr-b-diamant-natboor-320-450-mm-1-2-inch-3\\\/#primaryimage\"},\"thumbnailUrl\":\"https:\\\/\\\/kem-europe.eu\\\/wp-content\\\/uploads\\\/2025\\\/02\\\/400.gif\",\"datePublished\":\"2025-02-27T08:42:58+00:00\",\"dateModified\":\"2025-02-27T12:55:27+00:00\",\"breadcrumb\":{\"@id\":\"https:\\\/\\\/kem-europe.eu\\\/product\\\/distar-ddr-b-diamant-natboor-320-450-mm-1-2-inch-3\\\/#breadcrumb\"},\"inLanguage\":\"de\",\"potentialAction\":[{\"@type\":\"ReadAction\",\"target\":[\"https:\\\/\\\/kem-europe.eu\\\/product\\\/distar-ddr-b-diamant-natboor-320-450-mm-1-2-inch-3\\\/\"]}]},{\"@type\":\"ImageObject\",\"inLanguage\":\"de\",\"@id\":\"https:\\\/\\\/kem-europe.eu\\\/product\\\/distar-ddr-b-diamant-natboor-320-450-mm-1-2-inch-3\\\/#primaryimage\",\"url\":\"https:\\\/\\\/kem-europe.eu\\\/wp-content\\\/uploads\\\/2025\\\/02\\\/400.gif\",\"contentUrl\":\"https:\\\/\\\/kem-europe.eu\\\/wp-content\\\/uploads\\\/2025\\\/02\\\/400.gif\",\"width\":700,\"height\":700},{\"@type\":\"BreadcrumbList\",\"@id\":\"https:\\\/\\\/kem-europe.eu\\\/product\\\/distar-ddr-b-diamant-natboor-320-450-mm-1-2-inch-3\\\/#breadcrumb\",\"itemListElement\":[{\"@type\":\"ListItem\",\"position\":1,\"name\":\"Home\",\"item\":\"https:\\\/\\\/kem-europe.eu\\\/\"},{\"@type\":\"ListItem\",\"position\":2,\"name\":\"Winkel\",\"item\":\"https:\\\/\\\/kem-europe.eu\\\/winkel\\\/\"},{\"@type\":\"ListItem\",\"position\":3,\"name\":\"DiStar DDR-B Diamant Natboor 320\\\/450 mm \u2013 1\\\/2 Inch\"}]},{\"@type\":\"WebSite\",\"@id\":\"https:\\\/\\\/kem-europe.eu\\\/#website\",\"url\":\"https:\\\/\\\/kem-europe.eu\\\/\",\"name\":\"KEM Europe\",\"description\":\"\",\"publisher\":{\"@id\":\"https:\\\/\\\/kem-europe.eu\\\/#organization\"},\"potentialAction\":[{\"@type\":\"SearchAction\",\"target\":{\"@type\":\"EntryPoint\",\"urlTemplate\":\"https:\\\/\\\/kem-europe.eu\\\/?s={search_term_string}\"},\"query-input\":{\"@type\":\"PropertyValueSpecification\",\"valueRequired\":true,\"valueName\":\"search_term_string\"}}],\"inLanguage\":\"de\"},{\"@type\":\"Organization\",\"@id\":\"https:\\\/\\\/kem-europe.eu\\\/#organization\",\"name\":\"KEM Europe\",\"url\":\"https:\\\/\\\/kem-europe.eu\\\/\",\"logo\":{\"@type\":\"ImageObject\",\"inLanguage\":\"de\",\"@id\":\"https:\\\/\\\/kem-europe.eu\\\/#\\\/schema\\\/logo\\\/image\\\/\",\"url\":\"https:\\\/\\\/kem-europe.eu\\\/wp-content\\\/uploads\\\/2025\\\/02\\\/KEM2019-BLACK-1500W.png\",\"contentUrl\":\"https:\\\/\\\/kem-europe.eu\\\/wp-content\\\/uploads\\\/2025\\\/02\\\/KEM2019-BLACK-1500W.png\",\"width\":1500,\"height\":626,\"caption\":\"KEM Europe\"},\"image\":{\"@id\":\"https:\\\/\\\/kem-europe.eu\\\/#\\\/schema\\\/logo\\\/image\\\/\"}}]}<\/script>\n<!-- \/ Yoast SEO plugin. -->","yoast_head_json":{"title":"DiStar DDR-B Diamant-Nassbohrer 320\/450 mm - 1\/2 Zoll - KEM Europe","robots":{"index":"index","follow":"follow","max-snippet":"max-snippet:-1","max-image-preview":"max-image-preview:large","max-video-preview":"max-video-preview:-1"},"canonical":"https:\/\/kem-europe.eu\/de\/produkt\/distar-ddr-b-diamantbohrer-nass-320-450mm-1-2-zoll\/","og_locale":"de_DE","og_type":"article","og_title":"DiStar DDR-B Diamant Natboor 320\/450 mm \u2013 1\/2 Inch - KEM Europe","og_description":"Diamantkroonboor met een optimale snelheid en levensduurverhouding.  Voor het boren van gewapend beton en bakstenen.  Gebruikt op diamantboormachines.  Verplicht gebruik van waterkoelvloeistof.  Het ringsegment met groeven is door zilversolderen aan de stalen kern bevestigd.","og_url":"https:\/\/kem-europe.eu\/de\/produkt\/distar-ddr-b-diamantbohrer-nass-320-450mm-1-2-zoll\/","og_site_name":"KEM Europe","article_modified_time":"2025-02-27T12:55:27+00:00","og_image":[{"width":700,"height":700,"url":"https:\/\/kem-europe.eu\/wp-content\/uploads\/2025\/02\/400.gif","type":"image\/gif"}],"twitter_card":"summary_large_image","twitter_misc":{"Gesch\u00e4tzte Lesezeit":"1\u00a0Minute"},"schema":{"@context":"https:\/\/schema.org","@graph":[{"@type":"WebPage","@id":"https:\/\/kem-europe.eu\/product\/distar-ddr-b-diamant-natboor-320-450-mm-1-2-inch-3\/","url":"https:\/\/kem-europe.eu\/product\/distar-ddr-b-diamant-natboor-320-450-mm-1-2-inch-3\/","name":"DiStar DDR-B Diamant-Nassbohrer 320\/450 mm - 1\/2 Zoll - KEM Europe","isPartOf":{"@id":"https:\/\/kem-europe.eu\/#website"},"primaryImageOfPage":{"@id":"https:\/\/kem-europe.eu\/product\/distar-ddr-b-diamant-natboor-320-450-mm-1-2-inch-3\/#primaryimage"},"image":{"@id":"https:\/\/kem-europe.eu\/product\/distar-ddr-b-diamant-natboor-320-450-mm-1-2-inch-3\/#primaryimage"},"thumbnailUrl":"https:\/\/kem-europe.eu\/wp-content\/uploads\/2025\/02\/400.gif","datePublished":"2025-02-27T08:42:58+00:00","dateModified":"2025-02-27T12:55:27+00:00","breadcrumb":{"@id":"https:\/\/kem-europe.eu\/product\/distar-ddr-b-diamant-natboor-320-450-mm-1-2-inch-3\/#breadcrumb"},"inLanguage":"de","potentialAction":[{"@type":"ReadAction","target":["https:\/\/kem-europe.eu\/product\/distar-ddr-b-diamant-natboor-320-450-mm-1-2-inch-3\/"]}]},{"@type":"ImageObject","inLanguage":"de","@id":"https:\/\/kem-europe.eu\/product\/distar-ddr-b-diamant-natboor-320-450-mm-1-2-inch-3\/#primaryimage","url":"https:\/\/kem-europe.eu\/wp-content\/uploads\/2025\/02\/400.gif","contentUrl":"https:\/\/kem-europe.eu\/wp-content\/uploads\/2025\/02\/400.gif","width":700,"height":700},{"@type":"BreadcrumbList","@id":"https:\/\/kem-europe.eu\/product\/distar-ddr-b-diamant-natboor-320-450-mm-1-2-inch-3\/#breadcrumb","itemListElement":[{"@type":"ListItem","position":1,"name":"Home","item":"https:\/\/kem-europe.eu\/"},{"@type":"ListItem","position":2,"name":"Winkel","item":"https:\/\/kem-europe.eu\/winkel\/"},{"@type":"ListItem","position":3,"name":"DiStar DDR-B Diamant Natboor 320\/450 mm \u2013 1\/2 Inch"}]},{"@type":"WebSite","@id":"https:\/\/kem-europe.eu\/#website","url":"https:\/\/kem-europe.eu\/","name":"KEM Europe","description":"","publisher":{"@id":"https:\/\/kem-europe.eu\/#organization"},"potentialAction":[{"@type":"SearchAction","target":{"@type":"EntryPoint","urlTemplate":"https:\/\/kem-europe.eu\/?s={search_term_string}"},"query-input":{"@type":"PropertyValueSpecification","valueRequired":true,"valueName":"search_term_string"}}],"inLanguage":"de"},{"@type":"Organization","@id":"https:\/\/kem-europe.eu\/#organization","name":"KEM Europe","url":"https:\/\/kem-europe.eu\/","logo":{"@type":"ImageObject","inLanguage":"de","@id":"https:\/\/kem-europe.eu\/#\/schema\/logo\/image\/","url":"https:\/\/kem-europe.eu\/wp-content\/uploads\/2025\/02\/KEM2019-BLACK-1500W.png","contentUrl":"https:\/\/kem-europe.eu\/wp-content\/uploads\/2025\/02\/KEM2019-BLACK-1500W.png","width":1500,"height":626,"caption":"KEM Europe"},"image":{"@id":"https:\/\/kem-europe.eu\/#\/schema\/logo\/image\/"}}]}},"_links":{"self":[{"href":"https:\/\/kem-europe.eu\/de\/wp-json\/wp\/v2\/product\/2894","targetHints":{"allow":["GET"]}}],"collection":[{"href":"https:\/\/kem-europe.eu\/de\/wp-json\/wp\/v2\/product"}],"about":[{"href":"https:\/\/kem-europe.eu\/de\/wp-json\/wp\/v2\/types\/product"}],"replies":[{"embeddable":true,"href":"https:\/\/kem-europe.eu\/de\/wp-json\/wp\/v2\/comments?post=2894"}],"wp:featuredmedia":[{"embeddable":true,"href":"https:\/\/kem-europe.eu\/de\/wp-json\/wp\/v2\/media\/1733"}],"wp:attachment":[{"href":"https:\/\/kem-europe.eu\/de\/wp-json\/wp\/v2\/media?parent=2894"}],"wp:term":[{"taxonomy":"product_brand","embeddable":true,"href":"https:\/\/kem-europe.eu\/de\/wp-json\/wp\/v2\/product_brand?post=2894"},{"taxonomy":"product_cat","embeddable":true,"href":"https:\/\/kem-europe.eu\/de\/wp-json\/wp\/v2\/product_cat?post=2894"},{"taxonomy":"product_tag","embeddable":true,"href":"https:\/\/kem-europe.eu\/de\/wp-json\/wp\/v2\/product_tag?post=2894"}],"curies":[{"name":"wp","href":"https:\/\/api.w.org\/{rel}","templated":true}]}}