{"id":2896,"date":"2025-02-27T08:42:59","date_gmt":"2025-02-27T08:42:59","guid":{"rendered":"https:\/\/kem-europe.eu\/?post_type=product&#038;p=2896"},"modified":"2025-06-16T13:12:44","modified_gmt":"2025-06-16T13:12:44","slug":"distar-dds-w-t-dosenbohrer-trocken-fuer-beton-82mm-m16","status":"publish","type":"product","link":"https:\/\/kem-europe.eu\/de\/product\/distar-dds-w-t-concrete-dozenboor-droog-voor-beton-82mm-m16-3\/","title":{"rendered":"DiStar DDS-W T-Beton-Dosenbohrer trocken f\u00fcr Beton 82mm M16"},"content":{"rendered":"<p>Entdecken Sie die Vorteile des Bohrens mit dem DiStar Box Drill Dry, einem professionellen Diamantbohrwerkzeug, das f\u00fcr\u00a0<strong>genau<\/strong>\u00a0und\u00a0<strong>effizient<\/strong> Installation von Steckdosen. Mit seiner F\u00e4higkeit, auf Untergr\u00fcnden zu arbeiten, die von bewehrtem bis zu unbewehrtem Beton und Ziegelstein reichen, ist dieser Bohrer ein unverzichtbares Werkzeug f\u00fcr jeden Elektriker. Der DiStar Box Drill mit Trockenk\u00fchlung ist mit jeder handgef\u00fchrten Bohrmaschine einfach zu bedienen und bietet hohe\u00a0<strong>Betriebsleistung<\/strong>\u00a0und\u00a0<strong>Zuverl\u00e4ssigkeit<\/strong>.<\/p>\n<p><strong>Eigenschaften DiStar DDS-W T-Beton-Dosenbohrer trocken f\u00fcr Beton 82mm M16<\/strong><\/p>\n<p><strong>\u2705 Verschiedene Anwendungen<\/strong>\u00a0- Sie eignen sich sowohl f\u00fcr bewehrten als auch f\u00fcr unbewehrten Beton und Ziegelstein und bieten dem Anwender vielseitige Einsatzm\u00f6glichkeiten.<\/p>\n<p><strong>\u2705 Flexibilit\u00e4t<\/strong>\u00a0- Kann mit jeder Art von elektrischer Bohrmaschine mit einstellbarer Geschwindigkeit und Bohrhammer verwendet werden.<\/p>\n<p><strong>\u2705 Magnetisch<\/strong>\u00a0<strong>Adapter<\/strong>\u00a0- F\u00fcr zus\u00e4tzliche Funktionalit\u00e4t und Benutzerfreundlichkeit kann ein Magnetadapter hinzugef\u00fcgt werden.<\/p>\n<p><strong>\u2705 Energiebedarf<\/strong>\u00a0- Diese Bohrer sind f\u00fcr handgef\u00fchrte Maschinen mit einer Leistung von mindestens 650 W ausgelegt, d. h. sie sind robust genug f\u00fcr schwere Aufgaben.<\/p>\n<p><strong>\u2705 Trockene K\u00fchlung<\/strong>\u00a0- Der Bohrer ist f\u00fcr Trockenk\u00fchlung ausgelegt, was die Lebensdauer des Bohrers verl\u00e4ngert und die Gefahr der \u00dcberhitzung verringert.<\/p>\n<p><strong>\u2705 Konsistenz der Marke<\/strong>\u00a0- Mit der Marke Distar k\u00f6nnen Sie sich auf eine konstante Produktqualit\u00e4t und Zuverl\u00e4ssigkeit verlassen.<\/p>\n<p><strong>\u2705 Kompatibilit\u00e4t<\/strong>\u00a0- Der Kastenbohrer ist voll kompatibel mit dem\u00a0<a href=\"https:\/\/kem-europe.eu\/de\/produkt\/distar-adapter-m16x-sds-plus-magnet-zentrierbohrer\/\">DiStar Adapter \u041c16XSDS Plus, mit Magnet und Zentrierspitze<\/a>.<\/p>\n<hr \/>\n<p><strong>Technische Daten<\/strong><\/p>\n<ul>\n<li>Durchmesser - 82 mm<\/li>\n<li>L\u00e4nge - 65 mm<\/li>\n<li>K\u00fchlung - trocken<\/li>\n<li>Typ der Welle - \u041c16<\/li>\n<li>Anwendung - Ziegel, Beton<\/li>\n<li>Marke - Distar<\/li>\n<\/ul>\n<p><strong>Umfang der Lieferung<\/strong><\/p>\n<ul>\n<li>DiStar DDS-W T-Beton-Dosenbohrer trocken f\u00fcr Beton 82mm M16<\/li>\n<\/ul>","protected":false},"excerpt":{"rendered":"<p>Ontdek de voordelen van het boren met de DiStar Dozenboor Droog, een professioneel diamanten boorgereedschap ontworpen voor\u00a0nauwkeurige\u00a0en\u00a0effici\u00ebnte installatie van stopcontacten. Met zijn vermogen om te werken op ondergronden vari\u00ebrend van gewapend tot niet-gewapend beton en baksteen is deze boor een onmisbare tool voor elke elektricien. Makkelijk in gebruik met elke hand-boormachine, de DiStar Dozenboor met [&hellip;]<\/p>\n","protected":false},"featured_media":1745,"comment_status":"closed","ping_status":"closed","template":"","meta":[],"product_brand":[623],"product_cat":[21,188,189],"product_tag":[],"class_list":{"0":"post-2896","1":"product","2":"type-product","3":"status-publish","4":"has-post-thumbnail","6":"product_brand-distar","7":"product_cat-diamant","8":"product_cat-diamantboor","9":"product_cat-diamantboor-droog","11":"first","12":"instock","13":"shipping-taxable","14":"product-type-simple"},"ct_brands":[{"id":623,"name":"DISTAR","slug":"distar"}],"yoast_head":"<!-- This site is optimized with the Yoast SEO plugin v27.3 - https:\/\/yoast.com\/product\/yoast-seo-wordpress\/ -->\n<title>DiStar DDS-W T-Concrete Dozenboor droog voor Beton 82mm M16 - KEM Europe<\/title>\n<meta name=\"robots\" content=\"index, follow, max-snippet:-1, max-image-preview:large, max-video-preview:-1\" \/>\n<link rel=\"canonical\" href=\"https:\/\/kem-europe.eu\/de\/produkt\/distar-dds-w-t-dosenbohrer-trocken-fuer-beton-82mm-m16\/\" \/>\n<meta property=\"og:locale\" content=\"de_DE\" \/>\n<meta property=\"og:type\" content=\"article\" \/>\n<meta property=\"og:title\" content=\"DiStar DDS-W T-Concrete Dozenboor droog voor Beton 82mm M16 - KEM Europe\" \/>\n<meta property=\"og:description\" content=\"Ontdek de voordelen van het boren met de DiStar Dozenboor Droog, een professioneel diamanten boorgereedschap ontworpen voor\u00a0nauwkeurige\u00a0en\u00a0effici\u00ebnte installatie van stopcontacten. Met zijn vermogen om te werken op ondergronden vari\u00ebrend van gewapend tot niet-gewapend beton en baksteen is deze boor een onmisbare tool voor elke elektricien. Makkelijk in gebruik met elke hand-boormachine, de DiStar Dozenboor met [&hellip;]\" \/>\n<meta property=\"og:url\" content=\"https:\/\/kem-europe.eu\/de\/produkt\/distar-dds-w-t-dosenbohrer-trocken-fuer-beton-82mm-m16\/\" \/>\n<meta property=\"og:site_name\" content=\"KEM Europe\" \/>\n<meta property=\"article:modified_time\" content=\"2025-06-16T13:12:44+00:00\" \/>\n<meta property=\"og:image\" content=\"https:\/\/kem-europe.eu\/wp-content\/uploads\/2025\/02\/4.jpg\" \/>\n\t<meta property=\"og:image:width\" content=\"700\" \/>\n\t<meta property=\"og:image:height\" content=\"700\" \/>\n\t<meta property=\"og:image:type\" content=\"image\/jpeg\" \/>\n<meta name=\"twitter:card\" content=\"summary_large_image\" \/>\n<meta name=\"twitter:label1\" content=\"Gesch\u00e4tzte Lesezeit\" \/>\n\t<meta name=\"twitter:data1\" content=\"2\u00a0Minuten\" \/>\n<script type=\"application\/ld+json\" class=\"yoast-schema-graph\">{\"@context\":\"https:\\\/\\\/schema.org\",\"@graph\":[{\"@type\":\"WebPage\",\"@id\":\"https:\\\/\\\/kem-europe.eu\\\/product\\\/distar-dds-w-t-concrete-dozenboor-droog-voor-beton-82mm-m16-3\\\/\",\"url\":\"https:\\\/\\\/kem-europe.eu\\\/product\\\/distar-dds-w-t-concrete-dozenboor-droog-voor-beton-82mm-m16-3\\\/\",\"name\":\"DiStar DDS-W T-Concrete Dozenboor droog voor Beton 82mm M16 - KEM Europe\",\"isPartOf\":{\"@id\":\"https:\\\/\\\/kem-europe.eu\\\/#website\"},\"primaryImageOfPage\":{\"@id\":\"https:\\\/\\\/kem-europe.eu\\\/product\\\/distar-dds-w-t-concrete-dozenboor-droog-voor-beton-82mm-m16-3\\\/#primaryimage\"},\"image\":{\"@id\":\"https:\\\/\\\/kem-europe.eu\\\/product\\\/distar-dds-w-t-concrete-dozenboor-droog-voor-beton-82mm-m16-3\\\/#primaryimage\"},\"thumbnailUrl\":\"https:\\\/\\\/kem-europe.eu\\\/wp-content\\\/uploads\\\/2025\\\/02\\\/4.jpg\",\"datePublished\":\"2025-02-27T08:42:59+00:00\",\"dateModified\":\"2025-06-16T13:12:44+00:00\",\"breadcrumb\":{\"@id\":\"https:\\\/\\\/kem-europe.eu\\\/product\\\/distar-dds-w-t-concrete-dozenboor-droog-voor-beton-82mm-m16-3\\\/#breadcrumb\"},\"inLanguage\":\"de\",\"potentialAction\":[{\"@type\":\"ReadAction\",\"target\":[\"https:\\\/\\\/kem-europe.eu\\\/product\\\/distar-dds-w-t-concrete-dozenboor-droog-voor-beton-82mm-m16-3\\\/\"]}]},{\"@type\":\"ImageObject\",\"inLanguage\":\"de\",\"@id\":\"https:\\\/\\\/kem-europe.eu\\\/product\\\/distar-dds-w-t-concrete-dozenboor-droog-voor-beton-82mm-m16-3\\\/#primaryimage\",\"url\":\"https:\\\/\\\/kem-europe.eu\\\/wp-content\\\/uploads\\\/2025\\\/02\\\/4.jpg\",\"contentUrl\":\"https:\\\/\\\/kem-europe.eu\\\/wp-content\\\/uploads\\\/2025\\\/02\\\/4.jpg\",\"width\":700,\"height\":700},{\"@type\":\"BreadcrumbList\",\"@id\":\"https:\\\/\\\/kem-europe.eu\\\/product\\\/distar-dds-w-t-concrete-dozenboor-droog-voor-beton-82mm-m16-3\\\/#breadcrumb\",\"itemListElement\":[{\"@type\":\"ListItem\",\"position\":1,\"name\":\"Home\",\"item\":\"https:\\\/\\\/kem-europe.eu\\\/\"},{\"@type\":\"ListItem\",\"position\":2,\"name\":\"Winkel\",\"item\":\"https:\\\/\\\/kem-europe.eu\\\/winkel\\\/\"},{\"@type\":\"ListItem\",\"position\":3,\"name\":\"DiStar DDS-W T-Concrete Dozenboor droog voor Beton 82mm M16\"}]},{\"@type\":\"WebSite\",\"@id\":\"https:\\\/\\\/kem-europe.eu\\\/#website\",\"url\":\"https:\\\/\\\/kem-europe.eu\\\/\",\"name\":\"KEM Europe\",\"description\":\"\",\"publisher\":{\"@id\":\"https:\\\/\\\/kem-europe.eu\\\/#organization\"},\"potentialAction\":[{\"@type\":\"SearchAction\",\"target\":{\"@type\":\"EntryPoint\",\"urlTemplate\":\"https:\\\/\\\/kem-europe.eu\\\/?s={search_term_string}\"},\"query-input\":{\"@type\":\"PropertyValueSpecification\",\"valueRequired\":true,\"valueName\":\"search_term_string\"}}],\"inLanguage\":\"de\"},{\"@type\":\"Organization\",\"@id\":\"https:\\\/\\\/kem-europe.eu\\\/#organization\",\"name\":\"KEM Europe\",\"url\":\"https:\\\/\\\/kem-europe.eu\\\/\",\"logo\":{\"@type\":\"ImageObject\",\"inLanguage\":\"de\",\"@id\":\"https:\\\/\\\/kem-europe.eu\\\/#\\\/schema\\\/logo\\\/image\\\/\",\"url\":\"https:\\\/\\\/kem-europe.eu\\\/wp-content\\\/uploads\\\/2025\\\/02\\\/KEM2019-BLACK-1500W.png\",\"contentUrl\":\"https:\\\/\\\/kem-europe.eu\\\/wp-content\\\/uploads\\\/2025\\\/02\\\/KEM2019-BLACK-1500W.png\",\"width\":1500,\"height\":626,\"caption\":\"KEM Europe\"},\"image\":{\"@id\":\"https:\\\/\\\/kem-europe.eu\\\/#\\\/schema\\\/logo\\\/image\\\/\"}}]}<\/script>\n<!-- \/ Yoast SEO plugin. -->","yoast_head_json":{"title":"DiStar DDS-W T-Beton-Dosenbohrer trocken f\u00fcr Beton 82mm M16 - KEM Europe","robots":{"index":"index","follow":"follow","max-snippet":"max-snippet:-1","max-image-preview":"max-image-preview:large","max-video-preview":"max-video-preview:-1"},"canonical":"https:\/\/kem-europe.eu\/de\/produkt\/distar-dds-w-t-dosenbohrer-trocken-fuer-beton-82mm-m16\/","og_locale":"de_DE","og_type":"article","og_title":"DiStar DDS-W T-Concrete Dozenboor droog voor Beton 82mm M16 - KEM Europe","og_description":"Ontdek de voordelen van het boren met de DiStar Dozenboor Droog, een professioneel diamanten boorgereedschap ontworpen voor\u00a0nauwkeurige\u00a0en\u00a0effici\u00ebnte installatie van stopcontacten. Met zijn vermogen om te werken op ondergronden vari\u00ebrend van gewapend tot niet-gewapend beton en baksteen is deze boor een onmisbare tool voor elke elektricien. Makkelijk in gebruik met elke hand-boormachine, de DiStar Dozenboor met [&hellip;]","og_url":"https:\/\/kem-europe.eu\/de\/produkt\/distar-dds-w-t-dosenbohrer-trocken-fuer-beton-82mm-m16\/","og_site_name":"KEM Europe","article_modified_time":"2025-06-16T13:12:44+00:00","og_image":[{"width":700,"height":700,"url":"https:\/\/kem-europe.eu\/wp-content\/uploads\/2025\/02\/4.jpg","type":"image\/jpeg"}],"twitter_card":"summary_large_image","twitter_misc":{"Gesch\u00e4tzte Lesezeit":"2\u00a0Minuten"},"schema":{"@context":"https:\/\/schema.org","@graph":[{"@type":"WebPage","@id":"https:\/\/kem-europe.eu\/product\/distar-dds-w-t-concrete-dozenboor-droog-voor-beton-82mm-m16-3\/","url":"https:\/\/kem-europe.eu\/product\/distar-dds-w-t-concrete-dozenboor-droog-voor-beton-82mm-m16-3\/","name":"DiStar DDS-W T-Beton-Dosenbohrer trocken f\u00fcr Beton 82mm M16 - KEM Europe","isPartOf":{"@id":"https:\/\/kem-europe.eu\/#website"},"primaryImageOfPage":{"@id":"https:\/\/kem-europe.eu\/product\/distar-dds-w-t-concrete-dozenboor-droog-voor-beton-82mm-m16-3\/#primaryimage"},"image":{"@id":"https:\/\/kem-europe.eu\/product\/distar-dds-w-t-concrete-dozenboor-droog-voor-beton-82mm-m16-3\/#primaryimage"},"thumbnailUrl":"https:\/\/kem-europe.eu\/wp-content\/uploads\/2025\/02\/4.jpg","datePublished":"2025-02-27T08:42:59+00:00","dateModified":"2025-06-16T13:12:44+00:00","breadcrumb":{"@id":"https:\/\/kem-europe.eu\/product\/distar-dds-w-t-concrete-dozenboor-droog-voor-beton-82mm-m16-3\/#breadcrumb"},"inLanguage":"de","potentialAction":[{"@type":"ReadAction","target":["https:\/\/kem-europe.eu\/product\/distar-dds-w-t-concrete-dozenboor-droog-voor-beton-82mm-m16-3\/"]}]},{"@type":"ImageObject","inLanguage":"de","@id":"https:\/\/kem-europe.eu\/product\/distar-dds-w-t-concrete-dozenboor-droog-voor-beton-82mm-m16-3\/#primaryimage","url":"https:\/\/kem-europe.eu\/wp-content\/uploads\/2025\/02\/4.jpg","contentUrl":"https:\/\/kem-europe.eu\/wp-content\/uploads\/2025\/02\/4.jpg","width":700,"height":700},{"@type":"BreadcrumbList","@id":"https:\/\/kem-europe.eu\/product\/distar-dds-w-t-concrete-dozenboor-droog-voor-beton-82mm-m16-3\/#breadcrumb","itemListElement":[{"@type":"ListItem","position":1,"name":"Home","item":"https:\/\/kem-europe.eu\/"},{"@type":"ListItem","position":2,"name":"Winkel","item":"https:\/\/kem-europe.eu\/winkel\/"},{"@type":"ListItem","position":3,"name":"DiStar DDS-W T-Concrete Dozenboor droog voor Beton 82mm M16"}]},{"@type":"WebSite","@id":"https:\/\/kem-europe.eu\/#website","url":"https:\/\/kem-europe.eu\/","name":"KEM Europe","description":"","publisher":{"@id":"https:\/\/kem-europe.eu\/#organization"},"potentialAction":[{"@type":"SearchAction","target":{"@type":"EntryPoint","urlTemplate":"https:\/\/kem-europe.eu\/?s={search_term_string}"},"query-input":{"@type":"PropertyValueSpecification","valueRequired":true,"valueName":"search_term_string"}}],"inLanguage":"de"},{"@type":"Organization","@id":"https:\/\/kem-europe.eu\/#organization","name":"KEM Europe","url":"https:\/\/kem-europe.eu\/","logo":{"@type":"ImageObject","inLanguage":"de","@id":"https:\/\/kem-europe.eu\/#\/schema\/logo\/image\/","url":"https:\/\/kem-europe.eu\/wp-content\/uploads\/2025\/02\/KEM2019-BLACK-1500W.png","contentUrl":"https:\/\/kem-europe.eu\/wp-content\/uploads\/2025\/02\/KEM2019-BLACK-1500W.png","width":1500,"height":626,"caption":"KEM Europe"},"image":{"@id":"https:\/\/kem-europe.eu\/#\/schema\/logo\/image\/"}}]}},"_links":{"self":[{"href":"https:\/\/kem-europe.eu\/de\/wp-json\/wp\/v2\/product\/2896","targetHints":{"allow":["GET"]}}],"collection":[{"href":"https:\/\/kem-europe.eu\/de\/wp-json\/wp\/v2\/product"}],"about":[{"href":"https:\/\/kem-europe.eu\/de\/wp-json\/wp\/v2\/types\/product"}],"replies":[{"embeddable":true,"href":"https:\/\/kem-europe.eu\/de\/wp-json\/wp\/v2\/comments?post=2896"}],"wp:featuredmedia":[{"embeddable":true,"href":"https:\/\/kem-europe.eu\/de\/wp-json\/wp\/v2\/media\/1745"}],"wp:attachment":[{"href":"https:\/\/kem-europe.eu\/de\/wp-json\/wp\/v2\/media?parent=2896"}],"wp:term":[{"taxonomy":"product_brand","embeddable":true,"href":"https:\/\/kem-europe.eu\/de\/wp-json\/wp\/v2\/product_brand?post=2896"},{"taxonomy":"product_cat","embeddable":true,"href":"https:\/\/kem-europe.eu\/de\/wp-json\/wp\/v2\/product_cat?post=2896"},{"taxonomy":"product_tag","embeddable":true,"href":"https:\/\/kem-europe.eu\/de\/wp-json\/wp\/v2\/product_tag?post=2896"}],"curies":[{"name":"wp","href":"https:\/\/api.w.org\/{rel}","templated":true}]}}