{"id":2901,"date":"2025-02-27T08:42:59","date_gmt":"2025-02-27T08:42:59","guid":{"rendered":"https:\/\/kem-europe.eu\/?post_type=product&#038;p=2901"},"modified":"2025-02-27T12:53:37","modified_gmt":"2025-02-27T12:53:37","slug":"distar-1a1rss-diamanttrennscheibe-nass-xxl-350mm-20-254mm-topsegmente","status":"publish","type":"product","link":"https:\/\/kem-europe.eu\/de\/product\/distar-1a1rss-diamantzaagblad-nat-xxl-350mm-20-254mm-hoogste-segmenten-in-de-markt-3\/","title":{"rendered":"DiStar 1A1RSS Diamanttrennscheibe Nass XXL 350mm 20\/25.4mm - H\u00f6chste Segmente im Markt"},"content":{"rendered":"<p><strong>Eigenschaften DiStar 1A1RSS Diamanttrennscheibe Nass XXL 350mm 20\/25.4mm<\/strong><\/p>\n<p>Die h\u00f6chsten Diamantsegmente auf dem Markt? Die DiStar 1A1RSS Diamanttrennscheibe XXL 350mm verf\u00fcgt \u00fcber die h\u00f6chsten Diamantsegmente auf dem Markt f\u00fcr extrem lange Lebensdauer und Effizienz. F\u00fcr Ziegel, (Stahl-)Beton, Vollziegel und feuerfeste Materialien.<\/p>\n<p><strong>\u2705 Au\u00dfergew\u00f6hnliche Haltbarkeit<\/strong> - Dank der <strong>h\u00f6chste Diamantsegmente<\/strong> von 17 mm auf dem Markt ist das DiStar-Diamants\u00e4geblatt besonders langlebig, was zu einer <strong>extrem lange Lebensdauer<\/strong> und bessere Leistung.<\/p>\n<p><img loading=\"lazy\" decoding=\"async\" class=\"alignnone wp-image-418419\" src=\"https:\/\/bjctools.nl\/wp-content\/uploads\/2023\/09\/DiSTAR-XXL-DIamant-2.gif\" alt=\"DiStar 1A1RSS Diamanttrennscheibe XXL 230mm 22.23mm - H\u00f6chste Segmente auf dem Markt GIF 1\" width=\"600\" height=\"338\" \/><\/p>\n<p><strong>\u2705 Unerreichte Qualit\u00e4t <\/strong>- Dank der Verwendung von hochwertigem Stahl f\u00fcr den Kern der Klinge profitieren Sie von einer verbesserten Effizienz und einer l\u00e4ngeren Lebensdauer. Dies gew\u00e4hrleistet eine un\u00fcbertroffene Zuverl\u00e4ssigkeit.<\/p>\n<p><strong>\u2705 Effizientes K\u00fchlsystem<\/strong> - Das S\u00e4geblatt ist so konstruiert, dass es l\u00e4nger h\u00e4lt und nicht so schnell \u00fcberhitzt, was zu <strong>Sicherer und effizienter<\/strong> S\u00e4gen.<\/p>\n<p><img loading=\"lazy\" decoding=\"async\" class=\"alignnone wp-image-418418\" src=\"https:\/\/bjctools.nl\/wp-content\/uploads\/2023\/09\/DiSTAR-XXL-Diamant-1.gif\" alt=\"DiStar 1A1RSS Diamanttrennscheibe XXL 230mm 22.23mm - H\u00f6chste Segmente auf dem Markt GIF 2\" width=\"600\" height=\"338\" \/><\/p>\n<p><strong>\u2705 Spezielle Formel und Design<\/strong> - Aufgrund seiner speziellen Formel und seines einzigartigen Designs hat das DiStar Diamant-S\u00e4geblatt die l\u00e4ngste Lebensdauer - mehr als <strong>300 laufende Meter<\/strong> f\u00fcr Beton B35 mit 6 Stahlst\u00e4ben Durchmesser 8 mm.<\/p>\n<p><img loading=\"lazy\" decoding=\"async\" class=\"alignnone wp-image-418421\" src=\"https:\/\/bjctools.nl\/wp-content\/uploads\/2023\/09\/DiSTAR-XXL-Diamant-4.gif\" alt=\"DiStar 1A1RSS Diamanttrennscheibe XXL 230mm 22.23mm - H\u00f6chste Segmente auf dem Markt GIF 3 \" width=\"600\" height=\"338\" \/><\/p>\n<p><strong>\u2705 Vielseitigkeit<\/strong> - Das S\u00e4geblatt ist mit einem Durchmesser von 230 mm erh\u00e4ltlich und kann auf Winkelschleifern ohne K\u00fchlung verwendet werden.<\/p>\n<p><strong>\u2705 Spezifischer Zweck<\/strong> - Speziell entwickelt und getestet f\u00fcr das Schneiden von festen Materialien wie Beton \/ Stahlbeton \/ Ziegelplatten \/ Vollziegel \/ feuerfesten Materialien.<br \/>\nDamit ist es das <strong>perfekte Wahl<\/strong> f\u00fcr Baufachleute, die <strong>Effizienz und Pr\u00e4zision<\/strong> am Arbeitsplatz erfordern.<\/p>\n<p><img loading=\"lazy\" decoding=\"async\" class=\"alignnone wp-image-418420\" src=\"https:\/\/bjctools.nl\/wp-content\/uploads\/2023\/09\/DiSTAR-XXL-Diamant-3.gif\" alt=\"DiStar 1A1RSS Diamanttrennscheibe XXL 230mm 22.23mm - H\u00f6chste Segmente auf dem Markt GIF 4\" width=\"600\" height=\"338\" \/><\/p>\n<hr \/>\n<p><strong>Technische Daten<\/strong><\/p>\n<ul>\n<li>Durchmesser - 350 mm<\/li>\n<li>Dicke - 3,0 mm<\/li>\n<li>K\u00fchlung - nass<\/li>\n<li>Aufnahme - <strong>20 mm <\/strong>oder <strong>25,4 mm<\/strong><\/li>\n<li>Ziel - Beton \/ Stahlbeton \/ Ziegelplatten \/ Vollziegel \/ Feuerfeste Materialien<\/li>\n<li>Marke - Distar<\/li>\n<\/ul>\n<p><strong>Umfang der Lieferung<\/strong><\/p>\n<ul>\n<li>DiStar 1A1RSS Diamanttrennscheibe Nass XXL 350mm 20\/25.4mm<\/li>\n<\/ul>","protected":false},"excerpt":{"rendered":"<p>\u2705 H\u00f6chste Diamantsegmente auf dem Markt<br \/>\n\u2705 Au\u00dfergew\u00f6hnliche Haltbarkeit<br \/>\n\u2705 Hochwertiger Stahl<br \/>\n\u2705 Effizientes K\u00fchlsystem<br \/>\n\u2705 Besonderes Design<br \/>\n\u2705 T.b.v. Solid Material<br \/>\n<em>Beton \/ Stahlbeton \/ Ziegelplatten \/ Vollziegel \/ Feuerfeste Materialien<\/em><\/p>\n<p>https:\/\/www.youtube.com\/watch?v=jBepObPmUFI&amp;t=1s<\/p>","protected":false},"featured_media":1755,"comment_status":"closed","ping_status":"closed","template":"","meta":[],"product_brand":[623],"product_cat":[21,22,23],"product_tag":[],"class_list":{"0":"post-2901","1":"product","2":"type-product","3":"status-publish","4":"has-post-thumbnail","6":"product_brand-distar","7":"product_cat-diamant","8":"product_cat-diamantzaagblad","9":"product_cat-diamantzaagblad-nat","11":"first","12":"instock","13":"shipping-taxable","14":"product-type-simple"},"ct_brands":[{"id":623,"name":"DISTAR","slug":"distar"}],"yoast_head":"<!-- This site is optimized with the Yoast SEO plugin v27.3 - https:\/\/yoast.com\/product\/yoast-seo-wordpress\/ -->\n<title>DiStar 1A1RSS Diamantzaagblad Nat XXL 350mm 20\/25,4mm \u2013 Hoogste segmenten in de markt - KEM Europe<\/title>\n<meta name=\"robots\" content=\"index, follow, max-snippet:-1, max-image-preview:large, max-video-preview:-1\" \/>\n<link rel=\"canonical\" href=\"https:\/\/kem-europe.eu\/de\/produkt\/distar-1a1rss-diamanttrennscheibe-nass-xxl-350mm-20-254mm-topsegmente\/\" \/>\n<meta property=\"og:locale\" content=\"de_DE\" \/>\n<meta property=\"og:type\" content=\"article\" \/>\n<meta property=\"og:title\" content=\"DiStar 1A1RSS Diamantzaagblad Nat XXL 350mm 20\/25,4mm \u2013 Hoogste segmenten in de markt - KEM Europe\" \/>\n<meta property=\"og:description\" content=\"\u2705 Hoogste diamant segmenten in de markt \u2705 Uitzonderlijke Duurzaamheid \u2705 Hoogwaardig staal \u2705 Effici\u00ebnt Koelsysteem \u2705 Speciaal Ontwerp \u2705 T.b.v. Stevig Materiaal Beton \/ Gewapend beton \/ Tegelplaten \/ Volle baksteen \/ Vuurvaste materialen  https:\/\/www.youtube.com\/watch?v=jBepObPmUFI&amp;t=1s\" \/>\n<meta property=\"og:url\" content=\"https:\/\/kem-europe.eu\/de\/produkt\/distar-1a1rss-diamanttrennscheibe-nass-xxl-350mm-20-254mm-topsegmente\/\" \/>\n<meta property=\"og:site_name\" content=\"KEM Europe\" \/>\n<meta property=\"article:modified_time\" content=\"2025-02-27T12:53:37+00:00\" \/>\n<meta property=\"og:image\" content=\"https:\/\/kem-europe.eu\/wp-content\/uploads\/2025\/02\/DiStar-XXL-350-Diamantzaagblad-nat.jpg\" \/>\n\t<meta property=\"og:image:width\" content=\"700\" \/>\n\t<meta property=\"og:image:height\" content=\"700\" \/>\n\t<meta property=\"og:image:type\" content=\"image\/jpeg\" \/>\n<meta name=\"twitter:card\" content=\"summary_large_image\" \/>\n<meta name=\"twitter:label1\" content=\"Gesch\u00e4tzte Lesezeit\" \/>\n\t<meta name=\"twitter:data1\" content=\"3\u00a0Minuten\" \/>\n<script type=\"application\/ld+json\" class=\"yoast-schema-graph\">{\"@context\":\"https:\\\/\\\/schema.org\",\"@graph\":[{\"@type\":\"WebPage\",\"@id\":\"https:\\\/\\\/kem-europe.eu\\\/product\\\/distar-1a1rss-diamantzaagblad-nat-xxl-350mm-20-254mm-hoogste-segmenten-in-de-markt-3\\\/\",\"url\":\"https:\\\/\\\/kem-europe.eu\\\/product\\\/distar-1a1rss-diamantzaagblad-nat-xxl-350mm-20-254mm-hoogste-segmenten-in-de-markt-3\\\/\",\"name\":\"DiStar 1A1RSS Diamantzaagblad Nat XXL 350mm 20\\\/25,4mm \u2013 Hoogste segmenten in de markt - KEM Europe\",\"isPartOf\":{\"@id\":\"https:\\\/\\\/kem-europe.eu\\\/#website\"},\"primaryImageOfPage\":{\"@id\":\"https:\\\/\\\/kem-europe.eu\\\/product\\\/distar-1a1rss-diamantzaagblad-nat-xxl-350mm-20-254mm-hoogste-segmenten-in-de-markt-3\\\/#primaryimage\"},\"image\":{\"@id\":\"https:\\\/\\\/kem-europe.eu\\\/product\\\/distar-1a1rss-diamantzaagblad-nat-xxl-350mm-20-254mm-hoogste-segmenten-in-de-markt-3\\\/#primaryimage\"},\"thumbnailUrl\":\"https:\\\/\\\/kem-europe.eu\\\/wp-content\\\/uploads\\\/2025\\\/02\\\/DiStar-XXL-350-Diamantzaagblad-nat.jpg\",\"datePublished\":\"2025-02-27T08:42:59+00:00\",\"dateModified\":\"2025-02-27T12:53:37+00:00\",\"breadcrumb\":{\"@id\":\"https:\\\/\\\/kem-europe.eu\\\/product\\\/distar-1a1rss-diamantzaagblad-nat-xxl-350mm-20-254mm-hoogste-segmenten-in-de-markt-3\\\/#breadcrumb\"},\"inLanguage\":\"de\",\"potentialAction\":[{\"@type\":\"ReadAction\",\"target\":[\"https:\\\/\\\/kem-europe.eu\\\/product\\\/distar-1a1rss-diamantzaagblad-nat-xxl-350mm-20-254mm-hoogste-segmenten-in-de-markt-3\\\/\"]}]},{\"@type\":\"ImageObject\",\"inLanguage\":\"de\",\"@id\":\"https:\\\/\\\/kem-europe.eu\\\/product\\\/distar-1a1rss-diamantzaagblad-nat-xxl-350mm-20-254mm-hoogste-segmenten-in-de-markt-3\\\/#primaryimage\",\"url\":\"https:\\\/\\\/kem-europe.eu\\\/wp-content\\\/uploads\\\/2025\\\/02\\\/DiStar-XXL-350-Diamantzaagblad-nat.jpg\",\"contentUrl\":\"https:\\\/\\\/kem-europe.eu\\\/wp-content\\\/uploads\\\/2025\\\/02\\\/DiStar-XXL-350-Diamantzaagblad-nat.jpg\",\"width\":700,\"height\":700},{\"@type\":\"BreadcrumbList\",\"@id\":\"https:\\\/\\\/kem-europe.eu\\\/product\\\/distar-1a1rss-diamantzaagblad-nat-xxl-350mm-20-254mm-hoogste-segmenten-in-de-markt-3\\\/#breadcrumb\",\"itemListElement\":[{\"@type\":\"ListItem\",\"position\":1,\"name\":\"Home\",\"item\":\"https:\\\/\\\/kem-europe.eu\\\/\"},{\"@type\":\"ListItem\",\"position\":2,\"name\":\"Winkel\",\"item\":\"https:\\\/\\\/kem-europe.eu\\\/winkel\\\/\"},{\"@type\":\"ListItem\",\"position\":3,\"name\":\"DiStar 1A1RSS Diamantzaagblad Nat XXL 350mm 20\\\/25,4mm \u2013 Hoogste segmenten in de markt\"}]},{\"@type\":\"WebSite\",\"@id\":\"https:\\\/\\\/kem-europe.eu\\\/#website\",\"url\":\"https:\\\/\\\/kem-europe.eu\\\/\",\"name\":\"KEM Europe\",\"description\":\"\",\"publisher\":{\"@id\":\"https:\\\/\\\/kem-europe.eu\\\/#organization\"},\"potentialAction\":[{\"@type\":\"SearchAction\",\"target\":{\"@type\":\"EntryPoint\",\"urlTemplate\":\"https:\\\/\\\/kem-europe.eu\\\/?s={search_term_string}\"},\"query-input\":{\"@type\":\"PropertyValueSpecification\",\"valueRequired\":true,\"valueName\":\"search_term_string\"}}],\"inLanguage\":\"de\"},{\"@type\":\"Organization\",\"@id\":\"https:\\\/\\\/kem-europe.eu\\\/#organization\",\"name\":\"KEM Europe\",\"url\":\"https:\\\/\\\/kem-europe.eu\\\/\",\"logo\":{\"@type\":\"ImageObject\",\"inLanguage\":\"de\",\"@id\":\"https:\\\/\\\/kem-europe.eu\\\/#\\\/schema\\\/logo\\\/image\\\/\",\"url\":\"https:\\\/\\\/kem-europe.eu\\\/wp-content\\\/uploads\\\/2025\\\/02\\\/KEM2019-BLACK-1500W.png\",\"contentUrl\":\"https:\\\/\\\/kem-europe.eu\\\/wp-content\\\/uploads\\\/2025\\\/02\\\/KEM2019-BLACK-1500W.png\",\"width\":1500,\"height\":626,\"caption\":\"KEM Europe\"},\"image\":{\"@id\":\"https:\\\/\\\/kem-europe.eu\\\/#\\\/schema\\\/logo\\\/image\\\/\"}}]}<\/script>\n<!-- \/ Yoast SEO plugin. -->","yoast_head_json":{"title":"DiStar 1A1RSS Diamanttrennscheibe Nass XXL 350mm 20\/25,4mm - H\u00f6chste Segmente im Markt - KEM Europe","robots":{"index":"index","follow":"follow","max-snippet":"max-snippet:-1","max-image-preview":"max-image-preview:large","max-video-preview":"max-video-preview:-1"},"canonical":"https:\/\/kem-europe.eu\/de\/produkt\/distar-1a1rss-diamanttrennscheibe-nass-xxl-350mm-20-254mm-topsegmente\/","og_locale":"de_DE","og_type":"article","og_title":"DiStar 1A1RSS Diamantzaagblad Nat XXL 350mm 20\/25,4mm \u2013 Hoogste segmenten in de markt - KEM Europe","og_description":"\u2705 Hoogste diamant segmenten in de markt \u2705 Uitzonderlijke Duurzaamheid \u2705 Hoogwaardig staal \u2705 Effici\u00ebnt Koelsysteem \u2705 Speciaal Ontwerp \u2705 T.b.v. Stevig Materiaal Beton \/ Gewapend beton \/ Tegelplaten \/ Volle baksteen \/ Vuurvaste materialen  https:\/\/www.youtube.com\/watch?v=jBepObPmUFI&amp;t=1s","og_url":"https:\/\/kem-europe.eu\/de\/produkt\/distar-1a1rss-diamanttrennscheibe-nass-xxl-350mm-20-254mm-topsegmente\/","og_site_name":"KEM Europe","article_modified_time":"2025-02-27T12:53:37+00:00","og_image":[{"width":700,"height":700,"url":"https:\/\/kem-europe.eu\/wp-content\/uploads\/2025\/02\/DiStar-XXL-350-Diamantzaagblad-nat.jpg","type":"image\/jpeg"}],"twitter_card":"summary_large_image","twitter_misc":{"Gesch\u00e4tzte Lesezeit":"3\u00a0Minuten"},"schema":{"@context":"https:\/\/schema.org","@graph":[{"@type":"WebPage","@id":"https:\/\/kem-europe.eu\/product\/distar-1a1rss-diamantzaagblad-nat-xxl-350mm-20-254mm-hoogste-segmenten-in-de-markt-3\/","url":"https:\/\/kem-europe.eu\/product\/distar-1a1rss-diamantzaagblad-nat-xxl-350mm-20-254mm-hoogste-segmenten-in-de-markt-3\/","name":"DiStar 1A1RSS Diamanttrennscheibe Nass XXL 350mm 20\/25,4mm - H\u00f6chste Segmente im Markt - KEM Europe","isPartOf":{"@id":"https:\/\/kem-europe.eu\/#website"},"primaryImageOfPage":{"@id":"https:\/\/kem-europe.eu\/product\/distar-1a1rss-diamantzaagblad-nat-xxl-350mm-20-254mm-hoogste-segmenten-in-de-markt-3\/#primaryimage"},"image":{"@id":"https:\/\/kem-europe.eu\/product\/distar-1a1rss-diamantzaagblad-nat-xxl-350mm-20-254mm-hoogste-segmenten-in-de-markt-3\/#primaryimage"},"thumbnailUrl":"https:\/\/kem-europe.eu\/wp-content\/uploads\/2025\/02\/DiStar-XXL-350-Diamantzaagblad-nat.jpg","datePublished":"2025-02-27T08:42:59+00:00","dateModified":"2025-02-27T12:53:37+00:00","breadcrumb":{"@id":"https:\/\/kem-europe.eu\/product\/distar-1a1rss-diamantzaagblad-nat-xxl-350mm-20-254mm-hoogste-segmenten-in-de-markt-3\/#breadcrumb"},"inLanguage":"de","potentialAction":[{"@type":"ReadAction","target":["https:\/\/kem-europe.eu\/product\/distar-1a1rss-diamantzaagblad-nat-xxl-350mm-20-254mm-hoogste-segmenten-in-de-markt-3\/"]}]},{"@type":"ImageObject","inLanguage":"de","@id":"https:\/\/kem-europe.eu\/product\/distar-1a1rss-diamantzaagblad-nat-xxl-350mm-20-254mm-hoogste-segmenten-in-de-markt-3\/#primaryimage","url":"https:\/\/kem-europe.eu\/wp-content\/uploads\/2025\/02\/DiStar-XXL-350-Diamantzaagblad-nat.jpg","contentUrl":"https:\/\/kem-europe.eu\/wp-content\/uploads\/2025\/02\/DiStar-XXL-350-Diamantzaagblad-nat.jpg","width":700,"height":700},{"@type":"BreadcrumbList","@id":"https:\/\/kem-europe.eu\/product\/distar-1a1rss-diamantzaagblad-nat-xxl-350mm-20-254mm-hoogste-segmenten-in-de-markt-3\/#breadcrumb","itemListElement":[{"@type":"ListItem","position":1,"name":"Home","item":"https:\/\/kem-europe.eu\/"},{"@type":"ListItem","position":2,"name":"Winkel","item":"https:\/\/kem-europe.eu\/winkel\/"},{"@type":"ListItem","position":3,"name":"DiStar 1A1RSS Diamantzaagblad Nat XXL 350mm 20\/25,4mm \u2013 Hoogste segmenten in de markt"}]},{"@type":"WebSite","@id":"https:\/\/kem-europe.eu\/#website","url":"https:\/\/kem-europe.eu\/","name":"KEM Europe","description":"","publisher":{"@id":"https:\/\/kem-europe.eu\/#organization"},"potentialAction":[{"@type":"SearchAction","target":{"@type":"EntryPoint","urlTemplate":"https:\/\/kem-europe.eu\/?s={search_term_string}"},"query-input":{"@type":"PropertyValueSpecification","valueRequired":true,"valueName":"search_term_string"}}],"inLanguage":"de"},{"@type":"Organization","@id":"https:\/\/kem-europe.eu\/#organization","name":"KEM Europe","url":"https:\/\/kem-europe.eu\/","logo":{"@type":"ImageObject","inLanguage":"de","@id":"https:\/\/kem-europe.eu\/#\/schema\/logo\/image\/","url":"https:\/\/kem-europe.eu\/wp-content\/uploads\/2025\/02\/KEM2019-BLACK-1500W.png","contentUrl":"https:\/\/kem-europe.eu\/wp-content\/uploads\/2025\/02\/KEM2019-BLACK-1500W.png","width":1500,"height":626,"caption":"KEM Europe"},"image":{"@id":"https:\/\/kem-europe.eu\/#\/schema\/logo\/image\/"}}]}},"_links":{"self":[{"href":"https:\/\/kem-europe.eu\/de\/wp-json\/wp\/v2\/product\/2901","targetHints":{"allow":["GET"]}}],"collection":[{"href":"https:\/\/kem-europe.eu\/de\/wp-json\/wp\/v2\/product"}],"about":[{"href":"https:\/\/kem-europe.eu\/de\/wp-json\/wp\/v2\/types\/product"}],"replies":[{"embeddable":true,"href":"https:\/\/kem-europe.eu\/de\/wp-json\/wp\/v2\/comments?post=2901"}],"wp:featuredmedia":[{"embeddable":true,"href":"https:\/\/kem-europe.eu\/de\/wp-json\/wp\/v2\/media\/1755"}],"wp:attachment":[{"href":"https:\/\/kem-europe.eu\/de\/wp-json\/wp\/v2\/media?parent=2901"}],"wp:term":[{"taxonomy":"product_brand","embeddable":true,"href":"https:\/\/kem-europe.eu\/de\/wp-json\/wp\/v2\/product_brand?post=2901"},{"taxonomy":"product_cat","embeddable":true,"href":"https:\/\/kem-europe.eu\/de\/wp-json\/wp\/v2\/product_cat?post=2901"},{"taxonomy":"product_tag","embeddable":true,"href":"https:\/\/kem-europe.eu\/de\/wp-json\/wp\/v2\/product_tag?post=2901"}],"curies":[{"name":"wp","href":"https:\/\/api.w.org\/{rel}","templated":true}]}}