{"id":2915,"date":"2025-02-27T08:43:10","date_gmt":"2025-02-27T08:43:10","guid":{"rendered":"https:\/\/kem-europe.eu\/?post_type=product&#038;p=2915"},"modified":"2025-06-16T13:53:43","modified_gmt":"2025-06-16T13:53:43","slug":"distar-diamanttrennscheibe-technic-advanced-universell-1a1rss","status":"publish","type":"product","link":"https:\/\/kem-europe.eu\/de\/product\/distar-diamantschijf-technic-advanced-universeel-1a1rss-3\/","title":{"rendered":"DiStar Diamantscheibe Technic Advanced - Universal - 1A1RSS"},"content":{"rendered":"<p><strong>Eigenschaften DiStar Diamond Wheel 20 mm Technic Advanced<\/strong><\/p>\n<p>Die Diamantscheibe DiStar 1A1RSS Technic Advanced ist eine Neuheit auf dem Markt und wird auf Fugenschneidern, Fliesens\u00e4gen und Benzintrenns\u00e4gen zum Schneiden von Stahlbeton eingesetzt.<\/p>\n<p><strong><em>Vorteile<\/em><\/strong><\/p>\n<p><strong>\u2705Spezifische Entwicklung<\/strong>\u00a0- Die Di-Star Technic Advanced Diamond Saw Blade wurde speziell f\u00fcr das Schneiden von Granit, Stahlbeton und Betonplatten entwickelt und gew\u00e4hrleistet optimale Leistung und pr\u00e4zise Schnitte.<\/p>\n<p><strong>\u2705Konstante Geschwindigkeit\u00a0<\/strong>- Die speziell entwickelten Segmente des Diamants\u00e4geblatts sorgen f\u00fcr konstante Geschwindigkeiten w\u00e4hrend der Arbeit, was eine kontinuierliche und effektive Leistung ohne Unterbrechungen gew\u00e4hrleistet.<\/p>\n<p><strong>Hervorragendes Preis-Qualit\u00e4ts-Verh\u00e4ltnis<\/strong>\u00a0- Trotz seiner hohen Qualit\u00e4t und Leistung ist dieses S\u00e4geblatt \u00e4u\u00dferst preiswert. Das bedeutet, dass die Langlebigkeit und die Leistung des S\u00e4geblatts seinen Preis rechtfertigen und es auf lange Sicht zu einer kosteng\u00fcnstigen Option machen.<\/p>\n<p><strong>\u2705Nachhaltig und verl\u00e4sslich\u00a0<\/strong>- Die lange Lebensdauer der Technic Advanced-S\u00e4gebl\u00e4tter von Di-Star gew\u00e4hrleistet Zuverl\u00e4ssigkeit und Wert f\u00fcr Ihre Investition. Sie k\u00f6nnen sich darauf verlassen, dass die Diamanttrennscheiben f\u00fcr viele Projekte ausgelegt sind.<\/p>\n<p><strong>\u2705Lokal erzeugt<\/strong>\u00a0- Die Tatsache, dass diese Platten in Europa entwickelt und hergestellt werden, gew\u00e4hrleistet Qualit\u00e4tsstandards und unterst\u00fctzt die lokale Wirtschaft. Au\u00dferdem kann ein lokal hergestelltes Produkt eine schnellere Lieferung und einen besseren Kundenservice bedeuten.<\/p>\n<figure id=\"attachment_417529\" class=\"wp-caption alignnone\" aria-describedby=\"caption-attachment-417529\"><img loading=\"lazy\" decoding=\"async\" class=\"wp-image-417529\" src=\"https:\/\/bjctools.nl\/wp-content\/uploads\/2022\/08\/w480_fadd77b39_b9862a2a-e1691582988362.webp\" sizes=\"auto, (max-width: 480px) 100vw, 480px\" srcset=\"https:\/\/bjctools.nl\/wp-content\/uploads\/2022\/08\/w480_fadd77b39_b9862a2a-e1691582988362.webp 480w, https:\/\/bjctools.nl\/wp-content\/uploads\/2022\/08\/w480_fadd77b39_b9862a2a-e1691582988362-400x251.webp 400w\" alt=\"Segmente DiStar Diamantscheibe Technic Advanced 25.4mm\" width=\"480\" height=\"301\" \/><figcaption id=\"caption-attachment-417529\" class=\"wp-caption-text\"><em>Segmente DiStar Diamond Wheel Technic Advanced<\/em><\/figcaption><\/figure>\n<p><em><strong>Eigenschaften<\/strong><\/em><\/p>\n<ul>\n<li>Die\u00a0<strong>Positionierung des Diamanten<\/strong>\u00a0in Segmenten, mit einer H\u00f6he von 15 Millimetern, sorgen f\u00fcr einen gleichm\u00e4\u00dfigen &amp; weichen Schnitt<\/li>\n<li>Die Positionierung des Diamanten in den Segmenten bietet eine\u00a0<strong>hohe konstante Geschwindigkeit<\/strong>die\u00a0<strong>2,5 Meter pro Minute<\/strong>\u00a0erreicht mit einer\u00a0<strong>Lebensdauer von 300 Metern<\/strong><\/li>\n<li>Das Vorhandensein spezieller Segmente gew\u00e4hrleistet eine effektive Entfernung von Schmutz aus dem Arbeitsbereich<\/li>\n<li>Das Schneiden kann sowohl mit zus\u00e4tzlicher Wasserk\u00fchlung als auch ohne Wasserk\u00fchlung durchgef\u00fchrt werden.<\/li>\n<\/ul>\n<p><strong>Technische Daten<\/strong><\/p>\n<ul>\n<li>Durchmesser - 115 \/ 300 \/ 350 \/ 400 mm<\/li>\n<li>Dicke - 3,5 mm<\/li>\n<li>K\u00fchlung - nass und trocken<\/li>\n<li>Aufwicklung - 20 \/ 22,23 \/ 25,4 mm<\/li>\n<li>Entwickelt f\u00fcr - Granit \/ Beton \/ Stahlbeton \/ Pflastersteine<\/li>\n<\/ul>\n<p><strong>Umfang der Lieferung<\/strong><\/p>\n<ul>\n<li>DiStar Diamond Wheel Technic Advanced<\/li>\n<\/ul>","protected":false},"excerpt":{"rendered":"<p>Die DiStar Technic Advanced Diamanttrennscheibe ist speziell f\u00fcr das Schneiden von Granit, Stahlbeton und Betonplatten konzipiert. Durch die speziell entwickelten Segmente des Blattes bleibt die Geschwindigkeit beim Schneiden konstant.<\/p>\n<p>Hinzu kommt ein extrem gutes Preis-Leistungs-Verh\u00e4ltnis, das sich an der Langlebigkeit dieser Technic Advanced S\u00e4gebl\u00e4tter von DiStar erkennen l\u00e4sst. <strong>Die Klingen werden in Europa entwickelt und hergestellt!<\/strong><\/p>","protected":false},"featured_media":1815,"comment_status":"closed","ping_status":"closed","template":"","meta":[],"product_brand":[623],"product_cat":[21,22,274,23],"product_tag":[],"class_list":{"0":"post-2915","1":"product","2":"type-product","3":"status-publish","4":"has-post-thumbnail","6":"product_brand-distar","7":"product_cat-diamant","8":"product_cat-diamantzaagblad","9":"product_cat-diamantzaagblad-droog","10":"product_cat-diamantzaagblad-nat","12":"first","13":"instock","14":"shipping-taxable","15":"product-type-simple"},"ct_brands":[{"id":623,"name":"DISTAR","slug":"distar"}],"yoast_head":"<!-- This site is optimized with the Yoast SEO plugin v27.3 - https:\/\/yoast.com\/product\/yoast-seo-wordpress\/ -->\n<title>DiStar Diamantschijf Technic Advanced \u2013 Universeel \u2013 1A1RSS - KEM Europe<\/title>\n<meta name=\"robots\" content=\"index, follow, max-snippet:-1, max-image-preview:large, max-video-preview:-1\" \/>\n<link rel=\"canonical\" href=\"https:\/\/kem-europe.eu\/de\/produkt\/distar-diamanttrennscheibe-technic-advanced-universell-1a1rss\/\" \/>\n<meta property=\"og:locale\" content=\"de_DE\" \/>\n<meta property=\"og:type\" content=\"article\" \/>\n<meta property=\"og:title\" content=\"DiStar Diamantschijf Technic Advanced \u2013 Universeel \u2013 1A1RSS - KEM Europe\" \/>\n<meta property=\"og:description\" content=\"De DiStar Technic Advanced Diamantschijf is speciaal ontwikkeld voor het zagen van graniet, gewapend beton en betonplaten. Door de speciaal ontwikkelde segmenten van het blad blijft de snelheid constant wanneer men aan het zagen is.  Daarnaast een uitermate goede prijs-kwaliteitsniveau die te herkennen is aan de levensduur van deze Technic Advanced zaagbladen van DiStar. De bladen zijn in Europa ontwikkeld en geproduceerd!\" \/>\n<meta property=\"og:url\" content=\"https:\/\/kem-europe.eu\/de\/produkt\/distar-diamanttrennscheibe-technic-advanced-universell-1a1rss\/\" \/>\n<meta property=\"og:site_name\" content=\"KEM Europe\" \/>\n<meta property=\"article:modified_time\" content=\"2025-06-16T13:53:43+00:00\" \/>\n<meta property=\"og:image\" content=\"https:\/\/kem-europe.eu\/wp-content\/uploads\/2025\/02\/TechnicAdvanced1.jpg\" \/>\n\t<meta property=\"og:image:width\" content=\"700\" \/>\n\t<meta property=\"og:image:height\" content=\"700\" \/>\n\t<meta property=\"og:image:type\" content=\"image\/jpeg\" \/>\n<meta name=\"twitter:card\" content=\"summary_large_image\" \/>\n<meta name=\"twitter:label1\" content=\"Gesch\u00e4tzte Lesezeit\" \/>\n\t<meta name=\"twitter:data1\" content=\"2\u00a0Minuten\" \/>\n<script type=\"application\/ld+json\" class=\"yoast-schema-graph\">{\"@context\":\"https:\\\/\\\/schema.org\",\"@graph\":[{\"@type\":\"WebPage\",\"@id\":\"https:\\\/\\\/kem-europe.eu\\\/product\\\/distar-diamantschijf-technic-advanced-universeel-1a1rss-3\\\/\",\"url\":\"https:\\\/\\\/kem-europe.eu\\\/product\\\/distar-diamantschijf-technic-advanced-universeel-1a1rss-3\\\/\",\"name\":\"DiStar Diamantschijf Technic Advanced \u2013 Universeel \u2013 1A1RSS - KEM Europe\",\"isPartOf\":{\"@id\":\"https:\\\/\\\/kem-europe.eu\\\/#website\"},\"primaryImageOfPage\":{\"@id\":\"https:\\\/\\\/kem-europe.eu\\\/product\\\/distar-diamantschijf-technic-advanced-universeel-1a1rss-3\\\/#primaryimage\"},\"image\":{\"@id\":\"https:\\\/\\\/kem-europe.eu\\\/product\\\/distar-diamantschijf-technic-advanced-universeel-1a1rss-3\\\/#primaryimage\"},\"thumbnailUrl\":\"https:\\\/\\\/kem-europe.eu\\\/wp-content\\\/uploads\\\/2025\\\/02\\\/TechnicAdvanced1.jpg\",\"datePublished\":\"2025-02-27T08:43:10+00:00\",\"dateModified\":\"2025-06-16T13:53:43+00:00\",\"breadcrumb\":{\"@id\":\"https:\\\/\\\/kem-europe.eu\\\/product\\\/distar-diamantschijf-technic-advanced-universeel-1a1rss-3\\\/#breadcrumb\"},\"inLanguage\":\"de\",\"potentialAction\":[{\"@type\":\"ReadAction\",\"target\":[\"https:\\\/\\\/kem-europe.eu\\\/product\\\/distar-diamantschijf-technic-advanced-universeel-1a1rss-3\\\/\"]}]},{\"@type\":\"ImageObject\",\"inLanguage\":\"de\",\"@id\":\"https:\\\/\\\/kem-europe.eu\\\/product\\\/distar-diamantschijf-technic-advanced-universeel-1a1rss-3\\\/#primaryimage\",\"url\":\"https:\\\/\\\/kem-europe.eu\\\/wp-content\\\/uploads\\\/2025\\\/02\\\/TechnicAdvanced1.jpg\",\"contentUrl\":\"https:\\\/\\\/kem-europe.eu\\\/wp-content\\\/uploads\\\/2025\\\/02\\\/TechnicAdvanced1.jpg\",\"width\":700,\"height\":700},{\"@type\":\"BreadcrumbList\",\"@id\":\"https:\\\/\\\/kem-europe.eu\\\/product\\\/distar-diamantschijf-technic-advanced-universeel-1a1rss-3\\\/#breadcrumb\",\"itemListElement\":[{\"@type\":\"ListItem\",\"position\":1,\"name\":\"Home\",\"item\":\"https:\\\/\\\/kem-europe.eu\\\/\"},{\"@type\":\"ListItem\",\"position\":2,\"name\":\"Winkel\",\"item\":\"https:\\\/\\\/kem-europe.eu\\\/winkel\\\/\"},{\"@type\":\"ListItem\",\"position\":3,\"name\":\"DiStar Diamantschijf Technic Advanced \u2013 Universeel \u2013 1A1RSS\"}]},{\"@type\":\"WebSite\",\"@id\":\"https:\\\/\\\/kem-europe.eu\\\/#website\",\"url\":\"https:\\\/\\\/kem-europe.eu\\\/\",\"name\":\"KEM Europe\",\"description\":\"\",\"publisher\":{\"@id\":\"https:\\\/\\\/kem-europe.eu\\\/#organization\"},\"potentialAction\":[{\"@type\":\"SearchAction\",\"target\":{\"@type\":\"EntryPoint\",\"urlTemplate\":\"https:\\\/\\\/kem-europe.eu\\\/?s={search_term_string}\"},\"query-input\":{\"@type\":\"PropertyValueSpecification\",\"valueRequired\":true,\"valueName\":\"search_term_string\"}}],\"inLanguage\":\"de\"},{\"@type\":\"Organization\",\"@id\":\"https:\\\/\\\/kem-europe.eu\\\/#organization\",\"name\":\"KEM Europe\",\"url\":\"https:\\\/\\\/kem-europe.eu\\\/\",\"logo\":{\"@type\":\"ImageObject\",\"inLanguage\":\"de\",\"@id\":\"https:\\\/\\\/kem-europe.eu\\\/#\\\/schema\\\/logo\\\/image\\\/\",\"url\":\"https:\\\/\\\/kem-europe.eu\\\/wp-content\\\/uploads\\\/2025\\\/02\\\/KEM2019-BLACK-1500W.png\",\"contentUrl\":\"https:\\\/\\\/kem-europe.eu\\\/wp-content\\\/uploads\\\/2025\\\/02\\\/KEM2019-BLACK-1500W.png\",\"width\":1500,\"height\":626,\"caption\":\"KEM Europe\"},\"image\":{\"@id\":\"https:\\\/\\\/kem-europe.eu\\\/#\\\/schema\\\/logo\\\/image\\\/\"}}]}<\/script>\n<!-- \/ Yoast SEO plugin. -->","yoast_head_json":{"title":"DiStar Diamantscheibe Technic Advanced - Universal - 1A1RSS - KEM Europe","robots":{"index":"index","follow":"follow","max-snippet":"max-snippet:-1","max-image-preview":"max-image-preview:large","max-video-preview":"max-video-preview:-1"},"canonical":"https:\/\/kem-europe.eu\/de\/produkt\/distar-diamanttrennscheibe-technic-advanced-universell-1a1rss\/","og_locale":"de_DE","og_type":"article","og_title":"DiStar Diamantschijf Technic Advanced \u2013 Universeel \u2013 1A1RSS - KEM Europe","og_description":"De DiStar Technic Advanced Diamantschijf is speciaal ontwikkeld voor het zagen van graniet, gewapend beton en betonplaten. Door de speciaal ontwikkelde segmenten van het blad blijft de snelheid constant wanneer men aan het zagen is.  Daarnaast een uitermate goede prijs-kwaliteitsniveau die te herkennen is aan de levensduur van deze Technic Advanced zaagbladen van DiStar. De bladen zijn in Europa ontwikkeld en geproduceerd!","og_url":"https:\/\/kem-europe.eu\/de\/produkt\/distar-diamanttrennscheibe-technic-advanced-universell-1a1rss\/","og_site_name":"KEM Europe","article_modified_time":"2025-06-16T13:53:43+00:00","og_image":[{"width":700,"height":700,"url":"https:\/\/kem-europe.eu\/wp-content\/uploads\/2025\/02\/TechnicAdvanced1.jpg","type":"image\/jpeg"}],"twitter_card":"summary_large_image","twitter_misc":{"Gesch\u00e4tzte Lesezeit":"2\u00a0Minuten"},"schema":{"@context":"https:\/\/schema.org","@graph":[{"@type":"WebPage","@id":"https:\/\/kem-europe.eu\/product\/distar-diamantschijf-technic-advanced-universeel-1a1rss-3\/","url":"https:\/\/kem-europe.eu\/product\/distar-diamantschijf-technic-advanced-universeel-1a1rss-3\/","name":"DiStar Diamantscheibe Technic Advanced - Universal - 1A1RSS - KEM Europe","isPartOf":{"@id":"https:\/\/kem-europe.eu\/#website"},"primaryImageOfPage":{"@id":"https:\/\/kem-europe.eu\/product\/distar-diamantschijf-technic-advanced-universeel-1a1rss-3\/#primaryimage"},"image":{"@id":"https:\/\/kem-europe.eu\/product\/distar-diamantschijf-technic-advanced-universeel-1a1rss-3\/#primaryimage"},"thumbnailUrl":"https:\/\/kem-europe.eu\/wp-content\/uploads\/2025\/02\/TechnicAdvanced1.jpg","datePublished":"2025-02-27T08:43:10+00:00","dateModified":"2025-06-16T13:53:43+00:00","breadcrumb":{"@id":"https:\/\/kem-europe.eu\/product\/distar-diamantschijf-technic-advanced-universeel-1a1rss-3\/#breadcrumb"},"inLanguage":"de","potentialAction":[{"@type":"ReadAction","target":["https:\/\/kem-europe.eu\/product\/distar-diamantschijf-technic-advanced-universeel-1a1rss-3\/"]}]},{"@type":"ImageObject","inLanguage":"de","@id":"https:\/\/kem-europe.eu\/product\/distar-diamantschijf-technic-advanced-universeel-1a1rss-3\/#primaryimage","url":"https:\/\/kem-europe.eu\/wp-content\/uploads\/2025\/02\/TechnicAdvanced1.jpg","contentUrl":"https:\/\/kem-europe.eu\/wp-content\/uploads\/2025\/02\/TechnicAdvanced1.jpg","width":700,"height":700},{"@type":"BreadcrumbList","@id":"https:\/\/kem-europe.eu\/product\/distar-diamantschijf-technic-advanced-universeel-1a1rss-3\/#breadcrumb","itemListElement":[{"@type":"ListItem","position":1,"name":"Home","item":"https:\/\/kem-europe.eu\/"},{"@type":"ListItem","position":2,"name":"Winkel","item":"https:\/\/kem-europe.eu\/winkel\/"},{"@type":"ListItem","position":3,"name":"DiStar Diamantschijf Technic Advanced \u2013 Universeel \u2013 1A1RSS"}]},{"@type":"WebSite","@id":"https:\/\/kem-europe.eu\/#website","url":"https:\/\/kem-europe.eu\/","name":"KEM Europe","description":"","publisher":{"@id":"https:\/\/kem-europe.eu\/#organization"},"potentialAction":[{"@type":"SearchAction","target":{"@type":"EntryPoint","urlTemplate":"https:\/\/kem-europe.eu\/?s={search_term_string}"},"query-input":{"@type":"PropertyValueSpecification","valueRequired":true,"valueName":"search_term_string"}}],"inLanguage":"de"},{"@type":"Organization","@id":"https:\/\/kem-europe.eu\/#organization","name":"KEM Europe","url":"https:\/\/kem-europe.eu\/","logo":{"@type":"ImageObject","inLanguage":"de","@id":"https:\/\/kem-europe.eu\/#\/schema\/logo\/image\/","url":"https:\/\/kem-europe.eu\/wp-content\/uploads\/2025\/02\/KEM2019-BLACK-1500W.png","contentUrl":"https:\/\/kem-europe.eu\/wp-content\/uploads\/2025\/02\/KEM2019-BLACK-1500W.png","width":1500,"height":626,"caption":"KEM Europe"},"image":{"@id":"https:\/\/kem-europe.eu\/#\/schema\/logo\/image\/"}}]}},"_links":{"self":[{"href":"https:\/\/kem-europe.eu\/de\/wp-json\/wp\/v2\/product\/2915","targetHints":{"allow":["GET"]}}],"collection":[{"href":"https:\/\/kem-europe.eu\/de\/wp-json\/wp\/v2\/product"}],"about":[{"href":"https:\/\/kem-europe.eu\/de\/wp-json\/wp\/v2\/types\/product"}],"replies":[{"embeddable":true,"href":"https:\/\/kem-europe.eu\/de\/wp-json\/wp\/v2\/comments?post=2915"}],"wp:featuredmedia":[{"embeddable":true,"href":"https:\/\/kem-europe.eu\/de\/wp-json\/wp\/v2\/media\/1815"}],"wp:attachment":[{"href":"https:\/\/kem-europe.eu\/de\/wp-json\/wp\/v2\/media?parent=2915"}],"wp:term":[{"taxonomy":"product_brand","embeddable":true,"href":"https:\/\/kem-europe.eu\/de\/wp-json\/wp\/v2\/product_brand?post=2915"},{"taxonomy":"product_cat","embeddable":true,"href":"https:\/\/kem-europe.eu\/de\/wp-json\/wp\/v2\/product_cat?post=2915"},{"taxonomy":"product_tag","embeddable":true,"href":"https:\/\/kem-europe.eu\/de\/wp-json\/wp\/v2\/product_tag?post=2915"}],"curies":[{"name":"wp","href":"https:\/\/api.w.org\/{rel}","templated":true}]}}