{"id":2919,"date":"2025-02-27T08:43:11","date_gmt":"2025-02-27T08:43:11","guid":{"rendered":"https:\/\/kem-europe.eu\/?post_type=product&#038;p=2919"},"modified":"2025-02-27T12:50:55","modified_gmt":"2025-02-27T12:50:55","slug":"distar-diamanttrennscheibe-1a1rss-abrasiv-350-400mm-20-25-4mm","status":"publish","type":"product","link":"https:\/\/kem-europe.eu\/de\/product\/distar-diamantzaagblad-1a1rss-abrasive-350-400-mm-20-254-mm-3\/","title":{"rendered":"DiStar Diamanttrennscheibe 1A1RSS Schleifmittel 350\/400 mm - 20\/25,4 mm"},"content":{"rendered":"<p><strong>Eigenschaften DiStar Diamant-S\u00e4geblatt 1A1RSS Abrasiv<\/strong><\/p>\n<p>\u2705\u00a0<strong>Flexible Anwendung<\/strong>\u00a0- Die DiStar-Diamants\u00e4gebl\u00e4tter 1A1RSS Abrasiv-Diamants\u00e4gebl\u00e4tter sind f\u00fcr die Bearbeitung verschiedener abrasiver Materialien, von weich bis hart, sowohl trocken als auch mit Wasserk\u00fchlung, je nach Material, ausgelegt. Bei der Arbeit mit weichen Materialien wird die Behandlung auf trockener Basis durchgef\u00fchrt, bei festeren Materialien wird die Organisation einer zus\u00e4tzlichen Wasserk\u00fchlung empfohlen.<\/p>\n<p>\u2705\u00a0<strong>Hohe Geschwindigkeit und lange Lebensdauer<\/strong>\u00a0- Dank seiner hohen Qualit\u00e4t und der 9-Millimeter-Diamantbeschichtung bietet das S\u00e4geblatt eine gute Geschwindigkeit von bis zu 2 Metern pro Minute und eine beeindruckende Lebensdauer von 300-325 Metern.<\/p>\n<p>\u2705\u00a0<strong>Sch\u00fctzende Segmente<\/strong>\u00a0- Ausgestattet mit Schutzsegmenten, die den Schlamm wirksam aus dem Arbeitsbereich entfernen und das S\u00e4geblattgeh\u00e4use vor Verschlei\u00df sch\u00fctzen.<\/p>\n<p>\u2705\u00a0<strong>Verschiedene Durchmesser<\/strong>\u00a0- Das S\u00e4geblatt ist in den Durchmessern 350 oder 400 mm und 20 oder 25,4 mm Aufnahme erh\u00e4ltlich. Das S\u00e4geblatt kann auch auf einer Fugenschneidemaschine verwendet werden. Dies bietet dem Benutzer Vielseitigkeit und Anpassungsf\u00e4higkeit f\u00fcr verschiedene Projekte.<\/p>\n<p><strong>Technische Daten<\/strong><\/p>\n<ul>\n<li>Durchmesser - 350\/400 mm<\/li>\n<li>Dicke - 3,2 mm<\/li>\n<li>K\u00fchlung - trocken\/nass<\/li>\n<li>Aufwicklung - 20\/25,4 mm<\/li>\n<li>Ziel - Frischbeton \/ Asphalt<\/li>\n<\/ul>\n<p><strong>Umfang der Lieferung<\/strong><\/p>\n<ul>\n<li>DiStar Diamanttrennscheibe 1A1RSS Schleifmittel<\/li>\n<\/ul>","protected":false},"excerpt":{"rendered":"<p><img decoding=\"async\" src=\"https:\/\/bjctools.nl\/wp-content\/uploads\/2024\/02\/Abrasive.jpg\" \/><\/p>","protected":false},"featured_media":1828,"comment_status":"closed","ping_status":"closed","template":"","meta":[],"product_brand":[623],"product_cat":[21,22,274,23],"product_tag":[],"class_list":{"0":"post-2919","1":"product","2":"type-product","3":"status-publish","4":"has-post-thumbnail","6":"product_brand-distar","7":"product_cat-diamant","8":"product_cat-diamantzaagblad","9":"product_cat-diamantzaagblad-droog","10":"product_cat-diamantzaagblad-nat","12":"first","13":"instock","14":"shipping-taxable","15":"product-type-simple"},"ct_brands":[{"id":623,"name":"DISTAR","slug":"distar"}],"yoast_head":"<!-- This site is optimized with the Yoast SEO plugin v27.4 - https:\/\/yoast.com\/product\/yoast-seo-wordpress\/ -->\n<title>DiStar Diamantzaagblad 1A1RSS Abrasive 350\/400 mm \u2013 20\/25,4 mm - KEM Europe<\/title>\n<meta name=\"robots\" content=\"index, follow, max-snippet:-1, max-image-preview:large, max-video-preview:-1\" \/>\n<link rel=\"canonical\" href=\"https:\/\/kem-europe.eu\/de\/produkt\/distar-diamanttrennscheibe-1a1rss-abrasiv-350-400mm-20-25-4mm\/\" \/>\n<meta property=\"og:locale\" content=\"de_DE\" \/>\n<meta property=\"og:type\" content=\"article\" \/>\n<meta property=\"og:title\" content=\"DiStar Diamantzaagblad 1A1RSS Abrasive 350\/400 mm \u2013 20\/25,4 mm - KEM Europe\" \/>\n<meta property=\"og:url\" content=\"https:\/\/kem-europe.eu\/de\/produkt\/distar-diamanttrennscheibe-1a1rss-abrasiv-350-400mm-20-25-4mm\/\" \/>\n<meta property=\"og:site_name\" content=\"KEM Europe\" \/>\n<meta property=\"article:modified_time\" content=\"2025-02-27T12:50:55+00:00\" \/>\n<meta property=\"og:image\" content=\"https:\/\/kem-europe.eu\/wp-content\/uploads\/2025\/02\/Abrasive1.jpg\" \/>\n\t<meta property=\"og:image:width\" content=\"700\" \/>\n\t<meta property=\"og:image:height\" content=\"700\" \/>\n\t<meta property=\"og:image:type\" content=\"image\/jpeg\" \/>\n<meta name=\"twitter:card\" content=\"summary_large_image\" \/>\n<meta name=\"twitter:label1\" content=\"Gesch\u00e4tzte Lesezeit\" \/>\n\t<meta name=\"twitter:data1\" content=\"2\u00a0Minuten\" \/>\n<script type=\"application\/ld+json\" class=\"yoast-schema-graph\">{\"@context\":\"https:\\\/\\\/schema.org\",\"@graph\":[{\"@type\":\"WebPage\",\"@id\":\"https:\\\/\\\/kem-europe.eu\\\/product\\\/distar-diamantzaagblad-1a1rss-abrasive-350-400-mm-20-254-mm-3\\\/\",\"url\":\"https:\\\/\\\/kem-europe.eu\\\/product\\\/distar-diamantzaagblad-1a1rss-abrasive-350-400-mm-20-254-mm-3\\\/\",\"name\":\"DiStar Diamantzaagblad 1A1RSS Abrasive 350\\\/400 mm \u2013 20\\\/25,4 mm - KEM Europe\",\"isPartOf\":{\"@id\":\"https:\\\/\\\/kem-europe.eu\\\/#website\"},\"primaryImageOfPage\":{\"@id\":\"https:\\\/\\\/kem-europe.eu\\\/product\\\/distar-diamantzaagblad-1a1rss-abrasive-350-400-mm-20-254-mm-3\\\/#primaryimage\"},\"image\":{\"@id\":\"https:\\\/\\\/kem-europe.eu\\\/product\\\/distar-diamantzaagblad-1a1rss-abrasive-350-400-mm-20-254-mm-3\\\/#primaryimage\"},\"thumbnailUrl\":\"https:\\\/\\\/kem-europe.eu\\\/wp-content\\\/uploads\\\/2025\\\/02\\\/Abrasive1.jpg\",\"datePublished\":\"2025-02-27T08:43:11+00:00\",\"dateModified\":\"2025-02-27T12:50:55+00:00\",\"breadcrumb\":{\"@id\":\"https:\\\/\\\/kem-europe.eu\\\/product\\\/distar-diamantzaagblad-1a1rss-abrasive-350-400-mm-20-254-mm-3\\\/#breadcrumb\"},\"inLanguage\":\"de\",\"potentialAction\":[{\"@type\":\"ReadAction\",\"target\":[\"https:\\\/\\\/kem-europe.eu\\\/product\\\/distar-diamantzaagblad-1a1rss-abrasive-350-400-mm-20-254-mm-3\\\/\"]}]},{\"@type\":\"ImageObject\",\"inLanguage\":\"de\",\"@id\":\"https:\\\/\\\/kem-europe.eu\\\/product\\\/distar-diamantzaagblad-1a1rss-abrasive-350-400-mm-20-254-mm-3\\\/#primaryimage\",\"url\":\"https:\\\/\\\/kem-europe.eu\\\/wp-content\\\/uploads\\\/2025\\\/02\\\/Abrasive1.jpg\",\"contentUrl\":\"https:\\\/\\\/kem-europe.eu\\\/wp-content\\\/uploads\\\/2025\\\/02\\\/Abrasive1.jpg\",\"width\":700,\"height\":700},{\"@type\":\"BreadcrumbList\",\"@id\":\"https:\\\/\\\/kem-europe.eu\\\/product\\\/distar-diamantzaagblad-1a1rss-abrasive-350-400-mm-20-254-mm-3\\\/#breadcrumb\",\"itemListElement\":[{\"@type\":\"ListItem\",\"position\":1,\"name\":\"Home\",\"item\":\"https:\\\/\\\/kem-europe.eu\\\/\"},{\"@type\":\"ListItem\",\"position\":2,\"name\":\"Winkel\",\"item\":\"https:\\\/\\\/kem-europe.eu\\\/winkel\\\/\"},{\"@type\":\"ListItem\",\"position\":3,\"name\":\"DiStar Diamantzaagblad 1A1RSS Abrasive 350\\\/400 mm \u2013 20\\\/25,4 mm\"}]},{\"@type\":\"WebSite\",\"@id\":\"https:\\\/\\\/kem-europe.eu\\\/#website\",\"url\":\"https:\\\/\\\/kem-europe.eu\\\/\",\"name\":\"KEM Europe\",\"description\":\"\",\"publisher\":{\"@id\":\"https:\\\/\\\/kem-europe.eu\\\/#organization\"},\"potentialAction\":[{\"@type\":\"SearchAction\",\"target\":{\"@type\":\"EntryPoint\",\"urlTemplate\":\"https:\\\/\\\/kem-europe.eu\\\/?s={search_term_string}\"},\"query-input\":{\"@type\":\"PropertyValueSpecification\",\"valueRequired\":true,\"valueName\":\"search_term_string\"}}],\"inLanguage\":\"de\"},{\"@type\":\"Organization\",\"@id\":\"https:\\\/\\\/kem-europe.eu\\\/#organization\",\"name\":\"KEM Europe\",\"url\":\"https:\\\/\\\/kem-europe.eu\\\/\",\"logo\":{\"@type\":\"ImageObject\",\"inLanguage\":\"de\",\"@id\":\"https:\\\/\\\/kem-europe.eu\\\/#\\\/schema\\\/logo\\\/image\\\/\",\"url\":\"https:\\\/\\\/kem-europe.eu\\\/wp-content\\\/uploads\\\/2025\\\/02\\\/KEM2019-BLACK-1500W.png\",\"contentUrl\":\"https:\\\/\\\/kem-europe.eu\\\/wp-content\\\/uploads\\\/2025\\\/02\\\/KEM2019-BLACK-1500W.png\",\"width\":1500,\"height\":626,\"caption\":\"KEM Europe\"},\"image\":{\"@id\":\"https:\\\/\\\/kem-europe.eu\\\/#\\\/schema\\\/logo\\\/image\\\/\"}}]}<\/script>\n<!-- \/ Yoast SEO plugin. -->","yoast_head_json":{"title":"DiStar Diamanttrennscheibe 1A1RSS Schleifmittel 350\/400 mm - 20\/25,4 mm - KEM Europe","robots":{"index":"index","follow":"follow","max-snippet":"max-snippet:-1","max-image-preview":"max-image-preview:large","max-video-preview":"max-video-preview:-1"},"canonical":"https:\/\/kem-europe.eu\/de\/produkt\/distar-diamanttrennscheibe-1a1rss-abrasiv-350-400mm-20-25-4mm\/","og_locale":"de_DE","og_type":"article","og_title":"DiStar Diamantzaagblad 1A1RSS Abrasive 350\/400 mm \u2013 20\/25,4 mm - KEM Europe","og_url":"https:\/\/kem-europe.eu\/de\/produkt\/distar-diamanttrennscheibe-1a1rss-abrasiv-350-400mm-20-25-4mm\/","og_site_name":"KEM Europe","article_modified_time":"2025-02-27T12:50:55+00:00","og_image":[{"width":700,"height":700,"url":"https:\/\/kem-europe.eu\/wp-content\/uploads\/2025\/02\/Abrasive1.jpg","type":"image\/jpeg"}],"twitter_card":"summary_large_image","twitter_misc":{"Gesch\u00e4tzte Lesezeit":"2\u00a0Minuten"},"schema":{"@context":"https:\/\/schema.org","@graph":[{"@type":"WebPage","@id":"https:\/\/kem-europe.eu\/product\/distar-diamantzaagblad-1a1rss-abrasive-350-400-mm-20-254-mm-3\/","url":"https:\/\/kem-europe.eu\/product\/distar-diamantzaagblad-1a1rss-abrasive-350-400-mm-20-254-mm-3\/","name":"DiStar Diamanttrennscheibe 1A1RSS Schleifmittel 350\/400 mm - 20\/25,4 mm - KEM Europe","isPartOf":{"@id":"https:\/\/kem-europe.eu\/#website"},"primaryImageOfPage":{"@id":"https:\/\/kem-europe.eu\/product\/distar-diamantzaagblad-1a1rss-abrasive-350-400-mm-20-254-mm-3\/#primaryimage"},"image":{"@id":"https:\/\/kem-europe.eu\/product\/distar-diamantzaagblad-1a1rss-abrasive-350-400-mm-20-254-mm-3\/#primaryimage"},"thumbnailUrl":"https:\/\/kem-europe.eu\/wp-content\/uploads\/2025\/02\/Abrasive1.jpg","datePublished":"2025-02-27T08:43:11+00:00","dateModified":"2025-02-27T12:50:55+00:00","breadcrumb":{"@id":"https:\/\/kem-europe.eu\/product\/distar-diamantzaagblad-1a1rss-abrasive-350-400-mm-20-254-mm-3\/#breadcrumb"},"inLanguage":"de","potentialAction":[{"@type":"ReadAction","target":["https:\/\/kem-europe.eu\/product\/distar-diamantzaagblad-1a1rss-abrasive-350-400-mm-20-254-mm-3\/"]}]},{"@type":"ImageObject","inLanguage":"de","@id":"https:\/\/kem-europe.eu\/product\/distar-diamantzaagblad-1a1rss-abrasive-350-400-mm-20-254-mm-3\/#primaryimage","url":"https:\/\/kem-europe.eu\/wp-content\/uploads\/2025\/02\/Abrasive1.jpg","contentUrl":"https:\/\/kem-europe.eu\/wp-content\/uploads\/2025\/02\/Abrasive1.jpg","width":700,"height":700},{"@type":"BreadcrumbList","@id":"https:\/\/kem-europe.eu\/product\/distar-diamantzaagblad-1a1rss-abrasive-350-400-mm-20-254-mm-3\/#breadcrumb","itemListElement":[{"@type":"ListItem","position":1,"name":"Home","item":"https:\/\/kem-europe.eu\/"},{"@type":"ListItem","position":2,"name":"Winkel","item":"https:\/\/kem-europe.eu\/winkel\/"},{"@type":"ListItem","position":3,"name":"DiStar Diamantzaagblad 1A1RSS Abrasive 350\/400 mm \u2013 20\/25,4 mm"}]},{"@type":"WebSite","@id":"https:\/\/kem-europe.eu\/#website","url":"https:\/\/kem-europe.eu\/","name":"KEM Europe","description":"","publisher":{"@id":"https:\/\/kem-europe.eu\/#organization"},"potentialAction":[{"@type":"SearchAction","target":{"@type":"EntryPoint","urlTemplate":"https:\/\/kem-europe.eu\/?s={search_term_string}"},"query-input":{"@type":"PropertyValueSpecification","valueRequired":true,"valueName":"search_term_string"}}],"inLanguage":"de"},{"@type":"Organization","@id":"https:\/\/kem-europe.eu\/#organization","name":"KEM Europe","url":"https:\/\/kem-europe.eu\/","logo":{"@type":"ImageObject","inLanguage":"de","@id":"https:\/\/kem-europe.eu\/#\/schema\/logo\/image\/","url":"https:\/\/kem-europe.eu\/wp-content\/uploads\/2025\/02\/KEM2019-BLACK-1500W.png","contentUrl":"https:\/\/kem-europe.eu\/wp-content\/uploads\/2025\/02\/KEM2019-BLACK-1500W.png","width":1500,"height":626,"caption":"KEM Europe"},"image":{"@id":"https:\/\/kem-europe.eu\/#\/schema\/logo\/image\/"}}]}},"_links":{"self":[{"href":"https:\/\/kem-europe.eu\/de\/wp-json\/wp\/v2\/product\/2919","targetHints":{"allow":["GET"]}}],"collection":[{"href":"https:\/\/kem-europe.eu\/de\/wp-json\/wp\/v2\/product"}],"about":[{"href":"https:\/\/kem-europe.eu\/de\/wp-json\/wp\/v2\/types\/product"}],"replies":[{"embeddable":true,"href":"https:\/\/kem-europe.eu\/de\/wp-json\/wp\/v2\/comments?post=2919"}],"wp:featuredmedia":[{"embeddable":true,"href":"https:\/\/kem-europe.eu\/de\/wp-json\/wp\/v2\/media\/1828"}],"wp:attachment":[{"href":"https:\/\/kem-europe.eu\/de\/wp-json\/wp\/v2\/media?parent=2919"}],"wp:term":[{"taxonomy":"product_brand","embeddable":true,"href":"https:\/\/kem-europe.eu\/de\/wp-json\/wp\/v2\/product_brand?post=2919"},{"taxonomy":"product_cat","embeddable":true,"href":"https:\/\/kem-europe.eu\/de\/wp-json\/wp\/v2\/product_cat?post=2919"},{"taxonomy":"product_tag","embeddable":true,"href":"https:\/\/kem-europe.eu\/de\/wp-json\/wp\/v2\/product_tag?post=2919"}],"curies":[{"name":"wp","href":"https:\/\/api.w.org\/{rel}","templated":true}]}}