{"id":2924,"date":"2025-02-27T08:43:12","date_gmt":"2025-02-27T08:43:12","guid":{"rendered":"https:\/\/kem-europe.eu\/?post_type=product&#038;p=2924"},"modified":"2025-06-16T13:15:57","modified_gmt":"2025-06-16T13:15:57","slug":"distar-dds-w-diamantbohrer-nass-dickwandig-450mm-rs8","status":"publish","type":"product","link":"https:\/\/kem-europe.eu\/de\/product\/distar-dds-w-diamant-natboor-dikwandig-450-mm-o52-250-mm-1-1-4-inch-rs8-x-3\/","title":{"rendered":"DiStar DDS-W Diamant-Nassbohrer Dickwandig 450 mm - \u00d852-250 mm - 1 1\/4 Zoll - RS8-X"},"content":{"rendered":"<p><strong>Eigenschaften DiStar DDS-W Diamant-Nassbohrer Dickwandig 450 mm - \u00d852-250 mm - 1 1\/4 Zoll - RS8-X<\/strong><\/p>\n<ul>\n<li>Schnelles Bohren von schwerem Stahlbeton.<\/li>\n<li>Einfaches und bequemes Bohren in das Material.<\/li>\n<li>Die DIAFIX-Technologie gew\u00e4hrleistet eine stabile Bohrgeschwindigkeit bei jedem Bohrschritt.<\/li>\n<li>Dieser Bohrer hat eine breite Wand und einen breiten Zahn, was bedeutet, dass er gr\u00f6\u00dfere Segmente mit mehr Diamant enth\u00e4lt. Dies macht den Bohrer st\u00e4rker als andere Nassbohrer.<\/li>\n<li>Suchen Sie eine Diamant-Nassbohrmaschine f\u00fcr Stein oder Beton mit wenig Armierung? Dann schauen Sie sich die\u00a0<strong><a href=\"https:\/\/kem-europe.eu\/de\/produkt\/distar-dds-wm-diamant-natboor-dunwandig-320-mm-o42-200-mm-1-2-inch\/\">DiStar DDS-WM Diamant-Nassbohrer d\u00fcnnwandig<\/a><\/strong>. Dieser Bohrer hat eine d\u00fcnnere Wand und Zahn, was bedeutet, dass es kleinere Segmente mit weniger Diamant enth\u00e4lt.<\/li>\n<li>Sind Sie auf der Suche nach einer Diamant-Nassbohrmaschine mit 1\/2-Zoll-Anschluss? Dann werfen Sie einen Blick auf die\u00a0<a href=\"https:\/\/kem-europe.eu\/de\/produkt\/kem-dds-w-diamant-natboor-dikwandig-400-450-mm-o12-162-mm-1-2-inch\/\"><strong>KEM DDS-W Diamant-Nassbohrer dickwandig 1\/2<\/strong><\/a>.<\/li>\n<\/ul>\n<p><strong>Technische Daten<\/strong><\/p>\n<ul>\n<li>Marke - DiStar<\/li>\n<li>L\u00e4nge - 450 mm<\/li>\n<li>Anschluss - 1 1\/4 Zoll<\/li>\n<li>Ziel - Starker Stahlbeton<\/li>\n<li>Bohrkronentyp - Diamant-Nassbohrkrone<\/li>\n<li>Durchmesser (mm) - 52, 57, 62, 67, 72, 77, 82, 92, 102, 112, 122, 126, 132, 142, 152, 162, 172, 182, 200, 250<\/li>\n<\/ul>\n<p><strong>Umfang der Lieferung<\/strong><\/p>\n<ul>\n<li>DiStar DDS-W Diamant-Nassbohrer Dickwandig 450 mm - \u00d852-250 mm - 1 1\/4 Zoll - RS8-X<\/li>\n<\/ul>","protected":false},"excerpt":{"rendered":"<p>&nbsp;<\/p>\n<ul>\n<li>Schnelles Bohren von schwerem Stahlbeton. Einfaches und komfortables Bohren in das Material. Die DIAFIX-Technologie gew\u00e4hrleistet eine stabile Bohrgeschwindigkeit bei jedem Bohrschritt.<\/li>\n<li>Dieser Bohrer hat eine breite Wand und einen breiten Zahn, was bedeutet, dass er gr\u00f6\u00dfere Segmente mit mehr Diamant enth\u00e4lt. Dies macht den Bohrer st\u00e4rker als andere Nassbohrer.<\/li>\n<\/ul>","protected":false},"featured_media":1851,"comment_status":"closed","ping_status":"closed","template":"","meta":[],"product_brand":[623],"product_cat":[188,273,16,20],"product_tag":[],"class_list":{"0":"post-2924","1":"product","2":"type-product","3":"status-publish","4":"has-post-thumbnail","6":"product_brand-distar","7":"product_cat-diamantboor","8":"product_cat-diamantboor-nat","9":"product_cat-diamantgereedschap","10":"product_cat-verbruiksartikelen-diamant","12":"first","13":"instock","14":"shipping-taxable","15":"product-type-simple"},"ct_brands":[{"id":623,"name":"DISTAR","slug":"distar"}],"yoast_head":"<!-- This site is optimized with the Yoast SEO plugin v27.3 - https:\/\/yoast.com\/product\/yoast-seo-wordpress\/ -->\n<title>DiStar DDS-W Diamant Natboor Dikwandig 450 mm \u2013 \u00d852-250 mm \u2013 1 1\/4 Inch \u2013 RS8-X - KEM Europe<\/title>\n<meta name=\"robots\" content=\"index, follow, max-snippet:-1, max-image-preview:large, max-video-preview:-1\" \/>\n<link rel=\"canonical\" href=\"https:\/\/kem-europe.eu\/de\/produkt\/distar-dds-w-diamantbohrer-nass-dickwandig-450mm-rs8\/\" \/>\n<meta property=\"og:locale\" content=\"de_DE\" \/>\n<meta property=\"og:type\" content=\"article\" \/>\n<meta property=\"og:title\" content=\"DiStar DDS-W Diamant Natboor Dikwandig 450 mm \u2013 \u00d852-250 mm \u2013 1 1\/4 Inch \u2013 RS8-X - KEM Europe\" \/>\n<meta property=\"og:description\" content=\"&nbsp;   Snel boren van zwaar gewapend beton. Eenvoudig en comfortabel boren in het materiaal. DIAFIX-technologie zorgt voor een stabiele boorsnelheid bij elke boorstap.  Deze boor heeft een brede wand en tand, waardoor er grotere segmenten in zitten met meer diamant. Dit maakt de boor sterker dan andere natboren.\" \/>\n<meta property=\"og:url\" content=\"https:\/\/kem-europe.eu\/de\/produkt\/distar-dds-w-diamantbohrer-nass-dickwandig-450mm-rs8\/\" \/>\n<meta property=\"og:site_name\" content=\"KEM Europe\" \/>\n<meta property=\"article:modified_time\" content=\"2025-06-16T13:15:57+00:00\" \/>\n<meta property=\"og:image\" content=\"https:\/\/kem-europe.eu\/wp-content\/uploads\/2025\/02\/ORNG1-4-1.jpg\" \/>\n\t<meta property=\"og:image:width\" content=\"700\" \/>\n\t<meta property=\"og:image:height\" content=\"700\" \/>\n\t<meta property=\"og:image:type\" content=\"image\/jpeg\" \/>\n<meta name=\"twitter:card\" content=\"summary_large_image\" \/>\n<meta name=\"twitter:label1\" content=\"Gesch\u00e4tzte Lesezeit\" \/>\n\t<meta name=\"twitter:data1\" content=\"2\u00a0Minuten\" \/>\n<script type=\"application\/ld+json\" class=\"yoast-schema-graph\">{\"@context\":\"https:\\\/\\\/schema.org\",\"@graph\":[{\"@type\":\"WebPage\",\"@id\":\"https:\\\/\\\/kem-europe.eu\\\/product\\\/distar-dds-w-diamant-natboor-dikwandig-450-mm-o52-250-mm-1-1-4-inch-rs8-x-3\\\/\",\"url\":\"https:\\\/\\\/kem-europe.eu\\\/product\\\/distar-dds-w-diamant-natboor-dikwandig-450-mm-o52-250-mm-1-1-4-inch-rs8-x-3\\\/\",\"name\":\"DiStar DDS-W Diamant Natboor Dikwandig 450 mm \u2013 \u00d852-250 mm \u2013 1 1\\\/4 Inch \u2013 RS8-X - KEM Europe\",\"isPartOf\":{\"@id\":\"https:\\\/\\\/kem-europe.eu\\\/#website\"},\"primaryImageOfPage\":{\"@id\":\"https:\\\/\\\/kem-europe.eu\\\/product\\\/distar-dds-w-diamant-natboor-dikwandig-450-mm-o52-250-mm-1-1-4-inch-rs8-x-3\\\/#primaryimage\"},\"image\":{\"@id\":\"https:\\\/\\\/kem-europe.eu\\\/product\\\/distar-dds-w-diamant-natboor-dikwandig-450-mm-o52-250-mm-1-1-4-inch-rs8-x-3\\\/#primaryimage\"},\"thumbnailUrl\":\"https:\\\/\\\/kem-europe.eu\\\/wp-content\\\/uploads\\\/2025\\\/02\\\/ORNG1-4-1.jpg\",\"datePublished\":\"2025-02-27T08:43:12+00:00\",\"dateModified\":\"2025-06-16T13:15:57+00:00\",\"breadcrumb\":{\"@id\":\"https:\\\/\\\/kem-europe.eu\\\/product\\\/distar-dds-w-diamant-natboor-dikwandig-450-mm-o52-250-mm-1-1-4-inch-rs8-x-3\\\/#breadcrumb\"},\"inLanguage\":\"de\",\"potentialAction\":[{\"@type\":\"ReadAction\",\"target\":[\"https:\\\/\\\/kem-europe.eu\\\/product\\\/distar-dds-w-diamant-natboor-dikwandig-450-mm-o52-250-mm-1-1-4-inch-rs8-x-3\\\/\"]}]},{\"@type\":\"ImageObject\",\"inLanguage\":\"de\",\"@id\":\"https:\\\/\\\/kem-europe.eu\\\/product\\\/distar-dds-w-diamant-natboor-dikwandig-450-mm-o52-250-mm-1-1-4-inch-rs8-x-3\\\/#primaryimage\",\"url\":\"https:\\\/\\\/kem-europe.eu\\\/wp-content\\\/uploads\\\/2025\\\/02\\\/ORNG1-4-1.jpg\",\"contentUrl\":\"https:\\\/\\\/kem-europe.eu\\\/wp-content\\\/uploads\\\/2025\\\/02\\\/ORNG1-4-1.jpg\",\"width\":700,\"height\":700},{\"@type\":\"BreadcrumbList\",\"@id\":\"https:\\\/\\\/kem-europe.eu\\\/product\\\/distar-dds-w-diamant-natboor-dikwandig-450-mm-o52-250-mm-1-1-4-inch-rs8-x-3\\\/#breadcrumb\",\"itemListElement\":[{\"@type\":\"ListItem\",\"position\":1,\"name\":\"Home\",\"item\":\"https:\\\/\\\/kem-europe.eu\\\/\"},{\"@type\":\"ListItem\",\"position\":2,\"name\":\"Winkel\",\"item\":\"https:\\\/\\\/kem-europe.eu\\\/winkel\\\/\"},{\"@type\":\"ListItem\",\"position\":3,\"name\":\"DiStar DDS-W Diamant Natboor Dikwandig 450 mm \u2013 \u00d852-250 mm \u2013 1 1\\\/4 Inch \u2013 RS8-X\"}]},{\"@type\":\"WebSite\",\"@id\":\"https:\\\/\\\/kem-europe.eu\\\/#website\",\"url\":\"https:\\\/\\\/kem-europe.eu\\\/\",\"name\":\"KEM Europe\",\"description\":\"\",\"publisher\":{\"@id\":\"https:\\\/\\\/kem-europe.eu\\\/#organization\"},\"potentialAction\":[{\"@type\":\"SearchAction\",\"target\":{\"@type\":\"EntryPoint\",\"urlTemplate\":\"https:\\\/\\\/kem-europe.eu\\\/?s={search_term_string}\"},\"query-input\":{\"@type\":\"PropertyValueSpecification\",\"valueRequired\":true,\"valueName\":\"search_term_string\"}}],\"inLanguage\":\"de\"},{\"@type\":\"Organization\",\"@id\":\"https:\\\/\\\/kem-europe.eu\\\/#organization\",\"name\":\"KEM Europe\",\"url\":\"https:\\\/\\\/kem-europe.eu\\\/\",\"logo\":{\"@type\":\"ImageObject\",\"inLanguage\":\"de\",\"@id\":\"https:\\\/\\\/kem-europe.eu\\\/#\\\/schema\\\/logo\\\/image\\\/\",\"url\":\"https:\\\/\\\/kem-europe.eu\\\/wp-content\\\/uploads\\\/2025\\\/02\\\/KEM2019-BLACK-1500W.png\",\"contentUrl\":\"https:\\\/\\\/kem-europe.eu\\\/wp-content\\\/uploads\\\/2025\\\/02\\\/KEM2019-BLACK-1500W.png\",\"width\":1500,\"height\":626,\"caption\":\"KEM Europe\"},\"image\":{\"@id\":\"https:\\\/\\\/kem-europe.eu\\\/#\\\/schema\\\/logo\\\/image\\\/\"}}]}<\/script>\n<!-- \/ Yoast SEO plugin. -->","yoast_head_json":{"title":"DiStar DDS-W Diamant-Nassbohrer Dickwandig 450 mm - \u00d852-250 mm - 1 1\/4 Zoll - RS8-X - KEM Europe","robots":{"index":"index","follow":"follow","max-snippet":"max-snippet:-1","max-image-preview":"max-image-preview:large","max-video-preview":"max-video-preview:-1"},"canonical":"https:\/\/kem-europe.eu\/de\/produkt\/distar-dds-w-diamantbohrer-nass-dickwandig-450mm-rs8\/","og_locale":"de_DE","og_type":"article","og_title":"DiStar DDS-W Diamant Natboor Dikwandig 450 mm \u2013 \u00d852-250 mm \u2013 1 1\/4 Inch \u2013 RS8-X - KEM Europe","og_description":"&nbsp;   Snel boren van zwaar gewapend beton. Eenvoudig en comfortabel boren in het materiaal. DIAFIX-technologie zorgt voor een stabiele boorsnelheid bij elke boorstap.  Deze boor heeft een brede wand en tand, waardoor er grotere segmenten in zitten met meer diamant. Dit maakt de boor sterker dan andere natboren.","og_url":"https:\/\/kem-europe.eu\/de\/produkt\/distar-dds-w-diamantbohrer-nass-dickwandig-450mm-rs8\/","og_site_name":"KEM Europe","article_modified_time":"2025-06-16T13:15:57+00:00","og_image":[{"width":700,"height":700,"url":"https:\/\/kem-europe.eu\/wp-content\/uploads\/2025\/02\/ORNG1-4-1.jpg","type":"image\/jpeg"}],"twitter_card":"summary_large_image","twitter_misc":{"Gesch\u00e4tzte Lesezeit":"2\u00a0Minuten"},"schema":{"@context":"https:\/\/schema.org","@graph":[{"@type":"WebPage","@id":"https:\/\/kem-europe.eu\/product\/distar-dds-w-diamant-natboor-dikwandig-450-mm-o52-250-mm-1-1-4-inch-rs8-x-3\/","url":"https:\/\/kem-europe.eu\/product\/distar-dds-w-diamant-natboor-dikwandig-450-mm-o52-250-mm-1-1-4-inch-rs8-x-3\/","name":"DiStar DDS-W Diamant-Nassbohrer Dickwandig 450 mm - \u00d852-250 mm - 1 1\/4 Zoll - RS8-X - KEM Europe","isPartOf":{"@id":"https:\/\/kem-europe.eu\/#website"},"primaryImageOfPage":{"@id":"https:\/\/kem-europe.eu\/product\/distar-dds-w-diamant-natboor-dikwandig-450-mm-o52-250-mm-1-1-4-inch-rs8-x-3\/#primaryimage"},"image":{"@id":"https:\/\/kem-europe.eu\/product\/distar-dds-w-diamant-natboor-dikwandig-450-mm-o52-250-mm-1-1-4-inch-rs8-x-3\/#primaryimage"},"thumbnailUrl":"https:\/\/kem-europe.eu\/wp-content\/uploads\/2025\/02\/ORNG1-4-1.jpg","datePublished":"2025-02-27T08:43:12+00:00","dateModified":"2025-06-16T13:15:57+00:00","breadcrumb":{"@id":"https:\/\/kem-europe.eu\/product\/distar-dds-w-diamant-natboor-dikwandig-450-mm-o52-250-mm-1-1-4-inch-rs8-x-3\/#breadcrumb"},"inLanguage":"de","potentialAction":[{"@type":"ReadAction","target":["https:\/\/kem-europe.eu\/product\/distar-dds-w-diamant-natboor-dikwandig-450-mm-o52-250-mm-1-1-4-inch-rs8-x-3\/"]}]},{"@type":"ImageObject","inLanguage":"de","@id":"https:\/\/kem-europe.eu\/product\/distar-dds-w-diamant-natboor-dikwandig-450-mm-o52-250-mm-1-1-4-inch-rs8-x-3\/#primaryimage","url":"https:\/\/kem-europe.eu\/wp-content\/uploads\/2025\/02\/ORNG1-4-1.jpg","contentUrl":"https:\/\/kem-europe.eu\/wp-content\/uploads\/2025\/02\/ORNG1-4-1.jpg","width":700,"height":700},{"@type":"BreadcrumbList","@id":"https:\/\/kem-europe.eu\/product\/distar-dds-w-diamant-natboor-dikwandig-450-mm-o52-250-mm-1-1-4-inch-rs8-x-3\/#breadcrumb","itemListElement":[{"@type":"ListItem","position":1,"name":"Home","item":"https:\/\/kem-europe.eu\/"},{"@type":"ListItem","position":2,"name":"Winkel","item":"https:\/\/kem-europe.eu\/winkel\/"},{"@type":"ListItem","position":3,"name":"DiStar DDS-W Diamant Natboor Dikwandig 450 mm \u2013 \u00d852-250 mm \u2013 1 1\/4 Inch \u2013 RS8-X"}]},{"@type":"WebSite","@id":"https:\/\/kem-europe.eu\/#website","url":"https:\/\/kem-europe.eu\/","name":"KEM Europe","description":"","publisher":{"@id":"https:\/\/kem-europe.eu\/#organization"},"potentialAction":[{"@type":"SearchAction","target":{"@type":"EntryPoint","urlTemplate":"https:\/\/kem-europe.eu\/?s={search_term_string}"},"query-input":{"@type":"PropertyValueSpecification","valueRequired":true,"valueName":"search_term_string"}}],"inLanguage":"de"},{"@type":"Organization","@id":"https:\/\/kem-europe.eu\/#organization","name":"KEM Europe","url":"https:\/\/kem-europe.eu\/","logo":{"@type":"ImageObject","inLanguage":"de","@id":"https:\/\/kem-europe.eu\/#\/schema\/logo\/image\/","url":"https:\/\/kem-europe.eu\/wp-content\/uploads\/2025\/02\/KEM2019-BLACK-1500W.png","contentUrl":"https:\/\/kem-europe.eu\/wp-content\/uploads\/2025\/02\/KEM2019-BLACK-1500W.png","width":1500,"height":626,"caption":"KEM Europe"},"image":{"@id":"https:\/\/kem-europe.eu\/#\/schema\/logo\/image\/"}}]}},"_links":{"self":[{"href":"https:\/\/kem-europe.eu\/de\/wp-json\/wp\/v2\/product\/2924","targetHints":{"allow":["GET"]}}],"collection":[{"href":"https:\/\/kem-europe.eu\/de\/wp-json\/wp\/v2\/product"}],"about":[{"href":"https:\/\/kem-europe.eu\/de\/wp-json\/wp\/v2\/types\/product"}],"replies":[{"embeddable":true,"href":"https:\/\/kem-europe.eu\/de\/wp-json\/wp\/v2\/comments?post=2924"}],"wp:featuredmedia":[{"embeddable":true,"href":"https:\/\/kem-europe.eu\/de\/wp-json\/wp\/v2\/media\/1851"}],"wp:attachment":[{"href":"https:\/\/kem-europe.eu\/de\/wp-json\/wp\/v2\/media?parent=2924"}],"wp:term":[{"taxonomy":"product_brand","embeddable":true,"href":"https:\/\/kem-europe.eu\/de\/wp-json\/wp\/v2\/product_brand?post=2924"},{"taxonomy":"product_cat","embeddable":true,"href":"https:\/\/kem-europe.eu\/de\/wp-json\/wp\/v2\/product_cat?post=2924"},{"taxonomy":"product_tag","embeddable":true,"href":"https:\/\/kem-europe.eu\/de\/wp-json\/wp\/v2\/product_tag?post=2924"}],"curies":[{"name":"wp","href":"https:\/\/api.w.org\/{rel}","templated":true}]}}