{"id":3044,"date":"2025-02-27T08:46:50","date_gmt":"2025-02-27T08:46:50","guid":{"rendered":"https:\/\/kem-europe.eu\/?post_type=product&#038;p=3044"},"modified":"2025-02-27T12:49:15","modified_gmt":"2025-02-27T12:49:15","slug":"femi-abs-ng160-tragbare-metallbandsaege-160mm-2000w-230v","status":"publish","type":"product","link":"https:\/\/kem-europe.eu\/de\/product\/femi-abs-ng160-draagbare-bandzaagmachine-metaal-160mm-2000w-230v\/","title":{"rendered":"Femi - ABS NG160 - Tragbare Bands\u00e4ge Metall - 160mm - 2000W - 230V"},"content":{"rendered":"<p><strong>Eigenschaften Femi - ABS NG160 - Tragbare Bands\u00e4ge Metall - 160mm - 2000W - 230V<br \/>\n<\/strong><\/p>\n<ul>\n<li>Leistungsstarker 2000 Watt Universal 1-Phasen-Motor mit digitalem elektronischem Drehzahlregler<\/li>\n<li>Vollautomatisches S\u00e4gen ohne Bediener<\/li>\n<li>NG SYSTEM: bis zu 40% schneller schneiden<\/li>\n<li>Push-Click: 4 Beutelgeschwindigkeiten mit mechanischem Schalter<\/li>\n<li>Sicherheitsblattf\u00fchrungssystem mit zus\u00e4tzlichem Schutz<\/li>\n<li>Mechanische S\u00e4gearmverriegelung f\u00fcr eine sichere und einfache Positionierung des S\u00e4geblattes<\/li>\n<li>Automatische Abschaltung nach dem S\u00e4gen<\/li>\n<li>Not-Aus<\/li>\n<li>Energiesparender Motor mit 100% Wirkungsgrad durch exklusives ABS-System<\/li>\n<li>\u00dcber 10% Einsparungen bei S\u00e4gebl\u00e4ttern<\/li>\n<li>H\u00f6he der Klinge 13 mm<\/li>\n<li>Gusseisen Materialklammer mit Schnellverschiebung<\/li>\n<li>S\u00e4geblattverstellung mit Griff zur sicheren Einstellung des S\u00e4geblattes (PATENTED)<\/li>\n<li>\u00dcberlastungsschutz des Filterkreises<\/li>\n<li>Einfache Handhabung der Griffe<\/li>\n<\/ul>\n<p><strong>Technische Daten<\/strong><\/p>\n<ul>\n<li>Spannung - 230 V<\/li>\n<li>Leistung - 2000 W<\/li>\n<li>Abmessungen des S\u00e4geblatts - 1735 x 13 x 0,9<\/li>\n<li>Z\u00e4hne des S\u00e4geblatts - 14 Tpi<\/li>\n<li>Schnittgeschwindigkeit - 35-80 Mt\/min<\/li>\n<li>Abmessungen (lxbxh) - 1000x390x570<\/li>\n<li>Gewicht - 36 kg<\/li>\n<li>Schneidkapazit\u00e4t 0\u00ba gerade - 160\u00d7140 mm<\/li>\n<li>Schneidkapazit\u00e4t 0\u00ba Rund - 150 mm<\/li>\n<li>Schneidkapazit\u00e4t 0\u00ba Quadrat - 150\u00d7150 mm<\/li>\n<li>Schneidkapazit\u00e4t 45\u00ba gerade - 120\u00d7100 mm<\/li>\n<li>S\u00e4geleistung 45\u00ba Rund - 100 mm<\/li>\n<li>S\u00e4geleistung 45\u00ba Vierkant - 100\u00d7100 mm<\/li>\n<\/ul>\n<p><strong>Umfang der Lieferung<\/strong><\/p>\n<ul>\n<li>Einstellbarer Anschlag<\/li>\n<li>Handgriff<\/li>\n<\/ul>","protected":false},"excerpt":{"rendered":"<p>Kenmerken Femi &#8211; ABS NG160 &#8211; Draagbare bandzaagmachine metaal &#8211; 160mm &#8211; 2000W &#8211; 230V Krachtige 2000 Watt universele 1-fase motor voorzien van digitale elektronische snelheidsregelaar Volautomatisch zagen zonder operator NG SYSTEEM: tot wel 40% sneller zagen Push-click: 4 zaksnelheden met mechanische schakelaar Veiligheids bladgeleidingssysteem met aanvullende bescherming Mechanische zaagarm blokkering tbv een veilige en [&hellip;]<\/p>\n","protected":false},"featured_media":3072,"comment_status":"closed","ping_status":"closed","template":"","meta":[],"product_brand":[628],"product_cat":[507,564,17],"product_tag":[],"class_list":{"0":"post-3044","1":"product","2":"type-product","3":"status-publish","4":"has-post-thumbnail","6":"product_brand-femi","7":"product_cat-bandzaagmachine","8":"product_cat-bandzaagmachine-draagbaar","9":"product_cat-machines","11":"first","12":"instock","13":"product-type-simple"},"ct_brands":[{"id":628,"name":"FEMI","slug":"femi"}],"yoast_head":"<!-- This site is optimized with the Yoast SEO plugin v27.3 - https:\/\/yoast.com\/product\/yoast-seo-wordpress\/ -->\n<title>Femi - ABS NG160 - Draagbare bandzaagmachine metaal - 160mm - 2000W - 230V - KEM Europe<\/title>\n<meta name=\"robots\" content=\"index, follow, max-snippet:-1, max-image-preview:large, max-video-preview:-1\" \/>\n<link rel=\"canonical\" href=\"https:\/\/kem-europe.eu\/de\/produkt\/femi-abs-ng160-tragbare-metallbandsaege-160mm-2000w-230v\/\" \/>\n<meta property=\"og:locale\" content=\"de_DE\" \/>\n<meta property=\"og:type\" content=\"article\" \/>\n<meta property=\"og:title\" content=\"Femi - ABS NG160 - Draagbare bandzaagmachine metaal - 160mm - 2000W - 230V - KEM Europe\" \/>\n<meta property=\"og:description\" content=\"Kenmerken Femi &#8211; ABS NG160 &#8211; Draagbare bandzaagmachine metaal &#8211; 160mm &#8211; 2000W &#8211; 230V Krachtige 2000 Watt universele 1-fase motor voorzien van digitale elektronische snelheidsregelaar Volautomatisch zagen zonder operator NG SYSTEEM: tot wel 40% sneller zagen Push-click: 4 zaksnelheden met mechanische schakelaar Veiligheids bladgeleidingssysteem met aanvullende bescherming Mechanische zaagarm blokkering tbv een veilige en [&hellip;]\" \/>\n<meta property=\"og:url\" content=\"https:\/\/kem-europe.eu\/de\/produkt\/femi-abs-ng160-tragbare-metallbandsaege-160mm-2000w-230v\/\" \/>\n<meta property=\"og:site_name\" content=\"KEM Europe\" \/>\n<meta property=\"article:modified_time\" content=\"2025-02-27T12:49:15+00:00\" \/>\n<meta property=\"og:image\" content=\"https:\/\/kem-europe.eu\/wp-content\/uploads\/2025\/02\/Femi-\u2013-ABS-NG160.gif\" \/>\n\t<meta property=\"og:image:width\" content=\"700\" \/>\n\t<meta property=\"og:image:height\" content=\"700\" \/>\n\t<meta property=\"og:image:type\" content=\"image\/gif\" \/>\n<meta name=\"twitter:card\" content=\"summary_large_image\" \/>\n<meta name=\"twitter:label1\" content=\"Gesch\u00e4tzte Lesezeit\" \/>\n\t<meta name=\"twitter:data1\" content=\"1\u00a0Minute\" \/>\n<script type=\"application\/ld+json\" class=\"yoast-schema-graph\">{\"@context\":\"https:\\\/\\\/schema.org\",\"@graph\":[{\"@type\":\"WebPage\",\"@id\":\"https:\\\/\\\/kem-europe.eu\\\/product\\\/femi-abs-ng160-draagbare-bandzaagmachine-metaal-160mm-2000w-230v\\\/\",\"url\":\"https:\\\/\\\/kem-europe.eu\\\/product\\\/femi-abs-ng160-draagbare-bandzaagmachine-metaal-160mm-2000w-230v\\\/\",\"name\":\"Femi - ABS NG160 - Draagbare bandzaagmachine metaal - 160mm - 2000W - 230V - KEM Europe\",\"isPartOf\":{\"@id\":\"https:\\\/\\\/kem-europe.eu\\\/#website\"},\"primaryImageOfPage\":{\"@id\":\"https:\\\/\\\/kem-europe.eu\\\/product\\\/femi-abs-ng160-draagbare-bandzaagmachine-metaal-160mm-2000w-230v\\\/#primaryimage\"},\"image\":{\"@id\":\"https:\\\/\\\/kem-europe.eu\\\/product\\\/femi-abs-ng160-draagbare-bandzaagmachine-metaal-160mm-2000w-230v\\\/#primaryimage\"},\"thumbnailUrl\":\"https:\\\/\\\/kem-europe.eu\\\/wp-content\\\/uploads\\\/2025\\\/02\\\/Femi-\u2013-ABS-NG160.gif\",\"datePublished\":\"2025-02-27T08:46:50+00:00\",\"dateModified\":\"2025-02-27T12:49:15+00:00\",\"breadcrumb\":{\"@id\":\"https:\\\/\\\/kem-europe.eu\\\/product\\\/femi-abs-ng160-draagbare-bandzaagmachine-metaal-160mm-2000w-230v\\\/#breadcrumb\"},\"inLanguage\":\"de\",\"potentialAction\":[{\"@type\":\"ReadAction\",\"target\":[\"https:\\\/\\\/kem-europe.eu\\\/product\\\/femi-abs-ng160-draagbare-bandzaagmachine-metaal-160mm-2000w-230v\\\/\"]}]},{\"@type\":\"ImageObject\",\"inLanguage\":\"de\",\"@id\":\"https:\\\/\\\/kem-europe.eu\\\/product\\\/femi-abs-ng160-draagbare-bandzaagmachine-metaal-160mm-2000w-230v\\\/#primaryimage\",\"url\":\"https:\\\/\\\/kem-europe.eu\\\/wp-content\\\/uploads\\\/2025\\\/02\\\/Femi-\u2013-ABS-NG160.gif\",\"contentUrl\":\"https:\\\/\\\/kem-europe.eu\\\/wp-content\\\/uploads\\\/2025\\\/02\\\/Femi-\u2013-ABS-NG160.gif\",\"width\":700,\"height\":700},{\"@type\":\"BreadcrumbList\",\"@id\":\"https:\\\/\\\/kem-europe.eu\\\/product\\\/femi-abs-ng160-draagbare-bandzaagmachine-metaal-160mm-2000w-230v\\\/#breadcrumb\",\"itemListElement\":[{\"@type\":\"ListItem\",\"position\":1,\"name\":\"Home\",\"item\":\"https:\\\/\\\/kem-europe.eu\\\/\"},{\"@type\":\"ListItem\",\"position\":2,\"name\":\"Winkel\",\"item\":\"https:\\\/\\\/kem-europe.eu\\\/winkel\\\/\"},{\"@type\":\"ListItem\",\"position\":3,\"name\":\"Femi &#8211; ABS NG160 &#8211; Draagbare bandzaagmachine metaal &#8211; 160mm &#8211; 2000W &#8211; 230V\"}]},{\"@type\":\"WebSite\",\"@id\":\"https:\\\/\\\/kem-europe.eu\\\/#website\",\"url\":\"https:\\\/\\\/kem-europe.eu\\\/\",\"name\":\"KEM Europe\",\"description\":\"\",\"publisher\":{\"@id\":\"https:\\\/\\\/kem-europe.eu\\\/#organization\"},\"potentialAction\":[{\"@type\":\"SearchAction\",\"target\":{\"@type\":\"EntryPoint\",\"urlTemplate\":\"https:\\\/\\\/kem-europe.eu\\\/?s={search_term_string}\"},\"query-input\":{\"@type\":\"PropertyValueSpecification\",\"valueRequired\":true,\"valueName\":\"search_term_string\"}}],\"inLanguage\":\"de\"},{\"@type\":\"Organization\",\"@id\":\"https:\\\/\\\/kem-europe.eu\\\/#organization\",\"name\":\"KEM Europe\",\"url\":\"https:\\\/\\\/kem-europe.eu\\\/\",\"logo\":{\"@type\":\"ImageObject\",\"inLanguage\":\"de\",\"@id\":\"https:\\\/\\\/kem-europe.eu\\\/#\\\/schema\\\/logo\\\/image\\\/\",\"url\":\"https:\\\/\\\/kem-europe.eu\\\/wp-content\\\/uploads\\\/2025\\\/02\\\/KEM2019-BLACK-1500W.png\",\"contentUrl\":\"https:\\\/\\\/kem-europe.eu\\\/wp-content\\\/uploads\\\/2025\\\/02\\\/KEM2019-BLACK-1500W.png\",\"width\":1500,\"height\":626,\"caption\":\"KEM Europe\"},\"image\":{\"@id\":\"https:\\\/\\\/kem-europe.eu\\\/#\\\/schema\\\/logo\\\/image\\\/\"}}]}<\/script>\n<!-- \/ Yoast SEO plugin. -->","yoast_head_json":{"title":"Femi - ABS NG160 - Tragbare Bands\u00e4ge Metall - 160mm - 2000W - 230V - KEM Europe","robots":{"index":"index","follow":"follow","max-snippet":"max-snippet:-1","max-image-preview":"max-image-preview:large","max-video-preview":"max-video-preview:-1"},"canonical":"https:\/\/kem-europe.eu\/de\/produkt\/femi-abs-ng160-tragbare-metallbandsaege-160mm-2000w-230v\/","og_locale":"de_DE","og_type":"article","og_title":"Femi - ABS NG160 - Draagbare bandzaagmachine metaal - 160mm - 2000W - 230V - KEM Europe","og_description":"Kenmerken Femi &#8211; ABS NG160 &#8211; Draagbare bandzaagmachine metaal &#8211; 160mm &#8211; 2000W &#8211; 230V Krachtige 2000 Watt universele 1-fase motor voorzien van digitale elektronische snelheidsregelaar Volautomatisch zagen zonder operator NG SYSTEEM: tot wel 40% sneller zagen Push-click: 4 zaksnelheden met mechanische schakelaar Veiligheids bladgeleidingssysteem met aanvullende bescherming Mechanische zaagarm blokkering tbv een veilige en [&hellip;]","og_url":"https:\/\/kem-europe.eu\/de\/produkt\/femi-abs-ng160-tragbare-metallbandsaege-160mm-2000w-230v\/","og_site_name":"KEM Europe","article_modified_time":"2025-02-27T12:49:15+00:00","og_image":[{"width":700,"height":700,"url":"https:\/\/kem-europe.eu\/wp-content\/uploads\/2025\/02\/Femi-\u2013-ABS-NG160.gif","type":"image\/gif"}],"twitter_card":"summary_large_image","twitter_misc":{"Gesch\u00e4tzte Lesezeit":"1\u00a0Minute"},"schema":{"@context":"https:\/\/schema.org","@graph":[{"@type":"WebPage","@id":"https:\/\/kem-europe.eu\/product\/femi-abs-ng160-draagbare-bandzaagmachine-metaal-160mm-2000w-230v\/","url":"https:\/\/kem-europe.eu\/product\/femi-abs-ng160-draagbare-bandzaagmachine-metaal-160mm-2000w-230v\/","name":"Femi - ABS NG160 - Tragbare Bands\u00e4ge Metall - 160mm - 2000W - 230V - KEM Europe","isPartOf":{"@id":"https:\/\/kem-europe.eu\/#website"},"primaryImageOfPage":{"@id":"https:\/\/kem-europe.eu\/product\/femi-abs-ng160-draagbare-bandzaagmachine-metaal-160mm-2000w-230v\/#primaryimage"},"image":{"@id":"https:\/\/kem-europe.eu\/product\/femi-abs-ng160-draagbare-bandzaagmachine-metaal-160mm-2000w-230v\/#primaryimage"},"thumbnailUrl":"https:\/\/kem-europe.eu\/wp-content\/uploads\/2025\/02\/Femi-\u2013-ABS-NG160.gif","datePublished":"2025-02-27T08:46:50+00:00","dateModified":"2025-02-27T12:49:15+00:00","breadcrumb":{"@id":"https:\/\/kem-europe.eu\/product\/femi-abs-ng160-draagbare-bandzaagmachine-metaal-160mm-2000w-230v\/#breadcrumb"},"inLanguage":"de","potentialAction":[{"@type":"ReadAction","target":["https:\/\/kem-europe.eu\/product\/femi-abs-ng160-draagbare-bandzaagmachine-metaal-160mm-2000w-230v\/"]}]},{"@type":"ImageObject","inLanguage":"de","@id":"https:\/\/kem-europe.eu\/product\/femi-abs-ng160-draagbare-bandzaagmachine-metaal-160mm-2000w-230v\/#primaryimage","url":"https:\/\/kem-europe.eu\/wp-content\/uploads\/2025\/02\/Femi-\u2013-ABS-NG160.gif","contentUrl":"https:\/\/kem-europe.eu\/wp-content\/uploads\/2025\/02\/Femi-\u2013-ABS-NG160.gif","width":700,"height":700},{"@type":"BreadcrumbList","@id":"https:\/\/kem-europe.eu\/product\/femi-abs-ng160-draagbare-bandzaagmachine-metaal-160mm-2000w-230v\/#breadcrumb","itemListElement":[{"@type":"ListItem","position":1,"name":"Home","item":"https:\/\/kem-europe.eu\/"},{"@type":"ListItem","position":2,"name":"Winkel","item":"https:\/\/kem-europe.eu\/winkel\/"},{"@type":"ListItem","position":3,"name":"Femi &#8211; ABS NG160 &#8211; Draagbare bandzaagmachine metaal &#8211; 160mm &#8211; 2000W &#8211; 230V"}]},{"@type":"WebSite","@id":"https:\/\/kem-europe.eu\/#website","url":"https:\/\/kem-europe.eu\/","name":"KEM Europe","description":"","publisher":{"@id":"https:\/\/kem-europe.eu\/#organization"},"potentialAction":[{"@type":"SearchAction","target":{"@type":"EntryPoint","urlTemplate":"https:\/\/kem-europe.eu\/?s={search_term_string}"},"query-input":{"@type":"PropertyValueSpecification","valueRequired":true,"valueName":"search_term_string"}}],"inLanguage":"de"},{"@type":"Organization","@id":"https:\/\/kem-europe.eu\/#organization","name":"KEM Europe","url":"https:\/\/kem-europe.eu\/","logo":{"@type":"ImageObject","inLanguage":"de","@id":"https:\/\/kem-europe.eu\/#\/schema\/logo\/image\/","url":"https:\/\/kem-europe.eu\/wp-content\/uploads\/2025\/02\/KEM2019-BLACK-1500W.png","contentUrl":"https:\/\/kem-europe.eu\/wp-content\/uploads\/2025\/02\/KEM2019-BLACK-1500W.png","width":1500,"height":626,"caption":"KEM Europe"},"image":{"@id":"https:\/\/kem-europe.eu\/#\/schema\/logo\/image\/"}}]}},"_links":{"self":[{"href":"https:\/\/kem-europe.eu\/de\/wp-json\/wp\/v2\/product\/3044","targetHints":{"allow":["GET"]}}],"collection":[{"href":"https:\/\/kem-europe.eu\/de\/wp-json\/wp\/v2\/product"}],"about":[{"href":"https:\/\/kem-europe.eu\/de\/wp-json\/wp\/v2\/types\/product"}],"replies":[{"embeddable":true,"href":"https:\/\/kem-europe.eu\/de\/wp-json\/wp\/v2\/comments?post=3044"}],"wp:featuredmedia":[{"embeddable":true,"href":"https:\/\/kem-europe.eu\/de\/wp-json\/wp\/v2\/media\/3072"}],"wp:attachment":[{"href":"https:\/\/kem-europe.eu\/de\/wp-json\/wp\/v2\/media?parent=3044"}],"wp:term":[{"taxonomy":"product_brand","embeddable":true,"href":"https:\/\/kem-europe.eu\/de\/wp-json\/wp\/v2\/product_brand?post=3044"},{"taxonomy":"product_cat","embeddable":true,"href":"https:\/\/kem-europe.eu\/de\/wp-json\/wp\/v2\/product_cat?post=3044"},{"taxonomy":"product_tag","embeddable":true,"href":"https:\/\/kem-europe.eu\/de\/wp-json\/wp\/v2\/product_tag?post=3044"}],"curies":[{"name":"wp","href":"https:\/\/api.w.org\/{rel}","templated":true}]}}