{"id":3055,"date":"2025-02-27T08:46:52","date_gmt":"2025-02-27T08:46:52","guid":{"rendered":"https:\/\/kem-europe.eu\/?post_type=product&#038;p=3055"},"modified":"2025-02-27T12:48:44","modified_gmt":"2025-02-27T12:48:44","slug":"femi-1750xl-metallbandsaege-industrie-160mm-2000w-230v","status":"publish","type":"product","link":"https:\/\/kem-europe.eu\/de\/product\/femi-1750xl-bandzaagmachine-metaal-industrieel-160-mm-2000w-230v\/","title":{"rendered":"Femi - 1750XL - Bands\u00e4gemaschine Metall - Industrie - 160 mm - 2000W - 230V"},"content":{"rendered":"<p><strong>Eigenschaften Femi - 1750XL - Bands\u00e4ge Metall - Industrie - 160 mm - 2000W - 230V<br \/>\n<\/strong><\/p>\n<div class=\"container-fluid\">\n<div class=\"col-md-9 nopaddingr\">\n<div class=\"col-xs-12 nopaddinglr\">\n<div id=\"product-tabs\" class=\"tabs\">\n<div class=\"tab-content responsive white shadow roundcorners hidden-xs hidden-sm\">\n<div id=\"product-tab-content\" class=\"tab-pane fade in active\" role=\"tabpanel\">\n<ul>\n<li>H\u00f6he der Klinge 19 mm<\/li>\n<li>Integriertes und einstellbares Schmierungs-K\u00fchlsystem<\/li>\n<li>Leistungsstarker 2000 Watt Universal 1-Phasen-Motor mit digitalem elektronischem Drehzahlregler<\/li>\n<li>Einstellbarer linker Schnittwinkel von 0\u00b0 bis 45\u00b0<\/li>\n<li>Gusseiserner N\u00e4hguthalter mit Schnellverschiebung, Skalenanzeige und Rollenf\u00fchrungsst\u00fctzen<\/li>\n<li>Sichere Einstellung des S\u00e4geblattes<\/li>\n<li>Abnehmbarer Tank f\u00fcr K\u00fchlschmiermittel (leicht zu reinigen)<\/li>\n<li>Doppelte S\u00e4geblattf\u00fchrung<\/li>\n<\/ul>\n<\/div>\n<\/div>\n<\/div>\n<\/div>\n<\/div>\n<\/div>\n<p><strong>Technische Daten<\/strong><\/p>\n<ul>\n<li>Spannung - 230 V<\/li>\n<li>Leistung - 2000 W<\/li>\n<li>Abmessungen des S\u00e4geblatts - 1735 x 19 x 0,9 mm<\/li>\n<li>Z\u00e4hne des S\u00e4geblatts - 8\/12 Tpi<\/li>\n<li>Schnittgeschwindigkeit - 35-80 Mt\/min<\/li>\n<li>Abmessungen (lxbxh) - 780 x 1240 x 1080 mm<\/li>\n<li>Gewicht - 75 kg<\/li>\n<li>Schneidkapazit\u00e4t 0\u00ba gerade - 160\u00d7140 mm<\/li>\n<li>Schneidkapazit\u00e4t 0\u00ba Rund - 155 mm<\/li>\n<li>Schneidkapazit\u00e4t 0\u00ba Quadrat - 150\u00d7150 mm<\/li>\n<li>Schneidkapazit\u00e4t 45\u00ba gerade - 100\u00d7120 mm<\/li>\n<li>Schnittkapazit\u00e4t 45\u00ba Rund - 110 mm<\/li>\n<li>S\u00e4geleistung 45\u00ba Vierkant - 100\u00d7100 mm<\/li>\n<\/ul>\n<p><strong>Umfang der Lieferung<\/strong><\/p>\n<ul>\n<li>Einstellbarer Anschlag<\/li>\n<li>Stahls\u00e4ule<\/li>\n<li>Abnehmbarer Tank<\/li>\n<li>Pumpe f\u00fcr Schmiersystem<\/li>\n<li>Gef\u00fchrte St\u00fctzen mit Rolle<\/li>\n<\/ul>","protected":false},"excerpt":{"rendered":"<p>Kenmerken Femi &#8211; 1750XL &#8211; Bandzaagmachine metaal &#8211; industrieel &#8211; 160 mm &#8211; 2000W &#8211; 230V Bladhoogte 19 mm Geintegreerd en instelbaar smeer-koelsysteem Krachtige 2000 Watt universele 1-fase motor voorzien van digitale elektronische snelheidsregelaar Verstelbare linkse zaaghoek van 0\u00b0 tot 45\u00b0 Gietijzeren materiaalklem voorzien van Quick-sliding, schaalaanduiding en geleidesteunen met rol Secure afstelling van het [&hellip;]<\/p>\n","protected":false},"featured_media":3102,"comment_status":"closed","ping_status":"closed","template":"","meta":[],"product_brand":[628],"product_cat":[507,565,17],"product_tag":[],"class_list":{"0":"post-3055","1":"product","2":"type-product","3":"status-publish","4":"has-post-thumbnail","6":"product_brand-femi","7":"product_cat-bandzaagmachine","8":"product_cat-bandzaagmachine-stationair","9":"product_cat-machines","11":"first","12":"instock","13":"product-type-simple"},"ct_brands":[{"id":628,"name":"FEMI","slug":"femi"}],"yoast_head":"<!-- This site is optimized with the Yoast SEO plugin v27.3 - https:\/\/yoast.com\/product\/yoast-seo-wordpress\/ -->\n<title>Femi - 1750XL - Bandzaagmachine metaal - industrieel - 160 mm - 2000W - 230V - KEM Europe<\/title>\n<meta name=\"robots\" content=\"index, follow, max-snippet:-1, max-image-preview:large, max-video-preview:-1\" \/>\n<link rel=\"canonical\" href=\"https:\/\/kem-europe.eu\/de\/produkt\/femi-1750xl-metallbandsaege-industrie-160mm-2000w-230v\/\" \/>\n<meta property=\"og:locale\" content=\"de_DE\" \/>\n<meta property=\"og:type\" content=\"article\" \/>\n<meta property=\"og:title\" content=\"Femi - 1750XL - Bandzaagmachine metaal - industrieel - 160 mm - 2000W - 230V - KEM Europe\" \/>\n<meta property=\"og:description\" content=\"Kenmerken Femi &#8211; 1750XL &#8211; Bandzaagmachine metaal &#8211; industrieel &#8211; 160 mm &#8211; 2000W &#8211; 230V Bladhoogte 19 mm Geintegreerd en instelbaar smeer-koelsysteem Krachtige 2000 Watt universele 1-fase motor voorzien van digitale elektronische snelheidsregelaar Verstelbare linkse zaaghoek van 0\u00b0 tot 45\u00b0 Gietijzeren materiaalklem voorzien van Quick-sliding, schaalaanduiding en geleidesteunen met rol Secure afstelling van het [&hellip;]\" \/>\n<meta property=\"og:url\" content=\"https:\/\/kem-europe.eu\/de\/produkt\/femi-1750xl-metallbandsaege-industrie-160mm-2000w-230v\/\" \/>\n<meta property=\"og:site_name\" content=\"KEM Europe\" \/>\n<meta property=\"article:modified_time\" content=\"2025-02-27T12:48:44+00:00\" \/>\n<meta property=\"og:image\" content=\"https:\/\/kem-europe.eu\/wp-content\/uploads\/2025\/02\/Femi-\u2013-1750-XL.gif\" \/>\n\t<meta property=\"og:image:width\" content=\"700\" \/>\n\t<meta property=\"og:image:height\" content=\"700\" \/>\n\t<meta property=\"og:image:type\" content=\"image\/gif\" \/>\n<meta name=\"twitter:card\" content=\"summary_large_image\" \/>\n<meta name=\"twitter:label1\" content=\"Gesch\u00e4tzte Lesezeit\" \/>\n\t<meta name=\"twitter:data1\" content=\"1\u00a0Minute\" \/>\n<script type=\"application\/ld+json\" class=\"yoast-schema-graph\">{\"@context\":\"https:\\\/\\\/schema.org\",\"@graph\":[{\"@type\":\"WebPage\",\"@id\":\"https:\\\/\\\/kem-europe.eu\\\/product\\\/femi-1750xl-bandzaagmachine-metaal-industrieel-160-mm-2000w-230v\\\/\",\"url\":\"https:\\\/\\\/kem-europe.eu\\\/product\\\/femi-1750xl-bandzaagmachine-metaal-industrieel-160-mm-2000w-230v\\\/\",\"name\":\"Femi - 1750XL - Bandzaagmachine metaal - industrieel - 160 mm - 2000W - 230V - KEM Europe\",\"isPartOf\":{\"@id\":\"https:\\\/\\\/kem-europe.eu\\\/#website\"},\"primaryImageOfPage\":{\"@id\":\"https:\\\/\\\/kem-europe.eu\\\/product\\\/femi-1750xl-bandzaagmachine-metaal-industrieel-160-mm-2000w-230v\\\/#primaryimage\"},\"image\":{\"@id\":\"https:\\\/\\\/kem-europe.eu\\\/product\\\/femi-1750xl-bandzaagmachine-metaal-industrieel-160-mm-2000w-230v\\\/#primaryimage\"},\"thumbnailUrl\":\"https:\\\/\\\/kem-europe.eu\\\/wp-content\\\/uploads\\\/2025\\\/02\\\/Femi-\u2013-1750-XL.gif\",\"datePublished\":\"2025-02-27T08:46:52+00:00\",\"dateModified\":\"2025-02-27T12:48:44+00:00\",\"breadcrumb\":{\"@id\":\"https:\\\/\\\/kem-europe.eu\\\/product\\\/femi-1750xl-bandzaagmachine-metaal-industrieel-160-mm-2000w-230v\\\/#breadcrumb\"},\"inLanguage\":\"de\",\"potentialAction\":[{\"@type\":\"ReadAction\",\"target\":[\"https:\\\/\\\/kem-europe.eu\\\/product\\\/femi-1750xl-bandzaagmachine-metaal-industrieel-160-mm-2000w-230v\\\/\"]}]},{\"@type\":\"ImageObject\",\"inLanguage\":\"de\",\"@id\":\"https:\\\/\\\/kem-europe.eu\\\/product\\\/femi-1750xl-bandzaagmachine-metaal-industrieel-160-mm-2000w-230v\\\/#primaryimage\",\"url\":\"https:\\\/\\\/kem-europe.eu\\\/wp-content\\\/uploads\\\/2025\\\/02\\\/Femi-\u2013-1750-XL.gif\",\"contentUrl\":\"https:\\\/\\\/kem-europe.eu\\\/wp-content\\\/uploads\\\/2025\\\/02\\\/Femi-\u2013-1750-XL.gif\",\"width\":700,\"height\":700},{\"@type\":\"BreadcrumbList\",\"@id\":\"https:\\\/\\\/kem-europe.eu\\\/product\\\/femi-1750xl-bandzaagmachine-metaal-industrieel-160-mm-2000w-230v\\\/#breadcrumb\",\"itemListElement\":[{\"@type\":\"ListItem\",\"position\":1,\"name\":\"Home\",\"item\":\"https:\\\/\\\/kem-europe.eu\\\/\"},{\"@type\":\"ListItem\",\"position\":2,\"name\":\"Winkel\",\"item\":\"https:\\\/\\\/kem-europe.eu\\\/winkel\\\/\"},{\"@type\":\"ListItem\",\"position\":3,\"name\":\"Femi &#8211; 1750XL &#8211; Bandzaagmachine metaal &#8211; industrieel &#8211; 160 mm &#8211; 2000W &#8211; 230V\"}]},{\"@type\":\"WebSite\",\"@id\":\"https:\\\/\\\/kem-europe.eu\\\/#website\",\"url\":\"https:\\\/\\\/kem-europe.eu\\\/\",\"name\":\"KEM Europe\",\"description\":\"\",\"publisher\":{\"@id\":\"https:\\\/\\\/kem-europe.eu\\\/#organization\"},\"potentialAction\":[{\"@type\":\"SearchAction\",\"target\":{\"@type\":\"EntryPoint\",\"urlTemplate\":\"https:\\\/\\\/kem-europe.eu\\\/?s={search_term_string}\"},\"query-input\":{\"@type\":\"PropertyValueSpecification\",\"valueRequired\":true,\"valueName\":\"search_term_string\"}}],\"inLanguage\":\"de\"},{\"@type\":\"Organization\",\"@id\":\"https:\\\/\\\/kem-europe.eu\\\/#organization\",\"name\":\"KEM Europe\",\"url\":\"https:\\\/\\\/kem-europe.eu\\\/\",\"logo\":{\"@type\":\"ImageObject\",\"inLanguage\":\"de\",\"@id\":\"https:\\\/\\\/kem-europe.eu\\\/#\\\/schema\\\/logo\\\/image\\\/\",\"url\":\"https:\\\/\\\/kem-europe.eu\\\/wp-content\\\/uploads\\\/2025\\\/02\\\/KEM2019-BLACK-1500W.png\",\"contentUrl\":\"https:\\\/\\\/kem-europe.eu\\\/wp-content\\\/uploads\\\/2025\\\/02\\\/KEM2019-BLACK-1500W.png\",\"width\":1500,\"height\":626,\"caption\":\"KEM Europe\"},\"image\":{\"@id\":\"https:\\\/\\\/kem-europe.eu\\\/#\\\/schema\\\/logo\\\/image\\\/\"}}]}<\/script>\n<!-- \/ Yoast SEO plugin. -->","yoast_head_json":{"title":"Femi - 1750XL - Bands\u00e4gemaschine Metall - Industrie - 160 mm - 2000W - 230V - KEM Europe","robots":{"index":"index","follow":"follow","max-snippet":"max-snippet:-1","max-image-preview":"max-image-preview:large","max-video-preview":"max-video-preview:-1"},"canonical":"https:\/\/kem-europe.eu\/de\/produkt\/femi-1750xl-metallbandsaege-industrie-160mm-2000w-230v\/","og_locale":"de_DE","og_type":"article","og_title":"Femi - 1750XL - Bandzaagmachine metaal - industrieel - 160 mm - 2000W - 230V - KEM Europe","og_description":"Kenmerken Femi &#8211; 1750XL &#8211; Bandzaagmachine metaal &#8211; industrieel &#8211; 160 mm &#8211; 2000W &#8211; 230V Bladhoogte 19 mm Geintegreerd en instelbaar smeer-koelsysteem Krachtige 2000 Watt universele 1-fase motor voorzien van digitale elektronische snelheidsregelaar Verstelbare linkse zaaghoek van 0\u00b0 tot 45\u00b0 Gietijzeren materiaalklem voorzien van Quick-sliding, schaalaanduiding en geleidesteunen met rol Secure afstelling van het [&hellip;]","og_url":"https:\/\/kem-europe.eu\/de\/produkt\/femi-1750xl-metallbandsaege-industrie-160mm-2000w-230v\/","og_site_name":"KEM Europe","article_modified_time":"2025-02-27T12:48:44+00:00","og_image":[{"width":700,"height":700,"url":"https:\/\/kem-europe.eu\/wp-content\/uploads\/2025\/02\/Femi-\u2013-1750-XL.gif","type":"image\/gif"}],"twitter_card":"summary_large_image","twitter_misc":{"Gesch\u00e4tzte Lesezeit":"1\u00a0Minute"},"schema":{"@context":"https:\/\/schema.org","@graph":[{"@type":"WebPage","@id":"https:\/\/kem-europe.eu\/product\/femi-1750xl-bandzaagmachine-metaal-industrieel-160-mm-2000w-230v\/","url":"https:\/\/kem-europe.eu\/product\/femi-1750xl-bandzaagmachine-metaal-industrieel-160-mm-2000w-230v\/","name":"Femi - 1750XL - Bands\u00e4gemaschine Metall - Industrie - 160 mm - 2000W - 230V - KEM Europe","isPartOf":{"@id":"https:\/\/kem-europe.eu\/#website"},"primaryImageOfPage":{"@id":"https:\/\/kem-europe.eu\/product\/femi-1750xl-bandzaagmachine-metaal-industrieel-160-mm-2000w-230v\/#primaryimage"},"image":{"@id":"https:\/\/kem-europe.eu\/product\/femi-1750xl-bandzaagmachine-metaal-industrieel-160-mm-2000w-230v\/#primaryimage"},"thumbnailUrl":"https:\/\/kem-europe.eu\/wp-content\/uploads\/2025\/02\/Femi-\u2013-1750-XL.gif","datePublished":"2025-02-27T08:46:52+00:00","dateModified":"2025-02-27T12:48:44+00:00","breadcrumb":{"@id":"https:\/\/kem-europe.eu\/product\/femi-1750xl-bandzaagmachine-metaal-industrieel-160-mm-2000w-230v\/#breadcrumb"},"inLanguage":"de","potentialAction":[{"@type":"ReadAction","target":["https:\/\/kem-europe.eu\/product\/femi-1750xl-bandzaagmachine-metaal-industrieel-160-mm-2000w-230v\/"]}]},{"@type":"ImageObject","inLanguage":"de","@id":"https:\/\/kem-europe.eu\/product\/femi-1750xl-bandzaagmachine-metaal-industrieel-160-mm-2000w-230v\/#primaryimage","url":"https:\/\/kem-europe.eu\/wp-content\/uploads\/2025\/02\/Femi-\u2013-1750-XL.gif","contentUrl":"https:\/\/kem-europe.eu\/wp-content\/uploads\/2025\/02\/Femi-\u2013-1750-XL.gif","width":700,"height":700},{"@type":"BreadcrumbList","@id":"https:\/\/kem-europe.eu\/product\/femi-1750xl-bandzaagmachine-metaal-industrieel-160-mm-2000w-230v\/#breadcrumb","itemListElement":[{"@type":"ListItem","position":1,"name":"Home","item":"https:\/\/kem-europe.eu\/"},{"@type":"ListItem","position":2,"name":"Winkel","item":"https:\/\/kem-europe.eu\/winkel\/"},{"@type":"ListItem","position":3,"name":"Femi &#8211; 1750XL &#8211; Bandzaagmachine metaal &#8211; industrieel &#8211; 160 mm &#8211; 2000W &#8211; 230V"}]},{"@type":"WebSite","@id":"https:\/\/kem-europe.eu\/#website","url":"https:\/\/kem-europe.eu\/","name":"KEM Europe","description":"","publisher":{"@id":"https:\/\/kem-europe.eu\/#organization"},"potentialAction":[{"@type":"SearchAction","target":{"@type":"EntryPoint","urlTemplate":"https:\/\/kem-europe.eu\/?s={search_term_string}"},"query-input":{"@type":"PropertyValueSpecification","valueRequired":true,"valueName":"search_term_string"}}],"inLanguage":"de"},{"@type":"Organization","@id":"https:\/\/kem-europe.eu\/#organization","name":"KEM Europe","url":"https:\/\/kem-europe.eu\/","logo":{"@type":"ImageObject","inLanguage":"de","@id":"https:\/\/kem-europe.eu\/#\/schema\/logo\/image\/","url":"https:\/\/kem-europe.eu\/wp-content\/uploads\/2025\/02\/KEM2019-BLACK-1500W.png","contentUrl":"https:\/\/kem-europe.eu\/wp-content\/uploads\/2025\/02\/KEM2019-BLACK-1500W.png","width":1500,"height":626,"caption":"KEM Europe"},"image":{"@id":"https:\/\/kem-europe.eu\/#\/schema\/logo\/image\/"}}]}},"_links":{"self":[{"href":"https:\/\/kem-europe.eu\/de\/wp-json\/wp\/v2\/product\/3055","targetHints":{"allow":["GET"]}}],"collection":[{"href":"https:\/\/kem-europe.eu\/de\/wp-json\/wp\/v2\/product"}],"about":[{"href":"https:\/\/kem-europe.eu\/de\/wp-json\/wp\/v2\/types\/product"}],"replies":[{"embeddable":true,"href":"https:\/\/kem-europe.eu\/de\/wp-json\/wp\/v2\/comments?post=3055"}],"wp:featuredmedia":[{"embeddable":true,"href":"https:\/\/kem-europe.eu\/de\/wp-json\/wp\/v2\/media\/3102"}],"wp:attachment":[{"href":"https:\/\/kem-europe.eu\/de\/wp-json\/wp\/v2\/media?parent=3055"}],"wp:term":[{"taxonomy":"product_brand","embeddable":true,"href":"https:\/\/kem-europe.eu\/de\/wp-json\/wp\/v2\/product_brand?post=3055"},{"taxonomy":"product_cat","embeddable":true,"href":"https:\/\/kem-europe.eu\/de\/wp-json\/wp\/v2\/product_cat?post=3055"},{"taxonomy":"product_tag","embeddable":true,"href":"https:\/\/kem-europe.eu\/de\/wp-json\/wp\/v2\/product_tag?post=3055"}],"curies":[{"name":"wp","href":"https:\/\/api.w.org\/{rel}","templated":true}]}}