{"id":3129,"date":"2025-02-27T08:47:39","date_gmt":"2025-02-27T08:47:39","guid":{"rendered":"https:\/\/kem-europe.eu\/?post_type=product&#038;p=3129"},"modified":"2025-03-25T15:38:36","modified_gmt":"2025-03-25T15:38:36","slug":"lenox-tri-master","status":"publish","type":"product","link":"https:\/\/kem-europe.eu\/de\/product\/lenox-tri-master\/","title":{"rendered":"Lenox Tri-Master\u2122"},"content":{"rendered":"<table id=\"t01\" style=\"width: 100%;\">\n<tbody>\n<tr>\n<th>Breite und Dicke<\/th>\n<th colspan=\"4\">TPI (Z\u00e4hne pro Zoll)<\/th>\n<\/tr>\n<tr>\n<td><i>in Millimetern<\/i><\/td>\n<td width=\"200px\"><i>1,2\/1,8<\/i><\/td>\n<td width=\"200px\"><i>1,5\/2,3<\/i><\/td>\n<td width=\"200px\"><i>2\/3<\/i><\/td>\n<td width=\"200px\"><i>3\/4<\/i><\/td>\n<td width=\"200px\"><i>3<\/i><\/td>\n<\/tr>\n<tr>\n<td><b>9,5 x 0,80<\/b><\/td>\n<td>-<\/td>\n<td>-<\/td>\n<td>-<\/td>\n<td><img loading=\"lazy\" decoding=\"async\" class=\"alignnone wp-image-6821\" src=\"https:\/\/kem-europe.eu\/wp-content\/uploads\/2025\/02\/1-300x300.png\" alt=\"\" width=\"50\" height=\"50\" srcset=\"https:\/\/kem-europe.eu\/wp-content\/uploads\/2025\/02\/1-300x300.png 300w, https:\/\/kem-europe.eu\/wp-content\/uploads\/2025\/02\/1-150x150.png 150w, https:\/\/kem-europe.eu\/wp-content\/uploads\/2025\/02\/1-100x100.png 100w, https:\/\/kem-europe.eu\/wp-content\/uploads\/2025\/02\/1.png 500w\" sizes=\"auto, (max-width: 50px) 100vw, 50px\" \/><\/td>\n<\/tr>\n<tr>\n<td><b>34 x 1,07<\/b><\/td>\n<td>-<\/td>\n<td>-<\/td>\n<td><img loading=\"lazy\" decoding=\"async\" class=\"alignnone wp-image-6821\" src=\"https:\/\/kem-europe.eu\/wp-content\/uploads\/2025\/02\/1-300x300.png\" alt=\"\" width=\"50\" height=\"50\" srcset=\"https:\/\/kem-europe.eu\/wp-content\/uploads\/2025\/02\/1-300x300.png 300w, https:\/\/kem-europe.eu\/wp-content\/uploads\/2025\/02\/1-150x150.png 150w, https:\/\/kem-europe.eu\/wp-content\/uploads\/2025\/02\/1-100x100.png 100w, https:\/\/kem-europe.eu\/wp-content\/uploads\/2025\/02\/1.png 500w\" sizes=\"auto, (max-width: 50px) 100vw, 50px\" \/><\/td>\n<td><img loading=\"lazy\" decoding=\"async\" class=\"alignnone wp-image-6821\" src=\"https:\/\/kem-europe.eu\/wp-content\/uploads\/2025\/02\/1-300x300.png\" alt=\"\" width=\"50\" height=\"50\" srcset=\"https:\/\/kem-europe.eu\/wp-content\/uploads\/2025\/02\/1-300x300.png 300w, https:\/\/kem-europe.eu\/wp-content\/uploads\/2025\/02\/1-150x150.png 150w, https:\/\/kem-europe.eu\/wp-content\/uploads\/2025\/02\/1-100x100.png 100w, https:\/\/kem-europe.eu\/wp-content\/uploads\/2025\/02\/1.png 500w\" sizes=\"auto, (max-width: 50px) 100vw, 50px\" \/><\/td>\n<\/tr>\n<tr>\n<td><b>34 x 1,07<\/b><\/td>\n<td>-<\/td>\n<td>-<\/td>\n<td><img loading=\"lazy\" decoding=\"async\" class=\"alignnone wp-image-6821\" src=\"https:\/\/kem-europe.eu\/wp-content\/uploads\/2025\/02\/1-300x300.png\" alt=\"\" width=\"50\" height=\"50\" srcset=\"https:\/\/kem-europe.eu\/wp-content\/uploads\/2025\/02\/1-300x300.png 300w, https:\/\/kem-europe.eu\/wp-content\/uploads\/2025\/02\/1-150x150.png 150w, https:\/\/kem-europe.eu\/wp-content\/uploads\/2025\/02\/1-100x100.png 100w, https:\/\/kem-europe.eu\/wp-content\/uploads\/2025\/02\/1.png 500w\" sizes=\"auto, (max-width: 50px) 100vw, 50px\" \/><\/td>\n<td><img loading=\"lazy\" decoding=\"async\" class=\"alignnone wp-image-6821\" src=\"https:\/\/kem-europe.eu\/wp-content\/uploads\/2025\/02\/1-300x300.png\" alt=\"\" width=\"50\" height=\"50\" srcset=\"https:\/\/kem-europe.eu\/wp-content\/uploads\/2025\/02\/1-300x300.png 300w, https:\/\/kem-europe.eu\/wp-content\/uploads\/2025\/02\/1-150x150.png 150w, https:\/\/kem-europe.eu\/wp-content\/uploads\/2025\/02\/1-100x100.png 100w, https:\/\/kem-europe.eu\/wp-content\/uploads\/2025\/02\/1.png 500w\" sizes=\"auto, (max-width: 50px) 100vw, 50px\" \/><\/td>\n<\/tr>\n<tr>\n<td><b>41 x 1,27<\/b><\/td>\n<td>-<\/td>\n<td><img loading=\"lazy\" decoding=\"async\" class=\"alignnone wp-image-6821\" src=\"https:\/\/kem-europe.eu\/wp-content\/uploads\/2025\/02\/1-300x300.png\" alt=\"\" width=\"50\" height=\"50\" srcset=\"https:\/\/kem-europe.eu\/wp-content\/uploads\/2025\/02\/1-300x300.png 300w, https:\/\/kem-europe.eu\/wp-content\/uploads\/2025\/02\/1-150x150.png 150w, https:\/\/kem-europe.eu\/wp-content\/uploads\/2025\/02\/1-100x100.png 100w, https:\/\/kem-europe.eu\/wp-content\/uploads\/2025\/02\/1.png 500w\" sizes=\"auto, (max-width: 50px) 100vw, 50px\" \/><\/td>\n<td><img loading=\"lazy\" decoding=\"async\" class=\"alignnone wp-image-6821\" src=\"https:\/\/kem-europe.eu\/wp-content\/uploads\/2025\/02\/1-300x300.png\" alt=\"\" width=\"50\" height=\"50\" srcset=\"https:\/\/kem-europe.eu\/wp-content\/uploads\/2025\/02\/1-300x300.png 300w, https:\/\/kem-europe.eu\/wp-content\/uploads\/2025\/02\/1-150x150.png 150w, https:\/\/kem-europe.eu\/wp-content\/uploads\/2025\/02\/1-100x100.png 100w, https:\/\/kem-europe.eu\/wp-content\/uploads\/2025\/02\/1.png 500w\" sizes=\"auto, (max-width: 50px) 100vw, 50px\" \/><\/td>\n<td><img loading=\"lazy\" decoding=\"async\" class=\"alignnone wp-image-6821\" src=\"https:\/\/kem-europe.eu\/wp-content\/uploads\/2025\/02\/1-300x300.png\" alt=\"\" width=\"50\" height=\"50\" srcset=\"https:\/\/kem-europe.eu\/wp-content\/uploads\/2025\/02\/1-300x300.png 300w, https:\/\/kem-europe.eu\/wp-content\/uploads\/2025\/02\/1-150x150.png 150w, https:\/\/kem-europe.eu\/wp-content\/uploads\/2025\/02\/1-100x100.png 100w, https:\/\/kem-europe.eu\/wp-content\/uploads\/2025\/02\/1.png 500w\" sizes=\"auto, (max-width: 50px) 100vw, 50px\" \/><\/td>\n<\/tr>\n<tr>\n<td><b>54 x 1,60<\/b><\/td>\n<td><img loading=\"lazy\" decoding=\"async\" class=\"alignnone wp-image-6821\" src=\"https:\/\/kem-europe.eu\/wp-content\/uploads\/2025\/02\/1-300x300.png\" alt=\"\" width=\"50\" height=\"50\" srcset=\"https:\/\/kem-europe.eu\/wp-content\/uploads\/2025\/02\/1-300x300.png 300w, https:\/\/kem-europe.eu\/wp-content\/uploads\/2025\/02\/1-150x150.png 150w, https:\/\/kem-europe.eu\/wp-content\/uploads\/2025\/02\/1-100x100.png 100w, https:\/\/kem-europe.eu\/wp-content\/uploads\/2025\/02\/1.png 500w\" sizes=\"auto, (max-width: 50px) 100vw, 50px\" \/><\/td>\n<td><img loading=\"lazy\" decoding=\"async\" class=\"alignnone wp-image-6821\" src=\"https:\/\/kem-europe.eu\/wp-content\/uploads\/2025\/02\/1-300x300.png\" alt=\"\" width=\"50\" height=\"50\" srcset=\"https:\/\/kem-europe.eu\/wp-content\/uploads\/2025\/02\/1-300x300.png 300w, https:\/\/kem-europe.eu\/wp-content\/uploads\/2025\/02\/1-150x150.png 150w, https:\/\/kem-europe.eu\/wp-content\/uploads\/2025\/02\/1-100x100.png 100w, https:\/\/kem-europe.eu\/wp-content\/uploads\/2025\/02\/1.png 500w\" sizes=\"auto, (max-width: 50px) 100vw, 50px\" \/><\/td>\n<td><img loading=\"lazy\" decoding=\"async\" class=\"alignnone wp-image-6821\" src=\"https:\/\/kem-europe.eu\/wp-content\/uploads\/2025\/02\/1-300x300.png\" alt=\"\" width=\"50\" height=\"50\" srcset=\"https:\/\/kem-europe.eu\/wp-content\/uploads\/2025\/02\/1-300x300.png 300w, https:\/\/kem-europe.eu\/wp-content\/uploads\/2025\/02\/1-150x150.png 150w, https:\/\/kem-europe.eu\/wp-content\/uploads\/2025\/02\/1-100x100.png 100w, https:\/\/kem-europe.eu\/wp-content\/uploads\/2025\/02\/1.png 500w\" sizes=\"auto, (max-width: 50px) 100vw, 50px\" \/><\/td>\n<td><img loading=\"lazy\" decoding=\"async\" class=\"alignnone wp-image-6821\" src=\"https:\/\/kem-europe.eu\/wp-content\/uploads\/2025\/02\/1-300x300.png\" alt=\"\" width=\"50\" height=\"50\" srcset=\"https:\/\/kem-europe.eu\/wp-content\/uploads\/2025\/02\/1-300x300.png 300w, https:\/\/kem-europe.eu\/wp-content\/uploads\/2025\/02\/1-150x150.png 150w, https:\/\/kem-europe.eu\/wp-content\/uploads\/2025\/02\/1-100x100.png 100w, https:\/\/kem-europe.eu\/wp-content\/uploads\/2025\/02\/1.png 500w\" sizes=\"auto, (max-width: 50px) 100vw, 50px\" \/><\/td>\n<\/tr>\n<tr>\n<td><b>67 x 1,60<\/b><\/td>\n<td><img loading=\"lazy\" decoding=\"async\" class=\"alignnone wp-image-6821\" src=\"https:\/\/kem-europe.eu\/wp-content\/uploads\/2025\/02\/1-300x300.png\" alt=\"\" width=\"50\" height=\"50\" srcset=\"https:\/\/kem-europe.eu\/wp-content\/uploads\/2025\/02\/1-300x300.png 300w, https:\/\/kem-europe.eu\/wp-content\/uploads\/2025\/02\/1-150x150.png 150w, https:\/\/kem-europe.eu\/wp-content\/uploads\/2025\/02\/1-100x100.png 100w, https:\/\/kem-europe.eu\/wp-content\/uploads\/2025\/02\/1.png 500w\" sizes=\"auto, (max-width: 50px) 100vw, 50px\" \/><\/td>\n<td><img loading=\"lazy\" decoding=\"async\" class=\"alignnone wp-image-6821\" src=\"https:\/\/kem-europe.eu\/wp-content\/uploads\/2025\/02\/1-300x300.png\" alt=\"\" width=\"50\" height=\"50\" srcset=\"https:\/\/kem-europe.eu\/wp-content\/uploads\/2025\/02\/1-300x300.png 300w, https:\/\/kem-europe.eu\/wp-content\/uploads\/2025\/02\/1-150x150.png 150w, https:\/\/kem-europe.eu\/wp-content\/uploads\/2025\/02\/1-100x100.png 100w, https:\/\/kem-europe.eu\/wp-content\/uploads\/2025\/02\/1.png 500w\" sizes=\"auto, (max-width: 50px) 100vw, 50px\" \/><\/td>\n<td><img loading=\"lazy\" decoding=\"async\" class=\"alignnone wp-image-6821\" src=\"https:\/\/kem-europe.eu\/wp-content\/uploads\/2025\/02\/1-300x300.png\" alt=\"\" width=\"50\" height=\"50\" srcset=\"https:\/\/kem-europe.eu\/wp-content\/uploads\/2025\/02\/1-300x300.png 300w, https:\/\/kem-europe.eu\/wp-content\/uploads\/2025\/02\/1-150x150.png 150w, https:\/\/kem-europe.eu\/wp-content\/uploads\/2025\/02\/1-100x100.png 100w, https:\/\/kem-europe.eu\/wp-content\/uploads\/2025\/02\/1.png 500w\" sizes=\"auto, (max-width: 50px) 100vw, 50px\" \/><\/td>\n<td>-<\/td>\n<\/tr>\n<tr>\n<td><b>80 x 1,60<\/b><\/td>\n<td><img loading=\"lazy\" decoding=\"async\" class=\"alignnone wp-image-6821\" src=\"https:\/\/kem-europe.eu\/wp-content\/uploads\/2025\/02\/1-300x300.png\" alt=\"\" width=\"50\" height=\"50\" srcset=\"https:\/\/kem-europe.eu\/wp-content\/uploads\/2025\/02\/1-300x300.png 300w, https:\/\/kem-europe.eu\/wp-content\/uploads\/2025\/02\/1-150x150.png 150w, https:\/\/kem-europe.eu\/wp-content\/uploads\/2025\/02\/1-100x100.png 100w, https:\/\/kem-europe.eu\/wp-content\/uploads\/2025\/02\/1.png 500w\" sizes=\"auto, (max-width: 50px) 100vw, 50px\" \/><\/td>\n<td>-<\/td>\n<td>-<\/td>\n<td>-<\/td>\n<\/tr>\n<\/tbody>\n<\/table>\n<hr \/>\n<table id=\"t01\" style=\"width: 60%;\">\n<tbody>\n<tr>\n<th>Anmeldung<\/th>\n<\/tr>\n<tr>\n<td><i>Aluminium\/Nicht-Eisen<\/i><\/td>\n<\/tr>\n<tr>\n<td><i>Kohlenstoffstahl<\/i><\/td>\n<\/tr>\n<tr>\n<td><i>Konstruktionsstahl<\/i><\/td>\n<\/tr>\n<tr>\n<td><i>Legierte St\u00e4hle<\/i><\/td>\n<\/tr>\n<tr>\n<td><i>Muster formen<\/i><\/td>\n<\/tr>\n<tr>\n<td><i>Rostfreier Stahl<\/i><\/td>\n<\/tr>\n<\/tbody>\n<\/table>","protected":false},"excerpt":{"rendered":"<h2 class=\"subtitle\">Vielseitige Hartmetalls\u00e4ge<\/h2>\n<p><strong>Klinge mit au\u00dfergew\u00f6hnlicher Haltbarkeit<\/strong><br \/>\nDer patentierte Pr\u00e4parationsstahl erh\u00f6ht die Standzeit. Robuste M42-Kante aus HSS f\u00fcr externe Hitze- und Verschlei\u00dfbest\u00e4ndigkeit.<\/p>\n<p><strong>\u00c4u\u00dferst vielseitig<\/strong><br \/>\nSchneidet eine breite Palette von Metallen, von kohlenstoffarmen St\u00e4hlen bis hin zu hochfesten Legierungen. Fortschrittliche Konstruktion zum Schneiden gro\u00dfer Mengen von massiven Werkst\u00fccken und Profilen.<\/p>\n<p><strong>Konsistente Leistung \u00fcber einen langen Zeitraum<\/strong><br \/>\nEinzigartige Zahngeometrie und -einstellung reduzieren L\u00e4rm und Vibrationen bei der ersten Inbetriebnahme.<\/p>","protected":false},"featured_media":3156,"comment_status":"closed","ping_status":"closed","template":"","meta":[],"product_brand":[621],"product_cat":[133,566],"product_tag":[],"class_list":{"0":"post-3129","1":"product","2":"type-product","3":"status-publish","4":"has-post-thumbnail","6":"product_brand-lenox","7":"product_cat-bandzagen","8":"product_cat-hard-metaal","10":"first","11":"instock","12":"purchasable","13":"product-type-variable"},"ct_brands":[{"id":621,"name":"LENOX","slug":"lenox"}],"yoast_head":"<!-- This site is optimized with the Yoast SEO plugin v27.3 - https:\/\/yoast.com\/product\/yoast-seo-wordpress\/ -->\n<title>Lenox Tri-Master\u2122 - KEM Europe<\/title>\n<meta name=\"robots\" content=\"index, follow, max-snippet:-1, max-image-preview:large, max-video-preview:-1\" \/>\n<link rel=\"canonical\" href=\"https:\/\/kem-europe.eu\/de\/produkt\/lenox-tri-master\/\" \/>\n<meta property=\"og:locale\" content=\"de_DE\" \/>\n<meta property=\"og:type\" content=\"article\" \/>\n<meta property=\"og:title\" content=\"Lenox Tri-Master\u2122 - KEM Europe\" \/>\n<meta property=\"og:description\" content=\"Breed inzetbare Carbidezaag Blad met uitzonderlijke levensduur Voorbereiding gepatenteerd backingstaal verhoogt de levensduur. Robuuste M42-rand in HSS voor externe bestendigheid tegen hitte en slijtage.  Extreem veelzijdig Snijdt een uitgebreid gamma metalen van lagekoolstofsstaal tot legeringen met hogere treksterkte. Geavanceerd ontwerp om grote hoeveelheden massieve werkstukken en profielen te snijden.  Consistente prestaties keer na keer Unieke tandgeometrie en -zetting beperken lawaai en trillingen van de eerste aanzet.\" \/>\n<meta property=\"og:url\" content=\"https:\/\/kem-europe.eu\/de\/produkt\/lenox-tri-master\/\" \/>\n<meta property=\"og:site_name\" content=\"KEM Europe\" \/>\n<meta property=\"article:modified_time\" content=\"2025-03-25T15:38:36+00:00\" \/>\n<meta property=\"og:image\" content=\"https:\/\/kem-europe.eu\/wp-content\/uploads\/2025\/02\/Lenox-tri-master.jpg\" \/>\n\t<meta property=\"og:image:width\" content=\"700\" \/>\n\t<meta property=\"og:image:height\" content=\"700\" \/>\n\t<meta property=\"og:image:type\" content=\"image\/jpeg\" \/>\n<meta name=\"twitter:card\" content=\"summary_large_image\" \/>\n<meta name=\"twitter:label1\" content=\"Gesch\u00e4tzte Lesezeit\" \/>\n\t<meta name=\"twitter:data1\" content=\"4\u00a0Minuten\" \/>\n<script type=\"application\/ld+json\" class=\"yoast-schema-graph\">{\"@context\":\"https:\\\/\\\/schema.org\",\"@graph\":[{\"@type\":\"WebPage\",\"@id\":\"https:\\\/\\\/kem-europe.eu\\\/product\\\/lenox-tri-master\\\/\",\"url\":\"https:\\\/\\\/kem-europe.eu\\\/product\\\/lenox-tri-master\\\/\",\"name\":\"Lenox Tri-Master\u2122 - KEM Europe\",\"isPartOf\":{\"@id\":\"https:\\\/\\\/kem-europe.eu\\\/#website\"},\"primaryImageOfPage\":{\"@id\":\"https:\\\/\\\/kem-europe.eu\\\/product\\\/lenox-tri-master\\\/#primaryimage\"},\"image\":{\"@id\":\"https:\\\/\\\/kem-europe.eu\\\/product\\\/lenox-tri-master\\\/#primaryimage\"},\"thumbnailUrl\":\"https:\\\/\\\/kem-europe.eu\\\/wp-content\\\/uploads\\\/2025\\\/02\\\/Lenox-tri-master.jpg\",\"datePublished\":\"2025-02-27T08:47:39+00:00\",\"dateModified\":\"2025-03-25T15:38:36+00:00\",\"breadcrumb\":{\"@id\":\"https:\\\/\\\/kem-europe.eu\\\/product\\\/lenox-tri-master\\\/#breadcrumb\"},\"inLanguage\":\"de\",\"potentialAction\":[{\"@type\":\"ReadAction\",\"target\":[\"https:\\\/\\\/kem-europe.eu\\\/product\\\/lenox-tri-master\\\/\"]}]},{\"@type\":\"ImageObject\",\"inLanguage\":\"de\",\"@id\":\"https:\\\/\\\/kem-europe.eu\\\/product\\\/lenox-tri-master\\\/#primaryimage\",\"url\":\"https:\\\/\\\/kem-europe.eu\\\/wp-content\\\/uploads\\\/2025\\\/02\\\/Lenox-tri-master.jpg\",\"contentUrl\":\"https:\\\/\\\/kem-europe.eu\\\/wp-content\\\/uploads\\\/2025\\\/02\\\/Lenox-tri-master.jpg\",\"width\":700,\"height\":700},{\"@type\":\"BreadcrumbList\",\"@id\":\"https:\\\/\\\/kem-europe.eu\\\/product\\\/lenox-tri-master\\\/#breadcrumb\",\"itemListElement\":[{\"@type\":\"ListItem\",\"position\":1,\"name\":\"Home\",\"item\":\"https:\\\/\\\/kem-europe.eu\\\/\"},{\"@type\":\"ListItem\",\"position\":2,\"name\":\"Winkel\",\"item\":\"https:\\\/\\\/kem-europe.eu\\\/winkel\\\/\"},{\"@type\":\"ListItem\",\"position\":3,\"name\":\"Lenox Tri-Master\u2122\"}]},{\"@type\":\"WebSite\",\"@id\":\"https:\\\/\\\/kem-europe.eu\\\/#website\",\"url\":\"https:\\\/\\\/kem-europe.eu\\\/\",\"name\":\"KEM Europe\",\"description\":\"\",\"publisher\":{\"@id\":\"https:\\\/\\\/kem-europe.eu\\\/#organization\"},\"potentialAction\":[{\"@type\":\"SearchAction\",\"target\":{\"@type\":\"EntryPoint\",\"urlTemplate\":\"https:\\\/\\\/kem-europe.eu\\\/?s={search_term_string}\"},\"query-input\":{\"@type\":\"PropertyValueSpecification\",\"valueRequired\":true,\"valueName\":\"search_term_string\"}}],\"inLanguage\":\"de\"},{\"@type\":\"Organization\",\"@id\":\"https:\\\/\\\/kem-europe.eu\\\/#organization\",\"name\":\"KEM Europe\",\"url\":\"https:\\\/\\\/kem-europe.eu\\\/\",\"logo\":{\"@type\":\"ImageObject\",\"inLanguage\":\"de\",\"@id\":\"https:\\\/\\\/kem-europe.eu\\\/#\\\/schema\\\/logo\\\/image\\\/\",\"url\":\"https:\\\/\\\/kem-europe.eu\\\/wp-content\\\/uploads\\\/2025\\\/02\\\/KEM2019-BLACK-1500W.png\",\"contentUrl\":\"https:\\\/\\\/kem-europe.eu\\\/wp-content\\\/uploads\\\/2025\\\/02\\\/KEM2019-BLACK-1500W.png\",\"width\":1500,\"height\":626,\"caption\":\"KEM Europe\"},\"image\":{\"@id\":\"https:\\\/\\\/kem-europe.eu\\\/#\\\/schema\\\/logo\\\/image\\\/\"}}]}<\/script>\n<!-- \/ Yoast SEO plugin. -->","yoast_head_json":{"title":"Lenox Tri-Master\u2122 - KEM Europa","robots":{"index":"index","follow":"follow","max-snippet":"max-snippet:-1","max-image-preview":"max-image-preview:large","max-video-preview":"max-video-preview:-1"},"canonical":"https:\/\/kem-europe.eu\/de\/produkt\/lenox-tri-master\/","og_locale":"de_DE","og_type":"article","og_title":"Lenox Tri-Master\u2122 - KEM Europe","og_description":"Breed inzetbare Carbidezaag Blad met uitzonderlijke levensduur Voorbereiding gepatenteerd backingstaal verhoogt de levensduur. Robuuste M42-rand in HSS voor externe bestendigheid tegen hitte en slijtage.  Extreem veelzijdig Snijdt een uitgebreid gamma metalen van lagekoolstofsstaal tot legeringen met hogere treksterkte. Geavanceerd ontwerp om grote hoeveelheden massieve werkstukken en profielen te snijden.  Consistente prestaties keer na keer Unieke tandgeometrie en -zetting beperken lawaai en trillingen van de eerste aanzet.","og_url":"https:\/\/kem-europe.eu\/de\/produkt\/lenox-tri-master\/","og_site_name":"KEM Europe","article_modified_time":"2025-03-25T15:38:36+00:00","og_image":[{"width":700,"height":700,"url":"https:\/\/kem-europe.eu\/wp-content\/uploads\/2025\/02\/Lenox-tri-master.jpg","type":"image\/jpeg"}],"twitter_card":"summary_large_image","twitter_misc":{"Gesch\u00e4tzte Lesezeit":"4\u00a0Minuten"},"schema":{"@context":"https:\/\/schema.org","@graph":[{"@type":"WebPage","@id":"https:\/\/kem-europe.eu\/product\/lenox-tri-master\/","url":"https:\/\/kem-europe.eu\/product\/lenox-tri-master\/","name":"Lenox Tri-Master\u2122 - KEM Europa","isPartOf":{"@id":"https:\/\/kem-europe.eu\/#website"},"primaryImageOfPage":{"@id":"https:\/\/kem-europe.eu\/product\/lenox-tri-master\/#primaryimage"},"image":{"@id":"https:\/\/kem-europe.eu\/product\/lenox-tri-master\/#primaryimage"},"thumbnailUrl":"https:\/\/kem-europe.eu\/wp-content\/uploads\/2025\/02\/Lenox-tri-master.jpg","datePublished":"2025-02-27T08:47:39+00:00","dateModified":"2025-03-25T15:38:36+00:00","breadcrumb":{"@id":"https:\/\/kem-europe.eu\/product\/lenox-tri-master\/#breadcrumb"},"inLanguage":"de","potentialAction":[{"@type":"ReadAction","target":["https:\/\/kem-europe.eu\/product\/lenox-tri-master\/"]}]},{"@type":"ImageObject","inLanguage":"de","@id":"https:\/\/kem-europe.eu\/product\/lenox-tri-master\/#primaryimage","url":"https:\/\/kem-europe.eu\/wp-content\/uploads\/2025\/02\/Lenox-tri-master.jpg","contentUrl":"https:\/\/kem-europe.eu\/wp-content\/uploads\/2025\/02\/Lenox-tri-master.jpg","width":700,"height":700},{"@type":"BreadcrumbList","@id":"https:\/\/kem-europe.eu\/product\/lenox-tri-master\/#breadcrumb","itemListElement":[{"@type":"ListItem","position":1,"name":"Home","item":"https:\/\/kem-europe.eu\/"},{"@type":"ListItem","position":2,"name":"Winkel","item":"https:\/\/kem-europe.eu\/winkel\/"},{"@type":"ListItem","position":3,"name":"Lenox Tri-Master\u2122"}]},{"@type":"WebSite","@id":"https:\/\/kem-europe.eu\/#website","url":"https:\/\/kem-europe.eu\/","name":"KEM Europe","description":"","publisher":{"@id":"https:\/\/kem-europe.eu\/#organization"},"potentialAction":[{"@type":"SearchAction","target":{"@type":"EntryPoint","urlTemplate":"https:\/\/kem-europe.eu\/?s={search_term_string}"},"query-input":{"@type":"PropertyValueSpecification","valueRequired":true,"valueName":"search_term_string"}}],"inLanguage":"de"},{"@type":"Organization","@id":"https:\/\/kem-europe.eu\/#organization","name":"KEM Europe","url":"https:\/\/kem-europe.eu\/","logo":{"@type":"ImageObject","inLanguage":"de","@id":"https:\/\/kem-europe.eu\/#\/schema\/logo\/image\/","url":"https:\/\/kem-europe.eu\/wp-content\/uploads\/2025\/02\/KEM2019-BLACK-1500W.png","contentUrl":"https:\/\/kem-europe.eu\/wp-content\/uploads\/2025\/02\/KEM2019-BLACK-1500W.png","width":1500,"height":626,"caption":"KEM Europe"},"image":{"@id":"https:\/\/kem-europe.eu\/#\/schema\/logo\/image\/"}}]}},"_links":{"self":[{"href":"https:\/\/kem-europe.eu\/de\/wp-json\/wp\/v2\/product\/3129","targetHints":{"allow":["GET"]}}],"collection":[{"href":"https:\/\/kem-europe.eu\/de\/wp-json\/wp\/v2\/product"}],"about":[{"href":"https:\/\/kem-europe.eu\/de\/wp-json\/wp\/v2\/types\/product"}],"replies":[{"embeddable":true,"href":"https:\/\/kem-europe.eu\/de\/wp-json\/wp\/v2\/comments?post=3129"}],"wp:featuredmedia":[{"embeddable":true,"href":"https:\/\/kem-europe.eu\/de\/wp-json\/wp\/v2\/media\/3156"}],"wp:attachment":[{"href":"https:\/\/kem-europe.eu\/de\/wp-json\/wp\/v2\/media?parent=3129"}],"wp:term":[{"taxonomy":"product_brand","embeddable":true,"href":"https:\/\/kem-europe.eu\/de\/wp-json\/wp\/v2\/product_brand?post=3129"},{"taxonomy":"product_cat","embeddable":true,"href":"https:\/\/kem-europe.eu\/de\/wp-json\/wp\/v2\/product_cat?post=3129"},{"taxonomy":"product_tag","embeddable":true,"href":"https:\/\/kem-europe.eu\/de\/wp-json\/wp\/v2\/product_tag?post=3129"}],"curies":[{"name":"wp","href":"https:\/\/api.w.org\/{rel}","templated":true}]}}