{"id":3132,"date":"2025-02-27T08:47:39","date_gmt":"2025-02-27T08:47:39","guid":{"rendered":"https:\/\/kem-europe.eu\/?post_type=product&#038;p=3132"},"modified":"2025-03-25T15:36:54","modified_gmt":"2025-03-25T15:36:54","slug":"lenox-cast-master","status":"publish","type":"product","link":"https:\/\/kem-europe.eu\/de\/product\/lenox-cast-master\/","title":{"rendered":"Lenox Cast Master\u2122"},"content":{"rendered":"<table id=\"t01\" style=\"width: 100%;\">\n<tbody>\n<tr>\n<th>Breite und Dicke<\/th>\n<th colspan=\"5\">TPI (Z\u00e4hne pro Zoll)<\/th>\n<\/tr>\n<tr>\n<td><i>in Millimetern<\/i><\/td>\n<td width=\"200px\"><i>2<\/i><\/td>\n<td width=\"200px\"><i>2\/3<\/i><\/td>\n<td width=\"200px\"><i>3<\/i><\/td>\n<td width=\"200px\"><i>3\/4<\/i><\/td>\n<\/tr>\n<tr>\n<td><b>19 x 0,90<\/b><\/td>\n<td>-<\/td>\n<td>-<\/td>\n<td><img loading=\"lazy\" decoding=\"async\" class=\"alignnone wp-image-6821\" src=\"https:\/\/kem-europe.eu\/wp-content\/uploads\/2025\/02\/1-300x300.png\" alt=\"\" width=\"50\" height=\"50\" srcset=\"https:\/\/kem-europe.eu\/wp-content\/uploads\/2025\/02\/1-300x300.png 300w, https:\/\/kem-europe.eu\/wp-content\/uploads\/2025\/02\/1-150x150.png 150w, https:\/\/kem-europe.eu\/wp-content\/uploads\/2025\/02\/1-100x100.png 100w, https:\/\/kem-europe.eu\/wp-content\/uploads\/2025\/02\/1.png 500w\" sizes=\"auto, (max-width: 50px) 100vw, 50px\" \/><\/td>\n<td><img loading=\"lazy\" decoding=\"async\" class=\"alignnone wp-image-6821\" src=\"https:\/\/kem-europe.eu\/wp-content\/uploads\/2025\/02\/1-300x300.png\" alt=\"\" width=\"50\" height=\"50\" srcset=\"https:\/\/kem-europe.eu\/wp-content\/uploads\/2025\/02\/1-300x300.png 300w, https:\/\/kem-europe.eu\/wp-content\/uploads\/2025\/02\/1-150x150.png 150w, https:\/\/kem-europe.eu\/wp-content\/uploads\/2025\/02\/1-100x100.png 100w, https:\/\/kem-europe.eu\/wp-content\/uploads\/2025\/02\/1.png 500w\" sizes=\"auto, (max-width: 50px) 100vw, 50px\" \/><\/td>\n<\/tr>\n<tr>\n<td><b>27 x 0,90<\/b><\/td>\n<td><\/td>\n<td><img loading=\"lazy\" decoding=\"async\" class=\"alignnone wp-image-6821\" src=\"https:\/\/kem-europe.eu\/wp-content\/uploads\/2025\/02\/1-300x300.png\" alt=\"\" width=\"50\" height=\"50\" srcset=\"https:\/\/kem-europe.eu\/wp-content\/uploads\/2025\/02\/1-300x300.png 300w, https:\/\/kem-europe.eu\/wp-content\/uploads\/2025\/02\/1-150x150.png 150w, https:\/\/kem-europe.eu\/wp-content\/uploads\/2025\/02\/1-100x100.png 100w, https:\/\/kem-europe.eu\/wp-content\/uploads\/2025\/02\/1.png 500w\" sizes=\"auto, (max-width: 50px) 100vw, 50px\" \/><\/td>\n<td><img loading=\"lazy\" decoding=\"async\" class=\"alignnone wp-image-6821\" src=\"https:\/\/kem-europe.eu\/wp-content\/uploads\/2025\/02\/1-300x300.png\" alt=\"\" width=\"50\" height=\"50\" srcset=\"https:\/\/kem-europe.eu\/wp-content\/uploads\/2025\/02\/1-300x300.png 300w, https:\/\/kem-europe.eu\/wp-content\/uploads\/2025\/02\/1-150x150.png 150w, https:\/\/kem-europe.eu\/wp-content\/uploads\/2025\/02\/1-100x100.png 100w, https:\/\/kem-europe.eu\/wp-content\/uploads\/2025\/02\/1.png 500w\" sizes=\"auto, (max-width: 50px) 100vw, 50px\" \/><\/td>\n<td><img loading=\"lazy\" decoding=\"async\" class=\"alignnone wp-image-6821\" src=\"https:\/\/kem-europe.eu\/wp-content\/uploads\/2025\/02\/1-300x300.png\" alt=\"\" width=\"50\" height=\"50\" srcset=\"https:\/\/kem-europe.eu\/wp-content\/uploads\/2025\/02\/1-300x300.png 300w, https:\/\/kem-europe.eu\/wp-content\/uploads\/2025\/02\/1-150x150.png 150w, https:\/\/kem-europe.eu\/wp-content\/uploads\/2025\/02\/1-100x100.png 100w, https:\/\/kem-europe.eu\/wp-content\/uploads\/2025\/02\/1.png 500w\" sizes=\"auto, (max-width: 50px) 100vw, 50px\" \/><\/td>\n<\/tr>\n<tr>\n<td><b>34 x 1,07<\/b><\/td>\n<td><img loading=\"lazy\" decoding=\"async\" class=\"alignnone wp-image-6821\" src=\"https:\/\/kem-europe.eu\/wp-content\/uploads\/2025\/02\/1-300x300.png\" alt=\"\" width=\"50\" height=\"50\" srcset=\"https:\/\/kem-europe.eu\/wp-content\/uploads\/2025\/02\/1-300x300.png 300w, https:\/\/kem-europe.eu\/wp-content\/uploads\/2025\/02\/1-150x150.png 150w, https:\/\/kem-europe.eu\/wp-content\/uploads\/2025\/02\/1-100x100.png 100w, https:\/\/kem-europe.eu\/wp-content\/uploads\/2025\/02\/1.png 500w\" sizes=\"auto, (max-width: 50px) 100vw, 50px\" \/><\/td>\n<td><img loading=\"lazy\" decoding=\"async\" class=\"alignnone wp-image-6821\" src=\"https:\/\/kem-europe.eu\/wp-content\/uploads\/2025\/02\/1-300x300.png\" alt=\"\" width=\"50\" height=\"50\" srcset=\"https:\/\/kem-europe.eu\/wp-content\/uploads\/2025\/02\/1-300x300.png 300w, https:\/\/kem-europe.eu\/wp-content\/uploads\/2025\/02\/1-150x150.png 150w, https:\/\/kem-europe.eu\/wp-content\/uploads\/2025\/02\/1-100x100.png 100w, https:\/\/kem-europe.eu\/wp-content\/uploads\/2025\/02\/1.png 500w\" sizes=\"auto, (max-width: 50px) 100vw, 50px\" \/><\/td>\n<td><img loading=\"lazy\" decoding=\"async\" class=\"alignnone wp-image-6821\" src=\"https:\/\/kem-europe.eu\/wp-content\/uploads\/2025\/02\/1-300x300.png\" alt=\"\" width=\"50\" height=\"50\" srcset=\"https:\/\/kem-europe.eu\/wp-content\/uploads\/2025\/02\/1-300x300.png 300w, https:\/\/kem-europe.eu\/wp-content\/uploads\/2025\/02\/1-150x150.png 150w, https:\/\/kem-europe.eu\/wp-content\/uploads\/2025\/02\/1-100x100.png 100w, https:\/\/kem-europe.eu\/wp-content\/uploads\/2025\/02\/1.png 500w\" sizes=\"auto, (max-width: 50px) 100vw, 50px\" \/><\/td>\n<td><img loading=\"lazy\" decoding=\"async\" class=\"alignnone wp-image-6821\" src=\"https:\/\/kem-europe.eu\/wp-content\/uploads\/2025\/02\/1-300x300.png\" alt=\"\" width=\"50\" height=\"50\" srcset=\"https:\/\/kem-europe.eu\/wp-content\/uploads\/2025\/02\/1-300x300.png 300w, https:\/\/kem-europe.eu\/wp-content\/uploads\/2025\/02\/1-150x150.png 150w, https:\/\/kem-europe.eu\/wp-content\/uploads\/2025\/02\/1-100x100.png 100w, https:\/\/kem-europe.eu\/wp-content\/uploads\/2025\/02\/1.png 500w\" sizes=\"auto, (max-width: 50px) 100vw, 50px\" \/><\/td>\n<\/tr>\n<\/tbody>\n<\/table>\n<hr \/>\n<table id=\"t01\" style=\"width: 60%;\">\n<tbody>\n<tr>\n<th>Anmeldung<\/th>\n<\/tr>\n<tr>\n<td><i>Aluminium\/Nicht-Eisen<\/i><\/td>\n<\/tr>\n<tr>\n<td><i>Holz<\/i><\/td>\n<\/tr>\n<tr>\n<td><i>Gusseisen<\/i><\/td>\n<\/tr>\n<tr>\n<td><i>Verbundwerkstoffe<\/i><\/td>\n<\/tr>\n<tr>\n<td><i>Gie\u00dfen von Wasserh\u00e4hnen und Steigleitungen<\/i><\/td>\n<\/tr>\n<\/tbody>\n<\/table>","protected":false},"excerpt":{"rendered":"<h2 class=\"subtitle\">Hervorragende Leistung beim Schneiden von Gussteilen<\/h2>\n<p><strong>Klinge mit au\u00dfergew\u00f6hnlicher Haltbarkeit bei manuellen Anwendungen in Gie\u00dfereien<\/strong><br \/>\nSubmikron-Hartmetallz\u00e4hne zum Schneiden von Aluminium und Nichteisenmetallen.<\/p>\n<p><strong>Schneidet Teile m\u00fchelos mit geringem Anpressdruck<\/strong><br \/>\nDer optimierte Spanwinkel und die schmale Schnittfuge erm\u00f6glichen eine hohe Schnittgeschwindigkeit, ohne dass am Werkst\u00fcck gezogen werden muss.<\/p>\n<p><strong>Hochlegierter R\u00fcckenstahl erh\u00f6ht die Haltbarkeit<\/strong><br \/>\nHochentwickelter Verst\u00e4rkungsstahl minimiert Br\u00fcche im Reifen.<\/p>","protected":false},"featured_media":3162,"comment_status":"closed","ping_status":"closed","template":"","meta":[],"product_brand":[621],"product_cat":[133,566],"product_tag":[],"class_list":{"0":"post-3132","1":"product","2":"type-product","3":"status-publish","4":"has-post-thumbnail","6":"product_brand-lenox","7":"product_cat-bandzagen","8":"product_cat-hard-metaal","10":"first","11":"instock","12":"purchasable","13":"product-type-variable"},"ct_brands":[{"id":621,"name":"LENOX","slug":"lenox"}],"yoast_head":"<!-- This site is optimized with the Yoast SEO plugin v27.3 - https:\/\/yoast.com\/product\/yoast-seo-wordpress\/ -->\n<title>Lenox Cast Master\u2122 - KEM Europe<\/title>\n<meta name=\"robots\" content=\"index, follow, max-snippet:-1, max-image-preview:large, max-video-preview:-1\" \/>\n<link rel=\"canonical\" href=\"https:\/\/kem-europe.eu\/de\/produkt\/lenox-cast-master\/\" \/>\n<meta property=\"og:locale\" content=\"de_DE\" \/>\n<meta property=\"og:type\" content=\"article\" \/>\n<meta property=\"og:title\" content=\"Lenox Cast Master\u2122 - KEM Europe\" \/>\n<meta property=\"og:description\" content=\"Superieure prestaties voor het zagen van Gietwerk Blad met uitzonderlijke levensduur in handmatige toepassingen in gieterijen Tanden van submicroncarbide voor het zagen van aluminium en non-ferrodelen.  Snijdt delen probleemloos met berperkte spoeddruk Geoptimaliseerde spaanhoek en smalle zaagsnede maken snijden met hoge snelheid mogelijk zonder aan het werkstuk te hoeven trekken.  Hooggelegeerd rugstaal verhoogt de duurzaamheid Geavanceerd backingstaal beperkt breuken in de band tot een minimum.\" \/>\n<meta property=\"og:url\" content=\"https:\/\/kem-europe.eu\/de\/produkt\/lenox-cast-master\/\" \/>\n<meta property=\"og:site_name\" content=\"KEM Europe\" \/>\n<meta property=\"article:modified_time\" content=\"2025-03-25T15:36:54+00:00\" \/>\n<meta property=\"og:image\" content=\"https:\/\/kem-europe.eu\/wp-content\/uploads\/2025\/02\/Lenox-cast-master.jpg\" \/>\n\t<meta property=\"og:image:width\" content=\"700\" \/>\n\t<meta property=\"og:image:height\" content=\"700\" \/>\n\t<meta property=\"og:image:type\" content=\"image\/jpeg\" \/>\n<meta name=\"twitter:card\" content=\"summary_large_image\" \/>\n<meta name=\"twitter:label1\" content=\"Gesch\u00e4tzte Lesezeit\" \/>\n\t<meta name=\"twitter:data1\" content=\"2\u00a0Minuten\" \/>\n<script type=\"application\/ld+json\" class=\"yoast-schema-graph\">{\"@context\":\"https:\\\/\\\/schema.org\",\"@graph\":[{\"@type\":\"WebPage\",\"@id\":\"https:\\\/\\\/kem-europe.eu\\\/product\\\/lenox-cast-master\\\/\",\"url\":\"https:\\\/\\\/kem-europe.eu\\\/product\\\/lenox-cast-master\\\/\",\"name\":\"Lenox Cast Master\u2122 - KEM Europe\",\"isPartOf\":{\"@id\":\"https:\\\/\\\/kem-europe.eu\\\/#website\"},\"primaryImageOfPage\":{\"@id\":\"https:\\\/\\\/kem-europe.eu\\\/product\\\/lenox-cast-master\\\/#primaryimage\"},\"image\":{\"@id\":\"https:\\\/\\\/kem-europe.eu\\\/product\\\/lenox-cast-master\\\/#primaryimage\"},\"thumbnailUrl\":\"https:\\\/\\\/kem-europe.eu\\\/wp-content\\\/uploads\\\/2025\\\/02\\\/Lenox-cast-master.jpg\",\"datePublished\":\"2025-02-27T08:47:39+00:00\",\"dateModified\":\"2025-03-25T15:36:54+00:00\",\"breadcrumb\":{\"@id\":\"https:\\\/\\\/kem-europe.eu\\\/product\\\/lenox-cast-master\\\/#breadcrumb\"},\"inLanguage\":\"de\",\"potentialAction\":[{\"@type\":\"ReadAction\",\"target\":[\"https:\\\/\\\/kem-europe.eu\\\/product\\\/lenox-cast-master\\\/\"]}]},{\"@type\":\"ImageObject\",\"inLanguage\":\"de\",\"@id\":\"https:\\\/\\\/kem-europe.eu\\\/product\\\/lenox-cast-master\\\/#primaryimage\",\"url\":\"https:\\\/\\\/kem-europe.eu\\\/wp-content\\\/uploads\\\/2025\\\/02\\\/Lenox-cast-master.jpg\",\"contentUrl\":\"https:\\\/\\\/kem-europe.eu\\\/wp-content\\\/uploads\\\/2025\\\/02\\\/Lenox-cast-master.jpg\",\"width\":700,\"height\":700},{\"@type\":\"BreadcrumbList\",\"@id\":\"https:\\\/\\\/kem-europe.eu\\\/product\\\/lenox-cast-master\\\/#breadcrumb\",\"itemListElement\":[{\"@type\":\"ListItem\",\"position\":1,\"name\":\"Home\",\"item\":\"https:\\\/\\\/kem-europe.eu\\\/\"},{\"@type\":\"ListItem\",\"position\":2,\"name\":\"Winkel\",\"item\":\"https:\\\/\\\/kem-europe.eu\\\/winkel\\\/\"},{\"@type\":\"ListItem\",\"position\":3,\"name\":\"Lenox Cast Master\u2122\"}]},{\"@type\":\"WebSite\",\"@id\":\"https:\\\/\\\/kem-europe.eu\\\/#website\",\"url\":\"https:\\\/\\\/kem-europe.eu\\\/\",\"name\":\"KEM Europe\",\"description\":\"\",\"publisher\":{\"@id\":\"https:\\\/\\\/kem-europe.eu\\\/#organization\"},\"potentialAction\":[{\"@type\":\"SearchAction\",\"target\":{\"@type\":\"EntryPoint\",\"urlTemplate\":\"https:\\\/\\\/kem-europe.eu\\\/?s={search_term_string}\"},\"query-input\":{\"@type\":\"PropertyValueSpecification\",\"valueRequired\":true,\"valueName\":\"search_term_string\"}}],\"inLanguage\":\"de\"},{\"@type\":\"Organization\",\"@id\":\"https:\\\/\\\/kem-europe.eu\\\/#organization\",\"name\":\"KEM Europe\",\"url\":\"https:\\\/\\\/kem-europe.eu\\\/\",\"logo\":{\"@type\":\"ImageObject\",\"inLanguage\":\"de\",\"@id\":\"https:\\\/\\\/kem-europe.eu\\\/#\\\/schema\\\/logo\\\/image\\\/\",\"url\":\"https:\\\/\\\/kem-europe.eu\\\/wp-content\\\/uploads\\\/2025\\\/02\\\/KEM2019-BLACK-1500W.png\",\"contentUrl\":\"https:\\\/\\\/kem-europe.eu\\\/wp-content\\\/uploads\\\/2025\\\/02\\\/KEM2019-BLACK-1500W.png\",\"width\":1500,\"height\":626,\"caption\":\"KEM Europe\"},\"image\":{\"@id\":\"https:\\\/\\\/kem-europe.eu\\\/#\\\/schema\\\/logo\\\/image\\\/\"}}]}<\/script>\n<!-- \/ Yoast SEO plugin. -->","yoast_head_json":{"title":"Lenox Cast Master\u2122 - KEM Europa","robots":{"index":"index","follow":"follow","max-snippet":"max-snippet:-1","max-image-preview":"max-image-preview:large","max-video-preview":"max-video-preview:-1"},"canonical":"https:\/\/kem-europe.eu\/de\/produkt\/lenox-cast-master\/","og_locale":"de_DE","og_type":"article","og_title":"Lenox Cast Master\u2122 - KEM Europe","og_description":"Superieure prestaties voor het zagen van Gietwerk Blad met uitzonderlijke levensduur in handmatige toepassingen in gieterijen Tanden van submicroncarbide voor het zagen van aluminium en non-ferrodelen.  Snijdt delen probleemloos met berperkte spoeddruk Geoptimaliseerde spaanhoek en smalle zaagsnede maken snijden met hoge snelheid mogelijk zonder aan het werkstuk te hoeven trekken.  Hooggelegeerd rugstaal verhoogt de duurzaamheid Geavanceerd backingstaal beperkt breuken in de band tot een minimum.","og_url":"https:\/\/kem-europe.eu\/de\/produkt\/lenox-cast-master\/","og_site_name":"KEM Europe","article_modified_time":"2025-03-25T15:36:54+00:00","og_image":[{"width":700,"height":700,"url":"https:\/\/kem-europe.eu\/wp-content\/uploads\/2025\/02\/Lenox-cast-master.jpg","type":"image\/jpeg"}],"twitter_card":"summary_large_image","twitter_misc":{"Gesch\u00e4tzte Lesezeit":"2\u00a0Minuten"},"schema":{"@context":"https:\/\/schema.org","@graph":[{"@type":"WebPage","@id":"https:\/\/kem-europe.eu\/product\/lenox-cast-master\/","url":"https:\/\/kem-europe.eu\/product\/lenox-cast-master\/","name":"Lenox Cast Master\u2122 - KEM Europa","isPartOf":{"@id":"https:\/\/kem-europe.eu\/#website"},"primaryImageOfPage":{"@id":"https:\/\/kem-europe.eu\/product\/lenox-cast-master\/#primaryimage"},"image":{"@id":"https:\/\/kem-europe.eu\/product\/lenox-cast-master\/#primaryimage"},"thumbnailUrl":"https:\/\/kem-europe.eu\/wp-content\/uploads\/2025\/02\/Lenox-cast-master.jpg","datePublished":"2025-02-27T08:47:39+00:00","dateModified":"2025-03-25T15:36:54+00:00","breadcrumb":{"@id":"https:\/\/kem-europe.eu\/product\/lenox-cast-master\/#breadcrumb"},"inLanguage":"de","potentialAction":[{"@type":"ReadAction","target":["https:\/\/kem-europe.eu\/product\/lenox-cast-master\/"]}]},{"@type":"ImageObject","inLanguage":"de","@id":"https:\/\/kem-europe.eu\/product\/lenox-cast-master\/#primaryimage","url":"https:\/\/kem-europe.eu\/wp-content\/uploads\/2025\/02\/Lenox-cast-master.jpg","contentUrl":"https:\/\/kem-europe.eu\/wp-content\/uploads\/2025\/02\/Lenox-cast-master.jpg","width":700,"height":700},{"@type":"BreadcrumbList","@id":"https:\/\/kem-europe.eu\/product\/lenox-cast-master\/#breadcrumb","itemListElement":[{"@type":"ListItem","position":1,"name":"Home","item":"https:\/\/kem-europe.eu\/"},{"@type":"ListItem","position":2,"name":"Winkel","item":"https:\/\/kem-europe.eu\/winkel\/"},{"@type":"ListItem","position":3,"name":"Lenox Cast Master\u2122"}]},{"@type":"WebSite","@id":"https:\/\/kem-europe.eu\/#website","url":"https:\/\/kem-europe.eu\/","name":"KEM Europe","description":"","publisher":{"@id":"https:\/\/kem-europe.eu\/#organization"},"potentialAction":[{"@type":"SearchAction","target":{"@type":"EntryPoint","urlTemplate":"https:\/\/kem-europe.eu\/?s={search_term_string}"},"query-input":{"@type":"PropertyValueSpecification","valueRequired":true,"valueName":"search_term_string"}}],"inLanguage":"de"},{"@type":"Organization","@id":"https:\/\/kem-europe.eu\/#organization","name":"KEM Europe","url":"https:\/\/kem-europe.eu\/","logo":{"@type":"ImageObject","inLanguage":"de","@id":"https:\/\/kem-europe.eu\/#\/schema\/logo\/image\/","url":"https:\/\/kem-europe.eu\/wp-content\/uploads\/2025\/02\/KEM2019-BLACK-1500W.png","contentUrl":"https:\/\/kem-europe.eu\/wp-content\/uploads\/2025\/02\/KEM2019-BLACK-1500W.png","width":1500,"height":626,"caption":"KEM Europe"},"image":{"@id":"https:\/\/kem-europe.eu\/#\/schema\/logo\/image\/"}}]}},"_links":{"self":[{"href":"https:\/\/kem-europe.eu\/de\/wp-json\/wp\/v2\/product\/3132","targetHints":{"allow":["GET"]}}],"collection":[{"href":"https:\/\/kem-europe.eu\/de\/wp-json\/wp\/v2\/product"}],"about":[{"href":"https:\/\/kem-europe.eu\/de\/wp-json\/wp\/v2\/types\/product"}],"replies":[{"embeddable":true,"href":"https:\/\/kem-europe.eu\/de\/wp-json\/wp\/v2\/comments?post=3132"}],"wp:featuredmedia":[{"embeddable":true,"href":"https:\/\/kem-europe.eu\/de\/wp-json\/wp\/v2\/media\/3162"}],"wp:attachment":[{"href":"https:\/\/kem-europe.eu\/de\/wp-json\/wp\/v2\/media?parent=3132"}],"wp:term":[{"taxonomy":"product_brand","embeddable":true,"href":"https:\/\/kem-europe.eu\/de\/wp-json\/wp\/v2\/product_brand?post=3132"},{"taxonomy":"product_cat","embeddable":true,"href":"https:\/\/kem-europe.eu\/de\/wp-json\/wp\/v2\/product_cat?post=3132"},{"taxonomy":"product_tag","embeddable":true,"href":"https:\/\/kem-europe.eu\/de\/wp-json\/wp\/v2\/product_tag?post=3132"}],"curies":[{"name":"wp","href":"https:\/\/api.w.org\/{rel}","templated":true}]}}