{"id":3136,"date":"2025-02-27T08:47:40","date_gmt":"2025-02-27T08:47:40","guid":{"rendered":"https:\/\/kem-europe.eu\/?post_type=product&#038;p=3136"},"modified":"2025-03-26T07:19:47","modified_gmt":"2025-03-26T07:19:47","slug":"lenox-woodmaster-b","status":"publish","type":"product","link":"https:\/\/kem-europe.eu\/de\/product\/lenox-woodmaster-b\/","title":{"rendered":"Lenox Woodmaster B"},"content":{"rendered":"<table id=\"t01\" style=\"width: 100%;\">\n<tbody>\n<tr>\n<th>Breite und Dicke<\/th>\n<th>Kerbe<\/th>\n<th colspan=\"8\">TPI (Z\u00e4hne pro Zoll) &amp; <em>('Zahnabstand in mm')<\/em><\/th>\n<\/tr>\n<tr>\n<td><i>in Millimetern<\/i><\/td>\n<td width=\"200px\"><i>in Millimetern<\/i><\/td>\n<td width=\"200px\"><i>2 (\u201812.7\u2019)<\/i><\/td>\n<td width=\"200px\"><i>1.3 (\u201919\u2019)<\/i><\/td>\n<td width=\"200px\"><i>1.1 (\u201922\u2019)<\/i><\/td>\n<td width=\"200px\"><i>1 (\u201927\u2019)<\/i><\/td>\n<td width=\"200px\"><i>.78 (\u201934\u2019)<\/i><\/td>\n<td width=\"200px\"><i>1,0\/1,3 (\"Vario-Zahn\")<\/i><\/td>\n<\/tr>\n<tr>\n<td><b>27 x 0,90<\/b><\/td>\n<td>1.8<\/td>\n<td><img loading=\"lazy\" decoding=\"async\" class=\"alignnone wp-image-6821\" src=\"https:\/\/kem-europe.eu\/wp-content\/uploads\/2025\/02\/1-300x300.png\" alt=\"\" width=\"50\" height=\"50\" srcset=\"https:\/\/kem-europe.eu\/wp-content\/uploads\/2025\/02\/1-300x300.png 300w, https:\/\/kem-europe.eu\/wp-content\/uploads\/2025\/02\/1-150x150.png 150w, https:\/\/kem-europe.eu\/wp-content\/uploads\/2025\/02\/1-100x100.png 100w, https:\/\/kem-europe.eu\/wp-content\/uploads\/2025\/02\/1.png 500w\" sizes=\"auto, (max-width: 50px) 100vw, 50px\" \/><\/td>\n<td><img loading=\"lazy\" decoding=\"async\" class=\"alignnone wp-image-6821\" src=\"https:\/\/kem-europe.eu\/wp-content\/uploads\/2025\/02\/1-300x300.png\" alt=\"\" width=\"50\" height=\"50\" srcset=\"https:\/\/kem-europe.eu\/wp-content\/uploads\/2025\/02\/1-300x300.png 300w, https:\/\/kem-europe.eu\/wp-content\/uploads\/2025\/02\/1-150x150.png 150w, https:\/\/kem-europe.eu\/wp-content\/uploads\/2025\/02\/1-100x100.png 100w, https:\/\/kem-europe.eu\/wp-content\/uploads\/2025\/02\/1.png 500w\" sizes=\"auto, (max-width: 50px) 100vw, 50px\" \/><\/td>\n<td>-<\/td>\n<td>-<\/td>\n<td>-<\/td>\n<td>-<\/td>\n<\/tr>\n<tr>\n<td><b>34 x 0,90<\/b><\/td>\n<td>1.8<\/td>\n<td>-<\/td>\n<td><img loading=\"lazy\" decoding=\"async\" class=\"alignnone wp-image-6821\" src=\"https:\/\/kem-europe.eu\/wp-content\/uploads\/2025\/02\/1-300x300.png\" alt=\"\" width=\"50\" height=\"50\" srcset=\"https:\/\/kem-europe.eu\/wp-content\/uploads\/2025\/02\/1-300x300.png 300w, https:\/\/kem-europe.eu\/wp-content\/uploads\/2025\/02\/1-150x150.png 150w, https:\/\/kem-europe.eu\/wp-content\/uploads\/2025\/02\/1-100x100.png 100w, https:\/\/kem-europe.eu\/wp-content\/uploads\/2025\/02\/1.png 500w\" sizes=\"auto, (max-width: 50px) 100vw, 50px\" \/><\/td>\n<td><img loading=\"lazy\" decoding=\"async\" class=\"alignnone wp-image-6821\" src=\"https:\/\/kem-europe.eu\/wp-content\/uploads\/2025\/02\/1-300x300.png\" alt=\"\" width=\"50\" height=\"50\" srcset=\"https:\/\/kem-europe.eu\/wp-content\/uploads\/2025\/02\/1-300x300.png 300w, https:\/\/kem-europe.eu\/wp-content\/uploads\/2025\/02\/1-150x150.png 150w, https:\/\/kem-europe.eu\/wp-content\/uploads\/2025\/02\/1-100x100.png 100w, https:\/\/kem-europe.eu\/wp-content\/uploads\/2025\/02\/1.png 500w\" sizes=\"auto, (max-width: 50px) 100vw, 50px\" \/><\/td>\n<td><img loading=\"lazy\" decoding=\"async\" class=\"alignnone wp-image-6821\" src=\"https:\/\/kem-europe.eu\/wp-content\/uploads\/2025\/02\/1-300x300.png\" alt=\"\" width=\"50\" height=\"50\" srcset=\"https:\/\/kem-europe.eu\/wp-content\/uploads\/2025\/02\/1-300x300.png 300w, https:\/\/kem-europe.eu\/wp-content\/uploads\/2025\/02\/1-150x150.png 150w, https:\/\/kem-europe.eu\/wp-content\/uploads\/2025\/02\/1-100x100.png 100w, https:\/\/kem-europe.eu\/wp-content\/uploads\/2025\/02\/1.png 500w\" sizes=\"auto, (max-width: 50px) 100vw, 50px\" \/><\/td>\n<td>-<\/td>\n<td>-<\/td>\n<\/tr>\n<tr>\n<td><b>34 x 1,07<\/b><\/td>\n<td>2.0<\/td>\n<td>-<\/td>\n<td><img loading=\"lazy\" decoding=\"async\" class=\"alignnone wp-image-6821\" src=\"https:\/\/kem-europe.eu\/wp-content\/uploads\/2025\/02\/1-300x300.png\" alt=\"\" width=\"50\" height=\"50\" srcset=\"https:\/\/kem-europe.eu\/wp-content\/uploads\/2025\/02\/1-300x300.png 300w, https:\/\/kem-europe.eu\/wp-content\/uploads\/2025\/02\/1-150x150.png 150w, https:\/\/kem-europe.eu\/wp-content\/uploads\/2025\/02\/1-100x100.png 100w, https:\/\/kem-europe.eu\/wp-content\/uploads\/2025\/02\/1.png 500w\" sizes=\"auto, (max-width: 50px) 100vw, 50px\" \/><\/td>\n<td><img loading=\"lazy\" decoding=\"async\" class=\"alignnone wp-image-6821\" src=\"https:\/\/kem-europe.eu\/wp-content\/uploads\/2025\/02\/1-300x300.png\" alt=\"\" width=\"50\" height=\"50\" srcset=\"https:\/\/kem-europe.eu\/wp-content\/uploads\/2025\/02\/1-300x300.png 300w, https:\/\/kem-europe.eu\/wp-content\/uploads\/2025\/02\/1-150x150.png 150w, https:\/\/kem-europe.eu\/wp-content\/uploads\/2025\/02\/1-100x100.png 100w, https:\/\/kem-europe.eu\/wp-content\/uploads\/2025\/02\/1.png 500w\" sizes=\"auto, (max-width: 50px) 100vw, 50px\" \/><\/td>\n<td><img loading=\"lazy\" decoding=\"async\" class=\"alignnone wp-image-6821\" src=\"https:\/\/kem-europe.eu\/wp-content\/uploads\/2025\/02\/1-300x300.png\" alt=\"\" width=\"50\" height=\"50\" srcset=\"https:\/\/kem-europe.eu\/wp-content\/uploads\/2025\/02\/1-300x300.png 300w, https:\/\/kem-europe.eu\/wp-content\/uploads\/2025\/02\/1-150x150.png 150w, https:\/\/kem-europe.eu\/wp-content\/uploads\/2025\/02\/1-100x100.png 100w, https:\/\/kem-europe.eu\/wp-content\/uploads\/2025\/02\/1.png 500w\" sizes=\"auto, (max-width: 50px) 100vw, 50px\" \/><\/td>\n<td>-<\/td>\n<td>-<\/td>\n<\/tr>\n<tr>\n<td><b>54 x 1,07<\/b><\/td>\n<td>2.1<\/td>\n<td>-<\/td>\n<td>-<\/td>\n<td>-<\/td>\n<td><img loading=\"lazy\" decoding=\"async\" class=\"alignnone wp-image-6821\" src=\"https:\/\/kem-europe.eu\/wp-content\/uploads\/2025\/02\/1-300x300.png\" alt=\"\" width=\"50\" height=\"50\" srcset=\"https:\/\/kem-europe.eu\/wp-content\/uploads\/2025\/02\/1-300x300.png 300w, https:\/\/kem-europe.eu\/wp-content\/uploads\/2025\/02\/1-150x150.png 150w, https:\/\/kem-europe.eu\/wp-content\/uploads\/2025\/02\/1-100x100.png 100w, https:\/\/kem-europe.eu\/wp-content\/uploads\/2025\/02\/1.png 500w\" sizes=\"auto, (max-width: 50px) 100vw, 50px\" \/><\/td>\n<td>-<\/td>\n<td>-<\/td>\n<\/tr>\n<tr>\n<td><b>54 x 1,27<\/b><\/td>\n<td>2.2<\/td>\n<td>-<\/td>\n<td>-<\/td>\n<td>-<\/td>\n<td>-<\/td>\n<td><img loading=\"lazy\" decoding=\"async\" class=\"alignnone wp-image-6821\" src=\"https:\/\/kem-europe.eu\/wp-content\/uploads\/2025\/02\/1-300x300.png\" alt=\"\" width=\"50\" height=\"50\" srcset=\"https:\/\/kem-europe.eu\/wp-content\/uploads\/2025\/02\/1-300x300.png 300w, https:\/\/kem-europe.eu\/wp-content\/uploads\/2025\/02\/1-150x150.png 150w, https:\/\/kem-europe.eu\/wp-content\/uploads\/2025\/02\/1-100x100.png 100w, https:\/\/kem-europe.eu\/wp-content\/uploads\/2025\/02\/1.png 500w\" sizes=\"auto, (max-width: 50px) 100vw, 50px\" \/><\/td>\n<td>-<\/td>\n<\/tr>\n<tr>\n<td><b>54 x 1,27<\/b><\/td>\n<td>2.3<\/td>\n<td>-<\/td>\n<td>-<\/td>\n<td>-<\/td>\n<td>-<\/td>\n<td>-<\/td>\n<td><img loading=\"lazy\" decoding=\"async\" class=\"alignnone wp-image-6821\" src=\"https:\/\/kem-europe.eu\/wp-content\/uploads\/2025\/02\/1-300x300.png\" alt=\"\" width=\"50\" height=\"50\" srcset=\"https:\/\/kem-europe.eu\/wp-content\/uploads\/2025\/02\/1-300x300.png 300w, https:\/\/kem-europe.eu\/wp-content\/uploads\/2025\/02\/1-150x150.png 150w, https:\/\/kem-europe.eu\/wp-content\/uploads\/2025\/02\/1-100x100.png 100w, https:\/\/kem-europe.eu\/wp-content\/uploads\/2025\/02\/1.png 500w\" sizes=\"auto, (max-width: 50px) 100vw, 50px\" \/><\/td>\n<\/tr>\n<tr>\n<td><b>80 x 1,27<\/b><\/td>\n<td>2.5<\/td>\n<td>-<\/td>\n<td>-<\/td>\n<td>-<\/td>\n<td>-<\/td>\n<td><img loading=\"lazy\" decoding=\"async\" class=\"alignnone wp-image-6821\" src=\"https:\/\/kem-europe.eu\/wp-content\/uploads\/2025\/02\/1-300x300.png\" alt=\"\" width=\"50\" height=\"50\" srcset=\"https:\/\/kem-europe.eu\/wp-content\/uploads\/2025\/02\/1-300x300.png 300w, https:\/\/kem-europe.eu\/wp-content\/uploads\/2025\/02\/1-150x150.png 150w, https:\/\/kem-europe.eu\/wp-content\/uploads\/2025\/02\/1-100x100.png 100w, https:\/\/kem-europe.eu\/wp-content\/uploads\/2025\/02\/1.png 500w\" sizes=\"auto, (max-width: 50px) 100vw, 50px\" \/><\/td>\n<td>-<\/td>\n<\/tr>\n<tr>\n<td colspan=\"6\"><i>Diese S\u00e4ge bleibt besonders lange scharf.<\/i><\/td>\n<\/tr>\n<\/tbody>\n<\/table>\n<hr \/>\n<table id=\"t01\" style=\"width: 60%;\">\n<tbody>\n<tr>\n<th>Anmeldung<\/th>\n<\/tr>\n<tr>\n<td><i>Holz<\/i><\/td>\n<\/tr>\n<\/tbody>\n<\/table>","protected":false},"excerpt":{"rendered":"<h2 class=\"subtitle\">Bi-Metall-S\u00e4geblatt<\/h2>\n<p><strong>Klinge mit au\u00dfergew\u00f6hnlicher Haltbarkeit<\/strong><br \/>\nDas Lenox Bi-Metall Woodmaster liefert eine konstante, zuverl\u00e4ssige Leistung. Schneidet schneller und l\u00e4nger als ein S\u00e4geblatt aus Kohlenstoffstahl.<\/p>\n<p>Die zweiteilige Stahlkonstruktion gew\u00e4hrleistet eine hervorragende Lebensdauer der Klinge. Die Zahnenden aus kobaltreichem Hochgeschwindigkeitsstahl erh\u00f6hen die Verschlei\u00dffestigkeit der Klinge.<\/p>","protected":false},"featured_media":3169,"comment_status":"closed","ping_status":"closed","template":"","meta":[],"product_brand":[621],"product_cat":[133,568],"product_tag":[],"class_list":{"0":"post-3136","1":"product","2":"type-product","3":"status-publish","4":"has-post-thumbnail","6":"product_brand-lenox","7":"product_cat-bandzagen","8":"product_cat-hout","10":"first","11":"instock","12":"purchasable","13":"product-type-variable"},"ct_brands":[{"id":621,"name":"LENOX","slug":"lenox"}],"yoast_head":"<!-- This site is optimized with the Yoast SEO plugin v27.3 - https:\/\/yoast.com\/product\/yoast-seo-wordpress\/ -->\n<title>Lenox Woodmaster B - KEM Europe<\/title>\n<meta name=\"robots\" content=\"index, follow, max-snippet:-1, max-image-preview:large, max-video-preview:-1\" \/>\n<link rel=\"canonical\" href=\"https:\/\/kem-europe.eu\/de\/produkt\/lenox-woodmaster-b\/\" \/>\n<meta property=\"og:locale\" content=\"de_DE\" \/>\n<meta property=\"og:type\" content=\"article\" \/>\n<meta property=\"og:title\" content=\"Lenox Woodmaster B - KEM Europe\" \/>\n<meta property=\"og:description\" content=\"Bi-Metaal zaagblad Blad met uitzonderlijke levensduur De Lenox Bi-metaal Woodmaster levert consistente, betrouwbare prestaties. Zaagt sneller en langer dan een koolstofstaal zaagblad.  De tweedelige stalen constructie zorgt voor een uitstekende levensduur van het blad. Door de Kobalt rijke, high-speed stalen-tand-einden verhoogd de slijtvastheid van het blad.\" \/>\n<meta property=\"og:url\" content=\"https:\/\/kem-europe.eu\/de\/produkt\/lenox-woodmaster-b\/\" \/>\n<meta property=\"og:site_name\" content=\"KEM Europe\" \/>\n<meta property=\"article:modified_time\" content=\"2025-03-26T07:19:47+00:00\" \/>\n<meta property=\"og:image\" content=\"https:\/\/kem-europe.eu\/wp-content\/uploads\/2025\/02\/Lenox-woodmaster-b.jpg\" \/>\n\t<meta property=\"og:image:width\" content=\"700\" \/>\n\t<meta property=\"og:image:height\" content=\"700\" \/>\n\t<meta property=\"og:image:type\" content=\"image\/jpeg\" \/>\n<meta name=\"twitter:card\" content=\"summary_large_image\" \/>\n<meta name=\"twitter:label1\" content=\"Gesch\u00e4tzte Lesezeit\" \/>\n\t<meta name=\"twitter:data1\" content=\"3\u00a0Minuten\" \/>\n<script type=\"application\/ld+json\" class=\"yoast-schema-graph\">{\"@context\":\"https:\\\/\\\/schema.org\",\"@graph\":[{\"@type\":\"WebPage\",\"@id\":\"https:\\\/\\\/kem-europe.eu\\\/product\\\/lenox-woodmaster-b\\\/\",\"url\":\"https:\\\/\\\/kem-europe.eu\\\/product\\\/lenox-woodmaster-b\\\/\",\"name\":\"Lenox Woodmaster B - KEM Europe\",\"isPartOf\":{\"@id\":\"https:\\\/\\\/kem-europe.eu\\\/#website\"},\"primaryImageOfPage\":{\"@id\":\"https:\\\/\\\/kem-europe.eu\\\/product\\\/lenox-woodmaster-b\\\/#primaryimage\"},\"image\":{\"@id\":\"https:\\\/\\\/kem-europe.eu\\\/product\\\/lenox-woodmaster-b\\\/#primaryimage\"},\"thumbnailUrl\":\"https:\\\/\\\/kem-europe.eu\\\/wp-content\\\/uploads\\\/2025\\\/02\\\/Lenox-woodmaster-b.jpg\",\"datePublished\":\"2025-02-27T08:47:40+00:00\",\"dateModified\":\"2025-03-26T07:19:47+00:00\",\"breadcrumb\":{\"@id\":\"https:\\\/\\\/kem-europe.eu\\\/product\\\/lenox-woodmaster-b\\\/#breadcrumb\"},\"inLanguage\":\"de\",\"potentialAction\":[{\"@type\":\"ReadAction\",\"target\":[\"https:\\\/\\\/kem-europe.eu\\\/product\\\/lenox-woodmaster-b\\\/\"]}]},{\"@type\":\"ImageObject\",\"inLanguage\":\"de\",\"@id\":\"https:\\\/\\\/kem-europe.eu\\\/product\\\/lenox-woodmaster-b\\\/#primaryimage\",\"url\":\"https:\\\/\\\/kem-europe.eu\\\/wp-content\\\/uploads\\\/2025\\\/02\\\/Lenox-woodmaster-b.jpg\",\"contentUrl\":\"https:\\\/\\\/kem-europe.eu\\\/wp-content\\\/uploads\\\/2025\\\/02\\\/Lenox-woodmaster-b.jpg\",\"width\":700,\"height\":700},{\"@type\":\"BreadcrumbList\",\"@id\":\"https:\\\/\\\/kem-europe.eu\\\/product\\\/lenox-woodmaster-b\\\/#breadcrumb\",\"itemListElement\":[{\"@type\":\"ListItem\",\"position\":1,\"name\":\"Home\",\"item\":\"https:\\\/\\\/kem-europe.eu\\\/\"},{\"@type\":\"ListItem\",\"position\":2,\"name\":\"Winkel\",\"item\":\"https:\\\/\\\/kem-europe.eu\\\/winkel\\\/\"},{\"@type\":\"ListItem\",\"position\":3,\"name\":\"Lenox Woodmaster B\"}]},{\"@type\":\"WebSite\",\"@id\":\"https:\\\/\\\/kem-europe.eu\\\/#website\",\"url\":\"https:\\\/\\\/kem-europe.eu\\\/\",\"name\":\"KEM Europe\",\"description\":\"\",\"publisher\":{\"@id\":\"https:\\\/\\\/kem-europe.eu\\\/#organization\"},\"potentialAction\":[{\"@type\":\"SearchAction\",\"target\":{\"@type\":\"EntryPoint\",\"urlTemplate\":\"https:\\\/\\\/kem-europe.eu\\\/?s={search_term_string}\"},\"query-input\":{\"@type\":\"PropertyValueSpecification\",\"valueRequired\":true,\"valueName\":\"search_term_string\"}}],\"inLanguage\":\"de\"},{\"@type\":\"Organization\",\"@id\":\"https:\\\/\\\/kem-europe.eu\\\/#organization\",\"name\":\"KEM Europe\",\"url\":\"https:\\\/\\\/kem-europe.eu\\\/\",\"logo\":{\"@type\":\"ImageObject\",\"inLanguage\":\"de\",\"@id\":\"https:\\\/\\\/kem-europe.eu\\\/#\\\/schema\\\/logo\\\/image\\\/\",\"url\":\"https:\\\/\\\/kem-europe.eu\\\/wp-content\\\/uploads\\\/2025\\\/02\\\/KEM2019-BLACK-1500W.png\",\"contentUrl\":\"https:\\\/\\\/kem-europe.eu\\\/wp-content\\\/uploads\\\/2025\\\/02\\\/KEM2019-BLACK-1500W.png\",\"width\":1500,\"height\":626,\"caption\":\"KEM Europe\"},\"image\":{\"@id\":\"https:\\\/\\\/kem-europe.eu\\\/#\\\/schema\\\/logo\\\/image\\\/\"}}]}<\/script>\n<!-- \/ Yoast SEO plugin. -->","yoast_head_json":{"title":"Lenox Woodmaster B - KEM Europa","robots":{"index":"index","follow":"follow","max-snippet":"max-snippet:-1","max-image-preview":"max-image-preview:large","max-video-preview":"max-video-preview:-1"},"canonical":"https:\/\/kem-europe.eu\/de\/produkt\/lenox-woodmaster-b\/","og_locale":"de_DE","og_type":"article","og_title":"Lenox Woodmaster B - KEM Europe","og_description":"Bi-Metaal zaagblad Blad met uitzonderlijke levensduur De Lenox Bi-metaal Woodmaster levert consistente, betrouwbare prestaties. Zaagt sneller en langer dan een koolstofstaal zaagblad.  De tweedelige stalen constructie zorgt voor een uitstekende levensduur van het blad. Door de Kobalt rijke, high-speed stalen-tand-einden verhoogd de slijtvastheid van het blad.","og_url":"https:\/\/kem-europe.eu\/de\/produkt\/lenox-woodmaster-b\/","og_site_name":"KEM Europe","article_modified_time":"2025-03-26T07:19:47+00:00","og_image":[{"width":700,"height":700,"url":"https:\/\/kem-europe.eu\/wp-content\/uploads\/2025\/02\/Lenox-woodmaster-b.jpg","type":"image\/jpeg"}],"twitter_card":"summary_large_image","twitter_misc":{"Gesch\u00e4tzte Lesezeit":"3\u00a0Minuten"},"schema":{"@context":"https:\/\/schema.org","@graph":[{"@type":"WebPage","@id":"https:\/\/kem-europe.eu\/product\/lenox-woodmaster-b\/","url":"https:\/\/kem-europe.eu\/product\/lenox-woodmaster-b\/","name":"Lenox Woodmaster B - KEM Europa","isPartOf":{"@id":"https:\/\/kem-europe.eu\/#website"},"primaryImageOfPage":{"@id":"https:\/\/kem-europe.eu\/product\/lenox-woodmaster-b\/#primaryimage"},"image":{"@id":"https:\/\/kem-europe.eu\/product\/lenox-woodmaster-b\/#primaryimage"},"thumbnailUrl":"https:\/\/kem-europe.eu\/wp-content\/uploads\/2025\/02\/Lenox-woodmaster-b.jpg","datePublished":"2025-02-27T08:47:40+00:00","dateModified":"2025-03-26T07:19:47+00:00","breadcrumb":{"@id":"https:\/\/kem-europe.eu\/product\/lenox-woodmaster-b\/#breadcrumb"},"inLanguage":"de","potentialAction":[{"@type":"ReadAction","target":["https:\/\/kem-europe.eu\/product\/lenox-woodmaster-b\/"]}]},{"@type":"ImageObject","inLanguage":"de","@id":"https:\/\/kem-europe.eu\/product\/lenox-woodmaster-b\/#primaryimage","url":"https:\/\/kem-europe.eu\/wp-content\/uploads\/2025\/02\/Lenox-woodmaster-b.jpg","contentUrl":"https:\/\/kem-europe.eu\/wp-content\/uploads\/2025\/02\/Lenox-woodmaster-b.jpg","width":700,"height":700},{"@type":"BreadcrumbList","@id":"https:\/\/kem-europe.eu\/product\/lenox-woodmaster-b\/#breadcrumb","itemListElement":[{"@type":"ListItem","position":1,"name":"Home","item":"https:\/\/kem-europe.eu\/"},{"@type":"ListItem","position":2,"name":"Winkel","item":"https:\/\/kem-europe.eu\/winkel\/"},{"@type":"ListItem","position":3,"name":"Lenox Woodmaster B"}]},{"@type":"WebSite","@id":"https:\/\/kem-europe.eu\/#website","url":"https:\/\/kem-europe.eu\/","name":"KEM Europe","description":"","publisher":{"@id":"https:\/\/kem-europe.eu\/#organization"},"potentialAction":[{"@type":"SearchAction","target":{"@type":"EntryPoint","urlTemplate":"https:\/\/kem-europe.eu\/?s={search_term_string}"},"query-input":{"@type":"PropertyValueSpecification","valueRequired":true,"valueName":"search_term_string"}}],"inLanguage":"de"},{"@type":"Organization","@id":"https:\/\/kem-europe.eu\/#organization","name":"KEM Europe","url":"https:\/\/kem-europe.eu\/","logo":{"@type":"ImageObject","inLanguage":"de","@id":"https:\/\/kem-europe.eu\/#\/schema\/logo\/image\/","url":"https:\/\/kem-europe.eu\/wp-content\/uploads\/2025\/02\/KEM2019-BLACK-1500W.png","contentUrl":"https:\/\/kem-europe.eu\/wp-content\/uploads\/2025\/02\/KEM2019-BLACK-1500W.png","width":1500,"height":626,"caption":"KEM Europe"},"image":{"@id":"https:\/\/kem-europe.eu\/#\/schema\/logo\/image\/"}}]}},"_links":{"self":[{"href":"https:\/\/kem-europe.eu\/de\/wp-json\/wp\/v2\/product\/3136","targetHints":{"allow":["GET"]}}],"collection":[{"href":"https:\/\/kem-europe.eu\/de\/wp-json\/wp\/v2\/product"}],"about":[{"href":"https:\/\/kem-europe.eu\/de\/wp-json\/wp\/v2\/types\/product"}],"replies":[{"embeddable":true,"href":"https:\/\/kem-europe.eu\/de\/wp-json\/wp\/v2\/comments?post=3136"}],"wp:featuredmedia":[{"embeddable":true,"href":"https:\/\/kem-europe.eu\/de\/wp-json\/wp\/v2\/media\/3169"}],"wp:attachment":[{"href":"https:\/\/kem-europe.eu\/de\/wp-json\/wp\/v2\/media?parent=3136"}],"wp:term":[{"taxonomy":"product_brand","embeddable":true,"href":"https:\/\/kem-europe.eu\/de\/wp-json\/wp\/v2\/product_brand?post=3136"},{"taxonomy":"product_cat","embeddable":true,"href":"https:\/\/kem-europe.eu\/de\/wp-json\/wp\/v2\/product_cat?post=3136"},{"taxonomy":"product_tag","embeddable":true,"href":"https:\/\/kem-europe.eu\/de\/wp-json\/wp\/v2\/product_tag?post=3136"}],"curies":[{"name":"wp","href":"https:\/\/api.w.org\/{rel}","templated":true}]}}