{"id":3137,"date":"2025-02-27T08:47:40","date_gmt":"2025-02-27T08:47:40","guid":{"rendered":"https:\/\/kem-europe.eu\/?post_type=product&#038;p=3137"},"modified":"2025-03-06T11:08:25","modified_gmt":"2025-03-06T11:08:25","slug":"lenox-woodmaster-ct","status":"publish","type":"product","link":"https:\/\/kem-europe.eu\/de\/product\/lenox-woodmaster-ct\/","title":{"rendered":"Lenox Woodmaster CT"},"content":{"rendered":"<h1>Lenox Woodmaster CT<\/h1>\n<h2 class=\"subtitle\">S\u00e4gebl\u00e4tter mit Hartmetallz\u00e4hnen f\u00fcr optimale Leistung<\/h2>\n<p><strong>Klinge mit au\u00dfergew\u00f6hnlicher Haltbarkeit<\/strong><br \/>\nIdeal f\u00fcr spezielle Holzanwendungen. Entwickelt f\u00fcr l\u00e4ngere Lebensdauer und optimale Geschwindigkeit. Schneidet exotische oder schwer zu bearbeitende Holzarten.<\/p>\n<p>Entwickelt zum Schneiden von Hartholzb\u00f6den, Holzverkleidungen, T\u00e4felungen und anderen Fr\u00e4sanwendungen.<\/p>\n<p>Extreme Schnittgeschwindigkeiten. L\u00e4ngere Werkzeugstandzeiten. Maximale Produktivit\u00e4t.<\/p>","protected":false},"excerpt":{"rendered":"<p>Lenox Woodmaster CT S\u00e4gebl\u00e4tter mit Hartmetallz\u00e4hnen f\u00fcr optimale Leistung S\u00e4geblatt mit au\u00dfergew\u00f6hnlicher Lebensdauer Ideal f\u00fcr spezielle Holzanwendungen. Entwickelt f\u00fcr l\u00e4ngere Lebensdauer und optimale Geschwindigkeit. Schneidet exotische oder schwer zu bearbeitende Holzarten. Entwickelt zum Schneiden von Hartholzb\u00f6den, Holzverkleidungen, T\u00e4felungen und anderen Fr\u00e4sanwendungen. Extreme Schnittgeschwindigkeiten. L\u00e4ngere Werkzeugstandzeit. Maximale Produktivit\u00e4t.<\/p>","protected":false},"featured_media":3170,"comment_status":"closed","ping_status":"closed","template":"","meta":[],"product_brand":[621],"product_cat":[133,568],"product_tag":[],"class_list":{"0":"post-3137","1":"product","2":"type-product","3":"status-publish","4":"has-post-thumbnail","6":"product_brand-lenox","7":"product_cat-bandzagen","8":"product_cat-hout","10":"first","11":"instock","12":"purchasable","13":"product-type-variable"},"ct_brands":[{"id":621,"name":"LENOX","slug":"lenox"}],"yoast_head":"<!-- This site is optimized with the Yoast SEO plugin v27.3 - https:\/\/yoast.com\/product\/yoast-seo-wordpress\/ -->\n<title>Lenox Woodmaster CT - KEM Europe<\/title>\n<meta name=\"robots\" content=\"index, follow, max-snippet:-1, max-image-preview:large, max-video-preview:-1\" \/>\n<link rel=\"canonical\" href=\"https:\/\/kem-europe.eu\/de\/produkt\/lenox-woodmaster-ct\/\" \/>\n<meta property=\"og:locale\" content=\"de_DE\" \/>\n<meta property=\"og:type\" content=\"article\" \/>\n<meta property=\"og:title\" content=\"Lenox Woodmaster CT - KEM Europe\" \/>\n<meta property=\"og:description\" content=\"Lenox Woodmaster CT Zaagbladen met hardmetalen tanden voor optimale prestaties Blad met uitzonderlijke levensduur Ideaal voor speciale hout toepassingen. Ontworpen voor langere levensduur en een optimale snelheid. Zaagt exotische of moeilijker te bewerken hout soorten. Ontworpen om hardhouten vloeren, houten gevelbekleding, lambrisering en andere freeswerk toepassingen te zagen. Extreme snijsnelheden. Langere standtijd. Maximale productiviteit.\" \/>\n<meta property=\"og:url\" content=\"https:\/\/kem-europe.eu\/de\/produkt\/lenox-woodmaster-ct\/\" \/>\n<meta property=\"og:site_name\" content=\"KEM Europe\" \/>\n<meta property=\"article:modified_time\" content=\"2025-03-06T11:08:25+00:00\" \/>\n<meta property=\"og:image\" content=\"https:\/\/kem-europe.eu\/wp-content\/uploads\/2025\/02\/Lenox-woodmaster-ct.jpg\" \/>\n\t<meta property=\"og:image:width\" content=\"700\" \/>\n\t<meta property=\"og:image:height\" content=\"700\" \/>\n\t<meta property=\"og:image:type\" content=\"image\/jpeg\" \/>\n<meta name=\"twitter:card\" content=\"summary_large_image\" \/>\n<meta name=\"twitter:label1\" content=\"Gesch\u00e4tzte Lesezeit\" \/>\n\t<meta name=\"twitter:data1\" content=\"1\u00a0Minute\" \/>\n<script type=\"application\/ld+json\" class=\"yoast-schema-graph\">{\"@context\":\"https:\\\/\\\/schema.org\",\"@graph\":[{\"@type\":\"WebPage\",\"@id\":\"https:\\\/\\\/kem-europe.eu\\\/product\\\/lenox-woodmaster-ct\\\/\",\"url\":\"https:\\\/\\\/kem-europe.eu\\\/product\\\/lenox-woodmaster-ct\\\/\",\"name\":\"Lenox Woodmaster CT - KEM Europe\",\"isPartOf\":{\"@id\":\"https:\\\/\\\/kem-europe.eu\\\/#website\"},\"primaryImageOfPage\":{\"@id\":\"https:\\\/\\\/kem-europe.eu\\\/product\\\/lenox-woodmaster-ct\\\/#primaryimage\"},\"image\":{\"@id\":\"https:\\\/\\\/kem-europe.eu\\\/product\\\/lenox-woodmaster-ct\\\/#primaryimage\"},\"thumbnailUrl\":\"https:\\\/\\\/kem-europe.eu\\\/wp-content\\\/uploads\\\/2025\\\/02\\\/Lenox-woodmaster-ct.jpg\",\"datePublished\":\"2025-02-27T08:47:40+00:00\",\"dateModified\":\"2025-03-06T11:08:25+00:00\",\"breadcrumb\":{\"@id\":\"https:\\\/\\\/kem-europe.eu\\\/product\\\/lenox-woodmaster-ct\\\/#breadcrumb\"},\"inLanguage\":\"de\",\"potentialAction\":[{\"@type\":\"ReadAction\",\"target\":[\"https:\\\/\\\/kem-europe.eu\\\/product\\\/lenox-woodmaster-ct\\\/\"]}]},{\"@type\":\"ImageObject\",\"inLanguage\":\"de\",\"@id\":\"https:\\\/\\\/kem-europe.eu\\\/product\\\/lenox-woodmaster-ct\\\/#primaryimage\",\"url\":\"https:\\\/\\\/kem-europe.eu\\\/wp-content\\\/uploads\\\/2025\\\/02\\\/Lenox-woodmaster-ct.jpg\",\"contentUrl\":\"https:\\\/\\\/kem-europe.eu\\\/wp-content\\\/uploads\\\/2025\\\/02\\\/Lenox-woodmaster-ct.jpg\",\"width\":700,\"height\":700},{\"@type\":\"BreadcrumbList\",\"@id\":\"https:\\\/\\\/kem-europe.eu\\\/product\\\/lenox-woodmaster-ct\\\/#breadcrumb\",\"itemListElement\":[{\"@type\":\"ListItem\",\"position\":1,\"name\":\"Home\",\"item\":\"https:\\\/\\\/kem-europe.eu\\\/\"},{\"@type\":\"ListItem\",\"position\":2,\"name\":\"Winkel\",\"item\":\"https:\\\/\\\/kem-europe.eu\\\/winkel\\\/\"},{\"@type\":\"ListItem\",\"position\":3,\"name\":\"Lenox Woodmaster CT\"}]},{\"@type\":\"WebSite\",\"@id\":\"https:\\\/\\\/kem-europe.eu\\\/#website\",\"url\":\"https:\\\/\\\/kem-europe.eu\\\/\",\"name\":\"KEM Europe\",\"description\":\"\",\"publisher\":{\"@id\":\"https:\\\/\\\/kem-europe.eu\\\/#organization\"},\"potentialAction\":[{\"@type\":\"SearchAction\",\"target\":{\"@type\":\"EntryPoint\",\"urlTemplate\":\"https:\\\/\\\/kem-europe.eu\\\/?s={search_term_string}\"},\"query-input\":{\"@type\":\"PropertyValueSpecification\",\"valueRequired\":true,\"valueName\":\"search_term_string\"}}],\"inLanguage\":\"de\"},{\"@type\":\"Organization\",\"@id\":\"https:\\\/\\\/kem-europe.eu\\\/#organization\",\"name\":\"KEM Europe\",\"url\":\"https:\\\/\\\/kem-europe.eu\\\/\",\"logo\":{\"@type\":\"ImageObject\",\"inLanguage\":\"de\",\"@id\":\"https:\\\/\\\/kem-europe.eu\\\/#\\\/schema\\\/logo\\\/image\\\/\",\"url\":\"https:\\\/\\\/kem-europe.eu\\\/wp-content\\\/uploads\\\/2025\\\/02\\\/KEM2019-BLACK-1500W.png\",\"contentUrl\":\"https:\\\/\\\/kem-europe.eu\\\/wp-content\\\/uploads\\\/2025\\\/02\\\/KEM2019-BLACK-1500W.png\",\"width\":1500,\"height\":626,\"caption\":\"KEM Europe\"},\"image\":{\"@id\":\"https:\\\/\\\/kem-europe.eu\\\/#\\\/schema\\\/logo\\\/image\\\/\"}}]}<\/script>\n<!-- \/ Yoast SEO plugin. -->","yoast_head_json":{"title":"Lenox Woodmaster CT - KEM Europa","robots":{"index":"index","follow":"follow","max-snippet":"max-snippet:-1","max-image-preview":"max-image-preview:large","max-video-preview":"max-video-preview:-1"},"canonical":"https:\/\/kem-europe.eu\/de\/produkt\/lenox-woodmaster-ct\/","og_locale":"de_DE","og_type":"article","og_title":"Lenox Woodmaster CT - KEM Europe","og_description":"Lenox Woodmaster CT Zaagbladen met hardmetalen tanden voor optimale prestaties Blad met uitzonderlijke levensduur Ideaal voor speciale hout toepassingen. Ontworpen voor langere levensduur en een optimale snelheid. Zaagt exotische of moeilijker te bewerken hout soorten. Ontworpen om hardhouten vloeren, houten gevelbekleding, lambrisering en andere freeswerk toepassingen te zagen. Extreme snijsnelheden. Langere standtijd. Maximale productiviteit.","og_url":"https:\/\/kem-europe.eu\/de\/produkt\/lenox-woodmaster-ct\/","og_site_name":"KEM Europe","article_modified_time":"2025-03-06T11:08:25+00:00","og_image":[{"width":700,"height":700,"url":"https:\/\/kem-europe.eu\/wp-content\/uploads\/2025\/02\/Lenox-woodmaster-ct.jpg","type":"image\/jpeg"}],"twitter_card":"summary_large_image","twitter_misc":{"Gesch\u00e4tzte Lesezeit":"1\u00a0Minute"},"schema":{"@context":"https:\/\/schema.org","@graph":[{"@type":"WebPage","@id":"https:\/\/kem-europe.eu\/product\/lenox-woodmaster-ct\/","url":"https:\/\/kem-europe.eu\/product\/lenox-woodmaster-ct\/","name":"Lenox Woodmaster CT - KEM Europa","isPartOf":{"@id":"https:\/\/kem-europe.eu\/#website"},"primaryImageOfPage":{"@id":"https:\/\/kem-europe.eu\/product\/lenox-woodmaster-ct\/#primaryimage"},"image":{"@id":"https:\/\/kem-europe.eu\/product\/lenox-woodmaster-ct\/#primaryimage"},"thumbnailUrl":"https:\/\/kem-europe.eu\/wp-content\/uploads\/2025\/02\/Lenox-woodmaster-ct.jpg","datePublished":"2025-02-27T08:47:40+00:00","dateModified":"2025-03-06T11:08:25+00:00","breadcrumb":{"@id":"https:\/\/kem-europe.eu\/product\/lenox-woodmaster-ct\/#breadcrumb"},"inLanguage":"de","potentialAction":[{"@type":"ReadAction","target":["https:\/\/kem-europe.eu\/product\/lenox-woodmaster-ct\/"]}]},{"@type":"ImageObject","inLanguage":"de","@id":"https:\/\/kem-europe.eu\/product\/lenox-woodmaster-ct\/#primaryimage","url":"https:\/\/kem-europe.eu\/wp-content\/uploads\/2025\/02\/Lenox-woodmaster-ct.jpg","contentUrl":"https:\/\/kem-europe.eu\/wp-content\/uploads\/2025\/02\/Lenox-woodmaster-ct.jpg","width":700,"height":700},{"@type":"BreadcrumbList","@id":"https:\/\/kem-europe.eu\/product\/lenox-woodmaster-ct\/#breadcrumb","itemListElement":[{"@type":"ListItem","position":1,"name":"Home","item":"https:\/\/kem-europe.eu\/"},{"@type":"ListItem","position":2,"name":"Winkel","item":"https:\/\/kem-europe.eu\/winkel\/"},{"@type":"ListItem","position":3,"name":"Lenox Woodmaster CT"}]},{"@type":"WebSite","@id":"https:\/\/kem-europe.eu\/#website","url":"https:\/\/kem-europe.eu\/","name":"KEM Europe","description":"","publisher":{"@id":"https:\/\/kem-europe.eu\/#organization"},"potentialAction":[{"@type":"SearchAction","target":{"@type":"EntryPoint","urlTemplate":"https:\/\/kem-europe.eu\/?s={search_term_string}"},"query-input":{"@type":"PropertyValueSpecification","valueRequired":true,"valueName":"search_term_string"}}],"inLanguage":"de"},{"@type":"Organization","@id":"https:\/\/kem-europe.eu\/#organization","name":"KEM Europe","url":"https:\/\/kem-europe.eu\/","logo":{"@type":"ImageObject","inLanguage":"de","@id":"https:\/\/kem-europe.eu\/#\/schema\/logo\/image\/","url":"https:\/\/kem-europe.eu\/wp-content\/uploads\/2025\/02\/KEM2019-BLACK-1500W.png","contentUrl":"https:\/\/kem-europe.eu\/wp-content\/uploads\/2025\/02\/KEM2019-BLACK-1500W.png","width":1500,"height":626,"caption":"KEM Europe"},"image":{"@id":"https:\/\/kem-europe.eu\/#\/schema\/logo\/image\/"}}]}},"_links":{"self":[{"href":"https:\/\/kem-europe.eu\/de\/wp-json\/wp\/v2\/product\/3137","targetHints":{"allow":["GET"]}}],"collection":[{"href":"https:\/\/kem-europe.eu\/de\/wp-json\/wp\/v2\/product"}],"about":[{"href":"https:\/\/kem-europe.eu\/de\/wp-json\/wp\/v2\/types\/product"}],"replies":[{"embeddable":true,"href":"https:\/\/kem-europe.eu\/de\/wp-json\/wp\/v2\/comments?post=3137"}],"wp:featuredmedia":[{"embeddable":true,"href":"https:\/\/kem-europe.eu\/de\/wp-json\/wp\/v2\/media\/3170"}],"wp:attachment":[{"href":"https:\/\/kem-europe.eu\/de\/wp-json\/wp\/v2\/media?parent=3137"}],"wp:term":[{"taxonomy":"product_brand","embeddable":true,"href":"https:\/\/kem-europe.eu\/de\/wp-json\/wp\/v2\/product_brand?post=3137"},{"taxonomy":"product_cat","embeddable":true,"href":"https:\/\/kem-europe.eu\/de\/wp-json\/wp\/v2\/product_cat?post=3137"},{"taxonomy":"product_tag","embeddable":true,"href":"https:\/\/kem-europe.eu\/de\/wp-json\/wp\/v2\/product_tag?post=3137"}],"curies":[{"name":"wp","href":"https:\/\/api.w.org\/{rel}","templated":true}]}}