{"id":3216,"date":"2025-02-27T08:49:21","date_gmt":"2025-02-27T08:49:21","guid":{"rendered":"https:\/\/kem-europe.eu\/?post_type=product&#038;p=3216"},"modified":"2025-06-06T06:39:35","modified_gmt":"2025-06-06T06:39:35","slug":"keyang-dg1102c-winkelschleifer-125mm-1100w","status":"publish","type":"product","link":"https:\/\/kem-europe.eu\/de\/product\/keyang-dg1102c-haakse-slijper-125-mm-1100w\/","title":{"rendered":"Keyang DG1102C Winkelschleifer - 125 mm 1100W"},"content":{"rendered":"<p><strong>Eigenschaften Keyang DG1102C Winkelschleifer 125mm 1100W<br \/>\n<\/strong><\/p>\n<ul>\n<li>Konstante Geschwindigkeit<\/li>\n<li>Selbstverschiebende Kohleb\u00fcrsten<\/li>\n<li>Verdrehsichere Schutzkappe<\/li>\n<li>Starke Leistung und hervorragende Haltbarkeit<\/li>\n<li>Schutzh\u00fclle schnell und einfach verstellbar, sch\u00fctzt zuverl\u00e4ssig<\/li>\n<li>Direkte K\u00fchlung f\u00fcr hohe \u00dcberlastf\u00e4higkeit und lange Lebensdauer<\/li>\n<li>Einfach zu handhaben durch schlankes Geh\u00e4use<\/li>\n<li>Geeignet zum Schneiden von Steinen<\/li>\n<li>Geeignet f\u00fcr Schnellspannmutter SDS<\/li>\n<li>Handgriff links und rechts montierbar<\/li>\n<li>Auch f\u00fcr Linksh\u00e4nder geeignet<\/li>\n<\/ul>\n<p><strong>Technische Daten<\/strong><\/p>\n<ul>\n<li>Nominale Leistungsaufnahme - 1100 W<\/li>\n<li>Spindeladapter - M14<\/li>\n<li>Leerlaufdrehzahl - 11.500 \/min<\/li>\n<li>Durchmesser - 125 mm<\/li>\n<li>Gewicht - 1,6 kg<\/li>\n<\/ul>\n<p><strong>Umfang der Lieferung<\/strong><\/p>\n<ul>\n<li>Keyang DG1102C Winkelschleifer - 125 mm 1100W<\/li>\n<li>1x Schutzkappe<\/li>\n<li>1x Handgriff<\/li>\n<li>1x Aufnahmeobjektiv<\/li>\n<li>1x \u00dcberwurfmutter<\/li>\n<li>1x Schl\u00fcssel<\/li>\n<li>Geliefert im Karton<\/li>\n<\/ul>\n<hr \/>\n<p><span style=\"font-size: 24px;\"><strong>\u00dcber Keyang<\/strong><\/span><\/p>\n<div id=\"text-block-dc06be16fea35fffb4c65b6aa8f99557\" class=\"sh-text-block\">\n<p><span style=\"font-size: 16px;\">Das Forschungs- und Entwicklungszentrum von Keyang treibt die Zukunft des Unternehmens voran, indem es innovative Ans\u00e4tze f\u00fcr die Entwicklung neuer Produkte entwickelt. Keyang strebt nach vollst\u00e4ndiger Kundenzufriedenheit und ist der Ansicht, dass die Entwicklung neuer Produkte eine entscheidende Aufgabe ist, um dieses Ziel zu erreichen. Keyang, ein f\u00fchrendes Unternehmen im Bereich Elektrowerkzeuge und Motoren f\u00fcr den Hausgebrauch, gr\u00fcndete sein F&amp;E-Zentrum im Jahr 1989. Die kontinuierlichen Investitionen in Forschung und Entwicklung haben die technologischen F\u00e4higkeiten des Unternehmens verbessert. Diese Konzentration auf die Entwicklung der besten Produkte hat nicht nur unsere bestehenden Produkte verbessert, sondern Keyang auch die Expansion in die Bereiche E-Mobilit\u00e4t, Gesundheit und Freizeit erm\u00f6glicht.<\/span><\/p>\n<p><span style=\"font-size: 16px;\">Die koreanische Marke stellt seit \u00fcber 40 Jahren hochwertige Bau- und Industriemaschinen her. Seit mehr als 25 Jahren produziert sie auch f\u00fcr mehrere A-Marken auf dem europ\u00e4ischen Markt (u.a. Kress &amp; Spit). Keyang \u00fcbertrumpft seine Konkurrenten, indem es hervorragende Qualit\u00e4t zu einem fairen Preis liefert. Von seiner Position als Marktf\u00fchrer auf dem koreanischen Markt hat das Unternehmen nun begonnen, sich auch auf den europ\u00e4ischen Markt zu konzentrieren. In relativ kurzer Zeit hat sich die koreanische Marke zu einer vertrauensw\u00fcrdigen Marke auf der Baustelle entwickelt. Das hat nichts mit ausgekl\u00fcgeltem Marketing zu tun, sondern vor allem mit\u00a0<em>Wahrnehmung.<\/em><\/span><\/p>\n<p><strong>Warum die DG1102C?<\/strong><\/p>\n<\/div>\n<p>Der elektrische Winkelschleifer Keyang DG-1102C ist ein sehr leichtes, leistungsstarkes und erschwingliches Hilfsmittel f\u00fcr industrielle Anwendungen. Seine funktionellen Parameter und seine au\u00dfergew\u00f6hnliche Langlebigkeit sind die Hauptmerkmale f\u00fcr viele unserer Partner. Die Elektrowerkzeuge von KEYANG stellen st\u00e4ndig ihre hohe Qualit\u00e4t unter Beweis, die in vielen F\u00e4llen die historisch erfahrenen Marken \u00fcbertrifft.<\/p>","protected":false},"excerpt":{"rendered":"<table>\n<tbody>\n<tr>\n<td class=\"echotable\">Doppelte Isolierung<\/td>\n<td class=\"echotable\">Leichtgewicht<\/td>\n<\/tr>\n<tr>\n<td class=\"echotable\">Seitlicher Griff<\/td>\n<td class=\"echotable\">Auto-Stopp-Kohleb\u00fcrsten<\/td>\n<\/tr>\n<\/tbody>\n<tbody>\n<tr>\n<td class=\"echotable\">Konstante Geschwindigkeit<\/td>\n<\/tr>\n<\/tbody>\n<\/table>\n<p><strong>Umfang der Lieferung<\/strong><\/p>\n<ul>\n<li>Keyang DG1102C Winkelschleifer - 125 mm 1100W<\/li>\n<li>1x Schutzkappe<\/li>\n<li>1x Handgriff<\/li>\n<li>1x Aufnahmeobjektiv<\/li>\n<li>1x \u00dcberwurfmutter<\/li>\n<li>1x Schl\u00fcssel<\/li>\n<li>Geliefert im Karton<\/li>\n<\/ul>","protected":false},"featured_media":3233,"comment_status":"closed","ping_status":"closed","template":"","meta":[],"product_brand":[624],"product_cat":[137,17],"product_tag":[],"class_list":{"0":"post-3216","1":"product","2":"type-product","3":"status-publish","4":"has-post-thumbnail","6":"product_brand-keyang","7":"product_cat-haakse-slijper","8":"product_cat-machines","10":"first","11":"instock","12":"product-type-simple"},"ct_brands":[{"id":624,"name":"KEYANG","slug":"keyang"}],"yoast_head":"<!-- This site is optimized with the Yoast SEO plugin v27.3 - https:\/\/yoast.com\/product\/yoast-seo-wordpress\/ -->\n<title>Haakse slijper 125mm 1100W DG1102C Keyang l KEM-EUROPE<\/title>\n<meta name=\"description\" content=\"Haakse slijper 125mm 1100W DG1102C Keyang - Beschikt over directe koeling voor hoog overbelastingsvermogen en een lange levensduur.\" \/>\n<meta name=\"robots\" content=\"index, follow, max-snippet:-1, max-image-preview:large, max-video-preview:-1\" \/>\n<link rel=\"canonical\" href=\"https:\/\/kem-europe.eu\/de\/produkt\/keyang-dg1102c-winkelschleifer-125mm-1100w\/\" \/>\n<meta property=\"og:locale\" content=\"de_DE\" \/>\n<meta property=\"og:type\" content=\"article\" \/>\n<meta property=\"og:title\" content=\"Haakse slijper 125mm 1100W DG1102C Keyang l KEM-EUROPE\" \/>\n<meta property=\"og:description\" content=\"Haakse slijper 125mm 1100W DG1102C Keyang - Beschikt over directe koeling voor hoog overbelastingsvermogen en een lange levensduur.\" \/>\n<meta property=\"og:url\" content=\"https:\/\/kem-europe.eu\/de\/produkt\/keyang-dg1102c-winkelschleifer-125mm-1100w\/\" \/>\n<meta property=\"og:site_name\" content=\"KEM Europe\" \/>\n<meta property=\"article:modified_time\" content=\"2025-06-06T06:39:35+00:00\" \/>\n<meta property=\"og:image\" content=\"https:\/\/kem-europe.eu\/wp-content\/uploads\/2025\/02\/DG1102C_01_72DPI_TR.png\" \/>\n\t<meta property=\"og:image:width\" content=\"700\" \/>\n\t<meta property=\"og:image:height\" content=\"700\" \/>\n\t<meta property=\"og:image:type\" content=\"image\/png\" \/>\n<meta name=\"twitter:card\" content=\"summary_large_image\" \/>\n<meta name=\"twitter:label1\" content=\"Gesch\u00e4tzte Lesezeit\" \/>\n\t<meta name=\"twitter:data1\" content=\"3\u00a0Minuten\" \/>\n<script type=\"application\/ld+json\" class=\"yoast-schema-graph\">{\"@context\":\"https:\\\/\\\/schema.org\",\"@graph\":[{\"@type\":\"WebPage\",\"@id\":\"https:\\\/\\\/kem-europe.eu\\\/product\\\/keyang-dg1102c-haakse-slijper-125-mm-1100w\\\/\",\"url\":\"https:\\\/\\\/kem-europe.eu\\\/product\\\/keyang-dg1102c-haakse-slijper-125-mm-1100w\\\/\",\"name\":\"Haakse slijper 125mm 1100W DG1102C Keyang l KEM-EUROPE\",\"isPartOf\":{\"@id\":\"https:\\\/\\\/kem-europe.eu\\\/#website\"},\"primaryImageOfPage\":{\"@id\":\"https:\\\/\\\/kem-europe.eu\\\/product\\\/keyang-dg1102c-haakse-slijper-125-mm-1100w\\\/#primaryimage\"},\"image\":{\"@id\":\"https:\\\/\\\/kem-europe.eu\\\/product\\\/keyang-dg1102c-haakse-slijper-125-mm-1100w\\\/#primaryimage\"},\"thumbnailUrl\":\"https:\\\/\\\/kem-europe.eu\\\/wp-content\\\/uploads\\\/2025\\\/02\\\/DG1102C_01_72DPI_TR.png\",\"datePublished\":\"2025-02-27T08:49:21+00:00\",\"dateModified\":\"2025-06-06T06:39:35+00:00\",\"description\":\"Haakse slijper 125mm 1100W DG1102C Keyang - Beschikt over directe koeling voor hoog overbelastingsvermogen en een lange levensduur.\",\"breadcrumb\":{\"@id\":\"https:\\\/\\\/kem-europe.eu\\\/product\\\/keyang-dg1102c-haakse-slijper-125-mm-1100w\\\/#breadcrumb\"},\"inLanguage\":\"de\",\"potentialAction\":[{\"@type\":\"ReadAction\",\"target\":[\"https:\\\/\\\/kem-europe.eu\\\/product\\\/keyang-dg1102c-haakse-slijper-125-mm-1100w\\\/\"]}]},{\"@type\":\"ImageObject\",\"inLanguage\":\"de\",\"@id\":\"https:\\\/\\\/kem-europe.eu\\\/product\\\/keyang-dg1102c-haakse-slijper-125-mm-1100w\\\/#primaryimage\",\"url\":\"https:\\\/\\\/kem-europe.eu\\\/wp-content\\\/uploads\\\/2025\\\/02\\\/DG1102C_01_72DPI_TR.png\",\"contentUrl\":\"https:\\\/\\\/kem-europe.eu\\\/wp-content\\\/uploads\\\/2025\\\/02\\\/DG1102C_01_72DPI_TR.png\",\"width\":700,\"height\":700},{\"@type\":\"BreadcrumbList\",\"@id\":\"https:\\\/\\\/kem-europe.eu\\\/product\\\/keyang-dg1102c-haakse-slijper-125-mm-1100w\\\/#breadcrumb\",\"itemListElement\":[{\"@type\":\"ListItem\",\"position\":1,\"name\":\"Home\",\"item\":\"https:\\\/\\\/kem-europe.eu\\\/\"},{\"@type\":\"ListItem\",\"position\":2,\"name\":\"Winkel\",\"item\":\"https:\\\/\\\/kem-europe.eu\\\/winkel\\\/\"},{\"@type\":\"ListItem\",\"position\":3,\"name\":\"Keyang DG1102C Haakse slijper &#8211; 125 mm 1100W\"}]},{\"@type\":\"WebSite\",\"@id\":\"https:\\\/\\\/kem-europe.eu\\\/#website\",\"url\":\"https:\\\/\\\/kem-europe.eu\\\/\",\"name\":\"KEM Europe\",\"description\":\"\",\"publisher\":{\"@id\":\"https:\\\/\\\/kem-europe.eu\\\/#organization\"},\"potentialAction\":[{\"@type\":\"SearchAction\",\"target\":{\"@type\":\"EntryPoint\",\"urlTemplate\":\"https:\\\/\\\/kem-europe.eu\\\/?s={search_term_string}\"},\"query-input\":{\"@type\":\"PropertyValueSpecification\",\"valueRequired\":true,\"valueName\":\"search_term_string\"}}],\"inLanguage\":\"de\"},{\"@type\":\"Organization\",\"@id\":\"https:\\\/\\\/kem-europe.eu\\\/#organization\",\"name\":\"KEM Europe\",\"url\":\"https:\\\/\\\/kem-europe.eu\\\/\",\"logo\":{\"@type\":\"ImageObject\",\"inLanguage\":\"de\",\"@id\":\"https:\\\/\\\/kem-europe.eu\\\/#\\\/schema\\\/logo\\\/image\\\/\",\"url\":\"https:\\\/\\\/kem-europe.eu\\\/wp-content\\\/uploads\\\/2025\\\/02\\\/KEM2019-BLACK-1500W.png\",\"contentUrl\":\"https:\\\/\\\/kem-europe.eu\\\/wp-content\\\/uploads\\\/2025\\\/02\\\/KEM2019-BLACK-1500W.png\",\"width\":1500,\"height\":626,\"caption\":\"KEM Europe\"},\"image\":{\"@id\":\"https:\\\/\\\/kem-europe.eu\\\/#\\\/schema\\\/logo\\\/image\\\/\"}}]}<\/script>\n<!-- \/ Yoast SEO plugin. -->","yoast_head_json":{"title":"Winkelschleifer 125mm 1100W DG1102C Keyang l KEM-EUROPE","description":"Winkelschleifer 125mm 1100W DG1102C Keyang - Mit direkter K\u00fchlung f\u00fcr hohe \u00dcberlastf\u00e4higkeit und lange Lebensdauer.","robots":{"index":"index","follow":"follow","max-snippet":"max-snippet:-1","max-image-preview":"max-image-preview:large","max-video-preview":"max-video-preview:-1"},"canonical":"https:\/\/kem-europe.eu\/de\/produkt\/keyang-dg1102c-winkelschleifer-125mm-1100w\/","og_locale":"de_DE","og_type":"article","og_title":"Haakse slijper 125mm 1100W DG1102C Keyang l KEM-EUROPE","og_description":"Haakse slijper 125mm 1100W DG1102C Keyang - Beschikt over directe koeling voor hoog overbelastingsvermogen en een lange levensduur.","og_url":"https:\/\/kem-europe.eu\/de\/produkt\/keyang-dg1102c-winkelschleifer-125mm-1100w\/","og_site_name":"KEM Europe","article_modified_time":"2025-06-06T06:39:35+00:00","og_image":[{"width":700,"height":700,"url":"https:\/\/kem-europe.eu\/wp-content\/uploads\/2025\/02\/DG1102C_01_72DPI_TR.png","type":"image\/png"}],"twitter_card":"summary_large_image","twitter_misc":{"Gesch\u00e4tzte Lesezeit":"3\u00a0Minuten"},"schema":{"@context":"https:\/\/schema.org","@graph":[{"@type":"WebPage","@id":"https:\/\/kem-europe.eu\/product\/keyang-dg1102c-haakse-slijper-125-mm-1100w\/","url":"https:\/\/kem-europe.eu\/product\/keyang-dg1102c-haakse-slijper-125-mm-1100w\/","name":"Winkelschleifer 125mm 1100W DG1102C Keyang l KEM-EUROPE","isPartOf":{"@id":"https:\/\/kem-europe.eu\/#website"},"primaryImageOfPage":{"@id":"https:\/\/kem-europe.eu\/product\/keyang-dg1102c-haakse-slijper-125-mm-1100w\/#primaryimage"},"image":{"@id":"https:\/\/kem-europe.eu\/product\/keyang-dg1102c-haakse-slijper-125-mm-1100w\/#primaryimage"},"thumbnailUrl":"https:\/\/kem-europe.eu\/wp-content\/uploads\/2025\/02\/DG1102C_01_72DPI_TR.png","datePublished":"2025-02-27T08:49:21+00:00","dateModified":"2025-06-06T06:39:35+00:00","description":"Winkelschleifer 125mm 1100W DG1102C Keyang - Mit direkter K\u00fchlung f\u00fcr hohe \u00dcberlastf\u00e4higkeit und lange Lebensdauer.","breadcrumb":{"@id":"https:\/\/kem-europe.eu\/product\/keyang-dg1102c-haakse-slijper-125-mm-1100w\/#breadcrumb"},"inLanguage":"de","potentialAction":[{"@type":"ReadAction","target":["https:\/\/kem-europe.eu\/product\/keyang-dg1102c-haakse-slijper-125-mm-1100w\/"]}]},{"@type":"ImageObject","inLanguage":"de","@id":"https:\/\/kem-europe.eu\/product\/keyang-dg1102c-haakse-slijper-125-mm-1100w\/#primaryimage","url":"https:\/\/kem-europe.eu\/wp-content\/uploads\/2025\/02\/DG1102C_01_72DPI_TR.png","contentUrl":"https:\/\/kem-europe.eu\/wp-content\/uploads\/2025\/02\/DG1102C_01_72DPI_TR.png","width":700,"height":700},{"@type":"BreadcrumbList","@id":"https:\/\/kem-europe.eu\/product\/keyang-dg1102c-haakse-slijper-125-mm-1100w\/#breadcrumb","itemListElement":[{"@type":"ListItem","position":1,"name":"Home","item":"https:\/\/kem-europe.eu\/"},{"@type":"ListItem","position":2,"name":"Winkel","item":"https:\/\/kem-europe.eu\/winkel\/"},{"@type":"ListItem","position":3,"name":"Keyang DG1102C Haakse slijper &#8211; 125 mm 1100W"}]},{"@type":"WebSite","@id":"https:\/\/kem-europe.eu\/#website","url":"https:\/\/kem-europe.eu\/","name":"KEM Europe","description":"","publisher":{"@id":"https:\/\/kem-europe.eu\/#organization"},"potentialAction":[{"@type":"SearchAction","target":{"@type":"EntryPoint","urlTemplate":"https:\/\/kem-europe.eu\/?s={search_term_string}"},"query-input":{"@type":"PropertyValueSpecification","valueRequired":true,"valueName":"search_term_string"}}],"inLanguage":"de"},{"@type":"Organization","@id":"https:\/\/kem-europe.eu\/#organization","name":"KEM Europe","url":"https:\/\/kem-europe.eu\/","logo":{"@type":"ImageObject","inLanguage":"de","@id":"https:\/\/kem-europe.eu\/#\/schema\/logo\/image\/","url":"https:\/\/kem-europe.eu\/wp-content\/uploads\/2025\/02\/KEM2019-BLACK-1500W.png","contentUrl":"https:\/\/kem-europe.eu\/wp-content\/uploads\/2025\/02\/KEM2019-BLACK-1500W.png","width":1500,"height":626,"caption":"KEM Europe"},"image":{"@id":"https:\/\/kem-europe.eu\/#\/schema\/logo\/image\/"}}]}},"_links":{"self":[{"href":"https:\/\/kem-europe.eu\/de\/wp-json\/wp\/v2\/product\/3216","targetHints":{"allow":["GET"]}}],"collection":[{"href":"https:\/\/kem-europe.eu\/de\/wp-json\/wp\/v2\/product"}],"about":[{"href":"https:\/\/kem-europe.eu\/de\/wp-json\/wp\/v2\/types\/product"}],"replies":[{"embeddable":true,"href":"https:\/\/kem-europe.eu\/de\/wp-json\/wp\/v2\/comments?post=3216"}],"wp:featuredmedia":[{"embeddable":true,"href":"https:\/\/kem-europe.eu\/de\/wp-json\/wp\/v2\/media\/3233"}],"wp:attachment":[{"href":"https:\/\/kem-europe.eu\/de\/wp-json\/wp\/v2\/media?parent=3216"}],"wp:term":[{"taxonomy":"product_brand","embeddable":true,"href":"https:\/\/kem-europe.eu\/de\/wp-json\/wp\/v2\/product_brand?post=3216"},{"taxonomy":"product_cat","embeddable":true,"href":"https:\/\/kem-europe.eu\/de\/wp-json\/wp\/v2\/product_cat?post=3216"},{"taxonomy":"product_tag","embeddable":true,"href":"https:\/\/kem-europe.eu\/de\/wp-json\/wp\/v2\/product_tag?post=3216"}],"curies":[{"name":"wp","href":"https:\/\/api.w.org\/{rel}","templated":true}]}}