{"id":3223,"date":"2025-02-27T08:49:21","date_gmt":"2025-02-27T08:49:21","guid":{"rendered":"https:\/\/kem-europe.eu\/?post_type=product&#038;p=3223"},"modified":"2025-06-06T06:54:51","modified_gmt":"2025-06-06T06:54:51","slug":"keyang-dg924avta-winkelschleifer-230mm-2400w","status":"publish","type":"product","link":"https:\/\/kem-europe.eu\/de\/product\/keyang-dg924avta-haakse-slijper-230mm-2400w\/","title":{"rendered":"Keyang DG924AVTA Winkelschleifer 230mm 2400W"},"content":{"rendered":"<p><strong>Eigenschaften Keyang DG924AVTA Winkelschleifer 230mm 2400W<\/strong><\/p>\n<ul>\n<li>Weicher Griff<\/li>\n<li>Leistungsstarker 2400-W-Motor<\/li>\n<li>Sanfter Start<\/li>\n<li>Verriegelungsschalter<\/li>\n<li>Anti-Vibrations-Gummigriff<\/li>\n<li>Griff verstellbar 2x 90\u00b0 Grad<\/li>\n<li>Verdrehsichere Schutzkappe<\/li>\n<li>Schnell wechselbarer Radschutz ohne Werkzeug<\/li>\n<li>Schnelle und einfache Einstellung<\/li>\n<li>Direkte K\u00fchlung f\u00fcr hohe \u00dcberlastf\u00e4higkeit und lange Lebensdauer<\/li>\n<li>Geeignet f\u00fcr Schnellspannmutter SDS<\/li>\n<li>Handgriff links und rechts montierbar<\/li>\n<\/ul>\n<p><strong>Technische Daten<\/strong><\/p>\n<ul>\n<li>Nominale Leistungsaufnahme - 2400 W<\/li>\n<li>Spindeladapter - M 14<\/li>\n<li>Scheibentyp zum Schleifen und Schleifen - TYPE27<\/li>\n<li>Scheibentyp zum Schneiden - TYPE42<\/li>\n<li>Leerlaufdrehzahl - 0-6.500 \/min<\/li>\n<li>Durchmesser - 230 mm<\/li>\n<li>Gewicht - 5,9 kg<\/li>\n<\/ul>\n<p><strong>Umfang der Lieferung<\/strong><\/p>\n<ul>\n<li>Keyang DG924AVTA Winkelschleifer 230mm 2400W<\/li>\n<li>1x Schutzkappe<\/li>\n<li>1x Handgriff<\/li>\n<li>1x Aufnahmeobjektiv<\/li>\n<li>1x \u00dcberwurfmutter<\/li>\n<li>1x Schl\u00fcssel<\/li>\n<li>Geliefert im Karton<\/li>\n<\/ul>","protected":false},"excerpt":{"rendered":"<table>\n<tbody>\n<tr>\n<td class=\"echotable\">Doppelte Isolierung<\/td>\n<td class=\"echotable\">Sanfter Start<\/td>\n<\/tr>\n<tr>\n<td class=\"echotable\">Seitlicher Griff<\/td>\n<td class=\"echotable\">Auto-Stopp-Kohleb\u00fcrsten<\/td>\n<\/tr>\n<\/tbody>\n<\/table>\n<p><strong>Umfang der Lieferung<\/strong><\/p>\n<ul>\n<li>Keyang DG924AVTA Winkelschleifer 230mm 2400W<\/li>\n<li>1x Schutzkappe<\/li>\n<li>1x Handgriff<\/li>\n<li>1x Aufnahmeobjektiv<\/li>\n<li>1x \u00dcberwurfmutter<\/li>\n<li>1x Schl\u00fcssel<\/li>\n<li>Geliefert im Karton<\/li>\n<\/ul>","protected":false},"featured_media":3248,"comment_status":"closed","ping_status":"closed","template":"","meta":[],"product_brand":[624],"product_cat":[137,17],"product_tag":[],"class_list":{"0":"post-3223","1":"product","2":"type-product","3":"status-publish","4":"has-post-thumbnail","6":"product_brand-keyang","7":"product_cat-haakse-slijper","8":"product_cat-machines","10":"first","11":"instock","12":"product-type-simple"},"ct_brands":[{"id":624,"name":"KEYANG","slug":"keyang"}],"yoast_head":"<!-- This site is optimized with the Yoast SEO plugin v27.3 - https:\/\/yoast.com\/product\/yoast-seo-wordpress\/ -->\n<title>Haakse slijper 230mm DG924AVTA Keyang l KEM-EUROPE<\/title>\n<meta name=\"description\" content=\"Haakse slijper 230mm DG924AVTA Keyang - Directe koeling voor hoog overbelastingsvermogen en lange levensduur! Krachtige motor van 2400 W!\" \/>\n<meta name=\"robots\" content=\"index, follow, max-snippet:-1, max-image-preview:large, max-video-preview:-1\" \/>\n<link rel=\"canonical\" href=\"https:\/\/kem-europe.eu\/de\/produkt\/keyang-dg924avta-winkelschleifer-230mm-2400w\/\" \/>\n<meta property=\"og:locale\" content=\"de_DE\" \/>\n<meta property=\"og:type\" content=\"article\" \/>\n<meta property=\"og:title\" content=\"Haakse slijper 230mm DG924AVTA Keyang l KEM-EUROPE\" \/>\n<meta property=\"og:description\" content=\"Haakse slijper 230mm DG924AVTA Keyang - Directe koeling voor hoog overbelastingsvermogen en lange levensduur! Krachtige motor van 2400 W!\" \/>\n<meta property=\"og:url\" content=\"https:\/\/kem-europe.eu\/de\/produkt\/keyang-dg924avta-winkelschleifer-230mm-2400w\/\" \/>\n<meta property=\"og:site_name\" content=\"KEM Europe\" \/>\n<meta property=\"article:modified_time\" content=\"2025-06-06T06:54:51+00:00\" \/>\n<meta property=\"og:image\" content=\"https:\/\/kem-europe.eu\/wp-content\/uploads\/2025\/02\/DG924AVTA_09_72DPI_TR.png\" \/>\n\t<meta property=\"og:image:width\" content=\"700\" \/>\n\t<meta property=\"og:image:height\" content=\"700\" \/>\n\t<meta property=\"og:image:type\" content=\"image\/png\" \/>\n<meta name=\"twitter:card\" content=\"summary_large_image\" \/>\n<meta name=\"twitter:label1\" content=\"Gesch\u00e4tzte Lesezeit\" \/>\n\t<meta name=\"twitter:data1\" content=\"1\u00a0Minute\" \/>\n<script type=\"application\/ld+json\" class=\"yoast-schema-graph\">{\"@context\":\"https:\\\/\\\/schema.org\",\"@graph\":[{\"@type\":\"WebPage\",\"@id\":\"https:\\\/\\\/kem-europe.eu\\\/product\\\/keyang-dg924avta-haakse-slijper-230mm-2400w\\\/\",\"url\":\"https:\\\/\\\/kem-europe.eu\\\/product\\\/keyang-dg924avta-haakse-slijper-230mm-2400w\\\/\",\"name\":\"Haakse slijper 230mm DG924AVTA Keyang l KEM-EUROPE\",\"isPartOf\":{\"@id\":\"https:\\\/\\\/kem-europe.eu\\\/#website\"},\"primaryImageOfPage\":{\"@id\":\"https:\\\/\\\/kem-europe.eu\\\/product\\\/keyang-dg924avta-haakse-slijper-230mm-2400w\\\/#primaryimage\"},\"image\":{\"@id\":\"https:\\\/\\\/kem-europe.eu\\\/product\\\/keyang-dg924avta-haakse-slijper-230mm-2400w\\\/#primaryimage\"},\"thumbnailUrl\":\"https:\\\/\\\/kem-europe.eu\\\/wp-content\\\/uploads\\\/2025\\\/02\\\/DG924AVTA_09_72DPI_TR.png\",\"datePublished\":\"2025-02-27T08:49:21+00:00\",\"dateModified\":\"2025-06-06T06:54:51+00:00\",\"description\":\"Haakse slijper 230mm DG924AVTA Keyang - Directe koeling voor hoog overbelastingsvermogen en lange levensduur! Krachtige motor van 2400 W!\",\"breadcrumb\":{\"@id\":\"https:\\\/\\\/kem-europe.eu\\\/product\\\/keyang-dg924avta-haakse-slijper-230mm-2400w\\\/#breadcrumb\"},\"inLanguage\":\"de\",\"potentialAction\":[{\"@type\":\"ReadAction\",\"target\":[\"https:\\\/\\\/kem-europe.eu\\\/product\\\/keyang-dg924avta-haakse-slijper-230mm-2400w\\\/\"]}]},{\"@type\":\"ImageObject\",\"inLanguage\":\"de\",\"@id\":\"https:\\\/\\\/kem-europe.eu\\\/product\\\/keyang-dg924avta-haakse-slijper-230mm-2400w\\\/#primaryimage\",\"url\":\"https:\\\/\\\/kem-europe.eu\\\/wp-content\\\/uploads\\\/2025\\\/02\\\/DG924AVTA_09_72DPI_TR.png\",\"contentUrl\":\"https:\\\/\\\/kem-europe.eu\\\/wp-content\\\/uploads\\\/2025\\\/02\\\/DG924AVTA_09_72DPI_TR.png\",\"width\":700,\"height\":700},{\"@type\":\"BreadcrumbList\",\"@id\":\"https:\\\/\\\/kem-europe.eu\\\/product\\\/keyang-dg924avta-haakse-slijper-230mm-2400w\\\/#breadcrumb\",\"itemListElement\":[{\"@type\":\"ListItem\",\"position\":1,\"name\":\"Home\",\"item\":\"https:\\\/\\\/kem-europe.eu\\\/\"},{\"@type\":\"ListItem\",\"position\":2,\"name\":\"Winkel\",\"item\":\"https:\\\/\\\/kem-europe.eu\\\/winkel\\\/\"},{\"@type\":\"ListItem\",\"position\":3,\"name\":\"Keyang DG924AVTA Haakse slijper 230mm 2400W\"}]},{\"@type\":\"WebSite\",\"@id\":\"https:\\\/\\\/kem-europe.eu\\\/#website\",\"url\":\"https:\\\/\\\/kem-europe.eu\\\/\",\"name\":\"KEM Europe\",\"description\":\"\",\"publisher\":{\"@id\":\"https:\\\/\\\/kem-europe.eu\\\/#organization\"},\"potentialAction\":[{\"@type\":\"SearchAction\",\"target\":{\"@type\":\"EntryPoint\",\"urlTemplate\":\"https:\\\/\\\/kem-europe.eu\\\/?s={search_term_string}\"},\"query-input\":{\"@type\":\"PropertyValueSpecification\",\"valueRequired\":true,\"valueName\":\"search_term_string\"}}],\"inLanguage\":\"de\"},{\"@type\":\"Organization\",\"@id\":\"https:\\\/\\\/kem-europe.eu\\\/#organization\",\"name\":\"KEM Europe\",\"url\":\"https:\\\/\\\/kem-europe.eu\\\/\",\"logo\":{\"@type\":\"ImageObject\",\"inLanguage\":\"de\",\"@id\":\"https:\\\/\\\/kem-europe.eu\\\/#\\\/schema\\\/logo\\\/image\\\/\",\"url\":\"https:\\\/\\\/kem-europe.eu\\\/wp-content\\\/uploads\\\/2025\\\/02\\\/KEM2019-BLACK-1500W.png\",\"contentUrl\":\"https:\\\/\\\/kem-europe.eu\\\/wp-content\\\/uploads\\\/2025\\\/02\\\/KEM2019-BLACK-1500W.png\",\"width\":1500,\"height\":626,\"caption\":\"KEM Europe\"},\"image\":{\"@id\":\"https:\\\/\\\/kem-europe.eu\\\/#\\\/schema\\\/logo\\\/image\\\/\"}}]}<\/script>\n<!-- \/ Yoast SEO plugin. -->","yoast_head_json":{"title":"Winkelschleifer 230mm DG924AVTA Keyang l KEM-EUROPE","description":"Winkelschleifer 230mm DG924AVTA Keyang - Direktk\u00fchlung f\u00fcr hohe \u00dcberlastf\u00e4higkeit und lange Lebensdauer! Leistungsstarker Motor von 2400 W!","robots":{"index":"index","follow":"follow","max-snippet":"max-snippet:-1","max-image-preview":"max-image-preview:large","max-video-preview":"max-video-preview:-1"},"canonical":"https:\/\/kem-europe.eu\/de\/produkt\/keyang-dg924avta-winkelschleifer-230mm-2400w\/","og_locale":"de_DE","og_type":"article","og_title":"Haakse slijper 230mm DG924AVTA Keyang l KEM-EUROPE","og_description":"Haakse slijper 230mm DG924AVTA Keyang - Directe koeling voor hoog overbelastingsvermogen en lange levensduur! Krachtige motor van 2400 W!","og_url":"https:\/\/kem-europe.eu\/de\/produkt\/keyang-dg924avta-winkelschleifer-230mm-2400w\/","og_site_name":"KEM Europe","article_modified_time":"2025-06-06T06:54:51+00:00","og_image":[{"width":700,"height":700,"url":"https:\/\/kem-europe.eu\/wp-content\/uploads\/2025\/02\/DG924AVTA_09_72DPI_TR.png","type":"image\/png"}],"twitter_card":"summary_large_image","twitter_misc":{"Gesch\u00e4tzte Lesezeit":"1\u00a0Minute"},"schema":{"@context":"https:\/\/schema.org","@graph":[{"@type":"WebPage","@id":"https:\/\/kem-europe.eu\/product\/keyang-dg924avta-haakse-slijper-230mm-2400w\/","url":"https:\/\/kem-europe.eu\/product\/keyang-dg924avta-haakse-slijper-230mm-2400w\/","name":"Winkelschleifer 230mm DG924AVTA Keyang l KEM-EUROPE","isPartOf":{"@id":"https:\/\/kem-europe.eu\/#website"},"primaryImageOfPage":{"@id":"https:\/\/kem-europe.eu\/product\/keyang-dg924avta-haakse-slijper-230mm-2400w\/#primaryimage"},"image":{"@id":"https:\/\/kem-europe.eu\/product\/keyang-dg924avta-haakse-slijper-230mm-2400w\/#primaryimage"},"thumbnailUrl":"https:\/\/kem-europe.eu\/wp-content\/uploads\/2025\/02\/DG924AVTA_09_72DPI_TR.png","datePublished":"2025-02-27T08:49:21+00:00","dateModified":"2025-06-06T06:54:51+00:00","description":"Winkelschleifer 230mm DG924AVTA Keyang - Direktk\u00fchlung f\u00fcr hohe \u00dcberlastf\u00e4higkeit und lange Lebensdauer! Leistungsstarker Motor von 2400 W!","breadcrumb":{"@id":"https:\/\/kem-europe.eu\/product\/keyang-dg924avta-haakse-slijper-230mm-2400w\/#breadcrumb"},"inLanguage":"de","potentialAction":[{"@type":"ReadAction","target":["https:\/\/kem-europe.eu\/product\/keyang-dg924avta-haakse-slijper-230mm-2400w\/"]}]},{"@type":"ImageObject","inLanguage":"de","@id":"https:\/\/kem-europe.eu\/product\/keyang-dg924avta-haakse-slijper-230mm-2400w\/#primaryimage","url":"https:\/\/kem-europe.eu\/wp-content\/uploads\/2025\/02\/DG924AVTA_09_72DPI_TR.png","contentUrl":"https:\/\/kem-europe.eu\/wp-content\/uploads\/2025\/02\/DG924AVTA_09_72DPI_TR.png","width":700,"height":700},{"@type":"BreadcrumbList","@id":"https:\/\/kem-europe.eu\/product\/keyang-dg924avta-haakse-slijper-230mm-2400w\/#breadcrumb","itemListElement":[{"@type":"ListItem","position":1,"name":"Home","item":"https:\/\/kem-europe.eu\/"},{"@type":"ListItem","position":2,"name":"Winkel","item":"https:\/\/kem-europe.eu\/winkel\/"},{"@type":"ListItem","position":3,"name":"Keyang DG924AVTA Haakse slijper 230mm 2400W"}]},{"@type":"WebSite","@id":"https:\/\/kem-europe.eu\/#website","url":"https:\/\/kem-europe.eu\/","name":"KEM Europe","description":"","publisher":{"@id":"https:\/\/kem-europe.eu\/#organization"},"potentialAction":[{"@type":"SearchAction","target":{"@type":"EntryPoint","urlTemplate":"https:\/\/kem-europe.eu\/?s={search_term_string}"},"query-input":{"@type":"PropertyValueSpecification","valueRequired":true,"valueName":"search_term_string"}}],"inLanguage":"de"},{"@type":"Organization","@id":"https:\/\/kem-europe.eu\/#organization","name":"KEM Europe","url":"https:\/\/kem-europe.eu\/","logo":{"@type":"ImageObject","inLanguage":"de","@id":"https:\/\/kem-europe.eu\/#\/schema\/logo\/image\/","url":"https:\/\/kem-europe.eu\/wp-content\/uploads\/2025\/02\/KEM2019-BLACK-1500W.png","contentUrl":"https:\/\/kem-europe.eu\/wp-content\/uploads\/2025\/02\/KEM2019-BLACK-1500W.png","width":1500,"height":626,"caption":"KEM Europe"},"image":{"@id":"https:\/\/kem-europe.eu\/#\/schema\/logo\/image\/"}}]}},"_links":{"self":[{"href":"https:\/\/kem-europe.eu\/de\/wp-json\/wp\/v2\/product\/3223","targetHints":{"allow":["GET"]}}],"collection":[{"href":"https:\/\/kem-europe.eu\/de\/wp-json\/wp\/v2\/product"}],"about":[{"href":"https:\/\/kem-europe.eu\/de\/wp-json\/wp\/v2\/types\/product"}],"replies":[{"embeddable":true,"href":"https:\/\/kem-europe.eu\/de\/wp-json\/wp\/v2\/comments?post=3223"}],"wp:featuredmedia":[{"embeddable":true,"href":"https:\/\/kem-europe.eu\/de\/wp-json\/wp\/v2\/media\/3248"}],"wp:attachment":[{"href":"https:\/\/kem-europe.eu\/de\/wp-json\/wp\/v2\/media?parent=3223"}],"wp:term":[{"taxonomy":"product_brand","embeddable":true,"href":"https:\/\/kem-europe.eu\/de\/wp-json\/wp\/v2\/product_brand?post=3223"},{"taxonomy":"product_cat","embeddable":true,"href":"https:\/\/kem-europe.eu\/de\/wp-json\/wp\/v2\/product_cat?post=3223"},{"taxonomy":"product_tag","embeddable":true,"href":"https:\/\/kem-europe.eu\/de\/wp-json\/wp\/v2\/product_tag?post=3223"}],"curies":[{"name":"wp","href":"https:\/\/api.w.org\/{rel}","templated":true}]}}