{"id":3224,"date":"2025-02-27T08:49:21","date_gmt":"2025-02-27T08:49:21","guid":{"rendered":"https:\/\/kem-europe.eu\/?post_type=product&#038;p=3224"},"modified":"2025-06-06T07:31:19","modified_gmt":"2025-06-06T07:31:19","slug":"keyang-kh5000m-abbruchhammer-1050w-sds-max","status":"publish","type":"product","link":"https:\/\/kem-europe.eu\/de\/product\/keyang-kh5000m-hakhamer-1050w-sds-max\/","title":{"rendered":"Keyang KH5000M Hackmaschine - 1050W - SDS Max"},"content":{"rendered":"<p><span style=\"color: #000000;\"><em><strong>Warum Keyang w\u00e4hlen?<br \/>\n<\/strong><\/em><\/span><\/p>\n<p>Die koreanische Marke stellt seit \u00fcber 40 Jahren hochwertige Bau- und Industriemaschinen her. Seit mehr als 25 Jahren produziert sie auch f\u00fcr mehrere A-Marken auf dem europ\u00e4ischen Markt (u.a. Kress &amp; Spit). Keyang \u00fcbertrumpft seine Konkurrenten, indem es hervorragende Qualit\u00e4t zu einem fairen Preis liefert. Von seiner Position als Marktf\u00fchrer auf dem koreanischen Markt hat das Unternehmen nun begonnen, sich auch auf den europ\u00e4ischen Markt zu konzentrieren. In relativ kurzer Zeit hat sich die koreanische Marke zu einer vertrauensw\u00fcrdigen Marke auf der Baustelle entwickelt. Das hat nichts mit ausgekl\u00fcgeltem Marketing zu tun, sondern vor allem mit\u00a0<em>Wahrnehmung.<\/em><\/p>\n<p><strong>Warum sollten Sie sich f\u00fcr den Keyang KH5000M entscheiden?<\/strong><br \/>\nIn Bezug auf Qualit\u00e4t und Anwendung ist der KH5000M absolut vergleichbar mit den Mei\u00dfelh\u00e4mmern der anderen A-Marken auf dem Markt. Wir w\u00fcrden es sogar wagen zu behaupten, dass der Keyang KH5000M in vielen F\u00e4llen von h\u00f6herer Qualit\u00e4t ist. Dank seiner ausgekl\u00fcgelten Konstruktion ist dieses Ger\u00e4t sehr robust und eine lange Lebensdauer ist garantiert.<\/p>\n<p><strong>Merkmale Keyang KH5000M Hackmaschine - 1050W - SDS Max<\/strong><\/p>\n<ul>\n<li>Absolute A-Qualit\u00e4t mit 3 Jahren Herstellergarantie<\/li>\n<li>Austausch von Bits mit einem Tastendruck<\/li>\n<li>Auto-Stopp-Kohleb\u00fcrste<\/li>\n<li>Ergonomisches, kompaktes und schlankes Design f\u00fcr bessere Kontrolle und einfaches Arbeiten auf engem Raum<\/li>\n<li>Die weiche Gummibeschichtung des Griffs reduziert die \u00dcbertragung von Vibrationen auf die H\u00e4nde und sorgt so f\u00fcr weniger Erm\u00fcdung bei l\u00e4ngerem Gebrauch<\/li>\n<li>Ideal f\u00fcr leichte Abbrucharbeiten, Oberfl\u00e4chenbearbeitung oder das Herstellen von Gr\u00e4ben und Durchgangsl\u00f6chern in Stein, Mauerwerk und Leichtbeton<\/li>\n<li>Hervorragendes Leistungsgewicht: 7,5 Joule Schlagenergie mit einem 5-Kilo-Hammer<\/li>\n<li>Active Vibration Control System mit schwimmend gelagertem hinteren Griff und gepolstertem seitlichen Griff reduziert Vibrationen<\/li>\n<li>Der vordere Griff kann um 360\u00b0 gedreht und in verschiedenen Winkeln arretiert werden<\/li>\n<li>Der Mei\u00dfel kann in 12 verschiedenen Positionen arretiert werden, um je nach Anwendung den besten Winkel einzustellen<\/li>\n<li>Elektronische Kohleb\u00fcrstenverschlei\u00df-\/Wartungsanzeige<\/li>\n<\/ul>\n<div>\n<p><strong>Technische Daten<\/strong><\/p>\n<ul>\n<li>Leistung - 1050 W<\/li>\n<li>Schlagfrequenz unbelastet - 3500 \/min<\/li>\n<li>Aufprallkraft - 7,5 Joule<\/li>\n<li>Gewicht - 5,4 kg<\/li>\n<li>Schmierung - Schmierfett<\/li>\n<li>Aufwicklung - SDS-Max<\/li>\n<\/ul>\n<div>\n<p><strong>Umfang der Lieferung<\/strong><\/p>\n<ul>\n<li>Keyang KH5000M Hackmaschine - 1050W - SDS Max<\/li>\n<li>1x Schmierfett<\/li>\n<li>1x einstellbarer Anti-Vibrations-Seitengriff<\/li>\n<li>Geliefert im Koffer<\/li>\n<\/ul>\n<\/div>\n<\/div>","protected":false},"excerpt":{"rendered":"<table>\n<tbody>\n<tr>\n<td class=\"echotable\">Doppelte Isolierung<\/td>\n<td class=\"echotable\">Geschwindigkeitsregelung<\/td>\n<\/tr>\n<tr>\n<td class=\"echotable\">SDS-Max<\/td>\n<td class=\"echotable\">Geringe Vibrationen<\/td>\n<\/tr>\n<\/tbody>\n<tbody>\n<tr>\n<td class=\"echotable\">Auto-Stopp-Kohleb\u00fcrsten<\/td>\n<td class=\"echotable\">Kunststoffgeh\u00e4use<\/td>\n<\/tr>\n<\/tbody>\n<\/table>\n<p>&nbsp;<\/p>\n<p>https:\/\/www.youtube.com\/watch?v=9TaJm_8XGzo<\/p>\n<p>&nbsp;<\/p>\n<p><strong>Umfang der Lieferung<\/strong><\/p>\n<ul>\n<li>Keyang KH5000M Hackmaschine - 1050W - SDS Max<\/li>\n<li>1x Schmierfett<\/li>\n<li>1x einstellbarer Anti-Vibrations-Seitengriff<\/li>\n<li>Geliefert im Koffer<\/li>\n<\/ul>","protected":false},"featured_media":3252,"comment_status":"closed","ping_status":"closed","template":"","meta":[],"product_brand":[624],"product_cat":[608,17],"product_tag":[],"class_list":{"0":"post-3224","1":"product","2":"type-product","3":"status-publish","4":"has-post-thumbnail","6":"product_brand-keyang","7":"product_cat-hakhamer","8":"product_cat-machines","10":"first","11":"instock","12":"product-type-simple"},"ct_brands":[{"id":624,"name":"KEYANG","slug":"keyang"}],"yoast_head":"<!-- This site is optimized with the Yoast SEO plugin v27.3 - https:\/\/yoast.com\/product\/yoast-seo-wordpress\/ -->\n<title>Keyang KH5000M Hakhamer - 1050W - SDS Max - KEM Europe<\/title>\n<meta name=\"robots\" content=\"index, follow, max-snippet:-1, max-image-preview:large, max-video-preview:-1\" \/>\n<link rel=\"canonical\" href=\"https:\/\/kem-europe.eu\/de\/produkt\/keyang-kh5000m-abbruchhammer-1050w-sds-max\/\" \/>\n<meta property=\"og:locale\" content=\"de_DE\" \/>\n<meta property=\"og:type\" content=\"article\" \/>\n<meta property=\"og:title\" content=\"Keyang KH5000M Hakhamer - 1050W - SDS Max - KEM Europe\" \/>\n<meta property=\"og:description\" content=\"Dubbele isolatie Toerental regeling   SDS-Max Lage trillingen     Auto-stop koolborstels Kunststof koffer    &nbsp;  https:\/\/www.youtube.com\/watch?v=9TaJm_8XGzo  &nbsp;  Leveringsomvang   Keyang KH5000M Hakhamer - 1050W - SDS Max  1x Vet  1x Verstelbare anti-vibratie zijhandgreep  Geleverd in koffer\" \/>\n<meta property=\"og:url\" content=\"https:\/\/kem-europe.eu\/de\/produkt\/keyang-kh5000m-abbruchhammer-1050w-sds-max\/\" \/>\n<meta property=\"og:site_name\" content=\"KEM Europe\" \/>\n<meta property=\"article:modified_time\" content=\"2025-06-06T07:31:19+00:00\" \/>\n<meta property=\"og:image\" content=\"https:\/\/kem-europe.eu\/wp-content\/uploads\/2025\/02\/KH5000M_01_72DPI_TR.png\" \/>\n\t<meta property=\"og:image:width\" content=\"700\" \/>\n\t<meta property=\"og:image:height\" content=\"700\" \/>\n\t<meta property=\"og:image:type\" content=\"image\/png\" \/>\n<meta name=\"twitter:card\" content=\"summary_large_image\" \/>\n<meta name=\"twitter:label1\" content=\"Gesch\u00e4tzte Lesezeit\" \/>\n\t<meta name=\"twitter:data1\" content=\"2\u00a0Minuten\" \/>\n<script type=\"application\/ld+json\" class=\"yoast-schema-graph\">{\"@context\":\"https:\\\/\\\/schema.org\",\"@graph\":[{\"@type\":\"WebPage\",\"@id\":\"https:\\\/\\\/kem-europe.eu\\\/product\\\/keyang-kh5000m-hakhamer-1050w-sds-max\\\/\",\"url\":\"https:\\\/\\\/kem-europe.eu\\\/product\\\/keyang-kh5000m-hakhamer-1050w-sds-max\\\/\",\"name\":\"Keyang KH5000M Hakhamer - 1050W - SDS Max - KEM Europe\",\"isPartOf\":{\"@id\":\"https:\\\/\\\/kem-europe.eu\\\/#website\"},\"primaryImageOfPage\":{\"@id\":\"https:\\\/\\\/kem-europe.eu\\\/product\\\/keyang-kh5000m-hakhamer-1050w-sds-max\\\/#primaryimage\"},\"image\":{\"@id\":\"https:\\\/\\\/kem-europe.eu\\\/product\\\/keyang-kh5000m-hakhamer-1050w-sds-max\\\/#primaryimage\"},\"thumbnailUrl\":\"https:\\\/\\\/kem-europe.eu\\\/wp-content\\\/uploads\\\/2025\\\/02\\\/KH5000M_01_72DPI_TR.png\",\"datePublished\":\"2025-02-27T08:49:21+00:00\",\"dateModified\":\"2025-06-06T07:31:19+00:00\",\"breadcrumb\":{\"@id\":\"https:\\\/\\\/kem-europe.eu\\\/product\\\/keyang-kh5000m-hakhamer-1050w-sds-max\\\/#breadcrumb\"},\"inLanguage\":\"de\",\"potentialAction\":[{\"@type\":\"ReadAction\",\"target\":[\"https:\\\/\\\/kem-europe.eu\\\/product\\\/keyang-kh5000m-hakhamer-1050w-sds-max\\\/\"]}]},{\"@type\":\"ImageObject\",\"inLanguage\":\"de\",\"@id\":\"https:\\\/\\\/kem-europe.eu\\\/product\\\/keyang-kh5000m-hakhamer-1050w-sds-max\\\/#primaryimage\",\"url\":\"https:\\\/\\\/kem-europe.eu\\\/wp-content\\\/uploads\\\/2025\\\/02\\\/KH5000M_01_72DPI_TR.png\",\"contentUrl\":\"https:\\\/\\\/kem-europe.eu\\\/wp-content\\\/uploads\\\/2025\\\/02\\\/KH5000M_01_72DPI_TR.png\",\"width\":700,\"height\":700},{\"@type\":\"BreadcrumbList\",\"@id\":\"https:\\\/\\\/kem-europe.eu\\\/product\\\/keyang-kh5000m-hakhamer-1050w-sds-max\\\/#breadcrumb\",\"itemListElement\":[{\"@type\":\"ListItem\",\"position\":1,\"name\":\"Home\",\"item\":\"https:\\\/\\\/kem-europe.eu\\\/\"},{\"@type\":\"ListItem\",\"position\":2,\"name\":\"Winkel\",\"item\":\"https:\\\/\\\/kem-europe.eu\\\/winkel\\\/\"},{\"@type\":\"ListItem\",\"position\":3,\"name\":\"Keyang KH5000M Hakhamer &#8211; 1050W &#8211; SDS Max\"}]},{\"@type\":\"WebSite\",\"@id\":\"https:\\\/\\\/kem-europe.eu\\\/#website\",\"url\":\"https:\\\/\\\/kem-europe.eu\\\/\",\"name\":\"KEM Europe\",\"description\":\"\",\"publisher\":{\"@id\":\"https:\\\/\\\/kem-europe.eu\\\/#organization\"},\"potentialAction\":[{\"@type\":\"SearchAction\",\"target\":{\"@type\":\"EntryPoint\",\"urlTemplate\":\"https:\\\/\\\/kem-europe.eu\\\/?s={search_term_string}\"},\"query-input\":{\"@type\":\"PropertyValueSpecification\",\"valueRequired\":true,\"valueName\":\"search_term_string\"}}],\"inLanguage\":\"de\"},{\"@type\":\"Organization\",\"@id\":\"https:\\\/\\\/kem-europe.eu\\\/#organization\",\"name\":\"KEM Europe\",\"url\":\"https:\\\/\\\/kem-europe.eu\\\/\",\"logo\":{\"@type\":\"ImageObject\",\"inLanguage\":\"de\",\"@id\":\"https:\\\/\\\/kem-europe.eu\\\/#\\\/schema\\\/logo\\\/image\\\/\",\"url\":\"https:\\\/\\\/kem-europe.eu\\\/wp-content\\\/uploads\\\/2025\\\/02\\\/KEM2019-BLACK-1500W.png\",\"contentUrl\":\"https:\\\/\\\/kem-europe.eu\\\/wp-content\\\/uploads\\\/2025\\\/02\\\/KEM2019-BLACK-1500W.png\",\"width\":1500,\"height\":626,\"caption\":\"KEM Europe\"},\"image\":{\"@id\":\"https:\\\/\\\/kem-europe.eu\\\/#\\\/schema\\\/logo\\\/image\\\/\"}}]}<\/script>\n<!-- \/ Yoast SEO plugin. -->","yoast_head_json":{"title":"Keyang KH5000M Hackmaschine - 1050W - SDS Max - KEM Europe","robots":{"index":"index","follow":"follow","max-snippet":"max-snippet:-1","max-image-preview":"max-image-preview:large","max-video-preview":"max-video-preview:-1"},"canonical":"https:\/\/kem-europe.eu\/de\/produkt\/keyang-kh5000m-abbruchhammer-1050w-sds-max\/","og_locale":"de_DE","og_type":"article","og_title":"Keyang KH5000M Hakhamer - 1050W - SDS Max - KEM Europe","og_description":"Dubbele isolatie Toerental regeling   SDS-Max Lage trillingen     Auto-stop koolborstels Kunststof koffer    &nbsp;  https:\/\/www.youtube.com\/watch?v=9TaJm_8XGzo  &nbsp;  Leveringsomvang   Keyang KH5000M Hakhamer - 1050W - SDS Max  1x Vet  1x Verstelbare anti-vibratie zijhandgreep  Geleverd in koffer","og_url":"https:\/\/kem-europe.eu\/de\/produkt\/keyang-kh5000m-abbruchhammer-1050w-sds-max\/","og_site_name":"KEM Europe","article_modified_time":"2025-06-06T07:31:19+00:00","og_image":[{"width":700,"height":700,"url":"https:\/\/kem-europe.eu\/wp-content\/uploads\/2025\/02\/KH5000M_01_72DPI_TR.png","type":"image\/png"}],"twitter_card":"summary_large_image","twitter_misc":{"Gesch\u00e4tzte Lesezeit":"2\u00a0Minuten"},"schema":{"@context":"https:\/\/schema.org","@graph":[{"@type":"WebPage","@id":"https:\/\/kem-europe.eu\/product\/keyang-kh5000m-hakhamer-1050w-sds-max\/","url":"https:\/\/kem-europe.eu\/product\/keyang-kh5000m-hakhamer-1050w-sds-max\/","name":"Keyang KH5000M Hackmaschine - 1050W - SDS Max - KEM Europe","isPartOf":{"@id":"https:\/\/kem-europe.eu\/#website"},"primaryImageOfPage":{"@id":"https:\/\/kem-europe.eu\/product\/keyang-kh5000m-hakhamer-1050w-sds-max\/#primaryimage"},"image":{"@id":"https:\/\/kem-europe.eu\/product\/keyang-kh5000m-hakhamer-1050w-sds-max\/#primaryimage"},"thumbnailUrl":"https:\/\/kem-europe.eu\/wp-content\/uploads\/2025\/02\/KH5000M_01_72DPI_TR.png","datePublished":"2025-02-27T08:49:21+00:00","dateModified":"2025-06-06T07:31:19+00:00","breadcrumb":{"@id":"https:\/\/kem-europe.eu\/product\/keyang-kh5000m-hakhamer-1050w-sds-max\/#breadcrumb"},"inLanguage":"de","potentialAction":[{"@type":"ReadAction","target":["https:\/\/kem-europe.eu\/product\/keyang-kh5000m-hakhamer-1050w-sds-max\/"]}]},{"@type":"ImageObject","inLanguage":"de","@id":"https:\/\/kem-europe.eu\/product\/keyang-kh5000m-hakhamer-1050w-sds-max\/#primaryimage","url":"https:\/\/kem-europe.eu\/wp-content\/uploads\/2025\/02\/KH5000M_01_72DPI_TR.png","contentUrl":"https:\/\/kem-europe.eu\/wp-content\/uploads\/2025\/02\/KH5000M_01_72DPI_TR.png","width":700,"height":700},{"@type":"BreadcrumbList","@id":"https:\/\/kem-europe.eu\/product\/keyang-kh5000m-hakhamer-1050w-sds-max\/#breadcrumb","itemListElement":[{"@type":"ListItem","position":1,"name":"Home","item":"https:\/\/kem-europe.eu\/"},{"@type":"ListItem","position":2,"name":"Winkel","item":"https:\/\/kem-europe.eu\/winkel\/"},{"@type":"ListItem","position":3,"name":"Keyang KH5000M Hakhamer &#8211; 1050W &#8211; SDS Max"}]},{"@type":"WebSite","@id":"https:\/\/kem-europe.eu\/#website","url":"https:\/\/kem-europe.eu\/","name":"KEM Europe","description":"","publisher":{"@id":"https:\/\/kem-europe.eu\/#organization"},"potentialAction":[{"@type":"SearchAction","target":{"@type":"EntryPoint","urlTemplate":"https:\/\/kem-europe.eu\/?s={search_term_string}"},"query-input":{"@type":"PropertyValueSpecification","valueRequired":true,"valueName":"search_term_string"}}],"inLanguage":"de"},{"@type":"Organization","@id":"https:\/\/kem-europe.eu\/#organization","name":"KEM Europe","url":"https:\/\/kem-europe.eu\/","logo":{"@type":"ImageObject","inLanguage":"de","@id":"https:\/\/kem-europe.eu\/#\/schema\/logo\/image\/","url":"https:\/\/kem-europe.eu\/wp-content\/uploads\/2025\/02\/KEM2019-BLACK-1500W.png","contentUrl":"https:\/\/kem-europe.eu\/wp-content\/uploads\/2025\/02\/KEM2019-BLACK-1500W.png","width":1500,"height":626,"caption":"KEM Europe"},"image":{"@id":"https:\/\/kem-europe.eu\/#\/schema\/logo\/image\/"}}]}},"_links":{"self":[{"href":"https:\/\/kem-europe.eu\/de\/wp-json\/wp\/v2\/product\/3224","targetHints":{"allow":["GET"]}}],"collection":[{"href":"https:\/\/kem-europe.eu\/de\/wp-json\/wp\/v2\/product"}],"about":[{"href":"https:\/\/kem-europe.eu\/de\/wp-json\/wp\/v2\/types\/product"}],"replies":[{"embeddable":true,"href":"https:\/\/kem-europe.eu\/de\/wp-json\/wp\/v2\/comments?post=3224"}],"wp:featuredmedia":[{"embeddable":true,"href":"https:\/\/kem-europe.eu\/de\/wp-json\/wp\/v2\/media\/3252"}],"wp:attachment":[{"href":"https:\/\/kem-europe.eu\/de\/wp-json\/wp\/v2\/media?parent=3224"}],"wp:term":[{"taxonomy":"product_brand","embeddable":true,"href":"https:\/\/kem-europe.eu\/de\/wp-json\/wp\/v2\/product_brand?post=3224"},{"taxonomy":"product_cat","embeddable":true,"href":"https:\/\/kem-europe.eu\/de\/wp-json\/wp\/v2\/product_cat?post=3224"},{"taxonomy":"product_tag","embeddable":true,"href":"https:\/\/kem-europe.eu\/de\/wp-json\/wp\/v2\/product_tag?post=3224"}],"curies":[{"name":"wp","href":"https:\/\/api.w.org\/{rel}","templated":true}]}}