{"id":3225,"date":"2025-02-27T08:49:22","date_gmt":"2025-02-27T08:49:22","guid":{"rendered":"https:\/\/kem-europe.eu\/?post_type=product&#038;p=3225"},"modified":"2025-06-06T07:31:49","modified_gmt":"2025-06-06T07:31:49","slug":"keyang-kh6500-abbruchhammer-1300w-40j","status":"publish","type":"product","link":"https:\/\/kem-europe.eu\/de\/product\/keyang-kh6500-hakhamer-1300w-40j\/","title":{"rendered":"Keyang KH6500 Hackmaschine - 1300W - 40J"},"content":{"rendered":"<p><strong>Warum Keyang w\u00e4hlen?<\/strong><\/p>\n<p>Die koreanische Marke stellt seit \u00fcber 40 Jahren hochwertige Bau- und Industriemaschinen her. Seit mehr als 25 Jahren produziert sie auch f\u00fcr mehrere A-Marken auf dem europ\u00e4ischen Markt (u.a. Kress &amp; Spit). Keyang \u00fcbertrumpft seine Konkurrenten, indem es hervorragende Qualit\u00e4t zu einem fairen Preis liefert. Von seiner Position als Marktf\u00fchrer auf dem koreanischen Markt hat das Unternehmen nun begonnen, sich auch auf den europ\u00e4ischen Markt zu konzentrieren. In relativ kurzer Zeit hat sich die koreanische Marke zu einer vertrauensw\u00fcrdigen Marke auf der Baustelle entwickelt. Das hat nichts mit ausgekl\u00fcgeltem Marketing zu tun, sondern vor allem mit\u00a0<em>Wahrnehmung.<\/em><\/p>\n<p><strong><em>Warum sollten Sie sich f\u00fcr den Keyang KH6500 entscheiden?<\/em><\/strong><\/p>\n<p>In Bezug auf Qualit\u00e4t und Anwendung ist der KH 6500 absolut vergleichbar mit den Mei\u00dfelh\u00e4mmern der anderen A-Marken auf dem Markt. Wir w\u00fcrden es sogar wagen zu behaupten, dass der Keyang KH6500 in vielen F\u00e4llen von h\u00f6herer Qualit\u00e4t ist. Dank seiner ausgekl\u00fcgelten Konstruktion ist diese Maschine sehr robust und eine lange Lebensdauer ist garantiert.<\/p>\n<p><strong>Eigenschaften Keyang KH6500 Hackmaschine - 1300W - 40J<br \/>\n<\/strong><\/p>\n<p>Der Keyang KH-6500 Mei\u00dfelhammer hat eine optimierte Bohrung f\u00fcr eine effizientere Kraft\u00fcbertragung. Der zus\u00e4tzliche 360\u00ba-Grad-Griff bietet einen gro\u00dfen Bewegungsspielraum und hohen Bedienkomfort. One-Touch-Sechskantfutter f\u00fcr die einfache Installation und Entfernung von Bits.<\/p>\n<ul>\n<li>Anti-Vibrations-Griffe<\/li>\n<li>Exklusiv f\u00fcr kraftvolle Brecharbeiten<\/li>\n<li>Hohe Aufprallenergie<\/li>\n<li>Methode der \u00d6lschmierung<\/li>\n<li>Solides Aluminiumgeh\u00e4use<\/li>\n<li>Selbstdeaktivierende Kohleb\u00fcrsten<\/li>\n<li>Doppelt isoliert<\/li>\n<li>HEX-SHANK<\/li>\n<\/ul>\n<div>\n<p><strong>Technische Daten<\/strong><\/p>\n<ul>\n<li>Leistungsaufnahme - 1300 W<\/li>\n<li>Schlagfrequenz unbelastet - 1450 \/min<\/li>\n<li>Aufprallenergie - 40 Joule<\/li>\n<li>Schmierung - \u00d6l<\/li>\n<li>Gewicht - 15 kg<\/li>\n<li>Aufnahme - HEX SHANK<\/li>\n<\/ul>\n<div>\n<p><strong>Umfang der Lieferung<\/strong><\/p>\n<ul>\n<li>Keyang KH6500 Hackmaschine - 1300W - 40J<\/li>\n<li>1x Spitzes Stemmeisen<\/li>\n<li>1x Seitengriff<\/li>\n<li>2x Tasten<\/li>\n<li>1x Kohleb\u00fcrste<\/li>\n<li>1x Schraubenschl\u00fcssel<\/li>\n<li>Geliefert im Koffer<\/li>\n<\/ul>\n<\/div>\n<\/div>","protected":false},"excerpt":{"rendered":"<table>\n<tbody>\n<tr>\n<td class=\"echotable\">Seitlicher Griff<\/td>\n<td class=\"echotable\">Geringe Vibrationen<\/td>\n<\/tr>\n<tr>\n<td class=\"echotable\">Auto-Stopp-Kohleb\u00fcrsten<\/td>\n<td class=\"echotable\">Kunststoffgeh\u00e4use<\/td>\n<\/tr>\n<\/tbody>\n<\/table>\n<p>&nbsp;<\/p>\n<p><img loading=\"lazy\" decoding=\"async\" class=\"alignnone wp-image-359561\" src=\"https:\/\/www.bjctools.nl\/wp-content\/uploads\/2017\/05\/Keyang-6500-feature.png\" alt=\"\" width=\"75\" height=\"68\" \/> Sechskant-Werkzeughalter<\/p>\n<p><img loading=\"lazy\" decoding=\"async\" class=\"alignnone wp-image-359562\" src=\"https:\/\/www.bjctools.nl\/wp-content\/uploads\/2017\/05\/Keyang-6500-feature2.png\" alt=\"\" width=\"75\" height=\"68\" \/> 360-Grad-Hilfsgriff<\/p>\n<p><img loading=\"lazy\" decoding=\"async\" class=\"alignnone wp-image-359563\" src=\"https:\/\/www.bjctools.nl\/wp-content\/uploads\/2017\/05\/Keyang-6500-feature3.png\" alt=\"\" width=\"75\" height=\"68\" \/> Entfernung von Au\u00dfenb\u00fcrsten<\/p>\n<p>&nbsp;<\/p>\n<p><strong>Umfang der Lieferung<\/strong><\/p>\n<ul>\n<li>Keyang KH6500 Hackmaschine - 1300W - 40J<\/li>\n<li>1x Spitzes Stemmeisen<\/li>\n<li>1x Seitengriff<\/li>\n<li>2x Tasten<\/li>\n<li>1x Kohleb\u00fcrste<\/li>\n<li>1x Schraubenschl\u00fcssel<\/li>\n<li>Geliefert im Koffer<\/li>\n<\/ul>","protected":false},"featured_media":3254,"comment_status":"closed","ping_status":"closed","template":"","meta":[],"product_brand":[624],"product_cat":[608,17],"product_tag":[],"class_list":{"0":"post-3225","1":"product","2":"type-product","3":"status-publish","4":"has-post-thumbnail","6":"product_brand-keyang","7":"product_cat-hakhamer","8":"product_cat-machines","10":"first","11":"instock","12":"product-type-simple"},"ct_brands":[{"id":624,"name":"KEYANG","slug":"keyang"}],"yoast_head":"<!-- This site is optimized with the Yoast SEO plugin v27.3 - https:\/\/yoast.com\/product\/yoast-seo-wordpress\/ -->\n<title>Keyang KH6500 Hakhamer - 1300W - 40J - KEM Europe<\/title>\n<meta name=\"robots\" content=\"index, follow, max-snippet:-1, max-image-preview:large, max-video-preview:-1\" \/>\n<link rel=\"canonical\" href=\"https:\/\/kem-europe.eu\/de\/produkt\/keyang-kh6500-abbruchhammer-1300w-40j\/\" \/>\n<meta property=\"og:locale\" content=\"de_DE\" \/>\n<meta property=\"og:type\" content=\"article\" \/>\n<meta property=\"og:title\" content=\"Keyang KH6500 Hakhamer - 1300W - 40J - KEM Europe\" \/>\n<meta property=\"og:description\" content=\"Zijhandgreep Lage trillingen   Auto-stop koolborstels Kunststof koffer    &nbsp;   Zeshoekig gereedschapshouder   360 graden extra handgreep   Externe borstelverwijdering  &nbsp;  Leveringsomvang   Keyang KH6500 Hakhamer - 1300W - 40J  1x Puntbeitel  1x Zij-handgreep  2x Sleutels  1x Koolborstel  1x Moersleutel  Geleverd in koffer\" \/>\n<meta property=\"og:url\" content=\"https:\/\/kem-europe.eu\/de\/produkt\/keyang-kh6500-abbruchhammer-1300w-40j\/\" \/>\n<meta property=\"og:site_name\" content=\"KEM Europe\" \/>\n<meta property=\"article:modified_time\" content=\"2025-06-06T07:31:49+00:00\" \/>\n<meta property=\"og:image\" content=\"https:\/\/kem-europe.eu\/wp-content\/uploads\/2025\/02\/KH6500-2.jpg\" \/>\n\t<meta property=\"og:image:width\" content=\"700\" \/>\n\t<meta property=\"og:image:height\" content=\"700\" \/>\n\t<meta property=\"og:image:type\" content=\"image\/jpeg\" \/>\n<meta name=\"twitter:card\" content=\"summary_large_image\" \/>\n<meta name=\"twitter:label1\" content=\"Gesch\u00e4tzte Lesezeit\" \/>\n\t<meta name=\"twitter:data1\" content=\"2\u00a0Minuten\" \/>\n<script type=\"application\/ld+json\" class=\"yoast-schema-graph\">{\"@context\":\"https:\\\/\\\/schema.org\",\"@graph\":[{\"@type\":\"WebPage\",\"@id\":\"https:\\\/\\\/kem-europe.eu\\\/product\\\/keyang-kh6500-hakhamer-1300w-40j\\\/\",\"url\":\"https:\\\/\\\/kem-europe.eu\\\/product\\\/keyang-kh6500-hakhamer-1300w-40j\\\/\",\"name\":\"Keyang KH6500 Hakhamer - 1300W - 40J - KEM Europe\",\"isPartOf\":{\"@id\":\"https:\\\/\\\/kem-europe.eu\\\/#website\"},\"primaryImageOfPage\":{\"@id\":\"https:\\\/\\\/kem-europe.eu\\\/product\\\/keyang-kh6500-hakhamer-1300w-40j\\\/#primaryimage\"},\"image\":{\"@id\":\"https:\\\/\\\/kem-europe.eu\\\/product\\\/keyang-kh6500-hakhamer-1300w-40j\\\/#primaryimage\"},\"thumbnailUrl\":\"https:\\\/\\\/kem-europe.eu\\\/wp-content\\\/uploads\\\/2025\\\/02\\\/KH6500-2.jpg\",\"datePublished\":\"2025-02-27T08:49:22+00:00\",\"dateModified\":\"2025-06-06T07:31:49+00:00\",\"breadcrumb\":{\"@id\":\"https:\\\/\\\/kem-europe.eu\\\/product\\\/keyang-kh6500-hakhamer-1300w-40j\\\/#breadcrumb\"},\"inLanguage\":\"de\",\"potentialAction\":[{\"@type\":\"ReadAction\",\"target\":[\"https:\\\/\\\/kem-europe.eu\\\/product\\\/keyang-kh6500-hakhamer-1300w-40j\\\/\"]}]},{\"@type\":\"ImageObject\",\"inLanguage\":\"de\",\"@id\":\"https:\\\/\\\/kem-europe.eu\\\/product\\\/keyang-kh6500-hakhamer-1300w-40j\\\/#primaryimage\",\"url\":\"https:\\\/\\\/kem-europe.eu\\\/wp-content\\\/uploads\\\/2025\\\/02\\\/KH6500-2.jpg\",\"contentUrl\":\"https:\\\/\\\/kem-europe.eu\\\/wp-content\\\/uploads\\\/2025\\\/02\\\/KH6500-2.jpg\",\"width\":700,\"height\":700},{\"@type\":\"BreadcrumbList\",\"@id\":\"https:\\\/\\\/kem-europe.eu\\\/product\\\/keyang-kh6500-hakhamer-1300w-40j\\\/#breadcrumb\",\"itemListElement\":[{\"@type\":\"ListItem\",\"position\":1,\"name\":\"Home\",\"item\":\"https:\\\/\\\/kem-europe.eu\\\/\"},{\"@type\":\"ListItem\",\"position\":2,\"name\":\"Winkel\",\"item\":\"https:\\\/\\\/kem-europe.eu\\\/winkel\\\/\"},{\"@type\":\"ListItem\",\"position\":3,\"name\":\"Keyang KH6500 Hakhamer &#8211; 1300W &#8211; 40J\"}]},{\"@type\":\"WebSite\",\"@id\":\"https:\\\/\\\/kem-europe.eu\\\/#website\",\"url\":\"https:\\\/\\\/kem-europe.eu\\\/\",\"name\":\"KEM Europe\",\"description\":\"\",\"publisher\":{\"@id\":\"https:\\\/\\\/kem-europe.eu\\\/#organization\"},\"potentialAction\":[{\"@type\":\"SearchAction\",\"target\":{\"@type\":\"EntryPoint\",\"urlTemplate\":\"https:\\\/\\\/kem-europe.eu\\\/?s={search_term_string}\"},\"query-input\":{\"@type\":\"PropertyValueSpecification\",\"valueRequired\":true,\"valueName\":\"search_term_string\"}}],\"inLanguage\":\"de\"},{\"@type\":\"Organization\",\"@id\":\"https:\\\/\\\/kem-europe.eu\\\/#organization\",\"name\":\"KEM Europe\",\"url\":\"https:\\\/\\\/kem-europe.eu\\\/\",\"logo\":{\"@type\":\"ImageObject\",\"inLanguage\":\"de\",\"@id\":\"https:\\\/\\\/kem-europe.eu\\\/#\\\/schema\\\/logo\\\/image\\\/\",\"url\":\"https:\\\/\\\/kem-europe.eu\\\/wp-content\\\/uploads\\\/2025\\\/02\\\/KEM2019-BLACK-1500W.png\",\"contentUrl\":\"https:\\\/\\\/kem-europe.eu\\\/wp-content\\\/uploads\\\/2025\\\/02\\\/KEM2019-BLACK-1500W.png\",\"width\":1500,\"height\":626,\"caption\":\"KEM Europe\"},\"image\":{\"@id\":\"https:\\\/\\\/kem-europe.eu\\\/#\\\/schema\\\/logo\\\/image\\\/\"}}]}<\/script>\n<!-- \/ Yoast SEO plugin. -->","yoast_head_json":{"title":"Keyang KH6500 Hackmaschine - 1300W - 40J - KEM Europe","robots":{"index":"index","follow":"follow","max-snippet":"max-snippet:-1","max-image-preview":"max-image-preview:large","max-video-preview":"max-video-preview:-1"},"canonical":"https:\/\/kem-europe.eu\/de\/produkt\/keyang-kh6500-abbruchhammer-1300w-40j\/","og_locale":"de_DE","og_type":"article","og_title":"Keyang KH6500 Hakhamer - 1300W - 40J - KEM Europe","og_description":"Zijhandgreep Lage trillingen   Auto-stop koolborstels Kunststof koffer    &nbsp;   Zeshoekig gereedschapshouder   360 graden extra handgreep   Externe borstelverwijdering  &nbsp;  Leveringsomvang   Keyang KH6500 Hakhamer - 1300W - 40J  1x Puntbeitel  1x Zij-handgreep  2x Sleutels  1x Koolborstel  1x Moersleutel  Geleverd in koffer","og_url":"https:\/\/kem-europe.eu\/de\/produkt\/keyang-kh6500-abbruchhammer-1300w-40j\/","og_site_name":"KEM Europe","article_modified_time":"2025-06-06T07:31:49+00:00","og_image":[{"width":700,"height":700,"url":"https:\/\/kem-europe.eu\/wp-content\/uploads\/2025\/02\/KH6500-2.jpg","type":"image\/jpeg"}],"twitter_card":"summary_large_image","twitter_misc":{"Gesch\u00e4tzte Lesezeit":"2\u00a0Minuten"},"schema":{"@context":"https:\/\/schema.org","@graph":[{"@type":"WebPage","@id":"https:\/\/kem-europe.eu\/product\/keyang-kh6500-hakhamer-1300w-40j\/","url":"https:\/\/kem-europe.eu\/product\/keyang-kh6500-hakhamer-1300w-40j\/","name":"Keyang KH6500 Hackmaschine - 1300W - 40J - KEM Europe","isPartOf":{"@id":"https:\/\/kem-europe.eu\/#website"},"primaryImageOfPage":{"@id":"https:\/\/kem-europe.eu\/product\/keyang-kh6500-hakhamer-1300w-40j\/#primaryimage"},"image":{"@id":"https:\/\/kem-europe.eu\/product\/keyang-kh6500-hakhamer-1300w-40j\/#primaryimage"},"thumbnailUrl":"https:\/\/kem-europe.eu\/wp-content\/uploads\/2025\/02\/KH6500-2.jpg","datePublished":"2025-02-27T08:49:22+00:00","dateModified":"2025-06-06T07:31:49+00:00","breadcrumb":{"@id":"https:\/\/kem-europe.eu\/product\/keyang-kh6500-hakhamer-1300w-40j\/#breadcrumb"},"inLanguage":"de","potentialAction":[{"@type":"ReadAction","target":["https:\/\/kem-europe.eu\/product\/keyang-kh6500-hakhamer-1300w-40j\/"]}]},{"@type":"ImageObject","inLanguage":"de","@id":"https:\/\/kem-europe.eu\/product\/keyang-kh6500-hakhamer-1300w-40j\/#primaryimage","url":"https:\/\/kem-europe.eu\/wp-content\/uploads\/2025\/02\/KH6500-2.jpg","contentUrl":"https:\/\/kem-europe.eu\/wp-content\/uploads\/2025\/02\/KH6500-2.jpg","width":700,"height":700},{"@type":"BreadcrumbList","@id":"https:\/\/kem-europe.eu\/product\/keyang-kh6500-hakhamer-1300w-40j\/#breadcrumb","itemListElement":[{"@type":"ListItem","position":1,"name":"Home","item":"https:\/\/kem-europe.eu\/"},{"@type":"ListItem","position":2,"name":"Winkel","item":"https:\/\/kem-europe.eu\/winkel\/"},{"@type":"ListItem","position":3,"name":"Keyang KH6500 Hakhamer &#8211; 1300W &#8211; 40J"}]},{"@type":"WebSite","@id":"https:\/\/kem-europe.eu\/#website","url":"https:\/\/kem-europe.eu\/","name":"KEM Europe","description":"","publisher":{"@id":"https:\/\/kem-europe.eu\/#organization"},"potentialAction":[{"@type":"SearchAction","target":{"@type":"EntryPoint","urlTemplate":"https:\/\/kem-europe.eu\/?s={search_term_string}"},"query-input":{"@type":"PropertyValueSpecification","valueRequired":true,"valueName":"search_term_string"}}],"inLanguage":"de"},{"@type":"Organization","@id":"https:\/\/kem-europe.eu\/#organization","name":"KEM Europe","url":"https:\/\/kem-europe.eu\/","logo":{"@type":"ImageObject","inLanguage":"de","@id":"https:\/\/kem-europe.eu\/#\/schema\/logo\/image\/","url":"https:\/\/kem-europe.eu\/wp-content\/uploads\/2025\/02\/KEM2019-BLACK-1500W.png","contentUrl":"https:\/\/kem-europe.eu\/wp-content\/uploads\/2025\/02\/KEM2019-BLACK-1500W.png","width":1500,"height":626,"caption":"KEM Europe"},"image":{"@id":"https:\/\/kem-europe.eu\/#\/schema\/logo\/image\/"}}]}},"_links":{"self":[{"href":"https:\/\/kem-europe.eu\/de\/wp-json\/wp\/v2\/product\/3225","targetHints":{"allow":["GET"]}}],"collection":[{"href":"https:\/\/kem-europe.eu\/de\/wp-json\/wp\/v2\/product"}],"about":[{"href":"https:\/\/kem-europe.eu\/de\/wp-json\/wp\/v2\/types\/product"}],"replies":[{"embeddable":true,"href":"https:\/\/kem-europe.eu\/de\/wp-json\/wp\/v2\/comments?post=3225"}],"wp:featuredmedia":[{"embeddable":true,"href":"https:\/\/kem-europe.eu\/de\/wp-json\/wp\/v2\/media\/3254"}],"wp:attachment":[{"href":"https:\/\/kem-europe.eu\/de\/wp-json\/wp\/v2\/media?parent=3225"}],"wp:term":[{"taxonomy":"product_brand","embeddable":true,"href":"https:\/\/kem-europe.eu\/de\/wp-json\/wp\/v2\/product_brand?post=3225"},{"taxonomy":"product_cat","embeddable":true,"href":"https:\/\/kem-europe.eu\/de\/wp-json\/wp\/v2\/product_cat?post=3225"},{"taxonomy":"product_tag","embeddable":true,"href":"https:\/\/kem-europe.eu\/de\/wp-json\/wp\/v2\/product_tag?post=3225"}],"curies":[{"name":"wp","href":"https:\/\/api.w.org\/{rel}","templated":true}]}}