{"id":3261,"date":"2025-02-27T08:49:44","date_gmt":"2025-02-27T08:49:44","guid":{"rendered":"https:\/\/kem-europe.eu\/?post_type=product&#038;p=3261"},"modified":"2025-06-06T06:40:11","modified_gmt":"2025-06-06T06:40:11","slug":"keyang-dg125-15sv-winkelschleifer-125mm-1500w-drehzahlregelung","status":"publish","type":"product","link":"https:\/\/kem-europe.eu\/de\/product\/keyang-dg125-15sv-haakse-slijper-125mm-1500w-variabel-toerental\/","title":{"rendered":"Keyang DG125-15SV Winkelschleifer 125mm 1500W - Variable Geschwindigkeit"},"content":{"rendered":"<p><strong>Eigenschaften Keyang DG125-15SV Winkelschleifer - 1500W - 125mm - Variable Geschwindigkeit<\/strong><\/p>\n<p><strong>Technische Daten<\/strong><\/p>\n<ul>\n<li>Nominale Leistungsaufnahme - 1500 W<\/li>\n<li>Spindeladapter - M14<\/li>\n<li>Leerlaufdrehzahl - 2.800-11.500 U\/min<\/li>\n<li>Durchmesser - 125 mm<\/li>\n<li>Gewicht - 2,4 kg<\/li>\n<li>Vibrationsschleifen - ah 5,5 m\/s K 1,5 m\/s<\/li>\n<li>Vibrationsschleifen - ah 4,0 m\/s K 1,5 m\/s<\/li>\n<li>Schalldruckpegel - 91 db(A)<\/li>\n<li>Ger\u00e4uschemissionswerte nach EN60745 ermittelt<\/li>\n<\/ul>\n<p><strong>Umfang der Lieferung<\/strong><\/p>\n<ul>\n<li>Keyang DG125-15SV Winkelschleifer<\/li>\n<li>Schutzh\u00fclle<\/li>\n<li>Schraubenschl\u00fcssel<\/li>\n<li>Seitlicher Griff<\/li>\n<li>Schleifteller - TYP 27<\/li>\n<li>Geliefert im Koffer<\/li>\n<\/ul>","protected":false},"excerpt":{"rendered":"<p>Der Keyang DG125-15SV Winkelschleifer zeichnet sich durch eine sehr geringe Vibration und eine direkte K\u00fchlung aus, die eine hohe \u00dcberlastf\u00e4higkeit und eine lange Lebensdauer gew\u00e4hrleistet. Dar\u00fcber hinaus verf\u00fcgt der Winkelschleifer \u00fcber eine perfekte Ergonomie und verbesserte Sicherheitsfunktionen. Noch nie war die maximale Leistung so gut kontrollierbar. Einfach zu bedienen durch das schlanke Geh\u00e4use, schnelle und einfache Einstellung und ausgestattet mit einstellbarer Drehzahl.<\/p>\n<p><strong>Umfang der Lieferung<\/strong><\/p>\n<ul>\n<li>Keyang DG125-15SV Winkelschleifer<\/li>\n<li>Schutzh\u00fclle<\/li>\n<li>Schraubenschl\u00fcssel<\/li>\n<li>Seitlicher Griff<\/li>\n<li>Schleifteller - TYP 27<\/li>\n<li>Geliefert im Koffer<\/li>\n<\/ul>","protected":false},"featured_media":3271,"comment_status":"closed","ping_status":"closed","template":"","meta":[],"product_brand":[624],"product_cat":[137,17],"product_tag":[],"class_list":{"0":"post-3261","1":"product","2":"type-product","3":"status-publish","4":"has-post-thumbnail","6":"product_brand-keyang","7":"product_cat-haakse-slijper","8":"product_cat-machines","10":"first","11":"instock","12":"shipping-taxable","13":"product-type-simple"},"ct_brands":[{"id":624,"name":"KEYANG","slug":"keyang"}],"yoast_head":"<!-- This site is optimized with the Yoast SEO plugin v27.3 - https:\/\/yoast.com\/product\/yoast-seo-wordpress\/ -->\n<title>Keyang DG125-15SV Haakse slijper 125mm 1500W \u2013 Variabel toerental - KEM Europe<\/title>\n<meta name=\"robots\" content=\"index, follow, max-snippet:-1, max-image-preview:large, max-video-preview:-1\" \/>\n<link rel=\"canonical\" href=\"https:\/\/kem-europe.eu\/de\/produkt\/keyang-dg125-15sv-winkelschleifer-125mm-1500w-drehzahlregelung\/\" \/>\n<meta property=\"og:locale\" content=\"de_DE\" \/>\n<meta property=\"og:type\" content=\"article\" \/>\n<meta property=\"og:title\" content=\"Keyang DG125-15SV Haakse slijper 125mm 1500W \u2013 Variabel toerental - KEM Europe\" \/>\n<meta property=\"og:description\" content=\"De Keyang DG125-15SV Haakse slijper voorzien van zeer lage vibratie en een directe koeling voor hoog overbelastingsvermogen en lange levensduur. Daarnaast beschikt de haakse slijper over een perfecte ergonomie en heeft het verbeterde veiligheidsvoorzieningen. Nooit eerder was het maximale vermogen zo beheersbaar. Gemakkelijk in gebruik door de slanke behuizing, snel en eenvoudig verstelbaar en voorzien van een regelbaar toerental.  Leveringsomvang   Keyang DG125-15SV Haakse slijper  Beschermkap  Moersleutel  Zijhandgreep  Schuurschijf - TYPE 27  Geleverd in koffer\" \/>\n<meta property=\"og:url\" content=\"https:\/\/kem-europe.eu\/de\/produkt\/keyang-dg125-15sv-winkelschleifer-125mm-1500w-drehzahlregelung\/\" \/>\n<meta property=\"og:site_name\" content=\"KEM Europe\" \/>\n<meta property=\"article:modified_time\" content=\"2025-06-06T06:40:11+00:00\" \/>\n<meta property=\"og:image\" content=\"https:\/\/kem-europe.eu\/wp-content\/uploads\/2025\/02\/keyang11.png\" \/>\n\t<meta property=\"og:image:width\" content=\"693\" \/>\n\t<meta property=\"og:image:height\" content=\"693\" \/>\n\t<meta property=\"og:image:type\" content=\"image\/png\" \/>\n<meta name=\"twitter:card\" content=\"summary_large_image\" \/>\n<meta name=\"twitter:label1\" content=\"Gesch\u00e4tzte Lesezeit\" \/>\n\t<meta name=\"twitter:data1\" content=\"1\u00a0Minute\" \/>\n<script type=\"application\/ld+json\" class=\"yoast-schema-graph\">{\"@context\":\"https:\\\/\\\/schema.org\",\"@graph\":[{\"@type\":\"WebPage\",\"@id\":\"https:\\\/\\\/kem-europe.eu\\\/product\\\/keyang-dg125-15sv-haakse-slijper-125mm-1500w-variabel-toerental\\\/\",\"url\":\"https:\\\/\\\/kem-europe.eu\\\/product\\\/keyang-dg125-15sv-haakse-slijper-125mm-1500w-variabel-toerental\\\/\",\"name\":\"Keyang DG125-15SV Haakse slijper 125mm 1500W \u2013 Variabel toerental - KEM Europe\",\"isPartOf\":{\"@id\":\"https:\\\/\\\/kem-europe.eu\\\/#website\"},\"primaryImageOfPage\":{\"@id\":\"https:\\\/\\\/kem-europe.eu\\\/product\\\/keyang-dg125-15sv-haakse-slijper-125mm-1500w-variabel-toerental\\\/#primaryimage\"},\"image\":{\"@id\":\"https:\\\/\\\/kem-europe.eu\\\/product\\\/keyang-dg125-15sv-haakse-slijper-125mm-1500w-variabel-toerental\\\/#primaryimage\"},\"thumbnailUrl\":\"https:\\\/\\\/kem-europe.eu\\\/wp-content\\\/uploads\\\/2025\\\/02\\\/keyang11.png\",\"datePublished\":\"2025-02-27T08:49:44+00:00\",\"dateModified\":\"2025-06-06T06:40:11+00:00\",\"breadcrumb\":{\"@id\":\"https:\\\/\\\/kem-europe.eu\\\/product\\\/keyang-dg125-15sv-haakse-slijper-125mm-1500w-variabel-toerental\\\/#breadcrumb\"},\"inLanguage\":\"de\",\"potentialAction\":[{\"@type\":\"ReadAction\",\"target\":[\"https:\\\/\\\/kem-europe.eu\\\/product\\\/keyang-dg125-15sv-haakse-slijper-125mm-1500w-variabel-toerental\\\/\"]}]},{\"@type\":\"ImageObject\",\"inLanguage\":\"de\",\"@id\":\"https:\\\/\\\/kem-europe.eu\\\/product\\\/keyang-dg125-15sv-haakse-slijper-125mm-1500w-variabel-toerental\\\/#primaryimage\",\"url\":\"https:\\\/\\\/kem-europe.eu\\\/wp-content\\\/uploads\\\/2025\\\/02\\\/keyang11.png\",\"contentUrl\":\"https:\\\/\\\/kem-europe.eu\\\/wp-content\\\/uploads\\\/2025\\\/02\\\/keyang11.png\",\"width\":693,\"height\":693},{\"@type\":\"BreadcrumbList\",\"@id\":\"https:\\\/\\\/kem-europe.eu\\\/product\\\/keyang-dg125-15sv-haakse-slijper-125mm-1500w-variabel-toerental\\\/#breadcrumb\",\"itemListElement\":[{\"@type\":\"ListItem\",\"position\":1,\"name\":\"Home\",\"item\":\"https:\\\/\\\/kem-europe.eu\\\/\"},{\"@type\":\"ListItem\",\"position\":2,\"name\":\"Winkel\",\"item\":\"https:\\\/\\\/kem-europe.eu\\\/winkel\\\/\"},{\"@type\":\"ListItem\",\"position\":3,\"name\":\"Keyang DG125-15SV Haakse slijper 125mm 1500W \u2013 Variabel toerental\"}]},{\"@type\":\"WebSite\",\"@id\":\"https:\\\/\\\/kem-europe.eu\\\/#website\",\"url\":\"https:\\\/\\\/kem-europe.eu\\\/\",\"name\":\"KEM Europe\",\"description\":\"\",\"publisher\":{\"@id\":\"https:\\\/\\\/kem-europe.eu\\\/#organization\"},\"potentialAction\":[{\"@type\":\"SearchAction\",\"target\":{\"@type\":\"EntryPoint\",\"urlTemplate\":\"https:\\\/\\\/kem-europe.eu\\\/?s={search_term_string}\"},\"query-input\":{\"@type\":\"PropertyValueSpecification\",\"valueRequired\":true,\"valueName\":\"search_term_string\"}}],\"inLanguage\":\"de\"},{\"@type\":\"Organization\",\"@id\":\"https:\\\/\\\/kem-europe.eu\\\/#organization\",\"name\":\"KEM Europe\",\"url\":\"https:\\\/\\\/kem-europe.eu\\\/\",\"logo\":{\"@type\":\"ImageObject\",\"inLanguage\":\"de\",\"@id\":\"https:\\\/\\\/kem-europe.eu\\\/#\\\/schema\\\/logo\\\/image\\\/\",\"url\":\"https:\\\/\\\/kem-europe.eu\\\/wp-content\\\/uploads\\\/2025\\\/02\\\/KEM2019-BLACK-1500W.png\",\"contentUrl\":\"https:\\\/\\\/kem-europe.eu\\\/wp-content\\\/uploads\\\/2025\\\/02\\\/KEM2019-BLACK-1500W.png\",\"width\":1500,\"height\":626,\"caption\":\"KEM Europe\"},\"image\":{\"@id\":\"https:\\\/\\\/kem-europe.eu\\\/#\\\/schema\\\/logo\\\/image\\\/\"}}]}<\/script>\n<!-- \/ Yoast SEO plugin. -->","yoast_head_json":{"title":"Keyang DG125-15SV Winkelschleifer 125mm 1500W - Variable Geschwindigkeit - KEM Europe","robots":{"index":"index","follow":"follow","max-snippet":"max-snippet:-1","max-image-preview":"max-image-preview:large","max-video-preview":"max-video-preview:-1"},"canonical":"https:\/\/kem-europe.eu\/de\/produkt\/keyang-dg125-15sv-winkelschleifer-125mm-1500w-drehzahlregelung\/","og_locale":"de_DE","og_type":"article","og_title":"Keyang DG125-15SV Haakse slijper 125mm 1500W \u2013 Variabel toerental - KEM Europe","og_description":"De Keyang DG125-15SV Haakse slijper voorzien van zeer lage vibratie en een directe koeling voor hoog overbelastingsvermogen en lange levensduur. Daarnaast beschikt de haakse slijper over een perfecte ergonomie en heeft het verbeterde veiligheidsvoorzieningen. Nooit eerder was het maximale vermogen zo beheersbaar. Gemakkelijk in gebruik door de slanke behuizing, snel en eenvoudig verstelbaar en voorzien van een regelbaar toerental.  Leveringsomvang   Keyang DG125-15SV Haakse slijper  Beschermkap  Moersleutel  Zijhandgreep  Schuurschijf - TYPE 27  Geleverd in koffer","og_url":"https:\/\/kem-europe.eu\/de\/produkt\/keyang-dg125-15sv-winkelschleifer-125mm-1500w-drehzahlregelung\/","og_site_name":"KEM Europe","article_modified_time":"2025-06-06T06:40:11+00:00","og_image":[{"width":693,"height":693,"url":"https:\/\/kem-europe.eu\/wp-content\/uploads\/2025\/02\/keyang11.png","type":"image\/png"}],"twitter_card":"summary_large_image","twitter_misc":{"Gesch\u00e4tzte Lesezeit":"1\u00a0Minute"},"schema":{"@context":"https:\/\/schema.org","@graph":[{"@type":"WebPage","@id":"https:\/\/kem-europe.eu\/product\/keyang-dg125-15sv-haakse-slijper-125mm-1500w-variabel-toerental\/","url":"https:\/\/kem-europe.eu\/product\/keyang-dg125-15sv-haakse-slijper-125mm-1500w-variabel-toerental\/","name":"Keyang DG125-15SV Winkelschleifer 125mm 1500W - Variable Geschwindigkeit - KEM Europe","isPartOf":{"@id":"https:\/\/kem-europe.eu\/#website"},"primaryImageOfPage":{"@id":"https:\/\/kem-europe.eu\/product\/keyang-dg125-15sv-haakse-slijper-125mm-1500w-variabel-toerental\/#primaryimage"},"image":{"@id":"https:\/\/kem-europe.eu\/product\/keyang-dg125-15sv-haakse-slijper-125mm-1500w-variabel-toerental\/#primaryimage"},"thumbnailUrl":"https:\/\/kem-europe.eu\/wp-content\/uploads\/2025\/02\/keyang11.png","datePublished":"2025-02-27T08:49:44+00:00","dateModified":"2025-06-06T06:40:11+00:00","breadcrumb":{"@id":"https:\/\/kem-europe.eu\/product\/keyang-dg125-15sv-haakse-slijper-125mm-1500w-variabel-toerental\/#breadcrumb"},"inLanguage":"de","potentialAction":[{"@type":"ReadAction","target":["https:\/\/kem-europe.eu\/product\/keyang-dg125-15sv-haakse-slijper-125mm-1500w-variabel-toerental\/"]}]},{"@type":"ImageObject","inLanguage":"de","@id":"https:\/\/kem-europe.eu\/product\/keyang-dg125-15sv-haakse-slijper-125mm-1500w-variabel-toerental\/#primaryimage","url":"https:\/\/kem-europe.eu\/wp-content\/uploads\/2025\/02\/keyang11.png","contentUrl":"https:\/\/kem-europe.eu\/wp-content\/uploads\/2025\/02\/keyang11.png","width":693,"height":693},{"@type":"BreadcrumbList","@id":"https:\/\/kem-europe.eu\/product\/keyang-dg125-15sv-haakse-slijper-125mm-1500w-variabel-toerental\/#breadcrumb","itemListElement":[{"@type":"ListItem","position":1,"name":"Home","item":"https:\/\/kem-europe.eu\/"},{"@type":"ListItem","position":2,"name":"Winkel","item":"https:\/\/kem-europe.eu\/winkel\/"},{"@type":"ListItem","position":3,"name":"Keyang DG125-15SV Haakse slijper 125mm 1500W \u2013 Variabel toerental"}]},{"@type":"WebSite","@id":"https:\/\/kem-europe.eu\/#website","url":"https:\/\/kem-europe.eu\/","name":"KEM Europe","description":"","publisher":{"@id":"https:\/\/kem-europe.eu\/#organization"},"potentialAction":[{"@type":"SearchAction","target":{"@type":"EntryPoint","urlTemplate":"https:\/\/kem-europe.eu\/?s={search_term_string}"},"query-input":{"@type":"PropertyValueSpecification","valueRequired":true,"valueName":"search_term_string"}}],"inLanguage":"de"},{"@type":"Organization","@id":"https:\/\/kem-europe.eu\/#organization","name":"KEM Europe","url":"https:\/\/kem-europe.eu\/","logo":{"@type":"ImageObject","inLanguage":"de","@id":"https:\/\/kem-europe.eu\/#\/schema\/logo\/image\/","url":"https:\/\/kem-europe.eu\/wp-content\/uploads\/2025\/02\/KEM2019-BLACK-1500W.png","contentUrl":"https:\/\/kem-europe.eu\/wp-content\/uploads\/2025\/02\/KEM2019-BLACK-1500W.png","width":1500,"height":626,"caption":"KEM Europe"},"image":{"@id":"https:\/\/kem-europe.eu\/#\/schema\/logo\/image\/"}}]}},"_links":{"self":[{"href":"https:\/\/kem-europe.eu\/de\/wp-json\/wp\/v2\/product\/3261","targetHints":{"allow":["GET"]}}],"collection":[{"href":"https:\/\/kem-europe.eu\/de\/wp-json\/wp\/v2\/product"}],"about":[{"href":"https:\/\/kem-europe.eu\/de\/wp-json\/wp\/v2\/types\/product"}],"replies":[{"embeddable":true,"href":"https:\/\/kem-europe.eu\/de\/wp-json\/wp\/v2\/comments?post=3261"}],"wp:featuredmedia":[{"embeddable":true,"href":"https:\/\/kem-europe.eu\/de\/wp-json\/wp\/v2\/media\/3271"}],"wp:attachment":[{"href":"https:\/\/kem-europe.eu\/de\/wp-json\/wp\/v2\/media?parent=3261"}],"wp:term":[{"taxonomy":"product_brand","embeddable":true,"href":"https:\/\/kem-europe.eu\/de\/wp-json\/wp\/v2\/product_brand?post=3261"},{"taxonomy":"product_cat","embeddable":true,"href":"https:\/\/kem-europe.eu\/de\/wp-json\/wp\/v2\/product_cat?post=3261"},{"taxonomy":"product_tag","embeddable":true,"href":"https:\/\/kem-europe.eu\/de\/wp-json\/wp\/v2\/product_tag?post=3261"}],"curies":[{"name":"wp","href":"https:\/\/api.w.org\/{rel}","templated":true}]}}