{"id":3263,"date":"2025-02-27T08:49:45","date_gmt":"2025-02-27T08:49:45","guid":{"rendered":"https:\/\/kem-europe.eu\/?post_type=product&#038;p=3263"},"modified":"2025-06-06T06:39:57","modified_gmt":"2025-06-06T06:39:57","slug":"keyang-dg125-15s-winkelschleifer-125mm-1500w-neu","status":"publish","type":"product","link":"https:\/\/kem-europe.eu\/de\/product\/keyang-dg125-15s-haakse-slijper-125-mm-1500w-nieuw\/","title":{"rendered":"Keyang DG125-15S Winkelschleifer - 125 mm - 1500W | NEW"},"content":{"rendered":"<p><strong>Warum Keyang w\u00e4hlen?<\/strong><\/p>\n<p>Die koreanische Marke stellt seit \u00fcber 40 Jahren hochwertige Bau- und Industriemaschinen her. Seit mehr als 25 Jahren produziert sie auch f\u00fcr mehrere A-Marken auf dem europ\u00e4ischen Markt (u.a. Kress &amp; Spit). Keyang \u00fcbertrumpft seine Konkurrenten, indem es hervorragende Qualit\u00e4t zu einem fairen Preis liefert. Von seiner Position als Marktf\u00fchrer auf dem koreanischen Markt hat das Unternehmen nun begonnen, sich auch auf den europ\u00e4ischen Markt zu konzentrieren. In relativ kurzer Zeit hat sich die koreanische Marke zu einer vertrauensw\u00fcrdigen Marke auf der Baustelle entwickelt. Das hat nichts mit ausgekl\u00fcgeltem Marketing zu tun, sondern vor allem mit\u00a0<em>erleben<\/em>.<\/p>\n<p><em>Warum sollten Sie sich f\u00fcr die Keyang DG125-15S entscheiden?<\/em><br \/>\nIn puncto Qualit\u00e4t und Handhabung ist der DG125-15S absolut vergleichbar mit den Winkelschleifern der anderen A-Marken auf dem Markt. Wir w\u00fcrden es sogar wagen zu behaupten, dass der Keyang DG125-15S in vielen F\u00e4llen von h\u00f6herer Qualit\u00e4t ist. Dank seiner ausgekl\u00fcgelten Konstruktion ist dieses Ger\u00e4t sehr robust und eine lange Lebensdauer ist garantiert.<\/p>\n<p><strong>NEU | Eigenschaften Keyang DG125-15S Winkelschleifer - 125 mm - 1500W<\/strong><\/p>\n<ul>\n<li>\u00dcberlast- und Wiederanlaufschutz<\/li>\n<li>1500W starker Motor<\/li>\n<li>Anti-Vibrations-Griff<\/li>\n<li>Verdrehsichere Schutzkappe<\/li>\n<li>Schnelle und einfache Einstellung<\/li>\n<li>Direkte K\u00fchlung f\u00fcr hohe \u00dcberlastf\u00e4higkeit und lange Lebensdauer<\/li>\n<li>Einfach zu handhaben durch schlankes Geh\u00e4use<\/li>\n<li>Ergonomischer Griff<\/li>\n<li>Mit Anti-Stop-Taste<\/li>\n<li>Abnehmbare Anti-Stop-Kappe<\/li>\n<li>Geeignet f\u00fcr Schnellspannmutter SDS<\/li>\n<li>Getriebekopf in 90-Grad-Schritten drehbar<\/li>\n<li>Handgriff links und rechts montierbar<\/li>\n<li>R\u00fccklaufsperre<\/li>\n<li>Konstante Geschwindigkeit<\/li>\n<li>Auch f\u00fcr Linksh\u00e4nder geeignet<\/li>\n<\/ul>\n<p><strong>Technische Daten<\/strong><\/p>\n<ul>\n<li>Nominale Leistungsaufnahme - 1500 W<\/li>\n<li>Spindeladapter - M14<\/li>\n<li>Leerlaufdrehzahl - 11.500 \/min<\/li>\n<li>Durchmesser - 125 mm<\/li>\n<li>Gewicht - 2,4 kg<\/li>\n<li>Vibrationsschleifen - ah 5,5 m\/s K 1,5 m\/s<\/li>\n<li>Vibrationsschleifen - ah 4,0 m\/s K 1,5 m\/s<\/li>\n<li>Schalldruckpegel - 91 db(A)<\/li>\n<li>Ger\u00e4uschemissionswerte nach EN60745 ermittelt<\/li>\n<\/ul>\n<p><strong>Umfang der Lieferung<\/strong><\/p>\n<ul>\n<li>Keyang DG125-15S Winkelschleifer - 125 mm - 1500W<\/li>\n<li>1x Schutzkappe<\/li>\n<li>1x Handgriff<\/li>\n<li>1x Aufnahmeobjektiv<\/li>\n<li>1x \u00dcberwurfmutter<\/li>\n<li>1x Schl\u00fcssel<\/li>\n<li>Geliefert im Karton<\/li>\n<\/ul>","protected":false},"excerpt":{"rendered":"<p><span style=\"font-size: 21px;\"><i>NEU im Sortiment!<\/i><\/span><\/p>\n<table>\n<tbody>\n<tr>\n<td class=\"echotable\">Doppelte Isolierung<\/td>\n<td class=\"echotable\">Leichtgewicht<\/td>\n<\/tr>\n<tr>\n<td class=\"echotable\">Seitlicher Griff<\/td>\n<td class=\"echotable\">Auto-Stopp-Kohleb\u00fcrsten<\/td>\n<\/tr>\n<\/tbody>\n<tbody>\n<tr>\n<td class=\"echotable\">Konstante Geschwindigkeit<\/td>\n<\/tr>\n<\/tbody>\n<\/table>\n<p>https:\/\/www.youtube.com\/watch?v=kcg2jPft_ho<\/p>\n<p><strong>Umfang der Lieferung<\/strong><\/p>\n<ul>\n<li>Keyang DG125-15S Winkelschleifer - 125 mm - 1500W<\/li>\n<li>1x Schutzkappe<\/li>\n<li>1x Handgriff<\/li>\n<li>1x Aufnahmeobjektiv<\/li>\n<li>1x \u00dcberwurfmutter<\/li>\n<li>1x Schl\u00fcssel<\/li>\n<li>Geliefert im Karton<\/li>\n<\/ul>","protected":false},"featured_media":3282,"comment_status":"closed","ping_status":"closed","template":"","meta":[],"product_brand":[624],"product_cat":[137,17],"product_tag":[],"class_list":{"0":"post-3263","1":"product","2":"type-product","3":"status-publish","4":"has-post-thumbnail","6":"product_brand-keyang","7":"product_cat-haakse-slijper","8":"product_cat-machines","10":"first","11":"instock","12":"shipping-taxable","13":"product-type-simple"},"ct_brands":[{"id":624,"name":"KEYANG","slug":"keyang"}],"yoast_head":"<!-- This site is optimized with the Yoast SEO plugin v27.3 - https:\/\/yoast.com\/product\/yoast-seo-wordpress\/ -->\n<title>Keyang DG125-15S Haakse slijper - 125 mm - 1500W | NIEUW - KEM Europe<\/title>\n<meta name=\"robots\" content=\"index, follow, max-snippet:-1, max-image-preview:large, max-video-preview:-1\" \/>\n<link rel=\"canonical\" href=\"https:\/\/kem-europe.eu\/de\/produkt\/keyang-dg125-15s-winkelschleifer-125mm-1500w-neu\/\" \/>\n<meta property=\"og:locale\" content=\"de_DE\" \/>\n<meta property=\"og:type\" content=\"article\" \/>\n<meta property=\"og:title\" content=\"Keyang DG125-15S Haakse slijper - 125 mm - 1500W | NIEUW - KEM Europe\" \/>\n<meta property=\"og:description\" content=\"NIEUW in het assortiment!    Dubbele isolatie Lichtgewicht   Zijhandgreep Auto-stop koolborstels     Constant speed    https:\/\/www.youtube.com\/watch?v=kcg2jPft_ho  Leveringsomvang   Keyang DG125-15S Haakse slijper - 125 mm - 1500W  1x Beschermkap  1x Handgreep  1x Opnameflens  1x Spanmoer  1x Sleutel  Geleverd in doos\" \/>\n<meta property=\"og:url\" content=\"https:\/\/kem-europe.eu\/de\/produkt\/keyang-dg125-15s-winkelschleifer-125mm-1500w-neu\/\" \/>\n<meta property=\"og:site_name\" content=\"KEM Europe\" \/>\n<meta property=\"article:modified_time\" content=\"2025-06-06T06:39:57+00:00\" \/>\n<meta property=\"og:image\" content=\"https:\/\/kem-europe.eu\/wp-content\/uploads\/2025\/02\/DG125-15S_01_72DPI_TR.png\" \/>\n\t<meta property=\"og:image:width\" content=\"700\" \/>\n\t<meta property=\"og:image:height\" content=\"700\" \/>\n\t<meta property=\"og:image:type\" content=\"image\/png\" \/>\n<meta name=\"twitter:card\" content=\"summary_large_image\" \/>\n<meta name=\"twitter:label1\" content=\"Gesch\u00e4tzte Lesezeit\" \/>\n\t<meta name=\"twitter:data1\" content=\"2\u00a0Minuten\" \/>\n<script type=\"application\/ld+json\" class=\"yoast-schema-graph\">{\"@context\":\"https:\\\/\\\/schema.org\",\"@graph\":[{\"@type\":\"WebPage\",\"@id\":\"https:\\\/\\\/kem-europe.eu\\\/product\\\/keyang-dg125-15s-haakse-slijper-125-mm-1500w-nieuw\\\/\",\"url\":\"https:\\\/\\\/kem-europe.eu\\\/product\\\/keyang-dg125-15s-haakse-slijper-125-mm-1500w-nieuw\\\/\",\"name\":\"Keyang DG125-15S Haakse slijper - 125 mm - 1500W | NIEUW - KEM Europe\",\"isPartOf\":{\"@id\":\"https:\\\/\\\/kem-europe.eu\\\/#website\"},\"primaryImageOfPage\":{\"@id\":\"https:\\\/\\\/kem-europe.eu\\\/product\\\/keyang-dg125-15s-haakse-slijper-125-mm-1500w-nieuw\\\/#primaryimage\"},\"image\":{\"@id\":\"https:\\\/\\\/kem-europe.eu\\\/product\\\/keyang-dg125-15s-haakse-slijper-125-mm-1500w-nieuw\\\/#primaryimage\"},\"thumbnailUrl\":\"https:\\\/\\\/kem-europe.eu\\\/wp-content\\\/uploads\\\/2025\\\/02\\\/DG125-15S_01_72DPI_TR.png\",\"datePublished\":\"2025-02-27T08:49:45+00:00\",\"dateModified\":\"2025-06-06T06:39:57+00:00\",\"breadcrumb\":{\"@id\":\"https:\\\/\\\/kem-europe.eu\\\/product\\\/keyang-dg125-15s-haakse-slijper-125-mm-1500w-nieuw\\\/#breadcrumb\"},\"inLanguage\":\"de\",\"potentialAction\":[{\"@type\":\"ReadAction\",\"target\":[\"https:\\\/\\\/kem-europe.eu\\\/product\\\/keyang-dg125-15s-haakse-slijper-125-mm-1500w-nieuw\\\/\"]}]},{\"@type\":\"ImageObject\",\"inLanguage\":\"de\",\"@id\":\"https:\\\/\\\/kem-europe.eu\\\/product\\\/keyang-dg125-15s-haakse-slijper-125-mm-1500w-nieuw\\\/#primaryimage\",\"url\":\"https:\\\/\\\/kem-europe.eu\\\/wp-content\\\/uploads\\\/2025\\\/02\\\/DG125-15S_01_72DPI_TR.png\",\"contentUrl\":\"https:\\\/\\\/kem-europe.eu\\\/wp-content\\\/uploads\\\/2025\\\/02\\\/DG125-15S_01_72DPI_TR.png\",\"width\":700,\"height\":700},{\"@type\":\"BreadcrumbList\",\"@id\":\"https:\\\/\\\/kem-europe.eu\\\/product\\\/keyang-dg125-15s-haakse-slijper-125-mm-1500w-nieuw\\\/#breadcrumb\",\"itemListElement\":[{\"@type\":\"ListItem\",\"position\":1,\"name\":\"Home\",\"item\":\"https:\\\/\\\/kem-europe.eu\\\/\"},{\"@type\":\"ListItem\",\"position\":2,\"name\":\"Winkel\",\"item\":\"https:\\\/\\\/kem-europe.eu\\\/winkel\\\/\"},{\"@type\":\"ListItem\",\"position\":3,\"name\":\"Keyang DG125-15S Haakse slijper &#8211; 125 mm &#8211; 1500W | NIEUW\"}]},{\"@type\":\"WebSite\",\"@id\":\"https:\\\/\\\/kem-europe.eu\\\/#website\",\"url\":\"https:\\\/\\\/kem-europe.eu\\\/\",\"name\":\"KEM Europe\",\"description\":\"\",\"publisher\":{\"@id\":\"https:\\\/\\\/kem-europe.eu\\\/#organization\"},\"potentialAction\":[{\"@type\":\"SearchAction\",\"target\":{\"@type\":\"EntryPoint\",\"urlTemplate\":\"https:\\\/\\\/kem-europe.eu\\\/?s={search_term_string}\"},\"query-input\":{\"@type\":\"PropertyValueSpecification\",\"valueRequired\":true,\"valueName\":\"search_term_string\"}}],\"inLanguage\":\"de\"},{\"@type\":\"Organization\",\"@id\":\"https:\\\/\\\/kem-europe.eu\\\/#organization\",\"name\":\"KEM Europe\",\"url\":\"https:\\\/\\\/kem-europe.eu\\\/\",\"logo\":{\"@type\":\"ImageObject\",\"inLanguage\":\"de\",\"@id\":\"https:\\\/\\\/kem-europe.eu\\\/#\\\/schema\\\/logo\\\/image\\\/\",\"url\":\"https:\\\/\\\/kem-europe.eu\\\/wp-content\\\/uploads\\\/2025\\\/02\\\/KEM2019-BLACK-1500W.png\",\"contentUrl\":\"https:\\\/\\\/kem-europe.eu\\\/wp-content\\\/uploads\\\/2025\\\/02\\\/KEM2019-BLACK-1500W.png\",\"width\":1500,\"height\":626,\"caption\":\"KEM Europe\"},\"image\":{\"@id\":\"https:\\\/\\\/kem-europe.eu\\\/#\\\/schema\\\/logo\\\/image\\\/\"}}]}<\/script>\n<!-- \/ Yoast SEO plugin. -->","yoast_head_json":{"title":"Keyang DG125-15S Winkelschleifer - 125 mm - 1500W | NEU - KEM Europe","robots":{"index":"index","follow":"follow","max-snippet":"max-snippet:-1","max-image-preview":"max-image-preview:large","max-video-preview":"max-video-preview:-1"},"canonical":"https:\/\/kem-europe.eu\/de\/produkt\/keyang-dg125-15s-winkelschleifer-125mm-1500w-neu\/","og_locale":"de_DE","og_type":"article","og_title":"Keyang DG125-15S Haakse slijper - 125 mm - 1500W | NIEUW - KEM Europe","og_description":"NIEUW in het assortiment!    Dubbele isolatie Lichtgewicht   Zijhandgreep Auto-stop koolborstels     Constant speed    https:\/\/www.youtube.com\/watch?v=kcg2jPft_ho  Leveringsomvang   Keyang DG125-15S Haakse slijper - 125 mm - 1500W  1x Beschermkap  1x Handgreep  1x Opnameflens  1x Spanmoer  1x Sleutel  Geleverd in doos","og_url":"https:\/\/kem-europe.eu\/de\/produkt\/keyang-dg125-15s-winkelschleifer-125mm-1500w-neu\/","og_site_name":"KEM Europe","article_modified_time":"2025-06-06T06:39:57+00:00","og_image":[{"width":700,"height":700,"url":"https:\/\/kem-europe.eu\/wp-content\/uploads\/2025\/02\/DG125-15S_01_72DPI_TR.png","type":"image\/png"}],"twitter_card":"summary_large_image","twitter_misc":{"Gesch\u00e4tzte Lesezeit":"2\u00a0Minuten"},"schema":{"@context":"https:\/\/schema.org","@graph":[{"@type":"WebPage","@id":"https:\/\/kem-europe.eu\/product\/keyang-dg125-15s-haakse-slijper-125-mm-1500w-nieuw\/","url":"https:\/\/kem-europe.eu\/product\/keyang-dg125-15s-haakse-slijper-125-mm-1500w-nieuw\/","name":"Keyang DG125-15S Winkelschleifer - 125 mm - 1500W | NEU - KEM Europe","isPartOf":{"@id":"https:\/\/kem-europe.eu\/#website"},"primaryImageOfPage":{"@id":"https:\/\/kem-europe.eu\/product\/keyang-dg125-15s-haakse-slijper-125-mm-1500w-nieuw\/#primaryimage"},"image":{"@id":"https:\/\/kem-europe.eu\/product\/keyang-dg125-15s-haakse-slijper-125-mm-1500w-nieuw\/#primaryimage"},"thumbnailUrl":"https:\/\/kem-europe.eu\/wp-content\/uploads\/2025\/02\/DG125-15S_01_72DPI_TR.png","datePublished":"2025-02-27T08:49:45+00:00","dateModified":"2025-06-06T06:39:57+00:00","breadcrumb":{"@id":"https:\/\/kem-europe.eu\/product\/keyang-dg125-15s-haakse-slijper-125-mm-1500w-nieuw\/#breadcrumb"},"inLanguage":"de","potentialAction":[{"@type":"ReadAction","target":["https:\/\/kem-europe.eu\/product\/keyang-dg125-15s-haakse-slijper-125-mm-1500w-nieuw\/"]}]},{"@type":"ImageObject","inLanguage":"de","@id":"https:\/\/kem-europe.eu\/product\/keyang-dg125-15s-haakse-slijper-125-mm-1500w-nieuw\/#primaryimage","url":"https:\/\/kem-europe.eu\/wp-content\/uploads\/2025\/02\/DG125-15S_01_72DPI_TR.png","contentUrl":"https:\/\/kem-europe.eu\/wp-content\/uploads\/2025\/02\/DG125-15S_01_72DPI_TR.png","width":700,"height":700},{"@type":"BreadcrumbList","@id":"https:\/\/kem-europe.eu\/product\/keyang-dg125-15s-haakse-slijper-125-mm-1500w-nieuw\/#breadcrumb","itemListElement":[{"@type":"ListItem","position":1,"name":"Home","item":"https:\/\/kem-europe.eu\/"},{"@type":"ListItem","position":2,"name":"Winkel","item":"https:\/\/kem-europe.eu\/winkel\/"},{"@type":"ListItem","position":3,"name":"Keyang DG125-15S Haakse slijper &#8211; 125 mm &#8211; 1500W | NIEUW"}]},{"@type":"WebSite","@id":"https:\/\/kem-europe.eu\/#website","url":"https:\/\/kem-europe.eu\/","name":"KEM Europe","description":"","publisher":{"@id":"https:\/\/kem-europe.eu\/#organization"},"potentialAction":[{"@type":"SearchAction","target":{"@type":"EntryPoint","urlTemplate":"https:\/\/kem-europe.eu\/?s={search_term_string}"},"query-input":{"@type":"PropertyValueSpecification","valueRequired":true,"valueName":"search_term_string"}}],"inLanguage":"de"},{"@type":"Organization","@id":"https:\/\/kem-europe.eu\/#organization","name":"KEM Europe","url":"https:\/\/kem-europe.eu\/","logo":{"@type":"ImageObject","inLanguage":"de","@id":"https:\/\/kem-europe.eu\/#\/schema\/logo\/image\/","url":"https:\/\/kem-europe.eu\/wp-content\/uploads\/2025\/02\/KEM2019-BLACK-1500W.png","contentUrl":"https:\/\/kem-europe.eu\/wp-content\/uploads\/2025\/02\/KEM2019-BLACK-1500W.png","width":1500,"height":626,"caption":"KEM Europe"},"image":{"@id":"https:\/\/kem-europe.eu\/#\/schema\/logo\/image\/"}}]}},"_links":{"self":[{"href":"https:\/\/kem-europe.eu\/de\/wp-json\/wp\/v2\/product\/3263","targetHints":{"allow":["GET"]}}],"collection":[{"href":"https:\/\/kem-europe.eu\/de\/wp-json\/wp\/v2\/product"}],"about":[{"href":"https:\/\/kem-europe.eu\/de\/wp-json\/wp\/v2\/types\/product"}],"replies":[{"embeddable":true,"href":"https:\/\/kem-europe.eu\/de\/wp-json\/wp\/v2\/comments?post=3263"}],"wp:featuredmedia":[{"embeddable":true,"href":"https:\/\/kem-europe.eu\/de\/wp-json\/wp\/v2\/media\/3282"}],"wp:attachment":[{"href":"https:\/\/kem-europe.eu\/de\/wp-json\/wp\/v2\/media?parent=3263"}],"wp:term":[{"taxonomy":"product_brand","embeddable":true,"href":"https:\/\/kem-europe.eu\/de\/wp-json\/wp\/v2\/product_brand?post=3263"},{"taxonomy":"product_cat","embeddable":true,"href":"https:\/\/kem-europe.eu\/de\/wp-json\/wp\/v2\/product_cat?post=3263"},{"taxonomy":"product_tag","embeddable":true,"href":"https:\/\/kem-europe.eu\/de\/wp-json\/wp\/v2\/product_tag?post=3263"}],"curies":[{"name":"wp","href":"https:\/\/api.w.org\/{rel}","templated":true}]}}