{"id":3285,"date":"2025-02-27T08:50:03","date_gmt":"2025-02-27T08:50:03","guid":{"rendered":"https:\/\/kem-europe.eu\/?post_type=product&#038;p=3285"},"modified":"2025-06-06T06:55:36","modified_gmt":"2025-06-06T06:55:36","slug":"keyang-dh15-17av-abbruchhammer-niedrige-vibrationen-1700w","status":"publish","type":"product","link":"https:\/\/kem-europe.eu\/de\/product\/keyang-dh15-17av-hakhamer-met-lage-vibraties-1700w\/","title":{"rendered":"Keyang DH15-17AV Vibrationsarmer Mei\u00dfelhammer - 1700W"},"content":{"rendered":"<p><img decoding=\"async\" class=\"aligncenter\" src=\"https:\/\/bjctools.nl\/wp-content\/uploads\/2022\/02\/dh15-17av.png\" alt=\"Vibrationsarmer Mei\u00dfelhammer Keyang DH15-17AV\" \/><\/p>","protected":false},"excerpt":{"rendered":"<table>\n<tbody>\n<tr>\n<td class=\"echotable\">Seitlicher Griff<\/td>\n<td class=\"echotable\">Geringe Vibrationen<\/td>\n<\/tr>\n<\/tbody>\n<tbody>\n<tr>\n<td class=\"echotable\">Auto-Stopp-Kohleb\u00fcrsten<\/td>\n<td class=\"echotable\">Kunststoffgeh\u00e4use<\/td>\n<\/tr>\n<tr>\n<td class=\"echotable\" style=\"text-align: left;\">Doppelt isoliert<\/td>\n<td class=\"echotable\">Aufprallkupplung<\/td>\n<\/tr>\n<\/tbody>\n<\/table>\n<p><strong>Umfang der Lieferung<\/strong><\/p>\n<ul>\n<li>Keyang DH15-17AV Vibrationsarmer Mei\u00dfelhammer - 1700W<\/li>\n<li>1 x Reisekoffer<\/li>\n<li>1 x Seitengriff<\/li>\n<li>1 x Schmierfett (f\u00fcr Bit)<\/li>\n<li>1 x Handbuch<\/li>\n<li>1 x Staubkappe<\/li>\n<li>1 x Bit<\/li>\n<\/ul>","protected":false},"featured_media":3287,"comment_status":"closed","ping_status":"closed","template":"","meta":[],"product_brand":[624],"product_cat":[608,17],"product_tag":[],"class_list":{"0":"post-3285","1":"product","2":"type-product","3":"status-publish","4":"has-post-thumbnail","6":"product_brand-keyang","7":"product_cat-hakhamer","8":"product_cat-machines","10":"first","11":"instock","12":"shipping-taxable","13":"product-type-simple"},"ct_brands":[{"id":624,"name":"KEYANG","slug":"keyang"}],"yoast_head":"<!-- This site is optimized with the Yoast SEO plugin v27.3 - https:\/\/yoast.com\/product\/yoast-seo-wordpress\/ -->\n<title>Hakhamer met lage vibraties Keyang DH15-17AV l KEM EUROPE<\/title>\n<meta name=\"description\" content=\"Hakhamer met lage vibraties Keyang DH15-17AV l KEM EUROPE - Vermogen van 1700W, de sterkere dan vergelijkbare modellen! Beste vermogen in zijn klasse!\" \/>\n<meta name=\"robots\" content=\"index, follow, max-snippet:-1, max-image-preview:large, max-video-preview:-1\" \/>\n<link rel=\"canonical\" href=\"https:\/\/kem-europe.eu\/de\/produkt\/keyang-dh15-17av-abbruchhammer-niedrige-vibrationen-1700w\/\" \/>\n<meta property=\"og:locale\" content=\"de_DE\" \/>\n<meta property=\"og:type\" content=\"article\" \/>\n<meta property=\"og:title\" content=\"Hakhamer met lage vibraties Keyang DH15-17AV l KEM EUROPE\" \/>\n<meta property=\"og:description\" content=\"Hakhamer met lage vibraties Keyang DH15-17AV l KEM EUROPE - Vermogen van 1700W, de sterkere dan vergelijkbare modellen! Beste vermogen in zijn klasse!\" \/>\n<meta property=\"og:url\" content=\"https:\/\/kem-europe.eu\/de\/produkt\/keyang-dh15-17av-abbruchhammer-niedrige-vibrationen-1700w\/\" \/>\n<meta property=\"og:site_name\" content=\"KEM Europe\" \/>\n<meta property=\"article:modified_time\" content=\"2025-06-06T06:55:36+00:00\" \/>\n<meta property=\"og:image\" content=\"https:\/\/kem-europe.eu\/wp-content\/uploads\/2025\/02\/dh15-17av-2.jpg\" \/>\n\t<meta property=\"og:image:width\" content=\"700\" \/>\n\t<meta property=\"og:image:height\" content=\"700\" \/>\n\t<meta property=\"og:image:type\" content=\"image\/jpeg\" \/>\n<meta name=\"twitter:card\" content=\"summary_large_image\" \/>\n<meta name=\"twitter:label1\" content=\"Gesch\u00e4tzte Lesezeit\" \/>\n\t<meta name=\"twitter:data1\" content=\"1\u00a0Minute\" \/>\n<script type=\"application\/ld+json\" class=\"yoast-schema-graph\">{\"@context\":\"https:\\\/\\\/schema.org\",\"@graph\":[{\"@type\":\"WebPage\",\"@id\":\"https:\\\/\\\/kem-europe.eu\\\/product\\\/keyang-dh15-17av-hakhamer-met-lage-vibraties-1700w\\\/\",\"url\":\"https:\\\/\\\/kem-europe.eu\\\/product\\\/keyang-dh15-17av-hakhamer-met-lage-vibraties-1700w\\\/\",\"name\":\"Hakhamer met lage vibraties Keyang DH15-17AV l KEM EUROPE\",\"isPartOf\":{\"@id\":\"https:\\\/\\\/kem-europe.eu\\\/#website\"},\"primaryImageOfPage\":{\"@id\":\"https:\\\/\\\/kem-europe.eu\\\/product\\\/keyang-dh15-17av-hakhamer-met-lage-vibraties-1700w\\\/#primaryimage\"},\"image\":{\"@id\":\"https:\\\/\\\/kem-europe.eu\\\/product\\\/keyang-dh15-17av-hakhamer-met-lage-vibraties-1700w\\\/#primaryimage\"},\"thumbnailUrl\":\"https:\\\/\\\/kem-europe.eu\\\/wp-content\\\/uploads\\\/2025\\\/02\\\/dh15-17av-2.jpg\",\"datePublished\":\"2025-02-27T08:50:03+00:00\",\"dateModified\":\"2025-06-06T06:55:36+00:00\",\"description\":\"Hakhamer met lage vibraties Keyang DH15-17AV l KEM EUROPE - Vermogen van 1700W, de sterkere dan vergelijkbare modellen! Beste vermogen in zijn klasse!\",\"breadcrumb\":{\"@id\":\"https:\\\/\\\/kem-europe.eu\\\/product\\\/keyang-dh15-17av-hakhamer-met-lage-vibraties-1700w\\\/#breadcrumb\"},\"inLanguage\":\"de\",\"potentialAction\":[{\"@type\":\"ReadAction\",\"target\":[\"https:\\\/\\\/kem-europe.eu\\\/product\\\/keyang-dh15-17av-hakhamer-met-lage-vibraties-1700w\\\/\"]}]},{\"@type\":\"ImageObject\",\"inLanguage\":\"de\",\"@id\":\"https:\\\/\\\/kem-europe.eu\\\/product\\\/keyang-dh15-17av-hakhamer-met-lage-vibraties-1700w\\\/#primaryimage\",\"url\":\"https:\\\/\\\/kem-europe.eu\\\/wp-content\\\/uploads\\\/2025\\\/02\\\/dh15-17av-2.jpg\",\"contentUrl\":\"https:\\\/\\\/kem-europe.eu\\\/wp-content\\\/uploads\\\/2025\\\/02\\\/dh15-17av-2.jpg\",\"width\":700,\"height\":700},{\"@type\":\"BreadcrumbList\",\"@id\":\"https:\\\/\\\/kem-europe.eu\\\/product\\\/keyang-dh15-17av-hakhamer-met-lage-vibraties-1700w\\\/#breadcrumb\",\"itemListElement\":[{\"@type\":\"ListItem\",\"position\":1,\"name\":\"Home\",\"item\":\"https:\\\/\\\/kem-europe.eu\\\/\"},{\"@type\":\"ListItem\",\"position\":2,\"name\":\"Winkel\",\"item\":\"https:\\\/\\\/kem-europe.eu\\\/winkel\\\/\"},{\"@type\":\"ListItem\",\"position\":3,\"name\":\"Keyang DH15-17AV Hakhamer met lage vibraties &#8211; 1700W\"}]},{\"@type\":\"WebSite\",\"@id\":\"https:\\\/\\\/kem-europe.eu\\\/#website\",\"url\":\"https:\\\/\\\/kem-europe.eu\\\/\",\"name\":\"KEM Europe\",\"description\":\"\",\"publisher\":{\"@id\":\"https:\\\/\\\/kem-europe.eu\\\/#organization\"},\"potentialAction\":[{\"@type\":\"SearchAction\",\"target\":{\"@type\":\"EntryPoint\",\"urlTemplate\":\"https:\\\/\\\/kem-europe.eu\\\/?s={search_term_string}\"},\"query-input\":{\"@type\":\"PropertyValueSpecification\",\"valueRequired\":true,\"valueName\":\"search_term_string\"}}],\"inLanguage\":\"de\"},{\"@type\":\"Organization\",\"@id\":\"https:\\\/\\\/kem-europe.eu\\\/#organization\",\"name\":\"KEM Europe\",\"url\":\"https:\\\/\\\/kem-europe.eu\\\/\",\"logo\":{\"@type\":\"ImageObject\",\"inLanguage\":\"de\",\"@id\":\"https:\\\/\\\/kem-europe.eu\\\/#\\\/schema\\\/logo\\\/image\\\/\",\"url\":\"https:\\\/\\\/kem-europe.eu\\\/wp-content\\\/uploads\\\/2025\\\/02\\\/KEM2019-BLACK-1500W.png\",\"contentUrl\":\"https:\\\/\\\/kem-europe.eu\\\/wp-content\\\/uploads\\\/2025\\\/02\\\/KEM2019-BLACK-1500W.png\",\"width\":1500,\"height\":626,\"caption\":\"KEM Europe\"},\"image\":{\"@id\":\"https:\\\/\\\/kem-europe.eu\\\/#\\\/schema\\\/logo\\\/image\\\/\"}}]}<\/script>\n<!-- \/ Yoast SEO plugin. -->","yoast_head_json":{"title":"Vibrationsarmer Mei\u00dfelhammer Keyang DH15-17AV l KEM EUROPE","description":"Vibrationsarmer H\u00e4cksler Keyang DH15-17AV l KEM EUROPE - Leistung von 1700W, die st\u00e4rker als vergleichbare Modelle! Beste Ausgangsleistung in seiner Klasse!","robots":{"index":"index","follow":"follow","max-snippet":"max-snippet:-1","max-image-preview":"max-image-preview:large","max-video-preview":"max-video-preview:-1"},"canonical":"https:\/\/kem-europe.eu\/de\/produkt\/keyang-dh15-17av-abbruchhammer-niedrige-vibrationen-1700w\/","og_locale":"de_DE","og_type":"article","og_title":"Hakhamer met lage vibraties Keyang DH15-17AV l KEM EUROPE","og_description":"Hakhamer met lage vibraties Keyang DH15-17AV l KEM EUROPE - Vermogen van 1700W, de sterkere dan vergelijkbare modellen! Beste vermogen in zijn klasse!","og_url":"https:\/\/kem-europe.eu\/de\/produkt\/keyang-dh15-17av-abbruchhammer-niedrige-vibrationen-1700w\/","og_site_name":"KEM Europe","article_modified_time":"2025-06-06T06:55:36+00:00","og_image":[{"width":700,"height":700,"url":"https:\/\/kem-europe.eu\/wp-content\/uploads\/2025\/02\/dh15-17av-2.jpg","type":"image\/jpeg"}],"twitter_card":"summary_large_image","twitter_misc":{"Gesch\u00e4tzte Lesezeit":"1\u00a0Minute"},"schema":{"@context":"https:\/\/schema.org","@graph":[{"@type":"WebPage","@id":"https:\/\/kem-europe.eu\/product\/keyang-dh15-17av-hakhamer-met-lage-vibraties-1700w\/","url":"https:\/\/kem-europe.eu\/product\/keyang-dh15-17av-hakhamer-met-lage-vibraties-1700w\/","name":"Vibrationsarmer Mei\u00dfelhammer Keyang DH15-17AV l KEM EUROPE","isPartOf":{"@id":"https:\/\/kem-europe.eu\/#website"},"primaryImageOfPage":{"@id":"https:\/\/kem-europe.eu\/product\/keyang-dh15-17av-hakhamer-met-lage-vibraties-1700w\/#primaryimage"},"image":{"@id":"https:\/\/kem-europe.eu\/product\/keyang-dh15-17av-hakhamer-met-lage-vibraties-1700w\/#primaryimage"},"thumbnailUrl":"https:\/\/kem-europe.eu\/wp-content\/uploads\/2025\/02\/dh15-17av-2.jpg","datePublished":"2025-02-27T08:50:03+00:00","dateModified":"2025-06-06T06:55:36+00:00","description":"Vibrationsarmer H\u00e4cksler Keyang DH15-17AV l KEM EUROPE - Leistung von 1700W, die st\u00e4rker als vergleichbare Modelle! Beste Ausgangsleistung in seiner Klasse!","breadcrumb":{"@id":"https:\/\/kem-europe.eu\/product\/keyang-dh15-17av-hakhamer-met-lage-vibraties-1700w\/#breadcrumb"},"inLanguage":"de","potentialAction":[{"@type":"ReadAction","target":["https:\/\/kem-europe.eu\/product\/keyang-dh15-17av-hakhamer-met-lage-vibraties-1700w\/"]}]},{"@type":"ImageObject","inLanguage":"de","@id":"https:\/\/kem-europe.eu\/product\/keyang-dh15-17av-hakhamer-met-lage-vibraties-1700w\/#primaryimage","url":"https:\/\/kem-europe.eu\/wp-content\/uploads\/2025\/02\/dh15-17av-2.jpg","contentUrl":"https:\/\/kem-europe.eu\/wp-content\/uploads\/2025\/02\/dh15-17av-2.jpg","width":700,"height":700},{"@type":"BreadcrumbList","@id":"https:\/\/kem-europe.eu\/product\/keyang-dh15-17av-hakhamer-met-lage-vibraties-1700w\/#breadcrumb","itemListElement":[{"@type":"ListItem","position":1,"name":"Home","item":"https:\/\/kem-europe.eu\/"},{"@type":"ListItem","position":2,"name":"Winkel","item":"https:\/\/kem-europe.eu\/winkel\/"},{"@type":"ListItem","position":3,"name":"Keyang DH15-17AV Hakhamer met lage vibraties &#8211; 1700W"}]},{"@type":"WebSite","@id":"https:\/\/kem-europe.eu\/#website","url":"https:\/\/kem-europe.eu\/","name":"KEM Europe","description":"","publisher":{"@id":"https:\/\/kem-europe.eu\/#organization"},"potentialAction":[{"@type":"SearchAction","target":{"@type":"EntryPoint","urlTemplate":"https:\/\/kem-europe.eu\/?s={search_term_string}"},"query-input":{"@type":"PropertyValueSpecification","valueRequired":true,"valueName":"search_term_string"}}],"inLanguage":"de"},{"@type":"Organization","@id":"https:\/\/kem-europe.eu\/#organization","name":"KEM Europe","url":"https:\/\/kem-europe.eu\/","logo":{"@type":"ImageObject","inLanguage":"de","@id":"https:\/\/kem-europe.eu\/#\/schema\/logo\/image\/","url":"https:\/\/kem-europe.eu\/wp-content\/uploads\/2025\/02\/KEM2019-BLACK-1500W.png","contentUrl":"https:\/\/kem-europe.eu\/wp-content\/uploads\/2025\/02\/KEM2019-BLACK-1500W.png","width":1500,"height":626,"caption":"KEM Europe"},"image":{"@id":"https:\/\/kem-europe.eu\/#\/schema\/logo\/image\/"}}]}},"_links":{"self":[{"href":"https:\/\/kem-europe.eu\/de\/wp-json\/wp\/v2\/product\/3285","targetHints":{"allow":["GET"]}}],"collection":[{"href":"https:\/\/kem-europe.eu\/de\/wp-json\/wp\/v2\/product"}],"about":[{"href":"https:\/\/kem-europe.eu\/de\/wp-json\/wp\/v2\/types\/product"}],"replies":[{"embeddable":true,"href":"https:\/\/kem-europe.eu\/de\/wp-json\/wp\/v2\/comments?post=3285"}],"wp:featuredmedia":[{"embeddable":true,"href":"https:\/\/kem-europe.eu\/de\/wp-json\/wp\/v2\/media\/3287"}],"wp:attachment":[{"href":"https:\/\/kem-europe.eu\/de\/wp-json\/wp\/v2\/media?parent=3285"}],"wp:term":[{"taxonomy":"product_brand","embeddable":true,"href":"https:\/\/kem-europe.eu\/de\/wp-json\/wp\/v2\/product_brand?post=3285"},{"taxonomy":"product_cat","embeddable":true,"href":"https:\/\/kem-europe.eu\/de\/wp-json\/wp\/v2\/product_cat?post=3285"},{"taxonomy":"product_tag","embeddable":true,"href":"https:\/\/kem-europe.eu\/de\/wp-json\/wp\/v2\/product_tag?post=3285"}],"curies":[{"name":"wp","href":"https:\/\/api.w.org\/{rel}","templated":true}]}}