{"id":3314,"date":"2025-02-27T08:53:20","date_gmt":"2025-02-27T08:53:20","guid":{"rendered":"https:\/\/kem-europe.eu\/?post_type=product&#038;p=3314"},"modified":"2025-02-27T11:53:26","modified_gmt":"2025-02-27T11:53:26","slug":"baier-bsm-2842-mischmaschine-1400w","status":"publish","type":"product","link":"https:\/\/kem-europe.eu\/de\/product\/baier-bsm-2842-mengmachine-1400w\/","title":{"rendered":"Baier - BSM 2842 - Mixer - 1400W"},"content":{"rendered":"<p><strong>Schnellmischer f\u00fcr Mischungen bis zu 100 kg<\/strong><\/p>\n<ul>\n<li>Sicher durch optimal geformte Griffe und dadurch komfortable Handhabung<\/li>\n<li>Lange Lebensdauer durch pulverbeschichtete Aluminium-Druckgussteile im Getriebe<\/li>\n<li>Elektronischer Geschwindigkeitsschutz<\/li>\n<\/ul>\n<p><strong>Eigenschaften Baier - BSM 2842 - Mixer - 1400W<\/strong><\/p>\n<ul>\n<li>F\u00fcr Materialien wie Gips, M\u00f6rtel, Farbe, Leim und mehr.<\/li>\n<li>Elektronische Steuerung, je nach Material, die optimale Geschwindigkeit<\/li>\n<li>Hohe Drehmomente erm\u00f6glichen einfaches Mischen von z\u00e4hfl\u00fcssigem Gemisch<\/li>\n<li>Geeignet f\u00fcr den Einsatz in Mischsystemen<\/li>\n<li>Elektronik f\u00fcr variable Drehzahlregelung, Einspannhals 43 mm<\/li>\n<\/ul>\n<p><strong>Technische Daten<\/strong><\/p>\n<ul>\n<li>Leistung - 1400 Watt<\/li>\n<li>Geschwindigkeit - 190-470 U\/min<\/li>\n<li>Ansaugung - M14 x 2<\/li>\n<li>Gewicht - 5,0 kg<\/li>\n<\/ul>\n<p><strong>Umfang der Lieferung<\/strong><\/p>\n<ul>\n<li>Im Karton<\/li>\n<\/ul>","protected":false},"excerpt":{"rendered":"<p>Snelle mixer voor mengsels tot 100 kg Veilig door optimaal gevormde handvatten en daardoor een comfortabel gebruiksgemak Lange levensduur door poeder gecoaten aluminium gegoten transmissie onderdelen Elektronische beveiliging toerental Kenmerken Baier &#8211; BSM 2842 &#8211; Mengmachine &#8211; 1400W Voor materialen zoals gips, mortel, verf, lijm en nog veel meer. Elektronische besturing , afhankelijk van het [&hellip;]<\/p>\n","protected":false},"featured_media":461,"comment_status":"closed","ping_status":"closed","template":"","meta":[],"product_brand":[626],"product_cat":[17,90],"product_tag":[],"class_list":{"0":"post-3314","1":"product","2":"type-product","3":"status-publish","4":"has-post-thumbnail","6":"product_brand-baier","7":"product_cat-machines","8":"product_cat-mengmachine","10":"first","11":"instock","12":"shipping-taxable","13":"purchasable","14":"product-type-simple"},"ct_brands":[{"id":626,"name":"BAIER","slug":"baier-info"}],"yoast_head":"<!-- This site is optimized with the Yoast SEO plugin v27.5 - https:\/\/yoast.com\/product\/yoast-seo-wordpress\/ -->\n<title>Baier - BSM 2842 - Mengmachine - 1400W - KEM Europe<\/title>\n<meta name=\"robots\" content=\"index, follow, max-snippet:-1, max-image-preview:large, max-video-preview:-1\" \/>\n<link rel=\"canonical\" href=\"https:\/\/kem-europe.eu\/de\/produkt\/baier-bsm-2842-mischmaschine-1400w\/\" \/>\n<meta property=\"og:locale\" content=\"de_DE\" \/>\n<meta property=\"og:type\" content=\"article\" \/>\n<meta property=\"og:title\" content=\"Baier - BSM 2842 - Mengmachine - 1400W - KEM Europe\" \/>\n<meta property=\"og:description\" content=\"Snelle mixer voor mengsels tot 100 kg Veilig door optimaal gevormde handvatten en daardoor een comfortabel gebruiksgemak Lange levensduur door poeder gecoaten aluminium gegoten transmissie onderdelen Elektronische beveiliging toerental Kenmerken Baier &#8211; BSM 2842 &#8211; Mengmachine &#8211; 1400W Voor materialen zoals gips, mortel, verf, lijm en nog veel meer. Elektronische besturing , afhankelijk van het [&hellip;]\" \/>\n<meta property=\"og:url\" content=\"https:\/\/kem-europe.eu\/de\/produkt\/baier-bsm-2842-mischmaschine-1400w\/\" \/>\n<meta property=\"og:site_name\" content=\"KEM Europe\" \/>\n<meta property=\"article:modified_time\" content=\"2025-02-27T11:53:26+00:00\" \/>\n<meta property=\"og:image\" content=\"https:\/\/kem-europe.eu\/wp-content\/uploads\/2025\/02\/Baier-BSM-2842.jpg\" \/>\n\t<meta property=\"og:image:width\" content=\"700\" \/>\n\t<meta property=\"og:image:height\" content=\"700\" \/>\n\t<meta property=\"og:image:type\" content=\"image\/jpeg\" \/>\n<meta name=\"twitter:card\" content=\"summary_large_image\" \/>\n<script type=\"application\/ld+json\" class=\"yoast-schema-graph\">{\"@context\":\"https:\\\/\\\/schema.org\",\"@graph\":[{\"@type\":\"WebPage\",\"@id\":\"https:\\\/\\\/kem-europe.eu\\\/product\\\/baier-bsm-2842-mengmachine-1400w\\\/\",\"url\":\"https:\\\/\\\/kem-europe.eu\\\/product\\\/baier-bsm-2842-mengmachine-1400w\\\/\",\"name\":\"Baier - BSM 2842 - Mengmachine - 1400W - KEM Europe\",\"isPartOf\":{\"@id\":\"https:\\\/\\\/kem-europe.eu\\\/#website\"},\"primaryImageOfPage\":{\"@id\":\"https:\\\/\\\/kem-europe.eu\\\/product\\\/baier-bsm-2842-mengmachine-1400w\\\/#primaryimage\"},\"image\":{\"@id\":\"https:\\\/\\\/kem-europe.eu\\\/product\\\/baier-bsm-2842-mengmachine-1400w\\\/#primaryimage\"},\"thumbnailUrl\":\"https:\\\/\\\/kem-europe.eu\\\/wp-content\\\/uploads\\\/2025\\\/02\\\/Baier-BSM-2842.jpg\",\"datePublished\":\"2025-02-27T08:53:20+00:00\",\"dateModified\":\"2025-02-27T11:53:26+00:00\",\"breadcrumb\":{\"@id\":\"https:\\\/\\\/kem-europe.eu\\\/product\\\/baier-bsm-2842-mengmachine-1400w\\\/#breadcrumb\"},\"inLanguage\":\"de\",\"potentialAction\":[{\"@type\":\"ReadAction\",\"target\":[\"https:\\\/\\\/kem-europe.eu\\\/product\\\/baier-bsm-2842-mengmachine-1400w\\\/\"]}]},{\"@type\":\"ImageObject\",\"inLanguage\":\"de\",\"@id\":\"https:\\\/\\\/kem-europe.eu\\\/product\\\/baier-bsm-2842-mengmachine-1400w\\\/#primaryimage\",\"url\":\"https:\\\/\\\/kem-europe.eu\\\/wp-content\\\/uploads\\\/2025\\\/02\\\/Baier-BSM-2842.jpg\",\"contentUrl\":\"https:\\\/\\\/kem-europe.eu\\\/wp-content\\\/uploads\\\/2025\\\/02\\\/Baier-BSM-2842.jpg\",\"width\":700,\"height\":700},{\"@type\":\"BreadcrumbList\",\"@id\":\"https:\\\/\\\/kem-europe.eu\\\/product\\\/baier-bsm-2842-mengmachine-1400w\\\/#breadcrumb\",\"itemListElement\":[{\"@type\":\"ListItem\",\"position\":1,\"name\":\"Home\",\"item\":\"https:\\\/\\\/kem-europe.eu\\\/\"},{\"@type\":\"ListItem\",\"position\":2,\"name\":\"Winkel\",\"item\":\"https:\\\/\\\/kem-europe.eu\\\/winkel\\\/\"},{\"@type\":\"ListItem\",\"position\":3,\"name\":\"Baier &#8211; BSM 2842 &#8211; Mengmachine &#8211; 1400W\"}]},{\"@type\":\"WebSite\",\"@id\":\"https:\\\/\\\/kem-europe.eu\\\/#website\",\"url\":\"https:\\\/\\\/kem-europe.eu\\\/\",\"name\":\"KEM Europe\",\"description\":\"\",\"publisher\":{\"@id\":\"https:\\\/\\\/kem-europe.eu\\\/#organization\"},\"potentialAction\":[{\"@type\":\"SearchAction\",\"target\":{\"@type\":\"EntryPoint\",\"urlTemplate\":\"https:\\\/\\\/kem-europe.eu\\\/?s={search_term_string}\"},\"query-input\":{\"@type\":\"PropertyValueSpecification\",\"valueRequired\":true,\"valueName\":\"search_term_string\"}}],\"inLanguage\":\"de\"},{\"@type\":\"Organization\",\"@id\":\"https:\\\/\\\/kem-europe.eu\\\/#organization\",\"name\":\"KEM Europe\",\"url\":\"https:\\\/\\\/kem-europe.eu\\\/\",\"logo\":{\"@type\":\"ImageObject\",\"inLanguage\":\"de\",\"@id\":\"https:\\\/\\\/kem-europe.eu\\\/#\\\/schema\\\/logo\\\/image\\\/\",\"url\":\"https:\\\/\\\/kem-europe.eu\\\/wp-content\\\/uploads\\\/2025\\\/02\\\/KEM2019-BLACK-1500W.png\",\"contentUrl\":\"https:\\\/\\\/kem-europe.eu\\\/wp-content\\\/uploads\\\/2025\\\/02\\\/KEM2019-BLACK-1500W.png\",\"width\":1500,\"height\":626,\"caption\":\"KEM Europe\"},\"image\":{\"@id\":\"https:\\\/\\\/kem-europe.eu\\\/#\\\/schema\\\/logo\\\/image\\\/\"}}]}<\/script>\n<!-- \/ Yoast SEO plugin. -->","yoast_head_json":{"title":"Baier - BSM 2842 - Mischger\u00e4t - 1400W - KEM Europe","robots":{"index":"index","follow":"follow","max-snippet":"max-snippet:-1","max-image-preview":"max-image-preview:large","max-video-preview":"max-video-preview:-1"},"canonical":"https:\/\/kem-europe.eu\/de\/produkt\/baier-bsm-2842-mischmaschine-1400w\/","og_locale":"de_DE","og_type":"article","og_title":"Baier - BSM 2842 - Mengmachine - 1400W - KEM Europe","og_description":"Snelle mixer voor mengsels tot 100 kg Veilig door optimaal gevormde handvatten en daardoor een comfortabel gebruiksgemak Lange levensduur door poeder gecoaten aluminium gegoten transmissie onderdelen Elektronische beveiliging toerental Kenmerken Baier &#8211; BSM 2842 &#8211; Mengmachine &#8211; 1400W Voor materialen zoals gips, mortel, verf, lijm en nog veel meer. Elektronische besturing , afhankelijk van het [&hellip;]","og_url":"https:\/\/kem-europe.eu\/de\/produkt\/baier-bsm-2842-mischmaschine-1400w\/","og_site_name":"KEM Europe","article_modified_time":"2025-02-27T11:53:26+00:00","og_image":[{"width":700,"height":700,"url":"https:\/\/kem-europe.eu\/wp-content\/uploads\/2025\/02\/Baier-BSM-2842.jpg","type":"image\/jpeg"}],"twitter_card":"summary_large_image","schema":{"@context":"https:\/\/schema.org","@graph":[{"@type":"WebPage","@id":"https:\/\/kem-europe.eu\/product\/baier-bsm-2842-mengmachine-1400w\/","url":"https:\/\/kem-europe.eu\/product\/baier-bsm-2842-mengmachine-1400w\/","name":"Baier - BSM 2842 - Mischger\u00e4t - 1400W - KEM Europe","isPartOf":{"@id":"https:\/\/kem-europe.eu\/#website"},"primaryImageOfPage":{"@id":"https:\/\/kem-europe.eu\/product\/baier-bsm-2842-mengmachine-1400w\/#primaryimage"},"image":{"@id":"https:\/\/kem-europe.eu\/product\/baier-bsm-2842-mengmachine-1400w\/#primaryimage"},"thumbnailUrl":"https:\/\/kem-europe.eu\/wp-content\/uploads\/2025\/02\/Baier-BSM-2842.jpg","datePublished":"2025-02-27T08:53:20+00:00","dateModified":"2025-02-27T11:53:26+00:00","breadcrumb":{"@id":"https:\/\/kem-europe.eu\/product\/baier-bsm-2842-mengmachine-1400w\/#breadcrumb"},"inLanguage":"de","potentialAction":[{"@type":"ReadAction","target":["https:\/\/kem-europe.eu\/product\/baier-bsm-2842-mengmachine-1400w\/"]}]},{"@type":"ImageObject","inLanguage":"de","@id":"https:\/\/kem-europe.eu\/product\/baier-bsm-2842-mengmachine-1400w\/#primaryimage","url":"https:\/\/kem-europe.eu\/wp-content\/uploads\/2025\/02\/Baier-BSM-2842.jpg","contentUrl":"https:\/\/kem-europe.eu\/wp-content\/uploads\/2025\/02\/Baier-BSM-2842.jpg","width":700,"height":700},{"@type":"BreadcrumbList","@id":"https:\/\/kem-europe.eu\/product\/baier-bsm-2842-mengmachine-1400w\/#breadcrumb","itemListElement":[{"@type":"ListItem","position":1,"name":"Home","item":"https:\/\/kem-europe.eu\/"},{"@type":"ListItem","position":2,"name":"Winkel","item":"https:\/\/kem-europe.eu\/winkel\/"},{"@type":"ListItem","position":3,"name":"Baier &#8211; BSM 2842 &#8211; Mengmachine &#8211; 1400W"}]},{"@type":"WebSite","@id":"https:\/\/kem-europe.eu\/#website","url":"https:\/\/kem-europe.eu\/","name":"KEM Europe","description":"","publisher":{"@id":"https:\/\/kem-europe.eu\/#organization"},"potentialAction":[{"@type":"SearchAction","target":{"@type":"EntryPoint","urlTemplate":"https:\/\/kem-europe.eu\/?s={search_term_string}"},"query-input":{"@type":"PropertyValueSpecification","valueRequired":true,"valueName":"search_term_string"}}],"inLanguage":"de"},{"@type":"Organization","@id":"https:\/\/kem-europe.eu\/#organization","name":"KEM Europe","url":"https:\/\/kem-europe.eu\/","logo":{"@type":"ImageObject","inLanguage":"de","@id":"https:\/\/kem-europe.eu\/#\/schema\/logo\/image\/","url":"https:\/\/kem-europe.eu\/wp-content\/uploads\/2025\/02\/KEM2019-BLACK-1500W.png","contentUrl":"https:\/\/kem-europe.eu\/wp-content\/uploads\/2025\/02\/KEM2019-BLACK-1500W.png","width":1500,"height":626,"caption":"KEM Europe"},"image":{"@id":"https:\/\/kem-europe.eu\/#\/schema\/logo\/image\/"}}]}},"_links":{"self":[{"href":"https:\/\/kem-europe.eu\/de\/wp-json\/wp\/v2\/product\/3314","targetHints":{"allow":["GET"]}}],"collection":[{"href":"https:\/\/kem-europe.eu\/de\/wp-json\/wp\/v2\/product"}],"about":[{"href":"https:\/\/kem-europe.eu\/de\/wp-json\/wp\/v2\/types\/product"}],"replies":[{"embeddable":true,"href":"https:\/\/kem-europe.eu\/de\/wp-json\/wp\/v2\/comments?post=3314"}],"wp:featuredmedia":[{"embeddable":true,"href":"https:\/\/kem-europe.eu\/de\/wp-json\/wp\/v2\/media\/461"}],"wp:attachment":[{"href":"https:\/\/kem-europe.eu\/de\/wp-json\/wp\/v2\/media?parent=3314"}],"wp:term":[{"taxonomy":"product_brand","embeddable":true,"href":"https:\/\/kem-europe.eu\/de\/wp-json\/wp\/v2\/product_brand?post=3314"},{"taxonomy":"product_cat","embeddable":true,"href":"https:\/\/kem-europe.eu\/de\/wp-json\/wp\/v2\/product_cat?post=3314"},{"taxonomy":"product_tag","embeddable":true,"href":"https:\/\/kem-europe.eu\/de\/wp-json\/wp\/v2\/product_tag?post=3314"}],"curies":[{"name":"wp","href":"https:\/\/api.w.org\/{rel}","templated":true}]}}