{"id":3365,"date":"2025-02-27T08:56:24","date_gmt":"2025-02-27T08:56:24","guid":{"rendered":"https:\/\/kem-europe.eu\/?post_type=product&#038;p=3365"},"modified":"2025-03-06T07:28:55","modified_gmt":"2025-03-06T07:28:55","slug":"dorly-rh-serie-da-naegel-edelstahl-4000stueck","status":"publish","type":"product","link":"https:\/\/kem-europe.eu\/de\/product\/dorly-rh-serie-da-nagels-rvs-4000-stuks\/","title":{"rendered":"D'Orly RH Serie DA N\u00e4gel aus Edelstahl - 4000 St\u00fcck"},"content":{"rendered":"<p><strong>Eigenschaften D'Orly RH Serie DA N\u00e4gel aus Edelstahl - 4000 St\u00fcck<\/strong><\/p>\n<ul>\n<li>N\u00e4gel f\u00fcr Ihren Tacker<\/li>\n<li>Hergestellt aus rostfreiem Stahl<\/li>\n<\/ul>\n<p><strong>Technische Daten<\/strong><\/p>\n<ul>\n<li>Material - rostfreier Stahl<\/li>\n<li>Abmessungen der Endn\u00e4gel - Verschiedene\n<ul>\n<li>32 mm<\/li>\n<li>38 mm<\/li>\n<li>45 mm<\/li>\n<li>50 mm<\/li>\n<\/ul>\n<\/li>\n<li>Anzahl - 4000 St\u00fcck<\/li>\n<\/ul>\n<p><strong>Umfang der Lieferung<\/strong><\/p>\n<ul>\n<li>D'Orly RH Serie DA N\u00e4gel aus Edelstahl - 4000 St\u00fcck<\/li>\n<\/ul>","protected":false},"excerpt":{"rendered":"<p>Eigenschaften D'Orly RH Serie DA N\u00e4gel Edelstahl - 4000 St\u00fcck N\u00e4gel f\u00fcr Ihren Tacker Besteht aus Edelstahl Technische Daten Material - Edelstahl Finishing Nagel Gr\u00f6\u00dfe - Verschiedene 32 mm 38 mm 45 mm 50 mm Anzahl - 4000 St\u00fcck Lieferumfang D'Orly RH Serie DA N\u00e4gel Edelstahl - 4000 St\u00fcck<\/p>","protected":false},"featured_media":3416,"comment_status":"closed","ping_status":"closed","template":"","meta":[],"product_brand":[625],"product_cat":[638,619],"product_tag":[],"class_list":{"0":"post-3365","1":"product","2":"type-product","3":"status-publish","4":"has-post-thumbnail","6":"product_brand-dorly","7":"product_cat-nagels-nietjes","8":"product_cat-toebehoren-dorly-rh-machine","10":"first","11":"instock","12":"shipping-taxable","13":"product-type-simple"},"ct_brands":[{"id":625,"name":"D'ORLY","slug":"dorly"}],"yoast_head":"<!-- This site is optimized with the Yoast SEO plugin v27.3 - https:\/\/yoast.com\/product\/yoast-seo-wordpress\/ -->\n<title>D\u2019Orly RH-serie DA Nagels RVS \u2013 4000 stuks - KEM Europe<\/title>\n<meta name=\"robots\" content=\"index, follow, max-snippet:-1, max-image-preview:large, max-video-preview:-1\" \/>\n<link rel=\"canonical\" href=\"https:\/\/kem-europe.eu\/de\/produkt\/dorly-rh-serie-da-naegel-edelstahl-4000stueck\/\" \/>\n<meta property=\"og:locale\" content=\"de_DE\" \/>\n<meta property=\"og:type\" content=\"article\" \/>\n<meta property=\"og:title\" content=\"D\u2019Orly RH-serie DA Nagels RVS \u2013 4000 stuks - KEM Europe\" \/>\n<meta property=\"og:description\" content=\"Kenmerken D\u2019Orly RH-serie DA Nagels RVS \u2013 4000 stuks Nagels voor jouw tacker Bestaat uit RVS Technische specificaties Materiaal \u2013 RVS Afmeting afwerknagel \u2013 Divers 32 mm 38 mm 45 mm 50 mm Aantal \u2013 4000 stuks Leveringsomvang D\u2019Orly RH-serie DA Nagels RVS \u2013 4000 stuks\" \/>\n<meta property=\"og:url\" content=\"https:\/\/kem-europe.eu\/de\/produkt\/dorly-rh-serie-da-naegel-edelstahl-4000stueck\/\" \/>\n<meta property=\"og:site_name\" content=\"KEM Europe\" \/>\n<meta property=\"article:modified_time\" content=\"2025-03-06T07:28:55+00:00\" \/>\n<meta property=\"og:image\" content=\"https:\/\/kem-europe.eu\/wp-content\/uploads\/2025\/02\/BMRED200432.jpg\" \/>\n\t<meta property=\"og:image:width\" content=\"700\" \/>\n\t<meta property=\"og:image:height\" content=\"700\" \/>\n\t<meta property=\"og:image:type\" content=\"image\/jpeg\" \/>\n<meta name=\"twitter:card\" content=\"summary_large_image\" \/>\n<meta name=\"twitter:label1\" content=\"Gesch\u00e4tzte Lesezeit\" \/>\n\t<meta name=\"twitter:data1\" content=\"1\u00a0Minute\" \/>\n<script type=\"application\/ld+json\" class=\"yoast-schema-graph\">{\"@context\":\"https:\\\/\\\/schema.org\",\"@graph\":[{\"@type\":\"WebPage\",\"@id\":\"https:\\\/\\\/kem-europe.eu\\\/product\\\/dorly-rh-serie-da-nagels-rvs-4000-stuks\\\/\",\"url\":\"https:\\\/\\\/kem-europe.eu\\\/product\\\/dorly-rh-serie-da-nagels-rvs-4000-stuks\\\/\",\"name\":\"D\u2019Orly RH-serie DA Nagels RVS \u2013 4000 stuks - KEM Europe\",\"isPartOf\":{\"@id\":\"https:\\\/\\\/kem-europe.eu\\\/#website\"},\"primaryImageOfPage\":{\"@id\":\"https:\\\/\\\/kem-europe.eu\\\/product\\\/dorly-rh-serie-da-nagels-rvs-4000-stuks\\\/#primaryimage\"},\"image\":{\"@id\":\"https:\\\/\\\/kem-europe.eu\\\/product\\\/dorly-rh-serie-da-nagels-rvs-4000-stuks\\\/#primaryimage\"},\"thumbnailUrl\":\"https:\\\/\\\/kem-europe.eu\\\/wp-content\\\/uploads\\\/2025\\\/02\\\/BMRED200432.jpg\",\"datePublished\":\"2025-02-27T08:56:24+00:00\",\"dateModified\":\"2025-03-06T07:28:55+00:00\",\"breadcrumb\":{\"@id\":\"https:\\\/\\\/kem-europe.eu\\\/product\\\/dorly-rh-serie-da-nagels-rvs-4000-stuks\\\/#breadcrumb\"},\"inLanguage\":\"de\",\"potentialAction\":[{\"@type\":\"ReadAction\",\"target\":[\"https:\\\/\\\/kem-europe.eu\\\/product\\\/dorly-rh-serie-da-nagels-rvs-4000-stuks\\\/\"]}]},{\"@type\":\"ImageObject\",\"inLanguage\":\"de\",\"@id\":\"https:\\\/\\\/kem-europe.eu\\\/product\\\/dorly-rh-serie-da-nagels-rvs-4000-stuks\\\/#primaryimage\",\"url\":\"https:\\\/\\\/kem-europe.eu\\\/wp-content\\\/uploads\\\/2025\\\/02\\\/BMRED200432.jpg\",\"contentUrl\":\"https:\\\/\\\/kem-europe.eu\\\/wp-content\\\/uploads\\\/2025\\\/02\\\/BMRED200432.jpg\",\"width\":700,\"height\":700},{\"@type\":\"BreadcrumbList\",\"@id\":\"https:\\\/\\\/kem-europe.eu\\\/product\\\/dorly-rh-serie-da-nagels-rvs-4000-stuks\\\/#breadcrumb\",\"itemListElement\":[{\"@type\":\"ListItem\",\"position\":1,\"name\":\"Home\",\"item\":\"https:\\\/\\\/kem-europe.eu\\\/\"},{\"@type\":\"ListItem\",\"position\":2,\"name\":\"Winkel\",\"item\":\"https:\\\/\\\/kem-europe.eu\\\/winkel\\\/\"},{\"@type\":\"ListItem\",\"position\":3,\"name\":\"D\u2019Orly RH-serie DA Nagels RVS \u2013 4000 stuks\"}]},{\"@type\":\"WebSite\",\"@id\":\"https:\\\/\\\/kem-europe.eu\\\/#website\",\"url\":\"https:\\\/\\\/kem-europe.eu\\\/\",\"name\":\"KEM Europe\",\"description\":\"\",\"publisher\":{\"@id\":\"https:\\\/\\\/kem-europe.eu\\\/#organization\"},\"potentialAction\":[{\"@type\":\"SearchAction\",\"target\":{\"@type\":\"EntryPoint\",\"urlTemplate\":\"https:\\\/\\\/kem-europe.eu\\\/?s={search_term_string}\"},\"query-input\":{\"@type\":\"PropertyValueSpecification\",\"valueRequired\":true,\"valueName\":\"search_term_string\"}}],\"inLanguage\":\"de\"},{\"@type\":\"Organization\",\"@id\":\"https:\\\/\\\/kem-europe.eu\\\/#organization\",\"name\":\"KEM Europe\",\"url\":\"https:\\\/\\\/kem-europe.eu\\\/\",\"logo\":{\"@type\":\"ImageObject\",\"inLanguage\":\"de\",\"@id\":\"https:\\\/\\\/kem-europe.eu\\\/#\\\/schema\\\/logo\\\/image\\\/\",\"url\":\"https:\\\/\\\/kem-europe.eu\\\/wp-content\\\/uploads\\\/2025\\\/02\\\/KEM2019-BLACK-1500W.png\",\"contentUrl\":\"https:\\\/\\\/kem-europe.eu\\\/wp-content\\\/uploads\\\/2025\\\/02\\\/KEM2019-BLACK-1500W.png\",\"width\":1500,\"height\":626,\"caption\":\"KEM Europe\"},\"image\":{\"@id\":\"https:\\\/\\\/kem-europe.eu\\\/#\\\/schema\\\/logo\\\/image\\\/\"}}]}<\/script>\n<!-- \/ Yoast SEO plugin. -->","yoast_head_json":{"title":"D'Orly RH Serie DA N\u00e4gel aus Edelstahl - 4000 St\u00fcck - KEM Europe","robots":{"index":"index","follow":"follow","max-snippet":"max-snippet:-1","max-image-preview":"max-image-preview:large","max-video-preview":"max-video-preview:-1"},"canonical":"https:\/\/kem-europe.eu\/de\/produkt\/dorly-rh-serie-da-naegel-edelstahl-4000stueck\/","og_locale":"de_DE","og_type":"article","og_title":"D\u2019Orly RH-serie DA Nagels RVS \u2013 4000 stuks - KEM Europe","og_description":"Kenmerken D\u2019Orly RH-serie DA Nagels RVS \u2013 4000 stuks Nagels voor jouw tacker Bestaat uit RVS Technische specificaties Materiaal \u2013 RVS Afmeting afwerknagel \u2013 Divers 32 mm 38 mm 45 mm 50 mm Aantal \u2013 4000 stuks Leveringsomvang D\u2019Orly RH-serie DA Nagels RVS \u2013 4000 stuks","og_url":"https:\/\/kem-europe.eu\/de\/produkt\/dorly-rh-serie-da-naegel-edelstahl-4000stueck\/","og_site_name":"KEM Europe","article_modified_time":"2025-03-06T07:28:55+00:00","og_image":[{"width":700,"height":700,"url":"https:\/\/kem-europe.eu\/wp-content\/uploads\/2025\/02\/BMRED200432.jpg","type":"image\/jpeg"}],"twitter_card":"summary_large_image","twitter_misc":{"Gesch\u00e4tzte Lesezeit":"1\u00a0Minute"},"schema":{"@context":"https:\/\/schema.org","@graph":[{"@type":"WebPage","@id":"https:\/\/kem-europe.eu\/product\/dorly-rh-serie-da-nagels-rvs-4000-stuks\/","url":"https:\/\/kem-europe.eu\/product\/dorly-rh-serie-da-nagels-rvs-4000-stuks\/","name":"D'Orly RH Serie DA N\u00e4gel aus Edelstahl - 4000 St\u00fcck - KEM Europe","isPartOf":{"@id":"https:\/\/kem-europe.eu\/#website"},"primaryImageOfPage":{"@id":"https:\/\/kem-europe.eu\/product\/dorly-rh-serie-da-nagels-rvs-4000-stuks\/#primaryimage"},"image":{"@id":"https:\/\/kem-europe.eu\/product\/dorly-rh-serie-da-nagels-rvs-4000-stuks\/#primaryimage"},"thumbnailUrl":"https:\/\/kem-europe.eu\/wp-content\/uploads\/2025\/02\/BMRED200432.jpg","datePublished":"2025-02-27T08:56:24+00:00","dateModified":"2025-03-06T07:28:55+00:00","breadcrumb":{"@id":"https:\/\/kem-europe.eu\/product\/dorly-rh-serie-da-nagels-rvs-4000-stuks\/#breadcrumb"},"inLanguage":"de","potentialAction":[{"@type":"ReadAction","target":["https:\/\/kem-europe.eu\/product\/dorly-rh-serie-da-nagels-rvs-4000-stuks\/"]}]},{"@type":"ImageObject","inLanguage":"de","@id":"https:\/\/kem-europe.eu\/product\/dorly-rh-serie-da-nagels-rvs-4000-stuks\/#primaryimage","url":"https:\/\/kem-europe.eu\/wp-content\/uploads\/2025\/02\/BMRED200432.jpg","contentUrl":"https:\/\/kem-europe.eu\/wp-content\/uploads\/2025\/02\/BMRED200432.jpg","width":700,"height":700},{"@type":"BreadcrumbList","@id":"https:\/\/kem-europe.eu\/product\/dorly-rh-serie-da-nagels-rvs-4000-stuks\/#breadcrumb","itemListElement":[{"@type":"ListItem","position":1,"name":"Home","item":"https:\/\/kem-europe.eu\/"},{"@type":"ListItem","position":2,"name":"Winkel","item":"https:\/\/kem-europe.eu\/winkel\/"},{"@type":"ListItem","position":3,"name":"D\u2019Orly RH-serie DA Nagels RVS \u2013 4000 stuks"}]},{"@type":"WebSite","@id":"https:\/\/kem-europe.eu\/#website","url":"https:\/\/kem-europe.eu\/","name":"KEM Europe","description":"","publisher":{"@id":"https:\/\/kem-europe.eu\/#organization"},"potentialAction":[{"@type":"SearchAction","target":{"@type":"EntryPoint","urlTemplate":"https:\/\/kem-europe.eu\/?s={search_term_string}"},"query-input":{"@type":"PropertyValueSpecification","valueRequired":true,"valueName":"search_term_string"}}],"inLanguage":"de"},{"@type":"Organization","@id":"https:\/\/kem-europe.eu\/#organization","name":"KEM Europe","url":"https:\/\/kem-europe.eu\/","logo":{"@type":"ImageObject","inLanguage":"de","@id":"https:\/\/kem-europe.eu\/#\/schema\/logo\/image\/","url":"https:\/\/kem-europe.eu\/wp-content\/uploads\/2025\/02\/KEM2019-BLACK-1500W.png","contentUrl":"https:\/\/kem-europe.eu\/wp-content\/uploads\/2025\/02\/KEM2019-BLACK-1500W.png","width":1500,"height":626,"caption":"KEM Europe"},"image":{"@id":"https:\/\/kem-europe.eu\/#\/schema\/logo\/image\/"}}]}},"_links":{"self":[{"href":"https:\/\/kem-europe.eu\/de\/wp-json\/wp\/v2\/product\/3365","targetHints":{"allow":["GET"]}}],"collection":[{"href":"https:\/\/kem-europe.eu\/de\/wp-json\/wp\/v2\/product"}],"about":[{"href":"https:\/\/kem-europe.eu\/de\/wp-json\/wp\/v2\/types\/product"}],"replies":[{"embeddable":true,"href":"https:\/\/kem-europe.eu\/de\/wp-json\/wp\/v2\/comments?post=3365"}],"wp:featuredmedia":[{"embeddable":true,"href":"https:\/\/kem-europe.eu\/de\/wp-json\/wp\/v2\/media\/3416"}],"wp:attachment":[{"href":"https:\/\/kem-europe.eu\/de\/wp-json\/wp\/v2\/media?parent=3365"}],"wp:term":[{"taxonomy":"product_brand","embeddable":true,"href":"https:\/\/kem-europe.eu\/de\/wp-json\/wp\/v2\/product_brand?post=3365"},{"taxonomy":"product_cat","embeddable":true,"href":"https:\/\/kem-europe.eu\/de\/wp-json\/wp\/v2\/product_cat?post=3365"},{"taxonomy":"product_tag","embeddable":true,"href":"https:\/\/kem-europe.eu\/de\/wp-json\/wp\/v2\/product_tag?post=3365"}],"curies":[{"name":"wp","href":"https:\/\/api.w.org\/{rel}","templated":true}]}}