{"id":3431,"date":"2025-02-27T09:00:25","date_gmt":"2025-02-27T09:00:25","guid":{"rendered":"https:\/\/kem-europe.eu\/?post_type=product&#038;p=3431"},"modified":"2025-03-07T14:09:30","modified_gmt":"2025-03-07T14:09:30","slug":"baier-diamantbohrkrone-trocken-titan-diverse-groessen-4","status":"publish","type":"product","link":"https:\/\/kem-europe.eu\/de\/product\/baier-diamantboor-droog-titanium-diverse-maten-4\/","title":{"rendered":"Baier - Diamantbohrer - trocken - Titan 400mm - verschiedene Gr\u00f6\u00dfen"},"content":{"rendered":"<p><strong>Eigenschaften Baier - Diamantbohrer - trocken - Titan - verschiedene Gr\u00f6\u00dfen<\/strong><strong><br \/>\n<\/strong><\/p>\n<ul>\n<li>Geeignet f\u00fcr Beton, Stahlbeton, verdichteten Kalkstein<\/li>\n<li>Lasergeschwei\u00dft<\/li>\n<\/ul>\n<p><strong>Technische Daten<\/strong><\/p>\n<ul>\n<li>Einlass - 1 1\/4\u2033<\/li>\n<li>Effektive L\u00e4nge - 400 mm<\/li>\n<li>Segmenth\u00f6he - 10 mm<\/li>\n<\/ul>","protected":false},"excerpt":{"rendered":"<p>Titan-Diamant-Bohrer trocken mit verschiedenen Gr\u00f6\u00dfen von Durchmesser.<\/p>","protected":false},"featured_media":1185,"comment_status":"closed","ping_status":"closed","template":"","meta":[],"product_brand":[626],"product_cat":[21,73,188,189,20],"product_tag":[],"class_list":{"0":"post-3431","1":"product","2":"type-product","3":"status-publish","4":"has-post-thumbnail","6":"product_brand-baier","7":"product_cat-diamant","8":"product_cat-diamant-boormachine-toebehoren","9":"product_cat-diamantboor","10":"product_cat-diamantboor-droog","11":"product_cat-verbruiksartikelen-diamant","13":"first","14":"instock","15":"purchasable","16":"product-type-variable"},"ct_brands":[{"id":626,"name":"BAIER","slug":"baier-info"}],"yoast_head":"<!-- This site is optimized with the Yoast SEO plugin v27.3 - https:\/\/yoast.com\/product\/yoast-seo-wordpress\/ -->\n<title>Baier - Diamantboor - droog - titanium 400mm - diverse maten - KEM Europe<\/title>\n<meta name=\"robots\" content=\"index, follow, max-snippet:-1, max-image-preview:large, max-video-preview:-1\" \/>\n<link rel=\"canonical\" href=\"https:\/\/kem-europe.eu\/de\/produkt\/baier-diamantbohrkrone-trocken-titan-diverse-groessen-4\/\" \/>\n<meta property=\"og:locale\" content=\"de_DE\" \/>\n<meta property=\"og:type\" content=\"article\" \/>\n<meta property=\"og:title\" content=\"Baier - Diamantboor - droog - titanium 400mm - diverse maten - KEM Europe\" \/>\n<meta property=\"og:description\" content=\"Titanium diamantboor droog met diverse maten van diameter.\" \/>\n<meta property=\"og:url\" content=\"https:\/\/kem-europe.eu\/de\/produkt\/baier-diamantbohrkrone-trocken-titan-diverse-groessen-4\/\" \/>\n<meta property=\"og:site_name\" content=\"KEM Europe\" \/>\n<meta property=\"article:modified_time\" content=\"2025-03-07T14:09:30+00:00\" \/>\n<meta property=\"og:image\" content=\"https:\/\/kem-europe.eu\/wp-content\/uploads\/2025\/02\/Baier-6372-Titanium-droogboor.jpg\" \/>\n\t<meta property=\"og:image:width\" content=\"700\" \/>\n\t<meta property=\"og:image:height\" content=\"700\" \/>\n\t<meta property=\"og:image:type\" content=\"image\/jpeg\" \/>\n<meta name=\"twitter:card\" content=\"summary_large_image\" \/>\n<meta name=\"twitter:label1\" content=\"Gesch\u00e4tzte Lesezeit\" \/>\n\t<meta name=\"twitter:data1\" content=\"1\u00a0Minute\" \/>\n<script type=\"application\/ld+json\" class=\"yoast-schema-graph\">{\"@context\":\"https:\\\/\\\/schema.org\",\"@graph\":[{\"@type\":\"WebPage\",\"@id\":\"https:\\\/\\\/kem-europe.eu\\\/product\\\/baier-diamantboor-droog-titanium-diverse-maten-4\\\/\",\"url\":\"https:\\\/\\\/kem-europe.eu\\\/product\\\/baier-diamantboor-droog-titanium-diverse-maten-4\\\/\",\"name\":\"Baier - Diamantboor - droog - titanium 400mm - diverse maten - KEM Europe\",\"isPartOf\":{\"@id\":\"https:\\\/\\\/kem-europe.eu\\\/#website\"},\"primaryImageOfPage\":{\"@id\":\"https:\\\/\\\/kem-europe.eu\\\/product\\\/baier-diamantboor-droog-titanium-diverse-maten-4\\\/#primaryimage\"},\"image\":{\"@id\":\"https:\\\/\\\/kem-europe.eu\\\/product\\\/baier-diamantboor-droog-titanium-diverse-maten-4\\\/#primaryimage\"},\"thumbnailUrl\":\"https:\\\/\\\/kem-europe.eu\\\/wp-content\\\/uploads\\\/2025\\\/02\\\/Baier-6372-Titanium-droogboor.jpg\",\"datePublished\":\"2025-02-27T09:00:25+00:00\",\"dateModified\":\"2025-03-07T14:09:30+00:00\",\"breadcrumb\":{\"@id\":\"https:\\\/\\\/kem-europe.eu\\\/product\\\/baier-diamantboor-droog-titanium-diverse-maten-4\\\/#breadcrumb\"},\"inLanguage\":\"de\",\"potentialAction\":[{\"@type\":\"ReadAction\",\"target\":[\"https:\\\/\\\/kem-europe.eu\\\/product\\\/baier-diamantboor-droog-titanium-diverse-maten-4\\\/\"]}]},{\"@type\":\"ImageObject\",\"inLanguage\":\"de\",\"@id\":\"https:\\\/\\\/kem-europe.eu\\\/product\\\/baier-diamantboor-droog-titanium-diverse-maten-4\\\/#primaryimage\",\"url\":\"https:\\\/\\\/kem-europe.eu\\\/wp-content\\\/uploads\\\/2025\\\/02\\\/Baier-6372-Titanium-droogboor.jpg\",\"contentUrl\":\"https:\\\/\\\/kem-europe.eu\\\/wp-content\\\/uploads\\\/2025\\\/02\\\/Baier-6372-Titanium-droogboor.jpg\",\"width\":700,\"height\":700},{\"@type\":\"BreadcrumbList\",\"@id\":\"https:\\\/\\\/kem-europe.eu\\\/product\\\/baier-diamantboor-droog-titanium-diverse-maten-4\\\/#breadcrumb\",\"itemListElement\":[{\"@type\":\"ListItem\",\"position\":1,\"name\":\"Home\",\"item\":\"https:\\\/\\\/kem-europe.eu\\\/\"},{\"@type\":\"ListItem\",\"position\":2,\"name\":\"Winkel\",\"item\":\"https:\\\/\\\/kem-europe.eu\\\/winkel\\\/\"},{\"@type\":\"ListItem\",\"position\":3,\"name\":\"Baier &#8211; Diamantboor &#8211; droog &#8211; titanium 400mm &#8211; diverse maten\"}]},{\"@type\":\"WebSite\",\"@id\":\"https:\\\/\\\/kem-europe.eu\\\/#website\",\"url\":\"https:\\\/\\\/kem-europe.eu\\\/\",\"name\":\"KEM Europe\",\"description\":\"\",\"publisher\":{\"@id\":\"https:\\\/\\\/kem-europe.eu\\\/#organization\"},\"potentialAction\":[{\"@type\":\"SearchAction\",\"target\":{\"@type\":\"EntryPoint\",\"urlTemplate\":\"https:\\\/\\\/kem-europe.eu\\\/?s={search_term_string}\"},\"query-input\":{\"@type\":\"PropertyValueSpecification\",\"valueRequired\":true,\"valueName\":\"search_term_string\"}}],\"inLanguage\":\"de\"},{\"@type\":\"Organization\",\"@id\":\"https:\\\/\\\/kem-europe.eu\\\/#organization\",\"name\":\"KEM Europe\",\"url\":\"https:\\\/\\\/kem-europe.eu\\\/\",\"logo\":{\"@type\":\"ImageObject\",\"inLanguage\":\"de\",\"@id\":\"https:\\\/\\\/kem-europe.eu\\\/#\\\/schema\\\/logo\\\/image\\\/\",\"url\":\"https:\\\/\\\/kem-europe.eu\\\/wp-content\\\/uploads\\\/2025\\\/02\\\/KEM2019-BLACK-1500W.png\",\"contentUrl\":\"https:\\\/\\\/kem-europe.eu\\\/wp-content\\\/uploads\\\/2025\\\/02\\\/KEM2019-BLACK-1500W.png\",\"width\":1500,\"height\":626,\"caption\":\"KEM Europe\"},\"image\":{\"@id\":\"https:\\\/\\\/kem-europe.eu\\\/#\\\/schema\\\/logo\\\/image\\\/\"}}]}<\/script>\n<!-- \/ Yoast SEO plugin. -->","yoast_head_json":{"title":"Baier - Diamantbohrer - trocken - Titan 400mm - verschiedene Gr\u00f6\u00dfen - KEM Europe","robots":{"index":"index","follow":"follow","max-snippet":"max-snippet:-1","max-image-preview":"max-image-preview:large","max-video-preview":"max-video-preview:-1"},"canonical":"https:\/\/kem-europe.eu\/de\/produkt\/baier-diamantbohrkrone-trocken-titan-diverse-groessen-4\/","og_locale":"de_DE","og_type":"article","og_title":"Baier - Diamantboor - droog - titanium 400mm - diverse maten - KEM Europe","og_description":"Titanium diamantboor droog met diverse maten van diameter.","og_url":"https:\/\/kem-europe.eu\/de\/produkt\/baier-diamantbohrkrone-trocken-titan-diverse-groessen-4\/","og_site_name":"KEM Europe","article_modified_time":"2025-03-07T14:09:30+00:00","og_image":[{"width":700,"height":700,"url":"https:\/\/kem-europe.eu\/wp-content\/uploads\/2025\/02\/Baier-6372-Titanium-droogboor.jpg","type":"image\/jpeg"}],"twitter_card":"summary_large_image","twitter_misc":{"Gesch\u00e4tzte Lesezeit":"1\u00a0Minute"},"schema":{"@context":"https:\/\/schema.org","@graph":[{"@type":"WebPage","@id":"https:\/\/kem-europe.eu\/product\/baier-diamantboor-droog-titanium-diverse-maten-4\/","url":"https:\/\/kem-europe.eu\/product\/baier-diamantboor-droog-titanium-diverse-maten-4\/","name":"Baier - Diamantbohrer - trocken - Titan 400mm - verschiedene Gr\u00f6\u00dfen - KEM Europe","isPartOf":{"@id":"https:\/\/kem-europe.eu\/#website"},"primaryImageOfPage":{"@id":"https:\/\/kem-europe.eu\/product\/baier-diamantboor-droog-titanium-diverse-maten-4\/#primaryimage"},"image":{"@id":"https:\/\/kem-europe.eu\/product\/baier-diamantboor-droog-titanium-diverse-maten-4\/#primaryimage"},"thumbnailUrl":"https:\/\/kem-europe.eu\/wp-content\/uploads\/2025\/02\/Baier-6372-Titanium-droogboor.jpg","datePublished":"2025-02-27T09:00:25+00:00","dateModified":"2025-03-07T14:09:30+00:00","breadcrumb":{"@id":"https:\/\/kem-europe.eu\/product\/baier-diamantboor-droog-titanium-diverse-maten-4\/#breadcrumb"},"inLanguage":"de","potentialAction":[{"@type":"ReadAction","target":["https:\/\/kem-europe.eu\/product\/baier-diamantboor-droog-titanium-diverse-maten-4\/"]}]},{"@type":"ImageObject","inLanguage":"de","@id":"https:\/\/kem-europe.eu\/product\/baier-diamantboor-droog-titanium-diverse-maten-4\/#primaryimage","url":"https:\/\/kem-europe.eu\/wp-content\/uploads\/2025\/02\/Baier-6372-Titanium-droogboor.jpg","contentUrl":"https:\/\/kem-europe.eu\/wp-content\/uploads\/2025\/02\/Baier-6372-Titanium-droogboor.jpg","width":700,"height":700},{"@type":"BreadcrumbList","@id":"https:\/\/kem-europe.eu\/product\/baier-diamantboor-droog-titanium-diverse-maten-4\/#breadcrumb","itemListElement":[{"@type":"ListItem","position":1,"name":"Home","item":"https:\/\/kem-europe.eu\/"},{"@type":"ListItem","position":2,"name":"Winkel","item":"https:\/\/kem-europe.eu\/winkel\/"},{"@type":"ListItem","position":3,"name":"Baier &#8211; Diamantboor &#8211; droog &#8211; titanium 400mm &#8211; diverse maten"}]},{"@type":"WebSite","@id":"https:\/\/kem-europe.eu\/#website","url":"https:\/\/kem-europe.eu\/","name":"KEM Europe","description":"","publisher":{"@id":"https:\/\/kem-europe.eu\/#organization"},"potentialAction":[{"@type":"SearchAction","target":{"@type":"EntryPoint","urlTemplate":"https:\/\/kem-europe.eu\/?s={search_term_string}"},"query-input":{"@type":"PropertyValueSpecification","valueRequired":true,"valueName":"search_term_string"}}],"inLanguage":"de"},{"@type":"Organization","@id":"https:\/\/kem-europe.eu\/#organization","name":"KEM Europe","url":"https:\/\/kem-europe.eu\/","logo":{"@type":"ImageObject","inLanguage":"de","@id":"https:\/\/kem-europe.eu\/#\/schema\/logo\/image\/","url":"https:\/\/kem-europe.eu\/wp-content\/uploads\/2025\/02\/KEM2019-BLACK-1500W.png","contentUrl":"https:\/\/kem-europe.eu\/wp-content\/uploads\/2025\/02\/KEM2019-BLACK-1500W.png","width":1500,"height":626,"caption":"KEM Europe"},"image":{"@id":"https:\/\/kem-europe.eu\/#\/schema\/logo\/image\/"}}]}},"_links":{"self":[{"href":"https:\/\/kem-europe.eu\/de\/wp-json\/wp\/v2\/product\/3431","targetHints":{"allow":["GET"]}}],"collection":[{"href":"https:\/\/kem-europe.eu\/de\/wp-json\/wp\/v2\/product"}],"about":[{"href":"https:\/\/kem-europe.eu\/de\/wp-json\/wp\/v2\/types\/product"}],"replies":[{"embeddable":true,"href":"https:\/\/kem-europe.eu\/de\/wp-json\/wp\/v2\/comments?post=3431"}],"wp:featuredmedia":[{"embeddable":true,"href":"https:\/\/kem-europe.eu\/de\/wp-json\/wp\/v2\/media\/1185"}],"wp:attachment":[{"href":"https:\/\/kem-europe.eu\/de\/wp-json\/wp\/v2\/media?parent=3431"}],"wp:term":[{"taxonomy":"product_brand","embeddable":true,"href":"https:\/\/kem-europe.eu\/de\/wp-json\/wp\/v2\/product_brand?post=3431"},{"taxonomy":"product_cat","embeddable":true,"href":"https:\/\/kem-europe.eu\/de\/wp-json\/wp\/v2\/product_cat?post=3431"},{"taxonomy":"product_tag","embeddable":true,"href":"https:\/\/kem-europe.eu\/de\/wp-json\/wp\/v2\/product_tag?post=3431"}],"curies":[{"name":"wp","href":"https:\/\/api.w.org\/{rel}","templated":true}]}}