{"id":3464,"date":"2025-02-27T09:00:54","date_gmt":"2025-02-27T09:00:54","guid":{"rendered":"https:\/\/kem-europe.eu\/?post_type=product&#038;p=3464"},"modified":"2025-06-16T14:03:36","modified_gmt":"2025-06-16T14:03:36","slug":"distar-slider45-2-0-trennschutz-45grad-125mm","status":"publish","type":"product","link":"https:\/\/kem-europe.eu\/de\/product\/distar-slider45-2-0-doorslijpbeschermkap-45o-125-mm\/","title":{"rendered":"DiStar SLIDER45 2.0 Abstechschutz 45\u00ba 125 mm"},"content":{"rendered":"<p><strong>Merkmale DiStar SLIDER45 2.0 Abstechschutz 45\u00ba 125 mm<\/strong><\/p>\n<p>Ist es auch f\u00fcr Sie jedes Mal eine Herausforderung, Fliesen in einem 45-Grad-Winkel genau und effizient zu schleifen? Die aktualisierte Version des Sliders f\u00fcr einen Winkelschleifer ist ein unverzichtbares Werkzeug, das die Effizienz und Pr\u00e4zision beim Verlegen und Bearbeiten von Fliesen deutlich erh\u00f6ht.<\/p>\n<p><strong>\u2705<\/strong>\u00a0<strong>Fliesenabschluss bei 45 Grad\u00a0<\/strong>- Mit dem Slider 2.0 wird die Bearbeitung von Fliesen in einem 45-Grad-Winkel einfacher und schneller und tr\u00e4gt zu einem \u00e4sthetischeren Ergebnis bei.<\/p>\n<p><strong>\u2705<\/strong>\u00a0<strong>Universelle Kompatibilit\u00e4t<\/strong>\u00a0- Das Ger\u00e4t kann sowohl auf 125er als auch auf 115er Winkelschleifern installiert werden, was eine breitere Anwendung erm\u00f6glicht.<\/p>\n<p><img loading=\"lazy\" decoding=\"async\" class=\"alignnone wp-image-418330 entered lazyloaded\" src=\"https:\/\/bjctools.nl\/wp-content\/uploads\/2023\/09\/Mechanic-Slider-45-2.0-GIF1.gif\" sizes=\"auto, (max-width: 600px) 100vw, 600px\" srcset=\"https:\/\/bjctools.nl\/wp-content\/uploads\/2023\/09\/Mechanic-Slider-45-2.0-GIF1.gif 600w, https:\/\/bjctools.nl\/wp-content\/uploads\/2023\/09\/Mechanic-Slider-45-2.0-GIF1-400x225.gif 400w, https:\/\/bjctools.nl\/wp-content\/uploads\/2023\/09\/Mechanic-Slider-45-2.0-GIF1-546x308.gif 546w\" alt=\"DiStar SLIDER45 2.0 Abstechschutz 45\u00ba 125 mm gif1\" width=\"600\" height=\"338\" data-lazy-srcset=\"https:\/\/bjctools.nl\/wp-content\/uploads\/2023\/09\/Mechanic-Slider-45-2.0-GIF1.gif 600w, https:\/\/bjctools.nl\/wp-content\/uploads\/2023\/09\/Mechanic-Slider-45-2.0-GIF1-400x225.gif 400w, https:\/\/bjctools.nl\/wp-content\/uploads\/2023\/09\/Mechanic-Slider-45-2.0-GIF1-546x308.gif 546w\" data-lazy-sizes=\"(max-width: 600px) 100vw, 600px\" data-lazy-src=\"https:\/\/bjctools.nl\/wp-content\/uploads\/2023\/09\/Mechanic-Slider-45-2.0-GIF1.gif\" data-ll-status=\"loaded\" \/><\/p>\n<p><strong>\u2705 Einstellbarer Schleifwinkel\u00a0<\/strong>- Mit Hilfe der Skala am Slider 2.0 k\u00f6nnen Sie den Schleifwinkel genau auf die Bed\u00fcrfnisse Ihrer Arbeit abstimmen und so Pr\u00e4zision und Individualit\u00e4t gew\u00e4hrleisten.<\/p>\n<p><strong>\u2705<\/strong>\u00a0<strong>Pr\u00e4zise Positionierung\u00a0<\/strong>- Dank der gr\u00f6\u00dferen Oberfl\u00e4che des Zubeh\u00f6rs und der Verst\u00e4rkungsrippen ist eine genaue Positionierung der Klinge im Verh\u00e4ltnis zur Fliese gew\u00e4hrleistet.<\/p>\n<p><strong>\u2705 Ergonomische Schrauben\u00a0<\/strong>- Diese gew\u00e4hrleisten eine pr\u00e4zise Einstellung des Ger\u00e4ts und verbessern die Qualit\u00e4t der Schleifarbeit.<\/p>\n<p><img loading=\"lazy\" decoding=\"async\" class=\"alignnone wp-image-418331 entered lazyloaded\" src=\"https:\/\/bjctools.nl\/wp-content\/uploads\/2023\/09\/Mechanic-Slider-45-2.0-GIF2.gif\" sizes=\"auto, (max-width: 600px) 100vw, 600px\" srcset=\"https:\/\/bjctools.nl\/wp-content\/uploads\/2023\/09\/Mechanic-Slider-45-2.0-GIF2.gif 600w, https:\/\/bjctools.nl\/wp-content\/uploads\/2023\/09\/Mechanic-Slider-45-2.0-GIF2-400x225.gif 400w, https:\/\/bjctools.nl\/wp-content\/uploads\/2023\/09\/Mechanic-Slider-45-2.0-GIF2-546x308.gif 546w\" alt=\"DiStar SLIDER45 2.0 Abstechschutz 45\u00ba 125 mm gif2\" width=\"600\" height=\"338\" data-lazy-srcset=\"https:\/\/bjctools.nl\/wp-content\/uploads\/2023\/09\/Mechanic-Slider-45-2.0-GIF2.gif 600w, https:\/\/bjctools.nl\/wp-content\/uploads\/2023\/09\/Mechanic-Slider-45-2.0-GIF2-400x225.gif 400w, https:\/\/bjctools.nl\/wp-content\/uploads\/2023\/09\/Mechanic-Slider-45-2.0-GIF2-546x308.gif 546w\" data-lazy-sizes=\"(max-width: 600px) 100vw, 600px\" data-lazy-src=\"https:\/\/bjctools.nl\/wp-content\/uploads\/2023\/09\/Mechanic-Slider-45-2.0-GIF2.gif\" data-ll-status=\"loaded\" \/><\/p>\n<p>Sind Sie auf der Suche nach einem st\u00e4rkeren, gr\u00f6\u00dferen und umfassenderen Trennschutz? Dann werfen Sie einen Blick auf den\u00a0<a href=\"https:\/\/kem-europe.eu\/de\/produkt\/distar-slider45-pro-2-0-trennschutz-45grad-115-125mm\/\">DiStar SLIDER45 PRO<\/a>. Es ist mit einer Staubabsaugung ausgestattet und wird mit einem S\u00e4geblatt geliefert. Au\u00dferdem bietet er die Flexibilit\u00e4t, sowohl mit gro\u00dfen als auch mit kleinen Fliesen zu arbeiten.<\/p>\n<hr \/>\n<p><strong>Technische Daten<\/strong><\/p>\n<ul>\n<li>Winkel - 45\u00ba<\/li>\n<li>Max. Durchmesser - 125 mm<\/li>\n<li>Marke - Mechanic von Di-Star<\/li>\n<\/ul>\n<p><img loading=\"lazy\" decoding=\"async\" class=\"alignnone wp-image-418332 entered lazyloaded\" src=\"https:\/\/bjctools.nl\/wp-content\/uploads\/2023\/09\/Mechanic-Slider-45-2.0-GIF3.gif\" sizes=\"auto, (max-width: 600px) 100vw, 600px\" srcset=\"https:\/\/bjctools.nl\/wp-content\/uploads\/2023\/09\/Mechanic-Slider-45-2.0-GIF3.gif 600w, https:\/\/bjctools.nl\/wp-content\/uploads\/2023\/09\/Mechanic-Slider-45-2.0-GIF3-400x225.gif 400w, https:\/\/bjctools.nl\/wp-content\/uploads\/2023\/09\/Mechanic-Slider-45-2.0-GIF3-546x308.gif 546w\" alt=\"DiStar SLIDER45 2.0 Abstechschutz 45\u00ba 125 mm gif3\" width=\"600\" height=\"338\" data-lazy-srcset=\"https:\/\/bjctools.nl\/wp-content\/uploads\/2023\/09\/Mechanic-Slider-45-2.0-GIF3.gif 600w, https:\/\/bjctools.nl\/wp-content\/uploads\/2023\/09\/Mechanic-Slider-45-2.0-GIF3-400x225.gif 400w, https:\/\/bjctools.nl\/wp-content\/uploads\/2023\/09\/Mechanic-Slider-45-2.0-GIF3-546x308.gif 546w\" data-lazy-sizes=\"(max-width: 600px) 100vw, 600px\" data-lazy-src=\"https:\/\/bjctools.nl\/wp-content\/uploads\/2023\/09\/Mechanic-Slider-45-2.0-GIF3.gif\" data-ll-status=\"loaded\" \/><\/p>\n<p><strong>Umfang der Lieferung<\/strong><\/p>\n<ul>\n<li>DiStar SLIDER45 2.0 Abstechschutz 45\u00ba 125 mm<\/li>\n<\/ul>","protected":false},"excerpt":{"rendered":"<p>\u2705 Fliesenabschluss bei 45 Grad<br \/>\n\u2705 Universelle Kompatibilit\u00e4t<br \/>\n\u2705 Einstellbarer Schnittwinkel<br \/>\n\u2705 Pr\u00e4zise Positionierung<br \/>\n\u2705 Ergonomische Schrauben<\/p>","protected":false},"featured_media":3484,"comment_status":"closed","ping_status":"closed","template":"","meta":[],"product_brand":[623],"product_cat":[24],"product_tag":[],"class_list":{"0":"post-3464","1":"product","2":"type-product","3":"status-publish","4":"has-post-thumbnail","6":"product_brand-distar","7":"product_cat-toebehoren","9":"first","10":"instock","11":"shipping-taxable","12":"product-type-simple"},"ct_brands":[{"id":623,"name":"DISTAR","slug":"distar"}],"yoast_head":"<!-- This site is optimized with the Yoast SEO plugin v27.3 - https:\/\/yoast.com\/product\/yoast-seo-wordpress\/ -->\n<title>DiStar SLIDER45 2.0 Doorslijpbeschermkap 45\u00ba 125 mm - KEM Europe<\/title>\n<meta name=\"robots\" content=\"index, follow, max-snippet:-1, max-image-preview:large, max-video-preview:-1\" \/>\n<link rel=\"canonical\" href=\"https:\/\/kem-europe.eu\/de\/produkt\/distar-slider45-2-0-trennschutz-45grad-125mm\/\" \/>\n<meta property=\"og:locale\" content=\"de_DE\" \/>\n<meta property=\"og:type\" content=\"article\" \/>\n<meta property=\"og:title\" content=\"DiStar SLIDER45 2.0 Doorslijpbeschermkap 45\u00ba 125 mm - KEM Europe\" \/>\n<meta property=\"og:description\" content=\"\u2705 Tegelafwerking op 45 graden \u2705 Universele compatibiliteit \u2705 Instelbare snijhoek \u2705 Nauwkeurige positionering \u2705 Ergonomische schroeven\" \/>\n<meta property=\"og:url\" content=\"https:\/\/kem-europe.eu\/de\/produkt\/distar-slider45-2-0-trennschutz-45grad-125mm\/\" \/>\n<meta property=\"og:site_name\" content=\"KEM Europe\" \/>\n<meta property=\"article:modified_time\" content=\"2025-06-16T14:03:36+00:00\" \/>\n<meta property=\"og:image\" content=\"https:\/\/kem-europe.eu\/wp-content\/uploads\/2025\/02\/DiStar-SLIDER45-1.jpg\" \/>\n\t<meta property=\"og:image:width\" content=\"700\" \/>\n\t<meta property=\"og:image:height\" content=\"700\" \/>\n\t<meta property=\"og:image:type\" content=\"image\/jpeg\" \/>\n<meta name=\"twitter:card\" content=\"summary_large_image\" \/>\n<meta name=\"twitter:label1\" content=\"Gesch\u00e4tzte Lesezeit\" \/>\n\t<meta name=\"twitter:data1\" content=\"3\u00a0Minuten\" \/>\n<script type=\"application\/ld+json\" class=\"yoast-schema-graph\">{\"@context\":\"https:\\\/\\\/schema.org\",\"@graph\":[{\"@type\":\"WebPage\",\"@id\":\"https:\\\/\\\/kem-europe.eu\\\/product\\\/distar-slider45-2-0-doorslijpbeschermkap-45o-125-mm\\\/\",\"url\":\"https:\\\/\\\/kem-europe.eu\\\/product\\\/distar-slider45-2-0-doorslijpbeschermkap-45o-125-mm\\\/\",\"name\":\"DiStar SLIDER45 2.0 Doorslijpbeschermkap 45\u00ba 125 mm - KEM Europe\",\"isPartOf\":{\"@id\":\"https:\\\/\\\/kem-europe.eu\\\/#website\"},\"primaryImageOfPage\":{\"@id\":\"https:\\\/\\\/kem-europe.eu\\\/product\\\/distar-slider45-2-0-doorslijpbeschermkap-45o-125-mm\\\/#primaryimage\"},\"image\":{\"@id\":\"https:\\\/\\\/kem-europe.eu\\\/product\\\/distar-slider45-2-0-doorslijpbeschermkap-45o-125-mm\\\/#primaryimage\"},\"thumbnailUrl\":\"https:\\\/\\\/kem-europe.eu\\\/wp-content\\\/uploads\\\/2025\\\/02\\\/DiStar-SLIDER45-1.jpg\",\"datePublished\":\"2025-02-27T09:00:54+00:00\",\"dateModified\":\"2025-06-16T14:03:36+00:00\",\"breadcrumb\":{\"@id\":\"https:\\\/\\\/kem-europe.eu\\\/product\\\/distar-slider45-2-0-doorslijpbeschermkap-45o-125-mm\\\/#breadcrumb\"},\"inLanguage\":\"de\",\"potentialAction\":[{\"@type\":\"ReadAction\",\"target\":[\"https:\\\/\\\/kem-europe.eu\\\/product\\\/distar-slider45-2-0-doorslijpbeschermkap-45o-125-mm\\\/\"]}]},{\"@type\":\"ImageObject\",\"inLanguage\":\"de\",\"@id\":\"https:\\\/\\\/kem-europe.eu\\\/product\\\/distar-slider45-2-0-doorslijpbeschermkap-45o-125-mm\\\/#primaryimage\",\"url\":\"https:\\\/\\\/kem-europe.eu\\\/wp-content\\\/uploads\\\/2025\\\/02\\\/DiStar-SLIDER45-1.jpg\",\"contentUrl\":\"https:\\\/\\\/kem-europe.eu\\\/wp-content\\\/uploads\\\/2025\\\/02\\\/DiStar-SLIDER45-1.jpg\",\"width\":700,\"height\":700},{\"@type\":\"BreadcrumbList\",\"@id\":\"https:\\\/\\\/kem-europe.eu\\\/product\\\/distar-slider45-2-0-doorslijpbeschermkap-45o-125-mm\\\/#breadcrumb\",\"itemListElement\":[{\"@type\":\"ListItem\",\"position\":1,\"name\":\"Home\",\"item\":\"https:\\\/\\\/kem-europe.eu\\\/\"},{\"@type\":\"ListItem\",\"position\":2,\"name\":\"Winkel\",\"item\":\"https:\\\/\\\/kem-europe.eu\\\/winkel\\\/\"},{\"@type\":\"ListItem\",\"position\":3,\"name\":\"DiStar SLIDER45 2.0 Doorslijpbeschermkap 45\u00ba 125 mm\"}]},{\"@type\":\"WebSite\",\"@id\":\"https:\\\/\\\/kem-europe.eu\\\/#website\",\"url\":\"https:\\\/\\\/kem-europe.eu\\\/\",\"name\":\"KEM Europe\",\"description\":\"\",\"publisher\":{\"@id\":\"https:\\\/\\\/kem-europe.eu\\\/#organization\"},\"potentialAction\":[{\"@type\":\"SearchAction\",\"target\":{\"@type\":\"EntryPoint\",\"urlTemplate\":\"https:\\\/\\\/kem-europe.eu\\\/?s={search_term_string}\"},\"query-input\":{\"@type\":\"PropertyValueSpecification\",\"valueRequired\":true,\"valueName\":\"search_term_string\"}}],\"inLanguage\":\"de\"},{\"@type\":\"Organization\",\"@id\":\"https:\\\/\\\/kem-europe.eu\\\/#organization\",\"name\":\"KEM Europe\",\"url\":\"https:\\\/\\\/kem-europe.eu\\\/\",\"logo\":{\"@type\":\"ImageObject\",\"inLanguage\":\"de\",\"@id\":\"https:\\\/\\\/kem-europe.eu\\\/#\\\/schema\\\/logo\\\/image\\\/\",\"url\":\"https:\\\/\\\/kem-europe.eu\\\/wp-content\\\/uploads\\\/2025\\\/02\\\/KEM2019-BLACK-1500W.png\",\"contentUrl\":\"https:\\\/\\\/kem-europe.eu\\\/wp-content\\\/uploads\\\/2025\\\/02\\\/KEM2019-BLACK-1500W.png\",\"width\":1500,\"height\":626,\"caption\":\"KEM Europe\"},\"image\":{\"@id\":\"https:\\\/\\\/kem-europe.eu\\\/#\\\/schema\\\/logo\\\/image\\\/\"}}]}<\/script>\n<!-- \/ Yoast SEO plugin. -->","yoast_head_json":{"title":"DiStar SLIDER45 2.0 Abstechschutz 45\u00ba 125 mm - KEM Europe","robots":{"index":"index","follow":"follow","max-snippet":"max-snippet:-1","max-image-preview":"max-image-preview:large","max-video-preview":"max-video-preview:-1"},"canonical":"https:\/\/kem-europe.eu\/de\/produkt\/distar-slider45-2-0-trennschutz-45grad-125mm\/","og_locale":"de_DE","og_type":"article","og_title":"DiStar SLIDER45 2.0 Doorslijpbeschermkap 45\u00ba 125 mm - KEM Europe","og_description":"\u2705 Tegelafwerking op 45 graden \u2705 Universele compatibiliteit \u2705 Instelbare snijhoek \u2705 Nauwkeurige positionering \u2705 Ergonomische schroeven","og_url":"https:\/\/kem-europe.eu\/de\/produkt\/distar-slider45-2-0-trennschutz-45grad-125mm\/","og_site_name":"KEM Europe","article_modified_time":"2025-06-16T14:03:36+00:00","og_image":[{"width":700,"height":700,"url":"https:\/\/kem-europe.eu\/wp-content\/uploads\/2025\/02\/DiStar-SLIDER45-1.jpg","type":"image\/jpeg"}],"twitter_card":"summary_large_image","twitter_misc":{"Gesch\u00e4tzte Lesezeit":"3\u00a0Minuten"},"schema":{"@context":"https:\/\/schema.org","@graph":[{"@type":"WebPage","@id":"https:\/\/kem-europe.eu\/product\/distar-slider45-2-0-doorslijpbeschermkap-45o-125-mm\/","url":"https:\/\/kem-europe.eu\/product\/distar-slider45-2-0-doorslijpbeschermkap-45o-125-mm\/","name":"DiStar SLIDER45 2.0 Abstechschutz 45\u00ba 125 mm - KEM Europe","isPartOf":{"@id":"https:\/\/kem-europe.eu\/#website"},"primaryImageOfPage":{"@id":"https:\/\/kem-europe.eu\/product\/distar-slider45-2-0-doorslijpbeschermkap-45o-125-mm\/#primaryimage"},"image":{"@id":"https:\/\/kem-europe.eu\/product\/distar-slider45-2-0-doorslijpbeschermkap-45o-125-mm\/#primaryimage"},"thumbnailUrl":"https:\/\/kem-europe.eu\/wp-content\/uploads\/2025\/02\/DiStar-SLIDER45-1.jpg","datePublished":"2025-02-27T09:00:54+00:00","dateModified":"2025-06-16T14:03:36+00:00","breadcrumb":{"@id":"https:\/\/kem-europe.eu\/product\/distar-slider45-2-0-doorslijpbeschermkap-45o-125-mm\/#breadcrumb"},"inLanguage":"de","potentialAction":[{"@type":"ReadAction","target":["https:\/\/kem-europe.eu\/product\/distar-slider45-2-0-doorslijpbeschermkap-45o-125-mm\/"]}]},{"@type":"ImageObject","inLanguage":"de","@id":"https:\/\/kem-europe.eu\/product\/distar-slider45-2-0-doorslijpbeschermkap-45o-125-mm\/#primaryimage","url":"https:\/\/kem-europe.eu\/wp-content\/uploads\/2025\/02\/DiStar-SLIDER45-1.jpg","contentUrl":"https:\/\/kem-europe.eu\/wp-content\/uploads\/2025\/02\/DiStar-SLIDER45-1.jpg","width":700,"height":700},{"@type":"BreadcrumbList","@id":"https:\/\/kem-europe.eu\/product\/distar-slider45-2-0-doorslijpbeschermkap-45o-125-mm\/#breadcrumb","itemListElement":[{"@type":"ListItem","position":1,"name":"Home","item":"https:\/\/kem-europe.eu\/"},{"@type":"ListItem","position":2,"name":"Winkel","item":"https:\/\/kem-europe.eu\/winkel\/"},{"@type":"ListItem","position":3,"name":"DiStar SLIDER45 2.0 Doorslijpbeschermkap 45\u00ba 125 mm"}]},{"@type":"WebSite","@id":"https:\/\/kem-europe.eu\/#website","url":"https:\/\/kem-europe.eu\/","name":"KEM Europe","description":"","publisher":{"@id":"https:\/\/kem-europe.eu\/#organization"},"potentialAction":[{"@type":"SearchAction","target":{"@type":"EntryPoint","urlTemplate":"https:\/\/kem-europe.eu\/?s={search_term_string}"},"query-input":{"@type":"PropertyValueSpecification","valueRequired":true,"valueName":"search_term_string"}}],"inLanguage":"de"},{"@type":"Organization","@id":"https:\/\/kem-europe.eu\/#organization","name":"KEM Europe","url":"https:\/\/kem-europe.eu\/","logo":{"@type":"ImageObject","inLanguage":"de","@id":"https:\/\/kem-europe.eu\/#\/schema\/logo\/image\/","url":"https:\/\/kem-europe.eu\/wp-content\/uploads\/2025\/02\/KEM2019-BLACK-1500W.png","contentUrl":"https:\/\/kem-europe.eu\/wp-content\/uploads\/2025\/02\/KEM2019-BLACK-1500W.png","width":1500,"height":626,"caption":"KEM Europe"},"image":{"@id":"https:\/\/kem-europe.eu\/#\/schema\/logo\/image\/"}}]}},"_links":{"self":[{"href":"https:\/\/kem-europe.eu\/de\/wp-json\/wp\/v2\/product\/3464","targetHints":{"allow":["GET"]}}],"collection":[{"href":"https:\/\/kem-europe.eu\/de\/wp-json\/wp\/v2\/product"}],"about":[{"href":"https:\/\/kem-europe.eu\/de\/wp-json\/wp\/v2\/types\/product"}],"replies":[{"embeddable":true,"href":"https:\/\/kem-europe.eu\/de\/wp-json\/wp\/v2\/comments?post=3464"}],"wp:featuredmedia":[{"embeddable":true,"href":"https:\/\/kem-europe.eu\/de\/wp-json\/wp\/v2\/media\/3484"}],"wp:attachment":[{"href":"https:\/\/kem-europe.eu\/de\/wp-json\/wp\/v2\/media?parent=3464"}],"wp:term":[{"taxonomy":"product_brand","embeddable":true,"href":"https:\/\/kem-europe.eu\/de\/wp-json\/wp\/v2\/product_brand?post=3464"},{"taxonomy":"product_cat","embeddable":true,"href":"https:\/\/kem-europe.eu\/de\/wp-json\/wp\/v2\/product_cat?post=3464"},{"taxonomy":"product_tag","embeddable":true,"href":"https:\/\/kem-europe.eu\/de\/wp-json\/wp\/v2\/product_tag?post=3464"}],"curies":[{"name":"wp","href":"https:\/\/api.w.org\/{rel}","templated":true}]}}