{"id":3465,"date":"2025-02-27T09:00:54","date_gmt":"2025-02-27T09:00:54","guid":{"rendered":"https:\/\/kem-europe.eu\/?post_type=product&#038;p=3465"},"modified":"2025-06-16T13:12:27","modified_gmt":"2025-06-16T13:12:27","slug":"distar-aquaduster-162-wasserschutz-bohren-spritzschutz","status":"publish","type":"product","link":"https:\/\/kem-europe.eu\/de\/product\/distar-aquaduster-162-water-beschermkap-waterverwijdering-tijdens-boren\/","title":{"rendered":"DiStar AquaDuster 162 Wasserschutzkappe - Wasserentfernung beim Bohren"},"content":{"rendered":"<p><strong>Merkmale DiStar AquaDuster 162 Wasserschutzkappe - Wasserentfernung beim Bohren<\/strong><\/p>\n<p>M\u00fcssen Sie mit einer Diamantbohrmaschine nass bohren und m\u00f6chten Sie den Arbeitsplatz nicht unordentlich und schmutzig machen? Der AquaDuster 162 l\u00f6st diese Probleme, indem er Staub und Wasser direkt aus dem Bohrbereich absaugt und so f\u00fcr eine saubere, effiziente und sichere Arbeitsumgebung sorgt.<\/p>\n<p><strong>\u2705<\/strong>\u00a0<strong>Sch\u00fctzt vor Staub und Wasser<\/strong>\u00a0- Der AquaDuster 162 hilft, Staub und Wasser w\u00e4hrend des Bohrvorgangs zu vermeiden, was zu einem saubereren und sichereren Arbeitsplatz f\u00fchrt.<\/p>\n<p><strong>\u2705<\/strong>\u00a0<strong>Anschluss an den Staubsauger<\/strong>\u00a0- Das Ger\u00e4t kann mit dem\u00a0<strong>Wasser<\/strong>Staubsauger und wird auf den Bohrbereich aufgetragen, um Wasser und Staub wirksam zu entfernen.<\/p>\n<p><strong>\u2705<\/strong>\u00a0<strong>Einfach zu bedienen<\/strong>\u00a0- Der AquaDuster 162 ist einfach zu installieren und zu bedienen und daher f\u00fcr Profis und Heimwerker gleicherma\u00dfen geeignet.<\/p>\n<p><img loading=\"lazy\" decoding=\"async\" class=\"alignnone wp-image-418381 entered lazyloaded\" src=\"https:\/\/bjctools.nl\/wp-content\/uploads\/2023\/09\/AquaDuster162-1.gif\" sizes=\"auto, (max-width: 600px) 100vw, 600px\" srcset=\"https:\/\/bjctools.nl\/wp-content\/uploads\/2023\/09\/AquaDuster162-1.gif 600w, https:\/\/bjctools.nl\/wp-content\/uploads\/2023\/09\/AquaDuster162-1-400x225.gif 400w, https:\/\/bjctools.nl\/wp-content\/uploads\/2023\/09\/AquaDuster162-1-546x308.gif 546w\" alt=\"DiStar AquaDuster 162 Wasserschutzkappe GIF1\" width=\"600\" height=\"338\" data-lazy-srcset=\"https:\/\/bjctools.nl\/wp-content\/uploads\/2023\/09\/AquaDuster162-1.gif 600w, https:\/\/bjctools.nl\/wp-content\/uploads\/2023\/09\/AquaDuster162-1-400x225.gif 400w, https:\/\/bjctools.nl\/wp-content\/uploads\/2023\/09\/AquaDuster162-1-546x308.gif 546w\" data-lazy-sizes=\"(max-width: 600px) 100vw, 600px\" data-lazy-src=\"https:\/\/bjctools.nl\/wp-content\/uploads\/2023\/09\/AquaDuster162-1.gif\" data-ll-status=\"loaded\" \/><\/p>\n<p><strong>\u2705<\/strong>\u00a0<strong>Erschwinglich<\/strong>\u00a0- Das Ger\u00e4t ist erschwinglich, so dass jeder, der regelm\u00e4\u00dfig bohrt, von seinen Vorteilen profitieren kann, ohne viel Geld auszugeben.<\/p>\n<p><strong>\u2705<\/strong>\u00a0<strong>Wirksam<\/strong>\u00a0- Mit seiner erwiesenen Wirksamkeit bei der Reduzierung von Staub und Wasser tr\u00e4gt der AquaDuster 162 zu einem effizienteren und angenehmeren Arbeitsumfeld bei, das frei von Unordnung und R\u00fcckst\u00e4nden ist.<\/p>\n<p><img loading=\"lazy\" decoding=\"async\" class=\"alignnone wp-image-418382 entered lazyloaded\" src=\"https:\/\/bjctools.nl\/wp-content\/uploads\/2023\/09\/AquaDuster162-2.gif\" sizes=\"auto, (max-width: 600px) 100vw, 600px\" srcset=\"https:\/\/bjctools.nl\/wp-content\/uploads\/2023\/09\/AquaDuster162-2.gif 600w, https:\/\/bjctools.nl\/wp-content\/uploads\/2023\/09\/AquaDuster162-2-400x225.gif 400w, https:\/\/bjctools.nl\/wp-content\/uploads\/2023\/09\/AquaDuster162-2-546x308.gif 546w\" alt=\"DiStar AquaDuster 162 Wasserschutzkappe GIF2\" width=\"600\" height=\"338\" data-lazy-srcset=\"https:\/\/bjctools.nl\/wp-content\/uploads\/2023\/09\/AquaDuster162-2.gif 600w, https:\/\/bjctools.nl\/wp-content\/uploads\/2023\/09\/AquaDuster162-2-400x225.gif 400w, https:\/\/bjctools.nl\/wp-content\/uploads\/2023\/09\/AquaDuster162-2-546x308.gif 546w\" data-lazy-sizes=\"(max-width: 600px) 100vw, 600px\" data-lazy-src=\"https:\/\/bjctools.nl\/wp-content\/uploads\/2023\/09\/AquaDuster162-2.gif\" data-ll-status=\"loaded\" \/><\/p>\n<hr \/>\n<p><strong>Technische Daten<\/strong><\/p>\n<ul>\n<li>Marke - Mechanic von DiStar<\/li>\n<li>Material - Hartplastik<\/li>\n<\/ul>\n<p><strong>Umfang der Lieferung<\/strong><\/p>\n<ul>\n<li>DiStar AquaDuster 162 Wasserschutzkappe<\/li>\n<\/ul>","protected":false},"excerpt":{"rendered":"<p>\u2705 Vermeidet Staub und Wasser<br \/>\n\u2705 Verbindung zum Staubsauger<br \/>\n\u2705 Einfach zu bedienen<br \/>\n\u2705 Erschwinglich<br \/>\n\u2705 Wirksam<\/p>","protected":false},"featured_media":3491,"comment_status":"closed","ping_status":"closed","template":"","meta":[],"product_brand":[623],"product_cat":[24],"product_tag":[],"class_list":{"0":"post-3465","1":"product","2":"type-product","3":"status-publish","4":"has-post-thumbnail","6":"product_brand-distar","7":"product_cat-toebehoren","9":"first","10":"instock","11":"shipping-taxable","12":"product-type-simple"},"ct_brands":[{"id":623,"name":"DISTAR","slug":"distar"}],"yoast_head":"<!-- This site is optimized with the Yoast SEO plugin v27.3 - https:\/\/yoast.com\/product\/yoast-seo-wordpress\/ -->\n<title>DiStar AquaDuster 162 Water Beschermkap \u2013 Waterverwijdering Tijdens Boren - KEM Europe<\/title>\n<meta name=\"robots\" content=\"index, follow, max-snippet:-1, max-image-preview:large, max-video-preview:-1\" \/>\n<link rel=\"canonical\" href=\"https:\/\/kem-europe.eu\/de\/produkt\/distar-aquaduster-162-wasserschutz-bohren-spritzschutz\/\" \/>\n<meta property=\"og:locale\" content=\"de_DE\" \/>\n<meta property=\"og:type\" content=\"article\" \/>\n<meta property=\"og:title\" content=\"DiStar AquaDuster 162 Water Beschermkap \u2013 Waterverwijdering Tijdens Boren - KEM Europe\" \/>\n<meta property=\"og:description\" content=\"\u2705 Vermijdt stof en water \u2705 Connectie met de stofzuiger \u2705 Simpel in gebruik \u2705 Betaalbaar \u2705 Effectief\" \/>\n<meta property=\"og:url\" content=\"https:\/\/kem-europe.eu\/de\/produkt\/distar-aquaduster-162-wasserschutz-bohren-spritzschutz\/\" \/>\n<meta property=\"og:site_name\" content=\"KEM Europe\" \/>\n<meta property=\"article:modified_time\" content=\"2025-06-16T13:12:27+00:00\" \/>\n<meta property=\"og:image\" content=\"https:\/\/kem-europe.eu\/wp-content\/uploads\/2025\/02\/DiStar-AquaDuster162.jpg\" \/>\n\t<meta property=\"og:image:width\" content=\"700\" \/>\n\t<meta property=\"og:image:height\" content=\"700\" \/>\n\t<meta property=\"og:image:type\" content=\"image\/jpeg\" \/>\n<meta name=\"twitter:card\" content=\"summary_large_image\" \/>\n<meta name=\"twitter:label1\" content=\"Gesch\u00e4tzte Lesezeit\" \/>\n\t<meta name=\"twitter:data1\" content=\"2\u00a0Minuten\" \/>\n<script type=\"application\/ld+json\" class=\"yoast-schema-graph\">{\"@context\":\"https:\\\/\\\/schema.org\",\"@graph\":[{\"@type\":\"WebPage\",\"@id\":\"https:\\\/\\\/kem-europe.eu\\\/product\\\/distar-aquaduster-162-water-beschermkap-waterverwijdering-tijdens-boren\\\/\",\"url\":\"https:\\\/\\\/kem-europe.eu\\\/product\\\/distar-aquaduster-162-water-beschermkap-waterverwijdering-tijdens-boren\\\/\",\"name\":\"DiStar AquaDuster 162 Water Beschermkap \u2013 Waterverwijdering Tijdens Boren - KEM Europe\",\"isPartOf\":{\"@id\":\"https:\\\/\\\/kem-europe.eu\\\/#website\"},\"primaryImageOfPage\":{\"@id\":\"https:\\\/\\\/kem-europe.eu\\\/product\\\/distar-aquaduster-162-water-beschermkap-waterverwijdering-tijdens-boren\\\/#primaryimage\"},\"image\":{\"@id\":\"https:\\\/\\\/kem-europe.eu\\\/product\\\/distar-aquaduster-162-water-beschermkap-waterverwijdering-tijdens-boren\\\/#primaryimage\"},\"thumbnailUrl\":\"https:\\\/\\\/kem-europe.eu\\\/wp-content\\\/uploads\\\/2025\\\/02\\\/DiStar-AquaDuster162.jpg\",\"datePublished\":\"2025-02-27T09:00:54+00:00\",\"dateModified\":\"2025-06-16T13:12:27+00:00\",\"breadcrumb\":{\"@id\":\"https:\\\/\\\/kem-europe.eu\\\/product\\\/distar-aquaduster-162-water-beschermkap-waterverwijdering-tijdens-boren\\\/#breadcrumb\"},\"inLanguage\":\"de\",\"potentialAction\":[{\"@type\":\"ReadAction\",\"target\":[\"https:\\\/\\\/kem-europe.eu\\\/product\\\/distar-aquaduster-162-water-beschermkap-waterverwijdering-tijdens-boren\\\/\"]}]},{\"@type\":\"ImageObject\",\"inLanguage\":\"de\",\"@id\":\"https:\\\/\\\/kem-europe.eu\\\/product\\\/distar-aquaduster-162-water-beschermkap-waterverwijdering-tijdens-boren\\\/#primaryimage\",\"url\":\"https:\\\/\\\/kem-europe.eu\\\/wp-content\\\/uploads\\\/2025\\\/02\\\/DiStar-AquaDuster162.jpg\",\"contentUrl\":\"https:\\\/\\\/kem-europe.eu\\\/wp-content\\\/uploads\\\/2025\\\/02\\\/DiStar-AquaDuster162.jpg\",\"width\":700,\"height\":700},{\"@type\":\"BreadcrumbList\",\"@id\":\"https:\\\/\\\/kem-europe.eu\\\/product\\\/distar-aquaduster-162-water-beschermkap-waterverwijdering-tijdens-boren\\\/#breadcrumb\",\"itemListElement\":[{\"@type\":\"ListItem\",\"position\":1,\"name\":\"Home\",\"item\":\"https:\\\/\\\/kem-europe.eu\\\/\"},{\"@type\":\"ListItem\",\"position\":2,\"name\":\"Winkel\",\"item\":\"https:\\\/\\\/kem-europe.eu\\\/winkel\\\/\"},{\"@type\":\"ListItem\",\"position\":3,\"name\":\"DiStar AquaDuster 162 Water Beschermkap \u2013 Waterverwijdering Tijdens Boren\"}]},{\"@type\":\"WebSite\",\"@id\":\"https:\\\/\\\/kem-europe.eu\\\/#website\",\"url\":\"https:\\\/\\\/kem-europe.eu\\\/\",\"name\":\"KEM Europe\",\"description\":\"\",\"publisher\":{\"@id\":\"https:\\\/\\\/kem-europe.eu\\\/#organization\"},\"potentialAction\":[{\"@type\":\"SearchAction\",\"target\":{\"@type\":\"EntryPoint\",\"urlTemplate\":\"https:\\\/\\\/kem-europe.eu\\\/?s={search_term_string}\"},\"query-input\":{\"@type\":\"PropertyValueSpecification\",\"valueRequired\":true,\"valueName\":\"search_term_string\"}}],\"inLanguage\":\"de\"},{\"@type\":\"Organization\",\"@id\":\"https:\\\/\\\/kem-europe.eu\\\/#organization\",\"name\":\"KEM Europe\",\"url\":\"https:\\\/\\\/kem-europe.eu\\\/\",\"logo\":{\"@type\":\"ImageObject\",\"inLanguage\":\"de\",\"@id\":\"https:\\\/\\\/kem-europe.eu\\\/#\\\/schema\\\/logo\\\/image\\\/\",\"url\":\"https:\\\/\\\/kem-europe.eu\\\/wp-content\\\/uploads\\\/2025\\\/02\\\/KEM2019-BLACK-1500W.png\",\"contentUrl\":\"https:\\\/\\\/kem-europe.eu\\\/wp-content\\\/uploads\\\/2025\\\/02\\\/KEM2019-BLACK-1500W.png\",\"width\":1500,\"height\":626,\"caption\":\"KEM Europe\"},\"image\":{\"@id\":\"https:\\\/\\\/kem-europe.eu\\\/#\\\/schema\\\/logo\\\/image\\\/\"}}]}<\/script>\n<!-- \/ Yoast SEO plugin. -->","yoast_head_json":{"title":"DiStar AquaDuster 162 Wasserschutzkappe - Wasserentfernung beim Bohren - KEM Europe","robots":{"index":"index","follow":"follow","max-snippet":"max-snippet:-1","max-image-preview":"max-image-preview:large","max-video-preview":"max-video-preview:-1"},"canonical":"https:\/\/kem-europe.eu\/de\/produkt\/distar-aquaduster-162-wasserschutz-bohren-spritzschutz\/","og_locale":"de_DE","og_type":"article","og_title":"DiStar AquaDuster 162 Water Beschermkap \u2013 Waterverwijdering Tijdens Boren - KEM Europe","og_description":"\u2705 Vermijdt stof en water \u2705 Connectie met de stofzuiger \u2705 Simpel in gebruik \u2705 Betaalbaar \u2705 Effectief","og_url":"https:\/\/kem-europe.eu\/de\/produkt\/distar-aquaduster-162-wasserschutz-bohren-spritzschutz\/","og_site_name":"KEM Europe","article_modified_time":"2025-06-16T13:12:27+00:00","og_image":[{"width":700,"height":700,"url":"https:\/\/kem-europe.eu\/wp-content\/uploads\/2025\/02\/DiStar-AquaDuster162.jpg","type":"image\/jpeg"}],"twitter_card":"summary_large_image","twitter_misc":{"Gesch\u00e4tzte Lesezeit":"2\u00a0Minuten"},"schema":{"@context":"https:\/\/schema.org","@graph":[{"@type":"WebPage","@id":"https:\/\/kem-europe.eu\/product\/distar-aquaduster-162-water-beschermkap-waterverwijdering-tijdens-boren\/","url":"https:\/\/kem-europe.eu\/product\/distar-aquaduster-162-water-beschermkap-waterverwijdering-tijdens-boren\/","name":"DiStar AquaDuster 162 Wasserschutzkappe - Wasserentfernung beim Bohren - KEM Europe","isPartOf":{"@id":"https:\/\/kem-europe.eu\/#website"},"primaryImageOfPage":{"@id":"https:\/\/kem-europe.eu\/product\/distar-aquaduster-162-water-beschermkap-waterverwijdering-tijdens-boren\/#primaryimage"},"image":{"@id":"https:\/\/kem-europe.eu\/product\/distar-aquaduster-162-water-beschermkap-waterverwijdering-tijdens-boren\/#primaryimage"},"thumbnailUrl":"https:\/\/kem-europe.eu\/wp-content\/uploads\/2025\/02\/DiStar-AquaDuster162.jpg","datePublished":"2025-02-27T09:00:54+00:00","dateModified":"2025-06-16T13:12:27+00:00","breadcrumb":{"@id":"https:\/\/kem-europe.eu\/product\/distar-aquaduster-162-water-beschermkap-waterverwijdering-tijdens-boren\/#breadcrumb"},"inLanguage":"de","potentialAction":[{"@type":"ReadAction","target":["https:\/\/kem-europe.eu\/product\/distar-aquaduster-162-water-beschermkap-waterverwijdering-tijdens-boren\/"]}]},{"@type":"ImageObject","inLanguage":"de","@id":"https:\/\/kem-europe.eu\/product\/distar-aquaduster-162-water-beschermkap-waterverwijdering-tijdens-boren\/#primaryimage","url":"https:\/\/kem-europe.eu\/wp-content\/uploads\/2025\/02\/DiStar-AquaDuster162.jpg","contentUrl":"https:\/\/kem-europe.eu\/wp-content\/uploads\/2025\/02\/DiStar-AquaDuster162.jpg","width":700,"height":700},{"@type":"BreadcrumbList","@id":"https:\/\/kem-europe.eu\/product\/distar-aquaduster-162-water-beschermkap-waterverwijdering-tijdens-boren\/#breadcrumb","itemListElement":[{"@type":"ListItem","position":1,"name":"Home","item":"https:\/\/kem-europe.eu\/"},{"@type":"ListItem","position":2,"name":"Winkel","item":"https:\/\/kem-europe.eu\/winkel\/"},{"@type":"ListItem","position":3,"name":"DiStar AquaDuster 162 Water Beschermkap \u2013 Waterverwijdering Tijdens Boren"}]},{"@type":"WebSite","@id":"https:\/\/kem-europe.eu\/#website","url":"https:\/\/kem-europe.eu\/","name":"KEM Europe","description":"","publisher":{"@id":"https:\/\/kem-europe.eu\/#organization"},"potentialAction":[{"@type":"SearchAction","target":{"@type":"EntryPoint","urlTemplate":"https:\/\/kem-europe.eu\/?s={search_term_string}"},"query-input":{"@type":"PropertyValueSpecification","valueRequired":true,"valueName":"search_term_string"}}],"inLanguage":"de"},{"@type":"Organization","@id":"https:\/\/kem-europe.eu\/#organization","name":"KEM Europe","url":"https:\/\/kem-europe.eu\/","logo":{"@type":"ImageObject","inLanguage":"de","@id":"https:\/\/kem-europe.eu\/#\/schema\/logo\/image\/","url":"https:\/\/kem-europe.eu\/wp-content\/uploads\/2025\/02\/KEM2019-BLACK-1500W.png","contentUrl":"https:\/\/kem-europe.eu\/wp-content\/uploads\/2025\/02\/KEM2019-BLACK-1500W.png","width":1500,"height":626,"caption":"KEM Europe"},"image":{"@id":"https:\/\/kem-europe.eu\/#\/schema\/logo\/image\/"}}]}},"_links":{"self":[{"href":"https:\/\/kem-europe.eu\/de\/wp-json\/wp\/v2\/product\/3465","targetHints":{"allow":["GET"]}}],"collection":[{"href":"https:\/\/kem-europe.eu\/de\/wp-json\/wp\/v2\/product"}],"about":[{"href":"https:\/\/kem-europe.eu\/de\/wp-json\/wp\/v2\/types\/product"}],"replies":[{"embeddable":true,"href":"https:\/\/kem-europe.eu\/de\/wp-json\/wp\/v2\/comments?post=3465"}],"wp:featuredmedia":[{"embeddable":true,"href":"https:\/\/kem-europe.eu\/de\/wp-json\/wp\/v2\/media\/3491"}],"wp:attachment":[{"href":"https:\/\/kem-europe.eu\/de\/wp-json\/wp\/v2\/media?parent=3465"}],"wp:term":[{"taxonomy":"product_brand","embeddable":true,"href":"https:\/\/kem-europe.eu\/de\/wp-json\/wp\/v2\/product_brand?post=3465"},{"taxonomy":"product_cat","embeddable":true,"href":"https:\/\/kem-europe.eu\/de\/wp-json\/wp\/v2\/product_cat?post=3465"},{"taxonomy":"product_tag","embeddable":true,"href":"https:\/\/kem-europe.eu\/de\/wp-json\/wp\/v2\/product_tag?post=3465"}],"curies":[{"name":"wp","href":"https:\/\/api.w.org\/{rel}","templated":true}]}}