{"id":3466,"date":"2025-02-27T09:00:54","date_gmt":"2025-02-27T09:00:54","guid":{"rendered":"https:\/\/kem-europe.eu\/?post_type=product&#038;p=3466"},"modified":"2025-02-27T13:03:34","modified_gmt":"2025-02-27T13:03:34","slug":"di-star-zentrator-verschiedene-langen","status":"publish","type":"product","link":"https:\/\/kem-europe.eu\/de\/product\/di-star-centrator-verschillende-lengtes\/","title":{"rendered":"Di-Star-Zentrator - Verschiedene L\u00e4ngen"},"content":{"rendered":"<p><strong>Merkmale DiStar-Zentrator<\/strong><\/p>\n<p>Jeder Arbeiter wei\u00df, wie schwierig es sein kann, den ersten Bohrer in Beton und Ziegel zu setzen. Bohrsegmente gehen zur Seite, es entstehen starke Vibrationen, die die Bohrfl\u00e4chen zerst\u00f6ren. In den meisten F\u00e4llen handelt es sich um einen renovierten Raum, in dem dies nicht hinnehmbar ist.<\/p>\n<p>Der Centrator l\u00f6st dieses Problem vollst\u00e4ndig. Es ist erforderlich, mit einem Hartmetallbohrer mit einem Durchmesser von 12-14 mm ein Loch in die Wand zu bohren. Befestigen Sie den Zentrator in den Segmenten und f\u00fchren Sie den F\u00fchrungsstift des Zentrators in das gebohrte Loch ein. Bohren Sie im sto\u00dffreien Modus bis zu einer Tiefe von 4-8 mm. Dann mit dem \u00fcblichen Bohren fortfahren. Der Rand des Lochs bleibt flach, glatt und sauber, auch beim Bohren in Keramikfliesen. Ein hervorragendes Ergebnis! Die Zentratoren sind f\u00fcr die Diamantbohrer RS\/RM-TX geeignet.<\/p>\n<p><strong>Technische Daten<\/strong><\/p>\n<ul>\n<li>Durchmesser:\n<ul>\n<li>42 \/ 52 mm<\/li>\n<li>62 \/ 72 mm<\/li>\n<li>82 \/ 102 mm<\/li>\n<li>112 \/ 122 mm<\/li>\n<li>132 \/ 142 mm<\/li>\n<li>152 \/ 162 mm<\/li>\n<\/ul>\n<\/li>\n<\/ul>\n<p><strong>Umfang der Lieferung<\/strong><\/p>\n<ul>\n<li>DiStar-Zentrierer<\/li>\n<\/ul>","protected":false},"excerpt":{"rendered":"<p>https:\/\/www.youtube.com\/watch?v=9SaGjaKmHUI<\/p>\n<ul>\n<li>Durchmesser:\n<ul>\n<li>42 \/ 52 mm<\/li>\n<li>62 \/ 72 mm<\/li>\n<li>82 \/ 102 mm<\/li>\n<li>112 \/ 122 mm<\/li>\n<li>132 \/ 142 mm<\/li>\n<li>152 \/ 162 mm<\/li>\n<\/ul>\n<\/li>\n<\/ul>","protected":false},"featured_media":3494,"comment_status":"closed","ping_status":"closed","template":"","meta":[],"product_brand":[623],"product_cat":[24],"product_tag":[],"class_list":{"0":"post-3466","1":"product","2":"type-product","3":"status-publish","4":"has-post-thumbnail","6":"product_brand-distar","7":"product_cat-toebehoren","9":"first","10":"instock","11":"shipping-taxable","12":"product-type-simple"},"ct_brands":[{"id":623,"name":"DISTAR","slug":"distar"}],"yoast_head":"<!-- This site is optimized with the Yoast SEO plugin v27.4 - https:\/\/yoast.com\/product\/yoast-seo-wordpress\/ -->\n<title>Di-Star Centrator \u2013 Verschillende Lengtes - KEM Europe<\/title>\n<meta name=\"robots\" content=\"index, follow, max-snippet:-1, max-image-preview:large, max-video-preview:-1\" \/>\n<link rel=\"canonical\" href=\"https:\/\/kem-europe.eu\/de\/produkt\/di-star-zentrator-verschiedene-langen\/\" \/>\n<meta property=\"og:locale\" content=\"de_DE\" \/>\n<meta property=\"og:type\" content=\"article\" \/>\n<meta property=\"og:title\" content=\"Di-Star Centrator \u2013 Verschillende Lengtes - KEM Europe\" \/>\n<meta property=\"og:description\" content=\"https:\/\/www.youtube.com\/watch?v=9SaGjaKmHUI   Diameters:   42 \/ 52 mm  62 \/ 72 mm  82 \/ 102 mm  112 \/ 122 mm  132 \/ 142 mm  152 \/ 162 mm\" \/>\n<meta property=\"og:url\" content=\"https:\/\/kem-europe.eu\/de\/produkt\/di-star-zentrator-verschiedene-langen\/\" \/>\n<meta property=\"og:site_name\" content=\"KEM Europe\" \/>\n<meta property=\"article:modified_time\" content=\"2025-02-27T13:03:34+00:00\" \/>\n<meta property=\"og:image\" content=\"https:\/\/kem-europe.eu\/wp-content\/uploads\/2025\/02\/1040-kopie.gif\" \/>\n\t<meta property=\"og:image:width\" content=\"700\" \/>\n\t<meta property=\"og:image:height\" content=\"700\" \/>\n\t<meta property=\"og:image:type\" content=\"image\/gif\" \/>\n<meta name=\"twitter:card\" content=\"summary_large_image\" \/>\n<meta name=\"twitter:label1\" content=\"Gesch\u00e4tzte Lesezeit\" \/>\n\t<meta name=\"twitter:data1\" content=\"2\u00a0Minuten\" \/>\n<script type=\"application\/ld+json\" class=\"yoast-schema-graph\">{\"@context\":\"https:\\\/\\\/schema.org\",\"@graph\":[{\"@type\":\"WebPage\",\"@id\":\"https:\\\/\\\/kem-europe.eu\\\/product\\\/di-star-centrator-verschillende-lengtes\\\/\",\"url\":\"https:\\\/\\\/kem-europe.eu\\\/product\\\/di-star-centrator-verschillende-lengtes\\\/\",\"name\":\"Di-Star Centrator \u2013 Verschillende Lengtes - KEM Europe\",\"isPartOf\":{\"@id\":\"https:\\\/\\\/kem-europe.eu\\\/#website\"},\"primaryImageOfPage\":{\"@id\":\"https:\\\/\\\/kem-europe.eu\\\/product\\\/di-star-centrator-verschillende-lengtes\\\/#primaryimage\"},\"image\":{\"@id\":\"https:\\\/\\\/kem-europe.eu\\\/product\\\/di-star-centrator-verschillende-lengtes\\\/#primaryimage\"},\"thumbnailUrl\":\"https:\\\/\\\/kem-europe.eu\\\/wp-content\\\/uploads\\\/2025\\\/02\\\/1040-kopie.gif\",\"datePublished\":\"2025-02-27T09:00:54+00:00\",\"dateModified\":\"2025-02-27T13:03:34+00:00\",\"breadcrumb\":{\"@id\":\"https:\\\/\\\/kem-europe.eu\\\/product\\\/di-star-centrator-verschillende-lengtes\\\/#breadcrumb\"},\"inLanguage\":\"de\",\"potentialAction\":[{\"@type\":\"ReadAction\",\"target\":[\"https:\\\/\\\/kem-europe.eu\\\/product\\\/di-star-centrator-verschillende-lengtes\\\/\"]}]},{\"@type\":\"ImageObject\",\"inLanguage\":\"de\",\"@id\":\"https:\\\/\\\/kem-europe.eu\\\/product\\\/di-star-centrator-verschillende-lengtes\\\/#primaryimage\",\"url\":\"https:\\\/\\\/kem-europe.eu\\\/wp-content\\\/uploads\\\/2025\\\/02\\\/1040-kopie.gif\",\"contentUrl\":\"https:\\\/\\\/kem-europe.eu\\\/wp-content\\\/uploads\\\/2025\\\/02\\\/1040-kopie.gif\",\"width\":700,\"height\":700},{\"@type\":\"BreadcrumbList\",\"@id\":\"https:\\\/\\\/kem-europe.eu\\\/product\\\/di-star-centrator-verschillende-lengtes\\\/#breadcrumb\",\"itemListElement\":[{\"@type\":\"ListItem\",\"position\":1,\"name\":\"Home\",\"item\":\"https:\\\/\\\/kem-europe.eu\\\/\"},{\"@type\":\"ListItem\",\"position\":2,\"name\":\"Winkel\",\"item\":\"https:\\\/\\\/kem-europe.eu\\\/winkel\\\/\"},{\"@type\":\"ListItem\",\"position\":3,\"name\":\"Di-Star Centrator \u2013 Verschillende Lengtes\"}]},{\"@type\":\"WebSite\",\"@id\":\"https:\\\/\\\/kem-europe.eu\\\/#website\",\"url\":\"https:\\\/\\\/kem-europe.eu\\\/\",\"name\":\"KEM Europe\",\"description\":\"\",\"publisher\":{\"@id\":\"https:\\\/\\\/kem-europe.eu\\\/#organization\"},\"potentialAction\":[{\"@type\":\"SearchAction\",\"target\":{\"@type\":\"EntryPoint\",\"urlTemplate\":\"https:\\\/\\\/kem-europe.eu\\\/?s={search_term_string}\"},\"query-input\":{\"@type\":\"PropertyValueSpecification\",\"valueRequired\":true,\"valueName\":\"search_term_string\"}}],\"inLanguage\":\"de\"},{\"@type\":\"Organization\",\"@id\":\"https:\\\/\\\/kem-europe.eu\\\/#organization\",\"name\":\"KEM Europe\",\"url\":\"https:\\\/\\\/kem-europe.eu\\\/\",\"logo\":{\"@type\":\"ImageObject\",\"inLanguage\":\"de\",\"@id\":\"https:\\\/\\\/kem-europe.eu\\\/#\\\/schema\\\/logo\\\/image\\\/\",\"url\":\"https:\\\/\\\/kem-europe.eu\\\/wp-content\\\/uploads\\\/2025\\\/02\\\/KEM2019-BLACK-1500W.png\",\"contentUrl\":\"https:\\\/\\\/kem-europe.eu\\\/wp-content\\\/uploads\\\/2025\\\/02\\\/KEM2019-BLACK-1500W.png\",\"width\":1500,\"height\":626,\"caption\":\"KEM Europe\"},\"image\":{\"@id\":\"https:\\\/\\\/kem-europe.eu\\\/#\\\/schema\\\/logo\\\/image\\\/\"}}]}<\/script>\n<!-- \/ Yoast SEO plugin. -->","yoast_head_json":{"title":"Di-Star Zentrator - Verschiedene L\u00e4ngen - KEM Europe","robots":{"index":"index","follow":"follow","max-snippet":"max-snippet:-1","max-image-preview":"max-image-preview:large","max-video-preview":"max-video-preview:-1"},"canonical":"https:\/\/kem-europe.eu\/de\/produkt\/di-star-zentrator-verschiedene-langen\/","og_locale":"de_DE","og_type":"article","og_title":"Di-Star Centrator \u2013 Verschillende Lengtes - KEM Europe","og_description":"https:\/\/www.youtube.com\/watch?v=9SaGjaKmHUI   Diameters:   42 \/ 52 mm  62 \/ 72 mm  82 \/ 102 mm  112 \/ 122 mm  132 \/ 142 mm  152 \/ 162 mm","og_url":"https:\/\/kem-europe.eu\/de\/produkt\/di-star-zentrator-verschiedene-langen\/","og_site_name":"KEM Europe","article_modified_time":"2025-02-27T13:03:34+00:00","og_image":[{"width":700,"height":700,"url":"https:\/\/kem-europe.eu\/wp-content\/uploads\/2025\/02\/1040-kopie.gif","type":"image\/gif"}],"twitter_card":"summary_large_image","twitter_misc":{"Gesch\u00e4tzte Lesezeit":"2\u00a0Minuten"},"schema":{"@context":"https:\/\/schema.org","@graph":[{"@type":"WebPage","@id":"https:\/\/kem-europe.eu\/product\/di-star-centrator-verschillende-lengtes\/","url":"https:\/\/kem-europe.eu\/product\/di-star-centrator-verschillende-lengtes\/","name":"Di-Star Zentrator - Verschiedene L\u00e4ngen - KEM Europe","isPartOf":{"@id":"https:\/\/kem-europe.eu\/#website"},"primaryImageOfPage":{"@id":"https:\/\/kem-europe.eu\/product\/di-star-centrator-verschillende-lengtes\/#primaryimage"},"image":{"@id":"https:\/\/kem-europe.eu\/product\/di-star-centrator-verschillende-lengtes\/#primaryimage"},"thumbnailUrl":"https:\/\/kem-europe.eu\/wp-content\/uploads\/2025\/02\/1040-kopie.gif","datePublished":"2025-02-27T09:00:54+00:00","dateModified":"2025-02-27T13:03:34+00:00","breadcrumb":{"@id":"https:\/\/kem-europe.eu\/product\/di-star-centrator-verschillende-lengtes\/#breadcrumb"},"inLanguage":"de","potentialAction":[{"@type":"ReadAction","target":["https:\/\/kem-europe.eu\/product\/di-star-centrator-verschillende-lengtes\/"]}]},{"@type":"ImageObject","inLanguage":"de","@id":"https:\/\/kem-europe.eu\/product\/di-star-centrator-verschillende-lengtes\/#primaryimage","url":"https:\/\/kem-europe.eu\/wp-content\/uploads\/2025\/02\/1040-kopie.gif","contentUrl":"https:\/\/kem-europe.eu\/wp-content\/uploads\/2025\/02\/1040-kopie.gif","width":700,"height":700},{"@type":"BreadcrumbList","@id":"https:\/\/kem-europe.eu\/product\/di-star-centrator-verschillende-lengtes\/#breadcrumb","itemListElement":[{"@type":"ListItem","position":1,"name":"Home","item":"https:\/\/kem-europe.eu\/"},{"@type":"ListItem","position":2,"name":"Winkel","item":"https:\/\/kem-europe.eu\/winkel\/"},{"@type":"ListItem","position":3,"name":"Di-Star Centrator \u2013 Verschillende Lengtes"}]},{"@type":"WebSite","@id":"https:\/\/kem-europe.eu\/#website","url":"https:\/\/kem-europe.eu\/","name":"KEM Europe","description":"","publisher":{"@id":"https:\/\/kem-europe.eu\/#organization"},"potentialAction":[{"@type":"SearchAction","target":{"@type":"EntryPoint","urlTemplate":"https:\/\/kem-europe.eu\/?s={search_term_string}"},"query-input":{"@type":"PropertyValueSpecification","valueRequired":true,"valueName":"search_term_string"}}],"inLanguage":"de"},{"@type":"Organization","@id":"https:\/\/kem-europe.eu\/#organization","name":"KEM Europe","url":"https:\/\/kem-europe.eu\/","logo":{"@type":"ImageObject","inLanguage":"de","@id":"https:\/\/kem-europe.eu\/#\/schema\/logo\/image\/","url":"https:\/\/kem-europe.eu\/wp-content\/uploads\/2025\/02\/KEM2019-BLACK-1500W.png","contentUrl":"https:\/\/kem-europe.eu\/wp-content\/uploads\/2025\/02\/KEM2019-BLACK-1500W.png","width":1500,"height":626,"caption":"KEM Europe"},"image":{"@id":"https:\/\/kem-europe.eu\/#\/schema\/logo\/image\/"}}]}},"_links":{"self":[{"href":"https:\/\/kem-europe.eu\/de\/wp-json\/wp\/v2\/product\/3466","targetHints":{"allow":["GET"]}}],"collection":[{"href":"https:\/\/kem-europe.eu\/de\/wp-json\/wp\/v2\/product"}],"about":[{"href":"https:\/\/kem-europe.eu\/de\/wp-json\/wp\/v2\/types\/product"}],"replies":[{"embeddable":true,"href":"https:\/\/kem-europe.eu\/de\/wp-json\/wp\/v2\/comments?post=3466"}],"wp:featuredmedia":[{"embeddable":true,"href":"https:\/\/kem-europe.eu\/de\/wp-json\/wp\/v2\/media\/3494"}],"wp:attachment":[{"href":"https:\/\/kem-europe.eu\/de\/wp-json\/wp\/v2\/media?parent=3466"}],"wp:term":[{"taxonomy":"product_brand","embeddable":true,"href":"https:\/\/kem-europe.eu\/de\/wp-json\/wp\/v2\/product_brand?post=3466"},{"taxonomy":"product_cat","embeddable":true,"href":"https:\/\/kem-europe.eu\/de\/wp-json\/wp\/v2\/product_cat?post=3466"},{"taxonomy":"product_tag","embeddable":true,"href":"https:\/\/kem-europe.eu\/de\/wp-json\/wp\/v2\/product_tag?post=3466"}],"curies":[{"name":"wp","href":"https:\/\/api.w.org\/{rel}","templated":true}]}}