{"id":3467,"date":"2025-02-27T09:00:54","date_gmt":"2025-02-27T09:00:54","guid":{"rendered":"https:\/\/kem-europe.eu\/?post_type=product&#038;p=3467"},"modified":"2025-06-16T13:16:36","modified_gmt":"2025-06-16T13:16:36","slug":"distar-airduster-staubschutz-fuer-winkelschleifer-125-230mm","status":"publish","type":"product","link":"https:\/\/kem-europe.eu\/de\/product\/distar-airduster-stofkap-voor-haakse-slijper-125-230-mm\/","title":{"rendered":"DiStar Airduster Staubschutzhaube f\u00fcr Winkelschleifer - 125 \/ 230 mm"},"content":{"rendered":"<p><strong>Eigenschaften DiStar Airduster Staubschutzhaube f\u00fcr Winkelschleifer - 125 \/230 mm<\/strong><\/p>\n<p>Der DiStar Airduster, die ideale Staubhaube f\u00fcr Winkelschleifer und Diamantwerkzeuge, die Staub produzieren. Diese Haube ist unverzichtbar, wenn Sie alle Staub richtig absaugen wollen. Diese Haube ist sehr leicht und ideal f\u00fcr die Verwendung auf Ihrem Winkelschleifer. Arbeiten Sie von nun an staubfrei!<\/p>\n<p><img loading=\"lazy\" decoding=\"async\" class=\"alignnone wp-image-418339 entered lazyloaded\" src=\"https:\/\/bjctools.nl\/wp-content\/uploads\/2023\/09\/Mechanic-AirDuster-GIF2.gif\" sizes=\"auto, (max-width: 600px) 100vw, 600px\" srcset=\"https:\/\/bjctools.nl\/wp-content\/uploads\/2023\/09\/Mechanic-AirDuster-GIF2.gif 600w, https:\/\/bjctools.nl\/wp-content\/uploads\/2023\/09\/Mechanic-AirDuster-GIF2-400x225.gif 400w, https:\/\/bjctools.nl\/wp-content\/uploads\/2023\/09\/Mechanic-AirDuster-GIF2-546x308.gif 546w\" alt=\"DiStar Airduster Staubschutzhaube f\u00fcr Winkelschleifer - 125 \/ 230 mm GIF1\" width=\"600\" height=\"338\" data-lazy-srcset=\"https:\/\/bjctools.nl\/wp-content\/uploads\/2023\/09\/Mechanic-AirDuster-GIF2.gif 600w, https:\/\/bjctools.nl\/wp-content\/uploads\/2023\/09\/Mechanic-AirDuster-GIF2-400x225.gif 400w, https:\/\/bjctools.nl\/wp-content\/uploads\/2023\/09\/Mechanic-AirDuster-GIF2-546x308.gif 546w\" data-lazy-sizes=\"(max-width: 600px) 100vw, 600px\" data-lazy-src=\"https:\/\/bjctools.nl\/wp-content\/uploads\/2023\/09\/Mechanic-AirDuster-GIF2.gif\" data-ll-status=\"loaded\" \/><\/p>\n<p><strong>\u2705 Beseitigung von Staub<\/strong>\u00a0- Die professionelle Staubkappe von DiStar ist darauf spezialisiert, den Staub zu entfernen, der bei der Arbeit mit einem Winkelschleifer entsteht. Dies bedeutet eine sauberere Arbeitsumgebung und weniger Staubeinatmung f\u00fcr den Benutzer.<\/p>\n<p><strong>\u2705 Universelle Befestigung<\/strong>\u00a0- Diese Staubkappe kann an jedem Winkelschleifer angebracht werden. Das bedeutet, dass Sie sich unabh\u00e4ngig von der Marke oder dem Modell Ihres Schleifers auf die universelle Befestigung der DiStar Staubkappe verlassen k\u00f6nnen. Denken Sie zum Beispiel an Hikoki, Milwaukee, Keyang, Makita oder Bosch.<\/p>\n<p><img loading=\"lazy\" decoding=\"async\" class=\"alignnone wp-image-418338 entered lazyloaded\" src=\"https:\/\/bjctools.nl\/wp-content\/uploads\/2023\/09\/Mechanic-AirDuster-GIF1.gif\" sizes=\"auto, (max-width: 600px) 100vw, 600px\" srcset=\"https:\/\/bjctools.nl\/wp-content\/uploads\/2023\/09\/Mechanic-AirDuster-GIF1.gif 600w, https:\/\/bjctools.nl\/wp-content\/uploads\/2023\/09\/Mechanic-AirDuster-GIF1-400x225.gif 400w, https:\/\/bjctools.nl\/wp-content\/uploads\/2023\/09\/Mechanic-AirDuster-GIF1-546x308.gif 546w\" alt=\"DiStar Airduster Staubschutzhaube f\u00fcr Winkelschleifer - 125 \/ 230 mm GIF2\" width=\"600\" height=\"338\" data-lazy-srcset=\"https:\/\/bjctools.nl\/wp-content\/uploads\/2023\/09\/Mechanic-AirDuster-GIF1.gif 600w, https:\/\/bjctools.nl\/wp-content\/uploads\/2023\/09\/Mechanic-AirDuster-GIF1-400x225.gif 400w, https:\/\/bjctools.nl\/wp-content\/uploads\/2023\/09\/Mechanic-AirDuster-GIF1-546x308.gif 546w\" data-lazy-sizes=\"(max-width: 600px) 100vw, 600px\" data-lazy-src=\"https:\/\/bjctools.nl\/wp-content\/uploads\/2023\/09\/Mechanic-AirDuster-GIF1.gif\" data-ll-status=\"loaded\" \/><\/p>\n<p><strong>\u2705 Offene Aero-Konstruktion<\/strong>\u00a0- Selbst mit einem Staubsauger mit geringer Leistung arbeitet der Staubschutz von DiStar dank seiner offenen Aero\"-Konstruktion effektiv. Das bedeutet mehr Effizienz bei der Staubentfernung, ohne dass ein starker Staubsauger erforderlich ist.<\/p>\n<p><strong>\u2705 Aktive K\u00fchlung<\/strong>\u00a0- Bei starker Beanspruchung hilft die DiStar Staubschutzhaube, die Klinge des Schleifers aktiv zu k\u00fchlen. Dies kann die Lebensdauer Ihrer Klingen verl\u00e4ngern und sorgt f\u00fcr einen sichereren Betrieb.<\/p>\n<p><strong>\u2705 Sichtpr\u00fcfung des Schleifbereichs<\/strong>\u00a0- Die Staubschutzhaube ist so konzipiert, dass der Schleifbereich leicht zu kontrollieren ist. Dies erh\u00f6ht die Schleifgenauigkeit und sorgt f\u00fcr ein h\u00f6heres Ma\u00df an Sicherheit bei der Anwendung.<\/p>\n<hr \/>\n<p><strong>Technische Daten<\/strong><\/p>\n<ul>\n<li>Verf\u00fcgbarer Durchmesser - 125 \/ 230 mm<\/li>\n<li>Marke - Mechanic von Di-Star<\/li>\n<\/ul>\n<p><strong>Umfang der Lieferung<\/strong><\/p>\n<ul>\n<li>DiStar Airduster Staubschutzkappe f\u00fcr Winkelschleifer 125 mm<\/li>\n<\/ul>","protected":false},"excerpt":{"rendered":"<p>\u2705 Beseitigung von Staub<br \/>\n\u2705 Universelle Befestigung<br \/>\n\u2705 Offene Konstruktion<br \/>\n\u2705 Aktive K\u00fchlung<br \/>\n\u2705 Sichtpr\u00fcfung des Schleifbereichs<\/p>","protected":false},"featured_media":3505,"comment_status":"closed","ping_status":"closed","template":"","meta":[],"product_brand":[623],"product_cat":[24],"product_tag":[],"class_list":{"0":"post-3467","1":"product","2":"type-product","3":"status-publish","4":"has-post-thumbnail","6":"product_brand-distar","7":"product_cat-toebehoren","9":"first","10":"instock","11":"shipping-taxable","12":"product-type-simple"},"ct_brands":[{"id":623,"name":"DISTAR","slug":"distar"}],"yoast_head":"<!-- This site is optimized with the Yoast SEO plugin v27.3 - https:\/\/yoast.com\/product\/yoast-seo-wordpress\/ -->\n<title>DiStar Airduster Stofkap voor Haakse Slijper \u2013 125 \/ 230 mm - KEM Europe<\/title>\n<meta name=\"robots\" content=\"index, follow, max-snippet:-1, max-image-preview:large, max-video-preview:-1\" \/>\n<link rel=\"canonical\" href=\"https:\/\/kem-europe.eu\/de\/produkt\/distar-airduster-staubschutz-fuer-winkelschleifer-125-230mm\/\" \/>\n<meta property=\"og:locale\" content=\"de_DE\" \/>\n<meta property=\"og:type\" content=\"article\" \/>\n<meta property=\"og:title\" content=\"DiStar Airduster Stofkap voor Haakse Slijper \u2013 125 \/ 230 mm - KEM Europe\" \/>\n<meta property=\"og:description\" content=\"\u2705 Verwijdering van stof \u2705 Universele bevestiging \u2705 Open constructie \u2705 Actieve koeling \u2705 Visuele controle van het slijpgebied\" \/>\n<meta property=\"og:url\" content=\"https:\/\/kem-europe.eu\/de\/produkt\/distar-airduster-staubschutz-fuer-winkelschleifer-125-230mm\/\" \/>\n<meta property=\"og:site_name\" content=\"KEM Europe\" \/>\n<meta property=\"article:modified_time\" content=\"2025-06-16T13:16:36+00:00\" \/>\n<meta property=\"og:image\" content=\"https:\/\/kem-europe.eu\/wp-content\/uploads\/2025\/02\/DiStar-Stofkap.jpg\" \/>\n\t<meta property=\"og:image:width\" content=\"700\" \/>\n\t<meta property=\"og:image:height\" content=\"700\" \/>\n\t<meta property=\"og:image:type\" content=\"image\/jpeg\" \/>\n<meta name=\"twitter:card\" content=\"summary_large_image\" \/>\n<meta name=\"twitter:label1\" content=\"Gesch\u00e4tzte Lesezeit\" \/>\n\t<meta name=\"twitter:data1\" content=\"2\u00a0Minuten\" \/>\n<script type=\"application\/ld+json\" class=\"yoast-schema-graph\">{\"@context\":\"https:\\\/\\\/schema.org\",\"@graph\":[{\"@type\":\"WebPage\",\"@id\":\"https:\\\/\\\/kem-europe.eu\\\/product\\\/distar-airduster-stofkap-voor-haakse-slijper-125-230-mm\\\/\",\"url\":\"https:\\\/\\\/kem-europe.eu\\\/product\\\/distar-airduster-stofkap-voor-haakse-slijper-125-230-mm\\\/\",\"name\":\"DiStar Airduster Stofkap voor Haakse Slijper \u2013 125 \\\/ 230 mm - KEM Europe\",\"isPartOf\":{\"@id\":\"https:\\\/\\\/kem-europe.eu\\\/#website\"},\"primaryImageOfPage\":{\"@id\":\"https:\\\/\\\/kem-europe.eu\\\/product\\\/distar-airduster-stofkap-voor-haakse-slijper-125-230-mm\\\/#primaryimage\"},\"image\":{\"@id\":\"https:\\\/\\\/kem-europe.eu\\\/product\\\/distar-airduster-stofkap-voor-haakse-slijper-125-230-mm\\\/#primaryimage\"},\"thumbnailUrl\":\"https:\\\/\\\/kem-europe.eu\\\/wp-content\\\/uploads\\\/2025\\\/02\\\/DiStar-Stofkap.jpg\",\"datePublished\":\"2025-02-27T09:00:54+00:00\",\"dateModified\":\"2025-06-16T13:16:36+00:00\",\"breadcrumb\":{\"@id\":\"https:\\\/\\\/kem-europe.eu\\\/product\\\/distar-airduster-stofkap-voor-haakse-slijper-125-230-mm\\\/#breadcrumb\"},\"inLanguage\":\"de\",\"potentialAction\":[{\"@type\":\"ReadAction\",\"target\":[\"https:\\\/\\\/kem-europe.eu\\\/product\\\/distar-airduster-stofkap-voor-haakse-slijper-125-230-mm\\\/\"]}]},{\"@type\":\"ImageObject\",\"inLanguage\":\"de\",\"@id\":\"https:\\\/\\\/kem-europe.eu\\\/product\\\/distar-airduster-stofkap-voor-haakse-slijper-125-230-mm\\\/#primaryimage\",\"url\":\"https:\\\/\\\/kem-europe.eu\\\/wp-content\\\/uploads\\\/2025\\\/02\\\/DiStar-Stofkap.jpg\",\"contentUrl\":\"https:\\\/\\\/kem-europe.eu\\\/wp-content\\\/uploads\\\/2025\\\/02\\\/DiStar-Stofkap.jpg\",\"width\":700,\"height\":700},{\"@type\":\"BreadcrumbList\",\"@id\":\"https:\\\/\\\/kem-europe.eu\\\/product\\\/distar-airduster-stofkap-voor-haakse-slijper-125-230-mm\\\/#breadcrumb\",\"itemListElement\":[{\"@type\":\"ListItem\",\"position\":1,\"name\":\"Home\",\"item\":\"https:\\\/\\\/kem-europe.eu\\\/\"},{\"@type\":\"ListItem\",\"position\":2,\"name\":\"Winkel\",\"item\":\"https:\\\/\\\/kem-europe.eu\\\/winkel\\\/\"},{\"@type\":\"ListItem\",\"position\":3,\"name\":\"DiStar Airduster Stofkap voor Haakse Slijper \u2013 125 \\\/ 230 mm\"}]},{\"@type\":\"WebSite\",\"@id\":\"https:\\\/\\\/kem-europe.eu\\\/#website\",\"url\":\"https:\\\/\\\/kem-europe.eu\\\/\",\"name\":\"KEM Europe\",\"description\":\"\",\"publisher\":{\"@id\":\"https:\\\/\\\/kem-europe.eu\\\/#organization\"},\"potentialAction\":[{\"@type\":\"SearchAction\",\"target\":{\"@type\":\"EntryPoint\",\"urlTemplate\":\"https:\\\/\\\/kem-europe.eu\\\/?s={search_term_string}\"},\"query-input\":{\"@type\":\"PropertyValueSpecification\",\"valueRequired\":true,\"valueName\":\"search_term_string\"}}],\"inLanguage\":\"de\"},{\"@type\":\"Organization\",\"@id\":\"https:\\\/\\\/kem-europe.eu\\\/#organization\",\"name\":\"KEM Europe\",\"url\":\"https:\\\/\\\/kem-europe.eu\\\/\",\"logo\":{\"@type\":\"ImageObject\",\"inLanguage\":\"de\",\"@id\":\"https:\\\/\\\/kem-europe.eu\\\/#\\\/schema\\\/logo\\\/image\\\/\",\"url\":\"https:\\\/\\\/kem-europe.eu\\\/wp-content\\\/uploads\\\/2025\\\/02\\\/KEM2019-BLACK-1500W.png\",\"contentUrl\":\"https:\\\/\\\/kem-europe.eu\\\/wp-content\\\/uploads\\\/2025\\\/02\\\/KEM2019-BLACK-1500W.png\",\"width\":1500,\"height\":626,\"caption\":\"KEM Europe\"},\"image\":{\"@id\":\"https:\\\/\\\/kem-europe.eu\\\/#\\\/schema\\\/logo\\\/image\\\/\"}}]}<\/script>\n<!-- \/ Yoast SEO plugin. -->","yoast_head_json":{"title":"DiStar Airduster Staubschutzhaube f\u00fcr Winkelschleifer - 125 \/ 230 mm - KEM Europe","robots":{"index":"index","follow":"follow","max-snippet":"max-snippet:-1","max-image-preview":"max-image-preview:large","max-video-preview":"max-video-preview:-1"},"canonical":"https:\/\/kem-europe.eu\/de\/produkt\/distar-airduster-staubschutz-fuer-winkelschleifer-125-230mm\/","og_locale":"de_DE","og_type":"article","og_title":"DiStar Airduster Stofkap voor Haakse Slijper \u2013 125 \/ 230 mm - KEM Europe","og_description":"\u2705 Verwijdering van stof \u2705 Universele bevestiging \u2705 Open constructie \u2705 Actieve koeling \u2705 Visuele controle van het slijpgebied","og_url":"https:\/\/kem-europe.eu\/de\/produkt\/distar-airduster-staubschutz-fuer-winkelschleifer-125-230mm\/","og_site_name":"KEM Europe","article_modified_time":"2025-06-16T13:16:36+00:00","og_image":[{"width":700,"height":700,"url":"https:\/\/kem-europe.eu\/wp-content\/uploads\/2025\/02\/DiStar-Stofkap.jpg","type":"image\/jpeg"}],"twitter_card":"summary_large_image","twitter_misc":{"Gesch\u00e4tzte Lesezeit":"2\u00a0Minuten"},"schema":{"@context":"https:\/\/schema.org","@graph":[{"@type":"WebPage","@id":"https:\/\/kem-europe.eu\/product\/distar-airduster-stofkap-voor-haakse-slijper-125-230-mm\/","url":"https:\/\/kem-europe.eu\/product\/distar-airduster-stofkap-voor-haakse-slijper-125-230-mm\/","name":"DiStar Airduster Staubschutzhaube f\u00fcr Winkelschleifer - 125 \/ 230 mm - KEM Europe","isPartOf":{"@id":"https:\/\/kem-europe.eu\/#website"},"primaryImageOfPage":{"@id":"https:\/\/kem-europe.eu\/product\/distar-airduster-stofkap-voor-haakse-slijper-125-230-mm\/#primaryimage"},"image":{"@id":"https:\/\/kem-europe.eu\/product\/distar-airduster-stofkap-voor-haakse-slijper-125-230-mm\/#primaryimage"},"thumbnailUrl":"https:\/\/kem-europe.eu\/wp-content\/uploads\/2025\/02\/DiStar-Stofkap.jpg","datePublished":"2025-02-27T09:00:54+00:00","dateModified":"2025-06-16T13:16:36+00:00","breadcrumb":{"@id":"https:\/\/kem-europe.eu\/product\/distar-airduster-stofkap-voor-haakse-slijper-125-230-mm\/#breadcrumb"},"inLanguage":"de","potentialAction":[{"@type":"ReadAction","target":["https:\/\/kem-europe.eu\/product\/distar-airduster-stofkap-voor-haakse-slijper-125-230-mm\/"]}]},{"@type":"ImageObject","inLanguage":"de","@id":"https:\/\/kem-europe.eu\/product\/distar-airduster-stofkap-voor-haakse-slijper-125-230-mm\/#primaryimage","url":"https:\/\/kem-europe.eu\/wp-content\/uploads\/2025\/02\/DiStar-Stofkap.jpg","contentUrl":"https:\/\/kem-europe.eu\/wp-content\/uploads\/2025\/02\/DiStar-Stofkap.jpg","width":700,"height":700},{"@type":"BreadcrumbList","@id":"https:\/\/kem-europe.eu\/product\/distar-airduster-stofkap-voor-haakse-slijper-125-230-mm\/#breadcrumb","itemListElement":[{"@type":"ListItem","position":1,"name":"Home","item":"https:\/\/kem-europe.eu\/"},{"@type":"ListItem","position":2,"name":"Winkel","item":"https:\/\/kem-europe.eu\/winkel\/"},{"@type":"ListItem","position":3,"name":"DiStar Airduster Stofkap voor Haakse Slijper \u2013 125 \/ 230 mm"}]},{"@type":"WebSite","@id":"https:\/\/kem-europe.eu\/#website","url":"https:\/\/kem-europe.eu\/","name":"KEM Europe","description":"","publisher":{"@id":"https:\/\/kem-europe.eu\/#organization"},"potentialAction":[{"@type":"SearchAction","target":{"@type":"EntryPoint","urlTemplate":"https:\/\/kem-europe.eu\/?s={search_term_string}"},"query-input":{"@type":"PropertyValueSpecification","valueRequired":true,"valueName":"search_term_string"}}],"inLanguage":"de"},{"@type":"Organization","@id":"https:\/\/kem-europe.eu\/#organization","name":"KEM Europe","url":"https:\/\/kem-europe.eu\/","logo":{"@type":"ImageObject","inLanguage":"de","@id":"https:\/\/kem-europe.eu\/#\/schema\/logo\/image\/","url":"https:\/\/kem-europe.eu\/wp-content\/uploads\/2025\/02\/KEM2019-BLACK-1500W.png","contentUrl":"https:\/\/kem-europe.eu\/wp-content\/uploads\/2025\/02\/KEM2019-BLACK-1500W.png","width":1500,"height":626,"caption":"KEM Europe"},"image":{"@id":"https:\/\/kem-europe.eu\/#\/schema\/logo\/image\/"}}]}},"_links":{"self":[{"href":"https:\/\/kem-europe.eu\/de\/wp-json\/wp\/v2\/product\/3467","targetHints":{"allow":["GET"]}}],"collection":[{"href":"https:\/\/kem-europe.eu\/de\/wp-json\/wp\/v2\/product"}],"about":[{"href":"https:\/\/kem-europe.eu\/de\/wp-json\/wp\/v2\/types\/product"}],"replies":[{"embeddable":true,"href":"https:\/\/kem-europe.eu\/de\/wp-json\/wp\/v2\/comments?post=3467"}],"wp:featuredmedia":[{"embeddable":true,"href":"https:\/\/kem-europe.eu\/de\/wp-json\/wp\/v2\/media\/3505"}],"wp:attachment":[{"href":"https:\/\/kem-europe.eu\/de\/wp-json\/wp\/v2\/media?parent=3467"}],"wp:term":[{"taxonomy":"product_brand","embeddable":true,"href":"https:\/\/kem-europe.eu\/de\/wp-json\/wp\/v2\/product_brand?post=3467"},{"taxonomy":"product_cat","embeddable":true,"href":"https:\/\/kem-europe.eu\/de\/wp-json\/wp\/v2\/product_cat?post=3467"},{"taxonomy":"product_tag","embeddable":true,"href":"https:\/\/kem-europe.eu\/de\/wp-json\/wp\/v2\/product_tag?post=3467"}],"curies":[{"name":"wp","href":"https:\/\/api.w.org\/{rel}","templated":true}]}}