{"id":3468,"date":"2025-02-27T09:00:54","date_gmt":"2025-02-27T09:00:54","guid":{"rendered":"https:\/\/kem-europe.eu\/?post_type=product&#038;p=3468"},"modified":"2025-06-16T14:03:56","modified_gmt":"2025-06-16T14:03:56","slug":"distar-socketduster-68-82-staubschutz-fuer-dosenbohrer","status":"publish","type":"product","link":"https:\/\/kem-europe.eu\/de\/product\/distar-socketduster-68-82-stofkap-voor-dozenboren\/","title":{"rendered":"DiStar SocketDuster 68-82 - Staubschutzkappe f\u00fcr Steckbohrmaschinen"},"content":{"rendered":"<p><strong>Eigenschaften DiStar SocketDuster 68-82 - Staubschutzkappe f\u00fcr Steckbohrmaschinen<\/strong><\/p>\n<p>Dies sind nur einige der vielen Vorteile, die der Mechanic SocketDuster 68-82 von DiStar bietet und die ihn zu einer wertvollen und praktischen Erg\u00e4nzung f\u00fcr Ihren Betrieb machen:<\/p>\n<p>\u2705\u00a0<strong>Weniger Staub<\/strong>\u00a0- Die Verwendung des SocketDusters reduziert die Staubentwicklung beim Bohren in Beton oder Ziegel. F\u00fcr eine sauberere und ges\u00fcndere Arbeitsumgebung.<\/p>\n<p><img loading=\"lazy\" decoding=\"async\" class=\"size-full wp-image-420984 alignnone\" src=\"https:\/\/bjctools.nl\/wp-content\/uploads\/2024\/01\/ezgif.com-optimize.gif\" sizes=\"auto, (max-width: 600px) 100vw, 600px\" srcset=\"https:\/\/bjctools.nl\/wp-content\/uploads\/2024\/01\/ezgif.com-optimize.gif 600w, https:\/\/bjctools.nl\/wp-content\/uploads\/2024\/01\/ezgif.com-optimize-400x225.gif 400w, https:\/\/bjctools.nl\/wp-content\/uploads\/2024\/01\/ezgif.com-optimize-546x308.gif 546w\" alt=\"Sockelduster\" width=\"600\" height=\"338\" \/><strong><br \/>\n<\/strong><\/p>\n<p>\u2705\u00a0<strong>Effektive K\u00fchlung<\/strong>\u00a0- Durch den Luftstrom, der durch den Bohrerk\u00f6rper gepumpt wird, k\u00fchlt der SocketDuster effizient die Diamantsegmente Ihres Bohrers und verl\u00e4ngert so dessen Lebensdauer.<\/p>\n<p>\u2705\u00a0<strong>Flache und unebene Oberfl\u00e4chen<\/strong>\u00a0- Mit diesem Aufsatz spielt es keine Rolle, wie rau oder uneben die Oberfl\u00e4che ist, in die Sie bohren. Der SocketDuster funktioniert unabh\u00e4ngig von der Beschaffenheit der Bohrfl\u00e4che.<\/p>\n<p>\u2705\u00a0<strong>Effizient und sauber\u00a0<\/strong>- Der SocketDuster ist eine kosteng\u00fcnstige L\u00f6sung f\u00fcr effizientes und sauberes Bohren.<\/p>\n<p>\u2705\u00a0<strong>Kompatibilit\u00e4t<\/strong>\u00a0- Dank seiner Gummidichtung l\u00e4sst sich dieses Zubeh\u00f6rteil leicht an Staubsauger aller Modelle anschlie\u00dfen und kann auf Bohrer mit einem Durchmesser von 68 mm bis 82 mm montiert werden.<\/p>\n<p><a href=\"https:\/\/www.kem-europe.eu\/wp-content\/uploads\/2024\/01\/SocketDUSTER68-82Dustcollector-ezgif.com-optimize.gif\"><img loading=\"lazy\" decoding=\"async\" class=\"size-full wp-image-26276 alignnone\" src=\"https:\/\/www.kem-europe.eu\/wp-content\/uploads\/2024\/01\/SocketDUSTER68-82Dustcollector-ezgif.com-optimize.gif\" alt=\"BuchseDUSTER68-82Staubabscheider\" width=\"600\" height=\"338\" \/><\/a><\/p>\n<hr \/>\n<p><strong>Technische Daten<\/strong><\/p>\n<ul>\n<li>Bohrerdurchmesser - 68 bis 82 mm<\/li>\n<li>Marke - Mechanic von Di-Star<\/li>\n<\/ul>\n<p><strong>Umfang der Lieferung<\/strong><\/p>\n<ul>\n<li>DiStar SocketDuster 68-82 - Staubschutzkappe f\u00fcr Steckbohrmaschinen<\/li>\n<\/ul>","protected":false},"excerpt":{"rendered":"<p>\u2705 Reduziert die Staubmenge beim Bohren<br \/>\n\u2705 Effektive K\u00fchlung<br \/>\n\u2705 F\u00fcr ebene und unebene Fl\u00e4chen<br \/>\n\u2705 Effizient und sauber<br \/>\n\u2705 F\u00fcr Staubsauger aller Modelle<br \/>\n\u2705 Bohrer mit einem Durchmesser von 68 bis 82 mm<\/p>","protected":false},"featured_media":3519,"comment_status":"closed","ping_status":"closed","template":"","meta":[],"product_brand":[623],"product_cat":[24],"product_tag":[],"class_list":{"0":"post-3468","1":"product","2":"type-product","3":"status-publish","4":"has-post-thumbnail","6":"product_brand-distar","7":"product_cat-toebehoren","9":"first","10":"instock","11":"shipping-taxable","12":"product-type-simple"},"ct_brands":[{"id":623,"name":"DISTAR","slug":"distar"}],"yoast_head":"<!-- This site is optimized with the Yoast SEO plugin v27.3 - https:\/\/yoast.com\/product\/yoast-seo-wordpress\/ -->\n<title>DiStar SocketDuster 68-82 \u2013 Stofkap voor Dozenboren - KEM Europe<\/title>\n<meta name=\"robots\" content=\"index, follow, max-snippet:-1, max-image-preview:large, max-video-preview:-1\" \/>\n<link rel=\"canonical\" href=\"https:\/\/kem-europe.eu\/de\/produkt\/distar-socketduster-68-82-staubschutz-fuer-dosenbohrer\/\" \/>\n<meta property=\"og:locale\" content=\"de_DE\" \/>\n<meta property=\"og:type\" content=\"article\" \/>\n<meta property=\"og:title\" content=\"DiStar SocketDuster 68-82 \u2013 Stofkap voor Dozenboren - KEM Europe\" \/>\n<meta property=\"og:description\" content=\"\u2705 Vermindert de hoeveelheid stof tijdens het boren \u2705 Effectieve koeling \u2705 Voor vlakke en ongelijke oppervlakken \u2705 Effici\u00ebnt en schoon \u2705 Voor stofzuigers van elk model \u2705 Boorbits met een diameter van 68 tot 82mm\" \/>\n<meta property=\"og:url\" content=\"https:\/\/kem-europe.eu\/de\/produkt\/distar-socketduster-68-82-staubschutz-fuer-dosenbohrer\/\" \/>\n<meta property=\"og:site_name\" content=\"KEM Europe\" \/>\n<meta property=\"article:modified_time\" content=\"2025-06-16T14:03:56+00:00\" \/>\n<meta property=\"og:image\" content=\"https:\/\/kem-europe.eu\/wp-content\/uploads\/2025\/02\/SD1.jpg\" \/>\n\t<meta property=\"og:image:width\" content=\"700\" \/>\n\t<meta property=\"og:image:height\" content=\"700\" \/>\n\t<meta property=\"og:image:type\" content=\"image\/jpeg\" \/>\n<meta name=\"twitter:card\" content=\"summary_large_image\" \/>\n<meta name=\"twitter:label1\" content=\"Gesch\u00e4tzte Lesezeit\" \/>\n\t<meta name=\"twitter:data1\" content=\"2\u00a0Minuten\" \/>\n<script type=\"application\/ld+json\" class=\"yoast-schema-graph\">{\"@context\":\"https:\\\/\\\/schema.org\",\"@graph\":[{\"@type\":\"WebPage\",\"@id\":\"https:\\\/\\\/kem-europe.eu\\\/product\\\/distar-socketduster-68-82-stofkap-voor-dozenboren\\\/\",\"url\":\"https:\\\/\\\/kem-europe.eu\\\/product\\\/distar-socketduster-68-82-stofkap-voor-dozenboren\\\/\",\"name\":\"DiStar SocketDuster 68-82 \u2013 Stofkap voor Dozenboren - KEM Europe\",\"isPartOf\":{\"@id\":\"https:\\\/\\\/kem-europe.eu\\\/#website\"},\"primaryImageOfPage\":{\"@id\":\"https:\\\/\\\/kem-europe.eu\\\/product\\\/distar-socketduster-68-82-stofkap-voor-dozenboren\\\/#primaryimage\"},\"image\":{\"@id\":\"https:\\\/\\\/kem-europe.eu\\\/product\\\/distar-socketduster-68-82-stofkap-voor-dozenboren\\\/#primaryimage\"},\"thumbnailUrl\":\"https:\\\/\\\/kem-europe.eu\\\/wp-content\\\/uploads\\\/2025\\\/02\\\/SD1.jpg\",\"datePublished\":\"2025-02-27T09:00:54+00:00\",\"dateModified\":\"2025-06-16T14:03:56+00:00\",\"breadcrumb\":{\"@id\":\"https:\\\/\\\/kem-europe.eu\\\/product\\\/distar-socketduster-68-82-stofkap-voor-dozenboren\\\/#breadcrumb\"},\"inLanguage\":\"de\",\"potentialAction\":[{\"@type\":\"ReadAction\",\"target\":[\"https:\\\/\\\/kem-europe.eu\\\/product\\\/distar-socketduster-68-82-stofkap-voor-dozenboren\\\/\"]}]},{\"@type\":\"ImageObject\",\"inLanguage\":\"de\",\"@id\":\"https:\\\/\\\/kem-europe.eu\\\/product\\\/distar-socketduster-68-82-stofkap-voor-dozenboren\\\/#primaryimage\",\"url\":\"https:\\\/\\\/kem-europe.eu\\\/wp-content\\\/uploads\\\/2025\\\/02\\\/SD1.jpg\",\"contentUrl\":\"https:\\\/\\\/kem-europe.eu\\\/wp-content\\\/uploads\\\/2025\\\/02\\\/SD1.jpg\",\"width\":700,\"height\":700},{\"@type\":\"BreadcrumbList\",\"@id\":\"https:\\\/\\\/kem-europe.eu\\\/product\\\/distar-socketduster-68-82-stofkap-voor-dozenboren\\\/#breadcrumb\",\"itemListElement\":[{\"@type\":\"ListItem\",\"position\":1,\"name\":\"Home\",\"item\":\"https:\\\/\\\/kem-europe.eu\\\/\"},{\"@type\":\"ListItem\",\"position\":2,\"name\":\"Winkel\",\"item\":\"https:\\\/\\\/kem-europe.eu\\\/winkel\\\/\"},{\"@type\":\"ListItem\",\"position\":3,\"name\":\"DiStar SocketDuster 68-82 \u2013 Stofkap voor Dozenboren\"}]},{\"@type\":\"WebSite\",\"@id\":\"https:\\\/\\\/kem-europe.eu\\\/#website\",\"url\":\"https:\\\/\\\/kem-europe.eu\\\/\",\"name\":\"KEM Europe\",\"description\":\"\",\"publisher\":{\"@id\":\"https:\\\/\\\/kem-europe.eu\\\/#organization\"},\"potentialAction\":[{\"@type\":\"SearchAction\",\"target\":{\"@type\":\"EntryPoint\",\"urlTemplate\":\"https:\\\/\\\/kem-europe.eu\\\/?s={search_term_string}\"},\"query-input\":{\"@type\":\"PropertyValueSpecification\",\"valueRequired\":true,\"valueName\":\"search_term_string\"}}],\"inLanguage\":\"de\"},{\"@type\":\"Organization\",\"@id\":\"https:\\\/\\\/kem-europe.eu\\\/#organization\",\"name\":\"KEM Europe\",\"url\":\"https:\\\/\\\/kem-europe.eu\\\/\",\"logo\":{\"@type\":\"ImageObject\",\"inLanguage\":\"de\",\"@id\":\"https:\\\/\\\/kem-europe.eu\\\/#\\\/schema\\\/logo\\\/image\\\/\",\"url\":\"https:\\\/\\\/kem-europe.eu\\\/wp-content\\\/uploads\\\/2025\\\/02\\\/KEM2019-BLACK-1500W.png\",\"contentUrl\":\"https:\\\/\\\/kem-europe.eu\\\/wp-content\\\/uploads\\\/2025\\\/02\\\/KEM2019-BLACK-1500W.png\",\"width\":1500,\"height\":626,\"caption\":\"KEM Europe\"},\"image\":{\"@id\":\"https:\\\/\\\/kem-europe.eu\\\/#\\\/schema\\\/logo\\\/image\\\/\"}}]}<\/script>\n<!-- \/ Yoast SEO plugin. -->","yoast_head_json":{"title":"DiStar SocketDuster 68-82 - Staubschutzkappe f\u00fcr Steckbohrmaschinen - KEM Europe","robots":{"index":"index","follow":"follow","max-snippet":"max-snippet:-1","max-image-preview":"max-image-preview:large","max-video-preview":"max-video-preview:-1"},"canonical":"https:\/\/kem-europe.eu\/de\/produkt\/distar-socketduster-68-82-staubschutz-fuer-dosenbohrer\/","og_locale":"de_DE","og_type":"article","og_title":"DiStar SocketDuster 68-82 \u2013 Stofkap voor Dozenboren - KEM Europe","og_description":"\u2705 Vermindert de hoeveelheid stof tijdens het boren \u2705 Effectieve koeling \u2705 Voor vlakke en ongelijke oppervlakken \u2705 Effici\u00ebnt en schoon \u2705 Voor stofzuigers van elk model \u2705 Boorbits met een diameter van 68 tot 82mm","og_url":"https:\/\/kem-europe.eu\/de\/produkt\/distar-socketduster-68-82-staubschutz-fuer-dosenbohrer\/","og_site_name":"KEM Europe","article_modified_time":"2025-06-16T14:03:56+00:00","og_image":[{"width":700,"height":700,"url":"https:\/\/kem-europe.eu\/wp-content\/uploads\/2025\/02\/SD1.jpg","type":"image\/jpeg"}],"twitter_card":"summary_large_image","twitter_misc":{"Gesch\u00e4tzte Lesezeit":"2\u00a0Minuten"},"schema":{"@context":"https:\/\/schema.org","@graph":[{"@type":"WebPage","@id":"https:\/\/kem-europe.eu\/product\/distar-socketduster-68-82-stofkap-voor-dozenboren\/","url":"https:\/\/kem-europe.eu\/product\/distar-socketduster-68-82-stofkap-voor-dozenboren\/","name":"DiStar SocketDuster 68-82 - Staubschutzkappe f\u00fcr Steckbohrmaschinen - KEM Europe","isPartOf":{"@id":"https:\/\/kem-europe.eu\/#website"},"primaryImageOfPage":{"@id":"https:\/\/kem-europe.eu\/product\/distar-socketduster-68-82-stofkap-voor-dozenboren\/#primaryimage"},"image":{"@id":"https:\/\/kem-europe.eu\/product\/distar-socketduster-68-82-stofkap-voor-dozenboren\/#primaryimage"},"thumbnailUrl":"https:\/\/kem-europe.eu\/wp-content\/uploads\/2025\/02\/SD1.jpg","datePublished":"2025-02-27T09:00:54+00:00","dateModified":"2025-06-16T14:03:56+00:00","breadcrumb":{"@id":"https:\/\/kem-europe.eu\/product\/distar-socketduster-68-82-stofkap-voor-dozenboren\/#breadcrumb"},"inLanguage":"de","potentialAction":[{"@type":"ReadAction","target":["https:\/\/kem-europe.eu\/product\/distar-socketduster-68-82-stofkap-voor-dozenboren\/"]}]},{"@type":"ImageObject","inLanguage":"de","@id":"https:\/\/kem-europe.eu\/product\/distar-socketduster-68-82-stofkap-voor-dozenboren\/#primaryimage","url":"https:\/\/kem-europe.eu\/wp-content\/uploads\/2025\/02\/SD1.jpg","contentUrl":"https:\/\/kem-europe.eu\/wp-content\/uploads\/2025\/02\/SD1.jpg","width":700,"height":700},{"@type":"BreadcrumbList","@id":"https:\/\/kem-europe.eu\/product\/distar-socketduster-68-82-stofkap-voor-dozenboren\/#breadcrumb","itemListElement":[{"@type":"ListItem","position":1,"name":"Home","item":"https:\/\/kem-europe.eu\/"},{"@type":"ListItem","position":2,"name":"Winkel","item":"https:\/\/kem-europe.eu\/winkel\/"},{"@type":"ListItem","position":3,"name":"DiStar SocketDuster 68-82 \u2013 Stofkap voor Dozenboren"}]},{"@type":"WebSite","@id":"https:\/\/kem-europe.eu\/#website","url":"https:\/\/kem-europe.eu\/","name":"KEM Europe","description":"","publisher":{"@id":"https:\/\/kem-europe.eu\/#organization"},"potentialAction":[{"@type":"SearchAction","target":{"@type":"EntryPoint","urlTemplate":"https:\/\/kem-europe.eu\/?s={search_term_string}"},"query-input":{"@type":"PropertyValueSpecification","valueRequired":true,"valueName":"search_term_string"}}],"inLanguage":"de"},{"@type":"Organization","@id":"https:\/\/kem-europe.eu\/#organization","name":"KEM Europe","url":"https:\/\/kem-europe.eu\/","logo":{"@type":"ImageObject","inLanguage":"de","@id":"https:\/\/kem-europe.eu\/#\/schema\/logo\/image\/","url":"https:\/\/kem-europe.eu\/wp-content\/uploads\/2025\/02\/KEM2019-BLACK-1500W.png","contentUrl":"https:\/\/kem-europe.eu\/wp-content\/uploads\/2025\/02\/KEM2019-BLACK-1500W.png","width":1500,"height":626,"caption":"KEM Europe"},"image":{"@id":"https:\/\/kem-europe.eu\/#\/schema\/logo\/image\/"}}]}},"_links":{"self":[{"href":"https:\/\/kem-europe.eu\/de\/wp-json\/wp\/v2\/product\/3468","targetHints":{"allow":["GET"]}}],"collection":[{"href":"https:\/\/kem-europe.eu\/de\/wp-json\/wp\/v2\/product"}],"about":[{"href":"https:\/\/kem-europe.eu\/de\/wp-json\/wp\/v2\/types\/product"}],"replies":[{"embeddable":true,"href":"https:\/\/kem-europe.eu\/de\/wp-json\/wp\/v2\/comments?post=3468"}],"wp:featuredmedia":[{"embeddable":true,"href":"https:\/\/kem-europe.eu\/de\/wp-json\/wp\/v2\/media\/3519"}],"wp:attachment":[{"href":"https:\/\/kem-europe.eu\/de\/wp-json\/wp\/v2\/media?parent=3468"}],"wp:term":[{"taxonomy":"product_brand","embeddable":true,"href":"https:\/\/kem-europe.eu\/de\/wp-json\/wp\/v2\/product_brand?post=3468"},{"taxonomy":"product_cat","embeddable":true,"href":"https:\/\/kem-europe.eu\/de\/wp-json\/wp\/v2\/product_cat?post=3468"},{"taxonomy":"product_tag","embeddable":true,"href":"https:\/\/kem-europe.eu\/de\/wp-json\/wp\/v2\/product_tag?post=3468"}],"curies":[{"name":"wp","href":"https:\/\/api.w.org\/{rel}","templated":true}]}}