{"id":3478,"date":"2025-02-27T09:00:56","date_gmt":"2025-02-27T09:00:56","guid":{"rendered":"https:\/\/kem-europe.eu\/?post_type=product&#038;p=3478"},"modified":"2025-02-27T11:45:56","modified_gmt":"2025-02-27T11:45:56","slug":"distar-drillstream-staubabsaugung-trocken-1-1-4x-m18","status":"publish","type":"product","link":"https:\/\/kem-europe.eu\/de\/product\/distar-drillstream-stofafzuiging-droog-1-1-4%e2%80%b3-x-m18\/","title":{"rendered":"DiStar DrillSTREAM Staubabsaugung trocken 1 1\/4\u2033 x M18"},"content":{"rendered":"<p><strong>Eigenschaften DiStar DrillSTREAM Staubabsaugung trocken 1 1\/4\u2033 x M18<\/strong><\/p>\n<div id=\"startchat\" class=\"response-div\">\n<div class=\"response-text-content\">\n<div class=\"answer\">\n<div id=\"chatmes65053\">\n<p><strong>\u2705<\/strong>\u00a0<strong>Erfahrung mit staubfreiem Bohren<\/strong>\u00a0- Das Trockenbohren mit diesem Staubabsauger verhindert die Staubentwicklung, was eine sauberere Arbeitsumgebung schafft und weniger Reinigungsarbeiten bedeutet.<\/p>\n<p><strong>\u2705<\/strong>\u00a0<strong>Flexible Verbindung<\/strong>\u00a0- Der Staubabscheider kann dank der Gummidurchf\u00fchrung an verschiedene Staubabscheider angeschlossen werden, wodurch das System an die bereits vorhandenen Werkzeuge angepasst werden kann. Der Staubabscheider wird zwischen der Bohrmaschine und dem Schaft der Diamantbohrmaschine installiert.<\/p>\n<p><strong>\u2705 Bessere K\u00fchlung<\/strong>\u00a0- Der durch die Bohrzone str\u00f6mende Luftstrom k\u00fchlt die Diamantsegmente. Dies verhindert eine \u00dcberhitzung und kann so die Lebensdauer der Bohrkrone verl\u00e4ngern.<\/p>\n<p><strong>\u2705<\/strong>\u00a0<strong>Erh\u00f6hte Bohrgeschwindigkeit<\/strong>\u00a0- Die Beseitigung von Bohrmehl kann die Bohrgeschwindigkeit und damit die Arbeitsgeschwindigkeit erh\u00f6hen.<\/p>\n<p><strong>\u2705 Verl\u00e4ngerte Lebensdauer des Bohrers<\/strong>\u00a0- Da der Luftstrom die Bohrsp\u00e4ne entfernt, wird der Verschlei\u00df des Bohrers verringert und seine Lebensdauer verl\u00e4ngert.<\/p>\n<p><strong>\u2705<\/strong>\u00a0<strong>Geeignet f\u00fcr Renovierungen<\/strong>\u00a0- Die Verwendung eines Vakuums beim Trockenbohren erm\u00f6glicht das Bohren von L\u00f6chern in renovierten R\u00e4umen und ist somit ein hervorragendes Werkzeug f\u00fcr Renovierungsprojekte.<\/p>\n<p><strong>\u2705<\/strong>\u00a0<strong>Kompatibilit\u00e4t mit Diamant-Trockenbohrkronen<\/strong>\u00a0- Der Kollektor ist mit den Diamantbohrkronen ADTnS RS-TX &amp; RM-TX kompatibel, die f\u00fcr das Trockenbohren mit Mikroschlagbohrmaschinen entwickelt wurden, was eine gr\u00f6\u00dfere Vielseitigkeit und Flexibilit\u00e4t in der Anwendung bedeutet.<\/p>\n<hr \/>\n<\/div>\n<p><strong>Technische Daten<\/strong><\/p>\n<ul>\n<li>Aufwicklung \/ Anschluss - 1 1\/4\u2033 (au\u00dfen) x M18 (innen)<\/li>\n<li>Typ des Bohraufsatzes - Absaugung<\/li>\n<li>Material - geh\u00e4rteter Stahl<\/li>\n<li>Marke - Mechanic von Distar<\/li>\n<\/ul>\n<p><strong>Umfang der Lieferung<\/strong><\/p>\n<ul>\n<li>DiStar DrillSTREAM Staubabsaugung trocken 1 1\/4\u2033 x M18<\/li>\n<\/ul>\n<\/div>\n<\/div>\n<\/div>","protected":false},"excerpt":{"rendered":"<p>\u2705 Staubfreie Bohrerfahrung<br \/>\n\u2705 Flexible Verbindung<br \/>\n\u2705 Bessere K\u00fchlung<br \/>\n\u2705 Erh\u00f6hte Bohrgeschwindigkeit<br \/>\n\u2705 Verl\u00e4ngerte Lebensdauer des Bohrers<br \/>\n\u2705 Kompatibilit\u00e4t mit Diamant-Trockenbohrern<\/p>","protected":false},"featured_media":3540,"comment_status":"closed","ping_status":"closed","template":"","meta":[],"product_brand":[623],"product_cat":[24],"product_tag":[],"class_list":{"0":"post-3478","1":"product","2":"type-product","3":"status-publish","4":"has-post-thumbnail","6":"product_brand-distar","7":"product_cat-toebehoren","9":"first","10":"instock","11":"shipping-taxable","12":"product-type-simple"},"ct_brands":[{"id":623,"name":"DISTAR","slug":"distar"}],"yoast_head":"<!-- This site is optimized with the Yoast SEO plugin v27.3 - https:\/\/yoast.com\/product\/yoast-seo-wordpress\/ -->\n<title>DiStar DrillSTREAM Stofafzuiging Droog 1 1\/4\u2033 x M18 - KEM Europe<\/title>\n<meta name=\"robots\" content=\"index, follow, max-snippet:-1, max-image-preview:large, max-video-preview:-1\" \/>\n<link rel=\"canonical\" href=\"https:\/\/kem-europe.eu\/de\/produkt\/distar-drillstream-staubabsaugung-trocken-1-1-4x-m18\/\" \/>\n<meta property=\"og:locale\" content=\"de_DE\" \/>\n<meta property=\"og:type\" content=\"article\" \/>\n<meta property=\"og:title\" content=\"DiStar DrillSTREAM Stofafzuiging Droog 1 1\/4\u2033 x M18 - KEM Europe\" \/>\n<meta property=\"og:description\" content=\"\u2705 Stofvrije boorervaring \u2705 Flexibele aansluiting \u2705 Betere koeling \u2705 Verhoogde boorsnelheid \u2705 Verlengde levensduur van de boor \u2705 Compatibiliteit met diamant droogboren\" \/>\n<meta property=\"og:url\" content=\"https:\/\/kem-europe.eu\/de\/produkt\/distar-drillstream-staubabsaugung-trocken-1-1-4x-m18\/\" \/>\n<meta property=\"og:site_name\" content=\"KEM Europe\" \/>\n<meta property=\"article:modified_time\" content=\"2025-02-27T11:45:56+00:00\" \/>\n<meta property=\"og:image\" content=\"https:\/\/kem-europe.eu\/wp-content\/uploads\/2025\/02\/f0rro9ad3_88d6967a.jpg\" \/>\n\t<meta property=\"og:image:width\" content=\"700\" \/>\n\t<meta property=\"og:image:height\" content=\"700\" \/>\n\t<meta property=\"og:image:type\" content=\"image\/jpeg\" \/>\n<meta name=\"twitter:card\" content=\"summary_large_image\" \/>\n<meta name=\"twitter:label1\" content=\"Gesch\u00e4tzte Lesezeit\" \/>\n\t<meta name=\"twitter:data1\" content=\"2\u00a0Minuten\" \/>\n<script type=\"application\/ld+json\" class=\"yoast-schema-graph\">{\"@context\":\"https:\\\/\\\/schema.org\",\"@graph\":[{\"@type\":\"WebPage\",\"@id\":\"https:\\\/\\\/kem-europe.eu\\\/product\\\/distar-drillstream-stofafzuiging-droog-1-1-4%e2%80%b3-x-m18\\\/\",\"url\":\"https:\\\/\\\/kem-europe.eu\\\/product\\\/distar-drillstream-stofafzuiging-droog-1-1-4%e2%80%b3-x-m18\\\/\",\"name\":\"DiStar DrillSTREAM Stofafzuiging Droog 1 1\\\/4\u2033 x M18 - KEM Europe\",\"isPartOf\":{\"@id\":\"https:\\\/\\\/kem-europe.eu\\\/#website\"},\"primaryImageOfPage\":{\"@id\":\"https:\\\/\\\/kem-europe.eu\\\/product\\\/distar-drillstream-stofafzuiging-droog-1-1-4%e2%80%b3-x-m18\\\/#primaryimage\"},\"image\":{\"@id\":\"https:\\\/\\\/kem-europe.eu\\\/product\\\/distar-drillstream-stofafzuiging-droog-1-1-4%e2%80%b3-x-m18\\\/#primaryimage\"},\"thumbnailUrl\":\"https:\\\/\\\/kem-europe.eu\\\/wp-content\\\/uploads\\\/2025\\\/02\\\/f0rro9ad3_88d6967a.jpg\",\"datePublished\":\"2025-02-27T09:00:56+00:00\",\"dateModified\":\"2025-02-27T11:45:56+00:00\",\"breadcrumb\":{\"@id\":\"https:\\\/\\\/kem-europe.eu\\\/product\\\/distar-drillstream-stofafzuiging-droog-1-1-4%e2%80%b3-x-m18\\\/#breadcrumb\"},\"inLanguage\":\"de\",\"potentialAction\":[{\"@type\":\"ReadAction\",\"target\":[\"https:\\\/\\\/kem-europe.eu\\\/product\\\/distar-drillstream-stofafzuiging-droog-1-1-4%e2%80%b3-x-m18\\\/\"]}]},{\"@type\":\"ImageObject\",\"inLanguage\":\"de\",\"@id\":\"https:\\\/\\\/kem-europe.eu\\\/product\\\/distar-drillstream-stofafzuiging-droog-1-1-4%e2%80%b3-x-m18\\\/#primaryimage\",\"url\":\"https:\\\/\\\/kem-europe.eu\\\/wp-content\\\/uploads\\\/2025\\\/02\\\/f0rro9ad3_88d6967a.jpg\",\"contentUrl\":\"https:\\\/\\\/kem-europe.eu\\\/wp-content\\\/uploads\\\/2025\\\/02\\\/f0rro9ad3_88d6967a.jpg\",\"width\":700,\"height\":700},{\"@type\":\"BreadcrumbList\",\"@id\":\"https:\\\/\\\/kem-europe.eu\\\/product\\\/distar-drillstream-stofafzuiging-droog-1-1-4%e2%80%b3-x-m18\\\/#breadcrumb\",\"itemListElement\":[{\"@type\":\"ListItem\",\"position\":1,\"name\":\"Home\",\"item\":\"https:\\\/\\\/kem-europe.eu\\\/\"},{\"@type\":\"ListItem\",\"position\":2,\"name\":\"Winkel\",\"item\":\"https:\\\/\\\/kem-europe.eu\\\/winkel\\\/\"},{\"@type\":\"ListItem\",\"position\":3,\"name\":\"DiStar DrillSTREAM Stofafzuiging Droog 1 1\\\/4\u2033 x M18\"}]},{\"@type\":\"WebSite\",\"@id\":\"https:\\\/\\\/kem-europe.eu\\\/#website\",\"url\":\"https:\\\/\\\/kem-europe.eu\\\/\",\"name\":\"KEM Europe\",\"description\":\"\",\"publisher\":{\"@id\":\"https:\\\/\\\/kem-europe.eu\\\/#organization\"},\"potentialAction\":[{\"@type\":\"SearchAction\",\"target\":{\"@type\":\"EntryPoint\",\"urlTemplate\":\"https:\\\/\\\/kem-europe.eu\\\/?s={search_term_string}\"},\"query-input\":{\"@type\":\"PropertyValueSpecification\",\"valueRequired\":true,\"valueName\":\"search_term_string\"}}],\"inLanguage\":\"de\"},{\"@type\":\"Organization\",\"@id\":\"https:\\\/\\\/kem-europe.eu\\\/#organization\",\"name\":\"KEM Europe\",\"url\":\"https:\\\/\\\/kem-europe.eu\\\/\",\"logo\":{\"@type\":\"ImageObject\",\"inLanguage\":\"de\",\"@id\":\"https:\\\/\\\/kem-europe.eu\\\/#\\\/schema\\\/logo\\\/image\\\/\",\"url\":\"https:\\\/\\\/kem-europe.eu\\\/wp-content\\\/uploads\\\/2025\\\/02\\\/KEM2019-BLACK-1500W.png\",\"contentUrl\":\"https:\\\/\\\/kem-europe.eu\\\/wp-content\\\/uploads\\\/2025\\\/02\\\/KEM2019-BLACK-1500W.png\",\"width\":1500,\"height\":626,\"caption\":\"KEM Europe\"},\"image\":{\"@id\":\"https:\\\/\\\/kem-europe.eu\\\/#\\\/schema\\\/logo\\\/image\\\/\"}}]}<\/script>\n<!-- \/ Yoast SEO plugin. -->","yoast_head_json":{"title":"DiStar DrillSTREAM Staubabsaugung trocken 1 1\/4\u2033 x M18 - KEM Europe","robots":{"index":"index","follow":"follow","max-snippet":"max-snippet:-1","max-image-preview":"max-image-preview:large","max-video-preview":"max-video-preview:-1"},"canonical":"https:\/\/kem-europe.eu\/de\/produkt\/distar-drillstream-staubabsaugung-trocken-1-1-4x-m18\/","og_locale":"de_DE","og_type":"article","og_title":"DiStar DrillSTREAM Stofafzuiging Droog 1 1\/4\u2033 x M18 - KEM Europe","og_description":"\u2705 Stofvrije boorervaring \u2705 Flexibele aansluiting \u2705 Betere koeling \u2705 Verhoogde boorsnelheid \u2705 Verlengde levensduur van de boor \u2705 Compatibiliteit met diamant droogboren","og_url":"https:\/\/kem-europe.eu\/de\/produkt\/distar-drillstream-staubabsaugung-trocken-1-1-4x-m18\/","og_site_name":"KEM Europe","article_modified_time":"2025-02-27T11:45:56+00:00","og_image":[{"width":700,"height":700,"url":"https:\/\/kem-europe.eu\/wp-content\/uploads\/2025\/02\/f0rro9ad3_88d6967a.jpg","type":"image\/jpeg"}],"twitter_card":"summary_large_image","twitter_misc":{"Gesch\u00e4tzte Lesezeit":"2\u00a0Minuten"},"schema":{"@context":"https:\/\/schema.org","@graph":[{"@type":"WebPage","@id":"https:\/\/kem-europe.eu\/product\/distar-drillstream-stofafzuiging-droog-1-1-4%e2%80%b3-x-m18\/","url":"https:\/\/kem-europe.eu\/product\/distar-drillstream-stofafzuiging-droog-1-1-4%e2%80%b3-x-m18\/","name":"DiStar DrillSTREAM Staubabsaugung trocken 1 1\/4\u2033 x M18 - KEM Europe","isPartOf":{"@id":"https:\/\/kem-europe.eu\/#website"},"primaryImageOfPage":{"@id":"https:\/\/kem-europe.eu\/product\/distar-drillstream-stofafzuiging-droog-1-1-4%e2%80%b3-x-m18\/#primaryimage"},"image":{"@id":"https:\/\/kem-europe.eu\/product\/distar-drillstream-stofafzuiging-droog-1-1-4%e2%80%b3-x-m18\/#primaryimage"},"thumbnailUrl":"https:\/\/kem-europe.eu\/wp-content\/uploads\/2025\/02\/f0rro9ad3_88d6967a.jpg","datePublished":"2025-02-27T09:00:56+00:00","dateModified":"2025-02-27T11:45:56+00:00","breadcrumb":{"@id":"https:\/\/kem-europe.eu\/product\/distar-drillstream-stofafzuiging-droog-1-1-4%e2%80%b3-x-m18\/#breadcrumb"},"inLanguage":"de","potentialAction":[{"@type":"ReadAction","target":["https:\/\/kem-europe.eu\/product\/distar-drillstream-stofafzuiging-droog-1-1-4%e2%80%b3-x-m18\/"]}]},{"@type":"ImageObject","inLanguage":"de","@id":"https:\/\/kem-europe.eu\/product\/distar-drillstream-stofafzuiging-droog-1-1-4%e2%80%b3-x-m18\/#primaryimage","url":"https:\/\/kem-europe.eu\/wp-content\/uploads\/2025\/02\/f0rro9ad3_88d6967a.jpg","contentUrl":"https:\/\/kem-europe.eu\/wp-content\/uploads\/2025\/02\/f0rro9ad3_88d6967a.jpg","width":700,"height":700},{"@type":"BreadcrumbList","@id":"https:\/\/kem-europe.eu\/product\/distar-drillstream-stofafzuiging-droog-1-1-4%e2%80%b3-x-m18\/#breadcrumb","itemListElement":[{"@type":"ListItem","position":1,"name":"Home","item":"https:\/\/kem-europe.eu\/"},{"@type":"ListItem","position":2,"name":"Winkel","item":"https:\/\/kem-europe.eu\/winkel\/"},{"@type":"ListItem","position":3,"name":"DiStar DrillSTREAM Stofafzuiging Droog 1 1\/4\u2033 x M18"}]},{"@type":"WebSite","@id":"https:\/\/kem-europe.eu\/#website","url":"https:\/\/kem-europe.eu\/","name":"KEM Europe","description":"","publisher":{"@id":"https:\/\/kem-europe.eu\/#organization"},"potentialAction":[{"@type":"SearchAction","target":{"@type":"EntryPoint","urlTemplate":"https:\/\/kem-europe.eu\/?s={search_term_string}"},"query-input":{"@type":"PropertyValueSpecification","valueRequired":true,"valueName":"search_term_string"}}],"inLanguage":"de"},{"@type":"Organization","@id":"https:\/\/kem-europe.eu\/#organization","name":"KEM Europe","url":"https:\/\/kem-europe.eu\/","logo":{"@type":"ImageObject","inLanguage":"de","@id":"https:\/\/kem-europe.eu\/#\/schema\/logo\/image\/","url":"https:\/\/kem-europe.eu\/wp-content\/uploads\/2025\/02\/KEM2019-BLACK-1500W.png","contentUrl":"https:\/\/kem-europe.eu\/wp-content\/uploads\/2025\/02\/KEM2019-BLACK-1500W.png","width":1500,"height":626,"caption":"KEM Europe"},"image":{"@id":"https:\/\/kem-europe.eu\/#\/schema\/logo\/image\/"}}]}},"_links":{"self":[{"href":"https:\/\/kem-europe.eu\/de\/wp-json\/wp\/v2\/product\/3478","targetHints":{"allow":["GET"]}}],"collection":[{"href":"https:\/\/kem-europe.eu\/de\/wp-json\/wp\/v2\/product"}],"about":[{"href":"https:\/\/kem-europe.eu\/de\/wp-json\/wp\/v2\/types\/product"}],"replies":[{"embeddable":true,"href":"https:\/\/kem-europe.eu\/de\/wp-json\/wp\/v2\/comments?post=3478"}],"wp:featuredmedia":[{"embeddable":true,"href":"https:\/\/kem-europe.eu\/de\/wp-json\/wp\/v2\/media\/3540"}],"wp:attachment":[{"href":"https:\/\/kem-europe.eu\/de\/wp-json\/wp\/v2\/media?parent=3478"}],"wp:term":[{"taxonomy":"product_brand","embeddable":true,"href":"https:\/\/kem-europe.eu\/de\/wp-json\/wp\/v2\/product_brand?post=3478"},{"taxonomy":"product_cat","embeddable":true,"href":"https:\/\/kem-europe.eu\/de\/wp-json\/wp\/v2\/product_cat?post=3478"},{"taxonomy":"product_tag","embeddable":true,"href":"https:\/\/kem-europe.eu\/de\/wp-json\/wp\/v2\/product_tag?post=3478"}],"curies":[{"name":"wp","href":"https:\/\/api.w.org\/{rel}","templated":true}]}}