{"id":3479,"date":"2025-02-27T09:00:56","date_gmt":"2025-02-27T09:00:56","guid":{"rendered":"https:\/\/kem-europe.eu\/?post_type=product&#038;p=3479"},"modified":"2025-06-16T13:12:34","modified_gmt":"2025-06-16T13:12:34","slug":"distar-kuehlgel-zum-bohren-250ml","status":"publish","type":"product","link":"https:\/\/kem-europe.eu\/de\/product\/distar-coolgel-voor-het-boren-250ml\/","title":{"rendered":"DiStar CoolGEL zum Bohren - 250ml"},"content":{"rendered":"<p><strong>Eigenschaften DiStar CoolGEL zum Bohren - 250ml<\/strong><\/p>\n<p>\u2705\u00a0<strong>Keine Unordnung<\/strong>\u00a0- Das CoolGEL absorbiert und bindet das Bohrgut w\u00e4hrend des Bohrens und sorgt so f\u00fcr einen sauberen Arbeitsplatz ohne Staub und Schmutzwasser.<\/p>\n<p>\u2705\u00a0<strong>Effiziente K\u00fchlung<\/strong>\u00a0- Das Gel k\u00fchlt die Bohrkrone so effektiv wie Wasser, erh\u00f6ht die Bohrgeschwindigkeit und verl\u00e4ngert die Lebensdauer der Bohrkrone.<\/p>\n<p>\u2705\u00a0<strong>Leicht zu<\/strong>\u00a0<strong>Reinigung<\/strong>\u00a0- Nach dem Bohren m\u00fcssen Sie nur die Bohrstelle mit Papier abwischen, damit alles sauber und trocken ist.<\/p>\n<p>\u2705\u00a0<strong>Vielseitig<\/strong>\u00a0- Die dicke Konsistenz des Gels macht es sowohl auf horizontalen als auch auf vertikalen Fl\u00e4chen verwendbar.<\/p>\n<p>\u2705\u00a0<strong>Perfekt f\u00fcr kleinere Bohrarbeiten<\/strong>\u00a0- Am effektivsten ist es bei Bohrern mit einem Durchmesser von bis zu 35 mm.<\/p>\n<p>\u2705\u00a0<strong>Wirtschaft<\/strong>\u00a0- Eine 250-ml-Packung reicht f\u00fcr etwa 20-25 L\u00f6cher und ist damit eine wirtschaftliche Wahl f\u00fcr Ihre Bohrarbeiten.<\/p>\n<p>\u2705\u00a0<strong>Sicher f\u00fcr die Gesundheit<\/strong>\u00a0- Der Hauptbestandteil ist Wasser, und das Gel ist sicher, auch wenn es mit der menschlichen Haut in Ber\u00fchrung kommt. Es birgt also keine gesundheitlichen Risiken bei der Anwendung.<\/p>\n<p><strong>Technische Daten<\/strong><\/p>\n<ul>\n<li>Inhalt - 250ml<\/li>\n<li>Marke - Mechanic von DiStar<\/li>\n<\/ul>\n<p><strong>Umfang der Lieferung<\/strong><\/p>\n<ul>\n<li>DiStar CoolGEL zum Bohren - 250ml<\/li>\n<\/ul>","protected":false},"excerpt":{"rendered":"<p>\u2705 Keine Unordnung<br \/>\n\u2705 Effiziente K\u00fchlung<br \/>\n\u2705 Leicht zu reinigen<br \/>\n\u2705 Vielseitig<br \/>\n\u2705 Perfekt f\u00fcr kleinere Bohrarbeiten<br \/>\n\u2705 Wirtschaftlich<br \/>\n\u2705 Sicher f\u00fcr die Gesundheit<\/p>","protected":false},"featured_media":3546,"comment_status":"closed","ping_status":"closed","template":"","meta":[],"product_brand":[623],"product_cat":[24],"product_tag":[],"class_list":{"0":"post-3479","1":"product","2":"type-product","3":"status-publish","4":"has-post-thumbnail","6":"product_brand-distar","7":"product_cat-toebehoren","9":"first","10":"instock","11":"shipping-taxable","12":"product-type-simple"},"ct_brands":[{"id":623,"name":"DISTAR","slug":"distar"}],"yoast_head":"<!-- This site is optimized with the Yoast SEO plugin v27.3 - https:\/\/yoast.com\/product\/yoast-seo-wordpress\/ -->\n<title>DiStar CoolGEL voor het boren \u2013 250ml - KEM Europe<\/title>\n<meta name=\"robots\" content=\"index, follow, max-snippet:-1, max-image-preview:large, max-video-preview:-1\" \/>\n<link rel=\"canonical\" href=\"https:\/\/kem-europe.eu\/de\/produkt\/distar-kuehlgel-zum-bohren-250ml\/\" \/>\n<meta property=\"og:locale\" content=\"de_DE\" \/>\n<meta property=\"og:type\" content=\"article\" \/>\n<meta property=\"og:title\" content=\"DiStar CoolGEL voor het boren \u2013 250ml - KEM Europe\" \/>\n<meta property=\"og:description\" content=\"\u2705 Geen rommel \u2705 Effici\u00ebnte koeling \u2705 Makkelijk te reinigen \u2705 Veelzijdig \u2705 Perfect voor kleinere boortaken \u2705 Economisch \u2705 Veilig voor de gezondheid\" \/>\n<meta property=\"og:url\" content=\"https:\/\/kem-europe.eu\/de\/produkt\/distar-kuehlgel-zum-bohren-250ml\/\" \/>\n<meta property=\"og:site_name\" content=\"KEM Europe\" \/>\n<meta property=\"article:modified_time\" content=\"2025-06-16T13:12:34+00:00\" \/>\n<meta property=\"og:image\" content=\"https:\/\/kem-europe.eu\/wp-content\/uploads\/2025\/02\/DiStar-CoolGEL-voor-het-boren-250ml.jpg\" \/>\n\t<meta property=\"og:image:width\" content=\"700\" \/>\n\t<meta property=\"og:image:height\" content=\"700\" \/>\n\t<meta property=\"og:image:type\" content=\"image\/jpeg\" \/>\n<meta name=\"twitter:card\" content=\"summary_large_image\" \/>\n<meta name=\"twitter:label1\" content=\"Gesch\u00e4tzte Lesezeit\" \/>\n\t<meta name=\"twitter:data1\" content=\"2\u00a0Minuten\" \/>\n<script type=\"application\/ld+json\" class=\"yoast-schema-graph\">{\"@context\":\"https:\\\/\\\/schema.org\",\"@graph\":[{\"@type\":\"WebPage\",\"@id\":\"https:\\\/\\\/kem-europe.eu\\\/product\\\/distar-coolgel-voor-het-boren-250ml\\\/\",\"url\":\"https:\\\/\\\/kem-europe.eu\\\/product\\\/distar-coolgel-voor-het-boren-250ml\\\/\",\"name\":\"DiStar CoolGEL voor het boren \u2013 250ml - KEM Europe\",\"isPartOf\":{\"@id\":\"https:\\\/\\\/kem-europe.eu\\\/#website\"},\"primaryImageOfPage\":{\"@id\":\"https:\\\/\\\/kem-europe.eu\\\/product\\\/distar-coolgel-voor-het-boren-250ml\\\/#primaryimage\"},\"image\":{\"@id\":\"https:\\\/\\\/kem-europe.eu\\\/product\\\/distar-coolgel-voor-het-boren-250ml\\\/#primaryimage\"},\"thumbnailUrl\":\"https:\\\/\\\/kem-europe.eu\\\/wp-content\\\/uploads\\\/2025\\\/02\\\/DiStar-CoolGEL-voor-het-boren-250ml.jpg\",\"datePublished\":\"2025-02-27T09:00:56+00:00\",\"dateModified\":\"2025-06-16T13:12:34+00:00\",\"breadcrumb\":{\"@id\":\"https:\\\/\\\/kem-europe.eu\\\/product\\\/distar-coolgel-voor-het-boren-250ml\\\/#breadcrumb\"},\"inLanguage\":\"de\",\"potentialAction\":[{\"@type\":\"ReadAction\",\"target\":[\"https:\\\/\\\/kem-europe.eu\\\/product\\\/distar-coolgel-voor-het-boren-250ml\\\/\"]}]},{\"@type\":\"ImageObject\",\"inLanguage\":\"de\",\"@id\":\"https:\\\/\\\/kem-europe.eu\\\/product\\\/distar-coolgel-voor-het-boren-250ml\\\/#primaryimage\",\"url\":\"https:\\\/\\\/kem-europe.eu\\\/wp-content\\\/uploads\\\/2025\\\/02\\\/DiStar-CoolGEL-voor-het-boren-250ml.jpg\",\"contentUrl\":\"https:\\\/\\\/kem-europe.eu\\\/wp-content\\\/uploads\\\/2025\\\/02\\\/DiStar-CoolGEL-voor-het-boren-250ml.jpg\",\"width\":700,\"height\":700},{\"@type\":\"BreadcrumbList\",\"@id\":\"https:\\\/\\\/kem-europe.eu\\\/product\\\/distar-coolgel-voor-het-boren-250ml\\\/#breadcrumb\",\"itemListElement\":[{\"@type\":\"ListItem\",\"position\":1,\"name\":\"Home\",\"item\":\"https:\\\/\\\/kem-europe.eu\\\/\"},{\"@type\":\"ListItem\",\"position\":2,\"name\":\"Winkel\",\"item\":\"https:\\\/\\\/kem-europe.eu\\\/winkel\\\/\"},{\"@type\":\"ListItem\",\"position\":3,\"name\":\"DiStar CoolGEL voor het boren \u2013 250ml\"}]},{\"@type\":\"WebSite\",\"@id\":\"https:\\\/\\\/kem-europe.eu\\\/#website\",\"url\":\"https:\\\/\\\/kem-europe.eu\\\/\",\"name\":\"KEM Europe\",\"description\":\"\",\"publisher\":{\"@id\":\"https:\\\/\\\/kem-europe.eu\\\/#organization\"},\"potentialAction\":[{\"@type\":\"SearchAction\",\"target\":{\"@type\":\"EntryPoint\",\"urlTemplate\":\"https:\\\/\\\/kem-europe.eu\\\/?s={search_term_string}\"},\"query-input\":{\"@type\":\"PropertyValueSpecification\",\"valueRequired\":true,\"valueName\":\"search_term_string\"}}],\"inLanguage\":\"de\"},{\"@type\":\"Organization\",\"@id\":\"https:\\\/\\\/kem-europe.eu\\\/#organization\",\"name\":\"KEM Europe\",\"url\":\"https:\\\/\\\/kem-europe.eu\\\/\",\"logo\":{\"@type\":\"ImageObject\",\"inLanguage\":\"de\",\"@id\":\"https:\\\/\\\/kem-europe.eu\\\/#\\\/schema\\\/logo\\\/image\\\/\",\"url\":\"https:\\\/\\\/kem-europe.eu\\\/wp-content\\\/uploads\\\/2025\\\/02\\\/KEM2019-BLACK-1500W.png\",\"contentUrl\":\"https:\\\/\\\/kem-europe.eu\\\/wp-content\\\/uploads\\\/2025\\\/02\\\/KEM2019-BLACK-1500W.png\",\"width\":1500,\"height\":626,\"caption\":\"KEM Europe\"},\"image\":{\"@id\":\"https:\\\/\\\/kem-europe.eu\\\/#\\\/schema\\\/logo\\\/image\\\/\"}}]}<\/script>\n<!-- \/ Yoast SEO plugin. -->","yoast_head_json":{"title":"DiStar CoolGEL zum Bohren - 250ml - KEM Europe","robots":{"index":"index","follow":"follow","max-snippet":"max-snippet:-1","max-image-preview":"max-image-preview:large","max-video-preview":"max-video-preview:-1"},"canonical":"https:\/\/kem-europe.eu\/de\/produkt\/distar-kuehlgel-zum-bohren-250ml\/","og_locale":"de_DE","og_type":"article","og_title":"DiStar CoolGEL voor het boren \u2013 250ml - KEM Europe","og_description":"\u2705 Geen rommel \u2705 Effici\u00ebnte koeling \u2705 Makkelijk te reinigen \u2705 Veelzijdig \u2705 Perfect voor kleinere boortaken \u2705 Economisch \u2705 Veilig voor de gezondheid","og_url":"https:\/\/kem-europe.eu\/de\/produkt\/distar-kuehlgel-zum-bohren-250ml\/","og_site_name":"KEM Europe","article_modified_time":"2025-06-16T13:12:34+00:00","og_image":[{"width":700,"height":700,"url":"https:\/\/kem-europe.eu\/wp-content\/uploads\/2025\/02\/DiStar-CoolGEL-voor-het-boren-250ml.jpg","type":"image\/jpeg"}],"twitter_card":"summary_large_image","twitter_misc":{"Gesch\u00e4tzte Lesezeit":"2\u00a0Minuten"},"schema":{"@context":"https:\/\/schema.org","@graph":[{"@type":"WebPage","@id":"https:\/\/kem-europe.eu\/product\/distar-coolgel-voor-het-boren-250ml\/","url":"https:\/\/kem-europe.eu\/product\/distar-coolgel-voor-het-boren-250ml\/","name":"DiStar CoolGEL zum Bohren - 250ml - KEM Europe","isPartOf":{"@id":"https:\/\/kem-europe.eu\/#website"},"primaryImageOfPage":{"@id":"https:\/\/kem-europe.eu\/product\/distar-coolgel-voor-het-boren-250ml\/#primaryimage"},"image":{"@id":"https:\/\/kem-europe.eu\/product\/distar-coolgel-voor-het-boren-250ml\/#primaryimage"},"thumbnailUrl":"https:\/\/kem-europe.eu\/wp-content\/uploads\/2025\/02\/DiStar-CoolGEL-voor-het-boren-250ml.jpg","datePublished":"2025-02-27T09:00:56+00:00","dateModified":"2025-06-16T13:12:34+00:00","breadcrumb":{"@id":"https:\/\/kem-europe.eu\/product\/distar-coolgel-voor-het-boren-250ml\/#breadcrumb"},"inLanguage":"de","potentialAction":[{"@type":"ReadAction","target":["https:\/\/kem-europe.eu\/product\/distar-coolgel-voor-het-boren-250ml\/"]}]},{"@type":"ImageObject","inLanguage":"de","@id":"https:\/\/kem-europe.eu\/product\/distar-coolgel-voor-het-boren-250ml\/#primaryimage","url":"https:\/\/kem-europe.eu\/wp-content\/uploads\/2025\/02\/DiStar-CoolGEL-voor-het-boren-250ml.jpg","contentUrl":"https:\/\/kem-europe.eu\/wp-content\/uploads\/2025\/02\/DiStar-CoolGEL-voor-het-boren-250ml.jpg","width":700,"height":700},{"@type":"BreadcrumbList","@id":"https:\/\/kem-europe.eu\/product\/distar-coolgel-voor-het-boren-250ml\/#breadcrumb","itemListElement":[{"@type":"ListItem","position":1,"name":"Home","item":"https:\/\/kem-europe.eu\/"},{"@type":"ListItem","position":2,"name":"Winkel","item":"https:\/\/kem-europe.eu\/winkel\/"},{"@type":"ListItem","position":3,"name":"DiStar CoolGEL voor het boren \u2013 250ml"}]},{"@type":"WebSite","@id":"https:\/\/kem-europe.eu\/#website","url":"https:\/\/kem-europe.eu\/","name":"KEM Europe","description":"","publisher":{"@id":"https:\/\/kem-europe.eu\/#organization"},"potentialAction":[{"@type":"SearchAction","target":{"@type":"EntryPoint","urlTemplate":"https:\/\/kem-europe.eu\/?s={search_term_string}"},"query-input":{"@type":"PropertyValueSpecification","valueRequired":true,"valueName":"search_term_string"}}],"inLanguage":"de"},{"@type":"Organization","@id":"https:\/\/kem-europe.eu\/#organization","name":"KEM Europe","url":"https:\/\/kem-europe.eu\/","logo":{"@type":"ImageObject","inLanguage":"de","@id":"https:\/\/kem-europe.eu\/#\/schema\/logo\/image\/","url":"https:\/\/kem-europe.eu\/wp-content\/uploads\/2025\/02\/KEM2019-BLACK-1500W.png","contentUrl":"https:\/\/kem-europe.eu\/wp-content\/uploads\/2025\/02\/KEM2019-BLACK-1500W.png","width":1500,"height":626,"caption":"KEM Europe"},"image":{"@id":"https:\/\/kem-europe.eu\/#\/schema\/logo\/image\/"}}]}},"_links":{"self":[{"href":"https:\/\/kem-europe.eu\/de\/wp-json\/wp\/v2\/product\/3479","targetHints":{"allow":["GET"]}}],"collection":[{"href":"https:\/\/kem-europe.eu\/de\/wp-json\/wp\/v2\/product"}],"about":[{"href":"https:\/\/kem-europe.eu\/de\/wp-json\/wp\/v2\/types\/product"}],"replies":[{"embeddable":true,"href":"https:\/\/kem-europe.eu\/de\/wp-json\/wp\/v2\/comments?post=3479"}],"wp:featuredmedia":[{"embeddable":true,"href":"https:\/\/kem-europe.eu\/de\/wp-json\/wp\/v2\/media\/3546"}],"wp:attachment":[{"href":"https:\/\/kem-europe.eu\/de\/wp-json\/wp\/v2\/media?parent=3479"}],"wp:term":[{"taxonomy":"product_brand","embeddable":true,"href":"https:\/\/kem-europe.eu\/de\/wp-json\/wp\/v2\/product_brand?post=3479"},{"taxonomy":"product_cat","embeddable":true,"href":"https:\/\/kem-europe.eu\/de\/wp-json\/wp\/v2\/product_cat?post=3479"},{"taxonomy":"product_tag","embeddable":true,"href":"https:\/\/kem-europe.eu\/de\/wp-json\/wp\/v2\/product_tag?post=3479"}],"curies":[{"name":"wp","href":"https:\/\/api.w.org\/{rel}","templated":true}]}}