{"id":3480,"date":"2025-02-27T09:00:56","date_gmt":"2025-02-27T09:00:56","guid":{"rendered":"https:\/\/kem-europe.eu\/?post_type=product&#038;p=3480"},"modified":"2025-06-16T13:53:30","modified_gmt":"2025-06-16T13:53:30","slug":"distar-mechanic-homeduster-40-staubschutz","status":"publish","type":"product","link":"https:\/\/kem-europe.eu\/de\/product\/distar-mechanic-homeduster-40-stofkap\/","title":{"rendered":"DiStar Mechanic HOMEDUSTER 40 Staubschutzhaube"},"content":{"rendered":"<p><strong>Eigenschaften DiStar Mechanic HOMEDUSTER 40 Staubkappe<\/strong><\/p>\n<p>Dies sind nur einige der vielen Vorteile, die der Mechanic HomeDuster 40 von DiStar bietet und die ihn zu einer wertvollen und praktischen Erg\u00e4nzung f\u00fcr Ihren Betrieb machen:<\/p>\n<p><strong>\u2705 Effektive Staubentfernung<\/strong>\u00a0- Der Mechanic HomeDuster 40 f\u00e4ngt nicht nur Feinstaub, sondern auch gr\u00f6\u00dfere Partikel w\u00e4hrend des Bohrvorgangs effektiv auf.<\/p>\n<p><img loading=\"lazy\" decoding=\"async\" class=\"alignnone wp-image-418388\" src=\"https:\/\/bjctools.nl\/wp-content\/uploads\/2023\/09\/HomeDUSTER-2.gif\" sizes=\"auto, (max-width: 600px) 100vw, 600px\" srcset=\"https:\/\/bjctools.nl\/wp-content\/uploads\/2023\/09\/HomeDUSTER-2.gif 600w, https:\/\/bjctools.nl\/wp-content\/uploads\/2023\/09\/HomeDUSTER-2-400x225.gif 400w, https:\/\/bjctools.nl\/wp-content\/uploads\/2023\/09\/HomeDUSTER-2-546x308.gif 546w\" alt=\"DiStar Mechanic HOMEDUSTER 40 Staubkappe GIF1\" width=\"600\" height=\"338\" \/><\/p>\n<p><strong>\u2705 Leichtgewicht<\/strong>\u00a0- Mit einem Gewicht von nur 60 Gramm gew\u00e4hrleistet dieses Ger\u00e4t eine einfache Handhabung ohne zus\u00e4tzliche Belastung. Dies macht es zu einer idealen Wahl f\u00fcr l\u00e4ngere Bohrungen ohne Erm\u00fcdung.<\/p>\n<p><strong>\u2705 Nachhaltig<\/strong>\u00a0- Der HomeDuster ist aus strapazierf\u00e4higem Kunststoff gefertigt, verschlei\u00dffest und wird nicht so leicht besch\u00e4digt, was ihn zu einer dauerhaften Erg\u00e4nzung Ihres Werkzeugkastens macht.<\/p>\n<p><strong>\u2705 Staubsaugen\u00a0<\/strong>- Saugt Vakuum, das die Staubschutzhaube an der Wand befestigt h\u00e4lt!<\/p>\n<p><img loading=\"lazy\" decoding=\"async\" class=\"alignnone wp-image-418387\" src=\"https:\/\/bjctools.nl\/wp-content\/uploads\/2023\/09\/HomeDUSTER-1.gif\" sizes=\"auto, (max-width: 600px) 100vw, 600px\" srcset=\"https:\/\/bjctools.nl\/wp-content\/uploads\/2023\/09\/HomeDUSTER-1.gif 600w, https:\/\/bjctools.nl\/wp-content\/uploads\/2023\/09\/HomeDUSTER-1-400x225.gif 400w, https:\/\/bjctools.nl\/wp-content\/uploads\/2023\/09\/HomeDUSTER-1-546x308.gif 546w\" alt=\"DiStar Mechanic HOMEDUSTER 40 Staubkappe GIF2\" width=\"600\" height=\"338\" \/><\/p>\n<p><strong>\u2705<\/strong>\u00a0<strong>Genaue Bohrf\u00fchrung<\/strong>\u00a0- Der verspiegelte Ring in der Staubschutzhaube hilft Ihnen, den Bohrer pr\u00e4zise im 90-Grad-Winkel zu positionieren, so dass Sie pr\u00e4zise und sauber bohren k\u00f6nnen.<\/p>\n<p><strong>\u2705<\/strong>\u00a0<strong>Vielseitige Montage<\/strong>\u00a0- Die Halterung des Staubsaugers besteht aus elastischem Gummi und passt auf jedes Staubsaugerrohr mit einem Durchmesser von 32 bis 39 mm, wodurch eine breite Kompatibilit\u00e4t gegeben ist.<\/p>\n<p><strong>\u2705<\/strong>\u00a0<strong>Breiter Bohrbereich<\/strong>\u00a0- Die Staubkappe ist f\u00fcr Bohrdurchmesser bis zu 20 mm geeignet!<\/p>\n<p><img loading=\"lazy\" decoding=\"async\" class=\"alignnone wp-image-418389\" src=\"https:\/\/bjctools.nl\/wp-content\/uploads\/2023\/09\/HomeDUSTER-3.gif\" sizes=\"auto, (max-width: 600px) 100vw, 600px\" srcset=\"https:\/\/bjctools.nl\/wp-content\/uploads\/2023\/09\/HomeDUSTER-3.gif 600w, https:\/\/bjctools.nl\/wp-content\/uploads\/2023\/09\/HomeDUSTER-3-400x225.gif 400w, https:\/\/bjctools.nl\/wp-content\/uploads\/2023\/09\/HomeDUSTER-3-546x308.gif 546w\" alt=\"DiStar Mechanic HOMEDUSTER 40 Staubkappe GIF3\" width=\"600\" height=\"338\" \/><\/p>\n<hr \/>\n<p><strong>Technische Daten<\/strong><\/p>\n<ul>\n<li>Kapazit\u00e4t - bis zu 20 mm<\/li>\n<li>Material - Hartplastik<\/li>\n<li>Gewicht - 60 Gramm<\/li>\n<li>Marke - Mechanic von Di-Star<\/li>\n<\/ul>\n<p><strong>Umfang der Lieferung<\/strong><\/p>\n<ul>\n<li>DiStar Mechanic HOMEDUSTER 40 Staubschutzhaube<\/li>\n<\/ul>","protected":false},"excerpt":{"rendered":"<p><strong>\u2705<\/strong>\u00a0Effektive Entfernung von Staub und gro\u00dfen Partikeln<br \/>\n<strong>\u2705\u00a0<\/strong>Leichtes Gewicht, nur 60 Gramm<br \/>\n<strong>\u2705<\/strong>\u00a0Langlebiger Kunststoff<br \/>\n<strong>\u2705<\/strong>\u00a0Spiegelf\u00fchrung, genaues Bohren im 90 Grad Winkel<br \/>\n<strong>\u2705<\/strong>\u00a0Gro\u00dfer Bohrdurchmesser bis zu 20 mm<\/p>","protected":false},"featured_media":3550,"comment_status":"closed","ping_status":"closed","template":"","meta":[],"product_brand":[623],"product_cat":[24],"product_tag":[],"class_list":{"0":"post-3480","1":"product","2":"type-product","3":"status-publish","4":"has-post-thumbnail","6":"product_brand-distar","7":"product_cat-toebehoren","9":"first","10":"instock","11":"shipping-taxable","12":"product-type-simple"},"ct_brands":[{"id":623,"name":"DISTAR","slug":"distar"}],"yoast_head":"<!-- This site is optimized with the Yoast SEO plugin v27.3 - https:\/\/yoast.com\/product\/yoast-seo-wordpress\/ -->\n<title>DiStar Mechanic HOMEDUSTER 40 Stofkap - KEM Europe<\/title>\n<meta name=\"robots\" content=\"index, follow, max-snippet:-1, max-image-preview:large, max-video-preview:-1\" \/>\n<link rel=\"canonical\" href=\"https:\/\/kem-europe.eu\/de\/produkt\/distar-mechanic-homeduster-40-staubschutz\/\" \/>\n<meta property=\"og:locale\" content=\"de_DE\" \/>\n<meta property=\"og:type\" content=\"article\" \/>\n<meta property=\"og:title\" content=\"DiStar Mechanic HOMEDUSTER 40 Stofkap - KEM Europe\" \/>\n<meta property=\"og:description\" content=\"\u2705\u00a0Effectieve verwijdering van stof en grote deeltjes \u2705\u00a0Lichtgewicht, slechts 60 gram \u2705\u00a0Duurzaam kunststof \u2705\u00a0Spiegelgids, nauwkeurig boren onder 90 graden \u2705\u00a0Brede boordiameter tot 20 mm\" \/>\n<meta property=\"og:url\" content=\"https:\/\/kem-europe.eu\/de\/produkt\/distar-mechanic-homeduster-40-staubschutz\/\" \/>\n<meta property=\"og:site_name\" content=\"KEM Europe\" \/>\n<meta property=\"article:modified_time\" content=\"2025-06-16T13:53:30+00:00\" \/>\n<meta property=\"og:image\" content=\"https:\/\/kem-europe.eu\/wp-content\/uploads\/2025\/02\/DiStar-Mechanic-HOMEDUSTER-40-Stofkap.jpg\" \/>\n\t<meta property=\"og:image:width\" content=\"700\" \/>\n\t<meta property=\"og:image:height\" content=\"700\" \/>\n\t<meta property=\"og:image:type\" content=\"image\/jpeg\" \/>\n<meta name=\"twitter:card\" content=\"summary_large_image\" \/>\n<meta name=\"twitter:label1\" content=\"Gesch\u00e4tzte Lesezeit\" \/>\n\t<meta name=\"twitter:data1\" content=\"2\u00a0Minuten\" \/>\n<script type=\"application\/ld+json\" class=\"yoast-schema-graph\">{\"@context\":\"https:\\\/\\\/schema.org\",\"@graph\":[{\"@type\":\"WebPage\",\"@id\":\"https:\\\/\\\/kem-europe.eu\\\/product\\\/distar-mechanic-homeduster-40-stofkap\\\/\",\"url\":\"https:\\\/\\\/kem-europe.eu\\\/product\\\/distar-mechanic-homeduster-40-stofkap\\\/\",\"name\":\"DiStar Mechanic HOMEDUSTER 40 Stofkap - KEM Europe\",\"isPartOf\":{\"@id\":\"https:\\\/\\\/kem-europe.eu\\\/#website\"},\"primaryImageOfPage\":{\"@id\":\"https:\\\/\\\/kem-europe.eu\\\/product\\\/distar-mechanic-homeduster-40-stofkap\\\/#primaryimage\"},\"image\":{\"@id\":\"https:\\\/\\\/kem-europe.eu\\\/product\\\/distar-mechanic-homeduster-40-stofkap\\\/#primaryimage\"},\"thumbnailUrl\":\"https:\\\/\\\/kem-europe.eu\\\/wp-content\\\/uploads\\\/2025\\\/02\\\/DiStar-Mechanic-HOMEDUSTER-40-Stofkap.jpg\",\"datePublished\":\"2025-02-27T09:00:56+00:00\",\"dateModified\":\"2025-06-16T13:53:30+00:00\",\"breadcrumb\":{\"@id\":\"https:\\\/\\\/kem-europe.eu\\\/product\\\/distar-mechanic-homeduster-40-stofkap\\\/#breadcrumb\"},\"inLanguage\":\"de\",\"potentialAction\":[{\"@type\":\"ReadAction\",\"target\":[\"https:\\\/\\\/kem-europe.eu\\\/product\\\/distar-mechanic-homeduster-40-stofkap\\\/\"]}]},{\"@type\":\"ImageObject\",\"inLanguage\":\"de\",\"@id\":\"https:\\\/\\\/kem-europe.eu\\\/product\\\/distar-mechanic-homeduster-40-stofkap\\\/#primaryimage\",\"url\":\"https:\\\/\\\/kem-europe.eu\\\/wp-content\\\/uploads\\\/2025\\\/02\\\/DiStar-Mechanic-HOMEDUSTER-40-Stofkap.jpg\",\"contentUrl\":\"https:\\\/\\\/kem-europe.eu\\\/wp-content\\\/uploads\\\/2025\\\/02\\\/DiStar-Mechanic-HOMEDUSTER-40-Stofkap.jpg\",\"width\":700,\"height\":700},{\"@type\":\"BreadcrumbList\",\"@id\":\"https:\\\/\\\/kem-europe.eu\\\/product\\\/distar-mechanic-homeduster-40-stofkap\\\/#breadcrumb\",\"itemListElement\":[{\"@type\":\"ListItem\",\"position\":1,\"name\":\"Home\",\"item\":\"https:\\\/\\\/kem-europe.eu\\\/\"},{\"@type\":\"ListItem\",\"position\":2,\"name\":\"Winkel\",\"item\":\"https:\\\/\\\/kem-europe.eu\\\/winkel\\\/\"},{\"@type\":\"ListItem\",\"position\":3,\"name\":\"DiStar Mechanic HOMEDUSTER 40 Stofkap\"}]},{\"@type\":\"WebSite\",\"@id\":\"https:\\\/\\\/kem-europe.eu\\\/#website\",\"url\":\"https:\\\/\\\/kem-europe.eu\\\/\",\"name\":\"KEM Europe\",\"description\":\"\",\"publisher\":{\"@id\":\"https:\\\/\\\/kem-europe.eu\\\/#organization\"},\"potentialAction\":[{\"@type\":\"SearchAction\",\"target\":{\"@type\":\"EntryPoint\",\"urlTemplate\":\"https:\\\/\\\/kem-europe.eu\\\/?s={search_term_string}\"},\"query-input\":{\"@type\":\"PropertyValueSpecification\",\"valueRequired\":true,\"valueName\":\"search_term_string\"}}],\"inLanguage\":\"de\"},{\"@type\":\"Organization\",\"@id\":\"https:\\\/\\\/kem-europe.eu\\\/#organization\",\"name\":\"KEM Europe\",\"url\":\"https:\\\/\\\/kem-europe.eu\\\/\",\"logo\":{\"@type\":\"ImageObject\",\"inLanguage\":\"de\",\"@id\":\"https:\\\/\\\/kem-europe.eu\\\/#\\\/schema\\\/logo\\\/image\\\/\",\"url\":\"https:\\\/\\\/kem-europe.eu\\\/wp-content\\\/uploads\\\/2025\\\/02\\\/KEM2019-BLACK-1500W.png\",\"contentUrl\":\"https:\\\/\\\/kem-europe.eu\\\/wp-content\\\/uploads\\\/2025\\\/02\\\/KEM2019-BLACK-1500W.png\",\"width\":1500,\"height\":626,\"caption\":\"KEM Europe\"},\"image\":{\"@id\":\"https:\\\/\\\/kem-europe.eu\\\/#\\\/schema\\\/logo\\\/image\\\/\"}}]}<\/script>\n<!-- \/ Yoast SEO plugin. -->","yoast_head_json":{"title":"DiStar Mechanic HOMEDUSTER 40 Staubschutzhaube - KEM Europe","robots":{"index":"index","follow":"follow","max-snippet":"max-snippet:-1","max-image-preview":"max-image-preview:large","max-video-preview":"max-video-preview:-1"},"canonical":"https:\/\/kem-europe.eu\/de\/produkt\/distar-mechanic-homeduster-40-staubschutz\/","og_locale":"de_DE","og_type":"article","og_title":"DiStar Mechanic HOMEDUSTER 40 Stofkap - KEM Europe","og_description":"\u2705\u00a0Effectieve verwijdering van stof en grote deeltjes \u2705\u00a0Lichtgewicht, slechts 60 gram \u2705\u00a0Duurzaam kunststof \u2705\u00a0Spiegelgids, nauwkeurig boren onder 90 graden \u2705\u00a0Brede boordiameter tot 20 mm","og_url":"https:\/\/kem-europe.eu\/de\/produkt\/distar-mechanic-homeduster-40-staubschutz\/","og_site_name":"KEM Europe","article_modified_time":"2025-06-16T13:53:30+00:00","og_image":[{"width":700,"height":700,"url":"https:\/\/kem-europe.eu\/wp-content\/uploads\/2025\/02\/DiStar-Mechanic-HOMEDUSTER-40-Stofkap.jpg","type":"image\/jpeg"}],"twitter_card":"summary_large_image","twitter_misc":{"Gesch\u00e4tzte Lesezeit":"2\u00a0Minuten"},"schema":{"@context":"https:\/\/schema.org","@graph":[{"@type":"WebPage","@id":"https:\/\/kem-europe.eu\/product\/distar-mechanic-homeduster-40-stofkap\/","url":"https:\/\/kem-europe.eu\/product\/distar-mechanic-homeduster-40-stofkap\/","name":"DiStar Mechanic HOMEDUSTER 40 Staubschutzhaube - KEM Europe","isPartOf":{"@id":"https:\/\/kem-europe.eu\/#website"},"primaryImageOfPage":{"@id":"https:\/\/kem-europe.eu\/product\/distar-mechanic-homeduster-40-stofkap\/#primaryimage"},"image":{"@id":"https:\/\/kem-europe.eu\/product\/distar-mechanic-homeduster-40-stofkap\/#primaryimage"},"thumbnailUrl":"https:\/\/kem-europe.eu\/wp-content\/uploads\/2025\/02\/DiStar-Mechanic-HOMEDUSTER-40-Stofkap.jpg","datePublished":"2025-02-27T09:00:56+00:00","dateModified":"2025-06-16T13:53:30+00:00","breadcrumb":{"@id":"https:\/\/kem-europe.eu\/product\/distar-mechanic-homeduster-40-stofkap\/#breadcrumb"},"inLanguage":"de","potentialAction":[{"@type":"ReadAction","target":["https:\/\/kem-europe.eu\/product\/distar-mechanic-homeduster-40-stofkap\/"]}]},{"@type":"ImageObject","inLanguage":"de","@id":"https:\/\/kem-europe.eu\/product\/distar-mechanic-homeduster-40-stofkap\/#primaryimage","url":"https:\/\/kem-europe.eu\/wp-content\/uploads\/2025\/02\/DiStar-Mechanic-HOMEDUSTER-40-Stofkap.jpg","contentUrl":"https:\/\/kem-europe.eu\/wp-content\/uploads\/2025\/02\/DiStar-Mechanic-HOMEDUSTER-40-Stofkap.jpg","width":700,"height":700},{"@type":"BreadcrumbList","@id":"https:\/\/kem-europe.eu\/product\/distar-mechanic-homeduster-40-stofkap\/#breadcrumb","itemListElement":[{"@type":"ListItem","position":1,"name":"Home","item":"https:\/\/kem-europe.eu\/"},{"@type":"ListItem","position":2,"name":"Winkel","item":"https:\/\/kem-europe.eu\/winkel\/"},{"@type":"ListItem","position":3,"name":"DiStar Mechanic HOMEDUSTER 40 Stofkap"}]},{"@type":"WebSite","@id":"https:\/\/kem-europe.eu\/#website","url":"https:\/\/kem-europe.eu\/","name":"KEM Europe","description":"","publisher":{"@id":"https:\/\/kem-europe.eu\/#organization"},"potentialAction":[{"@type":"SearchAction","target":{"@type":"EntryPoint","urlTemplate":"https:\/\/kem-europe.eu\/?s={search_term_string}"},"query-input":{"@type":"PropertyValueSpecification","valueRequired":true,"valueName":"search_term_string"}}],"inLanguage":"de"},{"@type":"Organization","@id":"https:\/\/kem-europe.eu\/#organization","name":"KEM Europe","url":"https:\/\/kem-europe.eu\/","logo":{"@type":"ImageObject","inLanguage":"de","@id":"https:\/\/kem-europe.eu\/#\/schema\/logo\/image\/","url":"https:\/\/kem-europe.eu\/wp-content\/uploads\/2025\/02\/KEM2019-BLACK-1500W.png","contentUrl":"https:\/\/kem-europe.eu\/wp-content\/uploads\/2025\/02\/KEM2019-BLACK-1500W.png","width":1500,"height":626,"caption":"KEM Europe"},"image":{"@id":"https:\/\/kem-europe.eu\/#\/schema\/logo\/image\/"}}]}},"_links":{"self":[{"href":"https:\/\/kem-europe.eu\/de\/wp-json\/wp\/v2\/product\/3480","targetHints":{"allow":["GET"]}}],"collection":[{"href":"https:\/\/kem-europe.eu\/de\/wp-json\/wp\/v2\/product"}],"about":[{"href":"https:\/\/kem-europe.eu\/de\/wp-json\/wp\/v2\/types\/product"}],"replies":[{"embeddable":true,"href":"https:\/\/kem-europe.eu\/de\/wp-json\/wp\/v2\/comments?post=3480"}],"wp:featuredmedia":[{"embeddable":true,"href":"https:\/\/kem-europe.eu\/de\/wp-json\/wp\/v2\/media\/3550"}],"wp:attachment":[{"href":"https:\/\/kem-europe.eu\/de\/wp-json\/wp\/v2\/media?parent=3480"}],"wp:term":[{"taxonomy":"product_brand","embeddable":true,"href":"https:\/\/kem-europe.eu\/de\/wp-json\/wp\/v2\/product_brand?post=3480"},{"taxonomy":"product_cat","embeddable":true,"href":"https:\/\/kem-europe.eu\/de\/wp-json\/wp\/v2\/product_cat?post=3480"},{"taxonomy":"product_tag","embeddable":true,"href":"https:\/\/kem-europe.eu\/de\/wp-json\/wp\/v2\/product_tag?post=3480"}],"curies":[{"name":"wp","href":"https:\/\/api.w.org\/{rel}","templated":true}]}}