{"id":3481,"date":"2025-02-27T09:00:56","date_gmt":"2025-02-27T09:00:56","guid":{"rendered":"https:\/\/kem-europe.eu\/?post_type=product&#038;p=3481"},"modified":"2025-06-16T14:03:31","modified_gmt":"2025-06-16T14:03:31","slug":"distar-mechanic-schleifstein-250x50x25mm","status":"publish","type":"product","link":"https:\/\/kem-europe.eu\/de\/product\/distar-mechanic-slijpsteen-250x50x25-mm\/","title":{"rendered":"DiStar Mechanic-Schleifstein - 250x50x25 mm"},"content":{"rendered":"<p><strong>Eigenschaften DiStar Mechanic Roller 115-125 - Staubabsaugung<\/strong><\/p>\n<p>Jedes Diamantblatt kann stumpf werden und seine Schneideigenschaften verlieren. Dies ist besonders h\u00e4ufig beim Schneiden von nicht abrasiven festen, z\u00e4hfl\u00fcssigen Materialien wie Porzellan, Marmor, nicht abrasiven Keramiken usw. der Fall. Die Diamantk\u00f6rner werden zerst\u00f6rt und fallen heraus, das bearbeitete Material bleibt an der Bindungsfl\u00e4che haften. Die Temperatur in der Kontaktstelle steigt, die Schnittqualit\u00e4t nimmt ab und die Scheibe bleibt stehen. Sie riskieren, Ihr Werkzeug zu besch\u00e4digen, weshalb die Klinge gesch\u00e4rft werden muss. Sch\u00e4rfen bedeutet, dass die Klinge mehrmals auf dem Schleifstein geschliffen wird.<\/p>\n<p>Der DiStar-Schleifstein ist perfekt zum Sch\u00e4rfen von Diamantklingen geeignet. Er kombiniert die Gr\u00f6\u00dfe und St\u00e4rke der Schleifk\u00f6rner, die speziell zum Sch\u00e4rfen des Diamantwerkzeugs aufgenommen wurden. Machen Sie dazu mehrere L\u00e4ngsschnitte mit der stumpfen diamanthaltigen Schicht. Mit der Klinge des Winkelschleifers werden Schnitte mit einer Tiefe von bis zu 5 mm ausgef\u00fchrt. Das Gleiche gilt f\u00fcr die Klinge des Fliesenschneiders mit einer Tiefe von bis zu 10 mm. Je stumpfer die Klinge ist, desto mehr Schnitte m\u00fcssen gemacht werden. Es sind 10-15 Schnitte erforderlich, um die Klinge wieder scharf zu machen.<\/p>\n<p>Die Gr\u00f6\u00dfe des Schleifsteins betr\u00e4gt 250x50x25 mm. Es wird empfohlen, die Stange beim Schneiden mit einem Winkelschleifer einzuspannen.<\/p>\n<p><strong>Technische Daten<\/strong><\/p>\n<ul>\n<li>Abmessungen - 250x50x25 mm<\/li>\n<li>Marke - Mechanic von Di-Star<\/li>\n<\/ul>\n<p><strong>Umfang der Lieferung<\/strong><\/p>\n<ul>\n<li>DiStar Mechanic-Schleifstein<\/li>\n<\/ul>","protected":false},"excerpt":{"rendered":"<div class=\"description woocommerce-product-details__short-description\">\n<p>Perfekt zum Sch\u00e4rfen von Diamantklingen!<\/p>\n<\/div>","protected":false},"featured_media":3555,"comment_status":"closed","ping_status":"closed","template":"","meta":[],"product_brand":[623],"product_cat":[24],"product_tag":[],"class_list":{"0":"post-3481","1":"product","2":"type-product","3":"status-publish","4":"has-post-thumbnail","6":"product_brand-distar","7":"product_cat-toebehoren","9":"first","10":"instock","11":"shipping-taxable","12":"product-type-simple"},"ct_brands":[{"id":623,"name":"DISTAR","slug":"distar"}],"yoast_head":"<!-- This site is optimized with the Yoast SEO plugin v27.4 - https:\/\/yoast.com\/product\/yoast-seo-wordpress\/ -->\n<title>DiStar Mechanic Slijpsteen \u2013 250x50x25 mm - KEM Europe<\/title>\n<meta name=\"robots\" content=\"index, follow, max-snippet:-1, max-image-preview:large, max-video-preview:-1\" \/>\n<link rel=\"canonical\" href=\"https:\/\/kem-europe.eu\/de\/produkt\/distar-mechanic-schleifstein-250x50x25mm\/\" \/>\n<meta property=\"og:locale\" content=\"de_DE\" \/>\n<meta property=\"og:type\" content=\"article\" \/>\n<meta property=\"og:title\" content=\"DiStar Mechanic Slijpsteen \u2013 250x50x25 mm - KEM Europe\" \/>\n<meta property=\"og:description\" content=\"Perfect voor het slijpen van diamantbladen!\" \/>\n<meta property=\"og:url\" content=\"https:\/\/kem-europe.eu\/de\/produkt\/distar-mechanic-schleifstein-250x50x25mm\/\" \/>\n<meta property=\"og:site_name\" content=\"KEM Europe\" \/>\n<meta property=\"article:modified_time\" content=\"2025-06-16T14:03:31+00:00\" \/>\n<meta property=\"og:image\" content=\"https:\/\/kem-europe.eu\/wp-content\/uploads\/2025\/02\/er1ipvu1f_24a494c8.jpg\" \/>\n\t<meta property=\"og:image:width\" content=\"700\" \/>\n\t<meta property=\"og:image:height\" content=\"700\" \/>\n\t<meta property=\"og:image:type\" content=\"image\/jpeg\" \/>\n<meta name=\"twitter:card\" content=\"summary_large_image\" \/>\n<meta name=\"twitter:label1\" content=\"Gesch\u00e4tzte Lesezeit\" \/>\n\t<meta name=\"twitter:data1\" content=\"2\u00a0Minuten\" \/>\n<script type=\"application\/ld+json\" class=\"yoast-schema-graph\">{\"@context\":\"https:\\\/\\\/schema.org\",\"@graph\":[{\"@type\":\"WebPage\",\"@id\":\"https:\\\/\\\/kem-europe.eu\\\/product\\\/distar-mechanic-slijpsteen-250x50x25-mm\\\/\",\"url\":\"https:\\\/\\\/kem-europe.eu\\\/product\\\/distar-mechanic-slijpsteen-250x50x25-mm\\\/\",\"name\":\"DiStar Mechanic Slijpsteen \u2013 250x50x25 mm - KEM Europe\",\"isPartOf\":{\"@id\":\"https:\\\/\\\/kem-europe.eu\\\/#website\"},\"primaryImageOfPage\":{\"@id\":\"https:\\\/\\\/kem-europe.eu\\\/product\\\/distar-mechanic-slijpsteen-250x50x25-mm\\\/#primaryimage\"},\"image\":{\"@id\":\"https:\\\/\\\/kem-europe.eu\\\/product\\\/distar-mechanic-slijpsteen-250x50x25-mm\\\/#primaryimage\"},\"thumbnailUrl\":\"https:\\\/\\\/kem-europe.eu\\\/wp-content\\\/uploads\\\/2025\\\/02\\\/er1ipvu1f_24a494c8.jpg\",\"datePublished\":\"2025-02-27T09:00:56+00:00\",\"dateModified\":\"2025-06-16T14:03:31+00:00\",\"breadcrumb\":{\"@id\":\"https:\\\/\\\/kem-europe.eu\\\/product\\\/distar-mechanic-slijpsteen-250x50x25-mm\\\/#breadcrumb\"},\"inLanguage\":\"de\",\"potentialAction\":[{\"@type\":\"ReadAction\",\"target\":[\"https:\\\/\\\/kem-europe.eu\\\/product\\\/distar-mechanic-slijpsteen-250x50x25-mm\\\/\"]}]},{\"@type\":\"ImageObject\",\"inLanguage\":\"de\",\"@id\":\"https:\\\/\\\/kem-europe.eu\\\/product\\\/distar-mechanic-slijpsteen-250x50x25-mm\\\/#primaryimage\",\"url\":\"https:\\\/\\\/kem-europe.eu\\\/wp-content\\\/uploads\\\/2025\\\/02\\\/er1ipvu1f_24a494c8.jpg\",\"contentUrl\":\"https:\\\/\\\/kem-europe.eu\\\/wp-content\\\/uploads\\\/2025\\\/02\\\/er1ipvu1f_24a494c8.jpg\",\"width\":700,\"height\":700},{\"@type\":\"BreadcrumbList\",\"@id\":\"https:\\\/\\\/kem-europe.eu\\\/product\\\/distar-mechanic-slijpsteen-250x50x25-mm\\\/#breadcrumb\",\"itemListElement\":[{\"@type\":\"ListItem\",\"position\":1,\"name\":\"Home\",\"item\":\"https:\\\/\\\/kem-europe.eu\\\/\"},{\"@type\":\"ListItem\",\"position\":2,\"name\":\"Winkel\",\"item\":\"https:\\\/\\\/kem-europe.eu\\\/winkel\\\/\"},{\"@type\":\"ListItem\",\"position\":3,\"name\":\"DiStar Mechanic Slijpsteen \u2013 250x50x25 mm\"}]},{\"@type\":\"WebSite\",\"@id\":\"https:\\\/\\\/kem-europe.eu\\\/#website\",\"url\":\"https:\\\/\\\/kem-europe.eu\\\/\",\"name\":\"KEM Europe\",\"description\":\"\",\"publisher\":{\"@id\":\"https:\\\/\\\/kem-europe.eu\\\/#organization\"},\"potentialAction\":[{\"@type\":\"SearchAction\",\"target\":{\"@type\":\"EntryPoint\",\"urlTemplate\":\"https:\\\/\\\/kem-europe.eu\\\/?s={search_term_string}\"},\"query-input\":{\"@type\":\"PropertyValueSpecification\",\"valueRequired\":true,\"valueName\":\"search_term_string\"}}],\"inLanguage\":\"de\"},{\"@type\":\"Organization\",\"@id\":\"https:\\\/\\\/kem-europe.eu\\\/#organization\",\"name\":\"KEM Europe\",\"url\":\"https:\\\/\\\/kem-europe.eu\\\/\",\"logo\":{\"@type\":\"ImageObject\",\"inLanguage\":\"de\",\"@id\":\"https:\\\/\\\/kem-europe.eu\\\/#\\\/schema\\\/logo\\\/image\\\/\",\"url\":\"https:\\\/\\\/kem-europe.eu\\\/wp-content\\\/uploads\\\/2025\\\/02\\\/KEM2019-BLACK-1500W.png\",\"contentUrl\":\"https:\\\/\\\/kem-europe.eu\\\/wp-content\\\/uploads\\\/2025\\\/02\\\/KEM2019-BLACK-1500W.png\",\"width\":1500,\"height\":626,\"caption\":\"KEM Europe\"},\"image\":{\"@id\":\"https:\\\/\\\/kem-europe.eu\\\/#\\\/schema\\\/logo\\\/image\\\/\"}}]}<\/script>\n<!-- \/ Yoast SEO plugin. -->","yoast_head_json":{"title":"DiStar Mechanic-Schleifstein - 250x50x25 mm - KEM Europe","robots":{"index":"index","follow":"follow","max-snippet":"max-snippet:-1","max-image-preview":"max-image-preview:large","max-video-preview":"max-video-preview:-1"},"canonical":"https:\/\/kem-europe.eu\/de\/produkt\/distar-mechanic-schleifstein-250x50x25mm\/","og_locale":"de_DE","og_type":"article","og_title":"DiStar Mechanic Slijpsteen \u2013 250x50x25 mm - KEM Europe","og_description":"Perfect voor het slijpen van diamantbladen!","og_url":"https:\/\/kem-europe.eu\/de\/produkt\/distar-mechanic-schleifstein-250x50x25mm\/","og_site_name":"KEM Europe","article_modified_time":"2025-06-16T14:03:31+00:00","og_image":[{"width":700,"height":700,"url":"https:\/\/kem-europe.eu\/wp-content\/uploads\/2025\/02\/er1ipvu1f_24a494c8.jpg","type":"image\/jpeg"}],"twitter_card":"summary_large_image","twitter_misc":{"Gesch\u00e4tzte Lesezeit":"2\u00a0Minuten"},"schema":{"@context":"https:\/\/schema.org","@graph":[{"@type":"WebPage","@id":"https:\/\/kem-europe.eu\/product\/distar-mechanic-slijpsteen-250x50x25-mm\/","url":"https:\/\/kem-europe.eu\/product\/distar-mechanic-slijpsteen-250x50x25-mm\/","name":"DiStar Mechanic-Schleifstein - 250x50x25 mm - KEM Europe","isPartOf":{"@id":"https:\/\/kem-europe.eu\/#website"},"primaryImageOfPage":{"@id":"https:\/\/kem-europe.eu\/product\/distar-mechanic-slijpsteen-250x50x25-mm\/#primaryimage"},"image":{"@id":"https:\/\/kem-europe.eu\/product\/distar-mechanic-slijpsteen-250x50x25-mm\/#primaryimage"},"thumbnailUrl":"https:\/\/kem-europe.eu\/wp-content\/uploads\/2025\/02\/er1ipvu1f_24a494c8.jpg","datePublished":"2025-02-27T09:00:56+00:00","dateModified":"2025-06-16T14:03:31+00:00","breadcrumb":{"@id":"https:\/\/kem-europe.eu\/product\/distar-mechanic-slijpsteen-250x50x25-mm\/#breadcrumb"},"inLanguage":"de","potentialAction":[{"@type":"ReadAction","target":["https:\/\/kem-europe.eu\/product\/distar-mechanic-slijpsteen-250x50x25-mm\/"]}]},{"@type":"ImageObject","inLanguage":"de","@id":"https:\/\/kem-europe.eu\/product\/distar-mechanic-slijpsteen-250x50x25-mm\/#primaryimage","url":"https:\/\/kem-europe.eu\/wp-content\/uploads\/2025\/02\/er1ipvu1f_24a494c8.jpg","contentUrl":"https:\/\/kem-europe.eu\/wp-content\/uploads\/2025\/02\/er1ipvu1f_24a494c8.jpg","width":700,"height":700},{"@type":"BreadcrumbList","@id":"https:\/\/kem-europe.eu\/product\/distar-mechanic-slijpsteen-250x50x25-mm\/#breadcrumb","itemListElement":[{"@type":"ListItem","position":1,"name":"Home","item":"https:\/\/kem-europe.eu\/"},{"@type":"ListItem","position":2,"name":"Winkel","item":"https:\/\/kem-europe.eu\/winkel\/"},{"@type":"ListItem","position":3,"name":"DiStar Mechanic Slijpsteen \u2013 250x50x25 mm"}]},{"@type":"WebSite","@id":"https:\/\/kem-europe.eu\/#website","url":"https:\/\/kem-europe.eu\/","name":"KEM Europe","description":"","publisher":{"@id":"https:\/\/kem-europe.eu\/#organization"},"potentialAction":[{"@type":"SearchAction","target":{"@type":"EntryPoint","urlTemplate":"https:\/\/kem-europe.eu\/?s={search_term_string}"},"query-input":{"@type":"PropertyValueSpecification","valueRequired":true,"valueName":"search_term_string"}}],"inLanguage":"de"},{"@type":"Organization","@id":"https:\/\/kem-europe.eu\/#organization","name":"KEM Europe","url":"https:\/\/kem-europe.eu\/","logo":{"@type":"ImageObject","inLanguage":"de","@id":"https:\/\/kem-europe.eu\/#\/schema\/logo\/image\/","url":"https:\/\/kem-europe.eu\/wp-content\/uploads\/2025\/02\/KEM2019-BLACK-1500W.png","contentUrl":"https:\/\/kem-europe.eu\/wp-content\/uploads\/2025\/02\/KEM2019-BLACK-1500W.png","width":1500,"height":626,"caption":"KEM Europe"},"image":{"@id":"https:\/\/kem-europe.eu\/#\/schema\/logo\/image\/"}}]}},"_links":{"self":[{"href":"https:\/\/kem-europe.eu\/de\/wp-json\/wp\/v2\/product\/3481","targetHints":{"allow":["GET"]}}],"collection":[{"href":"https:\/\/kem-europe.eu\/de\/wp-json\/wp\/v2\/product"}],"about":[{"href":"https:\/\/kem-europe.eu\/de\/wp-json\/wp\/v2\/types\/product"}],"replies":[{"embeddable":true,"href":"https:\/\/kem-europe.eu\/de\/wp-json\/wp\/v2\/comments?post=3481"}],"wp:featuredmedia":[{"embeddable":true,"href":"https:\/\/kem-europe.eu\/de\/wp-json\/wp\/v2\/media\/3555"}],"wp:attachment":[{"href":"https:\/\/kem-europe.eu\/de\/wp-json\/wp\/v2\/media?parent=3481"}],"wp:term":[{"taxonomy":"product_brand","embeddable":true,"href":"https:\/\/kem-europe.eu\/de\/wp-json\/wp\/v2\/product_brand?post=3481"},{"taxonomy":"product_cat","embeddable":true,"href":"https:\/\/kem-europe.eu\/de\/wp-json\/wp\/v2\/product_cat?post=3481"},{"taxonomy":"product_tag","embeddable":true,"href":"https:\/\/kem-europe.eu\/de\/wp-json\/wp\/v2\/product_tag?post=3481"}],"curies":[{"name":"wp","href":"https:\/\/api.w.org\/{rel}","templated":true}]}}