{"id":3482,"date":"2025-02-27T09:00:56","date_gmt":"2025-02-27T09:00:56","guid":{"rendered":"https:\/\/kem-europe.eu\/?post_type=product&#038;p=3482"},"modified":"2025-06-16T14:03:43","modified_gmt":"2025-06-16T14:03:43","slug":"distar-slider45-pro-2-0-trennschutz-45grad-115-125mm","status":"publish","type":"product","link":"https:\/\/kem-europe.eu\/de\/product\/distar-slider45-pro-2-0-doorslijpbeschermkap-45o-115-125-mm\/","title":{"rendered":"DiStar SLIDER45 PRO 2.0 Abstechschutz 45\u00ba - 115\/125 mm"},"content":{"rendered":"<p><strong>Merkmale DiStar SLIDER45 PRO 2.0 Abstechschutz 45\u00ba - 115\/125 mm<\/strong><\/p>\n<p>Ist es auch f\u00fcr Sie jedes Mal eine Herausforderung, Fliesen in einem 45-Grad-Winkel pr\u00e4zise und effizient zu schleifen? Die aktualisierte Version des Slider Pro f\u00fcr einen Winkelschleifer ist ein unverzichtbares Werkzeug, das die Geschwindigkeit, Effizienz und Pr\u00e4zision beim Verlegen und Bearbeiten von Fliesen deutlich erh\u00f6ht.<\/p>\n<p>\u2705\u00a0<strong>Siehe<\/strong>\u00a0- Die gro\u00dfe Gleitfl\u00e4che des Sliders PRO gew\u00e4hrleistet maximale Kontrolle \u00fcber das Schneidelement w\u00e4hrend der Arbeit.<\/p>\n<p>\u2705\u00a0<strong>Flexibilit\u00e4t<\/strong>\u00a0- Die einzigartige Verriegelungseinheit f\u00fcr die M14-Spindel erm\u00f6glicht die Verwendung von Winkelschleifern aller Hersteller mit einem Durchmesser von 115-125 mm.<\/p>\n<p>\u2705\u00a0<strong>Spezialisiertes S\u00e4geblatt<\/strong>\u00a0- Der Slider 45 Pro verwendet ein spezielles Diamants\u00e4geblatt mit einer 30-mm-Landebohrung, was zu pr\u00e4zisen und glatten Schnitten f\u00fchrt.<\/p>\n<p>\u2705\u00a0<strong>Einstellbare Schnittsteuerung<\/strong>\u00a0- Einfache und pr\u00e4zise Schnittanpassungsfunktion, mit der Sie die Tiefe und den Winkel Ihrer Schnitte nach Ihren Bed\u00fcrfnissen einstellen k\u00f6nnen.<\/p>\n<p>\u2705\u00a0<strong>Optimale Staubabscheidung<\/strong>\u00a0- Einstellbarer Staubabscheider f\u00fcr jede Fliesendicke, der dazu beitr\u00e4gt, Ihren Arbeitsplatz sauber und gesund zu halten.<\/p>\n<p>\u2705\u00a0<strong>Wasserinstallation<\/strong>\u00a0- Die Stellen, an denen die Wasserleitungen verlegt werden sollen, werden so angelegt, dass sie nass geschnitten werden k\u00f6nnen und die Staubentwicklung minimiert wird.<\/p>\n<p>\u2705\u00a0<strong>Schneidfunktion in umgekehrter Position<\/strong>\u00a0- Diese Funktion ist optimal f\u00fcr das Schneiden kleiner Elemente im 45-Grad-Winkel.<\/p>\n<p>\u2705\u00a0<strong>Verarbeitungsst\u00e4rke<\/strong>\u00a0- Die maximale Dicke des zu bearbeitenden Materials betr\u00e4gt 20 mm, so dass der Slider Pro mit einer breiten Palette von Materialien arbeiten kann.<\/p>\n<p>\u2705\u00a0<strong>Vollst\u00e4ndiger Satz<\/strong>\u00a0- Das Set enth\u00e4lt den Slider 45 Pro, ein Diamants\u00e4geblatt, einen Mehrzweckschl\u00fcssel, einen Schlauch, einen Gummiadapter sowie einen G\u00fcrtel- und Textilclip und damit alles, was Sie brauchen, um sofort mit dem Schneiden zu beginnen.<\/p>\n<p>Sind Sie auf der Suche nach einem Trennschutz, der kleiner und einfacher ist? Dann schauen Sie sich den\u00a0<a href=\"https:\/\/kem-europe.eu\/de\/produkt\/distar-slider45-2-0-trennschutz-45grad-125mm\/\">DiStar SLIDER 45<\/a>.<\/p>\n<hr \/>\n<p><strong>Technische Daten<\/strong><\/p>\n<ul>\n<li>Winkel - 45\u00ba<\/li>\n<li>Durchmesser - 115\/125 mm<\/li>\n<li>Marke - Mechanic von DiStar<\/li>\n<\/ul>\n<p><strong>Umfang der Lieferung<\/strong><\/p>\n<ul>\n<li>DiStar SLIDER45 PRO 2.0 Abstechschutz 45\u00ba - 115\/125 mm<\/li>\n<\/ul>","protected":false},"excerpt":{"rendered":"<p>\u2705 Fliesenabschluss bei 45 Grad<br \/>\n\u2705 Kontrolle<br \/>\n\u2705 Flexibilit\u00e4t<br \/>\n\u2705 Spezialisiertes S\u00e4geblatt<br \/>\n\u2705 Einstellbare Schnittsteuerung<br \/>\n\u2705 Optimale Staubabscheidung<br \/>\n\u2705 Schneidfunktion in R\u00fcckw\u00e4rtsstellung<\/p>","protected":false},"featured_media":3561,"comment_status":"closed","ping_status":"closed","template":"","meta":[],"product_brand":[623],"product_cat":[24],"product_tag":[],"class_list":{"0":"post-3482","1":"product","2":"type-product","3":"status-publish","4":"has-post-thumbnail","6":"product_brand-distar","7":"product_cat-toebehoren","9":"first","10":"instock","11":"shipping-taxable","12":"product-type-simple"},"ct_brands":[{"id":623,"name":"DISTAR","slug":"distar"}],"yoast_head":"<!-- This site is optimized with the Yoast SEO plugin v27.3 - https:\/\/yoast.com\/product\/yoast-seo-wordpress\/ -->\n<title>DiStar SLIDER45 PRO 2.0 Doorslijpbeschermkap 45\u00ba \u2013 115\/125 mm - KEM Europe<\/title>\n<meta name=\"robots\" content=\"index, follow, max-snippet:-1, max-image-preview:large, max-video-preview:-1\" \/>\n<link rel=\"canonical\" href=\"https:\/\/kem-europe.eu\/de\/produkt\/distar-slider45-pro-2-0-trennschutz-45grad-115-125mm\/\" \/>\n<meta property=\"og:locale\" content=\"de_DE\" \/>\n<meta property=\"og:type\" content=\"article\" \/>\n<meta property=\"og:title\" content=\"DiStar SLIDER45 PRO 2.0 Doorslijpbeschermkap 45\u00ba \u2013 115\/125 mm - KEM Europe\" \/>\n<meta property=\"og:description\" content=\"\u2705 Tegelafwerking op 45 graden \u2705 Controle \u2705 Flexibiliteit \u2705 Gespecialiseerd zaagblad \u2705 Aanpasbare snijregeling \u2705 Optimale stofverzameling \u2705 Snijfunctie in omgekeerde positie\" \/>\n<meta property=\"og:url\" content=\"https:\/\/kem-europe.eu\/de\/produkt\/distar-slider45-pro-2-0-trennschutz-45grad-115-125mm\/\" \/>\n<meta property=\"og:site_name\" content=\"KEM Europe\" \/>\n<meta property=\"article:modified_time\" content=\"2025-06-16T14:03:43+00:00\" \/>\n<meta property=\"og:image\" content=\"https:\/\/kem-europe.eu\/wp-content\/uploads\/2025\/02\/SliderPro1.jpg\" \/>\n\t<meta property=\"og:image:width\" content=\"700\" \/>\n\t<meta property=\"og:image:height\" content=\"700\" \/>\n\t<meta property=\"og:image:type\" content=\"image\/jpeg\" \/>\n<meta name=\"twitter:card\" content=\"summary_large_image\" \/>\n<meta name=\"twitter:label1\" content=\"Gesch\u00e4tzte Lesezeit\" \/>\n\t<meta name=\"twitter:data1\" content=\"2\u00a0Minuten\" \/>\n<script type=\"application\/ld+json\" class=\"yoast-schema-graph\">{\"@context\":\"https:\\\/\\\/schema.org\",\"@graph\":[{\"@type\":\"WebPage\",\"@id\":\"https:\\\/\\\/kem-europe.eu\\\/product\\\/distar-slider45-pro-2-0-doorslijpbeschermkap-45o-115-125-mm\\\/\",\"url\":\"https:\\\/\\\/kem-europe.eu\\\/product\\\/distar-slider45-pro-2-0-doorslijpbeschermkap-45o-115-125-mm\\\/\",\"name\":\"DiStar SLIDER45 PRO 2.0 Doorslijpbeschermkap 45\u00ba \u2013 115\\\/125 mm - KEM Europe\",\"isPartOf\":{\"@id\":\"https:\\\/\\\/kem-europe.eu\\\/#website\"},\"primaryImageOfPage\":{\"@id\":\"https:\\\/\\\/kem-europe.eu\\\/product\\\/distar-slider45-pro-2-0-doorslijpbeschermkap-45o-115-125-mm\\\/#primaryimage\"},\"image\":{\"@id\":\"https:\\\/\\\/kem-europe.eu\\\/product\\\/distar-slider45-pro-2-0-doorslijpbeschermkap-45o-115-125-mm\\\/#primaryimage\"},\"thumbnailUrl\":\"https:\\\/\\\/kem-europe.eu\\\/wp-content\\\/uploads\\\/2025\\\/02\\\/SliderPro1.jpg\",\"datePublished\":\"2025-02-27T09:00:56+00:00\",\"dateModified\":\"2025-06-16T14:03:43+00:00\",\"breadcrumb\":{\"@id\":\"https:\\\/\\\/kem-europe.eu\\\/product\\\/distar-slider45-pro-2-0-doorslijpbeschermkap-45o-115-125-mm\\\/#breadcrumb\"},\"inLanguage\":\"de\",\"potentialAction\":[{\"@type\":\"ReadAction\",\"target\":[\"https:\\\/\\\/kem-europe.eu\\\/product\\\/distar-slider45-pro-2-0-doorslijpbeschermkap-45o-115-125-mm\\\/\"]}]},{\"@type\":\"ImageObject\",\"inLanguage\":\"de\",\"@id\":\"https:\\\/\\\/kem-europe.eu\\\/product\\\/distar-slider45-pro-2-0-doorslijpbeschermkap-45o-115-125-mm\\\/#primaryimage\",\"url\":\"https:\\\/\\\/kem-europe.eu\\\/wp-content\\\/uploads\\\/2025\\\/02\\\/SliderPro1.jpg\",\"contentUrl\":\"https:\\\/\\\/kem-europe.eu\\\/wp-content\\\/uploads\\\/2025\\\/02\\\/SliderPro1.jpg\",\"width\":700,\"height\":700},{\"@type\":\"BreadcrumbList\",\"@id\":\"https:\\\/\\\/kem-europe.eu\\\/product\\\/distar-slider45-pro-2-0-doorslijpbeschermkap-45o-115-125-mm\\\/#breadcrumb\",\"itemListElement\":[{\"@type\":\"ListItem\",\"position\":1,\"name\":\"Home\",\"item\":\"https:\\\/\\\/kem-europe.eu\\\/\"},{\"@type\":\"ListItem\",\"position\":2,\"name\":\"Winkel\",\"item\":\"https:\\\/\\\/kem-europe.eu\\\/winkel\\\/\"},{\"@type\":\"ListItem\",\"position\":3,\"name\":\"DiStar SLIDER45 PRO 2.0 Doorslijpbeschermkap 45\u00ba \u2013 115\\\/125 mm\"}]},{\"@type\":\"WebSite\",\"@id\":\"https:\\\/\\\/kem-europe.eu\\\/#website\",\"url\":\"https:\\\/\\\/kem-europe.eu\\\/\",\"name\":\"KEM Europe\",\"description\":\"\",\"publisher\":{\"@id\":\"https:\\\/\\\/kem-europe.eu\\\/#organization\"},\"potentialAction\":[{\"@type\":\"SearchAction\",\"target\":{\"@type\":\"EntryPoint\",\"urlTemplate\":\"https:\\\/\\\/kem-europe.eu\\\/?s={search_term_string}\"},\"query-input\":{\"@type\":\"PropertyValueSpecification\",\"valueRequired\":true,\"valueName\":\"search_term_string\"}}],\"inLanguage\":\"de\"},{\"@type\":\"Organization\",\"@id\":\"https:\\\/\\\/kem-europe.eu\\\/#organization\",\"name\":\"KEM Europe\",\"url\":\"https:\\\/\\\/kem-europe.eu\\\/\",\"logo\":{\"@type\":\"ImageObject\",\"inLanguage\":\"de\",\"@id\":\"https:\\\/\\\/kem-europe.eu\\\/#\\\/schema\\\/logo\\\/image\\\/\",\"url\":\"https:\\\/\\\/kem-europe.eu\\\/wp-content\\\/uploads\\\/2025\\\/02\\\/KEM2019-BLACK-1500W.png\",\"contentUrl\":\"https:\\\/\\\/kem-europe.eu\\\/wp-content\\\/uploads\\\/2025\\\/02\\\/KEM2019-BLACK-1500W.png\",\"width\":1500,\"height\":626,\"caption\":\"KEM Europe\"},\"image\":{\"@id\":\"https:\\\/\\\/kem-europe.eu\\\/#\\\/schema\\\/logo\\\/image\\\/\"}}]}<\/script>\n<!-- \/ Yoast SEO plugin. -->","yoast_head_json":{"title":"DiStar SLIDER45 PRO 2.0 Abstechschutz 45\u00ba - 115\/125 mm - KEM Europe","robots":{"index":"index","follow":"follow","max-snippet":"max-snippet:-1","max-image-preview":"max-image-preview:large","max-video-preview":"max-video-preview:-1"},"canonical":"https:\/\/kem-europe.eu\/de\/produkt\/distar-slider45-pro-2-0-trennschutz-45grad-115-125mm\/","og_locale":"de_DE","og_type":"article","og_title":"DiStar SLIDER45 PRO 2.0 Doorslijpbeschermkap 45\u00ba \u2013 115\/125 mm - KEM Europe","og_description":"\u2705 Tegelafwerking op 45 graden \u2705 Controle \u2705 Flexibiliteit \u2705 Gespecialiseerd zaagblad \u2705 Aanpasbare snijregeling \u2705 Optimale stofverzameling \u2705 Snijfunctie in omgekeerde positie","og_url":"https:\/\/kem-europe.eu\/de\/produkt\/distar-slider45-pro-2-0-trennschutz-45grad-115-125mm\/","og_site_name":"KEM Europe","article_modified_time":"2025-06-16T14:03:43+00:00","og_image":[{"width":700,"height":700,"url":"https:\/\/kem-europe.eu\/wp-content\/uploads\/2025\/02\/SliderPro1.jpg","type":"image\/jpeg"}],"twitter_card":"summary_large_image","twitter_misc":{"Gesch\u00e4tzte Lesezeit":"2\u00a0Minuten"},"schema":{"@context":"https:\/\/schema.org","@graph":[{"@type":"WebPage","@id":"https:\/\/kem-europe.eu\/product\/distar-slider45-pro-2-0-doorslijpbeschermkap-45o-115-125-mm\/","url":"https:\/\/kem-europe.eu\/product\/distar-slider45-pro-2-0-doorslijpbeschermkap-45o-115-125-mm\/","name":"DiStar SLIDER45 PRO 2.0 Abstechschutz 45\u00ba - 115\/125 mm - KEM Europe","isPartOf":{"@id":"https:\/\/kem-europe.eu\/#website"},"primaryImageOfPage":{"@id":"https:\/\/kem-europe.eu\/product\/distar-slider45-pro-2-0-doorslijpbeschermkap-45o-115-125-mm\/#primaryimage"},"image":{"@id":"https:\/\/kem-europe.eu\/product\/distar-slider45-pro-2-0-doorslijpbeschermkap-45o-115-125-mm\/#primaryimage"},"thumbnailUrl":"https:\/\/kem-europe.eu\/wp-content\/uploads\/2025\/02\/SliderPro1.jpg","datePublished":"2025-02-27T09:00:56+00:00","dateModified":"2025-06-16T14:03:43+00:00","breadcrumb":{"@id":"https:\/\/kem-europe.eu\/product\/distar-slider45-pro-2-0-doorslijpbeschermkap-45o-115-125-mm\/#breadcrumb"},"inLanguage":"de","potentialAction":[{"@type":"ReadAction","target":["https:\/\/kem-europe.eu\/product\/distar-slider45-pro-2-0-doorslijpbeschermkap-45o-115-125-mm\/"]}]},{"@type":"ImageObject","inLanguage":"de","@id":"https:\/\/kem-europe.eu\/product\/distar-slider45-pro-2-0-doorslijpbeschermkap-45o-115-125-mm\/#primaryimage","url":"https:\/\/kem-europe.eu\/wp-content\/uploads\/2025\/02\/SliderPro1.jpg","contentUrl":"https:\/\/kem-europe.eu\/wp-content\/uploads\/2025\/02\/SliderPro1.jpg","width":700,"height":700},{"@type":"BreadcrumbList","@id":"https:\/\/kem-europe.eu\/product\/distar-slider45-pro-2-0-doorslijpbeschermkap-45o-115-125-mm\/#breadcrumb","itemListElement":[{"@type":"ListItem","position":1,"name":"Home","item":"https:\/\/kem-europe.eu\/"},{"@type":"ListItem","position":2,"name":"Winkel","item":"https:\/\/kem-europe.eu\/winkel\/"},{"@type":"ListItem","position":3,"name":"DiStar SLIDER45 PRO 2.0 Doorslijpbeschermkap 45\u00ba \u2013 115\/125 mm"}]},{"@type":"WebSite","@id":"https:\/\/kem-europe.eu\/#website","url":"https:\/\/kem-europe.eu\/","name":"KEM Europe","description":"","publisher":{"@id":"https:\/\/kem-europe.eu\/#organization"},"potentialAction":[{"@type":"SearchAction","target":{"@type":"EntryPoint","urlTemplate":"https:\/\/kem-europe.eu\/?s={search_term_string}"},"query-input":{"@type":"PropertyValueSpecification","valueRequired":true,"valueName":"search_term_string"}}],"inLanguage":"de"},{"@type":"Organization","@id":"https:\/\/kem-europe.eu\/#organization","name":"KEM Europe","url":"https:\/\/kem-europe.eu\/","logo":{"@type":"ImageObject","inLanguage":"de","@id":"https:\/\/kem-europe.eu\/#\/schema\/logo\/image\/","url":"https:\/\/kem-europe.eu\/wp-content\/uploads\/2025\/02\/KEM2019-BLACK-1500W.png","contentUrl":"https:\/\/kem-europe.eu\/wp-content\/uploads\/2025\/02\/KEM2019-BLACK-1500W.png","width":1500,"height":626,"caption":"KEM Europe"},"image":{"@id":"https:\/\/kem-europe.eu\/#\/schema\/logo\/image\/"}}]}},"_links":{"self":[{"href":"https:\/\/kem-europe.eu\/de\/wp-json\/wp\/v2\/product\/3482","targetHints":{"allow":["GET"]}}],"collection":[{"href":"https:\/\/kem-europe.eu\/de\/wp-json\/wp\/v2\/product"}],"about":[{"href":"https:\/\/kem-europe.eu\/de\/wp-json\/wp\/v2\/types\/product"}],"replies":[{"embeddable":true,"href":"https:\/\/kem-europe.eu\/de\/wp-json\/wp\/v2\/comments?post=3482"}],"wp:featuredmedia":[{"embeddable":true,"href":"https:\/\/kem-europe.eu\/de\/wp-json\/wp\/v2\/media\/3561"}],"wp:attachment":[{"href":"https:\/\/kem-europe.eu\/de\/wp-json\/wp\/v2\/media?parent=3482"}],"wp:term":[{"taxonomy":"product_brand","embeddable":true,"href":"https:\/\/kem-europe.eu\/de\/wp-json\/wp\/v2\/product_brand?post=3482"},{"taxonomy":"product_cat","embeddable":true,"href":"https:\/\/kem-europe.eu\/de\/wp-json\/wp\/v2\/product_cat?post=3482"},{"taxonomy":"product_tag","embeddable":true,"href":"https:\/\/kem-europe.eu\/de\/wp-json\/wp\/v2\/product_tag?post=3482"}],"curies":[{"name":"wp","href":"https:\/\/api.w.org\/{rel}","templated":true}]}}