{"id":3513,"date":"2025-02-27T09:01:20","date_gmt":"2025-02-27T09:01:20","guid":{"rendered":"https:\/\/kem-europe.eu\/?post_type=product&#038;p=3513"},"modified":"2025-02-27T11:45:48","modified_gmt":"2025-02-27T11:45:48","slug":"distar-verlaengerung-diamantbohren-1-2-zoll-200-300-500mm","status":"publish","type":"product","link":"https:\/\/kem-europe.eu\/de\/product\/distar-verlengstuk-voor-diamantboren-1-2%e2%80%b3-200-300-500-mm\/","title":{"rendered":"DiStar Verl\u00e4ngerungsst\u00fcck f\u00fcr Diamantbohrkronen 1\/2\u2033 - 200\/300\/500 mm"},"content":{"rendered":"<p><strong>Merkmale DiStar Verl\u00e4ngerungsst\u00fcck f\u00fcr Diamantbohrkronen 1\/2\u2033 - 200\/300\/500 mm<\/strong><\/p>\n<ul>\n<li>DiStar Verl\u00e4ngerung f\u00fcr Diamantbohrkronen mit 1\/2\u2033-Schaft<\/li>\n<li>Leicht an der Maschine zu befestigen und zu bohren<\/li>\n<li>Erh\u00e4ltlich in verschiedenen Gr\u00f6\u00dfen<\/li>\n<\/ul>\n<p><strong>Technische Daten<\/strong><\/p>\n<ul>\n<li>Abmessungen:\n<ul>\n<li>200 mm - L200<\/li>\n<li>300 mm - L300<\/li>\n<li>500 mm - L500<\/li>\n<\/ul>\n<\/li>\n<li>Einlass - 1\/2\u2033<\/li>\n<\/ul>\n<p><strong>Umfang der Lieferung<\/strong><\/p>\n<ul>\n<li>Di-Star Verl\u00e4ngerung 1\/2\" - 200, 300 oder 500 mm<\/li>\n<\/ul>","protected":false},"excerpt":{"rendered":"<ul>\n<li>Verl\u00e4ngerungsst\u00fcck f\u00fcr Diamant-Kernbohrmaschinen mit 1\/2\"-Schaft<\/li>\n<li>Leicht an der Maschine zu befestigen und zu bohren<\/li>\n<\/ul>","protected":false},"featured_media":3579,"comment_status":"closed","ping_status":"closed","template":"","meta":[],"product_brand":[623],"product_cat":[24],"product_tag":[],"class_list":{"0":"post-3513","1":"product","2":"type-product","3":"status-publish","4":"has-post-thumbnail","6":"product_brand-distar","7":"product_cat-toebehoren","9":"first","10":"instock","11":"shipping-taxable","12":"product-type-simple"},"ct_brands":[{"id":623,"name":"DISTAR","slug":"distar"}],"yoast_head":"<!-- This site is optimized with the Yoast SEO plugin v27.3 - https:\/\/yoast.com\/product\/yoast-seo-wordpress\/ -->\n<title>DiStar Verlengstuk voor diamantboren 1\/2\u2033 \u2013 200\/300\/500 mm - KEM Europe<\/title>\n<meta name=\"robots\" content=\"index, follow, max-snippet:-1, max-image-preview:large, max-video-preview:-1\" \/>\n<link rel=\"canonical\" href=\"https:\/\/kem-europe.eu\/de\/produkt\/distar-verlaengerung-diamantbohren-1-2-zoll-200-300-500mm\/\" \/>\n<meta property=\"og:locale\" content=\"de_DE\" \/>\n<meta property=\"og:type\" content=\"article\" \/>\n<meta property=\"og:title\" content=\"DiStar Verlengstuk voor diamantboren 1\/2\u2033 \u2013 200\/300\/500 mm - KEM Europe\" \/>\n<meta property=\"og:description\" content=\"Verlengstuk ten behoeve van diamantboren met een opname van 1\/2\u201d  Gemakkelijk te koppelen aan de machine en de boor\" \/>\n<meta property=\"og:url\" content=\"https:\/\/kem-europe.eu\/de\/produkt\/distar-verlaengerung-diamantbohren-1-2-zoll-200-300-500mm\/\" \/>\n<meta property=\"og:site_name\" content=\"KEM Europe\" \/>\n<meta property=\"article:modified_time\" content=\"2025-02-27T11:45:48+00:00\" \/>\n<meta property=\"og:image\" content=\"https:\/\/kem-europe.eu\/wp-content\/uploads\/2025\/02\/eu875g6lr_16520fed.jpg\" \/>\n\t<meta property=\"og:image:width\" content=\"1200\" \/>\n\t<meta property=\"og:image:height\" content=\"1200\" \/>\n\t<meta property=\"og:image:type\" content=\"image\/jpeg\" \/>\n<meta name=\"twitter:card\" content=\"summary_large_image\" \/>\n<meta name=\"twitter:label1\" content=\"Gesch\u00e4tzte Lesezeit\" \/>\n\t<meta name=\"twitter:data1\" content=\"1\u00a0Minute\" \/>\n<script type=\"application\/ld+json\" class=\"yoast-schema-graph\">{\"@context\":\"https:\\\/\\\/schema.org\",\"@graph\":[{\"@type\":\"WebPage\",\"@id\":\"https:\\\/\\\/kem-europe.eu\\\/product\\\/distar-verlengstuk-voor-diamantboren-1-2%e2%80%b3-200-300-500-mm\\\/\",\"url\":\"https:\\\/\\\/kem-europe.eu\\\/product\\\/distar-verlengstuk-voor-diamantboren-1-2%e2%80%b3-200-300-500-mm\\\/\",\"name\":\"DiStar Verlengstuk voor diamantboren 1\\\/2\u2033 \u2013 200\\\/300\\\/500 mm - KEM Europe\",\"isPartOf\":{\"@id\":\"https:\\\/\\\/kem-europe.eu\\\/#website\"},\"primaryImageOfPage\":{\"@id\":\"https:\\\/\\\/kem-europe.eu\\\/product\\\/distar-verlengstuk-voor-diamantboren-1-2%e2%80%b3-200-300-500-mm\\\/#primaryimage\"},\"image\":{\"@id\":\"https:\\\/\\\/kem-europe.eu\\\/product\\\/distar-verlengstuk-voor-diamantboren-1-2%e2%80%b3-200-300-500-mm\\\/#primaryimage\"},\"thumbnailUrl\":\"https:\\\/\\\/kem-europe.eu\\\/wp-content\\\/uploads\\\/2025\\\/02\\\/eu875g6lr_16520fed.jpg\",\"datePublished\":\"2025-02-27T09:01:20+00:00\",\"dateModified\":\"2025-02-27T11:45:48+00:00\",\"breadcrumb\":{\"@id\":\"https:\\\/\\\/kem-europe.eu\\\/product\\\/distar-verlengstuk-voor-diamantboren-1-2%e2%80%b3-200-300-500-mm\\\/#breadcrumb\"},\"inLanguage\":\"de\",\"potentialAction\":[{\"@type\":\"ReadAction\",\"target\":[\"https:\\\/\\\/kem-europe.eu\\\/product\\\/distar-verlengstuk-voor-diamantboren-1-2%e2%80%b3-200-300-500-mm\\\/\"]}]},{\"@type\":\"ImageObject\",\"inLanguage\":\"de\",\"@id\":\"https:\\\/\\\/kem-europe.eu\\\/product\\\/distar-verlengstuk-voor-diamantboren-1-2%e2%80%b3-200-300-500-mm\\\/#primaryimage\",\"url\":\"https:\\\/\\\/kem-europe.eu\\\/wp-content\\\/uploads\\\/2025\\\/02\\\/eu875g6lr_16520fed.jpg\",\"contentUrl\":\"https:\\\/\\\/kem-europe.eu\\\/wp-content\\\/uploads\\\/2025\\\/02\\\/eu875g6lr_16520fed.jpg\",\"width\":1200,\"height\":1200},{\"@type\":\"BreadcrumbList\",\"@id\":\"https:\\\/\\\/kem-europe.eu\\\/product\\\/distar-verlengstuk-voor-diamantboren-1-2%e2%80%b3-200-300-500-mm\\\/#breadcrumb\",\"itemListElement\":[{\"@type\":\"ListItem\",\"position\":1,\"name\":\"Home\",\"item\":\"https:\\\/\\\/kem-europe.eu\\\/\"},{\"@type\":\"ListItem\",\"position\":2,\"name\":\"Winkel\",\"item\":\"https:\\\/\\\/kem-europe.eu\\\/winkel\\\/\"},{\"@type\":\"ListItem\",\"position\":3,\"name\":\"DiStar Verlengstuk voor diamantboren 1\\\/2\u2033 \u2013 200\\\/300\\\/500 mm\"}]},{\"@type\":\"WebSite\",\"@id\":\"https:\\\/\\\/kem-europe.eu\\\/#website\",\"url\":\"https:\\\/\\\/kem-europe.eu\\\/\",\"name\":\"KEM Europe\",\"description\":\"\",\"publisher\":{\"@id\":\"https:\\\/\\\/kem-europe.eu\\\/#organization\"},\"potentialAction\":[{\"@type\":\"SearchAction\",\"target\":{\"@type\":\"EntryPoint\",\"urlTemplate\":\"https:\\\/\\\/kem-europe.eu\\\/?s={search_term_string}\"},\"query-input\":{\"@type\":\"PropertyValueSpecification\",\"valueRequired\":true,\"valueName\":\"search_term_string\"}}],\"inLanguage\":\"de\"},{\"@type\":\"Organization\",\"@id\":\"https:\\\/\\\/kem-europe.eu\\\/#organization\",\"name\":\"KEM Europe\",\"url\":\"https:\\\/\\\/kem-europe.eu\\\/\",\"logo\":{\"@type\":\"ImageObject\",\"inLanguage\":\"de\",\"@id\":\"https:\\\/\\\/kem-europe.eu\\\/#\\\/schema\\\/logo\\\/image\\\/\",\"url\":\"https:\\\/\\\/kem-europe.eu\\\/wp-content\\\/uploads\\\/2025\\\/02\\\/KEM2019-BLACK-1500W.png\",\"contentUrl\":\"https:\\\/\\\/kem-europe.eu\\\/wp-content\\\/uploads\\\/2025\\\/02\\\/KEM2019-BLACK-1500W.png\",\"width\":1500,\"height\":626,\"caption\":\"KEM Europe\"},\"image\":{\"@id\":\"https:\\\/\\\/kem-europe.eu\\\/#\\\/schema\\\/logo\\\/image\\\/\"}}]}<\/script>\n<!-- \/ Yoast SEO plugin. -->","yoast_head_json":{"title":"DiStar Verl\u00e4ngerung f\u00fcr Diamantbohrkronen 1\/2\u2033 - 200\/300\/500 mm - KEM Europe","robots":{"index":"index","follow":"follow","max-snippet":"max-snippet:-1","max-image-preview":"max-image-preview:large","max-video-preview":"max-video-preview:-1"},"canonical":"https:\/\/kem-europe.eu\/de\/produkt\/distar-verlaengerung-diamantbohren-1-2-zoll-200-300-500mm\/","og_locale":"de_DE","og_type":"article","og_title":"DiStar Verlengstuk voor diamantboren 1\/2\u2033 \u2013 200\/300\/500 mm - KEM Europe","og_description":"Verlengstuk ten behoeve van diamantboren met een opname van 1\/2\u201d  Gemakkelijk te koppelen aan de machine en de boor","og_url":"https:\/\/kem-europe.eu\/de\/produkt\/distar-verlaengerung-diamantbohren-1-2-zoll-200-300-500mm\/","og_site_name":"KEM Europe","article_modified_time":"2025-02-27T11:45:48+00:00","og_image":[{"width":1200,"height":1200,"url":"https:\/\/kem-europe.eu\/wp-content\/uploads\/2025\/02\/eu875g6lr_16520fed.jpg","type":"image\/jpeg"}],"twitter_card":"summary_large_image","twitter_misc":{"Gesch\u00e4tzte Lesezeit":"1\u00a0Minute"},"schema":{"@context":"https:\/\/schema.org","@graph":[{"@type":"WebPage","@id":"https:\/\/kem-europe.eu\/product\/distar-verlengstuk-voor-diamantboren-1-2%e2%80%b3-200-300-500-mm\/","url":"https:\/\/kem-europe.eu\/product\/distar-verlengstuk-voor-diamantboren-1-2%e2%80%b3-200-300-500-mm\/","name":"DiStar Verl\u00e4ngerung f\u00fcr Diamantbohrkronen 1\/2\u2033 - 200\/300\/500 mm - KEM Europe","isPartOf":{"@id":"https:\/\/kem-europe.eu\/#website"},"primaryImageOfPage":{"@id":"https:\/\/kem-europe.eu\/product\/distar-verlengstuk-voor-diamantboren-1-2%e2%80%b3-200-300-500-mm\/#primaryimage"},"image":{"@id":"https:\/\/kem-europe.eu\/product\/distar-verlengstuk-voor-diamantboren-1-2%e2%80%b3-200-300-500-mm\/#primaryimage"},"thumbnailUrl":"https:\/\/kem-europe.eu\/wp-content\/uploads\/2025\/02\/eu875g6lr_16520fed.jpg","datePublished":"2025-02-27T09:01:20+00:00","dateModified":"2025-02-27T11:45:48+00:00","breadcrumb":{"@id":"https:\/\/kem-europe.eu\/product\/distar-verlengstuk-voor-diamantboren-1-2%e2%80%b3-200-300-500-mm\/#breadcrumb"},"inLanguage":"de","potentialAction":[{"@type":"ReadAction","target":["https:\/\/kem-europe.eu\/product\/distar-verlengstuk-voor-diamantboren-1-2%e2%80%b3-200-300-500-mm\/"]}]},{"@type":"ImageObject","inLanguage":"de","@id":"https:\/\/kem-europe.eu\/product\/distar-verlengstuk-voor-diamantboren-1-2%e2%80%b3-200-300-500-mm\/#primaryimage","url":"https:\/\/kem-europe.eu\/wp-content\/uploads\/2025\/02\/eu875g6lr_16520fed.jpg","contentUrl":"https:\/\/kem-europe.eu\/wp-content\/uploads\/2025\/02\/eu875g6lr_16520fed.jpg","width":1200,"height":1200},{"@type":"BreadcrumbList","@id":"https:\/\/kem-europe.eu\/product\/distar-verlengstuk-voor-diamantboren-1-2%e2%80%b3-200-300-500-mm\/#breadcrumb","itemListElement":[{"@type":"ListItem","position":1,"name":"Home","item":"https:\/\/kem-europe.eu\/"},{"@type":"ListItem","position":2,"name":"Winkel","item":"https:\/\/kem-europe.eu\/winkel\/"},{"@type":"ListItem","position":3,"name":"DiStar Verlengstuk voor diamantboren 1\/2\u2033 \u2013 200\/300\/500 mm"}]},{"@type":"WebSite","@id":"https:\/\/kem-europe.eu\/#website","url":"https:\/\/kem-europe.eu\/","name":"KEM Europe","description":"","publisher":{"@id":"https:\/\/kem-europe.eu\/#organization"},"potentialAction":[{"@type":"SearchAction","target":{"@type":"EntryPoint","urlTemplate":"https:\/\/kem-europe.eu\/?s={search_term_string}"},"query-input":{"@type":"PropertyValueSpecification","valueRequired":true,"valueName":"search_term_string"}}],"inLanguage":"de"},{"@type":"Organization","@id":"https:\/\/kem-europe.eu\/#organization","name":"KEM Europe","url":"https:\/\/kem-europe.eu\/","logo":{"@type":"ImageObject","inLanguage":"de","@id":"https:\/\/kem-europe.eu\/#\/schema\/logo\/image\/","url":"https:\/\/kem-europe.eu\/wp-content\/uploads\/2025\/02\/KEM2019-BLACK-1500W.png","contentUrl":"https:\/\/kem-europe.eu\/wp-content\/uploads\/2025\/02\/KEM2019-BLACK-1500W.png","width":1500,"height":626,"caption":"KEM Europe"},"image":{"@id":"https:\/\/kem-europe.eu\/#\/schema\/logo\/image\/"}}]}},"_links":{"self":[{"href":"https:\/\/kem-europe.eu\/de\/wp-json\/wp\/v2\/product\/3513","targetHints":{"allow":["GET"]}}],"collection":[{"href":"https:\/\/kem-europe.eu\/de\/wp-json\/wp\/v2\/product"}],"about":[{"href":"https:\/\/kem-europe.eu\/de\/wp-json\/wp\/v2\/types\/product"}],"replies":[{"embeddable":true,"href":"https:\/\/kem-europe.eu\/de\/wp-json\/wp\/v2\/comments?post=3513"}],"wp:featuredmedia":[{"embeddable":true,"href":"https:\/\/kem-europe.eu\/de\/wp-json\/wp\/v2\/media\/3579"}],"wp:attachment":[{"href":"https:\/\/kem-europe.eu\/de\/wp-json\/wp\/v2\/media?parent=3513"}],"wp:term":[{"taxonomy":"product_brand","embeddable":true,"href":"https:\/\/kem-europe.eu\/de\/wp-json\/wp\/v2\/product_brand?post=3513"},{"taxonomy":"product_cat","embeddable":true,"href":"https:\/\/kem-europe.eu\/de\/wp-json\/wp\/v2\/product_cat?post=3513"},{"taxonomy":"product_tag","embeddable":true,"href":"https:\/\/kem-europe.eu\/de\/wp-json\/wp\/v2\/product_tag?post=3513"}],"curies":[{"name":"wp","href":"https:\/\/api.w.org\/{rel}","templated":true}]}}