{"id":3514,"date":"2025-02-27T09:01:20","date_gmt":"2025-02-27T09:01:20","guid":{"rendered":"https:\/\/kem-europe.eu\/?post_type=product&#038;p=3514"},"modified":"2025-06-16T13:53:37","modified_gmt":"2025-06-16T13:53:37","slug":"distar-m14-click-lock-pro-100mm-fuer-polierpads","status":"publish","type":"product","link":"https:\/\/kem-europe.eu\/de\/product\/distar-m14-click-lock-pro-o-100-mm-voor-polijstpads\/","title":{"rendered":"DiStar M14 Click-Lock Pro \u00d8 100 mm - F\u00fcr Polierpads"},"content":{"rendered":"<p><strong>Eigenschaften DiStar M14 Click-Lock Pro \u00d8 100 mm - F\u00fcr Polierpads<\/strong><\/p>\n<p>Einfaches Wechseln von Polierpads mit dem innovativen Distar Click-Lock Pro! Beim Polieren von Feinsteinzeug oder Granit ist es notwendig, die K\u00f6rnung der Polierpads st\u00e4ndig zu wechseln. Mit dem Click-Lock Pro k\u00f6nnen Sie mit einem Winkelschleifer arbeiten und die Pads dank des Magnetverschlusses mit einem Klick wechseln. Die Pads sitzen sicher auf den Stahlhaltern, bis sie vollst\u00e4ndig abgenutzt sind. Die Basis ist mit einer Gummidichtung versehen, die ein sanftes und kontrolliertes Schleifen erm\u00f6glicht. Der Sockel ist auf dem Winkelschleifer mit einstellbarer Drehzahl montiert. Die maximale Drehzahl betr\u00e4gt 3500 U\/min. Er hat einen Au\u00dfendurchmesser von 100 mm mit einem M14-Anschluss. Der Bausatz enth\u00e4lt einen Sockel und drei Stahlhalter f\u00fcr die Polierpads.<\/p>\n<p><strong>Technische Daten<\/strong><\/p>\n<ul>\n<li>Durchmesser - 100 mm<\/li>\n<li>Anschluss - M14<\/li>\n<li>Marke - Baumesser by DiStar<\/li>\n<\/ul>\n<p><strong>Umfang der Lieferung<\/strong><\/p>\n<ul>\n<li>DiStar M14 Klick-Verschluss Pro \u00d8 100 mm<\/li>\n<\/ul>","protected":false},"excerpt":{"rendered":"<div class=\"description woocommerce-product-details__short-description\">\n<p>Arbeiten Sie effizient und zeitsparend mit dem Distar Click-Lock Pro!<\/p>\n<\/div>","protected":false},"featured_media":3582,"comment_status":"closed","ping_status":"closed","template":"","meta":[],"product_brand":[623],"product_cat":[24],"product_tag":[],"class_list":{"0":"post-3514","1":"product","2":"type-product","3":"status-publish","4":"has-post-thumbnail","6":"product_brand-distar","7":"product_cat-toebehoren","9":"first","10":"instock","11":"shipping-taxable","12":"product-type-simple"},"ct_brands":[{"id":623,"name":"DISTAR","slug":"distar"}],"yoast_head":"<!-- This site is optimized with the Yoast SEO plugin v27.3 - https:\/\/yoast.com\/product\/yoast-seo-wordpress\/ -->\n<title>DiStar M14 Click-Lock Pro \u00d8 100 mm \u2013 Voor polijstpads - KEM Europe<\/title>\n<meta name=\"robots\" content=\"index, follow, max-snippet:-1, max-image-preview:large, max-video-preview:-1\" \/>\n<link rel=\"canonical\" href=\"https:\/\/kem-europe.eu\/de\/produkt\/distar-m14-click-lock-pro-100mm-fuer-polierpads\/\" \/>\n<meta property=\"og:locale\" content=\"de_DE\" \/>\n<meta property=\"og:type\" content=\"article\" \/>\n<meta property=\"og:title\" content=\"DiStar M14 Click-Lock Pro \u00d8 100 mm \u2013 Voor polijstpads - KEM Europe\" \/>\n<meta property=\"og:description\" content=\"Werk effici\u00ebnt en bespaar tijd met de Distar Click-Lock Pro!\" \/>\n<meta property=\"og:url\" content=\"https:\/\/kem-europe.eu\/de\/produkt\/distar-m14-click-lock-pro-100mm-fuer-polierpads\/\" \/>\n<meta property=\"og:site_name\" content=\"KEM Europe\" \/>\n<meta property=\"article:modified_time\" content=\"2025-06-16T13:53:37+00:00\" \/>\n<meta property=\"og:image\" content=\"https:\/\/kem-europe.eu\/wp-content\/uploads\/2025\/02\/f8ds0r6k9_0993df3f.jpg\" \/>\n\t<meta property=\"og:image:width\" content=\"700\" \/>\n\t<meta property=\"og:image:height\" content=\"700\" \/>\n\t<meta property=\"og:image:type\" content=\"image\/jpeg\" \/>\n<meta name=\"twitter:card\" content=\"summary_large_image\" \/>\n<meta name=\"twitter:label1\" content=\"Gesch\u00e4tzte Lesezeit\" \/>\n\t<meta name=\"twitter:data1\" content=\"1\u00a0Minute\" \/>\n<script type=\"application\/ld+json\" class=\"yoast-schema-graph\">{\"@context\":\"https:\\\/\\\/schema.org\",\"@graph\":[{\"@type\":\"WebPage\",\"@id\":\"https:\\\/\\\/kem-europe.eu\\\/product\\\/distar-m14-click-lock-pro-o-100-mm-voor-polijstpads\\\/\",\"url\":\"https:\\\/\\\/kem-europe.eu\\\/product\\\/distar-m14-click-lock-pro-o-100-mm-voor-polijstpads\\\/\",\"name\":\"DiStar M14 Click-Lock Pro \u00d8 100 mm \u2013 Voor polijstpads - KEM Europe\",\"isPartOf\":{\"@id\":\"https:\\\/\\\/kem-europe.eu\\\/#website\"},\"primaryImageOfPage\":{\"@id\":\"https:\\\/\\\/kem-europe.eu\\\/product\\\/distar-m14-click-lock-pro-o-100-mm-voor-polijstpads\\\/#primaryimage\"},\"image\":{\"@id\":\"https:\\\/\\\/kem-europe.eu\\\/product\\\/distar-m14-click-lock-pro-o-100-mm-voor-polijstpads\\\/#primaryimage\"},\"thumbnailUrl\":\"https:\\\/\\\/kem-europe.eu\\\/wp-content\\\/uploads\\\/2025\\\/02\\\/f8ds0r6k9_0993df3f.jpg\",\"datePublished\":\"2025-02-27T09:01:20+00:00\",\"dateModified\":\"2025-06-16T13:53:37+00:00\",\"breadcrumb\":{\"@id\":\"https:\\\/\\\/kem-europe.eu\\\/product\\\/distar-m14-click-lock-pro-o-100-mm-voor-polijstpads\\\/#breadcrumb\"},\"inLanguage\":\"de\",\"potentialAction\":[{\"@type\":\"ReadAction\",\"target\":[\"https:\\\/\\\/kem-europe.eu\\\/product\\\/distar-m14-click-lock-pro-o-100-mm-voor-polijstpads\\\/\"]}]},{\"@type\":\"ImageObject\",\"inLanguage\":\"de\",\"@id\":\"https:\\\/\\\/kem-europe.eu\\\/product\\\/distar-m14-click-lock-pro-o-100-mm-voor-polijstpads\\\/#primaryimage\",\"url\":\"https:\\\/\\\/kem-europe.eu\\\/wp-content\\\/uploads\\\/2025\\\/02\\\/f8ds0r6k9_0993df3f.jpg\",\"contentUrl\":\"https:\\\/\\\/kem-europe.eu\\\/wp-content\\\/uploads\\\/2025\\\/02\\\/f8ds0r6k9_0993df3f.jpg\",\"width\":700,\"height\":700},{\"@type\":\"BreadcrumbList\",\"@id\":\"https:\\\/\\\/kem-europe.eu\\\/product\\\/distar-m14-click-lock-pro-o-100-mm-voor-polijstpads\\\/#breadcrumb\",\"itemListElement\":[{\"@type\":\"ListItem\",\"position\":1,\"name\":\"Home\",\"item\":\"https:\\\/\\\/kem-europe.eu\\\/\"},{\"@type\":\"ListItem\",\"position\":2,\"name\":\"Winkel\",\"item\":\"https:\\\/\\\/kem-europe.eu\\\/winkel\\\/\"},{\"@type\":\"ListItem\",\"position\":3,\"name\":\"DiStar M14 Click-Lock Pro \u00d8 100 mm \u2013 Voor polijstpads\"}]},{\"@type\":\"WebSite\",\"@id\":\"https:\\\/\\\/kem-europe.eu\\\/#website\",\"url\":\"https:\\\/\\\/kem-europe.eu\\\/\",\"name\":\"KEM Europe\",\"description\":\"\",\"publisher\":{\"@id\":\"https:\\\/\\\/kem-europe.eu\\\/#organization\"},\"potentialAction\":[{\"@type\":\"SearchAction\",\"target\":{\"@type\":\"EntryPoint\",\"urlTemplate\":\"https:\\\/\\\/kem-europe.eu\\\/?s={search_term_string}\"},\"query-input\":{\"@type\":\"PropertyValueSpecification\",\"valueRequired\":true,\"valueName\":\"search_term_string\"}}],\"inLanguage\":\"de\"},{\"@type\":\"Organization\",\"@id\":\"https:\\\/\\\/kem-europe.eu\\\/#organization\",\"name\":\"KEM Europe\",\"url\":\"https:\\\/\\\/kem-europe.eu\\\/\",\"logo\":{\"@type\":\"ImageObject\",\"inLanguage\":\"de\",\"@id\":\"https:\\\/\\\/kem-europe.eu\\\/#\\\/schema\\\/logo\\\/image\\\/\",\"url\":\"https:\\\/\\\/kem-europe.eu\\\/wp-content\\\/uploads\\\/2025\\\/02\\\/KEM2019-BLACK-1500W.png\",\"contentUrl\":\"https:\\\/\\\/kem-europe.eu\\\/wp-content\\\/uploads\\\/2025\\\/02\\\/KEM2019-BLACK-1500W.png\",\"width\":1500,\"height\":626,\"caption\":\"KEM Europe\"},\"image\":{\"@id\":\"https:\\\/\\\/kem-europe.eu\\\/#\\\/schema\\\/logo\\\/image\\\/\"}}]}<\/script>\n<!-- \/ Yoast SEO plugin. -->","yoast_head_json":{"title":"DiStar M14 Click-Lock Pro \u00d8 100 mm - F\u00fcr Polierpads - KEM Europe","robots":{"index":"index","follow":"follow","max-snippet":"max-snippet:-1","max-image-preview":"max-image-preview:large","max-video-preview":"max-video-preview:-1"},"canonical":"https:\/\/kem-europe.eu\/de\/produkt\/distar-m14-click-lock-pro-100mm-fuer-polierpads\/","og_locale":"de_DE","og_type":"article","og_title":"DiStar M14 Click-Lock Pro \u00d8 100 mm \u2013 Voor polijstpads - KEM Europe","og_description":"Werk effici\u00ebnt en bespaar tijd met de Distar Click-Lock Pro!","og_url":"https:\/\/kem-europe.eu\/de\/produkt\/distar-m14-click-lock-pro-100mm-fuer-polierpads\/","og_site_name":"KEM Europe","article_modified_time":"2025-06-16T13:53:37+00:00","og_image":[{"width":700,"height":700,"url":"https:\/\/kem-europe.eu\/wp-content\/uploads\/2025\/02\/f8ds0r6k9_0993df3f.jpg","type":"image\/jpeg"}],"twitter_card":"summary_large_image","twitter_misc":{"Gesch\u00e4tzte Lesezeit":"1\u00a0Minute"},"schema":{"@context":"https:\/\/schema.org","@graph":[{"@type":"WebPage","@id":"https:\/\/kem-europe.eu\/product\/distar-m14-click-lock-pro-o-100-mm-voor-polijstpads\/","url":"https:\/\/kem-europe.eu\/product\/distar-m14-click-lock-pro-o-100-mm-voor-polijstpads\/","name":"DiStar M14 Click-Lock Pro \u00d8 100 mm - F\u00fcr Polierpads - KEM Europe","isPartOf":{"@id":"https:\/\/kem-europe.eu\/#website"},"primaryImageOfPage":{"@id":"https:\/\/kem-europe.eu\/product\/distar-m14-click-lock-pro-o-100-mm-voor-polijstpads\/#primaryimage"},"image":{"@id":"https:\/\/kem-europe.eu\/product\/distar-m14-click-lock-pro-o-100-mm-voor-polijstpads\/#primaryimage"},"thumbnailUrl":"https:\/\/kem-europe.eu\/wp-content\/uploads\/2025\/02\/f8ds0r6k9_0993df3f.jpg","datePublished":"2025-02-27T09:01:20+00:00","dateModified":"2025-06-16T13:53:37+00:00","breadcrumb":{"@id":"https:\/\/kem-europe.eu\/product\/distar-m14-click-lock-pro-o-100-mm-voor-polijstpads\/#breadcrumb"},"inLanguage":"de","potentialAction":[{"@type":"ReadAction","target":["https:\/\/kem-europe.eu\/product\/distar-m14-click-lock-pro-o-100-mm-voor-polijstpads\/"]}]},{"@type":"ImageObject","inLanguage":"de","@id":"https:\/\/kem-europe.eu\/product\/distar-m14-click-lock-pro-o-100-mm-voor-polijstpads\/#primaryimage","url":"https:\/\/kem-europe.eu\/wp-content\/uploads\/2025\/02\/f8ds0r6k9_0993df3f.jpg","contentUrl":"https:\/\/kem-europe.eu\/wp-content\/uploads\/2025\/02\/f8ds0r6k9_0993df3f.jpg","width":700,"height":700},{"@type":"BreadcrumbList","@id":"https:\/\/kem-europe.eu\/product\/distar-m14-click-lock-pro-o-100-mm-voor-polijstpads\/#breadcrumb","itemListElement":[{"@type":"ListItem","position":1,"name":"Home","item":"https:\/\/kem-europe.eu\/"},{"@type":"ListItem","position":2,"name":"Winkel","item":"https:\/\/kem-europe.eu\/winkel\/"},{"@type":"ListItem","position":3,"name":"DiStar M14 Click-Lock Pro \u00d8 100 mm \u2013 Voor polijstpads"}]},{"@type":"WebSite","@id":"https:\/\/kem-europe.eu\/#website","url":"https:\/\/kem-europe.eu\/","name":"KEM Europe","description":"","publisher":{"@id":"https:\/\/kem-europe.eu\/#organization"},"potentialAction":[{"@type":"SearchAction","target":{"@type":"EntryPoint","urlTemplate":"https:\/\/kem-europe.eu\/?s={search_term_string}"},"query-input":{"@type":"PropertyValueSpecification","valueRequired":true,"valueName":"search_term_string"}}],"inLanguage":"de"},{"@type":"Organization","@id":"https:\/\/kem-europe.eu\/#organization","name":"KEM Europe","url":"https:\/\/kem-europe.eu\/","logo":{"@type":"ImageObject","inLanguage":"de","@id":"https:\/\/kem-europe.eu\/#\/schema\/logo\/image\/","url":"https:\/\/kem-europe.eu\/wp-content\/uploads\/2025\/02\/KEM2019-BLACK-1500W.png","contentUrl":"https:\/\/kem-europe.eu\/wp-content\/uploads\/2025\/02\/KEM2019-BLACK-1500W.png","width":1500,"height":626,"caption":"KEM Europe"},"image":{"@id":"https:\/\/kem-europe.eu\/#\/schema\/logo\/image\/"}}]}},"_links":{"self":[{"href":"https:\/\/kem-europe.eu\/de\/wp-json\/wp\/v2\/product\/3514","targetHints":{"allow":["GET"]}}],"collection":[{"href":"https:\/\/kem-europe.eu\/de\/wp-json\/wp\/v2\/product"}],"about":[{"href":"https:\/\/kem-europe.eu\/de\/wp-json\/wp\/v2\/types\/product"}],"replies":[{"embeddable":true,"href":"https:\/\/kem-europe.eu\/de\/wp-json\/wp\/v2\/comments?post=3514"}],"wp:featuredmedia":[{"embeddable":true,"href":"https:\/\/kem-europe.eu\/de\/wp-json\/wp\/v2\/media\/3582"}],"wp:attachment":[{"href":"https:\/\/kem-europe.eu\/de\/wp-json\/wp\/v2\/media?parent=3514"}],"wp:term":[{"taxonomy":"product_brand","embeddable":true,"href":"https:\/\/kem-europe.eu\/de\/wp-json\/wp\/v2\/product_brand?post=3514"},{"taxonomy":"product_cat","embeddable":true,"href":"https:\/\/kem-europe.eu\/de\/wp-json\/wp\/v2\/product_cat?post=3514"},{"taxonomy":"product_tag","embeddable":true,"href":"https:\/\/kem-europe.eu\/de\/wp-json\/wp\/v2\/product_tag?post=3514"}],"curies":[{"name":"wp","href":"https:\/\/api.w.org\/{rel}","templated":true}]}}